{"id":1053,"date":"2021-12-20T14:07:01","date_gmt":"2021-12-20T13:07:01","guid":{"rendered":"https:\/\/wordpress-test.app.u-pariscite.fr\/science-ouverte\/?page_id=1053"},"modified":"2024-10-01T11:54:55","modified_gmt":"2024-10-01T09:54:55","slug":"contact","status":"publish","type":"page","link":"https:\/\/wordpress-test.app.u-pariscite.fr\/science-ouverte\/contact\/","title":{"rendered":"Contact"},"content":{"rendered":"<p>[et_pb_section bb_built=\u00a0\u00bb1&Prime; _builder_version=\u00a0\u00bb3.22&Prime; next_background_color=\u00a0\u00bb#000000&Prime;][et_pb_row _builder_version=\u00a0\u00bb3.22&Prime;][et_pb_column type=\u00a0\u00bb4_4&Prime;][et_pb_post_title admin_label=\u00a0\u00bbTitre de la page\u00a0\u00bb meta=\u00a0\u00bboff\u00a0\u00bb featured_image=\u00a0\u00bboff\u00a0\u00bb _builder_version=\u00a0\u00bb3.22.1&Prime;]<\/p>\n<p>[\/et_pb_post_title][\/et_pb_column][\/et_pb_row][et_pb_row _builder_version=\u00a0\u00bb3.22.1&Prime; background_size=\u00a0\u00bbinitial\u00a0\u00bb background_position=\u00a0\u00bbtop_left\u00a0\u00bb background_repeat=\u00a0\u00bbrepeat\u00a0\u00bb][et_pb_column type=\u00a0\u00bb4_4&Prime;][et_pb_text admin_label=\u00a0\u00bbintro\u00a0\u00bb module_id=\u00a0\u00bbintro\u00a0\u00bb _builder_version=\u00a0\u00bb3.22.1&Prime; z_index_tablet=\u00a0\u00bb500&Prime; text_text_shadow_horizontal_length=\u00a0\u00bbtext_text_shadow_style,%91object Object%93&Prime; text_text_shadow_vertical_length=\u00a0\u00bbtext_text_shadow_style,%91object Object%93&Prime; text_text_shadow_blur_strength=\u00a0\u00bbtext_text_shadow_style,%91object Object%93&Prime; link_text_shadow_horizontal_length=\u00a0\u00bblink_text_shadow_style,%91object Object%93&Prime; link_text_shadow_vertical_length=\u00a0\u00bblink_text_shadow_style,%91object Object%93&Prime; link_text_shadow_blur_strength=\u00a0\u00bblink_text_shadow_style,%91object Object%93&Prime; ul_text_shadow_horizontal_length=\u00a0\u00bbul_text_shadow_style,%91object Object%93&Prime; ul_text_shadow_vertical_length=\u00a0\u00bbul_text_shadow_style,%91object Object%93&Prime; ul_text_shadow_blur_strength=\u00a0\u00bbul_text_shadow_style,%91object Object%93&Prime; ol_text_shadow_horizontal_length=\u00a0\u00bbol_text_shadow_style,%91object Object%93&Prime; ol_text_shadow_vertical_length=\u00a0\u00bbol_text_shadow_style,%91object Object%93&Prime; ol_text_shadow_blur_strength=\u00a0\u00bbol_text_shadow_style,%91object Object%93&Prime; quote_text_shadow_horizontal_length=\u00a0\u00bbquote_text_shadow_style,%91object Object%93&Prime; quote_text_shadow_vertical_length=\u00a0\u00bbquote_text_shadow_style,%91object Object%93&Prime; quote_text_shadow_blur_strength=\u00a0\u00bbquote_text_shadow_style,%91object Object%93&Prime; header_text_shadow_horizontal_length=\u00a0\u00bbheader_text_shadow_style,%91object Object%93&Prime; header_text_shadow_vertical_length=\u00a0\u00bbheader_text_shadow_style,%91object Object%93&Prime; header_text_shadow_blur_strength=\u00a0\u00bbheader_text_shadow_style,%91object Object%93&Prime; header_2_text_shadow_horizontal_length=\u00a0\u00bbheader_2_text_shadow_style,%91object Object%93&Prime; header_2_text_shadow_vertical_length=\u00a0\u00bbheader_2_text_shadow_style,%91object Object%93&Prime; header_2_text_shadow_blur_strength=\u00a0\u00bbheader_2_text_shadow_style,%91object Object%93&Prime; header_3_text_shadow_horizontal_length=\u00a0\u00bbheader_3_text_shadow_style,%91object Object%93&Prime; header_3_text_shadow_vertical_length=\u00a0\u00bbheader_3_text_shadow_style,%91object Object%93&Prime; header_3_text_shadow_blur_strength=\u00a0\u00bbheader_3_text_shadow_style,%91object Object%93&Prime; header_4_text_shadow_horizontal_length=\u00a0\u00bbheader_4_text_shadow_style,%91object Object%93&Prime; header_4_text_shadow_vertical_length=\u00a0\u00bbheader_4_text_shadow_style,%91object Object%93&Prime; header_4_text_shadow_blur_strength=\u00a0\u00bbheader_4_text_shadow_style,%91object Object%93&Prime; header_5_text_shadow_horizontal_length=\u00a0\u00bbheader_5_text_shadow_style,%91object Object%93&Prime; header_5_text_shadow_vertical_length=\u00a0\u00bbheader_5_text_shadow_style,%91object Object%93&Prime; header_5_text_shadow_blur_strength=\u00a0\u00bbheader_5_text_shadow_style,%91object Object%93&Prime; header_6_text_shadow_horizontal_length=\u00a0\u00bbheader_6_text_shadow_style,%91object Object%93&Prime; header_6_text_shadow_vertical_length=\u00a0\u00bbheader_6_text_shadow_style,%91object Object%93&Prime; header_6_text_shadow_blur_strength=\u00a0\u00bbheader_6_text_shadow_style,%91object Object%93&Prime;]<\/p>\n<p>Pour toute question ou demande relatives aux publications, aux projets \u00e9ditoriaux, au d\u00e9p\u00f4t sur HAL, \u00e0 la gestion des donn\u00e9es de recherche et aux Plans de Gestion de Donn\u00e9es, \u00e0 la politique g\u00e9n\u00e9rale de Science ouverte et aux exigences des financeurs, \u00e0 l&rsquo;accompagnement des projets de recherche, aux Humanit\u00e9s num\u00e9riques, aux formations de niveau recherche, aux logiciels libres, etc contactez les acteurs de la Science ouverte au sein de votre universit\u00e9.<\/p>\n<p>Pour un premier contact ou si vous n&rsquo;avez pas identifi\u00e9 votre interlocuteur, \u00e9crivez-nous via le formulaire de contact ci-contre afin d&rsquo;\u00eatre orient\u00e9 vers le meilleur correspondant.<\/p>\n<p>[\/et_pb_text][\/et_pb_column][\/et_pb_row][et_pb_row _builder_version=\u00a0\u00bb3.22&Prime; background_size=\u00a0\u00bbinitial\u00a0\u00bb background_position=\u00a0\u00bbtop_left\u00a0\u00bb background_repeat=\u00a0\u00bbrepeat\u00a0\u00bb][et_pb_column type=\u00a0\u00bb3_4&Prime;][et_pb_text module_id=\u00a0\u00bbcontenu\u00a0\u00bb _builder_version=\u00a0\u00bb3.22.1&Prime; custom_margin=\u00a0\u00bb0px||\u00a0\u00bb z_index_tablet=\u00a0\u00bb500&Prime; text_text_shadow_horizontal_length=\u00a0\u00bbtext_text_shadow_style,%91object Object%93&Prime; text_text_shadow_vertical_length=\u00a0\u00bbtext_text_shadow_style,%91object Object%93&Prime; text_text_shadow_blur_strength=\u00a0\u00bbtext_text_shadow_style,%91object Object%93&Prime; link_text_shadow_horizontal_length=\u00a0\u00bblink_text_shadow_style,%91object Object%93&Prime; link_text_shadow_vertical_length=\u00a0\u00bblink_text_shadow_style,%91object Object%93&Prime; link_text_shadow_blur_strength=\u00a0\u00bblink_text_shadow_style,%91object Object%93&Prime; ul_text_shadow_horizontal_length=\u00a0\u00bbul_text_shadow_style,%91object Object%93&Prime; ul_text_shadow_vertical_length=\u00a0\u00bbul_text_shadow_style,%91object Object%93&Prime; ul_text_shadow_blur_strength=\u00a0\u00bbul_text_shadow_style,%91object Object%93&Prime; ol_text_shadow_horizontal_length=\u00a0\u00bbol_text_shadow_style,%91object Object%93&Prime; ol_text_shadow_vertical_length=\u00a0\u00bbol_text_shadow_style,%91object Object%93&Prime; ol_text_shadow_blur_strength=\u00a0\u00bbol_text_shadow_style,%91object Object%93&Prime; quote_text_shadow_horizontal_length=\u00a0\u00bbquote_text_shadow_style,%91object Object%93&Prime; quote_text_shadow_vertical_length=\u00a0\u00bbquote_text_shadow_style,%91object Object%93&Prime; quote_text_shadow_blur_strength=\u00a0\u00bbquote_text_shadow_style,%91object Object%93&Prime; header_text_shadow_horizontal_length=\u00a0\u00bbheader_text_shadow_style,%91object Object%93&Prime; header_text_shadow_vertical_length=\u00a0\u00bbheader_text_shadow_style,%91object Object%93&Prime; header_text_shadow_blur_strength=\u00a0\u00bbheader_text_shadow_style,%91object Object%93&Prime; header_2_text_shadow_horizontal_length=\u00a0\u00bbheader_2_text_shadow_style,%91object Object%93&Prime; header_2_text_shadow_vertical_length=\u00a0\u00bbheader_2_text_shadow_style,%91object Object%93&Prime; header_2_text_shadow_blur_strength=\u00a0\u00bbheader_2_text_shadow_style,%91object Object%93&Prime; header_3_text_shadow_horizontal_length=\u00a0\u00bbheader_3_text_shadow_style,%91object Object%93&Prime; header_3_text_shadow_vertical_length=\u00a0\u00bbheader_3_text_shadow_style,%91object Object%93&Prime; header_3_text_shadow_blur_strength=\u00a0\u00bbheader_3_text_shadow_style,%91object Object%93&Prime; header_4_text_shadow_horizontal_length=\u00a0\u00bbheader_4_text_shadow_style,%91object Object%93&Prime; header_4_text_shadow_vertical_length=\u00a0\u00bbheader_4_text_shadow_style,%91object Object%93&Prime; header_4_text_shadow_blur_strength=\u00a0\u00bbheader_4_text_shadow_style,%91object Object%93&Prime; header_5_text_shadow_horizontal_length=\u00a0\u00bbheader_5_text_shadow_style,%91object Object%93&Prime; header_5_text_shadow_vertical_length=\u00a0\u00bbheader_5_text_shadow_style,%91object Object%93&Prime; header_5_text_shadow_blur_strength=\u00a0\u00bbheader_5_text_shadow_style,%91object Object%93&Prime; header_6_text_shadow_horizontal_length=\u00a0\u00bbheader_6_text_shadow_style,%91object Object%93&Prime; header_6_text_shadow_vertical_length=\u00a0\u00bbheader_6_text_shadow_style,%91object Object%93&Prime; header_6_text_shadow_blur_strength=\u00a0\u00bbheader_6_text_shadow_style,%91object Object%93&Prime;]<\/p>\n<h3>SCIENCE OUVERTE (politique g\u00e9n\u00e9rale)<\/h3>\n<h4><strong>MENAGER Micka\u00ebl<br \/><\/strong><\/h4>\n<ul>\n<li>Titre : charg\u00e9 de recherche (CRCN) \u00e0 l\u2019INSERM et directeur de laboratoire \u00e0 l\u2019Institut Imagine (h\u00f4pital Necker, Paris) \u00ab R\u00e9ponses inflammatoires et r\u00e9seaux transcriptomiques dans les maladies \u00bb, \u00e0 l\u2019Institut Imagine (h\u00f4pital Necker, Paris) depuis 2017 et responsable du laboratoire de d\u00e9veloppement technologique Single-Cell@Imagine, depuis 2020.<\/li>\n<li>Fonction : Vice-pr\u00e9sident d\u00e9l\u00e9gue Science ouverte de l&rsquo;universit\u00e9<\/li>\n<li>Domaines : <span aria-hidden=\"true\"><span aria-hidden=\"true\">biologie mol\u00e9culaire, g\u00e9n\u00e9tique, r<\/span><\/span>\u00e9ponses inflammatoires et r\u00e9seaux transcriptomiques dans les maladies\n<div id=\"block-titleblock\" class=\"block block-imagine-specifics block-title-block\">\n<div class=\"heading \">\n<div class=\"heading-inner\">\u00a0<\/div>\n<\/div>\n<\/div>\n<\/li>\n<\/ul>\n<h4><strong>STORNE Catherine<br \/><\/strong><\/h4>\n<ul>\n<li>Titre : Conservatrice en chef des biblioth\u00e8ques<\/li>\n<li>Fonction : Directrice du p\u00f4le Science ouverte et accompagnement \u00e0 la recherche (DBM)<\/li>\n<li>Mail : catherine.storne(@wordpress-test.app.u-pariscite.fr)<\/li>\n<li>Site Grands Moulins<\/li>\n<\/ul>\n<h3>PUBLICATIONS<\/h3>\n<p>OPUS : opus.dbm@wordpress-test.app.u-pariscite.fr<br \/>\u00c9quipe HAL : hal.dbm@listes.wordpress-test.app.u-pariscite.fr\u00a0<\/p>\n<h4><strong>COLPIN Vincent<\/strong><\/h4>\n<ul>\n<li>Fonction : Responsable de la plateforme \u00e9ditoriale OPUS<\/li>\n<li>Domaines d&rsquo;expertise : Science ouverte, \u00e9dition scientifique, journalisme<\/li>\n<li>Mail : vincent.colpin(@wordpress-test.app.u-pariscite.fr)<\/li>\n<li>Site Grands Moulins<\/li>\n<\/ul>\n<h4><strong>GALLET Mathilde<\/strong><\/h4>\n<ul>\n<li>Titre : Biblioth\u00e9caire<\/li>\n<li>Fonction : Administratrice du portail HAL de l&rsquo;universit\u00e9 (DBM)<\/li>\n<li>Domaines d&rsquo;expertise : Science ouverte &amp; Humanit\u00e9s num\u00e9riques<\/li>\n<li>T\u00e9l : 01 57 27 66 85<\/li>\n<li>Mail : mathilde.gallet(@wordpress-test.app.u-pariscite.fr)<\/li>\n<li>Site Grands Moulins<\/li>\n<\/ul>\n<h3>DONN\u00c9ES DE RECHERCHE<\/h3>\n<p>\u00c9quipe PGD\/DMP : donnees.recherche.dbm@listes.wordpress-test.app.u-pariscite.fr<\/p>\n<h4><strong>STORNE Catherine<br \/><\/strong><\/h4>\n<ul>\n<li>Titre : Conservatrice en chef des biblioth\u00e8ques<\/li>\n<li>Fonction : Directrice du p\u00f4le Science ouverte et accompagnement \u00e0 la recherche (DBM)<\/li>\n<li>Mail : catherine.storne(@wordpress-test.app.u-pariscite.fr)<\/li>\n<li>Site Grands Moulins<\/li>\n<\/ul>\n<h4><strong>DION Charlotte<\/strong><\/h4>\n<ul>\n<li>Titre : ing\u00e9nieure d&rsquo;\u00e9tudes<\/li>\n<li>Fonction : R\u00e9f\u00e9rente de la Plateforme Universitaire des Donn\u00e9es de la TGIR Progedo au sein du Centre des Humanit\u00e9s Num\u00e9riques des Grands Moulins (Facult\u00e9 Soci\u00e9t\u00e9s &amp; Humanit\u00e9s \/ DBM)<\/li>\n<li>Domaines d&rsquo;expertise : Donn\u00e9es quantitatives en sciences sociales et sant\u00e9 publique, enqu\u00eates de la statistique publique, langage R, Plans de Gestion de Donn\u00e9es<\/li>\n<li>T\u00e9l : 01 57 27 66 39<\/li>\n<li>Mail : charlotte.dion(@wordpress-test.app.u-pariscite.fr)<\/li>\n<\/ul>\n<h4><strong>MPOULI Suzanne<br \/><\/strong><\/h4>\n<ul>\n<li>Titre : ing\u00e9nieure d&rsquo;\u00e9tudes, PhD<\/li>\n<li>Fonction : Correspondante de la TGIR Huma-Num au sein du Centre des Humanit\u00e9s Num\u00e9riques des Grands Moulins (Facult\u00e9 Soci\u00e9t\u00e9s &amp; Humanit\u00e9s \/ DBM)<\/li>\n<li>Domaines d&rsquo;expertise : Fouille de textes et de donn\u00e9es \/ Text and Data Mining, stylom\u00e9trie, accompagnement de projets en Humanit\u00e9s num\u00e9riques, Plans de Gestion de Donn\u00e9es<\/li>\n<li>T\u00e9l : 01 57 27 66 96<\/li>\n<li>Mail : suzanne.mpouli(@wordpress-test.app.u-pariscite.fr)<\/li>\n<\/ul>\n<h4><strong>RULLIER Benjamin<\/strong><\/h4>\n<ul>\n<li>Titre : ing\u00e9nieur d&rsquo;\u00e9tudes<\/li>\n<li>Fonction : Responsable du d\u00e9partement des archives (DGDAJ)<\/li>\n<li>Domaines d&rsquo;expertise : Plans de gestion de donn\u00e9es, conservation et archivage p\u00e9renne des donn\u00e9es, conseil en gestion documentaire<\/li>\n<li>T\u00e9l : 01 76 53 16 21<\/li>\n<li>Mail : benjamin.rullier(@wordpress-test.app.u-pariscite.fr)<\/li>\n<\/ul>\n<h3>DONN\u00c9ES \u00c0 CARACT\u00c8RE PERSONNEL \/ RGPD<\/h3>\n<h4>D\u00e9l\u00e9gu\u00e9.e \u00e0 la protection des donn\u00e9es (DPD\/DPO) : dpo[@]wordpress-test.app.u-pariscite.fr<\/h4>\n<h3>LOGICIELS<\/h3>\n<h4><strong>KHELIFI, Bruno<\/strong><\/h4>\n<ul>\n<li>Titre : Chercheur en astrophysique (CNRS) UMR 7164 APC Astroparticule et Cosmologie<\/li>\n<li>Fonction : <a href=\"https:\/\/www.softwareheritage.org\/2021\/05\/27\/2nd-software-heritage-ambassador\/?lang=fr\" target=\"_blank\" rel=\"noopener noreferrer\">ambassadeur Sotfware Heritage<\/a>, r\u00e9f\u00e9rent Science ouverte de l&rsquo;UMR 7164 APC Astroparticule et Cosmologie<\/li>\n<li>Domaines d&rsquo;expertise : astrophysique des rayons gamma \u00e0 tr\u00e8s haute \u00e9nergie, d\u00e9veloppement de logiciels libres en Python et publication de donn\u00e9es ouvertes<\/li>\n<li>T\u00e9l : 01 57 27 61 58\u00a0<\/li>\n<li>Mail : khelifi(@in2p3.fr )<\/li>\n<\/ul>\n<h4><strong>POULAIN Pierre<\/strong><\/h4>\n<ul>\n<li>Titre : Ma\u00eetre de conf\u00e9rence en bioinformatique (institut Jacques Monod)<\/li>\n<li>Fonction : <a href=\"https:\/\/www.softwareheritage.org\/2021\/04\/29\/first-ambassador\/?lang=fr\" target=\"_blank\" rel=\"noopener noreferrer\">ambassadeur Software Heritage<\/a><\/li>\n<li>Domaines d&rsquo;expertise : M\u00e9thodes et algorithmes d&rsquo;analyse de donn\u00e9es en spectom\u00e9trie de masse, programmation <span aria-hidden=\"true\">Python, Unix, Bash shell, pilotage de projets Science ouverte en bioinformatique<\/span><\/li>\n<li>Mail : pierre.poulain[@]wordpress-test.app.u-pariscite.fr<\/li>\n<\/ul>\n<h4><strong>STOEHR Thierry<\/strong><\/h4>\n<ul>\n<li>Titre : BIATSS (Technicien)<\/li>\n<li>Fonction : Coordinateur p\u00e9dagogique ; promotion des logiciels libres<\/li>\n<li>Domaines d&rsquo;expertise : Logiciels libres<\/li>\n<li>T\u00e9l : 01 57 27 59 72<\/li>\n<li>Mail : thierry.stoehr(@wordpress-test.app.u-pariscite.fr)<\/li>\n<\/ul>\n<p>[\/et_pb_text][\/et_pb_column][et_pb_column type=\u00a0\u00bb1_4&Prime;][et_pb_divider _builder_version=\u00a0\u00bb3.22.1&Prime; show_divider=\u00a0\u00bboff\u00a0\u00bb z_index_tablet=\u00a0\u00bb500&Prime; custom_margin=\u00a0\u00bb10px|||\u00a0\u00bb \/][et_pb_text _builder_version=\u00a0\u00bb3.22.1&Prime; z_index_tablet=\u00a0\u00bb500&Prime; link_option_url=\u00a0\u00bbhttps:\/\/wordpress-test.app.u-pariscite.fr\/science-ouverte\/nous-ecrire\/\u00a0\u00bb background_color=\u00a0\u00bb#8a1538&Prime; header_4_text_color=\u00a0\u00bb#ffffff\u00a0\u00bb custom_padding=\u00a0\u00bb1px||-5px|10px\u00a0\u00bb text_text_shadow_horizontal_length=\u00a0\u00bbtext_text_shadow_style,%91object Object%93&Prime; text_text_shadow_vertical_length=\u00a0\u00bbtext_text_shadow_style,%91object Object%93&Prime; text_text_shadow_blur_strength=\u00a0\u00bbtext_text_shadow_style,%91object Object%93&Prime; link_text_shadow_horizontal_length=\u00a0\u00bblink_text_shadow_style,%91object Object%93&Prime; link_text_shadow_vertical_length=\u00a0\u00bblink_text_shadow_style,%91object Object%93&Prime; link_text_shadow_blur_strength=\u00a0\u00bblink_text_shadow_style,%91object Object%93&Prime; ul_text_shadow_horizontal_length=\u00a0\u00bbul_text_shadow_style,%91object Object%93&Prime; ul_text_shadow_vertical_length=\u00a0\u00bbul_text_shadow_style,%91object Object%93&Prime; ul_text_shadow_blur_strength=\u00a0\u00bbul_text_shadow_style,%91object Object%93&Prime; ol_text_shadow_horizontal_length=\u00a0\u00bbol_text_shadow_style,%91object Object%93&Prime; ol_text_shadow_vertical_length=\u00a0\u00bbol_text_shadow_style,%91object Object%93&Prime; ol_text_shadow_blur_strength=\u00a0\u00bbol_text_shadow_style,%91object Object%93&Prime; quote_text_shadow_horizontal_length=\u00a0\u00bbquote_text_shadow_style,%91object Object%93&Prime; quote_text_shadow_vertical_length=\u00a0\u00bbquote_text_shadow_style,%91object Object%93&Prime; quote_text_shadow_blur_strength=\u00a0\u00bbquote_text_shadow_style,%91object Object%93&Prime; header_text_shadow_horizontal_length=\u00a0\u00bbheader_text_shadow_style,%91object Object%93&Prime; header_text_shadow_vertical_length=\u00a0\u00bbheader_text_shadow_style,%91object Object%93&Prime; header_text_shadow_blur_strength=\u00a0\u00bbheader_text_shadow_style,%91object Object%93&Prime; header_2_text_shadow_horizontal_length=\u00a0\u00bbheader_2_text_shadow_style,%91object Object%93&Prime; header_2_text_shadow_vertical_length=\u00a0\u00bbheader_2_text_shadow_style,%91object Object%93&Prime; header_2_text_shadow_blur_strength=\u00a0\u00bbheader_2_text_shadow_style,%91object Object%93&Prime; header_3_text_shadow_horizontal_length=\u00a0\u00bbheader_3_text_shadow_style,%91object Object%93&Prime; header_3_text_shadow_vertical_length=\u00a0\u00bbheader_3_text_shadow_style,%91object Object%93&Prime; header_3_text_shadow_blur_strength=\u00a0\u00bbheader_3_text_shadow_style,%91object Object%93&Prime; header_4_text_shadow_horizontal_length=\u00a0\u00bbheader_4_text_shadow_style,%91object Object%93&Prime; header_4_text_shadow_vertical_length=\u00a0\u00bbheader_4_text_shadow_style,%91object Object%93&Prime; header_4_text_shadow_blur_strength=\u00a0\u00bbheader_4_text_shadow_style,%91object Object%93&Prime; header_5_text_shadow_horizontal_length=\u00a0\u00bbheader_5_text_shadow_style,%91object Object%93&Prime; header_5_text_shadow_vertical_length=\u00a0\u00bbheader_5_text_shadow_style,%91object Object%93&Prime; header_5_text_shadow_blur_strength=\u00a0\u00bbheader_5_text_shadow_style,%91object Object%93&Prime; header_6_text_shadow_horizontal_length=\u00a0\u00bbheader_6_text_shadow_style,%91object Object%93&Prime; header_6_text_shadow_vertical_length=\u00a0\u00bbheader_6_text_shadow_style,%91object Object%93&Prime; header_6_text_shadow_blur_strength=\u00a0\u00bbheader_6_text_shadow_style,%91object Object%93&Prime; border_radii=\u00a0\u00bbon|10px|10px|10px|10px\u00a0\u00bb]<\/p>\n<h4><b>Contact :<\/p>\n<p>&gt;\u00a0<a href=\"mailto:recherche.dbm@listes.wordpress-test.app.u-pariscite.fr\" target=\"_blank\" rel=\"noopener noreferrer\"><u>recherche.dbm@listes.wordpress-test.app.u-pariscite.fr<\/u><\/a><\/b><\/h4>\n<p>[\/et_pb_text][\/et_pb_column][\/et_pb_row][\/et_pb_section][et_pb_section bb_built=\u00a0\u00bb1&Prime; _builder_version=\u00a0\u00bb3.22&Prime; custom_padding=\u00a0\u00bb0px||0px|\u00a0\u00bb prev_background_color=\u00a0\u00bb#000000&Prime;][et_pb_row _builder_version=\u00a0\u00bb3.22&Prime;][et_pb_column type=\u00a0\u00bb4_4&Prime;][et_pb_text admin_label=\u00a0\u00bbArticles similaires\u00a0\u00bb _builder_version=\u00a0\u00bb3.22.1&Prime; custom_margin=\u00a0\u00bb70px||\u00a0\u00bb]<\/p>\n<h2><span class=\"st\">\u00c0<\/span> lire aussi<\/h2>\n<p>[\/et_pb_text][et_pb_blog posts_number=\u00a0\u00bb4&Prime; include_categories=\u00a0\u00bb1,13&Prime; show_author=\u00a0\u00bboff\u00a0\u00bb show_date=\u00a0\u00bboff\u00a0\u00bb show_pagination=\u00a0\u00bboff\u00a0\u00bb module_id=\u00a0\u00bbpage_type_blog\u00a0\u00bb _builder_version=\u00a0\u00bb3.22.1&Prime; header_level=\u00a0\u00bbh4&Prime; border_width_bottom_fullwidth=\u00a0\u00bb1px\u00a0\u00bb border_color_bottom_fullwidth=\u00a0\u00bbrgba(51,51,51,0.18)\u00a0\u00bb custom_padding=\u00a0\u00bb||50px|\u00a0\u00bb z_index_tablet=\u00a0\u00bb500&Prime; text_shadow_horizontal_length=\u00a0\u00bbtext_shadow_style,%91object Object%93&Prime; text_shadow_vertical_length=\u00a0\u00bbtext_shadow_style,%91object Object%93&Prime; text_shadow_blur_strength=\u00a0\u00bbtext_shadow_style,%91object Object%93&Prime; header_text_shadow_horizontal_length=\u00a0\u00bbheader_text_shadow_style,%91object Object%93&Prime; header_text_shadow_vertical_length=\u00a0\u00bbheader_text_shadow_style,%91object Object%93&Prime; header_text_shadow_blur_strength=\u00a0\u00bbheader_text_shadow_style,%91object Object%93&Prime; body_text_shadow_horizontal_length=\u00a0\u00bbbody_text_shadow_style,%91object Object%93&Prime; body_text_shadow_vertical_length=\u00a0\u00bbbody_text_shadow_style,%91object Object%93&Prime; body_text_shadow_blur_strength=\u00a0\u00bbbody_text_shadow_style,%91object Object%93&Prime; meta_text_shadow_horizontal_length=\u00a0\u00bbmeta_text_shadow_style,%91object Object%93&Prime; meta_text_shadow_vertical_length=\u00a0\u00bbmeta_text_shadow_style,%91object Object%93&Prime; meta_text_shadow_blur_strength=\u00a0\u00bbmeta_text_shadow_style,%91object Object%93&Prime; pagination_text_shadow_horizontal_length=\u00a0\u00bbpagination_text_shadow_style,%91object Object%93&Prime; pagination_text_shadow_vertical_length=\u00a0\u00bbpagination_text_shadow_style,%91object Object%93&Prime; pagination_text_shadow_blur_strength=\u00a0\u00bbpagination_text_shadow_style,%91object Object%93&Prime;]<\/p>\n<p>[\/et_pb_blog][\/et_pb_column][\/et_pb_row][\/et_pb_section]<\/p>\n","protected":false},"excerpt":{"rendered":"<p>Pour toute question ou demande relatives aux publications, aux projets \u00e9ditoriaux, au d\u00e9p\u00f4t sur HAL, \u00e0 la gestion des donn\u00e9es de recherche et aux Plans de Gestion de Donn\u00e9es, \u00e0 la politique g\u00e9n\u00e9rale de Science ouverte et aux exigences des financeurs, \u00e0 l&rsquo;accompagnement des projets de recherche, aux Humanit\u00e9s num\u00e9riques, aux formations de niveau recherche,&hellip; <a class=\"continue\" href=\"https:\/\/wordpress-test.app.u-pariscite.fr\/science-ouverte\/contact\/\">Lire la suite<span> Contact<\/span><\/a><\/p>\n","protected":false},"author":4,"featured_media":0,"parent":0,"menu_order":0,"comment_status":"closed","ping_status":"closed","template":"","meta":{"_et_pb_use_builder":"on","_et_pb_old_content":"","_et_gb_content_width":"","footnotes":""},"class_list":["post-1053","page","type-page","status-publish","hentry"],"_links":{"self":[{"href":"https:\/\/wordpress-test.app.u-pariscite.fr\/science-ouverte\/wp-json\/wp\/v2\/pages\/1053","targetHints":{"allow":["GET"]}}],"collection":[{"href":"https:\/\/wordpress-test.app.u-pariscite.fr\/science-ouverte\/wp-json\/wp\/v2\/pages"}],"about":[{"href":"https:\/\/wordpress-test.app.u-pariscite.fr\/science-ouverte\/wp-json\/wp\/v2\/types\/page"}],"author":[{"embeddable":true,"href":"https:\/\/wordpress-test.app.u-pariscite.fr\/science-ouverte\/wp-json\/wp\/v2\/users\/4"}],"replies":[{"embeddable":true,"href":"https:\/\/wordpress-test.app.u-pariscite.fr\/science-ouverte\/wp-json\/wp\/v2\/comments?post=1053"}],"version-history":[{"count":41,"href":"https:\/\/wordpress-test.app.u-pariscite.fr\/science-ouverte\/wp-json\/wp\/v2\/pages\/1053\/revisions"}],"predecessor-version":[{"id":2144,"href":"https:\/\/wordpress-test.app.u-pariscite.fr\/science-ouverte\/wp-json\/wp\/v2\/pages\/1053\/revisions\/2144"}],"wp:attachment":[{"href":"https:\/\/wordpress-test.app.u-pariscite.fr\/science-ouverte\/wp-json\/wp\/v2\/media?parent=1053"}],"curies":[{"name":"wp","href":"https:\/\/api.w.org\/{rel}","templated":true}]}}