{"id":9135,"date":"2022-03-03T15:40:36","date_gmt":"2022-03-03T14:40:36","guid":{"rendered":"https:\/\/wordpress-test.app.u-pariscite.fr\/sante\/?page_id=9135"},"modified":"2023-06-26T15:00:15","modified_gmt":"2023-06-26T13:00:15","slug":"candidatures-et-inscriptions-orthoptie","status":"publish","type":"page","link":"https:\/\/wordpress-test.app.u-pariscite.fr\/sante\/candidatures-et-inscriptions-orthoptie\/","title":{"rendered":"Candidatures et inscriptions &#8211; Orthoptie"},"content":{"rendered":"<p>[et_pb_section bb_built=\u00a0\u00bb1&Prime; _builder_version=\u00a0\u00bb3.22&Prime; next_background_color=\u00a0\u00bb#000000&Prime;][et_pb_row _builder_version=\u00a0\u00bb3.22&Prime; background_size=\u00a0\u00bbinitial\u00a0\u00bb background_position=\u00a0\u00bbtop_left\u00a0\u00bb background_repeat=\u00a0\u00bbrepeat\u00a0\u00bb][et_pb_column type=\u00a0\u00bb4_4&Prime;][et_pb_post_title admin_label=\u00a0\u00bbTitre de la page\u00a0\u00bb meta=\u00a0\u00bboff\u00a0\u00bb featured_image=\u00a0\u00bboff\u00a0\u00bb _builder_version=\u00a0\u00bb3.19.11&Prime;]<\/p>\n<p>[\/et_pb_post_title][\/et_pb_column][\/et_pb_row][et_pb_row _builder_version=\u00a0\u00bb3.22&Prime; background_size=\u00a0\u00bbinitial\u00a0\u00bb background_position=\u00a0\u00bbtop_left\u00a0\u00bb background_repeat=\u00a0\u00bbrepeat\u00a0\u00bb][et_pb_column type=\u00a0\u00bb3_4&Prime;][et_pb_text admin_label=\u00a0\u00bbIntro\u00a0\u00bb module_id=\u00a0\u00bbintro\u00a0\u00bb _builder_version=\u00a0\u00bb3.22.1&Prime; z_index_tablet=\u00a0\u00bb500&Prime;]<\/p>\n<p>[\/et_pb_text][\/et_pb_column][et_pb_column type=\u00a0\u00bb1_4&Prime;][\/et_pb_column][\/et_pb_row][et_pb_row module_id=\u00a0\u00bbimage-page-type\u00a0\u00bb _builder_version=\u00a0\u00bb3.22&Prime;][et_pb_column type=\u00a0\u00bb3_4&Prime;][et_pb_image admin_label=\u00a0\u00bbImage 1920 x 1080&Prime; src=\u00a0\u00bbhttps:\/\/wordpress-test.app.u-pariscite.fr\/sante\/wp-content\/uploads\/sites\/19\/2021\/07\/LAS.png\u00a0\u00bb module_id=\u00a0\u00bbimage-page\u00a0\u00bb _builder_version=\u00a0\u00bb3.22.1&Prime; z_index_tablet=\u00a0\u00bb500&Prime;]<\/p>\n<p>[\/et_pb_image][\/et_pb_column][et_pb_column type=\u00a0\u00bb1_4&Prime;][et_pb_text admin_label=\u00a0\u00bbTexte image\u00a0\u00bb module_id=\u00a0\u00bbtexte-image\u00a0\u00bb _builder_version=\u00a0\u00bb3.22.1&Prime; custom_margin=\u00a0\u00bb|-15px||\u00a0\u00bb z_index_tablet=\u00a0\u00bb500&Prime;]<\/p>\n<p>[\/et_pb_text][\/et_pb_column][\/et_pb_row][et_pb_row _builder_version=\u00a0\u00bb3.22.1&Prime; background_size=\u00a0\u00bbinitial\u00a0\u00bb background_position=\u00a0\u00bbtop_left\u00a0\u00bb background_repeat=\u00a0\u00bbrepeat\u00a0\u00bb custom_margin=\u00a0\u00bb50px||\u00a0\u00bb][et_pb_column type=\u00a0\u00bb3_4&Prime;][et_pb_toggle admin_label=\u00a0\u00bbConditions d&rsquo;admission\u00a0\u00bb title=\u00a0\u00bbConditions d&rsquo;admission\u00a0\u00bb _builder_version=\u00a0\u00bb3.22.1&Prime; z_index_tablet=\u00a0\u00bb500&Prime;]<\/p>\n<p>Admission par <a href=\"https:\/\/www.parcoursup.fr\" target=\"_blank\" rel=\"noopener noreferrer\">Parcoursup<\/a> depuis le 1er janvier 2020.<\/p>\n<ul>\n<li><strong>1\u00e8re phase\u00a0:<\/strong> \u00c9tude du dossier\u00a0: Analyse du parcours\u00a0: bulletins de notes obtenues au lyc\u00e9e et appr\u00e9ciations, notes du baccalaur\u00e9at et mention. Analyse du parcours professionnel si reconversion professionnelle. \u00c9valuation de la motivation du candidat par analyse du projet de formation motiv\u00e9 et des diff\u00e9rents moyens mis en \u0153uvre pour se renseigner sur la formation et la profession d\u2019orthoptiste.<\/li>\n<li><strong>2e phase\u00a0:<\/strong> Entretien Oral de motivation apr\u00e8s admission \u00e0 la premi\u00e8re phase<\/li>\n<\/ul>\n<p>[\/et_pb_toggle][et_pb_toggle admin_label=\u00a0\u00bbAttendus\u00a0\u00bb title=\u00a0\u00bbAttendus\u00a0\u00bb _builder_version=\u00a0\u00bb3.22.1&Prime; z_index_tablet=\u00a0\u00bb500&Prime;]<\/p>\n<ul>\n<li>App\u00e9tences pour les formations dans le domaine de la sant\u00e9 ;<\/li>\n<li>Int\u00e9r\u00eat pour les technologies m\u00e9dicales, leur \u00e9volution et leur int\u00e9gration dans les protocoles de soins ;<\/li>\n<li>Curiosit\u00e9 scientifique, capacit\u00e9 \u00e0 organiser et \u00e0 conduire ses apprentissages : avoir une rigueur d\u2019analyse, savoir extraire les informations, les formaliser et les restituer dans un contexte g\u00e9n\u00e9ral ;<\/li>\n<li>Capacit\u00e9 \u00e0 communiquer en fran\u00e7ais, \u00e0 l\u2019\u00e9crit et \u00e0 l\u2019oral, de mani\u00e8re rigoureuse et adapt\u00e9e ;<\/li>\n<li>Comp\u00e9tences relationnelles et qualit\u00e9s humaines ;<\/li>\n<li>Accueil, \u00e9coute, communication permettant d&rsquo;adapter son discours et sa posture \u00e0 la situation et aux interlocuteurs (patient, \u00e9quipe m\u00e9dicale et param\u00e9dicale.S\u2019inscrire dans une dynamique de travail en \u00e9quipe, \u00e9coute, empathie, bienveillance ;<\/li>\n<li>Capacit\u00e9 \u00e0 fournir une importante quantit\u00e9 de travail personnel ;<\/li>\n<li>Pouvoir travailler de fa\u00e7on autonome, organiser et planifier son travail en respectant la programmation.<\/li>\n<\/ul>\n<p>[\/et_pb_toggle][et_pb_toggle admin_label=\u00a0\u00bbModalit\u00e9s de candidature\u00a0\u00bb title=\u00a0\u00bbModalit\u00e9s de candidature\u00a0\u00bb _builder_version=\u00a0\u00bb3.22.1&Prime; z_index_tablet=\u00a0\u00bb500&Prime;]<\/p>\n<p>Candidater sur la plateforme <a href=\"https:\/\/www.parcoursup.fr\" target=\"_blank\" rel=\"noopener noreferrer\">Parcoursup<\/a>.<\/p>\n<p>Sur Parcoursup saisir dans la barre de recherche saisir ORTHOPTIE puis trouver l\u2019onglet : \u00ab Unit\u00e9 de formation et de recherche facult\u00e9 de m\u00e9decine &#8211; Universit\u00e9 Paris Cit\u00e9 (Paris 6e Arrondissement &#8211; 75) Certificat de capacit\u00e9 d&rsquo;Orthoptiste \u00bb.<\/p>\n<p>[\/et_pb_toggle][et_pb_button admin_label=\u00a0\u00bbbouton &#8211; lire la suite\u00a0\u00bb button_url=\u00a0\u00bbhttps:\/\/odf.wordpress-test.app.u-pariscite.fr\/fr\/offre-de-formation\/diplome-d-etat-DE\/sciences-technologies-sante-STS\/certificat-de-capacite-d-orthoptie-K621EAIC.html\u00a0\u00bb button_text=\u00a0\u00bbEn savoir +\u00a0\u00bb button_alignment=\u00a0\u00bbleft\u00a0\u00bb _builder_version=\u00a0\u00bb3.22.1&Prime; custom_button=\u00a0\u00bbon\u00a0\u00bb button_text_color=\u00a0\u00bb#ffffff\u00a0\u00bb button_bg_color=\u00a0\u00bb#8a1538&Prime; button_border_width=\u00a0\u00bb2&Prime; button_border_color=\u00a0\u00bb#8a1538&Prime; button_border_radius=\u00a0\u00bb26&Prime; button_icon=\u00a0\u00bb%%20%%\u00a0\u00bb button_icon_color=\u00a0\u00bb#ffffff\u00a0\u00bb button_on_hover=\u00a0\u00bboff\u00a0\u00bb background_layout=\u00a0\u00bbdark\u00a0\u00bb z_index_tablet=\u00a0\u00bb500&Prime; custom_css_after=\u00a0\u00bbmargin-left: 0!important;\u00a0\u00bb saved_tabs=\u00a0\u00bball\u00a0\u00bb background_layout__hover_enabled=\u00a0\u00bbon\u00a0\u00bb background_layout__hover=\u00a0\u00bblight\u00a0\u00bb button_bg_color__hover_enabled=\u00a0\u00bbon\u00a0\u00bb button_bg_color__hover=\u00a0\u00bb#ffffff\u00a0\u00bb button_icon_color__hover_enabled=\u00a0\u00bbon\u00a0\u00bb button_icon_color__hover=\u00a0\u00bb#8A1538&Prime; button_text_color__hover_enabled=\u00a0\u00bbon\u00a0\u00bb button_text_color__hover=\u00a0\u00bb#8A1538&Prime; custom_css_after__hover_enabled=\u00a0\u00bbon\u00a0\u00bb custom_css_after__hover=\u00a0\u00bbmargin-left: 0!important;\u00a0\u00bb]<\/p>\n<p>[\/et_pb_button][et_pb_text admin_label=\u00a0\u00bbInscriptions\u00a0\u00bb _builder_version=\u00a0\u00bb3.22.1&Prime; text_text_shadow_horizontal_length=\u00a0\u00bbtext_text_shadow_style,%91object Object%93&Prime; text_text_shadow_vertical_length=\u00a0\u00bbtext_text_shadow_style,%91object Object%93&Prime; text_text_shadow_blur_strength=\u00a0\u00bbtext_text_shadow_style,%91object Object%93&Prime; link_text_shadow_horizontal_length=\u00a0\u00bblink_text_shadow_style,%91object Object%93&Prime; link_text_shadow_vertical_length=\u00a0\u00bblink_text_shadow_style,%91object Object%93&Prime; link_text_shadow_blur_strength=\u00a0\u00bblink_text_shadow_style,%91object Object%93&Prime; ul_text_shadow_horizontal_length=\u00a0\u00bbul_text_shadow_style,%91object Object%93&Prime; ul_text_shadow_vertical_length=\u00a0\u00bbul_text_shadow_style,%91object Object%93&Prime; ul_text_shadow_blur_strength=\u00a0\u00bbul_text_shadow_style,%91object Object%93&Prime; ol_text_shadow_horizontal_length=\u00a0\u00bbol_text_shadow_style,%91object Object%93&Prime; ol_text_shadow_vertical_length=\u00a0\u00bbol_text_shadow_style,%91object Object%93&Prime; ol_text_shadow_blur_strength=\u00a0\u00bbol_text_shadow_style,%91object Object%93&Prime; quote_text_shadow_horizontal_length=\u00a0\u00bbquote_text_shadow_style,%91object Object%93&Prime; quote_text_shadow_vertical_length=\u00a0\u00bbquote_text_shadow_style,%91object Object%93&Prime; quote_text_shadow_blur_strength=\u00a0\u00bbquote_text_shadow_style,%91object Object%93&Prime; header_text_shadow_horizontal_length=\u00a0\u00bbheader_text_shadow_style,%91object Object%93&Prime; header_text_shadow_vertical_length=\u00a0\u00bbheader_text_shadow_style,%91object Object%93&Prime; header_text_shadow_blur_strength=\u00a0\u00bbheader_text_shadow_style,%91object Object%93&Prime; header_2_text_shadow_horizontal_length=\u00a0\u00bbheader_2_text_shadow_style,%91object Object%93&Prime; header_2_text_shadow_vertical_length=\u00a0\u00bbheader_2_text_shadow_style,%91object Object%93&Prime; header_2_text_shadow_blur_strength=\u00a0\u00bbheader_2_text_shadow_style,%91object Object%93&Prime; header_3_text_shadow_horizontal_length=\u00a0\u00bbheader_3_text_shadow_style,%91object Object%93&Prime; header_3_text_shadow_vertical_length=\u00a0\u00bbheader_3_text_shadow_style,%91object Object%93&Prime; header_3_text_shadow_blur_strength=\u00a0\u00bbheader_3_text_shadow_style,%91object Object%93&Prime; header_4_text_shadow_horizontal_length=\u00a0\u00bbheader_4_text_shadow_style,%91object Object%93&Prime; header_4_text_shadow_vertical_length=\u00a0\u00bbheader_4_text_shadow_style,%91object Object%93&Prime; header_4_text_shadow_blur_strength=\u00a0\u00bbheader_4_text_shadow_style,%91object Object%93&Prime; header_5_text_shadow_horizontal_length=\u00a0\u00bbheader_5_text_shadow_style,%91object Object%93&Prime; header_5_text_shadow_vertical_length=\u00a0\u00bbheader_5_text_shadow_style,%91object Object%93&Prime; header_5_text_shadow_blur_strength=\u00a0\u00bbheader_5_text_shadow_style,%91object Object%93&Prime; header_6_text_shadow_horizontal_length=\u00a0\u00bbheader_6_text_shadow_style,%91object Object%93&Prime; header_6_text_shadow_vertical_length=\u00a0\u00bbheader_6_text_shadow_style,%91object Object%93&Prime; header_6_text_shadow_blur_strength=\u00a0\u00bbheader_6_text_shadow_style,%91object Object%93&Prime; z_index_tablet=\u00a0\u00bb500&Prime;]<\/p>\n<h2>Inscriptions<\/h2>\n<p>[\/et_pb_text][et_pb_text admin_label=\u00a0\u00bbInscriptions\u00a0\u00bb _builder_version=\u00a0\u00bb3.22.1&Prime; text_text_shadow_horizontal_length=\u00a0\u00bbtext_text_shadow_style,%91object Object%93&Prime; text_text_shadow_vertical_length=\u00a0\u00bbtext_text_shadow_style,%91object Object%93&Prime; text_text_shadow_blur_strength=\u00a0\u00bbtext_text_shadow_style,%91object Object%93&Prime; link_text_shadow_horizontal_length=\u00a0\u00bblink_text_shadow_style,%91object Object%93&Prime; link_text_shadow_vertical_length=\u00a0\u00bblink_text_shadow_style,%91object Object%93&Prime; link_text_shadow_blur_strength=\u00a0\u00bblink_text_shadow_style,%91object Object%93&Prime; ul_text_shadow_horizontal_length=\u00a0\u00bbul_text_shadow_style,%91object Object%93&Prime; ul_text_shadow_vertical_length=\u00a0\u00bbul_text_shadow_style,%91object Object%93&Prime; ul_text_shadow_blur_strength=\u00a0\u00bbul_text_shadow_style,%91object Object%93&Prime; ol_text_shadow_horizontal_length=\u00a0\u00bbol_text_shadow_style,%91object Object%93&Prime; ol_text_shadow_vertical_length=\u00a0\u00bbol_text_shadow_style,%91object Object%93&Prime; ol_text_shadow_blur_strength=\u00a0\u00bbol_text_shadow_style,%91object Object%93&Prime; quote_text_shadow_horizontal_length=\u00a0\u00bbquote_text_shadow_style,%91object Object%93&Prime; quote_text_shadow_vertical_length=\u00a0\u00bbquote_text_shadow_style,%91object Object%93&Prime; quote_text_shadow_blur_strength=\u00a0\u00bbquote_text_shadow_style,%91object Object%93&Prime; header_text_shadow_horizontal_length=\u00a0\u00bbheader_text_shadow_style,%91object Object%93&Prime; header_text_shadow_vertical_length=\u00a0\u00bbheader_text_shadow_style,%91object Object%93&Prime; header_text_shadow_blur_strength=\u00a0\u00bbheader_text_shadow_style,%91object Object%93&Prime; header_2_text_shadow_horizontal_length=\u00a0\u00bbheader_2_text_shadow_style,%91object Object%93&Prime; header_2_text_shadow_vertical_length=\u00a0\u00bbheader_2_text_shadow_style,%91object Object%93&Prime; header_2_text_shadow_blur_strength=\u00a0\u00bbheader_2_text_shadow_style,%91object Object%93&Prime; header_3_text_shadow_horizontal_length=\u00a0\u00bbheader_3_text_shadow_style,%91object Object%93&Prime; header_3_text_shadow_vertical_length=\u00a0\u00bbheader_3_text_shadow_style,%91object Object%93&Prime; header_3_text_shadow_blur_strength=\u00a0\u00bbheader_3_text_shadow_style,%91object Object%93&Prime; header_4_text_shadow_horizontal_length=\u00a0\u00bbheader_4_text_shadow_style,%91object Object%93&Prime; header_4_text_shadow_vertical_length=\u00a0\u00bbheader_4_text_shadow_style,%91object Object%93&Prime; header_4_text_shadow_blur_strength=\u00a0\u00bbheader_4_text_shadow_style,%91object Object%93&Prime; header_5_text_shadow_horizontal_length=\u00a0\u00bbheader_5_text_shadow_style,%91object Object%93&Prime; header_5_text_shadow_vertical_length=\u00a0\u00bbheader_5_text_shadow_style,%91object Object%93&Prime; header_5_text_shadow_blur_strength=\u00a0\u00bbheader_5_text_shadow_style,%91object Object%93&Prime; header_6_text_shadow_horizontal_length=\u00a0\u00bbheader_6_text_shadow_style,%91object Object%93&Prime; header_6_text_shadow_vertical_length=\u00a0\u00bbheader_6_text_shadow_style,%91object Object%93&Prime; header_6_text_shadow_blur_strength=\u00a0\u00bbheader_6_text_shadow_style,%91object Object%93&Prime; z_index_tablet=\u00a0\u00bb500&Prime;]<\/p>\n<p><a href=\"https:\/\/wordpress-test.app.u-pariscite.fr\/medecine\/inscriptions-formations-paramedicales\/\" target=\"_blank\" rel=\"noopener noreferrer\">Consulter les informations &gt;<\/a><\/p>\n<p>[\/et_pb_text][\/et_pb_column][et_pb_column type=\u00a0\u00bb1_4&Prime;][et_pb_text _builder_version=\u00a0\u00bb3.22.1&Prime; z_index_tablet=\u00a0\u00bb500&Prime;]<\/p>\n<h4>Contacts<\/h4>\n<h5 class=\"ametys-person-info__title\"><strong>Dominique Bremond Gignac<\/strong><br \/><span class=\"ametys-person-info__role\">Directrice du d\u00e9partement d\u2019orthoptie <br \/><\/span><a href=\"mailto:dominique.bremond@aphp.fr\">dominique.bremond@aphp.fr<\/a><\/h5>\n<div class=\"ametys-person-info ametys-person-info--horizontal\">\n<div class=\"ametys-person-info__body\">\n<h5 class=\"ametys-person-info__title\"><strong>Lucie Sordello<\/strong><br \/><span class=\"ametys-person-info__role\">Coordinateur p\u00e9dagogique<br \/><\/span><a href=\"mailto:lucie.sordello@wordpress-test.app.u-pariscite.fr\">lucie.sordello@wordpress-test.app.u-pariscite.fr<\/a><\/h5>\n<h5><strong>Maxence Rateaux\u00a0<\/strong><br \/>Orthoptiste &#8211; PhD &#8211; A.T.E.R.<br \/><a href=\"mailto:maxence.rateaux@aphp.fr\" target=\"_blank\" rel=\"noopener noreferrer\">maxence.rateaux@aphp.fr<\/a><\/h5>\n<div class=\"ametys-person-info ametys-person-info--horizontal\">\n<div class=\"ametys-person-info__body\">\n<h5 class=\"ametys-person-info__title\"><strong>Eugenie Nemba<\/strong><br \/><span class=\"ametys-person-info__role\">Gestionnaire administrative<br \/><\/span><a href=\"tel:+33 (0)1 57 27 85 24\">+33 (0)1 57 27 85 24<\/a><br \/><a href=\"mailto:eugenie.nemba@wordpress-test.app.u-pariscite.fr\">eugenie.nemba@wordpress-test.app.u-pariscite.fr<\/a><\/h5>\n<div class=\"ametys-person-info ametys-person-info--horizontal\">\n<div class=\"ametys-person-info__body\">\n<h5 class=\"ametys-person-info__title\"><strong>Sandra Fefeu<\/strong><br \/><span class=\"ametys-person-info__role\">Responsable du P\u00f4le Formations Param\u00e9dicales<br \/><\/span><a href=\"tel:01 57 27 85 68\">01 57 27 85 68<\/a><br \/><a href=\"mailto:sandra.fefeu@wordpress-test.app.u-pariscite.fr\">sandra.fefeu@wordpress-test.app.u-pariscite.fr<\/a><\/h5>\n<\/div>\n<\/div>\n<\/div>\n<\/div>\n<\/div>\n<\/div>\n<p>[\/et_pb_text][et_pb_text admin_label=\u00a0\u00bbMenu principal\u00a0\u00bb _builder_version=\u00a0\u00bb3.22.1&Prime; text_text_color=\u00a0\u00bb#ffffff\u00a0\u00bb header_font=\u00a0\u00bb||||||||\u00a0\u00bb header_3_text_color=\u00a0\u00bb#ffffff\u00a0\u00bb header_4_font=\u00a0\u00bb||||||||\u00a0\u00bb header_4_text_color=\u00a0\u00bb#ffffff\u00a0\u00bb background_color=\u00a0\u00bb#8a1538&Prime; custom_margin=\u00a0\u00bb50px||35px\u00a0\u00bb custom_padding=\u00a0\u00bb10px||10px||true\u00a0\u00bb z_index_tablet=\u00a0\u00bb500&Prime; link_option_url=\u00a0\u00bbhttps:\/\/wordpress-test.app.u-pariscite.fr\/sante\/orthoptie\/\u00a0\u00bb saved_tabs=\u00a0\u00bball\u00a0\u00bb text_text_shadow_horizontal_length=\u00a0\u00bbtext_text_shadow_style,%91object Object%93&Prime; text_text_shadow_vertical_length=\u00a0\u00bbtext_text_shadow_style,%91object Object%93&Prime; text_text_shadow_blur_strength=\u00a0\u00bbtext_text_shadow_style,%91object Object%93&Prime; link_text_shadow_horizontal_length=\u00a0\u00bblink_text_shadow_style,%91object Object%93&Prime; link_text_shadow_vertical_length=\u00a0\u00bblink_text_shadow_style,%91object Object%93&Prime; link_text_shadow_blur_strength=\u00a0\u00bblink_text_shadow_style,%91object Object%93&Prime; ul_text_shadow_horizontal_length=\u00a0\u00bbul_text_shadow_style,%91object Object%93&Prime; ul_text_shadow_vertical_length=\u00a0\u00bbul_text_shadow_style,%91object Object%93&Prime; ul_text_shadow_blur_strength=\u00a0\u00bbul_text_shadow_style,%91object Object%93&Prime; ol_text_shadow_horizontal_length=\u00a0\u00bbol_text_shadow_style,%91object Object%93&Prime; ol_text_shadow_vertical_length=\u00a0\u00bbol_text_shadow_style,%91object Object%93&Prime; ol_text_shadow_blur_strength=\u00a0\u00bbol_text_shadow_style,%91object Object%93&Prime; quote_text_shadow_horizontal_length=\u00a0\u00bbquote_text_shadow_style,%91object Object%93&Prime; quote_text_shadow_vertical_length=\u00a0\u00bbquote_text_shadow_style,%91object Object%93&Prime; quote_text_shadow_blur_strength=\u00a0\u00bbquote_text_shadow_style,%91object Object%93&Prime; header_text_shadow_horizontal_length=\u00a0\u00bbheader_text_shadow_style,%91object Object%93&Prime; header_text_shadow_vertical_length=\u00a0\u00bbheader_text_shadow_style,%91object Object%93&Prime; header_text_shadow_blur_strength=\u00a0\u00bbheader_text_shadow_style,%91object Object%93&Prime; header_2_text_shadow_horizontal_length=\u00a0\u00bbheader_2_text_shadow_style,%91object Object%93&Prime; header_2_text_shadow_vertical_length=\u00a0\u00bbheader_2_text_shadow_style,%91object Object%93&Prime; header_2_text_shadow_blur_strength=\u00a0\u00bbheader_2_text_shadow_style,%91object Object%93&Prime; header_3_text_shadow_horizontal_length=\u00a0\u00bbheader_3_text_shadow_style,%91object Object%93&Prime; header_3_text_shadow_vertical_length=\u00a0\u00bbheader_3_text_shadow_style,%91object Object%93&Prime; header_3_text_shadow_blur_strength=\u00a0\u00bbheader_3_text_shadow_style,%91object Object%93&Prime; header_4_text_shadow_horizontal_length=\u00a0\u00bbheader_4_text_shadow_style,%91object Object%93&Prime; header_4_text_shadow_vertical_length=\u00a0\u00bbheader_4_text_shadow_style,%91object Object%93&Prime; header_4_text_shadow_blur_strength=\u00a0\u00bbheader_4_text_shadow_style,%91object Object%93&Prime; header_5_text_shadow_horizontal_length=\u00a0\u00bbheader_5_text_shadow_style,%91object Object%93&Prime; header_5_text_shadow_vertical_length=\u00a0\u00bbheader_5_text_shadow_style,%91object Object%93&Prime; header_5_text_shadow_blur_strength=\u00a0\u00bbheader_5_text_shadow_style,%91object Object%93&Prime; header_6_text_shadow_horizontal_length=\u00a0\u00bbheader_6_text_shadow_style,%91object Object%93&Prime; header_6_text_shadow_vertical_length=\u00a0\u00bbheader_6_text_shadow_style,%91object Object%93&Prime; header_6_text_shadow_blur_strength=\u00a0\u00bbheader_6_text_shadow_style,%91object Object%93&Prime;]<\/p>\n<h4 style=\"text-align: center;margin-right: 0\"><strong>Toute l&rsquo;orthoptie<\/strong><\/h4>\n<p>[\/et_pb_text][\/et_pb_column][\/et_pb_row][\/et_pb_section][et_pb_section bb_built=\u00a0\u00bb1&Prime; _builder_version=\u00a0\u00bb3.22&Prime; custom_padding=\u00a0\u00bb0px||0px|\u00a0\u00bb prev_background_color=\u00a0\u00bb#000000&Prime;][et_pb_row _builder_version=\u00a0\u00bb3.22&Prime;][et_pb_column type=\u00a0\u00bb4_4&Prime;][et_pb_text admin_label=\u00a0\u00bb\u00c0 lire aussi\u00a0\u00bb _builder_version=\u00a0\u00bb3.21&Prime;]<\/p>\n<h2><span class=\"st\">\u00c0<\/span> lire aussi<\/h2>\n<p>[\/et_pb_text][et_pb_blog posts_number=\u00a0\u00bb4&Prime; include_categories=\u00a0\u00bb13&Prime; show_author=\u00a0\u00bboff\u00a0\u00bb show_date=\u00a0\u00bboff\u00a0\u00bb show_pagination=\u00a0\u00bboff\u00a0\u00bb module_id=\u00a0\u00bbpage_type_blog\u00a0\u00bb _builder_version=\u00a0\u00bb3.21&Prime; header_level=\u00a0\u00bbh4&Prime; border_width_bottom_fullwidth=\u00a0\u00bb1px\u00a0\u00bb border_color_bottom_fullwidth=\u00a0\u00bbrgba(51,51,51,0.18)\u00a0\u00bb custom_padding=\u00a0\u00bb||50px|\u00a0\u00bb]<\/p>\n<p>[\/et_pb_blog][\/et_pb_column][\/et_pb_row][\/et_pb_section]<\/p>\n","protected":false},"excerpt":{"rendered":"<p>Admission par Parcoursup depuis le 1er janvier 2020. 1\u00e8re phase\u00a0: \u00c9tude du dossier\u00a0: Analyse du parcours\u00a0: bulletins de notes obtenues au lyc\u00e9e et appr\u00e9ciations, notes du baccalaur\u00e9at et mention. Analyse du parcours professionnel si reconversion professionnelle. \u00c9valuation de la motivation du candidat par analyse du projet de formation motiv\u00e9 et des diff\u00e9rents moyens mis en&hellip; <a class=\"continue\" href=\"https:\/\/wordpress-test.app.u-pariscite.fr\/sante\/candidatures-et-inscriptions-orthoptie\/\">Lire la suite<span> Candidatures et inscriptions &#8211; Orthoptie<\/span><\/a><\/p>\n","protected":false},"author":113,"featured_media":0,"parent":0,"menu_order":0,"comment_status":"closed","ping_status":"closed","template":"","meta":{"_et_pb_use_builder":"on","_et_pb_old_content":"","_et_gb_content_width":"","footnotes":""},"class_list":["post-9135","page","type-page","status-publish","hentry"],"_links":{"self":[{"href":"https:\/\/wordpress-test.app.u-pariscite.fr\/sante\/wp-json\/wp\/v2\/pages\/9135","targetHints":{"allow":["GET"]}}],"collection":[{"href":"https:\/\/wordpress-test.app.u-pariscite.fr\/sante\/wp-json\/wp\/v2\/pages"}],"about":[{"href":"https:\/\/wordpress-test.app.u-pariscite.fr\/sante\/wp-json\/wp\/v2\/types\/page"}],"author":[{"embeddable":true,"href":"https:\/\/wordpress-test.app.u-pariscite.fr\/sante\/wp-json\/wp\/v2\/users\/113"}],"replies":[{"embeddable":true,"href":"https:\/\/wordpress-test.app.u-pariscite.fr\/sante\/wp-json\/wp\/v2\/comments?post=9135"}],"version-history":[{"count":12,"href":"https:\/\/wordpress-test.app.u-pariscite.fr\/sante\/wp-json\/wp\/v2\/pages\/9135\/revisions"}],"predecessor-version":[{"id":10599,"href":"https:\/\/wordpress-test.app.u-pariscite.fr\/sante\/wp-json\/wp\/v2\/pages\/9135\/revisions\/10599"}],"wp:attachment":[{"href":"https:\/\/wordpress-test.app.u-pariscite.fr\/sante\/wp-json\/wp\/v2\/media?parent=9135"}],"curies":[{"name":"wp","href":"https:\/\/api.w.org\/{rel}","templated":true}]}}