{"id":7522,"date":"2021-05-28T07:42:41","date_gmt":"2021-05-28T05:42:41","guid":{"rendered":"https:\/\/wordpress-test.app.u-pariscite.fr\/sante\/?page_id=7522"},"modified":"2023-04-07T11:20:22","modified_gmt":"2023-04-07T09:20:22","slug":"ambitions-et-strategie","status":"publish","type":"page","link":"https:\/\/wordpress-test.app.u-pariscite.fr\/sante\/ambitions-et-strategie\/","title":{"rendered":"Ambitions et strat\u00e9gie"},"content":{"rendered":"<p>[et_pb_section bb_built=\u00a0\u00bb1&Prime; next_background_color=\u00a0\u00bb#000000&Prime; inner_width=\u00a0\u00bbauto\u00a0\u00bb inner_max_width=\u00a0\u00bbnone\u00a0\u00bb][et_pb_row][et_pb_column type=\u00a0\u00bb4_4&Prime;][et_pb_post_title admin_label=\u00a0\u00bbTitre de la page\u00a0\u00bb _builder_version=\u00a0\u00bb3.19.11&Prime; meta=\u00a0\u00bboff\u00a0\u00bb featured_image=\u00a0\u00bboff\u00a0\u00bb \/][\/et_pb_column][\/et_pb_row][et_pb_row][et_pb_column type=\u00a0\u00bb3_4&Prime;][et_pb_text admin_label=\u00a0\u00bbIntro\u00a0\u00bb _builder_version=\u00a0\u00bb3.22.1&Prime; module_id=\u00a0\u00bbintro\u00a0\u00bb text_text_shadow_horizontal_length=\u00a0\u00bbtext_text_shadow_style,%91object Object%93&Prime; text_text_shadow_vertical_length=\u00a0\u00bbtext_text_shadow_style,%91object Object%93&Prime; text_text_shadow_blur_strength=\u00a0\u00bbtext_text_shadow_style,%91object Object%93&Prime; link_text_shadow_horizontal_length=\u00a0\u00bblink_text_shadow_style,%91object Object%93&Prime; link_text_shadow_vertical_length=\u00a0\u00bblink_text_shadow_style,%91object Object%93&Prime; link_text_shadow_blur_strength=\u00a0\u00bblink_text_shadow_style,%91object Object%93&Prime; ul_text_shadow_horizontal_length=\u00a0\u00bbul_text_shadow_style,%91object Object%93&Prime; ul_text_shadow_vertical_length=\u00a0\u00bbul_text_shadow_style,%91object Object%93&Prime; ul_text_shadow_blur_strength=\u00a0\u00bbul_text_shadow_style,%91object Object%93&Prime; ol_text_shadow_horizontal_length=\u00a0\u00bbol_text_shadow_style,%91object Object%93&Prime; ol_text_shadow_vertical_length=\u00a0\u00bbol_text_shadow_style,%91object Object%93&Prime; ol_text_shadow_blur_strength=\u00a0\u00bbol_text_shadow_style,%91object Object%93&Prime; quote_text_shadow_horizontal_length=\u00a0\u00bbquote_text_shadow_style,%91object Object%93&Prime; quote_text_shadow_vertical_length=\u00a0\u00bbquote_text_shadow_style,%91object Object%93&Prime; quote_text_shadow_blur_strength=\u00a0\u00bbquote_text_shadow_style,%91object Object%93&Prime; header_text_shadow_horizontal_length=\u00a0\u00bbheader_text_shadow_style,%91object Object%93&Prime; header_text_shadow_vertical_length=\u00a0\u00bbheader_text_shadow_style,%91object Object%93&Prime; header_text_shadow_blur_strength=\u00a0\u00bbheader_text_shadow_style,%91object Object%93&Prime; header_2_text_shadow_horizontal_length=\u00a0\u00bbheader_2_text_shadow_style,%91object Object%93&Prime; header_2_text_shadow_vertical_length=\u00a0\u00bbheader_2_text_shadow_style,%91object Object%93&Prime; header_2_text_shadow_blur_strength=\u00a0\u00bbheader_2_text_shadow_style,%91object Object%93&Prime; header_3_text_shadow_horizontal_length=\u00a0\u00bbheader_3_text_shadow_style,%91object Object%93&Prime; header_3_text_shadow_vertical_length=\u00a0\u00bbheader_3_text_shadow_style,%91object Object%93&Prime; header_3_text_shadow_blur_strength=\u00a0\u00bbheader_3_text_shadow_style,%91object Object%93&Prime; header_4_text_shadow_horizontal_length=\u00a0\u00bbheader_4_text_shadow_style,%91object Object%93&Prime; header_4_text_shadow_vertical_length=\u00a0\u00bbheader_4_text_shadow_style,%91object Object%93&Prime; header_4_text_shadow_blur_strength=\u00a0\u00bbheader_4_text_shadow_style,%91object Object%93&Prime; header_5_text_shadow_horizontal_length=\u00a0\u00bbheader_5_text_shadow_style,%91object Object%93&Prime; header_5_text_shadow_vertical_length=\u00a0\u00bbheader_5_text_shadow_style,%91object Object%93&Prime; header_5_text_shadow_blur_strength=\u00a0\u00bbheader_5_text_shadow_style,%91object Object%93&Prime; header_6_text_shadow_horizontal_length=\u00a0\u00bbheader_6_text_shadow_style,%91object Object%93&Prime; header_6_text_shadow_vertical_length=\u00a0\u00bbheader_6_text_shadow_style,%91object Object%93&Prime; header_6_text_shadow_blur_strength=\u00a0\u00bbheader_6_text_shadow_style,%91object Object%93&Prime; z_index_tablet=\u00a0\u00bb500&Prime;]<\/p>\n<div class=\"page\" title=\"Page 1\">\n<div class=\"layoutArea\">\n<div class=\"column\">\n<p>Forte de\u00a028 790 \u00e9tudiants,\u00a046 unit\u00e9s de recherche et\u00a05 700 chercheurs, enseignants-chercheurs, personnels administratifs et techniques, la Facult\u00e9 de Sant\u00e9 est l\u2019une des trois grandes facult\u00e9s d\u2019Universit\u00e9 Paris Cit\u00e9. Elle est constitu\u00e9e de trois composantes dont la force et le potentiel, au sein d\u2019une m\u00eame entit\u00e9, la distingue tout particuli\u00e8rement en France et en Europe.<\/p>\n<\/div>\n<\/div>\n<\/div>\n<p>[\/et_pb_text][\/et_pb_column][et_pb_column type=\u00a0\u00bb1_4&Prime;][\/et_pb_column][\/et_pb_row][et_pb_row][et_pb_column type=\u00a0\u00bb3_4&Prime;][et_pb_text _builder_version=\u00a0\u00bb3.22.1&Prime; module_id=\u00a0\u00bbcontenu\u00a0\u00bb text_text_shadow_horizontal_length=\u00a0\u00bbtext_text_shadow_style,%91object Object%93&Prime; text_text_shadow_vertical_length=\u00a0\u00bbtext_text_shadow_style,%91object Object%93&Prime; text_text_shadow_blur_strength=\u00a0\u00bbtext_text_shadow_style,%91object Object%93&Prime; link_text_shadow_horizontal_length=\u00a0\u00bblink_text_shadow_style,%91object Object%93&Prime; link_text_shadow_vertical_length=\u00a0\u00bblink_text_shadow_style,%91object Object%93&Prime; link_text_shadow_blur_strength=\u00a0\u00bblink_text_shadow_style,%91object Object%93&Prime; ul_text_shadow_horizontal_length=\u00a0\u00bbul_text_shadow_style,%91object Object%93&Prime; ul_text_shadow_vertical_length=\u00a0\u00bbul_text_shadow_style,%91object Object%93&Prime; ul_text_shadow_blur_strength=\u00a0\u00bbul_text_shadow_style,%91object Object%93&Prime; ol_text_shadow_horizontal_length=\u00a0\u00bbol_text_shadow_style,%91object Object%93&Prime; ol_text_shadow_vertical_length=\u00a0\u00bbol_text_shadow_style,%91object Object%93&Prime; ol_text_shadow_blur_strength=\u00a0\u00bbol_text_shadow_style,%91object Object%93&Prime; quote_text_shadow_horizontal_length=\u00a0\u00bbquote_text_shadow_style,%91object Object%93&Prime; quote_text_shadow_vertical_length=\u00a0\u00bbquote_text_shadow_style,%91object Object%93&Prime; quote_text_shadow_blur_strength=\u00a0\u00bbquote_text_shadow_style,%91object Object%93&Prime; header_text_shadow_horizontal_length=\u00a0\u00bbheader_text_shadow_style,%91object Object%93&Prime; header_text_shadow_vertical_length=\u00a0\u00bbheader_text_shadow_style,%91object Object%93&Prime; header_text_shadow_blur_strength=\u00a0\u00bbheader_text_shadow_style,%91object Object%93&Prime; header_2_text_shadow_horizontal_length=\u00a0\u00bbheader_2_text_shadow_style,%91object Object%93&Prime; header_2_text_shadow_vertical_length=\u00a0\u00bbheader_2_text_shadow_style,%91object Object%93&Prime; header_2_text_shadow_blur_strength=\u00a0\u00bbheader_2_text_shadow_style,%91object Object%93&Prime; header_3_text_shadow_horizontal_length=\u00a0\u00bbheader_3_text_shadow_style,%91object Object%93&Prime; header_3_text_shadow_vertical_length=\u00a0\u00bbheader_3_text_shadow_style,%91object Object%93&Prime; header_3_text_shadow_blur_strength=\u00a0\u00bbheader_3_text_shadow_style,%91object Object%93&Prime; header_4_text_shadow_horizontal_length=\u00a0\u00bbheader_4_text_shadow_style,%91object Object%93&Prime; header_4_text_shadow_vertical_length=\u00a0\u00bbheader_4_text_shadow_style,%91object Object%93&Prime; header_4_text_shadow_blur_strength=\u00a0\u00bbheader_4_text_shadow_style,%91object Object%93&Prime; header_5_text_shadow_horizontal_length=\u00a0\u00bbheader_5_text_shadow_style,%91object Object%93&Prime; header_5_text_shadow_vertical_length=\u00a0\u00bbheader_5_text_shadow_style,%91object Object%93&Prime; header_5_text_shadow_blur_strength=\u00a0\u00bbheader_5_text_shadow_style,%91object Object%93&Prime; header_6_text_shadow_horizontal_length=\u00a0\u00bbheader_6_text_shadow_style,%91object Object%93&Prime; header_6_text_shadow_vertical_length=\u00a0\u00bbheader_6_text_shadow_style,%91object Object%93&Prime; header_6_text_shadow_blur_strength=\u00a0\u00bbheader_6_text_shadow_style,%91object Object%93&Prime; z_index_tablet=\u00a0\u00bb500&Prime;]<\/p>\n<h3>Interdisciplinarit\u00e9 des formations<\/h3>\n<p><strong>\u00a0<\/strong>Ayant pour mission de favoriser l\u2019interdisciplinarit\u00e9 entre les fili\u00e8res de Sant\u00e9, la Facult\u00e9 co-construit avec les UFRs et les D\u00e9partements universitaires de formation une offre de formation adapt\u00e9e aux enjeux d\u2019aujourd\u2019hui et de demain des \u00e9tudiants et des professionnels en activit\u00e9. Dans cet objectif, la Facult\u00e9 favorise les cr\u00e9ations de formation impliquant plusieurs disciplines de sant\u00e9 en Licence comme en Master. Elle promeut les parcours transdisciplinaires aupr\u00e8s de ses \u00e9tudiants pour proposer des temps communs de formation entre les disciplines. Elle travaille \u00e0 la cr\u00e9ation d\u2019une licence des M\u00e9tiers de la Sant\u00e9 (LMS) offrant un acc\u00e8s aux \u00e9tudes de Sant\u00e9 compl\u00e9mentaire aux 2 voies d\u2019acc\u00e8s d\u00e9j\u00e0 existantes PASS et LAS.<\/p>\n<p>Elle accompagne \u00e9galement l\u2019universitarisation des disciplines de sant\u00e9 en cr\u00e9ant des d\u00e9partements universitaires de formation en Ma\u00efeutique, en Sciences Infirmi\u00e8res et en Sciences de la R\u00e9\u00e9ducation et de la R\u00e9adaptation. L\u2019ambition est, outre de permettre un cursus LMD, de d\u00e9velopper les comp\u00e9tences collaboratives des \u00e9tudiants en sant\u00e9 et de renforcer les compl\u00e9mentarit\u00e9s m\u00e9tier.<\/p>\n<h3>Innovation en enseignement<\/h3>\n<p>La Facult\u00e9 de Sant\u00e9 fait de la transformation et de l\u2019innovation p\u00e9dagogique sa priorit\u00e9 \u00e0 tous les stades de la formation. Avec la cr\u00e9ation d\u2019un d\u00e9partement de simulation interdisciplinaire, elle initie et accompagne les projets de p\u00e9dagogie innovante en soutenant les \u00e9tudiants, les enseignants et les soignants en activit\u00e9.<\/p>\n<h3>Accompagnement et r\u00e9ussite<\/h3>\n<p>Afin de garantir la r\u00e9ussite et l\u2019\u00e9panouissement des \u00e9tudiants, la Facult\u00e9 de Sant\u00e9 souhaite mettre en place un Conseil de la Vie \u00c9tudiante facultaire, en lien avec les associations \u00e9tudiantes. Ce conseil permettra de d\u00e9velopper et structurer toute action visant au bien-\u00eatre des \u00e9tudiants et \u00e0 la participation \u00e0 la p\u00e9dagogie dans les formations de Sant\u00e9.<\/p>\n<p>La Facult\u00e9 de Sant\u00e9 est \u00e9galement garante de l\u2019excellence et de la diversit\u00e9 de la formation continue en Sant\u00e9. En d\u00e9veloppant son offre (dipl\u00f4mes et certificats universitaires, formation en BtoB), elle a pour ambition de s\u2019adapter aux attentes des professionnels de Sant\u00e9 et de les accompagner tout au long de leur carri\u00e8re.<\/p>\n<h3>Recherche de rang mondial<\/h3>\n<p>La Facult\u00e9 de Sant\u00e9 r\u00e9unit des structures de recherche, instituts et unit\u00e9s de rang international. Ses objectifs sont de d\u00e9velopper une politique de recherche en coordination avec l\u2019ensemble des acteurs et partenaires, de garantir la p\u00e9rennit\u00e9 des cohortes et leur accessibilit\u00e9 aux chercheurs d\u2019Universit\u00e9 Paris Cit\u00e9. En outre, la Facult\u00e9 souhaite favoriser l\u2019\u00e9mergence de grands centres et d\u2019instituts hors les murs et promouvoir une politique active de valorisation et de d\u00e9veloppement de partenariat.<\/p>\n<h3>Ouverture sur le monde<\/h3>\n<p>L\u2019ouverture sur le monde et l\u2019internationalisation de son offre de formation sont des priorit\u00e9s de la Facult\u00e9 de Sant\u00e9. Avec la cr\u00e9ation d\u2019un P\u00f4le Relations Internationales, elle initie, d\u00e9veloppe et coordonne la mobilit\u00e9 \u00e9tudiante et des personnels, les r\u00e9ponses aux appels \u00e0 projets ainsi que l\u2019internationalisation scientifique et p\u00e9dagogique de la formation initiale et continue.<\/p>\n<h3>Intelligence collective<\/h3>\n<p><strong>\u00a0<\/strong>La cr\u00e9ation de la Facult\u00e9 de Sant\u00e9 est l\u2019opportunit\u00e9 de mener une r\u00e9flexion collective, aux niveaux politique et op\u00e9rationnel, sur la mise en place de nouveaux projets et de nouvelles pratiques professionnelles en s\u2019appuyant sur le principe de subsidiarit\u00e9. Optimiser le service rendu aux usagers et permettre une qualit\u00e9 de vie au travail font partie des missions de la Facult\u00e9. Pour cela, elle accompagne les communaut\u00e9s et est garante de la qualit\u00e9 des activit\u00e9s d\u00e9ploy\u00e9es. Elle veille \u00e0 la transparence, au dialogue social, \u00e0 la prise d\u2019autonomie et au droit \u00e0 l\u2019exp\u00e9rimentation, \u00e9l\u00e9ments essentiels, pour cr\u00e9er ensemble une Facult\u00e9 de Sant\u00e9 ambitieuse et responsable.<\/p>\n<p>[\/et_pb_text][\/et_pb_column][et_pb_column type=\u00a0\u00bb1_4&Prime;][\/et_pb_column][\/et_pb_row][\/et_pb_section][et_pb_section bb_built=\u00a0\u00bb1&Prime; specialty=\u00a0\u00bboff\u00a0\u00bb _builder_version=\u00a0\u00bb3.21&Prime; custom_padding=\u00a0\u00bb0px||0px|\u00a0\u00bb prev_background_color=\u00a0\u00bb#000000&Prime; inner_width=\u00a0\u00bbauto\u00a0\u00bb inner_max_width=\u00a0\u00bbnone\u00a0\u00bb][et_pb_row _builder_version=\u00a0\u00bb3.19.11&Prime; width=\u00a0\u00bb80%\u00a0\u00bb max_width=\u00a0\u00bb1080px\u00a0\u00bb][et_pb_column type=\u00a0\u00bb4_4&Prime;][et_pb_text admin_label=\u00a0\u00bb\u00c0 lire aussi\u00a0\u00bb _builder_version=\u00a0\u00bb3.21&Prime;]<\/p>\n<h2><span class=\"st\">\u00c0<\/span> lire aussi<\/h2>\n<p>[\/et_pb_text][et_pb_blog _builder_version=\u00a0\u00bb3.21&Prime; posts_number=\u00a0\u00bb4&Prime; include_categories=\u00a0\u00bb13&Prime; show_author=\u00a0\u00bboff\u00a0\u00bb show_date=\u00a0\u00bboff\u00a0\u00bb show_pagination=\u00a0\u00bboff\u00a0\u00bb border_width_bottom_fullwidth=\u00a0\u00bb1px\u00a0\u00bb border_color_bottom_fullwidth=\u00a0\u00bbrgba(51,51,51,0.18)\u00a0\u00bb custom_padding=\u00a0\u00bb||50px|\u00a0\u00bb module_id=\u00a0\u00bbpage_type_blog\u00a0\u00bb header_level=\u00a0\u00bbh4&Prime; \/][\/et_pb_column][\/et_pb_row][\/et_pb_section]<\/p>\n","protected":false},"excerpt":{"rendered":"<div class=\"et_pb_row et_pb_row_0 et_pb_row_empty\"><\/div>\n<div class=\"et_pb_row et_pb_row_1 et_pb_row_empty\"><\/div>\n<p> Forte de\u00a028 790 \u00e9tudiants,\u00a046 unit\u00e9s de recherche et\u00a05 700 chercheurs, enseignants-chercheurs, personnels administratifs et techniques, la Facult\u00e9 de Sant\u00e9 est l\u2019une des trois grandes facult\u00e9s d\u2019Universit\u00e9 Paris Cit\u00e9. Elle est constitu\u00e9e de trois composantes dont la force et le potentiel, au sein d\u2019une m\u00eame entit\u00e9, la distingue tout particuli\u00e8rement en France et en Europe.&hellip; <a class=\"continue\" href=\"https:\/\/wordpress-test.app.u-pariscite.fr\/sante\/ambitions-et-strategie\/\">Lire la suite<span> Ambitions et strat\u00e9gie<\/span><\/a><\/p>\n","protected":false},"author":113,"featured_media":0,"parent":0,"menu_order":0,"comment_status":"closed","ping_status":"closed","template":"","meta":{"_et_pb_use_builder":"on","_et_pb_old_content":"","_et_gb_content_width":"","footnotes":""},"class_list":["post-7522","page","type-page","status-publish","hentry"],"_links":{"self":[{"href":"https:\/\/wordpress-test.app.u-pariscite.fr\/sante\/wp-json\/wp\/v2\/pages\/7522","targetHints":{"allow":["GET"]}}],"collection":[{"href":"https:\/\/wordpress-test.app.u-pariscite.fr\/sante\/wp-json\/wp\/v2\/pages"}],"about":[{"href":"https:\/\/wordpress-test.app.u-pariscite.fr\/sante\/wp-json\/wp\/v2\/types\/page"}],"author":[{"embeddable":true,"href":"https:\/\/wordpress-test.app.u-pariscite.fr\/sante\/wp-json\/wp\/v2\/users\/113"}],"replies":[{"embeddable":true,"href":"https:\/\/wordpress-test.app.u-pariscite.fr\/sante\/wp-json\/wp\/v2\/comments?post=7522"}],"version-history":[{"count":8,"href":"https:\/\/wordpress-test.app.u-pariscite.fr\/sante\/wp-json\/wp\/v2\/pages\/7522\/revisions"}],"predecessor-version":[{"id":10370,"href":"https:\/\/wordpress-test.app.u-pariscite.fr\/sante\/wp-json\/wp\/v2\/pages\/7522\/revisions\/10370"}],"wp:attachment":[{"href":"https:\/\/wordpress-test.app.u-pariscite.fr\/sante\/wp-json\/wp\/v2\/media?parent=7522"}],"curies":[{"name":"wp","href":"https:\/\/api.w.org\/{rel}","templated":true}]}}