{"id":7247,"date":"2021-04-26T17:54:31","date_gmt":"2021-04-26T15:54:31","guid":{"rendered":"https:\/\/wordpress-test.app.u-pariscite.fr\/sante\/?page_id=7247"},"modified":"2024-10-10T16:59:50","modified_gmt":"2024-10-10T14:59:50","slug":"commission-recherche","status":"publish","type":"page","link":"https:\/\/wordpress-test.app.u-pariscite.fr\/sante\/commission-recherche\/","title":{"rendered":"Commission Recherche"},"content":{"rendered":"<p>[et_pb_section bb_built=\u00a0\u00bb1&Prime; next_background_color=\u00a0\u00bb#000000&Prime; inner_width=\u00a0\u00bbauto\u00a0\u00bb inner_max_width=\u00a0\u00bbnone\u00a0\u00bb][et_pb_row][et_pb_column type=\u00a0\u00bb4_4&Prime;][et_pb_post_title admin_label=\u00a0\u00bbTitre de la page\u00a0\u00bb _builder_version=\u00a0\u00bb3.19.11&Prime; meta=\u00a0\u00bboff\u00a0\u00bb featured_image=\u00a0\u00bboff\u00a0\u00bb \/][\/et_pb_column][\/et_pb_row][et_pb_row][et_pb_column type=\u00a0\u00bb3_4&Prime;][et_pb_toggle admin_label=\u00a0\u00bbAttributions\u00a0\u00bb _builder_version=\u00a0\u00bb3.22.1&Prime; title=\u00a0\u00bbAttributions\u00a0\u00bb text_shadow_horizontal_length=\u00a0\u00bbtext_shadow_style,%91object Object%93&Prime; text_shadow_vertical_length=\u00a0\u00bbtext_shadow_style,%91object Object%93&Prime; text_shadow_blur_strength=\u00a0\u00bbtext_shadow_style,%91object Object%93&Prime; title_text_shadow_horizontal_length=\u00a0\u00bbtitle_text_shadow_style,%91object Object%93&Prime; title_text_shadow_vertical_length=\u00a0\u00bbtitle_text_shadow_style,%91object Object%93&Prime; title_text_shadow_blur_strength=\u00a0\u00bbtitle_text_shadow_style,%91object Object%93&Prime; body_text_shadow_horizontal_length=\u00a0\u00bbbody_text_shadow_style,%91object Object%93&Prime; body_text_shadow_vertical_length=\u00a0\u00bbbody_text_shadow_style,%91object Object%93&Prime; body_text_shadow_blur_strength=\u00a0\u00bbbody_text_shadow_style,%91object Object%93&Prime; z_index_tablet=\u00a0\u00bb500&Prime;]<\/p>\n<p>En lien \u00e9troit avec les composantes internes et les structures de recherche, la Commission Recherche d\u00e9finit la politique de recherche.<span class=\"Apple-converted-space\">\u00a0<\/span><\/p>\n<p>1. La Commission Recherche contribue \u00e0 d\u00e9finir la politique de recherche dans le cadre des axes strat\u00e9giques de l&rsquo;Universit\u00e9 Paris Cit\u00e9, en lien avec les politiques des structures de recherche et en favorisant l&rsquo;interdisciplinarit\u00e9 et la coop\u00e9ration entre les composantes internes \u00e0 la facult\u00e9;<\/p>\n<p>2. Elle r\u00e9partit au sein des composantes internes et des structures de recherche de la facult\u00e9les moyens compl\u00e9mentaires de recherche allou\u00e9s par le conseil de facult\u00e9, en tenant compte du cadre d\u00e9fini par le s\u00e9nat acad\u00e9mique et des objectifs strat\u00e9giques d\u2019Universit\u00e9de Paris et de la facult\u00e9;<\/p>\n<p>3. Elle participe \u00e0 l&rsquo;\u00e9laboration de la r\u00e9partition des moyens et d\u00e9finit les appels \u00e0projets de la facult\u00e9, et en \u00e9tablit les crit\u00e8res d&rsquo;\u00e9valuation dans le cadre de principes fix\u00e9s par le S\u00e9nat<span class=\"Apple-converted-space\">\u00a0A<\/span>cad\u00e9mique;<\/p>\n<p>4. En accord avecles principes de fonctionnement des structures de recherche fix\u00e9s par le s\u00e9nat acad\u00e9mique et, le cas \u00e9ch\u00e9ant, en partenariat avec les organismes de recherche, elle rend un avis sur le r\u00e8glement int\u00e9rieur de ces structures ;<\/p>\n<p>5. Elle est charg\u00e9e de la prospective scientifique ;<\/p>\n<p>6. Elle rend un avis sur la cr\u00e9ation et la suppression des structures de recherche ;<\/p>\n<p>7. Elle \u00e9labore, dans le p\u00e9rim\u00e8tre de la facult\u00e9et en lien avec les orientations strat\u00e9giques de l&rsquo;universit\u00e9de Paris, une politique de coop\u00e9ration internationale en recherche;<span class=\"Apple-converted-space\">\u00a0<\/span><\/p>\n<p>8.Elle rend un avis pr\u00e9alable surla nomination des directeurs de structures de recherche;<span class=\"Apple-converted-space\">\u00a0<\/span><\/p>\n<p>9. Elle \u00e9lit le vice-doyen recherche.<\/p>\n<p>[\/et_pb_toggle][et_pb_toggle admin_label=\u00a0\u00bbComposition \u00a0\u00bb _builder_version=\u00a0\u00bb3.22.1&Prime; title=\u00a0\u00bbComposition \u00a0\u00bb text_shadow_horizontal_length=\u00a0\u00bbtext_shadow_style,%91object Object%93&Prime; text_shadow_vertical_length=\u00a0\u00bbtext_shadow_style,%91object Object%93&Prime; text_shadow_blur_strength=\u00a0\u00bbtext_shadow_style,%91object Object%93&Prime; title_text_shadow_horizontal_length=\u00a0\u00bbtitle_text_shadow_style,%91object Object%93&Prime; title_text_shadow_vertical_length=\u00a0\u00bbtitle_text_shadow_style,%91object Object%93&Prime; title_text_shadow_blur_strength=\u00a0\u00bbtitle_text_shadow_style,%91object Object%93&Prime; body_text_shadow_horizontal_length=\u00a0\u00bbbody_text_shadow_style,%91object Object%93&Prime; body_text_shadow_vertical_length=\u00a0\u00bbbody_text_shadow_style,%91object Object%93&Prime; body_text_shadow_blur_strength=\u00a0\u00bbbody_text_shadow_style,%91object Object%93&Prime; z_index_tablet=\u00a0\u00bb500&Prime;]<\/p>\n<div class=\"column\">\n<h3>Pr\u00e9sident de la Commission Recherche<\/h3>\n<blockquote>\n<p>Michel VIDAL, Vice-doyen Recherche de la Facult\u00e9 de Sant\u00e9<\/p>\n<\/blockquote>\n<h3>Coll\u00e8ge A<\/h3>\n<blockquote>\n<p>Giuseppina CALIGIURI<br \/>Catherine CHAUSSAIN<br \/>Benjamin FOURNIER<br \/>Benoit HO-TIN-NOE<br \/>Odile LAUNAY<br \/>Pierre LAURENT-PUIG<br \/>Nathalie MIGNET<\/p>\n<\/blockquote>\n<h3>Coll\u00e8ge B<\/h3>\n<\/div>\n<blockquote>\n<p>Boris CHAUMETTE<br \/>Am\u00e9lie COUDERT<br \/>Elisa FREZZA<br \/>Rapha\u00ebl GROUGNET<br \/>Mireille LAFORGE<br \/>Hana MANCEAU<br \/>Gilles PHAN<br \/>Ivo RIETVELD<\/p>\n<\/blockquote>\n<h3>Coll\u00e8ge BIATSS<\/h3>\n<blockquote>\n<p>St\u00e9phane LOYAU<br \/>M\u00e9ryam TAGHI<\/p>\n<\/blockquote>\n<h3>Personnalit\u00e9s ext\u00e9rieures<\/h3>\n<h3>Personnalit\u00e9s d\u00e9sign\u00e9es<\/h3>\n<blockquote>\n<p>Isabelle VERSTRAETE, Repr\u00e9sentante de la Facult\u00e9 des Sciences<br \/>Fr\u00e9d\u00e9ric MOYNIER, Repr\u00e9sentant de l&rsquo;IPGP<\/p>\n<\/blockquote>\n<h3>Coll\u00e8ge \u00e9tudiants titulaires<\/h3>\n<blockquote>\n<p>Yelda ABOU KHALIL<br \/>Alexandre DEGACHI<\/p>\n<\/blockquote>\n<h3>Coll\u00e8ge \u00e9tudiants suppl\u00e9ants<\/h3>\n<h3>Invit\u00e9s permanents<\/h3>\n<blockquote>\n<p>Matthieu RESCHE-RIGON, Doyen de la Facult\u00e9 de Sant\u00e9<br \/>Anne-Paule ROQUEPLO, Vice-pr\u00e9sidente Recherche Universit\u00e9 Paris Cit\u00e9<br \/>Mathilde OULD MESSAOUD, Vice-doyenne \u00e9tudiante de la Facult\u00e9 de Sant\u00e9<br \/>Christelle COLNEE, Directrice G\u00e9n\u00e9rale D\u00e9l\u00e9gu\u00e9e de la Facult\u00e9 de Sant\u00e9<\/p>\n<\/blockquote>\n<h3>Invit\u00e9s administration r\u00e9current<\/h3>\n<blockquote>\n<p>Christine GUILLARD, Directrice du P\u00f4le Recherche de la Facult\u00e9 de Sant\u00e9<br \/>Eva TSALPATOUROS, Directrice G\u00e9n\u00e9rale D\u00e9l\u00e9gu\u00e9e Adjointe de la Facult\u00e9 de Sant\u00e9<\/p>\n<\/blockquote>\n<p>[\/et_pb_toggle][et_pb_button admin_label=\u00a0\u00bbbouton &#8211; Commission Recherche \u00a0\u00bb button_url=\u00a0\u00bbhttps:\/\/cloud.wordpress-test.app.u-pariscite.fr\/s\/cM8seMPYNoGWYqZ\u00a0\u00bb button_text=\u00a0\u00bbD\u00e9lib\u00e9rations\u00a0\u00bb button_alignment=\u00a0\u00bbleft\u00a0\u00bb _builder_version=\u00a0\u00bb3.22.1&Prime; custom_button=\u00a0\u00bbon\u00a0\u00bb button_text_color=\u00a0\u00bb#ffffff\u00a0\u00bb button_bg_color=\u00a0\u00bb#8a1538&Prime; button_border_width=\u00a0\u00bb2&Prime; button_border_color=\u00a0\u00bb#8a1538&Prime; button_border_radius=\u00a0\u00bb26&Prime; button_icon=\u00a0\u00bb%%20%%\u00a0\u00bb button_icon_color=\u00a0\u00bb#ffffff\u00a0\u00bb button_on_hover=\u00a0\u00bboff\u00a0\u00bb background_layout=\u00a0\u00bbdark\u00a0\u00bb custom_css_after=\u00a0\u00bbmargin-left: 0!important;\u00a0\u00bb saved_tabs=\u00a0\u00bball\u00a0\u00bb background_layout__hover_enabled=\u00a0\u00bbon\u00a0\u00bb background_layout__hover=\u00a0\u00bblight\u00a0\u00bb button_bg_color__hover_enabled=\u00a0\u00bbon\u00a0\u00bb button_bg_color__hover=\u00a0\u00bb#ffffff\u00a0\u00bb button_icon_color__hover_enabled=\u00a0\u00bbon\u00a0\u00bb button_icon_color__hover=\u00a0\u00bb#8A1538&Prime; button_text_color__hover_enabled=\u00a0\u00bbon\u00a0\u00bb button_text_color__hover=\u00a0\u00bb#8A1538&Prime; custom_css_after__hover_enabled=\u00a0\u00bbon\u00a0\u00bb custom_css_after__hover=\u00a0\u00bbmargin-left: 0!important;\u00a0\u00bb button_text_shadow_horizontal_length=\u00a0\u00bbbutton_text_shadow_style,%91object Object%93&Prime; button_text_shadow_vertical_length=\u00a0\u00bbbutton_text_shadow_style,%91object Object%93&Prime; button_text_shadow_blur_strength=\u00a0\u00bbbutton_text_shadow_style,%91object Object%93&Prime; z_index_tablet=\u00a0\u00bb500&Prime; \/][et_pb_button admin_label=\u00a0\u00bbbouton &#8211; Commission Recherche 2020-2024&Prime; button_url=\u00a0\u00bbhttps:\/\/cloud.parisdescartes.fr\/index.php\/apps\/files\/?dir=\/Facult\u00e9%20de%20Sant\u00e9\/FacSant\u00e9_ComRecherche_d\u00e9lib\u00e9rations&amp;fileid=43923822&Prime; button_text=\u00a0\u00bbD\u00e9lib\u00e9rations 2020-2024&Prime; button_alignment=\u00a0\u00bbleft\u00a0\u00bb _builder_version=\u00a0\u00bb3.22.1&Prime; custom_button=\u00a0\u00bbon\u00a0\u00bb button_text_color=\u00a0\u00bb#ffffff\u00a0\u00bb button_bg_color=\u00a0\u00bb#8a1538&Prime; button_border_width=\u00a0\u00bb2&Prime; button_border_color=\u00a0\u00bb#8a1538&Prime; button_border_radius=\u00a0\u00bb26&Prime; button_icon=\u00a0\u00bb%%20%%\u00a0\u00bb button_icon_color=\u00a0\u00bb#ffffff\u00a0\u00bb button_on_hover=\u00a0\u00bboff\u00a0\u00bb background_layout=\u00a0\u00bbdark\u00a0\u00bb custom_css_after=\u00a0\u00bbmargin-left: 0!important;\u00a0\u00bb saved_tabs=\u00a0\u00bball\u00a0\u00bb background_layout__hover_enabled=\u00a0\u00bbon\u00a0\u00bb background_layout__hover=\u00a0\u00bblight\u00a0\u00bb button_bg_color__hover_enabled=\u00a0\u00bbon\u00a0\u00bb button_bg_color__hover=\u00a0\u00bb#ffffff\u00a0\u00bb button_icon_color__hover_enabled=\u00a0\u00bbon\u00a0\u00bb button_icon_color__hover=\u00a0\u00bb#8A1538&Prime; button_text_color__hover_enabled=\u00a0\u00bbon\u00a0\u00bb button_text_color__hover=\u00a0\u00bb#8A1538&Prime; custom_css_after__hover_enabled=\u00a0\u00bbon\u00a0\u00bb custom_css_after__hover=\u00a0\u00bbmargin-left: 0!important;\u00a0\u00bb button_text_shadow_horizontal_length=\u00a0\u00bbbutton_text_shadow_style,%91object Object%93&Prime; button_text_shadow_vertical_length=\u00a0\u00bbbutton_text_shadow_style,%91object Object%93&Prime; button_text_shadow_blur_strength=\u00a0\u00bbbutton_text_shadow_style,%91object Object%93&Prime; z_index_tablet=\u00a0\u00bb500&Prime; \/][\/et_pb_column][et_pb_column type=\u00a0\u00bb1_4&Prime;][\/et_pb_column][\/et_pb_row][\/et_pb_section][et_pb_section bb_built=\u00a0\u00bb1&Prime; specialty=\u00a0\u00bboff\u00a0\u00bb _builder_version=\u00a0\u00bb3.21&Prime; custom_padding=\u00a0\u00bb0px||0px|\u00a0\u00bb prev_background_color=\u00a0\u00bb#000000&Prime; inner_width=\u00a0\u00bbauto\u00a0\u00bb inner_max_width=\u00a0\u00bbnone\u00a0\u00bb][et_pb_row _builder_version=\u00a0\u00bb3.19.11&Prime; width=\u00a0\u00bb80%\u00a0\u00bb max_width=\u00a0\u00bb1080px\u00a0\u00bb][et_pb_column type=\u00a0\u00bb4_4&Prime;][et_pb_text admin_label=\u00a0\u00bb\u00c0 lire aussi\u00a0\u00bb _builder_version=\u00a0\u00bb3.21&Prime;]<\/p>\n<h2><span class=\"st\">\u00c0<\/span> lire aussi<\/h2>\n<p>[\/et_pb_text][et_pb_blog _builder_version=\u00a0\u00bb3.21&Prime; posts_number=\u00a0\u00bb4&Prime; include_categories=\u00a0\u00bb13&Prime; show_author=\u00a0\u00bboff\u00a0\u00bb show_date=\u00a0\u00bboff\u00a0\u00bb show_pagination=\u00a0\u00bboff\u00a0\u00bb border_width_bottom_fullwidth=\u00a0\u00bb1px\u00a0\u00bb border_color_bottom_fullwidth=\u00a0\u00bbrgba(51,51,51,0.18)\u00a0\u00bb custom_padding=\u00a0\u00bb||50px|\u00a0\u00bb module_id=\u00a0\u00bbpage_type_blog\u00a0\u00bb header_level=\u00a0\u00bbh4&Prime; \/][\/et_pb_column][\/et_pb_row][\/et_pb_section]<\/p>\n","protected":false},"excerpt":{"rendered":"<div class=\"et_pb_row et_pb_row_0 et_pb_row_empty\"><\/div>\n<div class=\"et_pb_row et_pb_row_1 et_pb_row_empty\"><\/div>\n<p> En lien \u00e9troit avec les composantes internes et les structures de recherche, la Commission Recherche d\u00e9finit la politique de recherche.\u00a0 1. La Commission Recherche contribue \u00e0 d\u00e9finir la politique de recherche dans le cadre des axes strat\u00e9giques de l&rsquo;Universit\u00e9 Paris Cit\u00e9, en lien avec les politiques des structures de recherche et en favorisant l&rsquo;interdisciplinarit\u00e9&hellip; <a class=\"continue\" href=\"https:\/\/wordpress-test.app.u-pariscite.fr\/sante\/commission-recherche\/\">Lire la suite<span> Commission Recherche<\/span><\/a><\/p>\n","protected":false},"author":113,"featured_media":0,"parent":0,"menu_order":0,"comment_status":"closed","ping_status":"closed","template":"","meta":{"_et_pb_use_builder":"on","_et_pb_old_content":"","_et_gb_content_width":"","footnotes":""},"class_list":["post-7247","page","type-page","status-publish","hentry"],"_links":{"self":[{"href":"https:\/\/wordpress-test.app.u-pariscite.fr\/sante\/wp-json\/wp\/v2\/pages\/7247","targetHints":{"allow":["GET"]}}],"collection":[{"href":"https:\/\/wordpress-test.app.u-pariscite.fr\/sante\/wp-json\/wp\/v2\/pages"}],"about":[{"href":"https:\/\/wordpress-test.app.u-pariscite.fr\/sante\/wp-json\/wp\/v2\/types\/page"}],"author":[{"embeddable":true,"href":"https:\/\/wordpress-test.app.u-pariscite.fr\/sante\/wp-json\/wp\/v2\/users\/113"}],"replies":[{"embeddable":true,"href":"https:\/\/wordpress-test.app.u-pariscite.fr\/sante\/wp-json\/wp\/v2\/comments?post=7247"}],"version-history":[{"count":8,"href":"https:\/\/wordpress-test.app.u-pariscite.fr\/sante\/wp-json\/wp\/v2\/pages\/7247\/revisions"}],"predecessor-version":[{"id":12008,"href":"https:\/\/wordpress-test.app.u-pariscite.fr\/sante\/wp-json\/wp\/v2\/pages\/7247\/revisions\/12008"}],"wp:attachment":[{"href":"https:\/\/wordpress-test.app.u-pariscite.fr\/sante\/wp-json\/wp\/v2\/media?parent=7247"}],"curies":[{"name":"wp","href":"https:\/\/api.w.org\/{rel}","templated":true}]}}