{"id":7233,"date":"2021-04-26T17:23:31","date_gmt":"2021-04-26T15:23:31","guid":{"rendered":"https:\/\/wordpress-test.app.u-pariscite.fr\/sante\/?page_id=7233"},"modified":"2024-10-10T17:04:40","modified_gmt":"2024-10-10T15:04:40","slug":"conseil-de-faculte","status":"publish","type":"page","link":"https:\/\/wordpress-test.app.u-pariscite.fr\/sante\/conseil-de-faculte\/","title":{"rendered":"Conseil de Facult\u00e9"},"content":{"rendered":"<p>[et_pb_section bb_built=\u00a0\u00bb1&Prime; next_background_color=\u00a0\u00bb#000000&Prime; inner_width=\u00a0\u00bbauto\u00a0\u00bb inner_max_width=\u00a0\u00bbnone\u00a0\u00bb][et_pb_row][et_pb_column type=\u00a0\u00bb4_4&Prime;][et_pb_post_title admin_label=\u00a0\u00bbTitre de la page\u00a0\u00bb _builder_version=\u00a0\u00bb3.19.11&Prime; meta=\u00a0\u00bboff\u00a0\u00bb featured_image=\u00a0\u00bboff\u00a0\u00bb \/][\/et_pb_column][\/et_pb_row][et_pb_row][et_pb_column type=\u00a0\u00bb3_4&Prime;][et_pb_text admin_label=\u00a0\u00bbIntro\u00a0\u00bb _builder_version=\u00a0\u00bb3.22.1&Prime; module_id=\u00a0\u00bbintro\u00a0\u00bb text_text_shadow_horizontal_length=\u00a0\u00bbtext_text_shadow_style,%91object Object%93&Prime; text_text_shadow_vertical_length=\u00a0\u00bbtext_text_shadow_style,%91object Object%93&Prime; text_text_shadow_blur_strength=\u00a0\u00bbtext_text_shadow_style,%91object Object%93&Prime; link_text_shadow_horizontal_length=\u00a0\u00bblink_text_shadow_style,%91object Object%93&Prime; link_text_shadow_vertical_length=\u00a0\u00bblink_text_shadow_style,%91object Object%93&Prime; link_text_shadow_blur_strength=\u00a0\u00bblink_text_shadow_style,%91object Object%93&Prime; ul_text_shadow_horizontal_length=\u00a0\u00bbul_text_shadow_style,%91object Object%93&Prime; ul_text_shadow_vertical_length=\u00a0\u00bbul_text_shadow_style,%91object Object%93&Prime; ul_text_shadow_blur_strength=\u00a0\u00bbul_text_shadow_style,%91object Object%93&Prime; ol_text_shadow_horizontal_length=\u00a0\u00bbol_text_shadow_style,%91object Object%93&Prime; ol_text_shadow_vertical_length=\u00a0\u00bbol_text_shadow_style,%91object Object%93&Prime; ol_text_shadow_blur_strength=\u00a0\u00bbol_text_shadow_style,%91object Object%93&Prime; quote_text_shadow_horizontal_length=\u00a0\u00bbquote_text_shadow_style,%91object Object%93&Prime; quote_text_shadow_vertical_length=\u00a0\u00bbquote_text_shadow_style,%91object Object%93&Prime; quote_text_shadow_blur_strength=\u00a0\u00bbquote_text_shadow_style,%91object Object%93&Prime; header_text_shadow_horizontal_length=\u00a0\u00bbheader_text_shadow_style,%91object Object%93&Prime; header_text_shadow_vertical_length=\u00a0\u00bbheader_text_shadow_style,%91object Object%93&Prime; header_text_shadow_blur_strength=\u00a0\u00bbheader_text_shadow_style,%91object Object%93&Prime; header_2_text_shadow_horizontal_length=\u00a0\u00bbheader_2_text_shadow_style,%91object Object%93&Prime; header_2_text_shadow_vertical_length=\u00a0\u00bbheader_2_text_shadow_style,%91object Object%93&Prime; header_2_text_shadow_blur_strength=\u00a0\u00bbheader_2_text_shadow_style,%91object Object%93&Prime; header_3_text_shadow_horizontal_length=\u00a0\u00bbheader_3_text_shadow_style,%91object Object%93&Prime; header_3_text_shadow_vertical_length=\u00a0\u00bbheader_3_text_shadow_style,%91object Object%93&Prime; header_3_text_shadow_blur_strength=\u00a0\u00bbheader_3_text_shadow_style,%91object Object%93&Prime; header_4_text_shadow_horizontal_length=\u00a0\u00bbheader_4_text_shadow_style,%91object Object%93&Prime; header_4_text_shadow_vertical_length=\u00a0\u00bbheader_4_text_shadow_style,%91object Object%93&Prime; header_4_text_shadow_blur_strength=\u00a0\u00bbheader_4_text_shadow_style,%91object Object%93&Prime; header_5_text_shadow_horizontal_length=\u00a0\u00bbheader_5_text_shadow_style,%91object Object%93&Prime; header_5_text_shadow_vertical_length=\u00a0\u00bbheader_5_text_shadow_style,%91object Object%93&Prime; header_5_text_shadow_blur_strength=\u00a0\u00bbheader_5_text_shadow_style,%91object Object%93&Prime; header_6_text_shadow_horizontal_length=\u00a0\u00bbheader_6_text_shadow_style,%91object Object%93&Prime; header_6_text_shadow_vertical_length=\u00a0\u00bbheader_6_text_shadow_style,%91object Object%93&Prime; header_6_text_shadow_blur_strength=\u00a0\u00bbheader_6_text_shadow_style,%91object Object%93&Prime; z_index_tablet=\u00a0\u00bb500&Prime;]<\/p>\n<div class=\"page\" title=\"Page 1\">\n<div class=\"layoutArea\">\n<div class=\"column\">\n<p>Le Conseil de Facult\u00e9 comprend, au maximum, 40 membres. Il est compos\u00e9 de repr\u00e9sentant.e.s \u00e9lus des enseignant.e.s-chercheur.e.s, chercheur.e.s, personnels BIATSS, repr\u00e9sentant.e.s \u00e9tudiant.e.s et de personnalit\u00e9s d\u00e9sign\u00e9es. Les Conseils de facult\u00e9 d\u00e9finissent la r\u00e9partition de moyens, r\u00e9partissent les postes d\u2019enseignants-chercheurs et de personnels administratifs dans le cadre d\u00e9fini par le S\u00e9nat Acad\u00e9mique.<\/p>\n<\/div>\n<\/div>\n<\/div>\n<p>[\/et_pb_text][\/et_pb_column][et_pb_column type=\u00a0\u00bb1_4&Prime;][\/et_pb_column][\/et_pb_row][et_pb_row][et_pb_column type=\u00a0\u00bb3_4&Prime;][et_pb_toggle admin_label=\u00a0\u00bbAttributions \u00a0\u00bb _builder_version=\u00a0\u00bb3.22.1&Prime; title=\u00a0\u00bbAttributions \u00a0\u00bb text_shadow_horizontal_length=\u00a0\u00bbtext_shadow_style,%91object Object%93&Prime; text_shadow_vertical_length=\u00a0\u00bbtext_shadow_style,%91object Object%93&Prime; text_shadow_blur_strength=\u00a0\u00bbtext_shadow_style,%91object Object%93&Prime; title_text_shadow_horizontal_length=\u00a0\u00bbtitle_text_shadow_style,%91object Object%93&Prime; title_text_shadow_vertical_length=\u00a0\u00bbtitle_text_shadow_style,%91object Object%93&Prime; title_text_shadow_blur_strength=\u00a0\u00bbtitle_text_shadow_style,%91object Object%93&Prime; body_text_shadow_horizontal_length=\u00a0\u00bbbody_text_shadow_style,%91object Object%93&Prime; body_text_shadow_vertical_length=\u00a0\u00bbbody_text_shadow_style,%91object Object%93&Prime; body_text_shadow_blur_strength=\u00a0\u00bbbody_text_shadow_style,%91object Object%93&Prime; z_index_tablet=\u00a0\u00bb500&Prime;]<\/p>\n<ol>\n<li>Il vote le projet de contrat d&rsquo;objectifs et de moyens soumis \u00e0 l&rsquo;approbation du s\u00e9nat acad\u00e9mique ;<\/li>\n<li>Il examine et approuve, dans le respect du contrat d&rsquo;objectifs et de moyens et dans la limite des ressources allou\u00e9es, le projet de budget de la facult\u00e9 qui est soumis \u00e0 l&rsquo;avis du s\u00e9nat acad\u00e9mique et au vote du conseil d&rsquo;administration ;<\/li>\n<li>Il r\u00e9partit les enveloppes respectivement allou\u00e9es \u00e0 la formation et \u00e0 la recherche en tenant compte des r\u00e8gles de r\u00e9partition fix\u00e9es par le s\u00e9nat acad\u00e9mique ;<\/li>\n<li>Il vote les statuts de la facult\u00e9 soumis \u00e0 l&rsquo;approbation du conseil d&rsquo;administration ;<\/li>\n<li>Il adopte et modifie le r\u00e8glement int\u00e9rieur de la facult\u00e9 apr\u00e8s avis de l&rsquo;ensemble des directeurs de composantes internes \u00e0 la facult\u00e9 ;<\/li>\n<li>Il rend un avis sur les statuts des composantes internes \u00e0 la facult\u00e9, propos\u00e9s par le conseil de composante et approuv\u00e9s par le s\u00e9nat acad\u00e9mique ;<\/li>\n<li>Il approuve le r\u00e8glement int\u00e9rieur des composantes internes \u00e0 la facult\u00e9 ;\u00a0<\/li>\n<li>Il approuve le r\u00e8glement int\u00e9rieur des structures de recherche vot\u00e9 par leurs conseils et \u00e9tabli dans le respect du cadre fix\u00e9 par le s\u00e9nat acad\u00e9mique ;<\/li>\n<li>Il rend un avis sur la proposition de cr\u00e9ation ou de suppression d&rsquo;une composante interne \u00e0 la facult\u00e9 ;<\/li>\n<li>Il rend un avis sur la cr\u00e9ation de structures de recherche ;<\/li>\n<li>Il approuve l&rsquo;offre de formation sur proposition de la commission Formation du conseil acad\u00e9mique ;<\/li>\n<li>Il approuve le bilan des actions de formation continue ;<\/li>\n<li>Il adopte les politiques de tarification des formations autres que celles qui d\u00e9livrent un dipl\u00f4me national, dans le respect du cadre \u00e9tabli par le s\u00e9nat acad\u00e9mique ;<\/li>\n<li>Il adopte la composition des commissions ad hoc propos\u00e9es par le doyen ;<\/li>\n<li>Il pr\u00e9pare le projet d&rsquo;accr\u00e9ditation pour les formations le concernant, accompagn\u00e9 du volet relatif \u00e0 leur soutenabilit\u00e9 ;<\/li>\n<li>Il adopte les mesures de qualit\u00e9 et de sant\u00e9 au travail de ses personnels ;<\/li>\n<li>Il approuve le profil et la r\u00e9partition des postes d\u2019enseignant-chercheurs et personnels assimil\u00e9s et d\u2019enseignants ouverts au recrutement au sein de la facult\u00e9 ;<\/li>\n<li>Il approuve le profil et la r\u00e9partition des postes des personnels des biblioth\u00e8ques, ing\u00e9nieurs, administratifs, et techniques ouvert au recrutement au sein de la facult\u00e9 ;<\/li>\n<li>Il d\u00e9signe ses repr\u00e9sentants au sein des conseils de facult\u00e9 des facult\u00e9s Soci\u00e9t\u00e9s et Humanit\u00e9s et sciences.<\/li>\n<\/ol>\n<p>Le conseil est consult\u00e9 et \u00e9met des voeux sur :<\/p>\n<ol>\n<li>La politique de coordination formation\/recherche mise en oeuvre au sein de la facult\u00e9 ;\u00a0<\/li>\n<li>Toute question que le conseil d\u2019administration lui soumet pour avis ;\u00a0<\/li>\n<li>La mise en oeuvre du contrat pluriannuel.\u00a0<\/li>\n<\/ol>\n<p>[\/et_pb_toggle][et_pb_toggle admin_label=\u00a0\u00bbComposition \u00a0\u00bb _builder_version=\u00a0\u00bb3.22.1&Prime; title=\u00a0\u00bbComposition\u00a0\u00bb text_shadow_horizontal_length=\u00a0\u00bbtext_shadow_style,%91object Object%93&Prime; text_shadow_vertical_length=\u00a0\u00bbtext_shadow_style,%91object Object%93&Prime; text_shadow_blur_strength=\u00a0\u00bbtext_shadow_style,%91object Object%93&Prime; title_text_shadow_horizontal_length=\u00a0\u00bbtitle_text_shadow_style,%91object Object%93&Prime; title_text_shadow_vertical_length=\u00a0\u00bbtitle_text_shadow_style,%91object Object%93&Prime; title_text_shadow_blur_strength=\u00a0\u00bbtitle_text_shadow_style,%91object Object%93&Prime; body_text_shadow_horizontal_length=\u00a0\u00bbbody_text_shadow_style,%91object Object%93&Prime; body_text_shadow_vertical_length=\u00a0\u00bbbody_text_shadow_style,%91object Object%93&Prime; body_text_shadow_blur_strength=\u00a0\u00bbbody_text_shadow_style,%91object Object%93&Prime; z_index_tablet=\u00a0\u00bb500&Prime;]<\/p>\n<div class=\"et_pb_module et_pb_toggle et_pb_toggle_0 et_pb_toggle_item et_pb_toggle_open\">\n<div class=\"et_pb_toggle_content clearfix\">\n<div class=\"column\">\n<h3>Pr\u00e9sident du Conseil de Facult\u00e9<\/h3>\n<blockquote>\n<p>Matthieu RESCHE-RIGON, Doyen de la Facult\u00e9 de Sant\u00e9<\/p>\n<\/blockquote>\n<\/div>\n<h3>Pr\u00e9sident Commission Recherche<\/h3>\n<blockquote>\n<p>Michel VIDAL, Vice-doyen Recherche de la Facult\u00e9 de Sant\u00e9<\/p>\n<\/blockquote>\n<h3>Pr\u00e9sident Commission Formation<\/h3>\n<blockquote>\n<p>Alain CARIOU, Vice-doyen Formation de la Facult\u00e9 de Sant\u00e9<\/p>\n<\/blockquote>\n<div class=\"column\">\n<h3>Coll\u00e8ge A<\/h3>\n<blockquote>\n<p>Yves BOUCHER<br \/>Martin FLAMANT<br \/>David FUKS<br \/>Sophie GIL<br \/>Marie-Christine LALLEMAND<br \/>G\u00e9raldine LESCAILLE<br \/>Isabelle MARGAILL<br \/>Luc MOUTHON<br \/>Matthieu RESCHE-RIGON<br \/>Frank RUEMMELE<\/p>\n<\/blockquote>\n<\/div>\n<h3>Coll\u00e8ge B<\/h3>\n<div class=\"column\">\n<blockquote>\n<p>Nicolas AUZEIL<br \/>Nadia BENTURQUIA<br \/>Julia BOSCO<br \/>Emmanuelle CARTRON<br \/>Julie CHAUMEIL<br \/>Emmanuel COGNAT<br \/>Louis DE MESTIER DU BOURG<br \/>Nathalie DEMBELE MAHE<br \/>Nathalie GAGEY-EILSTEIN<br \/>Georges JOURDI<\/p>\n<\/blockquote>\n<h3>Coll\u00e8ge BIATSS<\/h3>\n<blockquote>\n<p>Christine CHOQUEUX<br \/>Eric DESRENTES<br \/>Raja DJELIDI<br \/>Olivier GRIBOUVAL<br \/>Soraya MADANI<br \/>Sophie MAZAR<br \/>BrunoPALMIER<\/p>\n<\/blockquote>\n<h3>Coll\u00e8ge \u00e9tudiant titulaires<\/h3>\n<\/div>\n<blockquote>\n<p>Alice CAILLE<br \/>Jenifer EID<br \/>Damien GILLES<br \/>Liam NOEL<br \/>Mathilde OULD MESSAOUD<br \/>Nicolas PERRET<br \/>Lina SZENDY<\/p>\n<\/blockquote>\n<div class=\"column\">\n<h3>Coll\u00e8ge \u00e9tudiant suppl\u00e9ants<\/h3>\n<\/div>\n<blockquote>\n<p>Paula ARGUILLERE<br \/>Amin AZZI<br \/>Rafin CHOWDHURY MONZURUL HASAN<br \/>Claire DUMITRESCU<br \/>Axel GRAVIL<br \/>Juliette NIJDAM<br \/>Jeremie UZAN<\/p>\n<\/blockquote>\n<\/div>\n<\/div>\n<div class=\"et_pb_module et_pb_toggle et_pb_toggle_1 et_pb_toggle_item et_pb_toggle_close\">\u00a0<\/div>\n<p>[\/et_pb_toggle][et_pb_button admin_label=\u00a0\u00bbbouton -D\u00e9lib\u00e9rations\u00a0\u00bb button_url=\u00a0\u00bbhttps:\/\/cloud.wordpress-test.app.u-pariscite.fr\/s\/r7zxdgL9SiPLYCA\u00a0\u00bb button_text=\u00a0\u00bbD\u00e9lib\u00e9rations \u00a0\u00bb button_alignment=\u00a0\u00bbleft\u00a0\u00bb _builder_version=\u00a0\u00bb3.22.1&Prime; custom_button=\u00a0\u00bbon\u00a0\u00bb button_text_color=\u00a0\u00bb#ffffff\u00a0\u00bb button_bg_color=\u00a0\u00bb#8a1538&Prime; button_border_width=\u00a0\u00bb2&Prime; button_border_color=\u00a0\u00bb#8a1538&Prime; button_border_radius=\u00a0\u00bb26&Prime; button_icon=\u00a0\u00bb%%20%%\u00a0\u00bb button_icon_color=\u00a0\u00bb#ffffff\u00a0\u00bb button_on_hover=\u00a0\u00bboff\u00a0\u00bb background_layout=\u00a0\u00bbdark\u00a0\u00bb custom_css_after=\u00a0\u00bbmargin-left: 0!important;\u00a0\u00bb saved_tabs=\u00a0\u00bball\u00a0\u00bb background_layout__hover_enabled=\u00a0\u00bbon\u00a0\u00bb background_layout__hover=\u00a0\u00bblight\u00a0\u00bb button_bg_color__hover_enabled=\u00a0\u00bbon\u00a0\u00bb button_bg_color__hover=\u00a0\u00bb#ffffff\u00a0\u00bb button_icon_color__hover_enabled=\u00a0\u00bbon\u00a0\u00bb button_icon_color__hover=\u00a0\u00bb#8A1538&Prime; button_text_color__hover_enabled=\u00a0\u00bbon\u00a0\u00bb button_text_color__hover=\u00a0\u00bb#8A1538&Prime; custom_css_after__hover_enabled=\u00a0\u00bbon\u00a0\u00bb custom_css_after__hover=\u00a0\u00bbmargin-left: 0!important;\u00a0\u00bb button_text_shadow_horizontal_length=\u00a0\u00bbbutton_text_shadow_style,%91object Object%93&Prime; button_text_shadow_vertical_length=\u00a0\u00bbbutton_text_shadow_style,%91object Object%93&Prime; button_text_shadow_blur_strength=\u00a0\u00bbbutton_text_shadow_style,%91object Object%93&Prime; z_index_tablet=\u00a0\u00bb500&Prime; \/][et_pb_button admin_label=\u00a0\u00bbbouton -D\u00e9lib\u00e9rations 2020-2024&Prime; button_url=\u00a0\u00bbhttps:\/\/cloud.parisdescartes.fr\/index.php\/s\/j92BZienNz63GxR?path=%2FFacSant\u00e9_CFac_d\u00e9lib\u00e9rations\u00a0\u00bb button_text=\u00a0\u00bbD\u00e9lib\u00e9rations 2020-2024&Prime; button_alignment=\u00a0\u00bbleft\u00a0\u00bb _builder_version=\u00a0\u00bb3.22.1&Prime; custom_button=\u00a0\u00bbon\u00a0\u00bb button_text_color=\u00a0\u00bb#ffffff\u00a0\u00bb button_bg_color=\u00a0\u00bb#8a1538&Prime; button_border_width=\u00a0\u00bb2&Prime; button_border_color=\u00a0\u00bb#8a1538&Prime; button_border_radius=\u00a0\u00bb26&Prime; button_icon=\u00a0\u00bb%%20%%\u00a0\u00bb button_icon_color=\u00a0\u00bb#ffffff\u00a0\u00bb button_on_hover=\u00a0\u00bboff\u00a0\u00bb background_layout=\u00a0\u00bbdark\u00a0\u00bb custom_css_after=\u00a0\u00bbmargin-left: 0!important;\u00a0\u00bb saved_tabs=\u00a0\u00bball\u00a0\u00bb background_layout__hover_enabled=\u00a0\u00bbon\u00a0\u00bb background_layout__hover=\u00a0\u00bblight\u00a0\u00bb button_bg_color__hover_enabled=\u00a0\u00bbon\u00a0\u00bb button_bg_color__hover=\u00a0\u00bb#ffffff\u00a0\u00bb button_icon_color__hover_enabled=\u00a0\u00bbon\u00a0\u00bb button_icon_color__hover=\u00a0\u00bb#8A1538&Prime; button_text_color__hover_enabled=\u00a0\u00bbon\u00a0\u00bb button_text_color__hover=\u00a0\u00bb#8A1538&Prime; custom_css_after__hover_enabled=\u00a0\u00bbon\u00a0\u00bb custom_css_after__hover=\u00a0\u00bbmargin-left: 0!important;\u00a0\u00bb button_text_shadow_horizontal_length=\u00a0\u00bbbutton_text_shadow_style,%91object Object%93&Prime; button_text_shadow_vertical_length=\u00a0\u00bbbutton_text_shadow_style,%91object Object%93&Prime; button_text_shadow_blur_strength=\u00a0\u00bbbutton_text_shadow_style,%91object Object%93&Prime; z_index_tablet=\u00a0\u00bb500&Prime; \/][\/et_pb_column][et_pb_column type=\u00a0\u00bb1_4&Prime;][\/et_pb_column][\/et_pb_row][\/et_pb_section][et_pb_section bb_built=\u00a0\u00bb1&Prime; specialty=\u00a0\u00bboff\u00a0\u00bb _builder_version=\u00a0\u00bb3.21&Prime; custom_padding=\u00a0\u00bb0px||0px|\u00a0\u00bb prev_background_color=\u00a0\u00bb#000000&Prime; inner_width=\u00a0\u00bbauto\u00a0\u00bb inner_max_width=\u00a0\u00bbnone\u00a0\u00bb][et_pb_row _builder_version=\u00a0\u00bb3.19.11&Prime; width=\u00a0\u00bb80%\u00a0\u00bb max_width=\u00a0\u00bb1080px\u00a0\u00bb][et_pb_column type=\u00a0\u00bb4_4&Prime;][et_pb_text admin_label=\u00a0\u00bb\u00c0 lire aussi\u00a0\u00bb _builder_version=\u00a0\u00bb3.21&Prime;]<\/p>\n<h2><span class=\"st\">\u00c0<\/span> lire aussi<\/h2>\n<p>[\/et_pb_text][et_pb_blog _builder_version=\u00a0\u00bb3.21&Prime; posts_number=\u00a0\u00bb4&Prime; include_categories=\u00a0\u00bb13&Prime; show_author=\u00a0\u00bboff\u00a0\u00bb show_date=\u00a0\u00bboff\u00a0\u00bb show_pagination=\u00a0\u00bboff\u00a0\u00bb border_width_bottom_fullwidth=\u00a0\u00bb1px\u00a0\u00bb border_color_bottom_fullwidth=\u00a0\u00bbrgba(51,51,51,0.18)\u00a0\u00bb custom_padding=\u00a0\u00bb||50px|\u00a0\u00bb module_id=\u00a0\u00bbpage_type_blog\u00a0\u00bb header_level=\u00a0\u00bbh4&Prime; \/][\/et_pb_column][\/et_pb_row][\/et_pb_section]<\/p>\n","protected":false},"excerpt":{"rendered":"<div class=\"et_pb_row et_pb_row_0 et_pb_row_empty\"><\/div>\n<div class=\"et_pb_row et_pb_row_1 et_pb_row_empty\"><\/div>\n<p> Le Conseil de Facult\u00e9 comprend, au maximum, 40 membres. Il est compos\u00e9 de repr\u00e9sentant.e.s \u00e9lus des enseignant.e.s-chercheur.e.s, chercheur.e.s, personnels BIATSS, repr\u00e9sentant.e.s \u00e9tudiant.e.s et de personnalit\u00e9s d\u00e9sign\u00e9es. Les Conseils de facult\u00e9 d\u00e9finissent la r\u00e9partition de moyens, r\u00e9partissent les postes d\u2019enseignants-chercheurs et de personnels administratifs dans le cadre d\u00e9fini par le S\u00e9nat Acad\u00e9mique. <\/p>\n<div class=\"et_pb_row et_pb_row_2 et_pb_row_empty\"><\/div>\n<p> Il vote&hellip; <a class=\"continue\" href=\"https:\/\/wordpress-test.app.u-pariscite.fr\/sante\/conseil-de-faculte\/\">Lire la suite<span> Conseil de Facult\u00e9<\/span><\/a><\/p>\n","protected":false},"author":113,"featured_media":0,"parent":0,"menu_order":0,"comment_status":"closed","ping_status":"closed","template":"","meta":{"_et_pb_use_builder":"on","_et_pb_old_content":"","_et_gb_content_width":"","footnotes":""},"class_list":["post-7233","page","type-page","status-publish","hentry"],"_links":{"self":[{"href":"https:\/\/wordpress-test.app.u-pariscite.fr\/sante\/wp-json\/wp\/v2\/pages\/7233","targetHints":{"allow":["GET"]}}],"collection":[{"href":"https:\/\/wordpress-test.app.u-pariscite.fr\/sante\/wp-json\/wp\/v2\/pages"}],"about":[{"href":"https:\/\/wordpress-test.app.u-pariscite.fr\/sante\/wp-json\/wp\/v2\/types\/page"}],"author":[{"embeddable":true,"href":"https:\/\/wordpress-test.app.u-pariscite.fr\/sante\/wp-json\/wp\/v2\/users\/113"}],"replies":[{"embeddable":true,"href":"https:\/\/wordpress-test.app.u-pariscite.fr\/sante\/wp-json\/wp\/v2\/comments?post=7233"}],"version-history":[{"count":12,"href":"https:\/\/wordpress-test.app.u-pariscite.fr\/sante\/wp-json\/wp\/v2\/pages\/7233\/revisions"}],"predecessor-version":[{"id":12011,"href":"https:\/\/wordpress-test.app.u-pariscite.fr\/sante\/wp-json\/wp\/v2\/pages\/7233\/revisions\/12011"}],"wp:attachment":[{"href":"https:\/\/wordpress-test.app.u-pariscite.fr\/sante\/wp-json\/wp\/v2\/media?parent=7233"}],"curies":[{"name":"wp","href":"https:\/\/api.w.org\/{rel}","templated":true}]}}