{"id":11534,"date":"2024-07-16T17:05:42","date_gmt":"2024-07-16T15:05:42","guid":{"rendered":"https:\/\/wordpress-test.app.u-pariscite.fr\/sante\/?page_id=11534"},"modified":"2024-10-18T16:30:04","modified_gmt":"2024-10-18T14:30:04","slug":"formations-specialisees-en-matiere-de-sante-de-securite-et-de-condition-de-travail-f3sct","status":"publish","type":"page","link":"https:\/\/wordpress-test.app.u-pariscite.fr\/sante\/formations-specialisees-en-matiere-de-sante-de-securite-et-de-condition-de-travail-f3sct\/","title":{"rendered":"Formations Sp\u00e9cialis\u00e9es en mati\u00e8re de Sant\u00e9, de S\u00e9curit\u00e9 et de Condition de Travail (F3SCT)"},"content":{"rendered":"<p>[et_pb_section bb_built=\u00a0\u00bb1&Prime; _builder_version=\u00a0\u00bb3.22&Prime; next_background_color=\u00a0\u00bb#000000&Prime;][et_pb_row _builder_version=\u00a0\u00bb3.22&Prime; background_size=\u00a0\u00bbinitial\u00a0\u00bb background_position=\u00a0\u00bbtop_left\u00a0\u00bb background_repeat=\u00a0\u00bbrepeat\u00a0\u00bb][et_pb_column type=\u00a0\u00bb4_4&Prime;][et_pb_post_title admin_label=\u00a0\u00bbTitre de la page\u00a0\u00bb meta=\u00a0\u00bboff\u00a0\u00bb featured_image=\u00a0\u00bboff\u00a0\u00bb _builder_version=\u00a0\u00bb3.22.1&Prime; z_index_tablet=\u00a0\u00bb500&Prime;]<\/p>\n<p>[\/et_pb_post_title][\/et_pb_column][\/et_pb_row][et_pb_row _builder_version=\u00a0\u00bb3.22&Prime; background_size=\u00a0\u00bbinitial\u00a0\u00bb background_position=\u00a0\u00bbtop_left\u00a0\u00bb background_repeat=\u00a0\u00bbrepeat\u00a0\u00bb][et_pb_column type=\u00a0\u00bb4_4&Prime;][et_pb_toggle admin_label=\u00a0\u00bbBascule Missions\u00a0\u00bb title=\u00a0\u00bbMissions\u00a0\u00bb _builder_version=\u00a0\u00bb3.22.1&Prime; z_index_tablet=\u00a0\u00bb500&Prime;]<\/p>\n<div class=\"et_pb_column et_pb_column_4_4 et_pb_column_1 et_pb_css_mix_blend_mode_passthrough et-last-child\">\n<div class=\"et_pb_module et_pb_text et_pb_text_0 et_pb_bg_layout_light et_pb_text_align_left\">\n<div class=\"et_pb_text_inner\">\n<p>La <span class=\"BxUVEf ILfuVd\" lang=\"fr\"><span class=\"hgKElc\"><strong>formation sp\u00e9cialis\u00e9e en mati\u00e8re de sant\u00e9, s\u00e9curit\u00e9 et conditions de travail (F3SCT)<\/strong> de la Facult\u00e9 de Sant\u00e9 est consult\u00e9e sur :\u00a0 <\/span><\/span><\/p>\n<ol>\n<li>La teneur de l\u2019ensemble des documents se rattachant \u00e0 sa mission, et notamment des <strong>r\u00e8glements et des consignes que l\u2019administration envisage d\u2019adopter en mati\u00e8re de sant\u00e9, de s\u00e9curit\u00e9 et de conditions de travail<\/strong><\/li>\n<li>Les projets de texte, relatifs \u00e0 la <strong>protection de la sant\u00e9 physique et mentale<\/strong>, \u00e0 l\u2019<strong>hygi\u00e8ne,<\/strong> \u00e0 la <strong>s\u00e9curit\u00e9<\/strong> des agents dans leur travail, \u00e0 l\u2019<strong>organisation du travail<\/strong>, au <strong>t\u00e9l\u00e9travail<\/strong>, aux enjeux li\u00e9s \u00e0 la d\u00e9connexion et aux dispositifs de <strong>r\u00e9gulation de l\u2019utilisation des outils num\u00e9riques<\/strong>, \u00e0 l\u2019<strong>am\u00e9lioration des conditions de travail<\/strong> et aux <strong>prescriptions l\u00e9gales<\/strong> y aff\u00e9rentes<\/li>\n<li>Les <strong>projets d\u2019am\u00e9nagements<\/strong> importants modifiant les conditions de sant\u00e9 et de s\u00e9curit\u00e9 ou les conditions de travail et, notamment, avant toute transformation importante des postes de travail d\u00e9coulant de la modification de l\u2019outillage, d\u2019un <strong>changement de produit ou de l\u2019organisation du travail<\/strong>, avant toute modification de l\u2019organisation et du temps de travail, des cadences et des normes de productivit\u00e9 li\u00e9es ou non \u00e0 la r\u00e9mun\u00e9ration du travail<\/li>\n<li>Les projets importants d\u2019<strong>introduction de nouvelles technologies<\/strong> et lors de l\u2019introduction de ces nouvelles technologies, lorsqu\u2019elles sont susceptibles d\u2019avoir des cons\u00e9quences sur la sant\u00e9 et la s\u00e9curit\u00e9 des agents<\/li>\n<li>La mise en \u0153uvre des mesures prises en vue de faciliter la mise, la <strong>remise ou le maintien au travail des accident\u00e9s du travail et des travailleurs handicap\u00e9s<\/strong>, notamment sur l\u2019am\u00e9nagement des postes de travail<\/li>\n<\/ol>\n<p>&nbsp;<\/p>\n<\/div>\n<\/div>\n<\/div>\n<p>[\/et_pb_toggle][et_pb_toggle admin_label=\u00a0\u00bbBascule \u00c9lu.es et invit\u00e9.es\u00a0\u00bb title=\u00a0\u00bb\u00c9lu.es et invit\u00e9.es\u00a0\u00bb _builder_version=\u00a0\u00bb3.22.1&Prime; z_index_tablet=\u00a0\u00bb500&Prime;]<\/p>\n<p><strong>Pr\u00e9sident<\/strong><br \/>Matthieu RESCHE-RIGON, Doyen de la Facult\u00e9 de Sant\u00e9<\/p>\n<p><strong>Repr\u00e9sentante de l&rsquo;autorit\u00e9 en mati\u00e8re de gestion des ressources humaines<\/strong><br \/>Blandine CAZIN, Directrice du p\u00f4le RH de la Facult\u00e9 de Sant\u00e9<\/p>\n<p><strong>M\u00e9decins du travail<\/strong><br \/>Pol BLEUVEN<br \/>Vanina DE LAROUZI\u00c8RE<br \/>Isabelle ROQUE<br \/>Laurent ZAVIDOVIQUE<\/p>\n<p><strong>Ing\u00e9nieurs de pr\u00e9vention<\/strong><br \/>Yann COUTARD<br \/>Nora GUILLEMIN<br \/>Naila HAMID<br \/>J\u00e9r\u00f4me LOROTTE<br \/>Esther PORTUGAIS<br \/>Magdalena SAINT-PIERRE<br \/>Olivier SALTIEL<br \/>Laura STREK<br \/>Morgane ZAOUI<\/p>\n<p><strong>Inspectrice de s\u00e9curit\u00e9 et de sant\u00e9 au travail<\/strong><br \/>Laure VILLARROYA-GIRARD<\/p>\n<p><strong>Sous-directeur inclusion, RSE, temps de travail et dialogue social<\/strong><br \/>Cl\u00e9ment HUSSON<\/p>\n<p><strong>Chef de d\u00e9partement dialogue social<\/strong><br \/>Philippe LAROCHETTE<\/p>\n<p><strong>Expertes du dialogue sociale de la Direction des ressources humaines et des organisations (DRHO) de l&rsquo;universit\u00e9 Paris Cit\u00e9<\/strong><br \/>Margaux BOUE<br \/>Ma\u00efmouna DIAGNE<\/p>\n<p><strong>Repr\u00e9sentants du personnel CGT FERC SUP<\/strong><br \/>Rapha\u00ebl DENIS<br \/>Rudy URSULE-DUFAIT<br \/>Alan CATHELINE<br \/>Yvan NOBLESSE<\/p>\n<p><strong>Repr\u00e9sentants du personnel FSU<br \/><\/strong>Guillaume GAPIHAN<br \/>Mich\u00e8le SALEM<br \/>H\u00e9l\u00e8ne CHARDIN<br \/>Juliane ISAAC<\/p>\n<p><strong>Repr\u00e9sentants du personnel SGEN CFDT<br \/><\/strong>Lucie HERNANDEZ<br \/>Christophe LEBOEUF<br \/>Fabienne WARIN<\/p>\n<p><strong>Repr\u00e9sentants du personnel UNSA EDU<br \/><\/strong>Christine CHOQUEUX<br \/>\u00c9ric DESRENTES<br \/>Bruno PALMIER<br \/>Pierre SAINT-DIZIER<strong><br \/><\/strong><\/p>\n<p>&nbsp;<\/p>\n<p>&nbsp;<\/p>\n<p>[\/et_pb_toggle][et_pb_toggle admin_label=\u00a0\u00bbBascule Calendrier\u00a0\u00bb title=\u00a0\u00bbCalendrier\u00a0\u00bb _builder_version=\u00a0\u00bb3.22.1&Prime; z_index_tablet=\u00a0\u00bb500&Prime;]<\/p>\n<ul>\n<li>20 octobre 2023<\/li>\n<li>21 janvier 2024<\/li>\n<li>12 avril 2024<\/li>\n<li>5 Mai 2024<\/li>\n<li>5 juillet 2024<\/li>\n<\/ul>\n<p>[\/et_pb_toggle][et_pb_toggle admin_label=\u00a0\u00bbBascule Contacts des \u00e9lus de la F3SCT\u00a0\u00bb title=\u00a0\u00bbContacts des \u00e9lus de la F3SCT\u00a0\u00bb _builder_version=\u00a0\u00bb3.22.1&Prime; z_index_tablet=\u00a0\u00bb500&Prime;]<\/p>\n<p><strong>CGT FERC SUP<\/strong><br \/><a href=\"mailto:raphael.denis@wordpress-test.app.u-pariscite.fr\">Rapha\u00ebl DENIS<\/a><br \/><a href=\"mailto:rudy.ursule-dufait@wordpress-test.app.u-pariscite.fr\">Rudy URSULE-DUFAIT<\/a><br \/><a href=\"mailto:alan.catheline@wordpress-test.app.u-pariscite.fr\">Alan CATHELINE<\/a><br \/><a href=\"mailto:yvan.noblesse@wordpress-test.app.u-pariscite.fr\">Yvan NOBLESSE<\/a><\/p>\n<p><strong>FSU<br \/><\/strong><a href=\"mailto:guillaume.gapihan@wordpress-test.app.u-pariscite.fr\">Guillaume GAPIHAN<\/a><br \/><a href=\"mailto:michele.salem@wordpress-test.app.u-pariscite.fr\">Mich\u00e8le SALEM<\/a><br \/><a href=\"mailto:helene.chardin@wordpress-test.app.u-pariscite.fr\">H\u00e9l\u00e8ne CHARDIN<\/a><br \/><a href=\"mailto:juliane.isaac@wordpress-test.app.u-pariscite.fr\">Juliane ISAAC<\/a><\/p>\n<p><strong>SGEN CFDT<br \/><\/strong><a href=\"mailto:lucie.hernandez@wordpress-test.app.u-pariscite.fr\">Lucie HERNANDEZ<\/a><br \/><a href=\"mailto:christophe.leboeuf@wordpress-test.app.u-pariscite.fr\">Christophe LEBOEUF<\/a><br \/><a href=\"mailto:fabienne.warin@wordpress-test.app.u-pariscite.fr\">Fabienne WARIN<\/a><\/p>\n<p><strong>UNSA EDU<br \/><\/strong><a href=\"mailto:christine.choqueux@wordpress-test.app.u-pariscite.fr\">Christine CHOQUEUX<\/a><br \/><a href=\"mailto:eric.desrentes@wordpress-test.app.u-pariscite.fr\">\u00c9ric DESRENTES<\/a><br \/><a href=\"mailto:bruno.palmier@wordpress-test.app.u-pariscite.fr\">Bruno PALMIER<\/a><br \/><a href=\"mailto:pierre.saint-dizier@wordpress-test.app.u-pariscite.fr\">Pierre SAINT-DIZIER<\/a><\/p>\n<p>[\/et_pb_toggle][et_pb_button admin_label=\u00a0\u00bbBouton CR et D\u00e9lib\u00e9rations\u00a0\u00bb button_text=\u00a0\u00bbComptes rendus et d\u00e9lib\u00e9rations (\u00e0 venir)\u00a0\u00bb _builder_version=\u00a0\u00bb3.22.1&Prime; custom_button=\u00a0\u00bbon\u00a0\u00bb button_text_color=\u00a0\u00bb#ffffff\u00a0\u00bb button_bg_color=\u00a0\u00bb#8a1538&Prime; z_index_tablet=\u00a0\u00bb500&Prime; custom_margin=\u00a0\u00bb53px|||||\u00a0\u00bb button_text_shadow_horizontal_length=\u00a0\u00bbbutton_text_shadow_style,%91object Object%93&Prime; button_text_shadow_vertical_length=\u00a0\u00bbbutton_text_shadow_style,%91object Object%93&Prime; button_text_shadow_blur_strength=\u00a0\u00bbbutton_text_shadow_style,%91object Object%93&Prime;]<\/p>\n<p>[\/et_pb_button][\/et_pb_column][\/et_pb_row][\/et_pb_section][et_pb_section bb_built=\u00a0\u00bb1&Prime; _builder_version=\u00a0\u00bb3.22&Prime; custom_padding=\u00a0\u00bb0px||0px|\u00a0\u00bb prev_background_color=\u00a0\u00bb#000000&Prime;][et_pb_row _builder_version=\u00a0\u00bb3.22&Prime;][et_pb_column type=\u00a0\u00bb4_4&Prime;][et_pb_text admin_label=\u00a0\u00bb\u00c0 lire aussi\u00a0\u00bb _builder_version=\u00a0\u00bb3.21&Prime;]<\/p>\n<h2><span class=\"st\">\u00c0<\/span> lire aussi<\/h2>\n<p>[\/et_pb_text][et_pb_blog posts_number=\u00a0\u00bb4&Prime; include_categories=\u00a0\u00bb13&Prime; show_author=\u00a0\u00bboff\u00a0\u00bb show_date=\u00a0\u00bboff\u00a0\u00bb show_pagination=\u00a0\u00bboff\u00a0\u00bb module_id=\u00a0\u00bbpage_type_blog\u00a0\u00bb _builder_version=\u00a0\u00bb3.21&Prime; header_level=\u00a0\u00bbh4&Prime; border_width_bottom_fullwidth=\u00a0\u00bb1px\u00a0\u00bb border_color_bottom_fullwidth=\u00a0\u00bbrgba(51,51,51,0.18)\u00a0\u00bb custom_padding=\u00a0\u00bb||50px|\u00a0\u00bb]<\/p>\n<p>[\/et_pb_blog][\/et_pb_column][\/et_pb_row][\/et_pb_section]<\/p>\n","protected":false},"excerpt":{"rendered":"<p>La formation sp\u00e9cialis\u00e9e en mati\u00e8re de sant\u00e9, s\u00e9curit\u00e9 et conditions de travail (F3SCT) de la Facult\u00e9 de Sant\u00e9 est consult\u00e9e sur :\u00a0 La teneur de l\u2019ensemble des documents se rattachant \u00e0 sa mission, et notamment des r\u00e8glements et des consignes que l\u2019administration envisage d\u2019adopter en mati\u00e8re de sant\u00e9, de s\u00e9curit\u00e9 et de conditions de travail&hellip; <a class=\"continue\" href=\"https:\/\/wordpress-test.app.u-pariscite.fr\/sante\/formations-specialisees-en-matiere-de-sante-de-securite-et-de-condition-de-travail-f3sct\/\">Lire la suite<span> Formations Sp\u00e9cialis\u00e9es en mati\u00e8re de Sant\u00e9, de S\u00e9curit\u00e9 et de Condition de Travail (F3SCT)<\/span><\/a><\/p>\n","protected":false},"author":185,"featured_media":0,"parent":0,"menu_order":0,"comment_status":"closed","ping_status":"closed","template":"","meta":{"_et_pb_use_builder":"on","_et_pb_old_content":"","_et_gb_content_width":"","footnotes":""},"class_list":["post-11534","page","type-page","status-publish","hentry"],"_links":{"self":[{"href":"https:\/\/wordpress-test.app.u-pariscite.fr\/sante\/wp-json\/wp\/v2\/pages\/11534","targetHints":{"allow":["GET"]}}],"collection":[{"href":"https:\/\/wordpress-test.app.u-pariscite.fr\/sante\/wp-json\/wp\/v2\/pages"}],"about":[{"href":"https:\/\/wordpress-test.app.u-pariscite.fr\/sante\/wp-json\/wp\/v2\/types\/page"}],"author":[{"embeddable":true,"href":"https:\/\/wordpress-test.app.u-pariscite.fr\/sante\/wp-json\/wp\/v2\/users\/185"}],"replies":[{"embeddable":true,"href":"https:\/\/wordpress-test.app.u-pariscite.fr\/sante\/wp-json\/wp\/v2\/comments?post=11534"}],"version-history":[{"count":16,"href":"https:\/\/wordpress-test.app.u-pariscite.fr\/sante\/wp-json\/wp\/v2\/pages\/11534\/revisions"}],"predecessor-version":[{"id":12103,"href":"https:\/\/wordpress-test.app.u-pariscite.fr\/sante\/wp-json\/wp\/v2\/pages\/11534\/revisions\/12103"}],"wp:attachment":[{"href":"https:\/\/wordpress-test.app.u-pariscite.fr\/sante\/wp-json\/wp\/v2\/media?parent=11534"}],"curies":[{"name":"wp","href":"https:\/\/api.w.org\/{rel}","templated":true}]}}