{"id":11144,"date":"2023-11-20T12:07:20","date_gmt":"2023-11-20T11:07:20","guid":{"rendered":"https:\/\/wordpress-test.app.u-pariscite.fr\/sante\/?page_id=11144"},"modified":"2024-11-04T13:15:36","modified_gmt":"2024-11-04T12:15:36","slug":"digihealth","status":"publish","type":"page","link":"https:\/\/wordpress-test.app.u-pariscite.fr\/sante\/digihealth\/","title":{"rendered":"DigiHealth Paris Cit\u00e9 : La r\u00e9volution de l&rsquo;enseignement de la sant\u00e9 num\u00e9rique"},"content":{"rendered":"<p>[et_pb_section bb_built=\u00a0\u00bb1&Prime; _builder_version=\u00a0\u00bb3.22&Prime; next_background_color=\u00a0\u00bb#000000&Prime;][et_pb_row _builder_version=\u00a0\u00bb3.22&Prime; background_size=\u00a0\u00bbinitial\u00a0\u00bb background_position=\u00a0\u00bbtop_left\u00a0\u00bb background_repeat=\u00a0\u00bbrepeat\u00a0\u00bb][et_pb_column type=\u00a0\u00bb4_4&Prime;][et_pb_post_title admin_label=\u00a0\u00bbTitre de la page\u00a0\u00bb meta=\u00a0\u00bboff\u00a0\u00bb featured_image=\u00a0\u00bboff\u00a0\u00bb _builder_version=\u00a0\u00bb3.19.11&Prime;]<\/p>\n<p><\/p>\n<p>[\/et_pb_post_title][\/et_pb_column][\/et_pb_row][et_pb_row _builder_version=\u00a0\u00bb3.22&Prime; background_size=\u00a0\u00bbinitial\u00a0\u00bb background_position=\u00a0\u00bbtop_left\u00a0\u00bb background_repeat=\u00a0\u00bbrepeat\u00a0\u00bb][et_pb_column type=\u00a0\u00bb3_4&Prime;][et_pb_text admin_label=\u00a0\u00bbIntro\u00a0\u00bb module_id=\u00a0\u00bbintro\u00a0\u00bb _builder_version=\u00a0\u00bb3.22.1&Prime; z_index_tablet=\u00a0\u00bb500&Prime;]<\/p>\n<div class=\"page\" title=\"Page 1\">\n<div class=\"layoutArea\">\n<div class=\"column\">\n<p>Universit\u00e9 Paris Cit\u00e9 (UPCit\u00e9), en collaboration avec ses partenaires Arts et M\u00e9tiers ENSAM, l\u2019Assistance Publique des H\u00f4pitaux de Paris (AP-HP), l\u2019\u00c9cole d\u2019Ing\u00e9nieur EPITA, Cegedim Sant\u00e9, Sant\u00e9 Acad\u00e9mie, et Tricky, se lance dans un ambitieux projet, dans le cadre de l\u2019AMI CMA\u00a0 Comp\u00e9tence et M\u00e9tiers d&rsquo;Avenir France 2030 (Co\u00fbt total du projet : 12,45M\u20ac, Financement France 2030 : 4M\u20ac). Ce projet novateur, nomm\u00e9 DigiHealth Paris Cit\u00e9, vise \u00e0 d\u00e9velopper les connaissances et comp\u00e9tences en sant\u00e9 num\u00e9rique dans tous les cursus de sant\u00e9 et certaines fili\u00e8res scientifiques au sein d\u2019Universit\u00e9 Paris Cit\u00e9 (Facult\u00e9s Sant\u00e9 et Sciences).<\/p>\n<p>&nbsp;<\/p>\n<\/div>\n<\/div>\n<\/div>\n<p>[\/et_pb_text][\/et_pb_column][et_pb_column type=\u00a0\u00bb1_4&Prime;][\/et_pb_column][\/et_pb_row][et_pb_row module_id=\u00a0\u00bbimage-page-type\u00a0\u00bb _builder_version=\u00a0\u00bb3.22&Prime;][et_pb_column type=\u00a0\u00bb3_4&Prime;][et_pb_image admin_label=\u00a0\u00bbImage 1920 x 1080&Prime; src=\u00a0\u00bbhttps:\/\/wordpress-test.app.u-pariscite.fr\/sante\/wp-content\/uploads\/sites\/19\/2023\/11\/AdobeStock_212186133.jpg\u00a0\u00bb module_id=\u00a0\u00bbimage-page\u00a0\u00bb _builder_version=\u00a0\u00bb3.22.1&Prime; z_index_tablet=\u00a0\u00bb500&Prime;]<\/p>\n<p><\/p>\n<p>[\/et_pb_image][\/et_pb_column][et_pb_column type=\u00a0\u00bb1_4&Prime;][et_pb_text admin_label=\u00a0\u00bbTexte image\u00a0\u00bb module_id=\u00a0\u00bbtexte-image\u00a0\u00bb _builder_version=\u00a0\u00bb3.22.1&Prime; custom_margin=\u00a0\u00bb|-15px||\u00a0\u00bb z_index_tablet=\u00a0\u00bb500&Prime;]<\/p>\n<p><\/p>\n<p>[\/et_pb_text][\/et_pb_column][\/et_pb_row][et_pb_row _builder_version=\u00a0\u00bb3.22&Prime; background_size=\u00a0\u00bbinitial\u00a0\u00bb background_position=\u00a0\u00bbtop_left\u00a0\u00bb background_repeat=\u00a0\u00bbrepeat\u00a0\u00bb][et_pb_column type=\u00a0\u00bb3_4&Prime;][et_pb_text module_id=\u00a0\u00bbcontenu\u00a0\u00bb _builder_version=\u00a0\u00bb3.22.1&Prime; z_index_tablet=\u00a0\u00bb500&Prime;]<\/p>\n<h2>Objectifs et vision<\/h2>\n<p>DigiHealth Paris Cit\u00e9 adopte une approche transversale et pluridisciplinaire pour capitaliser sur des formations d\u2019excellence et des dispositifs reconnus nationalement et internationalement. Le projet mise sur la digitalisation, les interactivit\u00e9s accrues et des dispositifs innovants tels que le Digital Health Lab (ILumens) et le Metavers, favorisant l\u2019apprentissage par la mise en situation.<\/p>\n<p>Le consortium, regroupant des \u00e9tablissements et entreprises rayonnant au niveau national voire europ\u00e9en, se fixe trois objectifs majeurs :<\/p>\n<ol>\n<li>Pr\u00e9parer les \u00e9tudiants et les professionnels de sant\u00e9 \u00e0 leur futur exercice de soins et \u00e0 d\u2019autres emplois de la e-sant\u00e9.<\/li>\n<li>Faire \u00e9merger les futurs leaders et experts de la sant\u00e9 num\u00e9rique parmi les \u00e9tudiants et professionnels de sant\u00e9.<\/li>\n<li>Encourager l\u2019\u00e9mergence des futurs sp\u00e9cialistes et porteurs d\u2019innovation en num\u00e9rique en sant\u00e9 parmi les \u00e9tudiants, ing\u00e9nieurs et professionnels issus des fili\u00e8res scientifiques, notamment informatique et math\u00e9matiques.<\/li>\n<\/ol>\n<h2>Public et programmes de formation<\/h2>\n<p>Le public cible de DigiHealth Paris Cit\u00e9 englobe les \u00e9tudiants et les professionnels issus des fili\u00e8res sant\u00e9 (m\u00e9decine, odontologie, pharmacie, sciences infirmi\u00e8res, ma\u00efeutique, r\u00e9\u00e9ducation incluant kin\u00e9sith\u00e9rapie, orthoptie, p\u00e9dicure-podologue) ainsi que ceux issus des fili\u00e8res scientifiques (informatique, math\u00e9matiques).<\/p>\n<p>Pour les fili\u00e8res sant\u00e9, le projet propose une mont\u00e9e progressive en comp\u00e9tences tout au long des cursus, via diff\u00e9rents modules tels que\u00a0: un module transversal socle en 1er cycle, des modules d\u2019approfondissement (modules sp\u00e9cifiques aux diff\u00e9rents exercices professionnels en 1<sup>er<\/sup> ou 2<sup>\u00e8me<\/sup> cycle, modules DPC (D\u00e9veloppement Professionnel Continu) en formation continue), et une mise en pratique via la simulation et des stages sur le terrain. En parall\u00e8le, des formations expertes en sant\u00e9 num\u00e9rique seront offertes, notamment le Master Sant\u00e9 Num\u00e9rique-Technologies et Intelligence Artificielle et le DU Expertise et Pratiques Avanc\u00e9es.<\/p>\n<p>Du c\u00f4t\u00e9 des fili\u00e8res scientifiques, DigiHealth Paris Cit\u00e9 ambitionne de former des sp\u00e9cialistes en num\u00e9rique poss\u00e9dant une double culture informatique et sant\u00e9, via deux masters\u00a0: le Master BioMedical Engineering Paris dans lequel seront cr\u00e9\u00e9s \u00a0un nouveau parcours (Engineering and Innovation in eHealth) que des majeurs et mineures dans les 5 parcours d\u00e9j\u00e0 existant\u00a0; le\u00a0 Master Math\u00e9matiques, Donn\u00e9es, Apprentissage, dans lequel seront int\u00e9gr\u00e9es des certifications eSant\u00e9 dans deux parcours, renfor\u00e7ant ainsi le lien entre les domaines de la sant\u00e9 et des sciences.<\/p>\n<h2>Modalit\u00e9s de formation<\/h2>\n<p>Les modalit\u00e9s de formation mettent l\u2019accent sur l\u2019excellence, l\u2019innovation et l\u2019entrepreneuriat. L\u2019apprentissage se fait par la mise en situation \u00e0 travers des dispositifs tels que le Digital Health Lab (I-Lumens), les technologies immersives et interactives 3D (Metavers), les jeux s\u00e9rieux, les jeux de donn\u00e9es AP-HP, les projets, les simulations et les terrains d\u2019apprentissage.<\/p>\n<h2>Vers l\u2019avenir : les perspectives de 2028 et impacts attendus<\/h2>\n<p>En 2028, s\u2019appuyant sur des dispositifs innovants, Universit\u00e9 Paris Cit\u00e9 proposera une gamme \u00e9tendue de formations initiales et continues en sant\u00e9 num\u00e9rique, avec l\u2019objectif de :<\/p>\n<ul>\n<li><strong>Certifier + de 3000 \u00e9tudiants en sant\u00e9 par an<\/strong>, via un module transversal en 1<sup>er<\/sup> cycle<\/li>\n<li><strong>D\u00e9velopper des comp\u00e9tences approfondies de + de 2000 \u00e9tudiants et professionnels en sant\u00e9 par an<\/strong>, via des modules d\u2019approfondissement, de simulation et des terrains de stage<\/li>\n<li><strong>Former + de 200 experts sant\u00e9 par an,<\/strong> via un master Sant\u00e9 Num\u00e9rique &#8211; Technologies et Intelligence Artificielle et un DU<\/li>\n<li><strong>Sp\u00e9cialiser + 400 \u00e9tudiants et professionnels en sciences<\/strong> via le master BioMedical Engineering Paris et le master Math\u00e9matiques, Donn\u00e9es, Apprentissage<\/li>\n<\/ul>\n<p>En r\u00e9sum\u00e9, DigiHealth Paris Cit\u00e9 s\u2019inscrit comme un projet pionnier qui catalyse l\u2019int\u00e9gration de la sant\u00e9 num\u00e9rique dans l\u2019enseignement et la pratique m\u00e9dicale, ouvrant ainsi la voie \u00e0 une g\u00e9n\u00e9ration de professionnels de la sant\u00e9 et en sciences parfaitement outill\u00e9s pour relever les d\u00e9fis du monde num\u00e9rique dans le domaine de la sant\u00e9.<\/p>\n<p><img loading=\"lazy\" decoding=\"async\" class=\"alignnone size-medium wp-image-11960\" src=\"https:\/\/wordpress-test.app.u-pariscite.fr\/sante\/wp-content\/uploads\/sites\/19\/2024\/10\/DigiHealth_Logo_Couleur-300x119.jpg\" alt=\"logo digihealth\" width=\"300\" height=\"119\" srcset=\"https:\/\/wordpress-test.app.u-pariscite.fr\/sante\/wp-content\/uploads\/sites\/19\/2024\/10\/DigiHealth_Logo_Couleur-300x119.jpg 300w, https:\/\/wordpress-test.app.u-pariscite.fr\/sante\/wp-content\/uploads\/sites\/19\/2024\/10\/DigiHealth_Logo_Couleur-768x305.jpg 768w, https:\/\/wordpress-test.app.u-pariscite.fr\/sante\/wp-content\/uploads\/sites\/19\/2024\/10\/DigiHealth_Logo_Couleur.jpg 1000w\" sizes=\"(max-width: 300px) 100vw, 300px\" \/><img loading=\"lazy\" decoding=\"async\" class=\"alignnone wp-image-11984\" src=\"https:\/\/wordpress-test.app.u-pariscite.fr\/sante\/wp-content\/uploads\/sites\/19\/2024\/10\/Logotype-rouge-bleu-300x294.jpg\" alt=\"logo france 2030\" width=\"114\" height=\"112\" srcset=\"https:\/\/wordpress-test.app.u-pariscite.fr\/sante\/wp-content\/uploads\/sites\/19\/2024\/10\/Logotype-rouge-bleu-300x294.jpg 300w, https:\/\/wordpress-test.app.u-pariscite.fr\/sante\/wp-content\/uploads\/sites\/19\/2024\/10\/Logotype-rouge-bleu.jpg 322w\" sizes=\"(max-width: 114px) 100vw, 114px\" \/><\/p>\n<p>&nbsp;<\/p>\n<p>[\/et_pb_text][\/et_pb_column][et_pb_column type=\u00a0\u00bb1_4&Prime;][et_pb_text _builder_version=\u00a0\u00bb3.22.1&Prime; z_index_tablet=\u00a0\u00bb500&Prime;]<\/p>\n<h4>Contact\u00a0<\/h4>\n<div>Rosy TSOPRA, L\u00e9a PONCHEL-BOURGAIN, Alain CARIOU, Sophie BERNARD, Marcela SZOPOS<\/div>\n<div><a href=\"mailto:digihealth@wordpress-test.app.u-pariscite.fr\" target=\"_blank\" rel=\"noopener noreferrer\">digihealth@wordpress-test.app.u-pariscite.fr<\/a><\/div>\n<p>[\/et_pb_text][\/et_pb_column][\/et_pb_row][et_pb_row _builder_version=\u00a0\u00bb3.22&Prime; background_size=\u00a0\u00bbinitial\u00a0\u00bb background_position=\u00a0\u00bbtop_left\u00a0\u00bb background_repeat=\u00a0\u00bbrepeat\u00a0\u00bb][et_pb_column type=\u00a0\u00bb3_4&Prime;][et_pb_text admin_label=\u00a0\u00bbNos partenaires\u00a0\u00bb module_id=\u00a0\u00bbcontenu\u00a0\u00bb _builder_version=\u00a0\u00bb3.22.1&Prime; z_index_tablet=\u00a0\u00bb500&Prime;]<\/p>\n<h2>Nos partenaires<\/h2>\n<p>&nbsp;<\/p>\n<p>[\/et_pb_text][\/et_pb_column][et_pb_column type=\u00a0\u00bb1_4&Prime;][\/et_pb_column][\/et_pb_row][et_pb_row _builder_version=\u00a0\u00bb3.22.1&Prime;][et_pb_column type=\u00a0\u00bb1_3&Prime;][et_pb_image src=\u00a0\u00bbhttps:\/\/wordpress-test.app.u-pariscite.fr\/sante\/wp-content\/uploads\/sites\/19\/2024\/10\/logo_meditice_no_gridWhite-Transparent.png\u00a0\u00bb url=\u00a0\u00bbhttps:\/\/wordpress-test.app.u-pariscite.fr\/medecine\/\u00a0\u00bb _builder_version=\u00a0\u00bb3.22.1&Prime; z_index_tablet=\u00a0\u00bb500&Prime; background_color=\u00a0\u00bbrgba(204,204,204,0.39)\u00a0\u00bb]<\/p>\n<p><\/p>\n<p>[\/et_pb_image][et_pb_image src=\u00a0\u00bbhttps:\/\/wordpress-test.app.u-pariscite.fr\/sante\/wp-content\/uploads\/sites\/19\/2024\/10\/ENSAM_couleur_RVB.png\u00a0\u00bb url=\u00a0\u00bbhttps:\/\/artsetmetiers.fr\/fr\u00a0\u00bb url_new_window=\u00a0\u00bbon\u00a0\u00bb _builder_version=\u00a0\u00bb3.22.1&Prime; z_index_tablet=\u00a0\u00bb500&Prime;]<\/p>\n<p><\/p>\n<p>[\/et_pb_image][et_pb_image src=\u00a0\u00bbhttps:\/\/wordpress-test.app.u-pariscite.fr\/sante\/wp-content\/uploads\/sites\/19\/2024\/10\/SanteAcademie-logotype-Pink-cmyk.png\u00a0\u00bb url=\u00a0\u00bbhttps:\/\/www.santeacademie.com\/\u00a0\u00bb url_new_window=\u00a0\u00bbon\u00a0\u00bb _builder_version=\u00a0\u00bb3.22.1&Prime; z_index_tablet=\u00a0\u00bb500&Prime;]<\/p>\n<p><\/p>\n<p>[\/et_pb_image][\/et_pb_column][et_pb_column type=\u00a0\u00bb1_3&Prime;][et_pb_image src=\u00a0\u00bbhttps:\/\/wordpress-test.app.u-pariscite.fr\/sante\/wp-content\/uploads\/sites\/19\/2024\/10\/MasterBME.png\u00a0\u00bb url=\u00a0\u00bbhttps:\/\/www.bme-paris.com\/\u00a0\u00bb url_new_window=\u00a0\u00bbon\u00a0\u00bb _builder_version=\u00a0\u00bb3.22.1&Prime; z_index_tablet=\u00a0\u00bb500&Prime; custom_padding=\u00a0\u00bb||51px|||\u00a0\u00bb]<\/p>\n<p><\/p>\n<p>[\/et_pb_image][et_pb_image src=\u00a0\u00bbhttps:\/\/wordpress-test.app.u-pariscite.fr\/sante\/wp-content\/uploads\/sites\/19\/2024\/10\/logo-ap-hp_bleu.png\u00a0\u00bb url=\u00a0\u00bbhttps:\/\/www.aphp.fr\/\u00a0\u00bb url_new_window=\u00a0\u00bbon\u00a0\u00bb _builder_version=\u00a0\u00bb3.22.1&Prime; z_index_tablet=\u00a0\u00bb500&Prime; custom_padding=\u00a0\u00bb26px|||||\u00a0\u00bb]<\/p>\n<p><\/p>\n<p>[\/et_pb_image][et_pb_image src=\u00a0\u00bbhttps:\/\/wordpress-test.app.u-pariscite.fr\/sante\/wp-content\/uploads\/sites\/19\/2024\/10\/tricky_wordmark_1024x256_blue-1.png\u00a0\u00bb url=\u00a0\u00bbhttps:\/\/tricky.fr\/\u00a0\u00bb url_new_window=\u00a0\u00bbon\u00a0\u00bb _builder_version=\u00a0\u00bb3.22.1&Prime; z_index_tablet=\u00a0\u00bb500&Prime; custom_padding=\u00a0\u00bb53px|||||\u00a0\u00bb]<\/p>\n<p><\/p>\n<p>[\/et_pb_image][\/et_pb_column][et_pb_column type=\u00a0\u00bb1_3&Prime;][et_pb_image _builder_version=\u00a0\u00bb3.22.1&Prime; src=\u00a0\u00bbhttps:\/\/wordpress-test.app.u-pariscite.fr\/sante\/wp-content\/uploads\/sites\/19\/2024\/11\/Math-Info-UPCit\u00e9.png\u00a0\u00bb url=\u00a0\u00bbhttps:\/\/math-info.wordpress-test.app.u-pariscite.fr\/\u00a0\u00bb z_index_tablet=\u00a0\u00bb500&Prime; \/][et_pb_image src=\u00a0\u00bbhttps:\/\/wordpress-test.app.u-pariscite.fr\/sante\/wp-content\/uploads\/sites\/19\/2024\/10\/logo_cegedim_sante\u2560\u00fc_couleur.png\u00a0\u00bb url=\u00a0\u00bbhttps:\/\/www.cegedim-sante.com\/\u00a0\u00bb url_new_window=\u00a0\u00bbon\u00a0\u00bb _builder_version=\u00a0\u00bb3.22.1&Prime; z_index_tablet=\u00a0\u00bb500&Prime; custom_padding=\u00a0\u00bb0px|||||\u00a0\u00bb]<\/p>\n<p><\/p>\n<p>[\/et_pb_image][et_pb_image src=\u00a0\u00bbhttps:\/\/wordpress-test.app.u-pariscite.fr\/sante\/wp-content\/uploads\/sites\/19\/2024\/10\/EPITA_LOGO_SANS_BASELINE_RVB.png\u00a0\u00bb url=\u00a0\u00bbhttps:\/\/www.epita.fr\/\u00a0\u00bb url_new_window=\u00a0\u00bbon\u00a0\u00bb _builder_version=\u00a0\u00bb3.22.1&Prime; z_index_tablet=\u00a0\u00bb500&Prime; custom_padding=\u00a0\u00bb49px|||||\u00a0\u00bb]<\/p>\n<p><\/p>\n<p>[\/et_pb_image][\/et_pb_column][\/et_pb_row][\/et_pb_section][et_pb_section bb_built=\u00a0\u00bb1&Prime; _builder_version=\u00a0\u00bb3.22&Prime; custom_padding=\u00a0\u00bb0px||0px|\u00a0\u00bb prev_background_color=\u00a0\u00bb#000000&Prime;][et_pb_row _builder_version=\u00a0\u00bb3.22&Prime;][et_pb_column type=\u00a0\u00bb4_4&Prime;][et_pb_text admin_label=\u00a0\u00bb\u00c0 lire aussi\u00a0\u00bb _builder_version=\u00a0\u00bb3.21&Prime;]<\/p>\n<h2><span class=\"st\">\u00c0<\/span> lire aussi<\/h2>\n<p>[\/et_pb_text][et_pb_blog posts_number=\u00a0\u00bb4&Prime; include_categories=\u00a0\u00bb13&Prime; show_author=\u00a0\u00bboff\u00a0\u00bb show_date=\u00a0\u00bboff\u00a0\u00bb show_pagination=\u00a0\u00bboff\u00a0\u00bb module_id=\u00a0\u00bbpage_type_blog\u00a0\u00bb _builder_version=\u00a0\u00bb3.21&Prime; header_level=\u00a0\u00bbh4&Prime; border_width_bottom_fullwidth=\u00a0\u00bb1px\u00a0\u00bb border_color_bottom_fullwidth=\u00a0\u00bbrgba(51,51,51,0.18)\u00a0\u00bb custom_padding=\u00a0\u00bb||50px|\u00a0\u00bb]<\/p>\n<p><\/p>\n<p>[\/et_pb_blog][\/et_pb_column][\/et_pb_row][\/et_pb_section]<\/p>\n","protected":false},"excerpt":{"rendered":"<p>Universit\u00e9 Paris Cit\u00e9 (UPCit\u00e9), en collaboration avec ses partenaires Arts et M\u00e9tiers ENSAM, l\u2019Assistance Publique des H\u00f4pitaux de Paris (AP-HP), l\u2019\u00c9cole d\u2019Ing\u00e9nieur EPITA, Cegedim Sant\u00e9, Sant\u00e9 Acad\u00e9mie, et Tricky, se lance dans un ambitieux projet, dans le cadre de l\u2019AMI CMA\u00a0 Comp\u00e9tence et M\u00e9tiers d&rsquo;Avenir France 2030 (Co\u00fbt total du projet : 12,45M\u20ac, Financement France&hellip; <a class=\"continue\" href=\"https:\/\/wordpress-test.app.u-pariscite.fr\/sante\/digihealth\/\">Lire la suite<span> DigiHealth Paris Cit\u00e9 : La r\u00e9volution de l&rsquo;enseignement de la sant\u00e9 num\u00e9rique<\/span><\/a><\/p>\n","protected":false},"author":113,"featured_media":0,"parent":0,"menu_order":0,"comment_status":"closed","ping_status":"closed","template":"","meta":{"_et_pb_use_builder":"on","_et_pb_old_content":"","_et_gb_content_width":"","footnotes":""},"class_list":["post-11144","page","type-page","status-publish","hentry"],"_links":{"self":[{"href":"https:\/\/wordpress-test.app.u-pariscite.fr\/sante\/wp-json\/wp\/v2\/pages\/11144","targetHints":{"allow":["GET"]}}],"collection":[{"href":"https:\/\/wordpress-test.app.u-pariscite.fr\/sante\/wp-json\/wp\/v2\/pages"}],"about":[{"href":"https:\/\/wordpress-test.app.u-pariscite.fr\/sante\/wp-json\/wp\/v2\/types\/page"}],"author":[{"embeddable":true,"href":"https:\/\/wordpress-test.app.u-pariscite.fr\/sante\/wp-json\/wp\/v2\/users\/113"}],"replies":[{"embeddable":true,"href":"https:\/\/wordpress-test.app.u-pariscite.fr\/sante\/wp-json\/wp\/v2\/comments?post=11144"}],"version-history":[{"count":29,"href":"https:\/\/wordpress-test.app.u-pariscite.fr\/sante\/wp-json\/wp\/v2\/pages\/11144\/revisions"}],"predecessor-version":[{"id":12172,"href":"https:\/\/wordpress-test.app.u-pariscite.fr\/sante\/wp-json\/wp\/v2\/pages\/11144\/revisions\/12172"}],"wp:attachment":[{"href":"https:\/\/wordpress-test.app.u-pariscite.fr\/sante\/wp-json\/wp\/v2\/media?parent=11144"}],"curies":[{"name":"wp","href":"https:\/\/api.w.org\/{rel}","templated":true}]}}