{"id":10382,"date":"2023-04-12T17:52:02","date_gmt":"2023-04-12T15:52:02","guid":{"rendered":"https:\/\/wordpress-test.app.u-pariscite.fr\/sante\/?page_id=10382"},"modified":"2024-06-03T15:30:09","modified_gmt":"2024-06-03T13:30:09","slug":"affectez-votre-solde-de-taxe-dapprentissage-a-la-faculte-de-sante","status":"publish","type":"page","link":"https:\/\/wordpress-test.app.u-pariscite.fr\/sante\/affectez-votre-solde-de-taxe-dapprentissage-a-la-faculte-de-sante\/","title":{"rendered":"Affectez votre solde de taxe d\u2019apprentissage \u00e0 la Facult\u00e9 de Sant\u00e9"},"content":{"rendered":"<p>[et_pb_section bb_built=\u00a0\u00bb1&Prime; next_background_color=\u00a0\u00bb#000000&Prime; inner_width=\u00a0\u00bbauto\u00a0\u00bb inner_max_width=\u00a0\u00bbnone\u00a0\u00bb][et_pb_row][et_pb_column type=\u00a0\u00bb3_4&Prime;][et_pb_text admin_label=\u00a0\u00bbIntro\u00a0\u00bb _builder_version=\u00a0\u00bb3.22.1&Prime; module_id=\u00a0\u00bbintro\u00a0\u00bb text_text_shadow_horizontal_length=\u00a0\u00bbtext_text_shadow_style,%91object Object%93&Prime; text_text_shadow_vertical_length=\u00a0\u00bbtext_text_shadow_style,%91object Object%93&Prime; text_text_shadow_blur_strength=\u00a0\u00bbtext_text_shadow_style,%91object Object%93&Prime; link_text_shadow_horizontal_length=\u00a0\u00bblink_text_shadow_style,%91object Object%93&Prime; link_text_shadow_vertical_length=\u00a0\u00bblink_text_shadow_style,%91object Object%93&Prime; link_text_shadow_blur_strength=\u00a0\u00bblink_text_shadow_style,%91object Object%93&Prime; ul_text_shadow_horizontal_length=\u00a0\u00bbul_text_shadow_style,%91object Object%93&Prime; ul_text_shadow_vertical_length=\u00a0\u00bbul_text_shadow_style,%91object Object%93&Prime; ul_text_shadow_blur_strength=\u00a0\u00bbul_text_shadow_style,%91object Object%93&Prime; ol_text_shadow_horizontal_length=\u00a0\u00bbol_text_shadow_style,%91object Object%93&Prime; ol_text_shadow_vertical_length=\u00a0\u00bbol_text_shadow_style,%91object Object%93&Prime; ol_text_shadow_blur_strength=\u00a0\u00bbol_text_shadow_style,%91object Object%93&Prime; quote_text_shadow_horizontal_length=\u00a0\u00bbquote_text_shadow_style,%91object Object%93&Prime; quote_text_shadow_vertical_length=\u00a0\u00bbquote_text_shadow_style,%91object Object%93&Prime; quote_text_shadow_blur_strength=\u00a0\u00bbquote_text_shadow_style,%91object Object%93&Prime; header_text_shadow_horizontal_length=\u00a0\u00bbheader_text_shadow_style,%91object Object%93&Prime; header_text_shadow_vertical_length=\u00a0\u00bbheader_text_shadow_style,%91object Object%93&Prime; header_text_shadow_blur_strength=\u00a0\u00bbheader_text_shadow_style,%91object Object%93&Prime; header_2_text_shadow_horizontal_length=\u00a0\u00bbheader_2_text_shadow_style,%91object Object%93&Prime; header_2_text_shadow_vertical_length=\u00a0\u00bbheader_2_text_shadow_style,%91object Object%93&Prime; header_2_text_shadow_blur_strength=\u00a0\u00bbheader_2_text_shadow_style,%91object Object%93&Prime; header_3_text_shadow_horizontal_length=\u00a0\u00bbheader_3_text_shadow_style,%91object Object%93&Prime; header_3_text_shadow_vertical_length=\u00a0\u00bbheader_3_text_shadow_style,%91object Object%93&Prime; header_3_text_shadow_blur_strength=\u00a0\u00bbheader_3_text_shadow_style,%91object Object%93&Prime; header_4_text_shadow_horizontal_length=\u00a0\u00bbheader_4_text_shadow_style,%91object Object%93&Prime; header_4_text_shadow_vertical_length=\u00a0\u00bbheader_4_text_shadow_style,%91object Object%93&Prime; header_4_text_shadow_blur_strength=\u00a0\u00bbheader_4_text_shadow_style,%91object Object%93&Prime; header_5_text_shadow_horizontal_length=\u00a0\u00bbheader_5_text_shadow_style,%91object Object%93&Prime; header_5_text_shadow_vertical_length=\u00a0\u00bbheader_5_text_shadow_style,%91object Object%93&Prime; header_5_text_shadow_blur_strength=\u00a0\u00bbheader_5_text_shadow_style,%91object Object%93&Prime; header_6_text_shadow_horizontal_length=\u00a0\u00bbheader_6_text_shadow_style,%91object Object%93&Prime; header_6_text_shadow_vertical_length=\u00a0\u00bbheader_6_text_shadow_style,%91object Object%93&Prime; header_6_text_shadow_blur_strength=\u00a0\u00bbheader_6_text_shadow_style,%91object Object%93&Prime; z_index_tablet=\u00a0\u00bb500&Prime;]<\/p>\n<div class=\"page\" title=\"Page 1\">\n<div class=\"layoutArea\">\n<div class=\"column\">\n<h1>Affectez votre solde de taxe d\u2019apprentissage \u00e0 la Facult\u00e9 de Sant\u00e9<\/h1>\n<p>La taxe d\u2019apprentissage est une ressource essentielle qui contribue \u00e0 garantir les moyens d\u2019une p\u00e9dagogie innovante et d\u2019une recherche de haut niveau en phase avec les attentes du monde socio-\u00e9conomique. <span class=\"ILfuVd\"><span class=\"hgKElc\">\u00c0<\/span><\/span> travers l\u2019affectation cibl\u00e9e du solde de votre taxe d\u2019apprentissage via la plateforme <strong><a href=\"http:\/\/www.soltea.gouv.fr\/espace-public\/\">SOLT\u00e9A<\/a><\/strong>, c\u2019est une nouvelle relation qui s\u2019instaure entre votre entreprise et notre universit\u00e9.<\/p>\n<\/div>\n<\/div>\n<\/div>\n<p>[\/et_pb_text][\/et_pb_column][et_pb_column type=\u00a0\u00bb1_4&Prime;][\/et_pb_column][\/et_pb_row][et_pb_row _builder_version=\u00a0\u00bb3.19.11&Prime; module_id=\u00a0\u00bbimage-page-type\u00a0\u00bb width=\u00a0\u00bb80%\u00a0\u00bb max_width=\u00a0\u00bb1080px\u00a0\u00bb][et_pb_column type=\u00a0\u00bb3_4&Prime;][et_pb_image admin_label=\u00a0\u00bbImage 1920 x 1080&Prime; _builder_version=\u00a0\u00bb3.22.1&Prime; src=\u00a0\u00bbhttps:\/\/wordpress-test.app.u-pariscite.fr\/sante\/wp-content\/uploads\/sites\/19\/2023\/04\/Taxe-apprentissage-1.jpeg\u00a0\u00bb module_id=\u00a0\u00bbimage-page\u00a0\u00bb z_index_tablet=\u00a0\u00bb500&Prime; \/][\/et_pb_column][et_pb_column type=\u00a0\u00bb1_4&Prime;][et_pb_text admin_label=\u00a0\u00bbTexte image\u00a0\u00bb _builder_version=\u00a0\u00bb3.22.1&Prime; module_id=\u00a0\u00bbtexte-image\u00a0\u00bb custom_margin=\u00a0\u00bb|-15px||\u00a0\u00bb text_text_shadow_horizontal_length=\u00a0\u00bbtext_text_shadow_style,%91object Object%93&Prime; text_text_shadow_vertical_length=\u00a0\u00bbtext_text_shadow_style,%91object Object%93&Prime; text_text_shadow_blur_strength=\u00a0\u00bbtext_text_shadow_style,%91object Object%93&Prime; link_text_shadow_horizontal_length=\u00a0\u00bblink_text_shadow_style,%91object Object%93&Prime; link_text_shadow_vertical_length=\u00a0\u00bblink_text_shadow_style,%91object Object%93&Prime; link_text_shadow_blur_strength=\u00a0\u00bblink_text_shadow_style,%91object Object%93&Prime; ul_text_shadow_horizontal_length=\u00a0\u00bbul_text_shadow_style,%91object Object%93&Prime; ul_text_shadow_vertical_length=\u00a0\u00bbul_text_shadow_style,%91object Object%93&Prime; ul_text_shadow_blur_strength=\u00a0\u00bbul_text_shadow_style,%91object Object%93&Prime; ol_text_shadow_horizontal_length=\u00a0\u00bbol_text_shadow_style,%91object Object%93&Prime; ol_text_shadow_vertical_length=\u00a0\u00bbol_text_shadow_style,%91object Object%93&Prime; ol_text_shadow_blur_strength=\u00a0\u00bbol_text_shadow_style,%91object Object%93&Prime; quote_text_shadow_horizontal_length=\u00a0\u00bbquote_text_shadow_style,%91object Object%93&Prime; quote_text_shadow_vertical_length=\u00a0\u00bbquote_text_shadow_style,%91object Object%93&Prime; quote_text_shadow_blur_strength=\u00a0\u00bbquote_text_shadow_style,%91object Object%93&Prime; header_text_shadow_horizontal_length=\u00a0\u00bbheader_text_shadow_style,%91object Object%93&Prime; header_text_shadow_vertical_length=\u00a0\u00bbheader_text_shadow_style,%91object Object%93&Prime; header_text_shadow_blur_strength=\u00a0\u00bbheader_text_shadow_style,%91object Object%93&Prime; header_2_text_shadow_horizontal_length=\u00a0\u00bbheader_2_text_shadow_style,%91object Object%93&Prime; header_2_text_shadow_vertical_length=\u00a0\u00bbheader_2_text_shadow_style,%91object Object%93&Prime; header_2_text_shadow_blur_strength=\u00a0\u00bbheader_2_text_shadow_style,%91object Object%93&Prime; header_3_text_shadow_horizontal_length=\u00a0\u00bbheader_3_text_shadow_style,%91object Object%93&Prime; header_3_text_shadow_vertical_length=\u00a0\u00bbheader_3_text_shadow_style,%91object Object%93&Prime; header_3_text_shadow_blur_strength=\u00a0\u00bbheader_3_text_shadow_style,%91object Object%93&Prime; header_4_text_shadow_horizontal_length=\u00a0\u00bbheader_4_text_shadow_style,%91object Object%93&Prime; header_4_text_shadow_vertical_length=\u00a0\u00bbheader_4_text_shadow_style,%91object Object%93&Prime; header_4_text_shadow_blur_strength=\u00a0\u00bbheader_4_text_shadow_style,%91object Object%93&Prime; header_5_text_shadow_horizontal_length=\u00a0\u00bbheader_5_text_shadow_style,%91object Object%93&Prime; header_5_text_shadow_vertical_length=\u00a0\u00bbheader_5_text_shadow_style,%91object Object%93&Prime; header_5_text_shadow_blur_strength=\u00a0\u00bbheader_5_text_shadow_style,%91object Object%93&Prime; header_6_text_shadow_horizontal_length=\u00a0\u00bbheader_6_text_shadow_style,%91object Object%93&Prime; header_6_text_shadow_vertical_length=\u00a0\u00bbheader_6_text_shadow_style,%91object Object%93&Prime; header_6_text_shadow_blur_strength=\u00a0\u00bbheader_6_text_shadow_style,%91object Object%93&Prime; z_index_tablet=\u00a0\u00bb500&Prime;]<\/p>\n<p>FAITES D\u2019UNIVERSIT\u00c9 PARIS CIT\u00c9 VOTRE PARTENAIRE<\/p>\n<p>[\/et_pb_text][\/et_pb_column][\/et_pb_row][et_pb_row][et_pb_column type=\u00a0\u00bb3_4&Prime;][et_pb_text _builder_version=\u00a0\u00bb3.22.1&Prime; module_id=\u00a0\u00bbcontenu\u00a0\u00bb text_text_shadow_horizontal_length=\u00a0\u00bbtext_text_shadow_style,%91object Object%93&Prime; text_text_shadow_vertical_length=\u00a0\u00bbtext_text_shadow_style,%91object Object%93&Prime; text_text_shadow_blur_strength=\u00a0\u00bbtext_text_shadow_style,%91object Object%93&Prime; link_text_shadow_horizontal_length=\u00a0\u00bblink_text_shadow_style,%91object Object%93&Prime; link_text_shadow_vertical_length=\u00a0\u00bblink_text_shadow_style,%91object Object%93&Prime; link_text_shadow_blur_strength=\u00a0\u00bblink_text_shadow_style,%91object Object%93&Prime; ul_text_shadow_horizontal_length=\u00a0\u00bbul_text_shadow_style,%91object Object%93&Prime; ul_text_shadow_vertical_length=\u00a0\u00bbul_text_shadow_style,%91object Object%93&Prime; ul_text_shadow_blur_strength=\u00a0\u00bbul_text_shadow_style,%91object Object%93&Prime; ol_text_shadow_horizontal_length=\u00a0\u00bbol_text_shadow_style,%91object Object%93&Prime; ol_text_shadow_vertical_length=\u00a0\u00bbol_text_shadow_style,%91object Object%93&Prime; ol_text_shadow_blur_strength=\u00a0\u00bbol_text_shadow_style,%91object Object%93&Prime; quote_text_shadow_horizontal_length=\u00a0\u00bbquote_text_shadow_style,%91object Object%93&Prime; quote_text_shadow_vertical_length=\u00a0\u00bbquote_text_shadow_style,%91object Object%93&Prime; quote_text_shadow_blur_strength=\u00a0\u00bbquote_text_shadow_style,%91object Object%93&Prime; header_text_shadow_horizontal_length=\u00a0\u00bbheader_text_shadow_style,%91object Object%93&Prime; header_text_shadow_vertical_length=\u00a0\u00bbheader_text_shadow_style,%91object Object%93&Prime; header_text_shadow_blur_strength=\u00a0\u00bbheader_text_shadow_style,%91object Object%93&Prime; header_2_text_shadow_horizontal_length=\u00a0\u00bbheader_2_text_shadow_style,%91object Object%93&Prime; header_2_text_shadow_vertical_length=\u00a0\u00bbheader_2_text_shadow_style,%91object Object%93&Prime; header_2_text_shadow_blur_strength=\u00a0\u00bbheader_2_text_shadow_style,%91object Object%93&Prime; header_3_text_shadow_horizontal_length=\u00a0\u00bbheader_3_text_shadow_style,%91object Object%93&Prime; header_3_text_shadow_vertical_length=\u00a0\u00bbheader_3_text_shadow_style,%91object Object%93&Prime; header_3_text_shadow_blur_strength=\u00a0\u00bbheader_3_text_shadow_style,%91object Object%93&Prime; header_4_text_shadow_horizontal_length=\u00a0\u00bbheader_4_text_shadow_style,%91object Object%93&Prime; header_4_text_shadow_vertical_length=\u00a0\u00bbheader_4_text_shadow_style,%91object Object%93&Prime; header_4_text_shadow_blur_strength=\u00a0\u00bbheader_4_text_shadow_style,%91object Object%93&Prime; header_5_text_shadow_horizontal_length=\u00a0\u00bbheader_5_text_shadow_style,%91object Object%93&Prime; header_5_text_shadow_vertical_length=\u00a0\u00bbheader_5_text_shadow_style,%91object Object%93&Prime; header_5_text_shadow_blur_strength=\u00a0\u00bbheader_5_text_shadow_style,%91object Object%93&Prime; header_6_text_shadow_horizontal_length=\u00a0\u00bbheader_6_text_shadow_style,%91object Object%93&Prime; header_6_text_shadow_vertical_length=\u00a0\u00bbheader_6_text_shadow_style,%91object Object%93&Prime; header_6_text_shadow_blur_strength=\u00a0\u00bbheader_6_text_shadow_style,%91object Object%93&Prime; z_index_tablet=\u00a0\u00bb500&Prime;]<\/p>\n<div class=\"page\" title=\"Page 1\">\n<div class=\"layoutArea\">\n<div class=\"column\">\n<div id=\"contenu\" class=\"et_pb_module et_pb_text et_pb_text_3 et_pb_bg_layout_light et_pb_text_align_left\">\n<div class=\"et_pb_text_inner\">\n<h3>En affectant votre solde de taxe d\u2019apprentissage \u00e0 La Facult\u00e9 de Sant\u00e9 de l&rsquo;universit\u00e9 Paris Cit\u00e9, vous soutenez la formation des talents dont votre entreprise a besoin.<\/h3>\n<p><strong>Affecter votre solde de taxe d\u2019apprentissage \u00e0 la Facult\u00e9 de Sant\u00e9 de l&rsquo;universit\u00e9 Paris Cit\u00e9 <\/strong>c\u2019est\u00a0contribuer \u00e0 la transmission des savoirs, \u00e0 l\u2019excellence de la formation technologique et professionnelle de nos \u00e9tudiantes et \u00e9tudiants, \u00e0 l\u2019\u00e9mergence des talents de demain.<\/p>\n<p><strong>L&rsquo;universit\u00e9 Paris Cit\u00e9 s\u2019engage <\/strong>\u00e0 faire \u00e9merger de nouvelles connaissances et des d\u00e9couvertes au sein de ses laboratoires ouvrant vers la cr\u00e9ation de nouveaux m\u00e9tiers et nouveaux emplois.<\/p>\n<p><strong>Avec l&rsquo;universit\u00e9 Paris Cit\u00e9, investissez dans l\u2019avenir ! <\/strong><\/p>\n<\/div>\n<\/div>\n<div id=\"contenu\" class=\"et_pb_module et_pb_text et_pb_text_4 et_pb_bg_layout_light et_pb_text_align_left\">\n<div class=\"et_pb_text_inner\">\n<blockquote>\n<h3>Comment affecter votre solde de taxe d\u2019apprentissage \u00e0 l&rsquo;universit\u00e9 Paris Cit\u00e9 ?<\/h3>\n<ol>\n<li><strong>VERSEZ VOTRE SOLDE \u00c0 L\u2019<a href=\"https:\/\/www.urssaf.fr\/portail\/home\/espaces-dedies\/contributions-de-formation-profe\/la-taxe-dapprentissage-part-prin.html#Declaration-annuelle-flechage-solde\">URSSAF<\/a><br \/><\/strong>&gt; D\u00e9clarez et payez votre solde de taxe d\u2019apprentissage 2022 sur la DSN 2023 (exigible le 5 ou 15 mai 2023)<\/li>\n<li><strong>CHOISISSEZ L&rsquo;UNIVERSIT\u00c9 PARIS CIT\u00c9 COMME B\u00c9N\u00c9FICIAIRE VIA LA PLATEFORME <a href=\"https:\/\/www.soltea.gouv.fr\/\">SOLT\u00e9A<\/a><\/strong>*<br \/>&gt; \u00c0 partir de fin mai 2023, connectez-vous \u00e0 votre espace s\u00e9curis\u00e9 sur la plateforme <a href=\"https:\/\/www.soltea.gouv.fr\/\">SOLT\u00e9A<\/a><br \/>&gt; <span id=\"page38R_mcid231\" class=\"markedContent\"><span dir=\"ltr\" role=\"presentation\">Trouvez <strong>Universit\u00e9 Paris Cit\u00e9<\/strong> par sa d\u00e9nomination, <\/span><\/span><span id=\"page38R_mcid232\" class=\"markedContent\"><\/span><span id=\"page38R_mcid233\" class=\"markedContent\"><span dir=\"ltr\" role=\"presentation\">son num\u00e9ro de <strong>Siret : 130 025 737 00011<\/strong> ou son <strong>UAI : 0755976N<\/strong><\/span><\/span><br \/>&gt; Consultez la <a href=\"https:\/\/wordpress-test.app.u-pariscite.fr\/sante\/wp-content\/uploads\/sites\/19\/2023\/04\/Liste-TA-2023_Sante_UPCite_20-20-2023.xlsx\" target=\"_blank\" rel=\"noopener noreferrer\">liste de nos formations et structures en Sant\u00e9 \u00e9ligibles<\/a>\u00a0au solde de la taxe d\u2019apprentissage<br \/>&gt; Affectez tout ou partie de votre solde de taxe d\u2019apprentissage \u00e0 l&rsquo;universit\u00e9 Paris Cite, \u00e0 une de ses formations ou de ses structures \u00e9ligibles<br \/><em>La caisse des d\u00e9p\u00f4ts versera \u00e0 l&rsquo;universit\u00e9 Paris Cit\u00e9 les montants collect\u00e9s.<\/em><\/li>\n<li><strong>SUIVEZ L\u2019\u00c9TAT DE VOS VERSEMENTS DIRECTEMENT SUR VOTRE ESPACE S\u00c9CURIS\u00c9 <a href=\"http:\/\/&gt; https:\/\/www.soltea.gouv.fr\/\">SOLT\u00c9A<\/a><\/strong><\/li>\n<\/ol>\n<p><strong>Merci de votre soutien.<\/strong><\/p>\n<\/blockquote>\n<\/div>\n<\/div>\n<div id=\"contenu\" class=\"et_pb_module et_pb_text et_pb_text_5 et_pb_bg_layout_light et_pb_text_align_left\">\n<div class=\"et_pb_text_inner\">\n<h3>Cinq bonnes raisons de soutenir la Facult\u00e9 de Sant\u00e9 de l&rsquo;universit\u00e9 Paris Cit\u00e9<\/h3>\n<ol>\n<li>Contribuer \u00e0 la formation des talents qui rejoindront demain vos \u00e9quipes<\/li>\n<li>Participer \u00e0 l\u2019am\u00e9lioration continue de la qualit\u00e9 de nos formations et \u00e0 leur adaptation aux besoins de vos m\u00e9tiers<\/li>\n<li>D\u00e9velopper de nouveaux projets p\u00e9dagogiques, scientifiques et technologiques r\u00e9pondant aux d\u00e9fis environnementaux et soci\u00e9taux<\/li>\n<li>Soutenir la recherche fondamentale et appliqu\u00e9e, source d\u2019innovation<\/li>\n<li>Faciliter l\u2019arriv\u00e9e de nos dipl\u00f4m\u00e9s sur le march\u00e9 du travail<\/li>\n<\/ol>\n<\/div>\n<\/div>\n<div id=\"contenu\" class=\"et_pb_module et_pb_text et_pb_text_6 et_pb_bg_layout_light et_pb_text_align_left\">\n<div class=\"et_pb_text_inner\">\n<h3>En affectant votre taxe d\u2019apprentissage \u00e0 La Facult\u00e9 de Sant\u00e9 de l&rsquo;universit\u00e9 Paris Cit\u00e9,<br \/>vous investissez dans :<\/h3>\n<ul>\n<li>Des \u00e9quipements scientifiques de pointe en appui \u00e0 la formation et \u00e0 la recherche<\/li>\n<li>L\u2019internationalisation de nos enseignements et le d\u00e9ploiement de parcours d\u2019\u00e9tudes \u00e0 l\u2019\u00e9tranger<\/li>\n<li>L\u2019employabilit\u00e9 de nos \u00e9tudiants et leur valeur ajout\u00e9e en entreprise : cr\u00e9ation d\u2019entreprise, handiwork\u2026<\/li>\n<li>Des actions de responsabilit\u00e9 soci\u00e9tale et environnementale<\/li>\n<li>Des formations sur mesure coconstruites avec vous<\/li>\n<\/ul>\n<\/div>\n<\/div>\n<\/div>\n<\/div>\n<\/div>\n<p>[\/et_pb_text][\/et_pb_column][et_pb_column type=\u00a0\u00bb1_4&Prime;][et_pb_text _builder_version=\u00a0\u00bb3.22.1&Prime; text_text_shadow_horizontal_length=\u00a0\u00bbtext_text_shadow_style,%91object Object%93&Prime; text_text_shadow_vertical_length=\u00a0\u00bbtext_text_shadow_style,%91object Object%93&Prime; text_text_shadow_blur_strength=\u00a0\u00bbtext_text_shadow_style,%91object Object%93&Prime; link_text_shadow_horizontal_length=\u00a0\u00bblink_text_shadow_style,%91object Object%93&Prime; link_text_shadow_vertical_length=\u00a0\u00bblink_text_shadow_style,%91object Object%93&Prime; link_text_shadow_blur_strength=\u00a0\u00bblink_text_shadow_style,%91object Object%93&Prime; ul_text_shadow_horizontal_length=\u00a0\u00bbul_text_shadow_style,%91object Object%93&Prime; ul_text_shadow_vertical_length=\u00a0\u00bbul_text_shadow_style,%91object Object%93&Prime; ul_text_shadow_blur_strength=\u00a0\u00bbul_text_shadow_style,%91object Object%93&Prime; ol_text_shadow_horizontal_length=\u00a0\u00bbol_text_shadow_style,%91object Object%93&Prime; ol_text_shadow_vertical_length=\u00a0\u00bbol_text_shadow_style,%91object Object%93&Prime; ol_text_shadow_blur_strength=\u00a0\u00bbol_text_shadow_style,%91object Object%93&Prime; quote_text_shadow_horizontal_length=\u00a0\u00bbquote_text_shadow_style,%91object Object%93&Prime; quote_text_shadow_vertical_length=\u00a0\u00bbquote_text_shadow_style,%91object Object%93&Prime; quote_text_shadow_blur_strength=\u00a0\u00bbquote_text_shadow_style,%91object Object%93&Prime; header_text_shadow_horizontal_length=\u00a0\u00bbheader_text_shadow_style,%91object Object%93&Prime; header_text_shadow_vertical_length=\u00a0\u00bbheader_text_shadow_style,%91object Object%93&Prime; header_text_shadow_blur_strength=\u00a0\u00bbheader_text_shadow_style,%91object Object%93&Prime; header_2_text_shadow_horizontal_length=\u00a0\u00bbheader_2_text_shadow_style,%91object Object%93&Prime; header_2_text_shadow_vertical_length=\u00a0\u00bbheader_2_text_shadow_style,%91object Object%93&Prime; header_2_text_shadow_blur_strength=\u00a0\u00bbheader_2_text_shadow_style,%91object Object%93&Prime; header_3_text_shadow_horizontal_length=\u00a0\u00bbheader_3_text_shadow_style,%91object Object%93&Prime; header_3_text_shadow_vertical_length=\u00a0\u00bbheader_3_text_shadow_style,%91object Object%93&Prime; header_3_text_shadow_blur_strength=\u00a0\u00bbheader_3_text_shadow_style,%91object Object%93&Prime; header_4_text_shadow_horizontal_length=\u00a0\u00bbheader_4_text_shadow_style,%91object Object%93&Prime; header_4_text_shadow_vertical_length=\u00a0\u00bbheader_4_text_shadow_style,%91object Object%93&Prime; header_4_text_shadow_blur_strength=\u00a0\u00bbheader_4_text_shadow_style,%91object Object%93&Prime; header_5_text_shadow_horizontal_length=\u00a0\u00bbheader_5_text_shadow_style,%91object Object%93&Prime; header_5_text_shadow_vertical_length=\u00a0\u00bbheader_5_text_shadow_style,%91object Object%93&Prime; header_5_text_shadow_blur_strength=\u00a0\u00bbheader_5_text_shadow_style,%91object Object%93&Prime; header_6_text_shadow_horizontal_length=\u00a0\u00bbheader_6_text_shadow_style,%91object Object%93&Prime; header_6_text_shadow_vertical_length=\u00a0\u00bbheader_6_text_shadow_style,%91object Object%93&Prime; header_6_text_shadow_blur_strength=\u00a0\u00bbheader_6_text_shadow_style,%91object Object%93&Prime; z_index_tablet=\u00a0\u00bb500&Prime;]<\/p>\n<h6><strong>Contact<\/strong><\/h6>\n<h6>Pour b\u00e9n\u00e9ficier d\u2019un accompagnement dans votre d\u00e9marche et obtenir des informations compl\u00e9mentaires, contactez notre \u00e9quipe :<br \/>DEFI \u2013 Formation Tout au Long de La Vie (FTLV)<br \/>Campus Saint-Germain-des-Pr\u00e9s \u2013 8\u00e8me \u00e9tage<br \/>45 rue des Saints-P\u00e8res, Paris 6e<\/h6>\n<p>Du lundi au vendredi<br \/>9h30 \u00e0 12h et 13h30 \u00e0 16h<\/p>\n<p>01 76 53 46 30<br \/><strong><a href=\"mailto:taxe-apprentissage.defi@wordpress-test.app.u-pariscite.fr\">taxe-apprentissage.defi@wordpress-test.app.u-pariscite.fr<\/a><br \/><a href=\"https:\/\/formationcontinue.wordpress-test.app.u-pariscite.fr\/taxe-dapprentissage\/\" target=\"_blank\" rel=\"noopener noreferrer\">Site web &gt;<\/a><\/strong><\/p>\n<p><strong>\u00c0 t\u00e9l\u00e9charger : <\/strong><strong><a href=\"https:\/\/wordpress-test.app.u-pariscite.fr\/wp-content\/uploads\/2023\/02\/TA_UPCite_2023_VF.pdf\" target=\"_blank\" rel=\"noopener noreferrer\">Plaquette Taxe d\u2019apprentissage 2023<\/a><\/strong><\/p>\n<p>[\/et_pb_text][\/et_pb_column][\/et_pb_row][\/et_pb_section][et_pb_section bb_built=\u00a0\u00bb1&Prime; specialty=\u00a0\u00bboff\u00a0\u00bb _builder_version=\u00a0\u00bb3.21&Prime; custom_padding=\u00a0\u00bb0px||0px|\u00a0\u00bb prev_background_color=\u00a0\u00bb#000000&Prime; inner_width=\u00a0\u00bbauto\u00a0\u00bb inner_max_width=\u00a0\u00bbnone\u00a0\u00bb][et_pb_row _builder_version=\u00a0\u00bb3.19.11&Prime; width=\u00a0\u00bb80%\u00a0\u00bb max_width=\u00a0\u00bb1080px\u00a0\u00bb][et_pb_column type=\u00a0\u00bb4_4&Prime;][et_pb_text admin_label=\u00a0\u00bb\u00c0 lire aussi\u00a0\u00bb _builder_version=\u00a0\u00bb3.21&Prime;]<\/p>\n<h2><span class=\"st\">\u00c0<\/span> lire aussi<\/h2>\n<p>[\/et_pb_text][et_pb_blog _builder_version=\u00a0\u00bb3.21&Prime; posts_number=\u00a0\u00bb4&Prime; include_categories=\u00a0\u00bb13&Prime; show_author=\u00a0\u00bboff\u00a0\u00bb show_date=\u00a0\u00bboff\u00a0\u00bb show_pagination=\u00a0\u00bboff\u00a0\u00bb border_width_bottom_fullwidth=\u00a0\u00bb1px\u00a0\u00bb border_color_bottom_fullwidth=\u00a0\u00bbrgba(51,51,51,0.18)\u00a0\u00bb custom_padding=\u00a0\u00bb||50px|\u00a0\u00bb module_id=\u00a0\u00bbpage_type_blog\u00a0\u00bb header_level=\u00a0\u00bbh4&Prime; \/][\/et_pb_column][\/et_pb_row][\/et_pb_section]<\/p>\n","protected":false},"excerpt":{"rendered":"<div class=\"et_pb_row et_pb_row_0 et_pb_row_empty\"><\/div>\n<p> Affectez votre solde de taxe d\u2019apprentissage \u00e0 la Facult\u00e9 de Sant\u00e9La taxe d\u2019apprentissage est une ressource essentielle qui contribue \u00e0 garantir les moyens d\u2019une p\u00e9dagogie innovante et d\u2019une recherche de haut niveau en phase avec les attentes du monde socio-\u00e9conomique. \u00c0 travers l\u2019affectation cibl\u00e9e du solde de votre taxe d\u2019apprentissage via la plateforme SOLT\u00e9A,&hellip; <a class=\"continue\" href=\"https:\/\/wordpress-test.app.u-pariscite.fr\/sante\/affectez-votre-solde-de-taxe-dapprentissage-a-la-faculte-de-sante\/\">Lire la suite<span> Affectez votre solde de taxe d\u2019apprentissage \u00e0 la Facult\u00e9 de Sant\u00e9<\/span><\/a><\/p>\n","protected":false},"author":113,"featured_media":10384,"parent":0,"menu_order":0,"comment_status":"closed","ping_status":"closed","template":"","meta":{"_et_pb_use_builder":"on","_et_pb_old_content":"","_et_gb_content_width":"","footnotes":""},"class_list":["post-10382","page","type-page","status-publish","has-post-thumbnail","hentry"],"_links":{"self":[{"href":"https:\/\/wordpress-test.app.u-pariscite.fr\/sante\/wp-json\/wp\/v2\/pages\/10382","targetHints":{"allow":["GET"]}}],"collection":[{"href":"https:\/\/wordpress-test.app.u-pariscite.fr\/sante\/wp-json\/wp\/v2\/pages"}],"about":[{"href":"https:\/\/wordpress-test.app.u-pariscite.fr\/sante\/wp-json\/wp\/v2\/types\/page"}],"author":[{"embeddable":true,"href":"https:\/\/wordpress-test.app.u-pariscite.fr\/sante\/wp-json\/wp\/v2\/users\/113"}],"replies":[{"embeddable":true,"href":"https:\/\/wordpress-test.app.u-pariscite.fr\/sante\/wp-json\/wp\/v2\/comments?post=10382"}],"version-history":[{"count":6,"href":"https:\/\/wordpress-test.app.u-pariscite.fr\/sante\/wp-json\/wp\/v2\/pages\/10382\/revisions"}],"predecessor-version":[{"id":11470,"href":"https:\/\/wordpress-test.app.u-pariscite.fr\/sante\/wp-json\/wp\/v2\/pages\/10382\/revisions\/11470"}],"wp:featuredmedia":[{"embeddable":true,"href":"https:\/\/wordpress-test.app.u-pariscite.fr\/sante\/wp-json\/wp\/v2\/media\/10384"}],"wp:attachment":[{"href":"https:\/\/wordpress-test.app.u-pariscite.fr\/sante\/wp-json\/wp\/v2\/media?parent=10382"}],"curies":[{"name":"wp","href":"https:\/\/api.w.org\/{rel}","templated":true}]}}