{"id":890,"date":"2021-11-18T16:06:53","date_gmt":"2021-11-18T15:06:53","guid":{"rendered":"https:\/\/wordpress-test.app.u-pariscite.fr\/pcpp\/?page_id=890"},"modified":"2023-05-26T10:14:50","modified_gmt":"2023-05-26T08:14:50","slug":"habilites-a-diriger-des-recherches-hdr","status":"publish","type":"page","link":"https:\/\/wordpress-test.app.u-pariscite.fr\/pcpp\/habilites-a-diriger-des-recherches-hdr\/","title":{"rendered":"Habilit\u00e9s \u00e0 diriger des th\u00e8ses de Doctorat"},"content":{"rendered":"<p>[et_pb_section bb_built=\u00a0\u00bb1&Prime; inner_width=\u00a0\u00bbauto\u00a0\u00bb inner_max_width=\u00a0\u00bbnone\u00a0\u00bb][et_pb_row][et_pb_column type=\u00a0\u00bb4_4&Prime;][et_pb_post_title admin_label=\u00a0\u00bbTitre de la page\u00a0\u00bb _builder_version=\u00a0\u00bb3.19.11&Prime; meta=\u00a0\u00bboff\u00a0\u00bb featured_image=\u00a0\u00bboff\u00a0\u00bb \/][\/et_pb_column][\/et_pb_row][et_pb_row][et_pb_column type=\u00a0\u00bb3_4&Prime;][et_pb_jv_team_list_members _builder_version=\u00a0\u00bb3.22.1&Prime; select_style=\u00a0\u00bbstyle6&Prime; filter_style=\u00a0\u00bbfstyle9&Prime; link_open_in_new_tab=\u00a0\u00bbon\u00a0\u00bb read_more_text_btn=\u00a0\u00bbEn savoir plus\u00a0\u00bb team_members_display_pagination=\u00a0\u00bbon\u00a0\u00bb text_shadow_horizontal_length=\u00a0\u00bbtext_shadow_style,%91object Object%93&Prime; text_shadow_vertical_length=\u00a0\u00bbtext_shadow_style,%91object Object%93&Prime; text_shadow_blur_strength=\u00a0\u00bbtext_shadow_style,%91object Object%93&Prime; team_name_line_height_tablet=\u00a0\u00bb2&Prime; team_name_text_shadow_horizontal_length=\u00a0\u00bbteam_name_text_shadow_style,%91object Object%93&Prime; team_name_text_shadow_vertical_length=\u00a0\u00bbteam_name_text_shadow_style,%91object Object%93&Prime; team_name_text_shadow_blur_strength=\u00a0\u00bbteam_name_text_shadow_style,%91object Object%93&Prime; designation_name_fonts_line_height_tablet=\u00a0\u00bb2&Prime; designation_name_fonts_text_shadow_horizontal_length=\u00a0\u00bbdesignation_name_fonts_text_shadow_style,%91object Object%93&Prime; designation_name_fonts_text_shadow_vertical_length=\u00a0\u00bbdesignation_name_fonts_text_shadow_style,%91object Object%93&Prime; designation_name_fonts_text_shadow_blur_strength=\u00a0\u00bbdesignation_name_fonts_text_shadow_style,%91object Object%93&Prime; descrption_name_fonts_line_height_tablet=\u00a0\u00bb2&Prime; descrption_name_fonts_text_shadow_horizontal_length=\u00a0\u00bbdescrption_name_fonts_text_shadow_style,%91object Object%93&Prime; descrption_name_fonts_text_shadow_vertical_length=\u00a0\u00bbdescrption_name_fonts_text_shadow_style,%91object Object%93&Prime; descrption_name_fonts_text_shadow_blur_strength=\u00a0\u00bbdescrption_name_fonts_text_shadow_style,%91object Object%93&Prime; button_text_shadow_horizontal_length=\u00a0\u00bbbutton_text_shadow_style,%91object Object%93&Prime; button_text_shadow_vertical_length=\u00a0\u00bbbutton_text_shadow_style,%91object Object%93&Prime; button_text_shadow_blur_strength=\u00a0\u00bbbutton_text_shadow_style,%91object Object%93&Prime; z_index_tablet=\u00a0\u00bb500&Prime; orderby=\u00a0\u00bbtitle_asc\u00a0\u00bb display_category=\u00a0\u00bbspecificcategory\u00a0\u00bb include_categories=\u00a0\u00bb15&Prime; display_category_filter=\u00a0\u00bboff\u00a0\u00bb \/][\/et_pb_column][et_pb_column type=\u00a0\u00bb1_4&Prime;][\/et_pb_column][\/et_pb_row][\/et_pb_section]<\/p>\n","protected":false},"excerpt":{"rendered":"<div class=\"et_pb_row et_pb_row_0 et_pb_row_empty\"><\/div>\n<div class=\"et_pb_row et_pb_row_1 et_pb_row_empty\"><\/div><\/p>\n","protected":false},"author":4,"featured_media":0,"parent":0,"menu_order":0,"comment_status":"closed","ping_status":"closed","template":"","meta":{"_et_pb_use_builder":"on","_et_pb_old_content":"","_et_gb_content_width":"","footnotes":""},"class_list":["post-890","page","type-page","status-publish","hentry"],"_links":{"self":[{"href":"https:\/\/wordpress-test.app.u-pariscite.fr\/pcpp\/wp-json\/wp\/v2\/pages\/890","targetHints":{"allow":["GET"]}}],"collection":[{"href":"https:\/\/wordpress-test.app.u-pariscite.fr\/pcpp\/wp-json\/wp\/v2\/pages"}],"about":[{"href":"https:\/\/wordpress-test.app.u-pariscite.fr\/pcpp\/wp-json\/wp\/v2\/types\/page"}],"author":[{"embeddable":true,"href":"https:\/\/wordpress-test.app.u-pariscite.fr\/pcpp\/wp-json\/wp\/v2\/users\/4"}],"replies":[{"embeddable":true,"href":"https:\/\/wordpress-test.app.u-pariscite.fr\/pcpp\/wp-json\/wp\/v2\/comments?post=890"}],"version-history":[{"count":4,"href":"https:\/\/wordpress-test.app.u-pariscite.fr\/pcpp\/wp-json\/wp\/v2\/pages\/890\/revisions"}],"predecessor-version":[{"id":1309,"href":"https:\/\/wordpress-test.app.u-pariscite.fr\/pcpp\/wp-json\/wp\/v2\/pages\/890\/revisions\/1309"}],"wp:attachment":[{"href":"https:\/\/wordpress-test.app.u-pariscite.fr\/pcpp\/wp-json\/wp\/v2\/media?parent=890"}],"curies":[{"name":"wp","href":"https:\/\/api.w.org\/{rel}","templated":true}]}}