{"id":824,"date":"2021-10-06T16:07:42","date_gmt":"2021-10-06T14:07:42","guid":{"rendered":"https:\/\/wordpress-test.app.u-pariscite.fr\/pcpp\/?page_id=824"},"modified":"2023-11-17T09:43:40","modified_gmt":"2023-11-17T08:43:40","slug":"stage-pcpp","status":"publish","type":"page","link":"https:\/\/wordpress-test.app.u-pariscite.fr\/pcpp\/stage-pcpp\/","title":{"rendered":"S\u00e9jour de recherche au laboratoire PCPP"},"content":{"rendered":"<p>[et_pb_section bb_built=\u00a0\u00bb1&Prime; fullwidth=\u00a0\u00bboff\u00a0\u00bb specialty=\u00a0\u00bboff\u00a0\u00bb inner_width=\u00a0\u00bbauto\u00a0\u00bb inner_max_width=\u00a0\u00bbnone\u00a0\u00bb][et_pb_row][et_pb_column type=\u00a0\u00bb4_4&Prime;][et_pb_post_title _builder_version=\u00a0\u00bb3.22.1&Prime; meta=\u00a0\u00bboff\u00a0\u00bb featured_image=\u00a0\u00bboff\u00a0\u00bb text_shadow_horizontal_length=\u00a0\u00bbtext_shadow_style,%91object Object%93&Prime; text_shadow_vertical_length=\u00a0\u00bbtext_shadow_style,%91object Object%93&Prime; text_shadow_blur_strength=\u00a0\u00bbtext_shadow_style,%91object Object%93&Prime; title_text_shadow_horizontal_length=\u00a0\u00bbtitle_text_shadow_style,%91object Object%93&Prime; title_text_shadow_vertical_length=\u00a0\u00bbtitle_text_shadow_style,%91object Object%93&Prime; title_text_shadow_blur_strength=\u00a0\u00bbtitle_text_shadow_style,%91object Object%93&Prime; meta_text_shadow_horizontal_length=\u00a0\u00bbmeta_text_shadow_style,%91object Object%93&Prime; meta_text_shadow_vertical_length=\u00a0\u00bbmeta_text_shadow_style,%91object Object%93&Prime; meta_text_shadow_blur_strength=\u00a0\u00bbmeta_text_shadow_style,%91object Object%93&Prime; z_index_tablet=\u00a0\u00bb500&Prime; \/][et_pb_text _builder_version=\u00a0\u00bb3.22.1&Prime; text_text_shadow_horizontal_length=\u00a0\u00bbtext_text_shadow_style,%91object Object%93&Prime; text_text_shadow_vertical_length=\u00a0\u00bbtext_text_shadow_style,%91object Object%93&Prime; text_text_shadow_blur_strength=\u00a0\u00bbtext_text_shadow_style,%91object Object%93&Prime; link_text_shadow_horizontal_length=\u00a0\u00bblink_text_shadow_style,%91object Object%93&Prime; link_text_shadow_vertical_length=\u00a0\u00bblink_text_shadow_style,%91object Object%93&Prime; link_text_shadow_blur_strength=\u00a0\u00bblink_text_shadow_style,%91object Object%93&Prime; ul_text_shadow_horizontal_length=\u00a0\u00bbul_text_shadow_style,%91object Object%93&Prime; ul_text_shadow_vertical_length=\u00a0\u00bbul_text_shadow_style,%91object Object%93&Prime; ul_text_shadow_blur_strength=\u00a0\u00bbul_text_shadow_style,%91object Object%93&Prime; ol_text_shadow_horizontal_length=\u00a0\u00bbol_text_shadow_style,%91object Object%93&Prime; ol_text_shadow_vertical_length=\u00a0\u00bbol_text_shadow_style,%91object Object%93&Prime; ol_text_shadow_blur_strength=\u00a0\u00bbol_text_shadow_style,%91object Object%93&Prime; quote_text_shadow_horizontal_length=\u00a0\u00bbquote_text_shadow_style,%91object Object%93&Prime; quote_text_shadow_vertical_length=\u00a0\u00bbquote_text_shadow_style,%91object Object%93&Prime; quote_text_shadow_blur_strength=\u00a0\u00bbquote_text_shadow_style,%91object Object%93&Prime; header_text_shadow_horizontal_length=\u00a0\u00bbheader_text_shadow_style,%91object Object%93&Prime; header_text_shadow_vertical_length=\u00a0\u00bbheader_text_shadow_style,%91object Object%93&Prime; header_text_shadow_blur_strength=\u00a0\u00bbheader_text_shadow_style,%91object Object%93&Prime; header_2_text_shadow_horizontal_length=\u00a0\u00bbheader_2_text_shadow_style,%91object Object%93&Prime; header_2_text_shadow_vertical_length=\u00a0\u00bbheader_2_text_shadow_style,%91object Object%93&Prime; header_2_text_shadow_blur_strength=\u00a0\u00bbheader_2_text_shadow_style,%91object Object%93&Prime; header_3_text_shadow_horizontal_length=\u00a0\u00bbheader_3_text_shadow_style,%91object Object%93&Prime; header_3_text_shadow_vertical_length=\u00a0\u00bbheader_3_text_shadow_style,%91object Object%93&Prime; header_3_text_shadow_blur_strength=\u00a0\u00bbheader_3_text_shadow_style,%91object Object%93&Prime; header_4_text_shadow_horizontal_length=\u00a0\u00bbheader_4_text_shadow_style,%91object Object%93&Prime; header_4_text_shadow_vertical_length=\u00a0\u00bbheader_4_text_shadow_style,%91object Object%93&Prime; header_4_text_shadow_blur_strength=\u00a0\u00bbheader_4_text_shadow_style,%91object Object%93&Prime; header_5_text_shadow_horizontal_length=\u00a0\u00bbheader_5_text_shadow_style,%91object Object%93&Prime; header_5_text_shadow_vertical_length=\u00a0\u00bbheader_5_text_shadow_style,%91object Object%93&Prime; header_5_text_shadow_blur_strength=\u00a0\u00bbheader_5_text_shadow_style,%91object Object%93&Prime; header_6_text_shadow_horizontal_length=\u00a0\u00bbheader_6_text_shadow_style,%91object Object%93&Prime; header_6_text_shadow_vertical_length=\u00a0\u00bbheader_6_text_shadow_style,%91object Object%93&Prime; header_6_text_shadow_blur_strength=\u00a0\u00bbheader_6_text_shadow_style,%91object Object%93&Prime; z_index_tablet=\u00a0\u00bb500&Prime;]<\/p>\n<p style=\"font-weight: 400\">Le PCPP accueille volontiers les doctorants et les coll\u00e8gues d\u2019autres universit\u00e9s, notamment \u00e9trang\u00e8res, pour faire un s\u00e9jour de recherche.<\/p>\n<p style=\"font-weight: 400\">Le s\u00e9jour de recherche peut avoir pour but de collaborer \u00e0 des recherches communes, de participer \u00e0 des r\u00e9unions de travail, d\u2019\u00e9changer sur des projets de recherche proches, de b\u00e9n\u00e9ficier du fonds documentaire de la biblioth\u00e8que du Centre Pi\u00e9ron (<a href=\"https:\/\/wordpress-test.app.u-pariscite.fr\/bibliotheques\/bu-henri-pieron\/\">https:\/\/wordpress-test.app.u-pariscite.fr\/bibliotheques\/bu-henri-pieron\/<\/a>), etc.<\/p>\n<p style=\"font-weight: 400\">Le s\u00e9jour de recherche doit \u00eatre pr\u00e9par\u00e9 en amont pour satisfaire \u00e0 plusieurs conditions\u00a0:<\/p>\n<ul>\n<li>Toute personne qui souhaite faire un s\u00e9jour de recherche doit en informer le directeur du PCPP en joignant diff\u00e9rents documents\u00a0:\n<ul>\n<li>une lettre de motivation avec mention du but du s\u00e9jour de recherche, ainsi que des dates d\u2019arriv\u00e9e et de d\u00e9part (veillez \u00e0 tenir compte des cong\u00e9s universitaires en France pour \u00e9viter de venir sur une p\u00e9riode o\u00f9 l\u2019universit\u00e9 est ferm\u00e9e),<\/li>\n<li>un projet de recherche argument\u00e9, exposant de fa\u00e7on pr\u00e9cise et d\u00e9taill\u00e9e en quoi consiste la recherche conduite (th\u00e9orie, m\u00e9thodologie, \u00e9thique) et quels sont les attendus de collaboration avec les membres du laboratoire PCPP.<\/li>\n<li>une lettre de recommandation du directeur de th\u00e8se ou du directeur de laboratoire.<\/li>\n<li>Il est recommand\u00e9 de visiter le site internet du laboratoire PCPP pour mentionner explicitement quels coll\u00e8gues du PCPP vous souhaitez rencontrer eu \u00e9gard \u00e0 leurs th\u00e8mes de recherche\u00a0; vous pouvez prendre contact avec ces coll\u00e8gues en amont de l\u2019envoi de votre dossier pour vous assurer de leur disponibilit\u00e9 lors de votre venue (les coll\u00e8gues peuvent en effet \u00eatre en d\u00e9placement hors de l\u2019universit\u00e9 ou en cong\u00e9s)<\/li>\n<\/ul>\n<\/li>\n<\/ul>\n<ul>\n<li>Par ailleurs, l\u2019universit\u00e9 Paris Cit\u00e9 a \u00e9dict\u00e9 un certain nombre de conditions d\u2019int\u00e9gration des enseignants-chercheurs et doctorants \u00e9trangers. Il est vivement recommand\u00e9 de prendre connaissance des informations mises \u00e0 disposition\u00a0:\n<ul>\n<li>Pour les doctorants \u00e9trangers\u00a0: <a href=\"https:\/\/wordpress-test.app.u-pariscite.fr\/doctorant-visiteur\/\">https:\/\/wordpress-test.app.u-pariscite.fr\/doctorant-visiteur\/<\/a><\/li>\n<li>Pour les coll\u00e8gues enseignants-chercheurs et chercheurs \u00e9trangers\u00a0: <a href=\"https:\/\/wordpress-test.app.u-pariscite.fr\/enseignants-chercheurs-visiteurs\/\">https:\/\/wordpress-test.app.u-pariscite.fr\/enseignants-chercheurs-visiteurs\/<\/a><\/li>\n<\/ul>\n<\/li>\n<\/ul>\n<p style=\"font-weight: 400\">Enfin, il vous appartient d\u2019\u00eatre en r\u00e8gle conform\u00e9ment aux dispositions l\u00e9gales concernant le s\u00e9jour sur le territoire fran\u00e7ais.<\/p>\n<p>LES D\u00c9MARCHES ADMINISTRATIVES PRENNENT DU TEMPS. IL VOUS EST EXPRESS\u00c9MENT DEMAND\u00c9 D&rsquo;ANTICIPER LONGUEMENT \u00c0 L&rsquo;AVANCE LE D\u00c9P\u00d4T DE VOTRE DOSSIER SCIENTIFIQUE AFIN QU&rsquo;IL SOIT \u00c9TUDI\u00c9 PAR LE CONSEIL DU LABORATOIRE ET QU&rsquo;EN CAS D&rsquo;AVIS FAVORABLE, LES D\u00c9MARCHES ADMINISTRATIVES PUISSENT \u00caTRE ENGAG\u00c9ES DANS LES MEILLEURES CONDITIONS. TOUT DOSSIER INCOMPLET ENTRA\u00ceNE DES RETARDS DE TRAITEMENT.<\/p>\n<p>[\/et_pb_text][\/et_pb_column][\/et_pb_row][\/et_pb_section]<\/p>\n","protected":false},"excerpt":{"rendered":"<div class=\"et_pb_row et_pb_row_0 et_pb_row_empty\"><\/div>\n<p> Le PCPP accueille volontiers les doctorants et les coll\u00e8gues d\u2019autres universit\u00e9s, notamment \u00e9trang\u00e8res, pour faire un s\u00e9jour de recherche.Le s\u00e9jour de recherche peut avoir pour but de collaborer \u00e0 des recherches communes, de participer \u00e0 des r\u00e9unions de travail, d\u2019\u00e9changer sur des projets de recherche proches, de b\u00e9n\u00e9ficier du fonds documentaire de la biblioth\u00e8que&hellip; <a class=\"continue\" href=\"https:\/\/wordpress-test.app.u-pariscite.fr\/pcpp\/stage-pcpp\/\">Lire la suite<span> S\u00e9jour de recherche au laboratoire PCPP<\/span><\/a><\/p>\n","protected":false},"author":158,"featured_media":0,"parent":0,"menu_order":0,"comment_status":"closed","ping_status":"closed","template":"","meta":{"_et_pb_use_builder":"on","_et_pb_old_content":"","_et_gb_content_width":"","footnotes":""},"class_list":["post-824","page","type-page","status-publish","hentry"],"_links":{"self":[{"href":"https:\/\/wordpress-test.app.u-pariscite.fr\/pcpp\/wp-json\/wp\/v2\/pages\/824","targetHints":{"allow":["GET"]}}],"collection":[{"href":"https:\/\/wordpress-test.app.u-pariscite.fr\/pcpp\/wp-json\/wp\/v2\/pages"}],"about":[{"href":"https:\/\/wordpress-test.app.u-pariscite.fr\/pcpp\/wp-json\/wp\/v2\/types\/page"}],"author":[{"embeddable":true,"href":"https:\/\/wordpress-test.app.u-pariscite.fr\/pcpp\/wp-json\/wp\/v2\/users\/158"}],"replies":[{"embeddable":true,"href":"https:\/\/wordpress-test.app.u-pariscite.fr\/pcpp\/wp-json\/wp\/v2\/comments?post=824"}],"version-history":[{"count":17,"href":"https:\/\/wordpress-test.app.u-pariscite.fr\/pcpp\/wp-json\/wp\/v2\/pages\/824\/revisions"}],"predecessor-version":[{"id":1632,"href":"https:\/\/wordpress-test.app.u-pariscite.fr\/pcpp\/wp-json\/wp\/v2\/pages\/824\/revisions\/1632"}],"wp:attachment":[{"href":"https:\/\/wordpress-test.app.u-pariscite.fr\/pcpp\/wp-json\/wp\/v2\/media?parent=824"}],"curies":[{"name":"wp","href":"https:\/\/api.w.org\/{rel}","templated":true}]}}