{"id":68,"date":"2020-10-21T16:11:48","date_gmt":"2020-10-21T14:11:48","guid":{"rendered":"https:\/\/wordpress-test.app.u-pariscite.fr\/pcpp\/?page_id=68"},"modified":"2024-05-08T10:14:04","modified_gmt":"2024-05-08T08:14:04","slug":"diplomes-universitaires","status":"publish","type":"page","link":"https:\/\/wordpress-test.app.u-pariscite.fr\/pcpp\/diplomes-universitaires\/","title":{"rendered":"Dipl\u00f4mes Universitaires"},"content":{"rendered":"<p>[et_pb_section bb_built=\u00a0\u00bb1&Prime; next_background_color=\u00a0\u00bb#000000&Prime; inner_width=\u00a0\u00bbauto\u00a0\u00bb inner_max_width=\u00a0\u00bbnone\u00a0\u00bb][et_pb_row][et_pb_column type=\u00a0\u00bb4_4&Prime;][et_pb_post_title admin_label=\u00a0\u00bbTitre de la page\u00a0\u00bb _builder_version=\u00a0\u00bb3.19.11&Prime; meta=\u00a0\u00bboff\u00a0\u00bb featured_image=\u00a0\u00bboff\u00a0\u00bb \/][\/et_pb_column][\/et_pb_row][et_pb_row _builder_version=\u00a0\u00bb3.22.1&Prime;][et_pb_column type=\u00a0\u00bb3_4&Prime;][et_pb_text admin_label=\u00a0\u00bbIntro\u00a0\u00bb _builder_version=\u00a0\u00bb3.22.1&Prime; module_id=\u00a0\u00bbintro\u00a0\u00bb text_text_shadow_horizontal_length=\u00a0\u00bbtext_text_shadow_style,%91object Object%93&Prime; text_text_shadow_vertical_length=\u00a0\u00bbtext_text_shadow_style,%91object Object%93&Prime; text_text_shadow_blur_strength=\u00a0\u00bbtext_text_shadow_style,%91object Object%93&Prime; link_text_shadow_horizontal_length=\u00a0\u00bblink_text_shadow_style,%91object Object%93&Prime; link_text_shadow_vertical_length=\u00a0\u00bblink_text_shadow_style,%91object Object%93&Prime; link_text_shadow_blur_strength=\u00a0\u00bblink_text_shadow_style,%91object Object%93&Prime; ul_text_shadow_horizontal_length=\u00a0\u00bbul_text_shadow_style,%91object Object%93&Prime; ul_text_shadow_vertical_length=\u00a0\u00bbul_text_shadow_style,%91object Object%93&Prime; ul_text_shadow_blur_strength=\u00a0\u00bbul_text_shadow_style,%91object Object%93&Prime; ol_text_shadow_horizontal_length=\u00a0\u00bbol_text_shadow_style,%91object Object%93&Prime; ol_text_shadow_vertical_length=\u00a0\u00bbol_text_shadow_style,%91object Object%93&Prime; ol_text_shadow_blur_strength=\u00a0\u00bbol_text_shadow_style,%91object Object%93&Prime; quote_text_shadow_horizontal_length=\u00a0\u00bbquote_text_shadow_style,%91object Object%93&Prime; quote_text_shadow_vertical_length=\u00a0\u00bbquote_text_shadow_style,%91object Object%93&Prime; quote_text_shadow_blur_strength=\u00a0\u00bbquote_text_shadow_style,%91object Object%93&Prime; header_text_shadow_horizontal_length=\u00a0\u00bbheader_text_shadow_style,%91object Object%93&Prime; header_text_shadow_vertical_length=\u00a0\u00bbheader_text_shadow_style,%91object Object%93&Prime; header_text_shadow_blur_strength=\u00a0\u00bbheader_text_shadow_style,%91object Object%93&Prime; header_2_text_shadow_horizontal_length=\u00a0\u00bbheader_2_text_shadow_style,%91object Object%93&Prime; header_2_text_shadow_vertical_length=\u00a0\u00bbheader_2_text_shadow_style,%91object Object%93&Prime; header_2_text_shadow_blur_strength=\u00a0\u00bbheader_2_text_shadow_style,%91object Object%93&Prime; header_3_text_shadow_horizontal_length=\u00a0\u00bbheader_3_text_shadow_style,%91object Object%93&Prime; header_3_text_shadow_vertical_length=\u00a0\u00bbheader_3_text_shadow_style,%91object Object%93&Prime; header_3_text_shadow_blur_strength=\u00a0\u00bbheader_3_text_shadow_style,%91object Object%93&Prime; header_4_text_shadow_horizontal_length=\u00a0\u00bbheader_4_text_shadow_style,%91object Object%93&Prime; header_4_text_shadow_vertical_length=\u00a0\u00bbheader_4_text_shadow_style,%91object Object%93&Prime; header_4_text_shadow_blur_strength=\u00a0\u00bbheader_4_text_shadow_style,%91object Object%93&Prime; header_5_text_shadow_horizontal_length=\u00a0\u00bbheader_5_text_shadow_style,%91object Object%93&Prime; header_5_text_shadow_vertical_length=\u00a0\u00bbheader_5_text_shadow_style,%91object Object%93&Prime; header_5_text_shadow_blur_strength=\u00a0\u00bbheader_5_text_shadow_style,%91object Object%93&Prime; header_6_text_shadow_horizontal_length=\u00a0\u00bbheader_6_text_shadow_style,%91object Object%93&Prime; header_6_text_shadow_vertical_length=\u00a0\u00bbheader_6_text_shadow_style,%91object Object%93&Prime; header_6_text_shadow_blur_strength=\u00a0\u00bbheader_6_text_shadow_style,%91object Object%93&Prime; z_index_tablet=\u00a0\u00bb500&Prime; \/][\/et_pb_column][et_pb_column type=\u00a0\u00bb1_4&Prime;][\/et_pb_column][\/et_pb_row][et_pb_row _builder_version=\u00a0\u00bb3.22.1&Prime;][et_pb_column type=\u00a0\u00bb3_4&Prime;][et_pb_text _builder_version=\u00a0\u00bb3.22.1&Prime; module_id=\u00a0\u00bbcontenu\u00a0\u00bb text_text_shadow_horizontal_length=\u00a0\u00bbtext_text_shadow_style,%91object Object%93&Prime; text_text_shadow_vertical_length=\u00a0\u00bbtext_text_shadow_style,%91object Object%93&Prime; text_text_shadow_blur_strength=\u00a0\u00bbtext_text_shadow_style,%91object Object%93&Prime; link_text_shadow_horizontal_length=\u00a0\u00bblink_text_shadow_style,%91object Object%93&Prime; link_text_shadow_vertical_length=\u00a0\u00bblink_text_shadow_style,%91object Object%93&Prime; link_text_shadow_blur_strength=\u00a0\u00bblink_text_shadow_style,%91object Object%93&Prime; ul_text_shadow_horizontal_length=\u00a0\u00bbul_text_shadow_style,%91object Object%93&Prime; ul_text_shadow_vertical_length=\u00a0\u00bbul_text_shadow_style,%91object Object%93&Prime; ul_text_shadow_blur_strength=\u00a0\u00bbul_text_shadow_style,%91object Object%93&Prime; ol_text_shadow_horizontal_length=\u00a0\u00bbol_text_shadow_style,%91object Object%93&Prime; ol_text_shadow_vertical_length=\u00a0\u00bbol_text_shadow_style,%91object Object%93&Prime; ol_text_shadow_blur_strength=\u00a0\u00bbol_text_shadow_style,%91object Object%93&Prime; quote_text_shadow_horizontal_length=\u00a0\u00bbquote_text_shadow_style,%91object Object%93&Prime; quote_text_shadow_vertical_length=\u00a0\u00bbquote_text_shadow_style,%91object Object%93&Prime; quote_text_shadow_blur_strength=\u00a0\u00bbquote_text_shadow_style,%91object Object%93&Prime; header_text_shadow_horizontal_length=\u00a0\u00bbheader_text_shadow_style,%91object Object%93&Prime; header_text_shadow_vertical_length=\u00a0\u00bbheader_text_shadow_style,%91object Object%93&Prime; header_text_shadow_blur_strength=\u00a0\u00bbheader_text_shadow_style,%91object Object%93&Prime; header_2_text_shadow_horizontal_length=\u00a0\u00bbheader_2_text_shadow_style,%91object Object%93&Prime; header_2_text_shadow_vertical_length=\u00a0\u00bbheader_2_text_shadow_style,%91object Object%93&Prime; header_2_text_shadow_blur_strength=\u00a0\u00bbheader_2_text_shadow_style,%91object Object%93&Prime; header_3_text_shadow_horizontal_length=\u00a0\u00bbheader_3_text_shadow_style,%91object Object%93&Prime; header_3_text_shadow_vertical_length=\u00a0\u00bbheader_3_text_shadow_style,%91object Object%93&Prime; header_3_text_shadow_blur_strength=\u00a0\u00bbheader_3_text_shadow_style,%91object Object%93&Prime; header_4_text_shadow_horizontal_length=\u00a0\u00bbheader_4_text_shadow_style,%91object Object%93&Prime; header_4_text_shadow_vertical_length=\u00a0\u00bbheader_4_text_shadow_style,%91object Object%93&Prime; header_4_text_shadow_blur_strength=\u00a0\u00bbheader_4_text_shadow_style,%91object Object%93&Prime; header_5_text_shadow_horizontal_length=\u00a0\u00bbheader_5_text_shadow_style,%91object Object%93&Prime; header_5_text_shadow_vertical_length=\u00a0\u00bbheader_5_text_shadow_style,%91object Object%93&Prime; header_5_text_shadow_blur_strength=\u00a0\u00bbheader_5_text_shadow_style,%91object Object%93&Prime; header_6_text_shadow_horizontal_length=\u00a0\u00bbheader_6_text_shadow_style,%91object Object%93&Prime; header_6_text_shadow_vertical_length=\u00a0\u00bbheader_6_text_shadow_style,%91object Object%93&Prime; header_6_text_shadow_blur_strength=\u00a0\u00bbheader_6_text_shadow_style,%91object Object%93&Prime; z_index_tablet=\u00a0\u00bb500&Prime;]<\/p>\n<h2><strong>Diplo\u0302mes Universitaires dont des membres du PCPP assurent des fonctions de responsabilite\u0301s scientifiques et pe\u0301dagogiques :<\/strong><\/h2>\n<p><a href=\"https:\/\/odf.wordpress-test.app.u-pariscite.fr\/fr\/offre-de-formation\/diplome-d-universite-du-diu-1\/sciences-technologies-sante-STS\/du-clinique-de-l-adolescent-continuite-et-discontinuite-de-l-enfance-a-l-age-adulte-XUR1_121.html\" target=\"_blank\" rel=\"noopener noreferrer\"><strong>D.U. Clinique\u00a0de l\u2019adolescent :\u00a0Continuit\u00e9\u00a0et discontinuit\u00e9s\u00a0de l\u2019enfance \u00e0 l\u2019\u00e2ge adulte<\/strong><\/a><\/p>\n<p><a href=\"https:\/\/odf.wordpress-test.app.u-pariscite.fr\/fr\/offre-de-formation\/diplome-d-universite-du-diu-1\/sciences-humaines-et-sociales-SHS\/du-clinique-et-theorie-des-groupes-JI381JN4.html\" target=\"_blank\" rel=\"noopener noreferrer\"><strong>D.U. Clinique et th\u00e9orie des groupes\u00a0<\/strong><\/a><\/p>\n<p><a href=\"https:\/\/odf.wordpress-test.app.u-pariscite.fr\/fr\/offre-de-formation\/diplome-d-universite-du-diu-1\/sciences-technologies-sante-STS\/du-la-psychologie-et-la-psychopathologie-de-la-perinatalite-et-du-tres-jeune-enfant-XUI9_91.html\" target=\"_blank\" rel=\"noopener noreferrer\"><strong>D.U. La psychologie et la psychopathologie de la p\u00e9rinatalit\u00e9 et du tr\u00e8s jeune enfant<\/strong><\/a><\/p>\n<p><a href=\"https:\/\/odf.wordpress-test.app.u-pariscite.fr\/fr\/offre-de-formation\/diplome-d-universite-du-diu-1\/sciences-technologies-sante-STS\/du-pratiques-de-mediation-et-de-traduction-en-situation-transculturelle-XUM4_121.html\" target=\"_blank\" rel=\"noopener noreferrer\"><strong>D.U. Pratiques de m\u00e9diation et de traduction en situation transculturelle<\/strong><\/a><\/p>\n<p><strong><a href=\"https:\/\/odf.wordpress-test.app.u-pariscite.fr\/fr\/offre-de-formation\/diplome-d-universite-du-diu-1\/sciences-humaines-et-sociales-SHS\/du-pratiques-transdisciplinaires-des-mediations-numeriques-et-cliniques-du-virtuel-KTU2HF9B.html?search-keywords=transdisciplinaires\">D.U Pratiques transdisciplinaires des m\u00e9diations num\u00e9riques et cliniques du virtuel<\/a><\/strong><\/p>\n<p><a href=\"https:\/\/odf.wordpress-test.app.u-pariscite.fr\/fr\/offre-de-formation\/diplome-d-universite-du-diu-1\/sciences-technologies-sante-STS\/du-psychiatrie-et-competences-transculturelles-XUN7_131.html\" target=\"_blank\" rel=\"noopener noreferrer\"><strong>D.U. Psychiatrie et comp\u00e9tences transculturelles<\/strong><\/a><\/p>\n<p><strong><a href=\"https:\/\/odf.wordpress-test.app.u-pariscite.fr\/fr\/offre-de-formation\/diplome-d-universite-du-diu-1\/sciences-humaines-et-sociales-SHS\/du-psychologie-projective-JI38KWSY.html\" target=\"_blank\" rel=\"noopener noreferrer\">D.U. Psychologie Projective<\/a>\u00a0<\/strong><\/p>\n<p>\u00a0<\/p>\n<div class=\"page\" title=\"Page 43\">\n<div class=\"layoutArea\">\n<div class=\"column\">\n<h2><strong>Diplo\u0302mes Universitaires dans lesquels les membres du PCPP interviennent :<\/strong><\/h2>\n<p><strong><a href=\"https:\/\/odf.wordpress-test.app.u-pariscite.fr\/fr\/offre-de-formation\/diplome-d-universite-du-diu-1\/sciences-humaines-et-sociales-SHS\/du-approche-psychananalytique-groupale-et-familiale-IGXS3R8M.html\">DU \u00ab Approche psychanalytique groupale et familiale \u00bb<\/a><\/strong><\/p>\n<p><strong><a href=\"https:\/\/odf.wordpress-test.app.u-pariscite.fr\/fr\/offre-de-formation\/diplome-d-universite-1\/sciences-humaines-et-sociales-SHS\/du-arts-et-mediations-therapeutiques-IGXS3KGR.html\">DU \u00ab Arts et me\u0301diations the\u0301rapeutiques \u00bb<\/a><\/strong><\/p>\n<p><strong><a href=\"https:\/\/odf.wordpress-test.app.u-pariscite.fr\/fr\/offre-de-formation\/diplome-d-universite-1\/sciences-humaines-et-sociales-SHS\/du-autisme-IGXS3KLL.html\">DU \u00ab Autisme \u00bb<\/a><\/strong><\/p>\n<p><strong><a href=\"https:\/\/odf.wordpress-test.app.u-pariscite.fr\/fr\/offre-de-formation\/diplome-d-universite-du-diu-1\/sciences-humaines-et-sociales-SHS\/du-clinique-du-handicap-et-vie-psychique-famille-institution-societe-DUHHAND_117.html\">DU \u00ab Clinique du handicap et vie psychique, Famille, institution, socie\u0301te\u0301 \u00bb<\/a><\/strong><\/p>\n<p><a href=\"https:\/\/odf.wordpress-test.app.u-pariscite.fr\/fr\/offre-de-formation\/diplome-d-universite-1\/sciences-humaines-et-sociales-SHS\/du-clinique-psychanalytique-kleinienne-JX4W1KNK.html\"><strong>DU \u00ab Clinique psychanalytique kleinienne \u00bb<\/strong><\/a><\/p>\n<p><a href=\"https:\/\/odf.wordpress-test.app.u-pariscite.fr\/fr\/offre-de-formation\/diplome-d-universite-1\/sciences-humaines-et-sociales-SHS\/du-cyberpsychologie-JVWGLI8M.html\"><strong>DU \u00ab Cyber psychologie \u00bb<\/strong><\/a><\/p>\n<p><a href=\"https:\/\/www.u-pec.fr\/fr\/formation\/du-ethique-et-numerique\"><strong>DU \u00ab Ethique et num\u00e9rique \u00bb<\/strong><\/a><\/p>\n<p><a href=\"https:\/\/odf.wordpress-test.app.u-pariscite.fr\/fr\/offre-de-formation\/diplome-d-universite-1\/sciences-humaines-et-sociales-SHS\/du-psychopathologie-petite-enfance-enfance-et-adolescence-IGXS3KV6.html\"><strong>DU \u00ab Psychopathologie : petite enfance, enfance et adolescence \u00bb<\/strong><\/a><\/p>\n<p><a href=\"https:\/\/odf.wordpress-test.app.u-pariscite.fr\/fr\/offre-de-formation\/diplome-d-universite-1\/sciences-humaines-et-sociales-SHS\/du-psychopedagogie-clinique-K2NB5TVB.html\"><strong>DU \u00ab Psychope\u0301dagogie clinique \u00bb<\/strong><\/a><\/p>\n<p><a href=\"https:\/\/odf.wordpress-test.app.u-pariscite.fr\/fr\/offre-de-formation\/diplome-d-universite-1\/sciences-humaines-et-sociales-SHS\/du-psychologie-et-psychopathologie-de-la-parentalite-JWJ5ILVM.html\"><strong>DU \u00ab Psychologie et psychopathologie de la parentalite\u0301 \u00bb<\/strong><\/a><\/p>\n<p><a href=\"https:\/\/odf.wordpress-test.app.u-pariscite.fr\/fr\/offre-de-formation\/diplome-d-universite-du-diu-1\/sciences-technologies-sante-STS\/du-psychiatrie-de-la-personne-agee-XUN8_131.html\"><strong>DU \u00ab Psychiatrie de la personne a\u0302ge\u0301e \u00bb<\/strong><\/a><\/p>\n<p><a href=\"https:\/\/odf.wordpress-test.app.u-pariscite.fr\/fr\/offre-de-formation\/diplome-d-universite-du-diu-1\/sciences-technologies-sante-STS\/diu-diabetologie-pediatrique-prise-en-charge-en-soins-avances-KE1HW6LH.html\"><strong>DIU \u00ab\u00a0Diabe\u0301tologie pe\u0301diatrique &#8211; Prise en charge en soins avance\u0301s\u00a0\u00bb<\/strong><\/a><\/p>\n<p><a href=\"https:\/\/odf.wordpress-test.app.u-pariscite.fr\/fr\/offre-de-formation\/diplome-d-universite-1\/sciences-technologies-sante-STS\/diu-endocrinologie-et-metabolismes-de-la-transition-XUH3_81.html\"><strong>DIU \u00ab\u00a0Endocrinologie et me\u0301tabolismes de la transition\u00a0\u00bb<\/strong><\/a><\/p>\n<p><a href=\"https:\/\/odf.wordpress-test.app.u-pariscite.fr\/fr\/offre-de-formation\/diplome-d-universite-1\/sciences-technologies-sante-STS\/diu-gynecologie-de-l-enfance-et-de-l-adolescence-XU62_41.html\"><strong>DIU \u00ab\u00a0Gyne\u0301cologie de l&rsquo;enfance et de l&rsquo;adolescence\u00a0\u00bb<\/strong><\/a><\/p>\n<p><a href=\"https:\/\/odf.wordpress-test.app.u-pariscite.fr\/fr\/offre-de-formation\/diplome-d-universite-1\/sciences-technologies-sante-STS\/diu-urologie-pediatrique-JOYC3SAC.html\"><strong>DIU \u00ab\u00a0Urologie pe\u0301diatrique\u00a0\u00bb<\/strong><\/a><\/p>\n<p><a href=\"https:\/\/odf.wordpress-test.app.u-pariscite.fr\/fr\/offre-de-formation\/diplome-d-universite-1\/sciences-technologies-sante-STS\/du-clinique-de-l-adolescent-continuite-et-discontinuite-de-l-enfance-a-l-age-adulte-XUR1_121.html\"><strong>DU \u00ab\u00a0Clinique de l\u2019adolescent : continuite\u0301 et discontinuite\u0301 de l\u2019enfance a\u0300 l\u2019a\u0302ge adulte\u00a0\u00bb<\/strong><\/a><\/p>\n<\/div>\n<\/div>\n<\/div>\n<p>[\/et_pb_text][\/et_pb_column][et_pb_column type=\u00a0\u00bb1_4&Prime;][\/et_pb_column][\/et_pb_row][\/et_pb_section][et_pb_section bb_built=\u00a0\u00bb1&Prime; specialty=\u00a0\u00bboff\u00a0\u00bb _builder_version=\u00a0\u00bb3.22.1&Prime; custom_padding=\u00a0\u00bb0px||0px|\u00a0\u00bb z_index_tablet=\u00a0\u00bb500&Prime; prev_background_color=\u00a0\u00bb#000000&Prime; global_module=\u00a0\u00bb796&Prime;][et_pb_row global_parent=\u00a0\u00bb796&Prime; _builder_version=\u00a0\u00bb3.22.1&Prime; width_phone=\u00a0\u00bb50px\u00a0\u00bb max_width_phone=\u00a0\u00bb1280px\u00a0\u00bb module_id=\u00a0\u00bbagenda_accueil1&Prime; z_index_tablet=\u00a0\u00bb500&Prime;][et_pb_column type=\u00a0\u00bb4_4&Prime;][\/et_pb_column][\/et_pb_row][\/et_pb_section]<\/p>\n","protected":false},"excerpt":{"rendered":"<div class=\"et_pb_row et_pb_row_0 et_pb_row_empty\"><\/div>\n<p> Diplo\u0302mes Universitaires dont des membres du PCPP assurent des fonctions de responsabilite\u0301s scientifiques et pe\u0301dagogiques :D.U. Clinique\u00a0de l\u2019adolescent :\u00a0Continuit\u00e9\u00a0et discontinuit\u00e9s\u00a0de l\u2019enfance \u00e0 l\u2019\u00e2ge adulteD.U. Clinique et th\u00e9orie des groupes\u00a0D.U. La psychologie et la psychopathologie de la p\u00e9rinatalit\u00e9 et du tr\u00e8s jeune enfantD.U. Pratiques de m\u00e9diation et de traduction en situation transculturelleD.U Pratiques transdisciplinaires des&hellip; <a class=\"continue\" href=\"https:\/\/wordpress-test.app.u-pariscite.fr\/pcpp\/diplomes-universitaires\/\">Lire la suite<span> Dipl\u00f4mes Universitaires<\/span><\/a><\/p>\n","protected":false},"author":35,"featured_media":0,"parent":0,"menu_order":0,"comment_status":"closed","ping_status":"closed","template":"","meta":{"_et_pb_use_builder":"on","_et_pb_old_content":"","_et_gb_content_width":"","footnotes":""},"class_list":["post-68","page","type-page","status-publish","hentry"],"_links":{"self":[{"href":"https:\/\/wordpress-test.app.u-pariscite.fr\/pcpp\/wp-json\/wp\/v2\/pages\/68","targetHints":{"allow":["GET"]}}],"collection":[{"href":"https:\/\/wordpress-test.app.u-pariscite.fr\/pcpp\/wp-json\/wp\/v2\/pages"}],"about":[{"href":"https:\/\/wordpress-test.app.u-pariscite.fr\/pcpp\/wp-json\/wp\/v2\/types\/page"}],"author":[{"embeddable":true,"href":"https:\/\/wordpress-test.app.u-pariscite.fr\/pcpp\/wp-json\/wp\/v2\/users\/35"}],"replies":[{"embeddable":true,"href":"https:\/\/wordpress-test.app.u-pariscite.fr\/pcpp\/wp-json\/wp\/v2\/comments?post=68"}],"version-history":[{"count":26,"href":"https:\/\/wordpress-test.app.u-pariscite.fr\/pcpp\/wp-json\/wp\/v2\/pages\/68\/revisions"}],"predecessor-version":[{"id":1320,"href":"https:\/\/wordpress-test.app.u-pariscite.fr\/pcpp\/wp-json\/wp\/v2\/pages\/68\/revisions\/1320"}],"wp:attachment":[{"href":"https:\/\/wordpress-test.app.u-pariscite.fr\/pcpp\/wp-json\/wp\/v2\/media?parent=68"}],"curies":[{"name":"wp","href":"https:\/\/api.w.org\/{rel}","templated":true}]}}