{"id":66,"date":"2020-10-21T16:10:13","date_gmt":"2020-10-21T14:10:13","guid":{"rendered":"https:\/\/wordpress-test.app.u-pariscite.fr\/pcpp\/?page_id=66"},"modified":"2023-09-16T21:57:18","modified_gmt":"2023-09-16T19:57:18","slug":"master-ppcp","status":"publish","type":"page","link":"https:\/\/wordpress-test.app.u-pariscite.fr\/pcpp\/master-ppcp\/","title":{"rendered":"Master PPCP"},"content":{"rendered":"<p>[et_pb_section bb_built=\u00a0\u00bb1&Prime; next_background_color=\u00a0\u00bb#000000&Prime; inner_width=\u00a0\u00bbauto\u00a0\u00bb inner_max_width=\u00a0\u00bbnone\u00a0\u00bb][et_pb_row][et_pb_column type=\u00a0\u00bb4_4&Prime;][et_pb_post_title admin_label=\u00a0\u00bbTitre de la page\u00a0\u00bb _builder_version=\u00a0\u00bb3.22.1&Prime; meta=\u00a0\u00bboff\u00a0\u00bb featured_image=\u00a0\u00bboff\u00a0\u00bb \/][\/et_pb_column][\/et_pb_row][et_pb_row][et_pb_column type=\u00a0\u00bb3_4&Prime;][et_pb_text admin_label=\u00a0\u00bbIntro\u00a0\u00bb _builder_version=\u00a0\u00bb3.22.1&Prime; module_id=\u00a0\u00bbintro\u00a0\u00bb text_text_shadow_horizontal_length=\u00a0\u00bbtext_text_shadow_style,%91object Object%93&Prime; text_text_shadow_vertical_length=\u00a0\u00bbtext_text_shadow_style,%91object Object%93&Prime; text_text_shadow_blur_strength=\u00a0\u00bbtext_text_shadow_style,%91object Object%93&Prime; link_text_shadow_horizontal_length=\u00a0\u00bblink_text_shadow_style,%91object Object%93&Prime; link_text_shadow_vertical_length=\u00a0\u00bblink_text_shadow_style,%91object Object%93&Prime; link_text_shadow_blur_strength=\u00a0\u00bblink_text_shadow_style,%91object Object%93&Prime; ul_text_shadow_horizontal_length=\u00a0\u00bbul_text_shadow_style,%91object Object%93&Prime; ul_text_shadow_vertical_length=\u00a0\u00bbul_text_shadow_style,%91object Object%93&Prime; ul_text_shadow_blur_strength=\u00a0\u00bbul_text_shadow_style,%91object Object%93&Prime; ol_text_shadow_horizontal_length=\u00a0\u00bbol_text_shadow_style,%91object Object%93&Prime; ol_text_shadow_vertical_length=\u00a0\u00bbol_text_shadow_style,%91object Object%93&Prime; ol_text_shadow_blur_strength=\u00a0\u00bbol_text_shadow_style,%91object Object%93&Prime; quote_text_shadow_horizontal_length=\u00a0\u00bbquote_text_shadow_style,%91object Object%93&Prime; quote_text_shadow_vertical_length=\u00a0\u00bbquote_text_shadow_style,%91object Object%93&Prime; quote_text_shadow_blur_strength=\u00a0\u00bbquote_text_shadow_style,%91object Object%93&Prime; header_text_shadow_horizontal_length=\u00a0\u00bbheader_text_shadow_style,%91object Object%93&Prime; header_text_shadow_vertical_length=\u00a0\u00bbheader_text_shadow_style,%91object Object%93&Prime; header_text_shadow_blur_strength=\u00a0\u00bbheader_text_shadow_style,%91object Object%93&Prime; header_2_text_shadow_horizontal_length=\u00a0\u00bbheader_2_text_shadow_style,%91object Object%93&Prime; header_2_text_shadow_vertical_length=\u00a0\u00bbheader_2_text_shadow_style,%91object Object%93&Prime; header_2_text_shadow_blur_strength=\u00a0\u00bbheader_2_text_shadow_style,%91object Object%93&Prime; header_3_text_shadow_horizontal_length=\u00a0\u00bbheader_3_text_shadow_style,%91object Object%93&Prime; header_3_text_shadow_vertical_length=\u00a0\u00bbheader_3_text_shadow_style,%91object Object%93&Prime; header_3_text_shadow_blur_strength=\u00a0\u00bbheader_3_text_shadow_style,%91object Object%93&Prime; header_4_text_shadow_horizontal_length=\u00a0\u00bbheader_4_text_shadow_style,%91object Object%93&Prime; header_4_text_shadow_vertical_length=\u00a0\u00bbheader_4_text_shadow_style,%91object Object%93&Prime; header_4_text_shadow_blur_strength=\u00a0\u00bbheader_4_text_shadow_style,%91object Object%93&Prime; header_5_text_shadow_horizontal_length=\u00a0\u00bbheader_5_text_shadow_style,%91object Object%93&Prime; header_5_text_shadow_vertical_length=\u00a0\u00bbheader_5_text_shadow_style,%91object Object%93&Prime; header_5_text_shadow_blur_strength=\u00a0\u00bbheader_5_text_shadow_style,%91object Object%93&Prime; header_6_text_shadow_horizontal_length=\u00a0\u00bbheader_6_text_shadow_style,%91object Object%93&Prime; header_6_text_shadow_vertical_length=\u00a0\u00bbheader_6_text_shadow_style,%91object Object%93&Prime; header_6_text_shadow_blur_strength=\u00a0\u00bbheader_6_text_shadow_style,%91object Object%93&Prime; z_index_tablet=\u00a0\u00bb500&Prime;]<\/p>\n<div class=\"page\" title=\"Page 1\">\n<div class=\"layoutArea\">\n<div class=\"column\">\n<p>Au sein du laboratoire PCPP, se d\u00e9veloppe une recherche sp\u00e9cialis\u00e9e et disciplinaire dans les domaines de la\u00a0Psychologie Clinique, la Psychopathologie et la Psychanalyse. La compl\u00e9mentarit\u00e9 entre recherche et formation se d\u00e9cline au travers du Master PPCP.<\/p>\n<\/div>\n<\/div>\n<\/div>\n<p>[\/et_pb_text][\/et_pb_column][et_pb_column type=\u00a0\u00bb1_4&Prime;][\/et_pb_column][\/et_pb_row][et_pb_row][et_pb_column type=\u00a0\u00bb3_4&Prime;][et_pb_text _builder_version=\u00a0\u00bb3.22.1&Prime; module_id=\u00a0\u00bbcontenu\u00a0\u00bb text_text_shadow_horizontal_length=\u00a0\u00bbtext_text_shadow_style,%91object Object%93&Prime; text_text_shadow_vertical_length=\u00a0\u00bbtext_text_shadow_style,%91object Object%93&Prime; text_text_shadow_blur_strength=\u00a0\u00bbtext_text_shadow_style,%91object Object%93&Prime; link_text_shadow_horizontal_length=\u00a0\u00bblink_text_shadow_style,%91object Object%93&Prime; link_text_shadow_vertical_length=\u00a0\u00bblink_text_shadow_style,%91object Object%93&Prime; link_text_shadow_blur_strength=\u00a0\u00bblink_text_shadow_style,%91object Object%93&Prime; ul_text_shadow_horizontal_length=\u00a0\u00bbul_text_shadow_style,%91object Object%93&Prime; ul_text_shadow_vertical_length=\u00a0\u00bbul_text_shadow_style,%91object Object%93&Prime; ul_text_shadow_blur_strength=\u00a0\u00bbul_text_shadow_style,%91object Object%93&Prime; ol_text_shadow_horizontal_length=\u00a0\u00bbol_text_shadow_style,%91object Object%93&Prime; ol_text_shadow_vertical_length=\u00a0\u00bbol_text_shadow_style,%91object Object%93&Prime; ol_text_shadow_blur_strength=\u00a0\u00bbol_text_shadow_style,%91object Object%93&Prime; quote_text_shadow_horizontal_length=\u00a0\u00bbquote_text_shadow_style,%91object Object%93&Prime; quote_text_shadow_vertical_length=\u00a0\u00bbquote_text_shadow_style,%91object Object%93&Prime; quote_text_shadow_blur_strength=\u00a0\u00bbquote_text_shadow_style,%91object Object%93&Prime; header_text_shadow_horizontal_length=\u00a0\u00bbheader_text_shadow_style,%91object Object%93&Prime; header_text_shadow_vertical_length=\u00a0\u00bbheader_text_shadow_style,%91object Object%93&Prime; header_text_shadow_blur_strength=\u00a0\u00bbheader_text_shadow_style,%91object Object%93&Prime; header_2_text_shadow_horizontal_length=\u00a0\u00bbheader_2_text_shadow_style,%91object Object%93&Prime; header_2_text_shadow_vertical_length=\u00a0\u00bbheader_2_text_shadow_style,%91object Object%93&Prime; header_2_text_shadow_blur_strength=\u00a0\u00bbheader_2_text_shadow_style,%91object Object%93&Prime; header_3_text_shadow_horizontal_length=\u00a0\u00bbheader_3_text_shadow_style,%91object Object%93&Prime; header_3_text_shadow_vertical_length=\u00a0\u00bbheader_3_text_shadow_style,%91object Object%93&Prime; header_3_text_shadow_blur_strength=\u00a0\u00bbheader_3_text_shadow_style,%91object Object%93&Prime; header_4_text_shadow_horizontal_length=\u00a0\u00bbheader_4_text_shadow_style,%91object Object%93&Prime; header_4_text_shadow_vertical_length=\u00a0\u00bbheader_4_text_shadow_style,%91object Object%93&Prime; header_4_text_shadow_blur_strength=\u00a0\u00bbheader_4_text_shadow_style,%91object Object%93&Prime; header_5_text_shadow_horizontal_length=\u00a0\u00bbheader_5_text_shadow_style,%91object Object%93&Prime; header_5_text_shadow_vertical_length=\u00a0\u00bbheader_5_text_shadow_style,%91object Object%93&Prime; header_5_text_shadow_blur_strength=\u00a0\u00bbheader_5_text_shadow_style,%91object Object%93&Prime; header_6_text_shadow_horizontal_length=\u00a0\u00bbheader_6_text_shadow_style,%91object Object%93&Prime; header_6_text_shadow_vertical_length=\u00a0\u00bbheader_6_text_shadow_style,%91object Object%93&Prime; header_6_text_shadow_blur_strength=\u00a0\u00bbheader_6_text_shadow_style,%91object Object%93&Prime; z_index_tablet=\u00a0\u00bb500&Prime;]<\/p>\n<div class=\"page\" title=\"Page 1\">\n<div class=\"layoutArea\">\n<div class=\"column\">\n<h4><a href=\"https:\/\/odf.wordpress-test.app.u-pariscite.fr\/fr\/offre-de-formation\/master-XB\/sciences-humaines-et-sociales-SHS\/psychologie-psychopathologie-clinique-psychanalytique-K2NDL4CM\/master-psychologie-psychopathologie-clinique-psychanalytique-parcours-clinique-des-experiences-et-des-atteintes-du-corps-site-de-l-institut-de-psychologie-JT4G7AF4.html\">Parcours \u00ab\u00a0Clinique des exp\u00e9riences et des atteintes du corps\u00a0\u00bb<\/a><\/h4>\n<p style=\"font-weight: 400\">Le Parcours Cliniques des exp\u00e9riences et des atteintes du corps s\u2019inscrit dans la mention Psychologie : Psychopathologie Clinique Psychanalytique (PPCP) du Master co-accr\u00e9dit\u00e9 \u00e0 UPC (ex-Paris Descartes et ex-Paris Diderot) et Paris 13. La formation s\u2019appuie sur l\u2019\u00e9pist\u00e9mologie psychanalytique et offre un ensemble de connaissances et de comp\u00e9tences permettant aux futurs psychologues d\u2019\u00eatre capables de r\u00e9pondre aux diff\u00e9rentes formes de souffrance psychique du sujet au prise avec des exp\u00e9riences du corps (\u00ab\u00a0ordinaires\u00a0\u00bb ou pathologiques) aux diff\u00e9rents \u00e2ges de la vie, en tenant compte de la diversit\u00e9 des terrains cliniques et de la n\u00e9cessit\u00e9 d\u2019une approche trans-disciplinaire (m\u00e9decine, sociologie, anthropologie, sciences infirmi\u00e8res, droit, etc.). Une attention particuli\u00e8re est port\u00e9e aux probl\u00e9matiques contemporaines en lien avec les exp\u00e9riences et les atteintes du corps pour sensibiliser les futurs psychologues aux enjeux actuels de ces souffrances intimes et \u00e0 leurs modalit\u00e9s th\u00e9rapeutiques sp\u00e9cifiques. Dans ce parcours une attention particuli\u00e8re est port\u00e9e aux approches th\u00e9orico-cliniques des exp\u00e9riences corporelles dans le cadre du d\u00e9veloppement normal du sujet (naissance d\u2019un b\u00e9b\u00e9, croissance d\u2019un enfant, pubert\u00e9, fertilit\u00e9, grossesse, \u00e9volution adulte, vieillissement, etc.) et\/ou des pathologies somatiques avec leurs traitements m\u00e9dicaux, engageant ou pas le pronostic vital. Y sont abord\u00e9s les grands concepts th\u00e9oriques qui permettent de penser les articulations entre corps et psych\u00e9 et les sp\u00e9cificit\u00e9s des cliniques et des prises en charge des patients et de leur famille. Les questions de la place des m\u00e9decins, des soignants et du psychologue dans les prises en charge de ces sujets permet une r\u00e9flexion sur l\u2019int\u00e9r\u00eat du travail pluridisciplinaire dans ce champ.<\/p>\n<p style=\"font-weight: 400\">Contact\u00a0: <a href=\"mailto:karinne.gueniche@wordpress-test.app.u-pariscite.fr\">karinne.gueniche@wordpress-test.app.u-pariscite.fr<\/a> (ECEVE UMR INSERM 1123 UPC)<\/p>\n<h4>\u00a0<\/h4>\n<h4><a href=\"https:\/\/odf.wordpress-test.app.u-pariscite.fr\/fr\/offre-de-formation\/master-XB\/sciences-humaines-et-sociales-SHS\/psychologie-psychopathologie-clinique-psychanalytique-K2NDL4CM\/master-psychologie-psychopathologie-clinique-psychanalytique-parcours-cliniques-psychanalytiques-de-l-enfant-et-de-l-adolescent-site-de-l-institut-de-psychologie-JT4G9E0U.html#:~:text=Le%20parcours%20\u00ab%20Cliniques%20psychanalytiques%20de,et%20prises%20en%20charge%20th\u00e9rapeutiques.\">Parcours \u00ab\u00a0Cliniques psychanalytiques de l&rsquo;enfant et de l&rsquo;adolescent \u00ab\u00a0<\/a><\/h4>\n<p>Ce Parcours Cliniques psychanalytiques de l\u2019enfant et de l\u2019adolescent s\u2019inscrit dans la mention Psychologie\u00a0: Psychopathologie Clinique Psychanalytique (PPCP) du Master co-accr\u00e9dit\u00e9 entre les Universit\u00e9s Paris Descartes, Paris Diderot (Universit\u00e9 Paris Cit\u00e9) et Paris 13. La formation s\u2019appuyant sur l\u2019\u00e9pist\u00e9mologie psychanalytique offre un ensemble de connaissances et de comp\u00e9tences permettant aux futurs psychologues d\u2019\u00eatre capables de r\u00e9pondre aux diff\u00e9rentes formes de souffrance psychique du sujet aux diff\u00e9rents \u00e2ges de la vie, en tenant compte de la diversit\u00e9 des terrains cliniques et de la n\u00e9cessit\u00e9 de dialoguer avec des professionnels issus d\u2019autres disciplines. Une attention particuli\u00e8re est port\u00e9e dans ce parcours \u00e0 la clinique et \u00e0 la psychopathologie de l\u2019enfant et de l\u2019adolescent (de la constitution du psychisme et de ses fragilit\u00e9s aux processus pubertaires du normal au pathologique).<\/p>\n<p>Contact : <a href=\"mailto:maia.guinard@wordpress-test.app.u-pariscite.fr\">maia.guinard@wordpress-test.app.u-pariscite.fr<\/a><\/p>\n<h4>\u00a0<\/h4>\n<h4><a href=\"https:\/\/odf.wordpress-test.app.u-pariscite.fr\/fr\/offre-de-formation\/master-XB\/sciences-humaines-et-sociales-SHS\/psychologie-psychopathologie-clinique-psychanalytique-K2NDL4CM\/master-psychologie-psychopathologie-clinique-psychanalytique-parcours-psychanalyse-et-interdisciplinarite-site-de-l-institut-de-psychologie-JT4GEHPD.html\">Parcours : \u00ab\u00a0Psychanalyse et interdisciplinarit\u00e9\u00a0\u00bb<\/a><\/h4>\n<p>Le parcours\u00a0\u00ab\u00a0Psychanalyse et interdisciplinarit\u00e9\u00a0\u00bb\u00a0de niveau M2 est l\u2019un des 13 parcours de la Mention\u00a0\u00ab\u00a0Psychologie\u00a0: Psychopathologie Clinique Psychanalytique\u00a0\u00bb\u00a0(PPCP)\u00a0co-accr\u00e9dit\u00e9e par deux universit\u00e9s franciliennes\u00a0: l\u2019Universit\u00e9 Paris Cit\u00e9 (Paris Descartes &amp; Paris Diderot) et l\u2019Universit\u00e9 Paris 13 et le seul parcours commun aux 3 sites.<\/p>\n<p>Le Master PPCP propose de fa\u00e7on g\u00e9n\u00e9rale une formation \u00e0 la profession r\u00e9glement\u00e9e de psychologue prenant appui sur l\u2019\u00e9pist\u00e9mologie psychanalytique avec les ouvertures qu\u2019elle soutient. Il a \u00e9galement pour finalit\u00e9 de pr\u00e9parer et de former des chercheurs en psychologie, en psychopathologie et en psychanalyse. Il encourage l\u2019articulation constante entre la recherche et la pratique clinique dans une perspective pluri- et interdisciplinaire. Parmi les diff\u00e9rents parcours qui organisent l\u2019enseignement,\u00a0le parcours\u00a0\u00ab\u00a0Psychanalyse et interdisciplinarit\u00e9\u00a0\u00bb,\u00a0accessible uniquement au niveau M2, est ouvert aux psychologues, psychiatres, sp\u00e9cialistes et\/ou chercheurs en sciences humaines et sociales, philosophie, litt\u00e9rature, etc. d\u00e9sireux de faire de la recherche avec et \u00e0 partir de la psychanalyse.<\/p>\n<p>Contact : <a href=\"mailto:isabelle.gernet@wordpress-test.app.u-pariscite.fr\">isabelle.gernet@wordpress-test.app.u-pariscite.fr<\/a><\/p>\n<h4>\u00a0<\/h4>\n<h4><a href=\"https:\/\/odf.wordpress-test.app.u-pariscite.fr\/fr\/offre-de-formation\/master-XB\/sciences-humaines-et-sociales-SHS\/psychologie-psychopathologie-clinique-psychanalytique-K2NDL4CM\/master-psychologie-psychopathologie-clinique-psychanalytique-parcours-groupe-transculturel-famille-institution-site-de-l-institut-de-psychologie-JT4GCG9J.html\">Parcours \u00ab\u00a0Groupe, transculturel, famille, institution\u00a0\u00bb<\/a><\/h4>\n<p>Ce Parcours\u00a0Groupe, Transculturel, Famille et Institution\u00a0s\u2019inscrit dans la mention\u00a0Psychologie\u00a0: Psychopathologie Clinique Psychanalytique (PPCP)\u00a0du Master co-accr\u00e9dit\u00e9 entre les Universit\u00e9s Paris Descartes, Paris Diderot (Universit\u00e9 Paris Cit\u00e9) et Paris 13. La formation s\u2019appuyant sur l\u2019\u00e9pist\u00e9mologie psychanalytique offre un ensemble de connaissances et de comp\u00e9tences permettant aux futurs psychologues d\u2019\u00eatre capables de r\u00e9pondre aux diff\u00e9rentes formes de souffrance psychique du sujet aux diff\u00e9rents \u00e2ges de la vie, en tenant compte de la diversit\u00e9 des terrains cliniques et de la n\u00e9cessit\u00e9 de dialoguer avec des professionnels issus d\u2019autres disciplines. Une attention particuli\u00e8re est port\u00e9e aux probl\u00e9matiques contemporaines pour sensibiliser les futurs psychologues aux enjeux institutionnels et sociaux.\u00a0Dans ce parcours une attention particuli\u00e8re est port\u00e9e\u00a0aux enjeux de la complexit\u00e9 humaine, \u00e0 tous les \u00e2ges de la vie et dans la diversit\u00e9 culturelle. Il forme les \u00e9tudiants au jeu complexe entre vie psychique et appartenances familiales, institutionnelles et sociales, faisant dialoguer les dimensions groupales et culturelles avec le fonctionnement psychique conscient et inconscient.<\/p>\n<p>Contact : <a href=\"mailto:isabelle.gernet@wordpress-test.app.u-pariscite.fr\">philippe.drweski@wordpress-test.app.u-pariscite.fr<\/a><\/p>\n<h4>\u00a0<\/h4>\n<h4><a href=\"https:\/\/odf.wordpress-test.app.u-pariscite.fr\/fr\/offre-de-formation\/master-XB\/sciences-humaines-et-sociales-SHS\/psychologie-psychopathologie-clinique-psychanalytique-K2NDL4CM\/master-psychologie-psychopathologie-clinique-psychanalytique-parcours-psychopathologie-psychanalytique-de-l-adulte-et-problematiques-contemporaines-site-de-l-institut-de-psychologie-JT4GFUHM.html\">Parcours \u00ab\u00a0Psychopathologie, psychanalytique de l&rsquo;adulte et probl\u00e9matiques contemporaines\u00a0\u00bb<\/a><\/h4>\n<p>Ce Parcours Psychopathologie psychanalytique de l\u2019adulte et probl\u00e9matiques contemporaines s\u2019inscrit dans la mention Psychologie\u00a0: Psychopathologie Clinique Psychanalytique (PPCP) du Master co-accr\u00e9dit\u00e9 entre les Universit\u00e9s Paris Descartes, Paris Diderot (Universit\u00e9 Paris Cit\u00e9) et Paris 13. La formation s\u2019appuyant sur l\u2019\u00e9pist\u00e9mologie psychanalytique offre un ensemble de connaissances et de comp\u00e9tences permettant aux futurs psychologues d\u2019\u00eatre capables de r\u00e9pondre aux diff\u00e9rentes formes de souffrance psychique du sujet aux diff\u00e9rents \u00e2ges de la vie, en tenant compte de la diversit\u00e9 des terrains cliniques et de la n\u00e9cessit\u00e9 de dialoguer avec des professionnels issus d\u2019autres disciplines. Une attention particuli\u00e8re est port\u00e9e aux probl\u00e9matiques contemporaines pour sensibiliser les futurs psychologues aux enjeux institutionnels et sociaux.<\/p>\n<p>Dans ce parcours une attention particuli\u00e8re est port\u00e9e aux processus psychiques mobilis\u00e9s dans les d\u00e9compensations psychopathologiques de l\u2019adulte (n\u00e9vroses, psychoses, troubles limites-narcissiques, perversions, cliniques de la violence et du traumatisme, clinique du travail).<\/p>\n<p>Contact : <a href=\"mailto:joanne.andre@wordpress-test.app.u-pariscite.fr\">joanne.andre@wordpress-test.app.u-pariscite.fr<\/a><\/p>\n<h4 class=\"ametys-richtext-title-4\">\u00a0<\/h4>\n<\/div>\n<\/div>\n<\/div>\n<p>[\/et_pb_text][\/et_pb_column][et_pb_column type=\u00a0\u00bb1_4&Prime;][\/et_pb_column][\/et_pb_row][\/et_pb_section][et_pb_section bb_built=\u00a0\u00bb1&Prime; specialty=\u00a0\u00bboff\u00a0\u00bb _builder_version=\u00a0\u00bb3.22.1&Prime; custom_padding=\u00a0\u00bb0px||0px|\u00a0\u00bb z_index_tablet=\u00a0\u00bb500&Prime; prev_background_color=\u00a0\u00bb#000000&Prime; global_module=\u00a0\u00bb796&Prime;][et_pb_row global_parent=\u00a0\u00bb796&Prime; _builder_version=\u00a0\u00bb3.22.1&Prime; width_phone=\u00a0\u00bb50px\u00a0\u00bb max_width_phone=\u00a0\u00bb1280px\u00a0\u00bb module_id=\u00a0\u00bbagenda_accueil1&Prime; z_index_tablet=\u00a0\u00bb500&Prime;][et_pb_column type=\u00a0\u00bb4_4&Prime;][\/et_pb_column][\/et_pb_row][\/et_pb_section]<\/p>\n","protected":false},"excerpt":{"rendered":"<div class=\"et_pb_row et_pb_row_0 et_pb_row_empty\"><\/div>\n<div class=\"et_pb_row et_pb_row_1 et_pb_row_empty\"><\/div>\n<p> Au sein du laboratoire PCPP, se d\u00e9veloppe une recherche sp\u00e9cialis\u00e9e et disciplinaire dans les domaines de la\u00a0Psychologie Clinique, la Psychopathologie et la Psychanalyse. La compl\u00e9mentarit\u00e9 entre recherche et formation se d\u00e9cline au travers du Master PPCP. <\/p>\n<div class=\"et_pb_row et_pb_row_2 et_pb_row_empty\"><\/div>\n<p> Parcours \u00ab\u00a0Clinique des exp\u00e9riences et des atteintes du corps\u00a0\u00bbLe Parcours Cliniques des exp\u00e9riences et des atteintes du&hellip; <a class=\"continue\" href=\"https:\/\/wordpress-test.app.u-pariscite.fr\/pcpp\/master-ppcp\/\">Lire la suite<span> Master PPCP<\/span><\/a><\/p>\n","protected":false},"author":35,"featured_media":0,"parent":0,"menu_order":0,"comment_status":"closed","ping_status":"closed","template":"","meta":{"_et_pb_use_builder":"on","_et_pb_old_content":"","_et_gb_content_width":"","footnotes":""},"class_list":["post-66","page","type-page","status-publish","hentry"],"_links":{"self":[{"href":"https:\/\/wordpress-test.app.u-pariscite.fr\/pcpp\/wp-json\/wp\/v2\/pages\/66","targetHints":{"allow":["GET"]}}],"collection":[{"href":"https:\/\/wordpress-test.app.u-pariscite.fr\/pcpp\/wp-json\/wp\/v2\/pages"}],"about":[{"href":"https:\/\/wordpress-test.app.u-pariscite.fr\/pcpp\/wp-json\/wp\/v2\/types\/page"}],"author":[{"embeddable":true,"href":"https:\/\/wordpress-test.app.u-pariscite.fr\/pcpp\/wp-json\/wp\/v2\/users\/35"}],"replies":[{"embeddable":true,"href":"https:\/\/wordpress-test.app.u-pariscite.fr\/pcpp\/wp-json\/wp\/v2\/comments?post=66"}],"version-history":[{"count":21,"href":"https:\/\/wordpress-test.app.u-pariscite.fr\/pcpp\/wp-json\/wp\/v2\/pages\/66\/revisions"}],"predecessor-version":[{"id":696,"href":"https:\/\/wordpress-test.app.u-pariscite.fr\/pcpp\/wp-json\/wp\/v2\/pages\/66\/revisions\/696"}],"wp:attachment":[{"href":"https:\/\/wordpress-test.app.u-pariscite.fr\/pcpp\/wp-json\/wp\/v2\/media?parent=66"}],"curies":[{"name":"wp","href":"https:\/\/api.w.org\/{rel}","templated":true}]}}