{"id":55,"date":"2020-10-21T16:01:50","date_gmt":"2020-10-21T14:01:50","guid":{"rendered":"https:\/\/wordpress-test.app.u-pariscite.fr\/pcpp\/?page_id=55"},"modified":"2023-10-23T14:10:04","modified_gmt":"2023-10-23T12:10:04","slug":"ressources-video","status":"publish","type":"page","link":"https:\/\/wordpress-test.app.u-pariscite.fr\/pcpp\/ressources-video\/","title":{"rendered":"Ressources vid\u00e9o"},"content":{"rendered":"<p>[et_pb_section bb_built=\u00a0\u00bb1&Prime; next_background_color=\u00a0\u00bb#000000&Prime; inner_width=\u00a0\u00bbauto\u00a0\u00bb inner_max_width=\u00a0\u00bbnone\u00a0\u00bb][et_pb_row][et_pb_column type=\u00a0\u00bb4_4&Prime;][et_pb_post_title admin_label=\u00a0\u00bbTitre de la page\u00a0\u00bb _builder_version=\u00a0\u00bb3.19.11&Prime; meta=\u00a0\u00bboff\u00a0\u00bb featured_image=\u00a0\u00bboff\u00a0\u00bb \/][\/et_pb_column][\/et_pb_row][et_pb_row][et_pb_column type=\u00a0\u00bb3_4&Prime;][et_pb_text admin_label=\u00a0\u00bbIntro\u00a0\u00bb _builder_version=\u00a0\u00bb3.22.1&Prime; module_id=\u00a0\u00bbintro\u00a0\u00bb text_text_shadow_horizontal_length=\u00a0\u00bbtext_text_shadow_style,%91object Object%93&Prime; text_text_shadow_vertical_length=\u00a0\u00bbtext_text_shadow_style,%91object Object%93&Prime; text_text_shadow_blur_strength=\u00a0\u00bbtext_text_shadow_style,%91object Object%93&Prime; link_text_shadow_horizontal_length=\u00a0\u00bblink_text_shadow_style,%91object Object%93&Prime; link_text_shadow_vertical_length=\u00a0\u00bblink_text_shadow_style,%91object Object%93&Prime; link_text_shadow_blur_strength=\u00a0\u00bblink_text_shadow_style,%91object Object%93&Prime; ul_text_shadow_horizontal_length=\u00a0\u00bbul_text_shadow_style,%91object Object%93&Prime; ul_text_shadow_vertical_length=\u00a0\u00bbul_text_shadow_style,%91object Object%93&Prime; ul_text_shadow_blur_strength=\u00a0\u00bbul_text_shadow_style,%91object Object%93&Prime; ol_text_shadow_horizontal_length=\u00a0\u00bbol_text_shadow_style,%91object Object%93&Prime; ol_text_shadow_vertical_length=\u00a0\u00bbol_text_shadow_style,%91object Object%93&Prime; ol_text_shadow_blur_strength=\u00a0\u00bbol_text_shadow_style,%91object Object%93&Prime; quote_text_shadow_horizontal_length=\u00a0\u00bbquote_text_shadow_style,%91object Object%93&Prime; quote_text_shadow_vertical_length=\u00a0\u00bbquote_text_shadow_style,%91object Object%93&Prime; quote_text_shadow_blur_strength=\u00a0\u00bbquote_text_shadow_style,%91object Object%93&Prime; header_text_shadow_horizontal_length=\u00a0\u00bbheader_text_shadow_style,%91object Object%93&Prime; header_text_shadow_vertical_length=\u00a0\u00bbheader_text_shadow_style,%91object Object%93&Prime; header_text_shadow_blur_strength=\u00a0\u00bbheader_text_shadow_style,%91object Object%93&Prime; header_2_text_shadow_horizontal_length=\u00a0\u00bbheader_2_text_shadow_style,%91object Object%93&Prime; header_2_text_shadow_vertical_length=\u00a0\u00bbheader_2_text_shadow_style,%91object Object%93&Prime; header_2_text_shadow_blur_strength=\u00a0\u00bbheader_2_text_shadow_style,%91object Object%93&Prime; header_3_text_shadow_horizontal_length=\u00a0\u00bbheader_3_text_shadow_style,%91object Object%93&Prime; header_3_text_shadow_vertical_length=\u00a0\u00bbheader_3_text_shadow_style,%91object Object%93&Prime; header_3_text_shadow_blur_strength=\u00a0\u00bbheader_3_text_shadow_style,%91object Object%93&Prime; header_4_text_shadow_horizontal_length=\u00a0\u00bbheader_4_text_shadow_style,%91object Object%93&Prime; header_4_text_shadow_vertical_length=\u00a0\u00bbheader_4_text_shadow_style,%91object Object%93&Prime; header_4_text_shadow_blur_strength=\u00a0\u00bbheader_4_text_shadow_style,%91object Object%93&Prime; header_5_text_shadow_horizontal_length=\u00a0\u00bbheader_5_text_shadow_style,%91object Object%93&Prime; header_5_text_shadow_vertical_length=\u00a0\u00bbheader_5_text_shadow_style,%91object Object%93&Prime; header_5_text_shadow_blur_strength=\u00a0\u00bbheader_5_text_shadow_style,%91object Object%93&Prime; header_6_text_shadow_horizontal_length=\u00a0\u00bbheader_6_text_shadow_style,%91object Object%93&Prime; header_6_text_shadow_vertical_length=\u00a0\u00bbheader_6_text_shadow_style,%91object Object%93&Prime; header_6_text_shadow_blur_strength=\u00a0\u00bbheader_6_text_shadow_style,%91object Object%93&Prime; z_index_tablet=\u00a0\u00bb500&Prime;]<\/p>\n<p><a href=\"https:\/\/www.cairn.info\/rencontre-les-enjeux-psychiques-des-separations.htm\"><img loading=\"lazy\" decoding=\"async\" class=\"alignnone size-medium wp-image-1622\" src=\"https:\/\/wordpress-test.app.u-pariscite.fr\/pcpp\/wp-content\/uploads\/sites\/30\/2023\/10\/vid\u00e9o-chabert-300x157.png\" alt=\"\" width=\"300\" height=\"157\" srcset=\"https:\/\/wordpress-test.app.u-pariscite.fr\/pcpp\/wp-content\/uploads\/sites\/30\/2023\/10\/vid\u00e9o-chabert-300x157.png 300w, https:\/\/wordpress-test.app.u-pariscite.fr\/pcpp\/wp-content\/uploads\/sites\/30\/2023\/10\/vid\u00e9o-chabert-768x402.png 768w, https:\/\/wordpress-test.app.u-pariscite.fr\/pcpp\/wp-content\/uploads\/sites\/30\/2023\/10\/vid\u00e9o-chabert-1024x537.png 1024w, https:\/\/wordpress-test.app.u-pariscite.fr\/pcpp\/wp-content\/uploads\/sites\/30\/2023\/10\/vid\u00e9o-chabert-1080x566.png 1080w\" sizes=\"(max-width: 300px) 100vw, 300px\" \/>\u00a0\u00a0\u00a0\u00a0 <img loading=\"lazy\" decoding=\"async\" class=\"alignnone  wp-image-1627\" src=\"https:\/\/wordpress-test.app.u-pariscite.fr\/pcpp\/wp-content\/uploads\/sites\/30\/2023\/10\/images.png\" alt=\"\" width=\"176\" height=\"52\" \/><\/a><\/p>\n<p>Interview de Catherine Chabert, fondatrice en 1993 et premi\u00e8re directrice du Laboratoire LPCP devenu PCPP. Interview faite par C\u00e9cile Gu\u00e9ret de l&rsquo;\u00e9quipe de Cairn le 11 octobre 2023.<\/p>\n<p>\u00a0<\/p>\n<p>Consultez notre cha\u00eene Youtube :<\/p>\n<p><a href=\"https:\/\/www.youtube.com\/channel\/UCUUpIRLSFEvWA8gZM3wjr-w\"><img loading=\"lazy\" decoding=\"async\" class=\"alignnone size-full wp-image-871\" src=\"https:\/\/wordpress-test.app.u-pariscite.fr\/pcpp\/wp-content\/uploads\/sites\/30\/2021\/11\/Youtube.png\" alt=\"\" width=\"225\" height=\"225\" srcset=\"https:\/\/wordpress-test.app.u-pariscite.fr\/pcpp\/wp-content\/uploads\/sites\/30\/2021\/11\/Youtube.png 225w, https:\/\/wordpress-test.app.u-pariscite.fr\/pcpp\/wp-content\/uploads\/sites\/30\/2021\/11\/Youtube-150x150.png 150w\" sizes=\"(max-width: 225px) 100vw, 225px\" \/><\/a><\/p>\n<p>\u00a0<\/p>\n<p>Vid\u00e9os de la Soci\u00e9t\u00e9 du Rorschach\u00a0<\/p>\n<p>\u00a0<\/p>\n<p><a href=\"https:\/\/www.youtube.com\/@societedurorschach4377\"><img loading=\"lazy\" decoding=\"async\" class=\"alignnone size-full wp-image-1518\" src=\"https:\/\/wordpress-test.app.u-pariscite.fr\/pcpp\/wp-content\/uploads\/sites\/30\/2023\/08\/SdR.jpeg\" alt=\"\" width=\"176\" height=\"176\" srcset=\"https:\/\/wordpress-test.app.u-pariscite.fr\/pcpp\/wp-content\/uploads\/sites\/30\/2023\/08\/SdR.jpeg 176w, https:\/\/wordpress-test.app.u-pariscite.fr\/pcpp\/wp-content\/uploads\/sites\/30\/2023\/08\/SdR-150x150.jpeg 150w\" sizes=\"(max-width: 176px) 100vw, 176px\" \/><\/a><\/p>\n<p>\u00a0<\/p>\n<p>Vid\u00e9os de l&rsquo;Institut du Virtuel\u00a0<\/p>\n<p><a href=\"https:\/\/www.youtube.com\/channel\/UCIwzyiNc6fJjEmhxCetpN5w\"><img loading=\"lazy\" decoding=\"async\" class=\"alignnone size-full wp-image-1520\" src=\"https:\/\/wordpress-test.app.u-pariscite.fr\/pcpp\/wp-content\/uploads\/sites\/30\/2023\/08\/IVSO.png\" alt=\"\" width=\"240\" height=\"155\" \/><\/a><\/p>\n<p>\u00a0<\/p>\n<p>\u00a0<\/p>\n<p>[\/et_pb_text][\/et_pb_column][et_pb_column type=\u00a0\u00bb1_4&Prime;][\/et_pb_column][\/et_pb_row][et_pb_row][et_pb_column type=\u00a0\u00bb4_4&Prime;][\/et_pb_column][\/et_pb_row][et_pb_row][et_pb_column type=\u00a0\u00bb3_4&Prime;][\/et_pb_column][et_pb_column type=\u00a0\u00bb1_4&Prime;][\/et_pb_column][\/et_pb_row][\/et_pb_section][et_pb_section bb_built=\u00a0\u00bb1&Prime; specialty=\u00a0\u00bboff\u00a0\u00bb _builder_version=\u00a0\u00bb3.22.1&Prime; custom_padding=\u00a0\u00bb0px||0px|\u00a0\u00bb z_index_tablet=\u00a0\u00bb500&Prime; prev_background_color=\u00a0\u00bb#000000&Prime; global_module=\u00a0\u00bb796&Prime;][et_pb_row global_parent=\u00a0\u00bb796&Prime; _builder_version=\u00a0\u00bb3.22.1&Prime; width_phone=\u00a0\u00bb50px\u00a0\u00bb max_width_phone=\u00a0\u00bb1280px\u00a0\u00bb module_id=\u00a0\u00bbagenda_accueil1&Prime; z_index_tablet=\u00a0\u00bb500&Prime;][et_pb_column type=\u00a0\u00bb4_4&Prime;][\/et_pb_column][\/et_pb_row][\/et_pb_section]<\/p>\n","protected":false},"excerpt":{"rendered":"<div class=\"et_pb_row et_pb_row_0 et_pb_row_empty\"><\/div>\n<div class=\"et_pb_row et_pb_row_1 et_pb_row_empty\"><\/div>\n<p> \u00a0\u00a0\u00a0\u00a0 Interview de Catherine Chabert, fondatrice en 1993 et premi\u00e8re directrice du Laboratoire LPCP devenu PCPP. Interview faite par C\u00e9cile Gu\u00e9ret de l&rsquo;\u00e9quipe de Cairn le 11 octobre 2023.\u00a0Consultez notre cha\u00eene Youtube :\u00a0Vid\u00e9os de la Soci\u00e9t\u00e9 du Rorschach\u00a0\u00a0\u00a0Vid\u00e9os de l&rsquo;Institut du Virtuel\u00a0\u00a0\u00a0 <\/p>\n<div class=\"et_pb_row et_pb_row_2 et_pb_row_empty\"><\/div>\n<div class=\"et_pb_row et_pb_row_3 et_pb_row_empty\"><\/div><\/p>\n","protected":false},"author":35,"featured_media":0,"parent":0,"menu_order":0,"comment_status":"closed","ping_status":"closed","template":"","meta":{"_et_pb_use_builder":"on","_et_pb_old_content":"","_et_gb_content_width":"","footnotes":""},"class_list":["post-55","page","type-page","status-publish","hentry"],"_links":{"self":[{"href":"https:\/\/wordpress-test.app.u-pariscite.fr\/pcpp\/wp-json\/wp\/v2\/pages\/55","targetHints":{"allow":["GET"]}}],"collection":[{"href":"https:\/\/wordpress-test.app.u-pariscite.fr\/pcpp\/wp-json\/wp\/v2\/pages"}],"about":[{"href":"https:\/\/wordpress-test.app.u-pariscite.fr\/pcpp\/wp-json\/wp\/v2\/types\/page"}],"author":[{"embeddable":true,"href":"https:\/\/wordpress-test.app.u-pariscite.fr\/pcpp\/wp-json\/wp\/v2\/users\/35"}],"replies":[{"embeddable":true,"href":"https:\/\/wordpress-test.app.u-pariscite.fr\/pcpp\/wp-json\/wp\/v2\/comments?post=55"}],"version-history":[{"count":19,"href":"https:\/\/wordpress-test.app.u-pariscite.fr\/pcpp\/wp-json\/wp\/v2\/pages\/55\/revisions"}],"predecessor-version":[{"id":870,"href":"https:\/\/wordpress-test.app.u-pariscite.fr\/pcpp\/wp-json\/wp\/v2\/pages\/55\/revisions\/870"}],"wp:attachment":[{"href":"https:\/\/wordpress-test.app.u-pariscite.fr\/pcpp\/wp-json\/wp\/v2\/media?parent=55"}],"curies":[{"name":"wp","href":"https:\/\/api.w.org\/{rel}","templated":true}]}}