{"id":47,"date":"2020-10-21T15:58:37","date_gmt":"2020-10-21T13:58:37","guid":{"rendered":"https:\/\/wordpress-test.app.u-pariscite.fr\/pcpp\/?page_id=47"},"modified":"2024-02-26T16:14:23","modified_gmt":"2024-02-26T15:14:23","slug":"cultures-et-diversite-culturelle","status":"publish","type":"page","link":"https:\/\/wordpress-test.app.u-pariscite.fr\/pcpp\/cultures-et-diversite-culturelle\/","title":{"rendered":"Cultures et diversit\u00e9 culturelle"},"content":{"rendered":"<p>[et_pb_section bb_built=\u00a0\u00bb1&Prime; inner_width=\u00a0\u00bbauto\u00a0\u00bb inner_max_width=\u00a0\u00bbnone\u00a0\u00bb][et_pb_row][et_pb_column type=\u00a0\u00bb4_4&Prime;][et_pb_post_title admin_label=\u00a0\u00bbTitre de la page\u00a0\u00bb _builder_version=\u00a0\u00bb3.22.1&Prime; meta=\u00a0\u00bboff\u00a0\u00bb featured_image=\u00a0\u00bboff\u00a0\u00bb text_shadow_horizontal_length=\u00a0\u00bbtext_shadow_style,%91object Object%93&Prime; text_shadow_vertical_length=\u00a0\u00bbtext_shadow_style,%91object Object%93&Prime; text_shadow_blur_strength=\u00a0\u00bbtext_shadow_style,%91object Object%93&Prime; title_text_shadow_horizontal_length=\u00a0\u00bbtitle_text_shadow_style,%91object Object%93&Prime; title_text_shadow_vertical_length=\u00a0\u00bbtitle_text_shadow_style,%91object Object%93&Prime; title_text_shadow_blur_strength=\u00a0\u00bbtitle_text_shadow_style,%91object Object%93&Prime; meta_text_shadow_horizontal_length=\u00a0\u00bbmeta_text_shadow_style,%91object Object%93&Prime; meta_text_shadow_vertical_length=\u00a0\u00bbmeta_text_shadow_style,%91object Object%93&Prime; meta_text_shadow_blur_strength=\u00a0\u00bbmeta_text_shadow_style,%91object Object%93&Prime; z_index_tablet=\u00a0\u00bb500&Prime; \/][\/et_pb_column][\/et_pb_row][et_pb_row _builder_version=\u00a0\u00bb3.22.1&Prime;][et_pb_column type=\u00a0\u00bb3_4&Prime;][et_pb_text admin_label=\u00a0\u00bbIntro\u00a0\u00bb _builder_version=\u00a0\u00bb3.22.1&Prime; module_id=\u00a0\u00bbintro\u00a0\u00bb text_text_shadow_horizontal_length=\u00a0\u00bbtext_text_shadow_style,%91object Object%93&Prime; text_text_shadow_vertical_length=\u00a0\u00bbtext_text_shadow_style,%91object Object%93&Prime; text_text_shadow_blur_strength=\u00a0\u00bbtext_text_shadow_style,%91object Object%93&Prime; link_text_shadow_horizontal_length=\u00a0\u00bblink_text_shadow_style,%91object Object%93&Prime; link_text_shadow_vertical_length=\u00a0\u00bblink_text_shadow_style,%91object Object%93&Prime; link_text_shadow_blur_strength=\u00a0\u00bblink_text_shadow_style,%91object Object%93&Prime; ul_text_shadow_horizontal_length=\u00a0\u00bbul_text_shadow_style,%91object Object%93&Prime; ul_text_shadow_vertical_length=\u00a0\u00bbul_text_shadow_style,%91object Object%93&Prime; ul_text_shadow_blur_strength=\u00a0\u00bbul_text_shadow_style,%91object Object%93&Prime; ol_text_shadow_horizontal_length=\u00a0\u00bbol_text_shadow_style,%91object Object%93&Prime; ol_text_shadow_vertical_length=\u00a0\u00bbol_text_shadow_style,%91object Object%93&Prime; ol_text_shadow_blur_strength=\u00a0\u00bbol_text_shadow_style,%91object Object%93&Prime; quote_text_shadow_horizontal_length=\u00a0\u00bbquote_text_shadow_style,%91object Object%93&Prime; quote_text_shadow_vertical_length=\u00a0\u00bbquote_text_shadow_style,%91object Object%93&Prime; quote_text_shadow_blur_strength=\u00a0\u00bbquote_text_shadow_style,%91object Object%93&Prime; header_text_shadow_horizontal_length=\u00a0\u00bbheader_text_shadow_style,%91object Object%93&Prime; header_text_shadow_vertical_length=\u00a0\u00bbheader_text_shadow_style,%91object Object%93&Prime; header_text_shadow_blur_strength=\u00a0\u00bbheader_text_shadow_style,%91object Object%93&Prime; header_2_text_shadow_horizontal_length=\u00a0\u00bbheader_2_text_shadow_style,%91object Object%93&Prime; header_2_text_shadow_vertical_length=\u00a0\u00bbheader_2_text_shadow_style,%91object Object%93&Prime; header_2_text_shadow_blur_strength=\u00a0\u00bbheader_2_text_shadow_style,%91object Object%93&Prime; header_3_text_shadow_horizontal_length=\u00a0\u00bbheader_3_text_shadow_style,%91object Object%93&Prime; header_3_text_shadow_vertical_length=\u00a0\u00bbheader_3_text_shadow_style,%91object Object%93&Prime; header_3_text_shadow_blur_strength=\u00a0\u00bbheader_3_text_shadow_style,%91object Object%93&Prime; header_4_text_shadow_horizontal_length=\u00a0\u00bbheader_4_text_shadow_style,%91object Object%93&Prime; header_4_text_shadow_vertical_length=\u00a0\u00bbheader_4_text_shadow_style,%91object Object%93&Prime; header_4_text_shadow_blur_strength=\u00a0\u00bbheader_4_text_shadow_style,%91object Object%93&Prime; header_5_text_shadow_horizontal_length=\u00a0\u00bbheader_5_text_shadow_style,%91object Object%93&Prime; header_5_text_shadow_vertical_length=\u00a0\u00bbheader_5_text_shadow_style,%91object Object%93&Prime; header_5_text_shadow_blur_strength=\u00a0\u00bbheader_5_text_shadow_style,%91object Object%93&Prime; header_6_text_shadow_horizontal_length=\u00a0\u00bbheader_6_text_shadow_style,%91object Object%93&Prime; header_6_text_shadow_vertical_length=\u00a0\u00bbheader_6_text_shadow_style,%91object Object%93&Prime; header_6_text_shadow_blur_strength=\u00a0\u00bbheader_6_text_shadow_style,%91object Object%93&Prime; z_index_tablet=\u00a0\u00bb500&Prime;]<\/p>\n<p style=\"font-weight: 400\">Le THEMA\u00a0\u00ab\u00a0Cultures et diversit\u00e9 culturelle\u00a0\u00bbregroupe les chercheurs\u00a0qui ont en commun des m\u00e9thodologies\u00a0compl\u00e9mentaristes (psychanalyse et anthropologie\/linguistique\/sociologie\/histoire..)\u00a0ou des objets de recherche transculturels.\u00a0<\/p>\n<p>[\/et_pb_text][\/et_pb_column][et_pb_column type=\u00a0\u00bb1_4&Prime;][\/et_pb_column][\/et_pb_row][et_pb_row _builder_version=\u00a0\u00bb3.19.11&Prime; module_id=\u00a0\u00bbimage-page-type\u00a0\u00bb width=\u00a0\u00bb80%\u00a0\u00bb max_width=\u00a0\u00bb1080px\u00a0\u00bb][et_pb_column type=\u00a0\u00bb3_4&Prime;][\/et_pb_column][et_pb_column type=\u00a0\u00bb1_4&Prime;][\/et_pb_column][\/et_pb_row][et_pb_row _builder_version=\u00a0\u00bb3.22.1&Prime;][et_pb_column type=\u00a0\u00bb4_4&Prime;][et_pb_text _builder_version=\u00a0\u00bb3.22.1&Prime; module_id=\u00a0\u00bbcontenu\u00a0\u00bb text_text_shadow_horizontal_length=\u00a0\u00bbtext_text_shadow_style,%91object Object%93&Prime; text_text_shadow_vertical_length=\u00a0\u00bbtext_text_shadow_style,%91object Object%93&Prime; text_text_shadow_blur_strength=\u00a0\u00bbtext_text_shadow_style,%91object Object%93&Prime; link_text_shadow_horizontal_length=\u00a0\u00bblink_text_shadow_style,%91object Object%93&Prime; link_text_shadow_vertical_length=\u00a0\u00bblink_text_shadow_style,%91object Object%93&Prime; link_text_shadow_blur_strength=\u00a0\u00bblink_text_shadow_style,%91object Object%93&Prime; ul_text_shadow_horizontal_length=\u00a0\u00bbul_text_shadow_style,%91object Object%93&Prime; ul_text_shadow_vertical_length=\u00a0\u00bbul_text_shadow_style,%91object Object%93&Prime; ul_text_shadow_blur_strength=\u00a0\u00bbul_text_shadow_style,%91object Object%93&Prime; ol_text_shadow_horizontal_length=\u00a0\u00bbol_text_shadow_style,%91object Object%93&Prime; ol_text_shadow_vertical_length=\u00a0\u00bbol_text_shadow_style,%91object Object%93&Prime; ol_text_shadow_blur_strength=\u00a0\u00bbol_text_shadow_style,%91object Object%93&Prime; quote_text_shadow_horizontal_length=\u00a0\u00bbquote_text_shadow_style,%91object Object%93&Prime; quote_text_shadow_vertical_length=\u00a0\u00bbquote_text_shadow_style,%91object Object%93&Prime; quote_text_shadow_blur_strength=\u00a0\u00bbquote_text_shadow_style,%91object Object%93&Prime; header_text_shadow_horizontal_length=\u00a0\u00bbheader_text_shadow_style,%91object Object%93&Prime; header_text_shadow_vertical_length=\u00a0\u00bbheader_text_shadow_style,%91object Object%93&Prime; header_text_shadow_blur_strength=\u00a0\u00bbheader_text_shadow_style,%91object Object%93&Prime; header_2_text_shadow_horizontal_length=\u00a0\u00bbheader_2_text_shadow_style,%91object Object%93&Prime; header_2_text_shadow_vertical_length=\u00a0\u00bbheader_2_text_shadow_style,%91object Object%93&Prime; header_2_text_shadow_blur_strength=\u00a0\u00bbheader_2_text_shadow_style,%91object Object%93&Prime; header_3_text_shadow_horizontal_length=\u00a0\u00bbheader_3_text_shadow_style,%91object Object%93&Prime; header_3_text_shadow_vertical_length=\u00a0\u00bbheader_3_text_shadow_style,%91object Object%93&Prime; header_3_text_shadow_blur_strength=\u00a0\u00bbheader_3_text_shadow_style,%91object Object%93&Prime; header_4_text_shadow_horizontal_length=\u00a0\u00bbheader_4_text_shadow_style,%91object Object%93&Prime; header_4_text_shadow_vertical_length=\u00a0\u00bbheader_4_text_shadow_style,%91object Object%93&Prime; header_4_text_shadow_blur_strength=\u00a0\u00bbheader_4_text_shadow_style,%91object Object%93&Prime; header_5_text_shadow_horizontal_length=\u00a0\u00bbheader_5_text_shadow_style,%91object Object%93&Prime; header_5_text_shadow_vertical_length=\u00a0\u00bbheader_5_text_shadow_style,%91object Object%93&Prime; header_5_text_shadow_blur_strength=\u00a0\u00bbheader_5_text_shadow_style,%91object Object%93&Prime; header_6_text_shadow_horizontal_length=\u00a0\u00bbheader_6_text_shadow_style,%91object Object%93&Prime; header_6_text_shadow_vertical_length=\u00a0\u00bbheader_6_text_shadow_style,%91object Object%93&Prime; header_6_text_shadow_blur_strength=\u00a0\u00bbheader_6_text_shadow_style,%91object Object%93&Prime; z_index_tablet=\u00a0\u00bb500&Prime;]<\/p>\n<p>Ces recherches articulent le collectif et l\u2019intime, elles s\u2019inscrivent dans l\u2019in\u00e9puisable\u00a0dialogue entre sujet de l\u2019inconscient et cultures aupr\u00e8s de toute personne en souffrance, \u00e0 tout \u00e2ge de la vie, souffrance redoubl\u00e9e par les enjeux transculturels.\u00a0<\/p>\n<p>Les chercheurs se r\u00e9unissent r\u00e9guli\u00e8rement pour exposer leurs travaux aux autres mais aussi leurs questions m\u00e9thodologiques, celles concernant l\u2019analyse des donn\u00e9es ou leurs doutes\u00a0contre-transf\u00e9rentiels\u00a0de chercheurs.\u00a0<\/p>\n<p>Des r\u00e9unions r\u00e9guli\u00e8res, anim\u00e9es par MR Moro, ont lieu mensuellement\u00a0(tous les 2\u00e8mes lundi du mois de 17h \u00e0 19h) \u00e0 la maison de Solenn. \u00a0<\/p>\n<p>Des s\u00e9minaires ainsi que des colloques ponctuent les avanc\u00e9es des recherches en cours\u00a0: un colloque international\u00a0a lieu\u00a0tous les ans sous l\u2019\u00e9gide\u00a0de la revue L\u2019autre (<a href=\"http:\/\/www.revuelautre.com\/\">www.revuelautre.com<\/a>) et une journ\u00e9e scientifique par an avec l\u2019aide de l\u2019Association Internationale d\u2019Ethnopsychanalyse (www.aiep-transculturel.com).<\/p>\n<p>Les nombreux s\u00e9minaires th\u00e9matiques ont lieu\u00a0\u00e0 la Maison des adolescents\u00a0de l\u2019Universit\u00e9 Paris\u00a0cit\u00e9\u00a0(Maison de Solenn, liste et programmes se trouvent ici :<a href=\"http:\/\/www.mda.aphp.fr\/enseignement-formation\/seminaires\/\">\u00a0http:\/\/www.mda.aphp.fr\/enseignement-formation\/seminaires\/<\/a>) et\u00a0permettent aux diff\u00e9rentes \u00e9quipes de pr\u00e9senter leurs travaux mutuellement et de les discuter\u00a0avec des membres invit\u00e9s et des chercheurs ext\u00e9rieurs.\u00a0<\/p>\n<p>Par ailleurs, un s\u00e9minaire postdoctoral\u00a0dirig\u00e9 par Marie Rose Moro et\u00a0coordonn\u00e9 par Alice Titia Rizzi\u00a0est tr\u00e8s actif depuis\u00a02012\u00a0: une r\u00e9union mensuelle le soir r\u00e9unit tous ceux qui ont soutenus leur th\u00e8se avec MR Moro et quelques autres qui ont soutenu une th\u00e8se en transculturel.<\/p>\n<p>De mani\u00e8re transversale, les membres des autres THEMA peuvent \u00e9galement\u00a0venir pr\u00e9senter les questions transculturelles\u00a0soulev\u00e9es par leurs propres travaux de recherche.<\/p>\n<p>Responsables<\/p>\n<p>Marie-Rose Moro (Pr) :\u00a0<a href=\"mailto:marie-rose.moro@wordpress-test.app.u-pariscite.fr\">marie-rose.moro@wordpress-test.app.u-pariscite.fr<\/a><\/p>\n<p>Alice Titia Rizzi (MCF) :\u00a0<a href=\"mailto:alice-titia.rizzi@wordpress-test.app.u-pariscite.fr\">alice-titia.rizzi@wordpress-test.app.u-pariscite.fr<\/a><\/p>\n<p>&nbsp;<\/p>\n<p>[\/et_pb_text][\/et_pb_column][\/et_pb_row][et_pb_row disabled_on=\u00a0\u00bbon|on|on\u00a0\u00bb disabled=\u00a0\u00bbon\u00a0\u00bb background_position=\u00a0\u00bbtop_left\u00a0\u00bb background_repeat=\u00a0\u00bbrepeat\u00a0\u00bb background_size=\u00a0\u00bbinitial\u00a0\u00bb width=\u00a0\u00bb80%\u00a0\u00bb max_width=\u00a0\u00bb1080px\u00a0\u00bb][et_pb_column type=\u00a0\u00bb4_4&Prime;][et_pb_text admin_label=\u00a0\u00bbA lire aussi\u00a0\u00bb _builder_version=\u00a0\u00bb3.22.1&Prime; module_id=\u00a0\u00bbcontenu\u00a0\u00bb text_text_shadow_horizontal_length=\u00a0\u00bbtext_text_shadow_style,%91object Object%93&Prime; text_text_shadow_vertical_length=\u00a0\u00bbtext_text_shadow_style,%91object Object%93&Prime; text_text_shadow_blur_strength=\u00a0\u00bbtext_text_shadow_style,%91object Object%93&Prime; link_text_shadow_horizontal_length=\u00a0\u00bblink_text_shadow_style,%91object Object%93&Prime; link_text_shadow_vertical_length=\u00a0\u00bblink_text_shadow_style,%91object Object%93&Prime; link_text_shadow_blur_strength=\u00a0\u00bblink_text_shadow_style,%91object Object%93&Prime; ul_text_shadow_horizontal_length=\u00a0\u00bbul_text_shadow_style,%91object Object%93&Prime; ul_text_shadow_vertical_length=\u00a0\u00bbul_text_shadow_style,%91object Object%93&Prime; ul_text_shadow_blur_strength=\u00a0\u00bbul_text_shadow_style,%91object Object%93&Prime; ol_text_shadow_horizontal_length=\u00a0\u00bbol_text_shadow_style,%91object Object%93&Prime; ol_text_shadow_vertical_length=\u00a0\u00bbol_text_shadow_style,%91object Object%93&Prime; ol_text_shadow_blur_strength=\u00a0\u00bbol_text_shadow_style,%91object Object%93&Prime; quote_text_shadow_horizontal_length=\u00a0\u00bbquote_text_shadow_style,%91object Object%93&Prime; quote_text_shadow_vertical_length=\u00a0\u00bbquote_text_shadow_style,%91object Object%93&Prime; quote_text_shadow_blur_strength=\u00a0\u00bbquote_text_shadow_style,%91object Object%93&Prime; header_text_shadow_horizontal_length=\u00a0\u00bbheader_text_shadow_style,%91object Object%93&Prime; header_text_shadow_vertical_length=\u00a0\u00bbheader_text_shadow_style,%91object Object%93&Prime; header_text_shadow_blur_strength=\u00a0\u00bbheader_text_shadow_style,%91object Object%93&Prime; header_2_text_shadow_horizontal_length=\u00a0\u00bbheader_2_text_shadow_style,%91object Object%93&Prime; header_2_text_shadow_vertical_length=\u00a0\u00bbheader_2_text_shadow_style,%91object Object%93&Prime; header_2_text_shadow_blur_strength=\u00a0\u00bbheader_2_text_shadow_style,%91object Object%93&Prime; header_3_text_shadow_horizontal_length=\u00a0\u00bbheader_3_text_shadow_style,%91object Object%93&Prime; header_3_text_shadow_vertical_length=\u00a0\u00bbheader_3_text_shadow_style,%91object Object%93&Prime; header_3_text_shadow_blur_strength=\u00a0\u00bbheader_3_text_shadow_style,%91object Object%93&Prime; header_4_text_shadow_horizontal_length=\u00a0\u00bbheader_4_text_shadow_style,%91object Object%93&Prime; header_4_text_shadow_vertical_length=\u00a0\u00bbheader_4_text_shadow_style,%91object Object%93&Prime; header_4_text_shadow_blur_strength=\u00a0\u00bbheader_4_text_shadow_style,%91object Object%93&Prime; header_5_text_shadow_horizontal_length=\u00a0\u00bbheader_5_text_shadow_style,%91object Object%93&Prime; header_5_text_shadow_vertical_length=\u00a0\u00bbheader_5_text_shadow_style,%91object Object%93&Prime; header_5_text_shadow_blur_strength=\u00a0\u00bbheader_5_text_shadow_style,%91object Object%93&Prime; header_6_text_shadow_horizontal_length=\u00a0\u00bbheader_6_text_shadow_style,%91object Object%93&Prime; header_6_text_shadow_vertical_length=\u00a0\u00bbheader_6_text_shadow_style,%91object Object%93&Prime; header_6_text_shadow_blur_strength=\u00a0\u00bbheader_6_text_shadow_style,%91object Object%93&Prime; z_index_tablet=\u00a0\u00bb500&Prime;]<\/p>\n<h3>A lire aussi<\/h3>\n<p>[\/et_pb_text][et_pb_blog _builder_version=\u00a0\u00bb3.22.1&Prime; posts_number=\u00a0\u00bb4&Prime; include_categories=\u00a0\u00bb27&Prime; text_shadow_horizontal_length=\u00a0\u00bbtext_shadow_style,%91object Object%93&Prime; text_shadow_vertical_length=\u00a0\u00bbtext_shadow_style,%91object Object%93&Prime; text_shadow_blur_strength=\u00a0\u00bbtext_shadow_style,%91object Object%93&Prime; header_text_shadow_horizontal_length=\u00a0\u00bbheader_text_shadow_style,%91object Object%93&Prime; header_text_shadow_vertical_length=\u00a0\u00bbheader_text_shadow_style,%91object Object%93&Prime; header_text_shadow_blur_strength=\u00a0\u00bbheader_text_shadow_style,%91object Object%93&Prime; body_text_shadow_horizontal_length=\u00a0\u00bbbody_text_shadow_style,%91object Object%93&Prime; body_text_shadow_vertical_length=\u00a0\u00bbbody_text_shadow_style,%91object Object%93&Prime; body_text_shadow_blur_strength=\u00a0\u00bbbody_text_shadow_style,%91object Object%93&Prime; meta_text_shadow_horizontal_length=\u00a0\u00bbmeta_text_shadow_style,%91object Object%93&Prime; meta_text_shadow_vertical_length=\u00a0\u00bbmeta_text_shadow_style,%91object Object%93&Prime; meta_text_shadow_blur_strength=\u00a0\u00bbmeta_text_shadow_style,%91object Object%93&Prime; pagination_text_shadow_horizontal_length=\u00a0\u00bbpagination_text_shadow_style,%91object Object%93&Prime; pagination_text_shadow_vertical_length=\u00a0\u00bbpagination_text_shadow_style,%91object Object%93&Prime; pagination_text_shadow_blur_strength=\u00a0\u00bbpagination_text_shadow_style,%91object Object%93&Prime; module_id=\u00a0\u00bbpage_type_blog\u00a0\u00bb z_index_tablet=\u00a0\u00bb500&Prime; \/][\/et_pb_column][\/et_pb_row][\/et_pb_section]<\/p>\n","protected":false},"excerpt":{"rendered":"<div class=\"et_pb_row et_pb_row_0 et_pb_row_empty\"><\/div>\n<p> Le THEMA\u00a0\u00ab\u00a0Cultures et diversit\u00e9 culturelle\u00a0\u00bbregroupe les chercheurs\u00a0qui ont en commun des m\u00e9thodologies\u00a0compl\u00e9mentaristes (psychanalyse et anthropologie\/linguistique\/sociologie\/histoire..)\u00a0ou des objets de recherche transculturels.\u00a0 Ces recherches articulent le collectif et l\u2019intime, elles s\u2019inscrivent dans l\u2019in\u00e9puisable\u00a0dialogue entre sujet de l\u2019inconscient et cultures aupr\u00e8s de toute personne en souffrance, \u00e0 tout \u00e2ge de la vie, souffrance redoubl\u00e9e par les enjeux&hellip; <a class=\"continue\" href=\"https:\/\/wordpress-test.app.u-pariscite.fr\/pcpp\/cultures-et-diversite-culturelle\/\">Lire la suite<span> Cultures et diversit\u00e9 culturelle<\/span><\/a><\/p>\n","protected":false},"author":35,"featured_media":0,"parent":0,"menu_order":0,"comment_status":"closed","ping_status":"closed","template":"","meta":{"_et_pb_use_builder":"on","_et_pb_old_content":"","_et_gb_content_width":"","footnotes":""},"class_list":["post-47","page","type-page","status-publish","hentry"],"_links":{"self":[{"href":"https:\/\/wordpress-test.app.u-pariscite.fr\/pcpp\/wp-json\/wp\/v2\/pages\/47","targetHints":{"allow":["GET"]}}],"collection":[{"href":"https:\/\/wordpress-test.app.u-pariscite.fr\/pcpp\/wp-json\/wp\/v2\/pages"}],"about":[{"href":"https:\/\/wordpress-test.app.u-pariscite.fr\/pcpp\/wp-json\/wp\/v2\/types\/page"}],"author":[{"embeddable":true,"href":"https:\/\/wordpress-test.app.u-pariscite.fr\/pcpp\/wp-json\/wp\/v2\/users\/35"}],"replies":[{"embeddable":true,"href":"https:\/\/wordpress-test.app.u-pariscite.fr\/pcpp\/wp-json\/wp\/v2\/comments?post=47"}],"version-history":[{"count":18,"href":"https:\/\/wordpress-test.app.u-pariscite.fr\/pcpp\/wp-json\/wp\/v2\/pages\/47\/revisions"}],"predecessor-version":[{"id":1715,"href":"https:\/\/wordpress-test.app.u-pariscite.fr\/pcpp\/wp-json\/wp\/v2\/pages\/47\/revisions\/1715"}],"wp:attachment":[{"href":"https:\/\/wordpress-test.app.u-pariscite.fr\/pcpp\/wp-json\/wp\/v2\/media?parent=47"}],"curies":[{"name":"wp","href":"https:\/\/api.w.org\/{rel}","templated":true}]}}