{"id":43,"date":"2020-10-21T15:55:36","date_gmt":"2020-10-21T13:55:36","guid":{"rendered":"https:\/\/wordpress-test.app.u-pariscite.fr\/pcpp\/?page_id=43"},"modified":"2024-10-03T11:42:29","modified_gmt":"2024-10-03T09:42:29","slug":"groupes-familles-institutions","status":"publish","type":"page","link":"https:\/\/wordpress-test.app.u-pariscite.fr\/pcpp\/groupes-familles-institutions\/","title":{"rendered":"Groupes, familles, institutions"},"content":{"rendered":"<p>[et_pb_section bb_built=\u00a0\u00bb1&Prime; inner_width=\u00a0\u00bbauto\u00a0\u00bb inner_max_width=\u00a0\u00bbnone\u00a0\u00bb][et_pb_row][et_pb_column type=\u00a0\u00bb4_4&Prime;][et_pb_post_title admin_label=\u00a0\u00bbTitre de la page\u00a0\u00bb _builder_version=\u00a0\u00bb3.19.11&Prime; meta=\u00a0\u00bboff\u00a0\u00bb featured_image=\u00a0\u00bboff\u00a0\u00bb \/][\/et_pb_column][\/et_pb_row][et_pb_row][et_pb_column type=\u00a0\u00bb4_4&Prime;][et_pb_text _builder_version=\u00a0\u00bb3.22.1&Prime; module_id=\u00a0\u00bbcontenu\u00a0\u00bb text_text_shadow_horizontal_length=\u00a0\u00bbtext_text_shadow_style,%91object Object%93&Prime; text_text_shadow_vertical_length=\u00a0\u00bbtext_text_shadow_style,%91object Object%93&Prime; text_text_shadow_blur_strength=\u00a0\u00bbtext_text_shadow_style,%91object Object%93&Prime; link_text_shadow_horizontal_length=\u00a0\u00bblink_text_shadow_style,%91object Object%93&Prime; link_text_shadow_vertical_length=\u00a0\u00bblink_text_shadow_style,%91object Object%93&Prime; link_text_shadow_blur_strength=\u00a0\u00bblink_text_shadow_style,%91object Object%93&Prime; ul_text_shadow_horizontal_length=\u00a0\u00bbul_text_shadow_style,%91object Object%93&Prime; ul_text_shadow_vertical_length=\u00a0\u00bbul_text_shadow_style,%91object Object%93&Prime; ul_text_shadow_blur_strength=\u00a0\u00bbul_text_shadow_style,%91object Object%93&Prime; ol_text_shadow_horizontal_length=\u00a0\u00bbol_text_shadow_style,%91object Object%93&Prime; ol_text_shadow_vertical_length=\u00a0\u00bbol_text_shadow_style,%91object Object%93&Prime; ol_text_shadow_blur_strength=\u00a0\u00bbol_text_shadow_style,%91object Object%93&Prime; quote_text_shadow_horizontal_length=\u00a0\u00bbquote_text_shadow_style,%91object Object%93&Prime; quote_text_shadow_vertical_length=\u00a0\u00bbquote_text_shadow_style,%91object Object%93&Prime; quote_text_shadow_blur_strength=\u00a0\u00bbquote_text_shadow_style,%91object Object%93&Prime; header_text_shadow_horizontal_length=\u00a0\u00bbheader_text_shadow_style,%91object Object%93&Prime; header_text_shadow_vertical_length=\u00a0\u00bbheader_text_shadow_style,%91object Object%93&Prime; header_text_shadow_blur_strength=\u00a0\u00bbheader_text_shadow_style,%91object Object%93&Prime; header_2_text_shadow_horizontal_length=\u00a0\u00bbheader_2_text_shadow_style,%91object Object%93&Prime; header_2_text_shadow_vertical_length=\u00a0\u00bbheader_2_text_shadow_style,%91object Object%93&Prime; header_2_text_shadow_blur_strength=\u00a0\u00bbheader_2_text_shadow_style,%91object Object%93&Prime; header_3_text_shadow_horizontal_length=\u00a0\u00bbheader_3_text_shadow_style,%91object Object%93&Prime; header_3_text_shadow_vertical_length=\u00a0\u00bbheader_3_text_shadow_style,%91object Object%93&Prime; header_3_text_shadow_blur_strength=\u00a0\u00bbheader_3_text_shadow_style,%91object Object%93&Prime; header_4_text_shadow_horizontal_length=\u00a0\u00bbheader_4_text_shadow_style,%91object Object%93&Prime; header_4_text_shadow_vertical_length=\u00a0\u00bbheader_4_text_shadow_style,%91object Object%93&Prime; header_4_text_shadow_blur_strength=\u00a0\u00bbheader_4_text_shadow_style,%91object Object%93&Prime; header_5_text_shadow_horizontal_length=\u00a0\u00bbheader_5_text_shadow_style,%91object Object%93&Prime; header_5_text_shadow_vertical_length=\u00a0\u00bbheader_5_text_shadow_style,%91object Object%93&Prime; header_5_text_shadow_blur_strength=\u00a0\u00bbheader_5_text_shadow_style,%91object Object%93&Prime; header_6_text_shadow_horizontal_length=\u00a0\u00bbheader_6_text_shadow_style,%91object Object%93&Prime; header_6_text_shadow_vertical_length=\u00a0\u00bbheader_6_text_shadow_style,%91object Object%93&Prime; header_6_text_shadow_blur_strength=\u00a0\u00bbheader_6_text_shadow_style,%91object Object%93&Prime; z_index_tablet=\u00a0\u00bb500&Prime;]<\/p>\n<div class=\"page\" title=\"Page 1\">\n<div class=\"layoutArea\">\n<div class=\"column\">\n<p>Le THEMA \u201cGroupe, Famille et Institution\u201d soutient un ensemble de recherches ayant pour objet d\u2019exploration une clinique groupale, familiale et\/ou institutionnelle ou traitant de dimensions groupales du psychisme. Les recherches portent ainsi sur la famille, le couple, les groupes institu\u00e9s (th\u00e9rapeutiques, p\u00e9dagogiques ou de professionnels), le travail d\u2019\u00e9quipe et les institutions des champs hospitalier, sanitaire et social.<\/p>\n<p>Il participe et contribue \u00e0 l\u2019extension de la psychanalyse (selon l\u2019expression de R. Ka\u00ebs) au plan des pratiques cliniques et psychoth\u00e9rapeutiques et des th\u00e9ories qui permettent d\u2019en rendre compte. Il vise \u00e0 promouvoir et d\u00e9velopper une investigation des processus psychiques en situation de groupe et de leurs sp\u00e9cificit\u00e9s dans une articulation \u00e0 la situation individuelle. Les rapports entre le sujet de l\u2019inconscient et le champ social-historique sont ainsi pens\u00e9s \u00e0 travers la vie psychique des collectifs. La pluralit\u00e9 des formes de subjectivit\u00e9 (intra, inter et trans) et des appartenances primaires et secondaires est appr\u00e9hend\u00e9e par leurs interactions mutuelles et les logiques d\u2019embo\u00eetement, de r\u00e9sonance et d\u2019interf\u00e9rence qui les relient.<\/p>\n<p>Le THEMA s\u2019appuie principalement sur les grands courants fran\u00e7ais et internationaux (sud-am\u00e9ricains et anglo-saxons) de l&rsquo;analyse de groupe, sur l\u2019ensemble des th\u00e9ories psychanalytiques individuelles et sur le dialogue ouvert avec d\u2019autres disciplines connexes, notamment la psychosociologie ou les sciences de l\u2019\u00e9ducation.<\/p>\n<p>Cet axe du laboratoire soutient en outre une attention particuli\u00e8re aux m\u00e9tacadres et cadres des pratiques cliniques et de la recherche psychanalytique, ainsi qu\u2019\u00e0 la vie du groupe de cliniciens\/chercheurs qui le constituent et qui l\u2019animent, dans un esprit de collaboration mutuelle, de d\u00e9couverte et d\u2019ouverture qui en fait une de ses richesses.<\/p>\n<p>Responsables\u00a0:<\/p>\n<p>Philippe Drweski, (MCF) : <a href=\"mailto:philippe.drweski@gmail.com\">philippe.drweski@gmail.com<\/a><\/p>\n<p>Xanthie Vlachopoulou, (MCF-HDR) : <a href=\"mailto:xanthie.vlachopoulou@wordpress-test.app.u-pariscite.fr\">xanthie.vlachopoulou@wordpress-test.app.u-pariscite.fr<\/a><\/p>\n<\/div>\n<div class=\"U_fq7 p_R\">\n<div class=\"r_P D_F cdPFi_Z1YRXYn cdPFi4_Z29WjXl C4_Z29WjXl p_R\" data-test-id=\"contact-card-search\">\n<div class=\"C_Z281SGl i_6MGW A_6EWk c1AVi73_6FYl u_b cZ1RN91d_GG w_AS k_w D_X a_3nHoX o_h rtlI_dz_sSg\" title=\"Geoffrey Dufayet\" data-test-id=\"contact-card-name\" data-id=\"contact-card-name\">Geoffrey Dufayet (ATER) : <a class=\"o_h J_x mq_CZ G_e r_P C_Z29WjXl S4_U ac_CI rtlI_dz_sSg\" title=\"dufayetgeoffrey@gmail.com\" data-test-id=\"contact-card-email\">dufayetgeoffrey@gmail.com\u00a0<\/a><\/div>\n<\/div>\n<\/div>\n<\/div>\n<\/div>\n<p>[\/et_pb_text][\/et_pb_column][\/et_pb_row][\/et_pb_section]<\/p>\n","protected":false},"excerpt":{"rendered":"<div class=\"et_pb_row et_pb_row_0 et_pb_row_empty\"><\/div>\n<div class=\"et_pb_row et_pb_row_1 et_pb_row_empty\"><\/div>\n<p> Le THEMA \u201cGroupe, Famille et Institution\u201d soutient un ensemble de recherches ayant pour objet d\u2019exploration une clinique groupale, familiale et\/ou institutionnelle ou traitant de dimensions groupales du psychisme. Les recherches portent ainsi sur la famille, le couple, les groupes institu\u00e9s (th\u00e9rapeutiques, p\u00e9dagogiques ou de professionnels), le travail d\u2019\u00e9quipe et les institutions des champs hospitalier,&hellip; <a class=\"continue\" href=\"https:\/\/wordpress-test.app.u-pariscite.fr\/pcpp\/groupes-familles-institutions\/\">Lire la suite<span> Groupes, familles, institutions<\/span><\/a><\/p>\n","protected":false},"author":35,"featured_media":0,"parent":0,"menu_order":0,"comment_status":"closed","ping_status":"closed","template":"","meta":{"_et_pb_use_builder":"on","_et_pb_old_content":"","_et_gb_content_width":"","footnotes":""},"class_list":["post-43","page","type-page","status-publish","hentry"],"_links":{"self":[{"href":"https:\/\/wordpress-test.app.u-pariscite.fr\/pcpp\/wp-json\/wp\/v2\/pages\/43","targetHints":{"allow":["GET"]}}],"collection":[{"href":"https:\/\/wordpress-test.app.u-pariscite.fr\/pcpp\/wp-json\/wp\/v2\/pages"}],"about":[{"href":"https:\/\/wordpress-test.app.u-pariscite.fr\/pcpp\/wp-json\/wp\/v2\/types\/page"}],"author":[{"embeddable":true,"href":"https:\/\/wordpress-test.app.u-pariscite.fr\/pcpp\/wp-json\/wp\/v2\/users\/35"}],"replies":[{"embeddable":true,"href":"https:\/\/wordpress-test.app.u-pariscite.fr\/pcpp\/wp-json\/wp\/v2\/comments?post=43"}],"version-history":[{"count":14,"href":"https:\/\/wordpress-test.app.u-pariscite.fr\/pcpp\/wp-json\/wp\/v2\/pages\/43\/revisions"}],"predecessor-version":[{"id":1982,"href":"https:\/\/wordpress-test.app.u-pariscite.fr\/pcpp\/wp-json\/wp\/v2\/pages\/43\/revisions\/1982"}],"wp:attachment":[{"href":"https:\/\/wordpress-test.app.u-pariscite.fr\/pcpp\/wp-json\/wp\/v2\/media?parent=43"}],"curies":[{"name":"wp","href":"https:\/\/api.w.org\/{rel}","templated":true}]}}