{"id":39,"date":"2020-10-21T15:53:45","date_gmt":"2020-10-21T13:53:45","guid":{"rendered":"https:\/\/wordpress-test.app.u-pariscite.fr\/pcpp\/?page_id=39"},"modified":"2024-07-29T20:23:40","modified_gmt":"2024-07-29T18:23:40","slug":"psychopathologie-fondamentale-et-metapsychologie","status":"publish","type":"page","link":"https:\/\/wordpress-test.app.u-pariscite.fr\/pcpp\/psychopathologie-fondamentale-et-metapsychologie\/","title":{"rendered":"Psychopathologies contemporaines et m\u00e9tapsychologie"},"content":{"rendered":"<p>[et_pb_section bb_built=\u00a0\u00bb1&Prime; next_background_color=\u00a0\u00bb#000000&Prime; inner_width=\u00a0\u00bbauto\u00a0\u00bb inner_max_width=\u00a0\u00bbnone\u00a0\u00bb][et_pb_row][et_pb_column type=\u00a0\u00bb4_4&Prime;][et_pb_post_title admin_label=\u00a0\u00bbTitre de la page\u00a0\u00bb _builder_version=\u00a0\u00bb3.22.1&Prime; meta=\u00a0\u00bboff\u00a0\u00bb featured_image=\u00a0\u00bboff\u00a0\u00bb \/][et_pb_text admin_label=\u00a0\u00bbIntro\u00a0\u00bb _builder_version=\u00a0\u00bb3.22.1&Prime; module_id=\u00a0\u00bbintro\u00a0\u00bb text_text_shadow_horizontal_length=\u00a0\u00bbtext_text_shadow_style,%91object Object%93&Prime; text_text_shadow_vertical_length=\u00a0\u00bbtext_text_shadow_style,%91object Object%93&Prime; text_text_shadow_blur_strength=\u00a0\u00bbtext_text_shadow_style,%91object Object%93&Prime; link_text_shadow_horizontal_length=\u00a0\u00bblink_text_shadow_style,%91object Object%93&Prime; link_text_shadow_vertical_length=\u00a0\u00bblink_text_shadow_style,%91object Object%93&Prime; link_text_shadow_blur_strength=\u00a0\u00bblink_text_shadow_style,%91object Object%93&Prime; ul_text_shadow_horizontal_length=\u00a0\u00bbul_text_shadow_style,%91object Object%93&Prime; ul_text_shadow_vertical_length=\u00a0\u00bbul_text_shadow_style,%91object Object%93&Prime; ul_text_shadow_blur_strength=\u00a0\u00bbul_text_shadow_style,%91object Object%93&Prime; ol_text_shadow_horizontal_length=\u00a0\u00bbol_text_shadow_style,%91object Object%93&Prime; ol_text_shadow_vertical_length=\u00a0\u00bbol_text_shadow_style,%91object Object%93&Prime; ol_text_shadow_blur_strength=\u00a0\u00bbol_text_shadow_style,%91object Object%93&Prime; quote_text_shadow_horizontal_length=\u00a0\u00bbquote_text_shadow_style,%91object Object%93&Prime; quote_text_shadow_vertical_length=\u00a0\u00bbquote_text_shadow_style,%91object Object%93&Prime; quote_text_shadow_blur_strength=\u00a0\u00bbquote_text_shadow_style,%91object Object%93&Prime; header_text_shadow_horizontal_length=\u00a0\u00bbheader_text_shadow_style,%91object Object%93&Prime; header_text_shadow_vertical_length=\u00a0\u00bbheader_text_shadow_style,%91object Object%93&Prime; header_text_shadow_blur_strength=\u00a0\u00bbheader_text_shadow_style,%91object Object%93&Prime; header_2_text_shadow_horizontal_length=\u00a0\u00bbheader_2_text_shadow_style,%91object Object%93&Prime; header_2_text_shadow_vertical_length=\u00a0\u00bbheader_2_text_shadow_style,%91object Object%93&Prime; header_2_text_shadow_blur_strength=\u00a0\u00bbheader_2_text_shadow_style,%91object Object%93&Prime; header_3_text_shadow_horizontal_length=\u00a0\u00bbheader_3_text_shadow_style,%91object Object%93&Prime; header_3_text_shadow_vertical_length=\u00a0\u00bbheader_3_text_shadow_style,%91object Object%93&Prime; header_3_text_shadow_blur_strength=\u00a0\u00bbheader_3_text_shadow_style,%91object Object%93&Prime; header_4_text_shadow_horizontal_length=\u00a0\u00bbheader_4_text_shadow_style,%91object Object%93&Prime; header_4_text_shadow_vertical_length=\u00a0\u00bbheader_4_text_shadow_style,%91object Object%93&Prime; header_4_text_shadow_blur_strength=\u00a0\u00bbheader_4_text_shadow_style,%91object Object%93&Prime; header_5_text_shadow_horizontal_length=\u00a0\u00bbheader_5_text_shadow_style,%91object Object%93&Prime; header_5_text_shadow_vertical_length=\u00a0\u00bbheader_5_text_shadow_style,%91object Object%93&Prime; header_5_text_shadow_blur_strength=\u00a0\u00bbheader_5_text_shadow_style,%91object Object%93&Prime; header_6_text_shadow_horizontal_length=\u00a0\u00bbheader_6_text_shadow_style,%91object Object%93&Prime; header_6_text_shadow_vertical_length=\u00a0\u00bbheader_6_text_shadow_style,%91object Object%93&Prime; header_6_text_shadow_blur_strength=\u00a0\u00bbheader_6_text_shadow_style,%91object Object%93&Prime; z_index_tablet=\u00a0\u00bb500&Prime;]<\/p>\n<div class=\"page\" title=\"Page 1\">\n<div class=\"layoutArea\">\n<div class=\"column\">\n<p style=\"font-weight: 400\"><strong>Psychopathologies contemporaines et m\u00e9tapsychologie<\/strong><\/p>\n<\/div>\n<\/div>\n<\/div>\n<p>[\/et_pb_text][et_pb_text _builder_version=\u00a0\u00bb3.22.1&Prime; module_id=\u00a0\u00bbcontenu\u00a0\u00bb text_text_shadow_horizontal_length=\u00a0\u00bbtext_text_shadow_style,%91object Object%93&Prime; text_text_shadow_vertical_length=\u00a0\u00bbtext_text_shadow_style,%91object Object%93&Prime; text_text_shadow_blur_strength=\u00a0\u00bbtext_text_shadow_style,%91object Object%93&Prime; link_text_shadow_horizontal_length=\u00a0\u00bblink_text_shadow_style,%91object Object%93&Prime; link_text_shadow_vertical_length=\u00a0\u00bblink_text_shadow_style,%91object Object%93&Prime; link_text_shadow_blur_strength=\u00a0\u00bblink_text_shadow_style,%91object Object%93&Prime; ul_text_shadow_horizontal_length=\u00a0\u00bbul_text_shadow_style,%91object Object%93&Prime; ul_text_shadow_vertical_length=\u00a0\u00bbul_text_shadow_style,%91object Object%93&Prime; ul_text_shadow_blur_strength=\u00a0\u00bbul_text_shadow_style,%91object Object%93&Prime; ol_text_shadow_horizontal_length=\u00a0\u00bbol_text_shadow_style,%91object Object%93&Prime; ol_text_shadow_vertical_length=\u00a0\u00bbol_text_shadow_style,%91object Object%93&Prime; ol_text_shadow_blur_strength=\u00a0\u00bbol_text_shadow_style,%91object Object%93&Prime; quote_text_shadow_horizontal_length=\u00a0\u00bbquote_text_shadow_style,%91object Object%93&Prime; quote_text_shadow_vertical_length=\u00a0\u00bbquote_text_shadow_style,%91object Object%93&Prime; quote_text_shadow_blur_strength=\u00a0\u00bbquote_text_shadow_style,%91object Object%93&Prime; header_text_shadow_horizontal_length=\u00a0\u00bbheader_text_shadow_style,%91object Object%93&Prime; header_text_shadow_vertical_length=\u00a0\u00bbheader_text_shadow_style,%91object Object%93&Prime; header_text_shadow_blur_strength=\u00a0\u00bbheader_text_shadow_style,%91object Object%93&Prime; header_2_text_shadow_horizontal_length=\u00a0\u00bbheader_2_text_shadow_style,%91object Object%93&Prime; header_2_text_shadow_vertical_length=\u00a0\u00bbheader_2_text_shadow_style,%91object Object%93&Prime; header_2_text_shadow_blur_strength=\u00a0\u00bbheader_2_text_shadow_style,%91object Object%93&Prime; header_3_text_shadow_horizontal_length=\u00a0\u00bbheader_3_text_shadow_style,%91object Object%93&Prime; header_3_text_shadow_vertical_length=\u00a0\u00bbheader_3_text_shadow_style,%91object Object%93&Prime; header_3_text_shadow_blur_strength=\u00a0\u00bbheader_3_text_shadow_style,%91object Object%93&Prime; header_4_text_shadow_horizontal_length=\u00a0\u00bbheader_4_text_shadow_style,%91object Object%93&Prime; header_4_text_shadow_vertical_length=\u00a0\u00bbheader_4_text_shadow_style,%91object Object%93&Prime; header_4_text_shadow_blur_strength=\u00a0\u00bbheader_4_text_shadow_style,%91object Object%93&Prime; header_5_text_shadow_horizontal_length=\u00a0\u00bbheader_5_text_shadow_style,%91object Object%93&Prime; header_5_text_shadow_vertical_length=\u00a0\u00bbheader_5_text_shadow_style,%91object Object%93&Prime; header_5_text_shadow_blur_strength=\u00a0\u00bbheader_5_text_shadow_style,%91object Object%93&Prime; header_6_text_shadow_horizontal_length=\u00a0\u00bbheader_6_text_shadow_style,%91object Object%93&Prime; header_6_text_shadow_vertical_length=\u00a0\u00bbheader_6_text_shadow_style,%91object Object%93&Prime; header_6_text_shadow_blur_strength=\u00a0\u00bbheader_6_text_shadow_style,%91object Object%93&Prime; z_index_tablet=\u00a0\u00bb500&Prime;]<\/p>\n<p>Les expressions pathologiques \u00e9voluent au gr\u00e9 des transformations de la soci\u00e9t\u00e9. Des changements faits de continuit\u00e9s et de ruptures, \u00e9pist\u00e9mologiques aussi, conduisant \u00e0 interroger encore et toujours l\u2019actualit\u00e9 et la pertinence des mod\u00e8les m\u00e9tapsychologiques et leur champ d\u2019action. Les formes cliniques contemporaines de la souffrance ont consid\u00e9rablement vari\u00e9, tant du point de vue individuel que collectif. Ces transformations n\u00e9cessitent de remettre sur le m\u00e9tier les recherches <em>en<\/em> psychanalyse et <em>\u00e0 partir<\/em> de la psychanalyse en mettant la pertinence du mod\u00e8le m\u00e9tapsychologique \u00e0 l\u2019\u00e9preuve des nouvelles formes d\u2019expressions cliniques et psychopathologiques, mais aussi de la complexit\u00e9 des grandes organisations psychopathologiques, toujours sources de questions th\u00e9oriques, m\u00e9thodologiques et de d\u00e9fis th\u00e9rapeutiques. Les exigences de performance au travail, de r\u00e9silience, d\u2019\u00e9panouissement, voire de bonheur personnel sont autant d\u2019injonctions dont la finalit\u00e9 entre en conflit avec les transformations du monde, dont les d\u00e9gradations \u00e9cologiques, vectrices d\u2019angoisses. Les formes contemporaines d\u2019expression de la souffrance rendent-elles pour autant caduques l\u2019\u00e9pist\u00e9mologie de la psychanalyse d\u00e9finie par les invariants de sa m\u00e9thode comme de sa th\u00e9orie\u00a0? Ce THEMA est convaincu de la n\u00e9cessit\u00e9 d\u2019investiguer les effets sur la psych\u00e9 des contraintes internes et externes, de penser les voies de passage entre r\u00e9alit\u00e9 biologique, r\u00e9alit\u00e9 sociale et r\u00e9alit\u00e9 psychique.<\/p>\n<p>Les objectifs du THEMA <em>Psychopathologies contemporaines et m\u00e9tapsychologie<\/em> sont de penser l\u2019\u00e9volution des paradigmes cliniques et m\u00e9tapsychologiques, leurs int\u00e9r\u00eats et leurs limites, dans la perspective d\u2019un d\u00e9bat au sein de la psychanalyse mais aussi avec d\u2019autres disciplines des sciences humaines et sociales comme l\u2019anthropologie, la sociologie, la philosophie, la litt\u00e9rature\u2026<\/p>\n<p>Isabelle Gernet (MCF- HDR)\u00a0: <a href=\"mailto:isabelle.gernet@wordpress-test.app.u-pariscite.fr\">isabelle.gernet@wordpress-test.app.u-pariscite.fr<\/a><\/p>\n<p>Estelle Lou\u00ebt (Pr)\u00a0: <a href=\"mailto:estelle.louet@wordpress-test.app.u-pariscite.fr\">estelle.louet@wordpress-test.app.u-pariscite.fr<\/a><\/p>\n<p>[\/et_pb_text][\/et_pb_column][\/et_pb_row][\/et_pb_section][et_pb_section bb_built=\u00a0\u00bb1&Prime; specialty=\u00a0\u00bboff\u00a0\u00bb _builder_version=\u00a0\u00bb3.22.1&Prime; custom_padding=\u00a0\u00bb0px||0px|\u00a0\u00bb z_index_tablet=\u00a0\u00bb500&Prime; prev_background_color=\u00a0\u00bb#000000&Prime; global_module=\u00a0\u00bb796&Prime;][et_pb_row global_parent=\u00a0\u00bb796&Prime; _builder_version=\u00a0\u00bb3.22.1&Prime; width_phone=\u00a0\u00bb50px\u00a0\u00bb max_width_phone=\u00a0\u00bb1280px\u00a0\u00bb module_id=\u00a0\u00bbagenda_accueil1&Prime; z_index_tablet=\u00a0\u00bb500&Prime;][et_pb_column type=\u00a0\u00bb4_4&Prime;][\/et_pb_column][\/et_pb_row][\/et_pb_section]<\/p>\n","protected":false},"excerpt":{"rendered":"<div class=\"et_pb_row et_pb_row_0 et_pb_row_empty\"><\/div>\n<p> Psychopathologies contemporaines et m\u00e9tapsychologie Les expressions pathologiques \u00e9voluent au gr\u00e9 des transformations de la soci\u00e9t\u00e9. Des changements faits de continuit\u00e9s et de ruptures, \u00e9pist\u00e9mologiques aussi, conduisant \u00e0 interroger encore et toujours l\u2019actualit\u00e9 et la pertinence des mod\u00e8les m\u00e9tapsychologiques et leur champ d\u2019action. Les formes cliniques contemporaines de la souffrance ont consid\u00e9rablement vari\u00e9, tant du&hellip; <a class=\"continue\" href=\"https:\/\/wordpress-test.app.u-pariscite.fr\/pcpp\/psychopathologie-fondamentale-et-metapsychologie\/\">Lire la suite<span> Psychopathologies contemporaines et m\u00e9tapsychologie<\/span><\/a><\/p>\n","protected":false},"author":35,"featured_media":0,"parent":0,"menu_order":0,"comment_status":"closed","ping_status":"closed","template":"","meta":{"_et_pb_use_builder":"on","_et_pb_old_content":"","_et_gb_content_width":"","footnotes":""},"class_list":["post-39","page","type-page","status-publish","hentry"],"_links":{"self":[{"href":"https:\/\/wordpress-test.app.u-pariscite.fr\/pcpp\/wp-json\/wp\/v2\/pages\/39","targetHints":{"allow":["GET"]}}],"collection":[{"href":"https:\/\/wordpress-test.app.u-pariscite.fr\/pcpp\/wp-json\/wp\/v2\/pages"}],"about":[{"href":"https:\/\/wordpress-test.app.u-pariscite.fr\/pcpp\/wp-json\/wp\/v2\/types\/page"}],"author":[{"embeddable":true,"href":"https:\/\/wordpress-test.app.u-pariscite.fr\/pcpp\/wp-json\/wp\/v2\/users\/35"}],"replies":[{"embeddable":true,"href":"https:\/\/wordpress-test.app.u-pariscite.fr\/pcpp\/wp-json\/wp\/v2\/comments?post=39"}],"version-history":[{"count":18,"href":"https:\/\/wordpress-test.app.u-pariscite.fr\/pcpp\/wp-json\/wp\/v2\/pages\/39\/revisions"}],"predecessor-version":[{"id":1938,"href":"https:\/\/wordpress-test.app.u-pariscite.fr\/pcpp\/wp-json\/wp\/v2\/pages\/39\/revisions\/1938"}],"wp:attachment":[{"href":"https:\/\/wordpress-test.app.u-pariscite.fr\/pcpp\/wp-json\/wp\/v2\/media?parent=39"}],"curies":[{"name":"wp","href":"https:\/\/api.w.org\/{rel}","templated":true}]}}