{"id":20,"date":"2020-10-21T15:51:07","date_gmt":"2020-10-21T13:51:07","guid":{"rendered":"https:\/\/wordpress-test.app.u-pariscite.fr\/pcpp\/?page_id=20"},"modified":"2024-07-19T16:14:06","modified_gmt":"2024-07-19T14:14:06","slug":"laboratoire-pcpp","status":"publish","type":"page","link":"https:\/\/wordpress-test.app.u-pariscite.fr\/pcpp\/laboratoire-pcpp\/","title":{"rendered":"Le laboratoire PCPP"},"content":{"rendered":"<p>[et_pb_section bb_built=\u00a0\u00bb1&Prime; inner_width=\u00a0\u00bbauto\u00a0\u00bb inner_max_width=\u00a0\u00bbnone\u00a0\u00bb][et_pb_row _builder_version=\u00a0\u00bb3.22.1&Prime;][et_pb_column type=\u00a0\u00bb4_4&Prime;][et_pb_post_title admin_label=\u00a0\u00bbTitre de la page\u00a0\u00bb _builder_version=\u00a0\u00bb3.22.1&Prime; meta=\u00a0\u00bboff\u00a0\u00bb featured_image=\u00a0\u00bboff\u00a0\u00bb \/][\/et_pb_column][\/et_pb_row][et_pb_row][et_pb_column type=\u00a0\u00bb4_4&Prime;][et_pb_text admin_label=\u00a0\u00bbIntro\u00a0\u00bb _builder_version=\u00a0\u00bb3.22.1&Prime; module_id=\u00a0\u00bbintro\u00a0\u00bb text_text_shadow_horizontal_length=\u00a0\u00bbtext_text_shadow_style,%91object Object%93&Prime; text_text_shadow_vertical_length=\u00a0\u00bbtext_text_shadow_style,%91object Object%93&Prime; text_text_shadow_blur_strength=\u00a0\u00bbtext_text_shadow_style,%91object Object%93&Prime; link_text_shadow_horizontal_length=\u00a0\u00bblink_text_shadow_style,%91object Object%93&Prime; link_text_shadow_vertical_length=\u00a0\u00bblink_text_shadow_style,%91object Object%93&Prime; link_text_shadow_blur_strength=\u00a0\u00bblink_text_shadow_style,%91object Object%93&Prime; ul_text_shadow_horizontal_length=\u00a0\u00bbul_text_shadow_style,%91object Object%93&Prime; ul_text_shadow_vertical_length=\u00a0\u00bbul_text_shadow_style,%91object Object%93&Prime; ul_text_shadow_blur_strength=\u00a0\u00bbul_text_shadow_style,%91object Object%93&Prime; ol_text_shadow_horizontal_length=\u00a0\u00bbol_text_shadow_style,%91object Object%93&Prime; ol_text_shadow_vertical_length=\u00a0\u00bbol_text_shadow_style,%91object Object%93&Prime; ol_text_shadow_blur_strength=\u00a0\u00bbol_text_shadow_style,%91object Object%93&Prime; quote_text_shadow_horizontal_length=\u00a0\u00bbquote_text_shadow_style,%91object Object%93&Prime; quote_text_shadow_vertical_length=\u00a0\u00bbquote_text_shadow_style,%91object Object%93&Prime; quote_text_shadow_blur_strength=\u00a0\u00bbquote_text_shadow_style,%91object Object%93&Prime; header_text_shadow_horizontal_length=\u00a0\u00bbheader_text_shadow_style,%91object Object%93&Prime; header_text_shadow_vertical_length=\u00a0\u00bbheader_text_shadow_style,%91object Object%93&Prime; header_text_shadow_blur_strength=\u00a0\u00bbheader_text_shadow_style,%91object Object%93&Prime; header_2_text_shadow_horizontal_length=\u00a0\u00bbheader_2_text_shadow_style,%91object Object%93&Prime; header_2_text_shadow_vertical_length=\u00a0\u00bbheader_2_text_shadow_style,%91object Object%93&Prime; header_2_text_shadow_blur_strength=\u00a0\u00bbheader_2_text_shadow_style,%91object Object%93&Prime; header_3_text_shadow_horizontal_length=\u00a0\u00bbheader_3_text_shadow_style,%91object Object%93&Prime; header_3_text_shadow_vertical_length=\u00a0\u00bbheader_3_text_shadow_style,%91object Object%93&Prime; header_3_text_shadow_blur_strength=\u00a0\u00bbheader_3_text_shadow_style,%91object Object%93&Prime; header_4_text_shadow_horizontal_length=\u00a0\u00bbheader_4_text_shadow_style,%91object Object%93&Prime; header_4_text_shadow_vertical_length=\u00a0\u00bbheader_4_text_shadow_style,%91object Object%93&Prime; header_4_text_shadow_blur_strength=\u00a0\u00bbheader_4_text_shadow_style,%91object Object%93&Prime; header_5_text_shadow_horizontal_length=\u00a0\u00bbheader_5_text_shadow_style,%91object Object%93&Prime; header_5_text_shadow_vertical_length=\u00a0\u00bbheader_5_text_shadow_style,%91object Object%93&Prime; header_5_text_shadow_blur_strength=\u00a0\u00bbheader_5_text_shadow_style,%91object Object%93&Prime; header_6_text_shadow_horizontal_length=\u00a0\u00bbheader_6_text_shadow_style,%91object Object%93&Prime; header_6_text_shadow_vertical_length=\u00a0\u00bbheader_6_text_shadow_style,%91object Object%93&Prime; header_6_text_shadow_blur_strength=\u00a0\u00bbheader_6_text_shadow_style,%91object Object%93&Prime; z_index_tablet=\u00a0\u00bb500&Prime;]<\/p>\n<p style=\"font-weight: 400\">Le laboratoire <em>Psychologie clinique, Psychopathologie Psychanalyse<\/em> (PCPP) est une unit\u00e9 de recherche universitaire (UR 4056) de l\u2019Institut de Psychologie de la Facult\u00e9 Soci\u00e9t\u00e9s &amp; Humanit\u00e9s de l\u2019Universit\u00e9 Paris Cit\u00e9 <\/p>\n<p>[\/et_pb_text][et_pb_text _builder_version=\u00a0\u00bb3.22.1&Prime; module_id=\u00a0\u00bbcontenu\u00a0\u00bb text_text_shadow_horizontal_length=\u00a0\u00bbtext_text_shadow_style,%91object Object%93&Prime; text_text_shadow_vertical_length=\u00a0\u00bbtext_text_shadow_style,%91object Object%93&Prime; text_text_shadow_blur_strength=\u00a0\u00bbtext_text_shadow_style,%91object Object%93&Prime; link_text_shadow_horizontal_length=\u00a0\u00bblink_text_shadow_style,%91object Object%93&Prime; link_text_shadow_vertical_length=\u00a0\u00bblink_text_shadow_style,%91object Object%93&Prime; link_text_shadow_blur_strength=\u00a0\u00bblink_text_shadow_style,%91object Object%93&Prime; ul_text_shadow_horizontal_length=\u00a0\u00bbul_text_shadow_style,%91object Object%93&Prime; ul_text_shadow_vertical_length=\u00a0\u00bbul_text_shadow_style,%91object Object%93&Prime; ul_text_shadow_blur_strength=\u00a0\u00bbul_text_shadow_style,%91object Object%93&Prime; ol_text_shadow_horizontal_length=\u00a0\u00bbol_text_shadow_style,%91object Object%93&Prime; ol_text_shadow_vertical_length=\u00a0\u00bbol_text_shadow_style,%91object Object%93&Prime; ol_text_shadow_blur_strength=\u00a0\u00bbol_text_shadow_style,%91object Object%93&Prime; quote_text_shadow_horizontal_length=\u00a0\u00bbquote_text_shadow_style,%91object Object%93&Prime; quote_text_shadow_vertical_length=\u00a0\u00bbquote_text_shadow_style,%91object Object%93&Prime; quote_text_shadow_blur_strength=\u00a0\u00bbquote_text_shadow_style,%91object Object%93&Prime; header_text_shadow_horizontal_length=\u00a0\u00bbheader_text_shadow_style,%91object Object%93&Prime; header_text_shadow_vertical_length=\u00a0\u00bbheader_text_shadow_style,%91object Object%93&Prime; header_text_shadow_blur_strength=\u00a0\u00bbheader_text_shadow_style,%91object Object%93&Prime; header_2_text_shadow_horizontal_length=\u00a0\u00bbheader_2_text_shadow_style,%91object Object%93&Prime; header_2_text_shadow_vertical_length=\u00a0\u00bbheader_2_text_shadow_style,%91object Object%93&Prime; header_2_text_shadow_blur_strength=\u00a0\u00bbheader_2_text_shadow_style,%91object Object%93&Prime; header_3_text_shadow_horizontal_length=\u00a0\u00bbheader_3_text_shadow_style,%91object Object%93&Prime; header_3_text_shadow_vertical_length=\u00a0\u00bbheader_3_text_shadow_style,%91object Object%93&Prime; header_3_text_shadow_blur_strength=\u00a0\u00bbheader_3_text_shadow_style,%91object Object%93&Prime; header_4_text_shadow_horizontal_length=\u00a0\u00bbheader_4_text_shadow_style,%91object Object%93&Prime; header_4_text_shadow_vertical_length=\u00a0\u00bbheader_4_text_shadow_style,%91object Object%93&Prime; header_4_text_shadow_blur_strength=\u00a0\u00bbheader_4_text_shadow_style,%91object Object%93&Prime; header_5_text_shadow_horizontal_length=\u00a0\u00bbheader_5_text_shadow_style,%91object Object%93&Prime; header_5_text_shadow_vertical_length=\u00a0\u00bbheader_5_text_shadow_style,%91object Object%93&Prime; header_5_text_shadow_blur_strength=\u00a0\u00bbheader_5_text_shadow_style,%91object Object%93&Prime; header_6_text_shadow_horizontal_length=\u00a0\u00bbheader_6_text_shadow_style,%91object Object%93&Prime; header_6_text_shadow_vertical_length=\u00a0\u00bbheader_6_text_shadow_style,%91object Object%93&Prime; header_6_text_shadow_blur_strength=\u00a0\u00bbheader_6_text_shadow_style,%91object Object%93&Prime; z_index_tablet=\u00a0\u00bb500&Prime;]<\/p>\n<p>Il a \u00e9t\u00e9 cr\u00e9\u00e9 en 1993 par le Pr. Catherine Chabert comme \u00ab\u00a0Laboratoire de psychologie clinique et psychopathologie\u00a0\u00bb (LPCP). En 2012, le LPCP a d\u00e9cid\u00e9 de changer de nom afin de clarifier et confirmer son adossement princeps \u00e0 la psychanalyse et est devenu le laboratoire PCPP. \u00c0 l\u2019Institut de Psychologie, cr\u00e9\u00e9 en 1920, berceau de la psychologie fran\u00e7aise et historiquement premier centre de formation universitaire pour les psychologues, le PCPP t\u00e9moigne ainsi de la pr\u00e9sence d\u2019une psychopathologie clinique r\u00e9f\u00e9r\u00e9e \u00e0 la psychanalyse, soucieuse du dialogue avec les autres orientations de la psychologie. Dans cet esprit, le PCPP est l\u2019une des unit\u00e9s de recherche \u00e9margeant \u00e0 l\u2019\u00c9cole Doctorale \u00ab\u00a0Cognition, comportement, conduites humaines\u00a0\u00bb (ED261 3CH) qui f\u00e9d\u00e8re l\u2019ensemble des laboratoires pr\u00e9sents \u00e0 l\u2019Institut de Psychologie.<\/p>\n<p>Depuis sa cr\u00e9ation, le laboratoire a \u00e9t\u00e9 successivement dirig\u00e9 par les Professeurs Catherine Chabert, Serban Ionescu et Fran\u00e7ois Marty. Le Professeur Sylvain Missonnier en a assur\u00e9 la direction de janvier 2012 \u00e0 janvier 2022 avec le Professeur Beno\u00eet Verdon, directeur adjoint. Depuis janvier 2022, le directeur du laboratoire est le Professeur Beno\u00eet Verdon.<\/p>\n<p>Les enseignants-chercheurs, chercheurs et doctorants qui en sont membres explorent divers domaines de pratiques et de recherches en psychologie clinique et en psychopathologie principalement adoss\u00e9s \u00e0 la psychanalyse freudienne et post-freudienne.<\/p>\n<p>Leurs travaux utilisent des m\u00e9thodologies plurielles, qualitatives et quantitatives (entretiens cliniques, tests psychologiques et notamment les m\u00e9thodes projectives, outils psychom\u00e9triques, observations cliniques, cadres th\u00e9rapeutiques, groupes) respectueuses de la dynamique transf\u00e9rentielle des rencontres cliniques ainsi que des enjeux li\u00e9s \u00e0 la complexit\u00e9 potentielle des fonctionnements psychiques eu \u00e9gard \u00e0 la dynamique mobilis\u00e9e par la causalit\u00e9 psychique.<\/p>\n<p>Leurs objets d\u2019\u00e9tudes concernent les probl\u00e9matiques princeps de la vie psychique et des \u00e9tats de souffrance (organisations psychopathologiques classiques, probl\u00e9matiques et conflits psychiques fondamentaux) mais peuvent aussi \u00eatre davantage saisis dans l\u2019actualit\u00e9 de la clinique contemporaine (m\u00e9tamorphoses du couple et de la famille, des institutions et de la soci\u00e9t\u00e9\u00a0; corps souffrants, maladies et handicaps\u00a0; r\u00e9alit\u00e9s virtuelles\u00a0; travail\u00a0; genre\u00a0; diversit\u00e9 culturelle\u2026). Les travaux de recherche veillent \u00e0 tenir compte des sp\u00e9cificit\u00e9s et des articulations des diff\u00e9rentes p\u00e9riodes de la vie (p\u00e9rinatalit\u00e9, petite enfance, enfance, adolescence, \u00e2ge m\u00fbr, vieillesse).<\/p>\n<p>Cette orientation est ouverte \u00e0 l\u2019interdisciplinarit\u00e9 avec les autres sciences humaines et les sciences dures et m\u00e9dicales. De fait, l\u2019engagement dans des r\u00e9seaux de recherches cliniques universitaires et institutionnels nationaux et internationaux constitue une caract\u00e9ristique identitaire essentielle du laboratoire et de l\u2019activit\u00e9 de recherche et de formation de ses membres.<\/p>\n<p>Le laboratoire organise ses activit\u00e9s scientifiques autour de plusieurs groupes de recherche appel\u00e9s THEMA\u00a0:<\/p>\n<ul>\n<li><a href=\"https:\/\/wordpress-test.app.u-pariscite.fr\/pcpp\/psychopathologie-fondamentale-et-metapsychologie\/\"><em>\u00ab Psychopathologies contemporaines et m\u00e9tapsychologie \u00bb<\/em><\/a><\/li>\n<li><a href=\"https:\/\/wordpress-test.app.u-pariscite.fr\/pcpp\/experiences-du-corps\/\"><em>\u00ab\u00a0Exp\u00e9riences du corps\u00a0\u00bb<\/em><\/a><\/li>\n<li><a href=\"https:\/\/wordpress-test.app.u-pariscite.fr\/pcpp\/groupes-familles-institutions\/\"><em>\u00ab\u00a0Groupes, famille, institution\u00a0\u00bb<\/em><\/a><\/li>\n<li><em><a href=\"https:\/\/wordpress-test.app.u-pariscite.fr\/pcpp\/cultures-et-diversite-culturelle\/\">\u00ab Cultures et diversit\u00e9 culturelle \u00bb<\/a><\/em><\/li>\n<li><a href=\"https:\/\/wordpress-test.app.u-pariscite.fr\/pcpp\/dispositifs-therapeutiques\/\"><em>\u00ab\u00a0Dispositifs th\u00e9rapeutiques\u00a0\u00bb<\/em><\/a><\/li>\n<\/ul>\n<p>\u00a0<\/p>\n<p>[\/et_pb_text][\/et_pb_column][\/et_pb_row][\/et_pb_section]<\/p>\n","protected":false},"excerpt":{"rendered":"<div class=\"et_pb_row et_pb_row_0 et_pb_row_empty\"><\/div>\n<p> Le laboratoire Psychologie clinique, Psychopathologie Psychanalyse (PCPP) est une unit\u00e9 de recherche universitaire (UR 4056) de l\u2019Institut de Psychologie de la Facult\u00e9 Soci\u00e9t\u00e9s &amp; Humanit\u00e9s de l\u2019Universit\u00e9 Paris Cit\u00e9 Il a \u00e9t\u00e9 cr\u00e9\u00e9 en 1993 par le Pr. Catherine Chabert comme \u00ab\u00a0Laboratoire de psychologie clinique et psychopathologie\u00a0\u00bb (LPCP). En 2012, le LPCP a d\u00e9cid\u00e9&hellip; <a class=\"continue\" href=\"https:\/\/wordpress-test.app.u-pariscite.fr\/pcpp\/laboratoire-pcpp\/\">Lire la suite<span> Le laboratoire PCPP<\/span><\/a><\/p>\n","protected":false},"author":35,"featured_media":0,"parent":0,"menu_order":0,"comment_status":"closed","ping_status":"closed","template":"","meta":{"_et_pb_use_builder":"on","_et_pb_old_content":"","_et_gb_content_width":"","footnotes":""},"class_list":["post-20","page","type-page","status-publish","hentry"],"_links":{"self":[{"href":"https:\/\/wordpress-test.app.u-pariscite.fr\/pcpp\/wp-json\/wp\/v2\/pages\/20","targetHints":{"allow":["GET"]}}],"collection":[{"href":"https:\/\/wordpress-test.app.u-pariscite.fr\/pcpp\/wp-json\/wp\/v2\/pages"}],"about":[{"href":"https:\/\/wordpress-test.app.u-pariscite.fr\/pcpp\/wp-json\/wp\/v2\/types\/page"}],"author":[{"embeddable":true,"href":"https:\/\/wordpress-test.app.u-pariscite.fr\/pcpp\/wp-json\/wp\/v2\/users\/35"}],"replies":[{"embeddable":true,"href":"https:\/\/wordpress-test.app.u-pariscite.fr\/pcpp\/wp-json\/wp\/v2\/comments?post=20"}],"version-history":[{"count":33,"href":"https:\/\/wordpress-test.app.u-pariscite.fr\/pcpp\/wp-json\/wp\/v2\/pages\/20\/revisions"}],"predecessor-version":[{"id":1931,"href":"https:\/\/wordpress-test.app.u-pariscite.fr\/pcpp\/wp-json\/wp\/v2\/pages\/20\/revisions\/1931"}],"wp:attachment":[{"href":"https:\/\/wordpress-test.app.u-pariscite.fr\/pcpp\/wp-json\/wp\/v2\/media?parent=20"}],"curies":[{"name":"wp","href":"https:\/\/api.w.org\/{rel}","templated":true}]}}