{"id":50,"date":"2020-11-26T16:32:55","date_gmt":"2020-11-26T15:32:55","guid":{"rendered":"https:\/\/wordpress-test.app.u-pariscite.fr\/odontologie\/?page_id=50"},"modified":"2024-06-13T16:32:16","modified_gmt":"2024-06-13T14:32:16","slug":"accueil","status":"publish","type":"page","link":"https:\/\/wordpress-test.app.u-pariscite.fr\/odontologie\/","title":{"rendered":"Accueil"},"content":{"rendered":"<p>[et_pb_section fb_built=\u00a0\u00bb1&Prime; fullwidth=\u00a0\u00bbon\u00a0\u00bb _builder_version=\u00a0\u00bb3.22.1&Prime; custom_margin=\u00a0\u00bb-33px||\u00a0\u00bb][et_pb_fullwidth_post_slider more_text=\u00a0\u00bbLire la suite\u00a0\u00bb show_meta=\u00a0\u00bboff\u00a0\u00bb show_image=\u00a0\u00bboff\u00a0\u00bb custom_button=\u00a0\u00bbon\u00a0\u00bb button_border_color=\u00a0\u00bb#000000&Prime; button_on_hover=\u00a0\u00bboff\u00a0\u00bb text_orientation=\u00a0\u00bbleft\u00a0\u00bb _builder_version=\u00a0\u00bb3.22.1&Prime; background_image=\u00a0\u00bbhttps:\/\/wordpress-test.app.u-pariscite.fr\/odontologie\/wp-content\/uploads\/sites\/36\/2024\/06\/LV2105_UDP_Montrouge-6884-1024&#215;576.jpg\u00a0\u00bb include_categories=\u00a0\u00bb22&Prime; body_font=\u00a0\u00bb||||||||\u00a0\u00bb body_line_height=\u00a0\u00bb1.5em\u00a0\u00bb bg_overlay_color=\u00a0\u00bbrgba(0,0,0,0.21)\u00a0\u00bb button_font=\u00a0\u00bb||||||||\u00a0\u00bb button_text_color__hover_enabled=\u00a0\u00bbon\u00a0\u00bb button_text_color__hover=\u00a0\u00bb#ffffff\u00a0\u00bb button_bg_color__hover_enabled=\u00a0\u00bbon\u00a0\u00bb button_bg_color__hover=\u00a0\u00bb#8a1538&Prime; button_border_color__hover_enabled=\u00a0\u00bbon\u00a0\u00bb button_border_color__hover=\u00a0\u00bb#8a1538&Prime; button_icon_color__hover_enabled=\u00a0\u00bbon\u00a0\u00bb button_icon_color__hover=\u00a0\u00bb#ffffff\u00a0\u00bb admin_label=\u00a0\u00bbCurseur de d\u00e9filement de post pleine largeur\u00a0\u00bb][\/et_pb_fullwidth_post_slider][et_pb_fullwidth_header title=\u00a0\u00bbUFR d&rsquo;Odontologie \u00a0\u00bb admin_label=\u00a0\u00bbPr\u00e9sentation\u00a0\u00bb _builder_version=\u00a0\u00bb3.22.1&Prime; title_level=\u00a0\u00bbh3&Prime; custom_padding=\u00a0\u00bb||50px|\u00a0\u00bb custom_padding_last_edited=\u00a0\u00bbon|phone\u00a0\u00bb z_index_tablet=\u00a0\u00bb500&Prime; custom_css_main_element=\u00a0\u00bbpadding-top: 50px!important;||padding-bottom: 50px!important;\u00a0\u00bb custom_css_title=\u00a0\u00bbfont-size: 2.5em !important;||font-weight: 500 !important;||margin-bottom: 10px;||margin-top: 0!important;||margin-right: 0!important;||\u00a0\u00bb custom_css_content=\u00a0\u00bbfont-size: 1.3em !important;||line-height: 1.6em !important;\u00a0\u00bb saved_tabs=\u00a0\u00bball\u00a0\u00bb]<\/p>\n<p>Seule UFR d&rsquo;Odontologie d&rsquo;Ile de France, 1\u00e8re UFR d&rsquo;Odontologie fran\u00e7aise au classement de Shanghai, l&rsquo;UFR d&rsquo;Odontologie d&rsquo;Universit\u00e9 Paris Cit\u00e9 compte plus de 2 000 \u00e9tudiants et 25% des internes nationaux.<\/p>\n<p>D\u00e8s sa cr\u00e9ation, l\u2019UFR d\u2019Odontologie a donn\u00e9 \u00e0 la recherche biom\u00e9dicale une place pr\u00e9pond\u00e9rante en cr\u00e9ant et en soutenant le d\u00e9veloppement d&rsquo;\u00e9quipes de recherche au sein desquelles les enseignants et les \u00e9tudiants participent \u00e0 des projets de recherche clinique et fondamentale.<\/p>\n<p>Par ailleurs, des collaborations se sont \u00e9tablies et d\u00e9velopp\u00e9es avec des institutions publiques de recherche comme l\u2019INSERM, le CNRS, l\u2019Institut Pasteur, le Coll\u00e8ge de France, ainsi qu\u2019avec des partenaires industriels. Des collaborations scientifiques et p\u00e9dagogiques nourrissent son rayonnement international.<\/p>\n<h3><a href=\"https:\/\/wordpress-test.app.u-pariscite.fr\/odontologie\/ouverture-des-inscriptions-administratives-ia\/\"><strong>Retrouvez toutes les informations li\u00e9es \u00e0 l&rsquo;ouverture des inscriptions ici<\/strong><\/a><\/h3>\n<p>[\/et_pb_fullwidth_header][\/et_pb_section][et_pb_section fb_built=\u00a0\u00bb1&Prime; _builder_version=\u00a0\u00bb3.22.1&Prime; custom_padding=\u00a0\u00bb||50px\u00a0\u00bb z_index_tablet=\u00a0\u00bb500&Prime;][et_pb_row module_id=\u00a0\u00bbcarousel_accueil1&Prime; _builder_version=\u00a0\u00bb3.22.1&Prime;][et_pb_column type=\u00a0\u00bb4_4&Prime; _builder_version=\u00a0\u00bb3.0.47&Prime;][et_pb_text admin_label=\u00a0\u00bbTitre actualit\u00e9s\u00a0\u00bb _builder_version=\u00a0\u00bb3.22.1&Prime; custom_padding=\u00a0\u00bb50px|||||\u00a0\u00bb]<\/p>\n<h1>Actualit\u00e9s<\/h1>\n<p>[\/et_pb_text][et_pb_nextend_smart_slider_3 slider=\u00a0\u00bb3&Prime; module_id=\u00a0\u00bbagenda_accueil1&Prime; _builder_version=\u00a0\u00bb3.22.1&Prime;]<br \/>\n[\/et_pb_nextend_smart_slider_3][et_pb_button button_url=\u00a0\u00bbhttps:\/\/wordpress-test.app.u-pariscite.fr\/odontologie\/category\/odontologie\/\u00a0\u00bb button_text=\u00a0\u00bbToute l\u2019actualit\u00e9\u00a0\u00bb button_alignment=\u00a0\u00bbleft\u00a0\u00bb admin_label=\u00a0\u00bbBouton Toute l\u2019actualit\u00e9\u00a0\u00bb _builder_version=\u00a0\u00bb3.22.1&Prime; custom_button=\u00a0\u00bbon\u00a0\u00bb button_text_color=\u00a0\u00bb#ffffff\u00a0\u00bb button_bg_color=\u00a0\u00bb#8a1538&Prime; button_border_width=\u00a0\u00bb2px\u00a0\u00bb button_border_color=\u00a0\u00bb#8a1538&Prime; button_border_radius=\u00a0\u00bb26&Prime; button_icon=\u00a0\u00bb%%20%%\u00a0\u00bb button_icon_color=\u00a0\u00bb#ffffff\u00a0\u00bb button_on_hover=\u00a0\u00bboff\u00a0\u00bb background_layout=\u00a0\u00bbdark\u00a0\u00bb z_index_tablet=\u00a0\u00bb500&Prime; custom_css_after=\u00a0\u00bbmargin-left: 0!important;||\u00a0\u00bb saved_tabs=\u00a0\u00bball\u00a0\u00bb background_layout__hover_enabled=\u00a0\u00bbon\u00a0\u00bb background_layout__hover=\u00a0\u00bblight\u00a0\u00bb button_bg_color__hover_enabled=\u00a0\u00bbon\u00a0\u00bb button_bg_color__hover=\u00a0\u00bb#ffffff\u00a0\u00bb button_icon_color__hover_enabled=\u00a0\u00bbon\u00a0\u00bb button_icon_color__hover=\u00a0\u00bb#8a1538&Prime; button_text_color__hover_enabled=\u00a0\u00bbon\u00a0\u00bb button_text_color__hover=\u00a0\u00bb#8a1538&Prime; custom_css_after__hover_enabled=\u00a0\u00bbon\u00a0\u00bb custom_css_after__hover=\u00a0\u00bbmargin-left: 0!important;\u00a0\u00bb button_border_color__hover_enabled=\u00a0\u00bbon\u00a0\u00bb]<br \/>\n[\/et_pb_button][\/et_pb_column][\/et_pb_row][\/et_pb_section][et_pb_section fb_built=\u00a0\u00bb1&Prime; _builder_version=\u00a0\u00bb3.22.1&Prime; background_color=\u00a0\u00bb#8a1538&Prime; min_height=\u00a0\u00bb391px\u00a0\u00bb custom_padding=\u00a0\u00bb||5px|||\u00a0\u00bb z_index_tablet=\u00a0\u00bb500&Prime;][et_pb_row custom_padding=\u00a0\u00bb42px|||||\u00a0\u00bb _builder_version=\u00a0\u00bb3.22&Prime; background_size=\u00a0\u00bbinitial\u00a0\u00bb background_position=\u00a0\u00bbtop_left\u00a0\u00bb background_repeat=\u00a0\u00bbrepeat\u00a0\u00bb][et_pb_column type=\u00a0\u00bb4_4&Prime; _builder_version=\u00a0\u00bb3.0.47&Prime;][et_pb_text admin_label=\u00a0\u00bbchiffres cl\u00e9s\u00a0\u00bb _builder_version=\u00a0\u00bb3.22.1&Prime; text_text_color=\u00a0\u00bb#ffffff\u00a0\u00bb background_layout=\u00a0\u00bbdark\u00a0\u00bb custom_padding=\u00a0\u00bb41px|||||\u00a0\u00bb z_index_tablet=\u00a0\u00bb500&Prime;]<\/p>\n<h1>Chiffres cl\u00e9s<\/h1>\n<p>[\/et_pb_text][\/et_pb_column][\/et_pb_row][et_pb_row custom_margin=\u00a0\u00bb|auto|45px|auto||\u00a0\u00bb _builder_version=\u00a0\u00bb3.22&Prime; background_size=\u00a0\u00bbinitial\u00a0\u00bb background_position=\u00a0\u00bbtop_left\u00a0\u00bb background_repeat=\u00a0\u00bbrepeat\u00a0\u00bb][et_pb_column type=\u00a0\u00bb1_3&Prime; _builder_version=\u00a0\u00bb3.0.47&Prime;][et_pb_number_counter title=\u00a0\u00bb\u00c9tudiants\u00a0\u00bb number=\u00a0\u00bb1200&Prime; percent_sign=\u00a0\u00bboff\u00a0\u00bb admin_label=\u00a0\u00bb\u00e9tudiants\u00a0\u00bb _builder_version=\u00a0\u00bb3.22.1&Prime; title_text_color=\u00a0\u00bb#ffffff\u00a0\u00bb number_text_color=\u00a0\u00bb#ffffff\u00a0\u00bb background_layout=\u00a0\u00bbdark\u00a0\u00bb z_index_tablet=\u00a0\u00bb500&Prime;]<br \/>\n[\/et_pb_number_counter][\/et_pb_column][et_pb_column type=\u00a0\u00bb1_3&Prime; _builder_version=\u00a0\u00bb3.0.47&Prime;][et_pb_number_counter title=\u00a0\u00bb\u00c9tudiants en formation continue\u00a0\u00bb number=\u00a0\u00bb450&Prime; percent_sign=\u00a0\u00bboff\u00a0\u00bb admin_label=\u00a0\u00bb\u00e9tudiants en formation continue\u00a0\u00bb _builder_version=\u00a0\u00bb3.22.1&Prime; title_text_color=\u00a0\u00bb#ffffff\u00a0\u00bb number_text_color=\u00a0\u00bb#ffffff\u00a0\u00bb background_layout=\u00a0\u00bbdark\u00a0\u00bb z_index_tablet=\u00a0\u00bb500&Prime;]<br \/>\n[\/et_pb_number_counter][\/et_pb_column][et_pb_column type=\u00a0\u00bb1_3&Prime; _builder_version=\u00a0\u00bb3.0.47&Prime;][et_pb_number_counter title=\u00a0\u00bbEnseignants chercheurs\u00a0\u00bb number=\u00a0\u00bb230&Prime; percent_sign=\u00a0\u00bboff\u00a0\u00bb admin_label=\u00a0\u00bbEnseignants permanents\u00a0\u00bb _builder_version=\u00a0\u00bb3.22.1&Prime; title_text_color=\u00a0\u00bb#ffffff\u00a0\u00bb number_text_color=\u00a0\u00bb#ffffff\u00a0\u00bb background_layout=\u00a0\u00bbdark\u00a0\u00bb z_index_tablet=\u00a0\u00bb500&Prime;]<br \/>\n[\/et_pb_number_counter][\/et_pb_column][\/et_pb_row][\/et_pb_section][et_pb_section fb_built=\u00a0\u00bb1&Prime; _builder_version=\u00a0\u00bb3.22.1&Prime; custom_padding=\u00a0\u00bb||55px\u00a0\u00bb z_index_tablet=\u00a0\u00bb500&Prime;][et_pb_row custom_padding=\u00a0\u00bb53px|||||\u00a0\u00bb module_id=\u00a0\u00bbcarousel_accueil1&Prime; _builder_version=\u00a0\u00bb3.22.1&Prime;][et_pb_column type=\u00a0\u00bb4_4&Prime; _builder_version=\u00a0\u00bb3.0.47&Prime;][et_pb_text admin_label=\u00a0\u00bbTitre agenda\u00a0\u00bb _builder_version=\u00a0\u00bb3.22.1&Prime; custom_padding=\u00a0\u00bb50px|||||\u00a0\u00bb z_index_tablet=\u00a0\u00bb500&Prime;]<\/p>\n<h1>Agenda<\/h1>\n<p>[\/et_pb_text][et_pb_nextend_smart_slider_3 module_id=\u00a0\u00bbagenda_accueil1&Prime; _builder_version=\u00a0\u00bb3.22.1&Prime;]<br \/>\n[\/et_pb_nextend_smart_slider_3][et_pb_button button_url=\u00a0\u00bbhttps:\/\/wordpress-test.app.u-pariscite.fr\/odontologie\/calendar\/\u00a0\u00bb button_text=\u00a0\u00bbTout l\u2019agenda\u00a0\u00bb button_alignment=\u00a0\u00bbleft\u00a0\u00bb admin_label=\u00a0\u00bbBouton Tout l\u2019agenda\u00a0\u00bb _builder_version=\u00a0\u00bb3.22.1&Prime; custom_button=\u00a0\u00bbon\u00a0\u00bb button_text_color=\u00a0\u00bb#ffffff\u00a0\u00bb button_bg_color=\u00a0\u00bb#8a1538&Prime; button_border_width=\u00a0\u00bb2px\u00a0\u00bb button_border_color=\u00a0\u00bb#8a1538&Prime; button_border_radius=\u00a0\u00bb26&Prime; button_icon=\u00a0\u00bb%%20%%\u00a0\u00bb button_icon_color=\u00a0\u00bb#ffffff\u00a0\u00bb button_on_hover=\u00a0\u00bboff\u00a0\u00bb background_layout=\u00a0\u00bbdark\u00a0\u00bb z_index_tablet=\u00a0\u00bb500&Prime; custom_css_after=\u00a0\u00bbmargin-left: 0!important;||\u00a0\u00bb saved_tabs=\u00a0\u00bball\u00a0\u00bb background_layout__hover_enabled=\u00a0\u00bbon\u00a0\u00bb background_layout__hover=\u00a0\u00bblight\u00a0\u00bb button_bg_color__hover_enabled=\u00a0\u00bbon\u00a0\u00bb button_bg_color__hover=\u00a0\u00bb#ffffff\u00a0\u00bb button_icon_color__hover_enabled=\u00a0\u00bbon\u00a0\u00bb button_icon_color__hover=\u00a0\u00bb#8a1538&Prime; button_text_color__hover_enabled=\u00a0\u00bbon\u00a0\u00bb button_text_color__hover=\u00a0\u00bb#8a1538&Prime; custom_css_after__hover_enabled=\u00a0\u00bbon\u00a0\u00bb custom_css_after__hover=\u00a0\u00bbmargin-left: 0!important;\u00a0\u00bb button_border_color__hover_enabled=\u00a0\u00bbon\u00a0\u00bb button_border_color__hover=\u00a0\u00bb#ffffff\u00a0\u00bb]<br \/>\n[\/et_pb_button][\/et_pb_column][\/et_pb_row][\/et_pb_section]<\/p>\n","protected":false},"excerpt":{"rendered":"<p>Seule UFR d&rsquo;Odontologie d&rsquo;Ile de France, 1\u00e8re UFR d&rsquo;Odontologie fran\u00e7aise au classement de Shanghai, l&rsquo;UFR d&rsquo;Odontologie d&rsquo;Universit\u00e9 Paris Cit\u00e9 compte plus de 2 000 \u00e9tudiants et 25% des internes nationaux.D\u00e8s sa cr\u00e9ation, l\u2019UFR d\u2019Odontologie a donn\u00e9 \u00e0 la recherche biom\u00e9dicale une place pr\u00e9pond\u00e9rante en cr\u00e9ant et en soutenant le d\u00e9veloppement d&rsquo;\u00e9quipes de recherche au sein&hellip; <a class=\"continue\" href=\"https:\/\/wordpress-test.app.u-pariscite.fr\/odontologie\/\">Lire la suite<span> Accueil<\/span><\/a><\/p>\n","protected":false},"author":35,"featured_media":0,"parent":0,"menu_order":0,"comment_status":"closed","ping_status":"closed","template":"","meta":{"_et_pb_use_builder":"on","_et_pb_old_content":"","_et_gb_content_width":"","footnotes":""},"class_list":["post-50","page","type-page","status-publish","hentry"],"_links":{"self":[{"href":"https:\/\/wordpress-test.app.u-pariscite.fr\/odontologie\/wp-json\/wp\/v2\/pages\/50","targetHints":{"allow":["GET"]}}],"collection":[{"href":"https:\/\/wordpress-test.app.u-pariscite.fr\/odontologie\/wp-json\/wp\/v2\/pages"}],"about":[{"href":"https:\/\/wordpress-test.app.u-pariscite.fr\/odontologie\/wp-json\/wp\/v2\/types\/page"}],"author":[{"embeddable":true,"href":"https:\/\/wordpress-test.app.u-pariscite.fr\/odontologie\/wp-json\/wp\/v2\/users\/35"}],"replies":[{"embeddable":true,"href":"https:\/\/wordpress-test.app.u-pariscite.fr\/odontologie\/wp-json\/wp\/v2\/comments?post=50"}],"version-history":[{"count":39,"href":"https:\/\/wordpress-test.app.u-pariscite.fr\/odontologie\/wp-json\/wp\/v2\/pages\/50\/revisions"}],"predecessor-version":[{"id":23583,"href":"https:\/\/wordpress-test.app.u-pariscite.fr\/odontologie\/wp-json\/wp\/v2\/pages\/50\/revisions\/23583"}],"wp:attachment":[{"href":"https:\/\/wordpress-test.app.u-pariscite.fr\/odontologie\/wp-json\/wp\/v2\/media?parent=50"}],"curies":[{"name":"wp","href":"https:\/\/api.w.org\/{rel}","templated":true}]}}