{"id":23442,"date":"2024-02-14T14:25:00","date_gmt":"2024-02-14T13:25:00","guid":{"rendered":"https:\/\/wordpress-test.app.u-pariscite.fr\/odontologie\/?page_id=23442"},"modified":"2024-02-21T10:22:39","modified_gmt":"2024-02-21T09:22:39","slug":"circle-u","status":"publish","type":"page","link":"https:\/\/wordpress-test.app.u-pariscite.fr\/odontologie\/circle-u\/","title":{"rendered":"Circle U."},"content":{"rendered":"<p>Ne manquez pas l&rsquo;opportunit\u00e9 unique de participer au Circle U d&rsquo;\u00e9t\u00e9 avec vos amis \u00e9tudiants des 9 autres universit\u00e9s partenaire \u00e0 travers l&rsquo;Europe !<\/p>\n<p>Pour en savoir plus cliquez sur le lien :\u00a0<a href=\"https:\/\/www.circle-u.eu\/opportunities\/students\/summer-schools\/\">https:\/\/www.circle-u.eu\/opportunities\/students\/summer-schools\/\u00a0<\/a><\/p>\n","protected":false},"excerpt":{"rendered":"<p>Ne manquez pas l&rsquo;opportunit\u00e9 unique de participer au Circle U d&rsquo;\u00e9t\u00e9 avec vos amis \u00e9tudiants des 9 autres universit\u00e9s partenaire \u00e0 travers l&rsquo;Europe ! Pour en savoir plus cliquez sur le lien :\u00a0https:\/\/www.circle-u.eu\/opportunities\/students\/summer-schools\/\u00a0<\/p>\n","protected":false},"author":513,"featured_media":0,"parent":0,"menu_order":0,"comment_status":"closed","ping_status":"closed","template":"","meta":{"_et_pb_use_builder":"","_et_pb_old_content":"","_et_gb_content_width":"","footnotes":""},"class_list":["post-23442","page","type-page","status-publish","hentry"],"_links":{"self":[{"href":"https:\/\/wordpress-test.app.u-pariscite.fr\/odontologie\/wp-json\/wp\/v2\/pages\/23442","targetHints":{"allow":["GET"]}}],"collection":[{"href":"https:\/\/wordpress-test.app.u-pariscite.fr\/odontologie\/wp-json\/wp\/v2\/pages"}],"about":[{"href":"https:\/\/wordpress-test.app.u-pariscite.fr\/odontologie\/wp-json\/wp\/v2\/types\/page"}],"author":[{"embeddable":true,"href":"https:\/\/wordpress-test.app.u-pariscite.fr\/odontologie\/wp-json\/wp\/v2\/users\/513"}],"replies":[{"embeddable":true,"href":"https:\/\/wordpress-test.app.u-pariscite.fr\/odontologie\/wp-json\/wp\/v2\/comments?post=23442"}],"version-history":[{"count":1,"href":"https:\/\/wordpress-test.app.u-pariscite.fr\/odontologie\/wp-json\/wp\/v2\/pages\/23442\/revisions"}],"predecessor-version":[{"id":23443,"href":"https:\/\/wordpress-test.app.u-pariscite.fr\/odontologie\/wp-json\/wp\/v2\/pages\/23442\/revisions\/23443"}],"wp:attachment":[{"href":"https:\/\/wordpress-test.app.u-pariscite.fr\/odontologie\/wp-json\/wp\/v2\/media?parent=23442"}],"curies":[{"name":"wp","href":"https:\/\/api.w.org\/{rel}","templated":true}]}}