{"id":23347,"date":"2023-12-05T10:10:10","date_gmt":"2023-12-05T09:10:10","guid":{"rendered":"https:\/\/wordpress-test.app.u-pariscite.fr\/odontologie\/?page_id=23347"},"modified":"2024-10-17T14:12:39","modified_gmt":"2024-10-17T12:12:39","slug":"procedure-passerelle-ufr-odontologie","status":"publish","type":"page","link":"https:\/\/wordpress-test.app.u-pariscite.fr\/odontologie\/procedure-passerelle-ufr-odontologie\/","title":{"rendered":"Proc\u00e9dure passerelle : UFR d&rsquo;Odontologie"},"content":{"rendered":"<p>[et_pb_section bb_built=\u00a0\u00bb1&Prime; inner_width=\u00a0\u00bbauto\u00a0\u00bb inner_max_width=\u00a0\u00bbnone\u00a0\u00bb][et_pb_row][et_pb_column type=\u00a0\u00bb4_4&Prime;][et_pb_text _builder_version=\u00a0\u00bb3.22.1&Prime; text_text_shadow_horizontal_length=\u00a0\u00bbtext_text_shadow_style,%91object Object%93&Prime; text_text_shadow_vertical_length=\u00a0\u00bbtext_text_shadow_style,%91object Object%93&Prime; text_text_shadow_blur_strength=\u00a0\u00bbtext_text_shadow_style,%91object Object%93&Prime; link_text_shadow_horizontal_length=\u00a0\u00bblink_text_shadow_style,%91object Object%93&Prime; link_text_shadow_vertical_length=\u00a0\u00bblink_text_shadow_style,%91object Object%93&Prime; link_text_shadow_blur_strength=\u00a0\u00bblink_text_shadow_style,%91object Object%93&Prime; ul_text_shadow_horizontal_length=\u00a0\u00bbul_text_shadow_style,%91object Object%93&Prime; ul_text_shadow_vertical_length=\u00a0\u00bbul_text_shadow_style,%91object Object%93&Prime; ul_text_shadow_blur_strength=\u00a0\u00bbul_text_shadow_style,%91object Object%93&Prime; ol_text_shadow_horizontal_length=\u00a0\u00bbol_text_shadow_style,%91object Object%93&Prime; ol_text_shadow_vertical_length=\u00a0\u00bbol_text_shadow_style,%91object Object%93&Prime; ol_text_shadow_blur_strength=\u00a0\u00bbol_text_shadow_style,%91object Object%93&Prime; quote_text_shadow_horizontal_length=\u00a0\u00bbquote_text_shadow_style,%91object Object%93&Prime; quote_text_shadow_vertical_length=\u00a0\u00bbquote_text_shadow_style,%91object Object%93&Prime; quote_text_shadow_blur_strength=\u00a0\u00bbquote_text_shadow_style,%91object Object%93&Prime; header_text_shadow_horizontal_length=\u00a0\u00bbheader_text_shadow_style,%91object Object%93&Prime; header_text_shadow_vertical_length=\u00a0\u00bbheader_text_shadow_style,%91object Object%93&Prime; header_text_shadow_blur_strength=\u00a0\u00bbheader_text_shadow_style,%91object Object%93&Prime; header_2_text_shadow_horizontal_length=\u00a0\u00bbheader_2_text_shadow_style,%91object Object%93&Prime; header_2_text_shadow_vertical_length=\u00a0\u00bbheader_2_text_shadow_style,%91object Object%93&Prime; header_2_text_shadow_blur_strength=\u00a0\u00bbheader_2_text_shadow_style,%91object Object%93&Prime; header_3_text_shadow_horizontal_length=\u00a0\u00bbheader_3_text_shadow_style,%91object Object%93&Prime; header_3_text_shadow_vertical_length=\u00a0\u00bbheader_3_text_shadow_style,%91object Object%93&Prime; header_3_text_shadow_blur_strength=\u00a0\u00bbheader_3_text_shadow_style,%91object Object%93&Prime; header_4_text_shadow_horizontal_length=\u00a0\u00bbheader_4_text_shadow_style,%91object Object%93&Prime; header_4_text_shadow_vertical_length=\u00a0\u00bbheader_4_text_shadow_style,%91object Object%93&Prime; header_4_text_shadow_blur_strength=\u00a0\u00bbheader_4_text_shadow_style,%91object Object%93&Prime; header_5_text_shadow_horizontal_length=\u00a0\u00bbheader_5_text_shadow_style,%91object Object%93&Prime; header_5_text_shadow_vertical_length=\u00a0\u00bbheader_5_text_shadow_style,%91object Object%93&Prime; header_5_text_shadow_blur_strength=\u00a0\u00bbheader_5_text_shadow_style,%91object Object%93&Prime; header_6_text_shadow_horizontal_length=\u00a0\u00bbheader_6_text_shadow_style,%91object Object%93&Prime; header_6_text_shadow_vertical_length=\u00a0\u00bbheader_6_text_shadow_style,%91object Object%93&Prime; header_6_text_shadow_blur_strength=\u00a0\u00bbheader_6_text_shadow_style,%91object Object%93&Prime; z_index_tablet=\u00a0\u00bb500&Prime;]<\/p>\n<h1>Proc\u00e9dure Passerelle : Aide \u00e0 la constitution d&rsquo;un dossier<\/h1>\n<h4>Le service de la scolarit\u00e9 d\u2019Odontologie vous propose des rendez-vous pour la constitution de vos dossiers, uniquement pour les candidats qui postulent \u00e0 la fili\u00e8re Odontologie pour Universit\u00e9 Paris Cit\u00e9.<\/h4>\n<p>\u00a0<\/p>\n<div><span style=\"font-family: Times New Roman,serif;font-size: medium\">Des cr\u00e9neaux sont propos\u00e9s du mardi 12 novembre au\u00a013 mars 2025 :<\/span><\/div>\n<div>\u00a0<\/div>\n<div><span style=\"font-family: Times New Roman,serif;font-size: medium\">Le mardi matin sur le site de Garanci\u00e8re de 10:00 \u00e0 12:00<br \/>Le mercredi apr\u00e8s-midi sur le site de Garanci\u00e8re de 14:00 \u00e0 16:00<br \/>Le jeudi matin de 10:00 \u00e0 12:00 sur le site de Montrouge.<\/span><\/div>\n<div>\u00a0<\/div>\n<div><span style=\"font-family: Times New Roman,serif;font-size: medium\">Pour prendre rdv, envoyez un mail \u00e0 l\u2019adresse\u00a0<a href=\"mailto:passerelles.odontologie@wordpress-test.app.u-pariscite.fr\" target=\"_blank\" rel=\"noopener noreferrer\">passerelles.odontologie@wordpress-test.app.u-pariscite.fr<\/a>\u00a0et pr\u00e9cisez votre date de pr\u00e9f\u00e9rence au minimum 15 jours \u00e0 l\u2019avance (3 semaines pour la 1<sup>e<\/sup>\u00a0semaine de janvier).<\/span><\/div>\n<div><span style=\"font-family: Times New Roman,serif;font-size: medium\"><br \/>Attention\u00a0: L\u2019UFR est ferm\u00e9e pendant les vacances de fin d\u2019ann\u00e9e et le service de la scolarit\u00e9 est ferm\u00e9 chaque 1<sup>er<\/sup>\u00a0jeudi du mois.<br \/>L\u2019aide \u00e0 la constitution du dossier ne dispense pas les candidats de postuler selon les modalit\u00e9s pr\u00e9vues \u00e0 cet effet.<\/span><\/div>\n<div><span style=\"font-family: Times New Roman,serif;font-size: medium\">Le jour J amenez tous vos documents pr\u00e9par\u00e9s et un terminal num\u00e9rique (PC, tablette, smartphone)<\/span><\/div>\n<div>\u00a0<\/div>\n<div><span style=\"font-family: Times New Roman,serif;font-size: medium\"><b><u>Attention\u00a0: du fait de ces rdv aucune relance ne sera faite sur l\u2019application de candidature en cas d\u2019erreur de composition de dossier.<\/u><\/b><\/span><\/div>\n<div>\u00a0<\/div>\n<div>\n<h3 class=\"x_MsoNormal\"><strong>Chiffres 2023 pour l\u2019odontologie :<\/strong><\/h3>\n<p>\u00a0<\/p>\n<ul>\n<li class=\"x_MsoNormal\">249 dossiers re\u00e7us<\/li>\n<li style=\"text-align: left\">181 recevables<\/li>\n<li style=\"text-align: left\">13 admis<\/li>\n<\/ul>\n<\/div>\n<p>[\/et_pb_text][et_pb_button _builder_version=\u00a0\u00bb3.22.1&Prime; button_text=\u00a0\u00bbPasserelle\u00a0\u00bb button_url=\u00a0\u00bbhttps:\/\/wordpress-test.app.u-pariscite.fr\/sante\/procedure-passerelles-acces-direct-en-2e-et-3e-annee-des-etudes-de-sante\/\u00a0\u00bb button_text_shadow_horizontal_length=\u00a0\u00bbbutton_text_shadow_style,%91object Object%93&Prime; button_text_shadow_vertical_length=\u00a0\u00bbbutton_text_shadow_style,%91object Object%93&Prime; button_text_shadow_blur_strength=\u00a0\u00bbbutton_text_shadow_style,%91object Object%93&Prime; z_index_tablet=\u00a0\u00bb500&Prime; custom_button=\u00a0\u00bbon\u00a0\u00bb button_text_color=\u00a0\u00bb#ffffff\u00a0\u00bb button_text_size=\u00a0\u00bb20&Prime; button_border_color=\u00a0\u00bb#8a1538&Prime; button_icon_color=\u00a0\u00bb#8a1538&Prime; button_bg_color=\u00a0\u00bb#8a1538&Prime; background_layout=\u00a0\u00bbdark\u00a0\u00bb \/][\/et_pb_column][\/et_pb_row][\/et_pb_section]<\/p>\n","protected":false},"excerpt":{"rendered":"<div class=\"et_pb_row et_pb_row_0 et_pb_row_empty\"><\/div>\n<p> Proc\u00e9dure Passerelle : Aide \u00e0 la constitution d&rsquo;un dossierLe service de la scolarit\u00e9 d\u2019Odontologie vous propose des rendez-vous pour la constitution de vos dossiers, uniquement pour les candidats qui postulent \u00e0 la fili\u00e8re Odontologie pour Universit\u00e9 Paris Cit\u00e9.\u00a0Des cr\u00e9neaux sont propos\u00e9s du mardi 12 novembre au\u00a013 mars 2025 :\u00a0Le mardi matin sur le site&hellip; <a class=\"continue\" href=\"https:\/\/wordpress-test.app.u-pariscite.fr\/odontologie\/procedure-passerelle-ufr-odontologie\/\">Lire la suite<span> Proc\u00e9dure passerelle : UFR d&rsquo;Odontologie<\/span><\/a><\/p>\n","protected":false},"author":513,"featured_media":0,"parent":0,"menu_order":0,"comment_status":"closed","ping_status":"closed","template":"","meta":{"_et_pb_use_builder":"on","_et_pb_old_content":"","_et_gb_content_width":"","footnotes":""},"class_list":["post-23347","page","type-page","status-publish","hentry"],"_links":{"self":[{"href":"https:\/\/wordpress-test.app.u-pariscite.fr\/odontologie\/wp-json\/wp\/v2\/pages\/23347","targetHints":{"allow":["GET"]}}],"collection":[{"href":"https:\/\/wordpress-test.app.u-pariscite.fr\/odontologie\/wp-json\/wp\/v2\/pages"}],"about":[{"href":"https:\/\/wordpress-test.app.u-pariscite.fr\/odontologie\/wp-json\/wp\/v2\/types\/page"}],"author":[{"embeddable":true,"href":"https:\/\/wordpress-test.app.u-pariscite.fr\/odontologie\/wp-json\/wp\/v2\/users\/513"}],"replies":[{"embeddable":true,"href":"https:\/\/wordpress-test.app.u-pariscite.fr\/odontologie\/wp-json\/wp\/v2\/comments?post=23347"}],"version-history":[{"count":16,"href":"https:\/\/wordpress-test.app.u-pariscite.fr\/odontologie\/wp-json\/wp\/v2\/pages\/23347\/revisions"}],"predecessor-version":[{"id":23712,"href":"https:\/\/wordpress-test.app.u-pariscite.fr\/odontologie\/wp-json\/wp\/v2\/pages\/23347\/revisions\/23712"}],"wp:attachment":[{"href":"https:\/\/wordpress-test.app.u-pariscite.fr\/odontologie\/wp-json\/wp\/v2\/media?parent=23347"}],"curies":[{"name":"wp","href":"https:\/\/api.w.org\/{rel}","templated":true}]}}