{"id":22730,"date":"2022-03-08T12:23:17","date_gmt":"2022-03-08T11:23:17","guid":{"rendered":"https:\/\/wordpress-test.app.u-pariscite.fr\/odontologie\/?page_id=22730"},"modified":"2024-10-11T11:43:38","modified_gmt":"2024-10-11T09:43:38","slug":"attestations-et-diplomes","status":"publish","type":"page","link":"https:\/\/wordpress-test.app.u-pariscite.fr\/odontologie\/attestations-et-diplomes\/","title":{"rendered":"Attestations et dipl\u00f4mes"},"content":{"rendered":"<p>[et_pb_section bb_built=\u00a0\u00bb1&Prime; _builder_version=\u00a0\u00bb3.22.1&Prime; next_background_color=\u00a0\u00bb#000000&Prime;][et_pb_row _builder_version=\u00a0\u00bb3.22&Prime; background_size=\u00a0\u00bbinitial\u00a0\u00bb background_position=\u00a0\u00bbtop_left\u00a0\u00bb background_repeat=\u00a0\u00bbrepeat\u00a0\u00bb][et_pb_column type=\u00a0\u00bb4_4&Prime;][et_pb_post_title admin_label=\u00a0\u00bbTitre de la page\u00a0\u00bb meta=\u00a0\u00bboff\u00a0\u00bb featured_image=\u00a0\u00bboff\u00a0\u00bb _builder_version=\u00a0\u00bb3.19.11&Prime;]<\/p>\n<p>[\/et_pb_post_title][\/et_pb_column][\/et_pb_row][et_pb_row _builder_version=\u00a0\u00bb3.22&Prime; background_size=\u00a0\u00bbinitial\u00a0\u00bb background_position=\u00a0\u00bbtop_left\u00a0\u00bb background_repeat=\u00a0\u00bbrepeat\u00a0\u00bb][et_pb_column type=\u00a0\u00bb3_4&Prime;][et_pb_text admin_label=\u00a0\u00bbIntro\u00a0\u00bb module_id=\u00a0\u00bbintro\u00a0\u00bb _builder_version=\u00a0\u00bb3.22.1&Prime; z_index_tablet=\u00a0\u00bb500&Prime;]<\/p>\n<p>L\u2019UFR d\u2019Odontologie Paris Cit\u00e9 adapte ses proc\u00e9dures pour continuer \u00e0 d\u00e9livrer les dipl\u00f4mes ou les attestations (si les dipl\u00f4mes n\u2019ont pas \u00e9t\u00e9 \u00e9dit\u00e9s) aux \u00e9tudiants.<\/p>\n<p>[\/et_pb_text][\/et_pb_column][et_pb_column type=\u00a0\u00bb1_4&Prime;][\/et_pb_column][\/et_pb_row][et_pb_row module_id=\u00a0\u00bbimage-page-type\u00a0\u00bb _builder_version=\u00a0\u00bb3.22.1&Prime;][et_pb_column type=\u00a0\u00bb3_4&Prime;][et_pb_image admin_label=\u00a0\u00bbImage 1920 x 1080&Prime; src=\u00a0\u00bbhttps:\/\/wordpress-test.app.u-pariscite.fr\/odontologie\/wp-content\/uploads\/sites\/36\/2022\/03\/diplome.jpg\u00a0\u00bb module_id=\u00a0\u00bbimage-page\u00a0\u00bb _builder_version=\u00a0\u00bb3.22.1&Prime; z_index_tablet=\u00a0\u00bb500&Prime;]<\/p>\n<p>[\/et_pb_image][\/et_pb_column][et_pb_column type=\u00a0\u00bb1_4&Prime;][et_pb_text admin_label=\u00a0\u00bbL\u00e9gende image\u00a0\u00bb module_id=\u00a0\u00bbtexte-image\u00a0\u00bb _builder_version=\u00a0\u00bb3.22.1&Prime; custom_margin=\u00a0\u00bb|-15px||\u00a0\u00bb z_index_tablet=\u00a0\u00bb500&Prime;]<\/p>\n<p>[\/et_pb_text][\/et_pb_column][\/et_pb_row][et_pb_row _builder_version=\u00a0\u00bb3.22.1&Prime; background_size=\u00a0\u00bbinitial\u00a0\u00bb background_position=\u00a0\u00bbtop_left\u00a0\u00bb background_repeat=\u00a0\u00bbrepeat\u00a0\u00bb][et_pb_column type=\u00a0\u00bb4_4&Prime;][et_pb_text admin_label=\u00a0\u00bbCopyright\u00a0\u00bb module_id=\u00a0\u00bblegende\u00a0\u00bb _builder_version=\u00a0\u00bb3.22.1&Prime; z_index_tablet=\u00a0\u00bb500&Prime;]<\/p>\n<div class=\"page\" title=\"Page 1\">\n<div class=\"layoutArea\">\n<div class=\"column\">\n<p>\u00a9 Universit\u00e9 Paris Cit\u00e9<\/p>\n<\/div>\n<\/div>\n<\/div>\n<p>[\/et_pb_text][\/et_pb_column][\/et_pb_row][et_pb_row _builder_version=\u00a0\u00bb3.22.1&Prime; background_size=\u00a0\u00bbinitial\u00a0\u00bb background_position=\u00a0\u00bbtop_left\u00a0\u00bb background_repeat=\u00a0\u00bbrepeat\u00a0\u00bb][et_pb_column type=\u00a0\u00bb3_4&Prime;][et_pb_text module_id=\u00a0\u00bbcontenu\u00a0\u00bb _builder_version=\u00a0\u00bb3.22.1&Prime; z_index_tablet=\u00a0\u00bb500&Prime; text_text_shadow_horizontal_length=\u00a0\u00bbtext_text_shadow_style,%91object Object%93&Prime; text_text_shadow_vertical_length=\u00a0\u00bbtext_text_shadow_style,%91object Object%93&Prime; text_text_shadow_blur_strength=\u00a0\u00bbtext_text_shadow_style,%91object Object%93&Prime; link_text_shadow_horizontal_length=\u00a0\u00bblink_text_shadow_style,%91object Object%93&Prime; link_text_shadow_vertical_length=\u00a0\u00bblink_text_shadow_style,%91object Object%93&Prime; link_text_shadow_blur_strength=\u00a0\u00bblink_text_shadow_style,%91object Object%93&Prime; ul_text_shadow_horizontal_length=\u00a0\u00bbul_text_shadow_style,%91object Object%93&Prime; ul_text_shadow_vertical_length=\u00a0\u00bbul_text_shadow_style,%91object Object%93&Prime; ul_text_shadow_blur_strength=\u00a0\u00bbul_text_shadow_style,%91object Object%93&Prime; ol_text_shadow_horizontal_length=\u00a0\u00bbol_text_shadow_style,%91object Object%93&Prime; ol_text_shadow_vertical_length=\u00a0\u00bbol_text_shadow_style,%91object Object%93&Prime; ol_text_shadow_blur_strength=\u00a0\u00bbol_text_shadow_style,%91object Object%93&Prime; quote_text_shadow_horizontal_length=\u00a0\u00bbquote_text_shadow_style,%91object Object%93&Prime; quote_text_shadow_vertical_length=\u00a0\u00bbquote_text_shadow_style,%91object Object%93&Prime; quote_text_shadow_blur_strength=\u00a0\u00bbquote_text_shadow_style,%91object Object%93&Prime; header_text_shadow_horizontal_length=\u00a0\u00bbheader_text_shadow_style,%91object Object%93&Prime; header_text_shadow_vertical_length=\u00a0\u00bbheader_text_shadow_style,%91object Object%93&Prime; header_text_shadow_blur_strength=\u00a0\u00bbheader_text_shadow_style,%91object Object%93&Prime; header_2_text_shadow_horizontal_length=\u00a0\u00bbheader_2_text_shadow_style,%91object Object%93&Prime; header_2_text_shadow_vertical_length=\u00a0\u00bbheader_2_text_shadow_style,%91object Object%93&Prime; header_2_text_shadow_blur_strength=\u00a0\u00bbheader_2_text_shadow_style,%91object Object%93&Prime; header_3_text_shadow_horizontal_length=\u00a0\u00bbheader_3_text_shadow_style,%91object Object%93&Prime; header_3_text_shadow_vertical_length=\u00a0\u00bbheader_3_text_shadow_style,%91object Object%93&Prime; header_3_text_shadow_blur_strength=\u00a0\u00bbheader_3_text_shadow_style,%91object Object%93&Prime; header_4_text_shadow_horizontal_length=\u00a0\u00bbheader_4_text_shadow_style,%91object Object%93&Prime; header_4_text_shadow_vertical_length=\u00a0\u00bbheader_4_text_shadow_style,%91object Object%93&Prime; header_4_text_shadow_blur_strength=\u00a0\u00bbheader_4_text_shadow_style,%91object Object%93&Prime; header_5_text_shadow_horizontal_length=\u00a0\u00bbheader_5_text_shadow_style,%91object Object%93&Prime; header_5_text_shadow_vertical_length=\u00a0\u00bbheader_5_text_shadow_style,%91object Object%93&Prime; header_5_text_shadow_blur_strength=\u00a0\u00bbheader_5_text_shadow_style,%91object Object%93&Prime; header_6_text_shadow_horizontal_length=\u00a0\u00bbheader_6_text_shadow_style,%91object Object%93&Prime; header_6_text_shadow_vertical_length=\u00a0\u00bbheader_6_text_shadow_style,%91object Object%93&Prime; header_6_text_shadow_blur_strength=\u00a0\u00bbheader_6_text_shadow_style,%91object Object%93&Prime;]<\/p>\n<p><strong>Apr\u00e8s avoir v\u00e9rifi\u00e9 la disponibilit\u00e9 de votre dipl\u00f4me ou attestation (nom du dipl\u00f4me ou attestation + ann\u00e9e d\u2019obtention) aupr\u00e8s du <\/strong><a href=\"mailto:diplomation.odonto@wordpress-test.app.u-pariscite.fr\"><strong>service de la diplomation<\/strong><\/a><strong>, vous pouvez :<\/strong><\/p>\n<p><strong>1. Venir \u00e0 la scolarit\u00e9 en personne, sur le site de Montrouge aux horaires d\u2019ouverture.<br \/><\/strong><strong>Lors de votre venue, munissez-vous de :<br \/><\/strong>\u2013 D\u2019une pi\u00e8ce d\u2019identit\u00e9 en bonne et due forme ;<br \/>\u2013 De l\u2019original de l\u2019attestation de r\u00e9ussite pour les dipl\u00f4mes concern\u00e9s\u00a0: Dipl\u00f4me de docteur en chirurgie dentaire et Dipl\u00f4me d\u2019\u00e9tudes sp\u00e9cialis\u00e9es (internat)<\/p>\n<p>\u00a0<\/p>\n<p><strong>2. Donner procuration \u00e0 quelqu\u2019un qui viendra sur le site de Montrouge aux horaires d\u2019ouverture.<br \/><\/strong>Cette personne devra imp\u00e9rativement \u00eatre munie :<strong><br \/><\/strong>\u2013 De sa propre pi\u00e8ce d\u2019identit\u00e9<br \/>\u2013 De la photocopie recto-verso de la pi\u00e8ce d\u2019identit\u00e9 du titulaire du dipl\u00f4me;<br \/>\u2013 D\u2019<strong>une procuration en bonne et due forme\u00a0imprim\u00e9e<\/strong>\u00a0mentionnant les identit\u00e9s et coordonn\u00e9es compl\u00e8tes du mandant et du mandataire, l\u2019intitul\u00e9 exact du\/des dipl\u00f4me(s) et attestation(s) et l\u2019ann\u00e9e d\u2019obtention ;<br \/>\u2013 De<strong> l\u2019original des attestations de r\u00e9ussite<\/strong> dans le cas des dipl\u00f4mes de docteur en chirurgie dentaire et dipl\u00f4me d\u2019\u00e9tudes sp\u00e9cialis\u00e9es (internat)<\/p>\n<p>\u00a0<\/p>\n<p><strong>3. Demander \u00e0 recevoir votre dipl\u00f4me ou attestation par courrier en Recommand\u00e9 Accus\u00e9 de R\u00e9ception.<\/strong><br \/>Dans ce cas, vous devez faire parvenir au service Examens et Diplomation :<br \/>\u2013 La copie de votre pi\u00e8ce d\u2019identit\u00e9 (carte d\u2019identit\u00e9 ou passeport);<br \/>\u2013 Le\u00a0formulaire compl\u00e9t\u00e9 de demande d\u2019\u00e9dition du dipl\u00f4me original\u2013 L\u2019<strong>original de l\u2019attestation de r\u00e9ussite <\/strong>pour les dipl\u00f4mes de docteur en chirurgie dentaire et dipl\u00f4mes d\u2019\u00e9tudes sp\u00e9cialis\u00e9es (internat);<br \/>\u2013 Une enveloppe cartonn\u00e9e <strong>affranchie<\/strong> en recommand\u00e9 avec accus\u00e9 de r\u00e9ception (tarif R1) ou une \u00ab\u00a0lettre suivie\u00a0\u00bb d\u00fbment libell\u00e9e \u00e0 votre adresse pour l\u2019envoi du document demand\u00e9;.<\/p>\n<p>Les documents demand\u00e9s, dipl\u00f4mes ou attestation, vous seront envoy\u00e9s par voie postale avec recommand\u00e9.<\/p>\n<p><u>Aucun dipl\u00f4me ou attestation de r\u00e9ussite ne peut \u00eatre adress\u00e9 par mail.<\/u><\/p>\n<p>\u00a0<\/p>\n<h4><strong>Relev\u00e9s de notes et certificats d\u2019\u00e9tudes<\/strong><\/h4>\n<p>Vous devez compl\u00e9ter le formulaire de \u00ab\u00a0<strong>consentement ancien \u00e9tudiant<\/strong>\u00a0\u00bb et envoy\u00e9 la demande aupr\u00e8s du <a href=\"mailto:diplomation.odonto@wordpress-test.app.u-pariscite.fr\">service de la diplomation<\/a>.<\/p>\n<p><strong>Une fois notifi\u00e9 de la disponibilit\u00e9 du\/des document(s) vous pouvez :<\/strong><\/p>\n<ol>\n<li><strong> Venir \u00e0 la scolarit\u00e9 en personne, sur le site de Montrouge aux horaires d\u2019ouverture.<br \/>Lors de votre venue, munissez-vous de :<br \/><\/strong>\u2013 D\u2019une pi\u00e8ce d\u2019identit\u00e9 en bonne et due forme ;<br \/>\u2013 Du formulaire de \u00ab\u00a0<strong>consentement ancien \u00e9tudiant<\/strong>\u00bb compl\u00e9t\u00e9<\/li>\n<li><strong> Donner procuration \u00e0 quelqu\u2019un qui viendra sur le site de Montrouge aux horaires d\u2019ouverture.<\/strong><\/li>\n<\/ol>\n<p>Cette personne devra imp\u00e9rativement \u00eatre munie :<strong><br \/><\/strong>\u2013 De sa propre pi\u00e8ce d\u2019identit\u00e9<br \/>\u2013 De la photocopie recto-verso de la pi\u00e8ce d\u2019identit\u00e9 du titulaire du dipl\u00f4me;<br \/>\u2013 D\u2019<strong>une procuration en bonne et due forme\u00a0imprim\u00e9e<\/strong>\u00a0mentionnant les identit\u00e9s et coordonn\u00e9es compl\u00e8tes du mandant et du mandataire, l\u2019intitul\u00e9 exact du\/des dipl\u00f4me(s) et attestation(s) et l\u2019ann\u00e9e d\u2019obtention ;<br \/>\u2013 Du formulaire de \u00ab\u00a0<strong>consentement ancien \u00e9tudiant<\/strong>\u00a0\u00bb compl\u00e9t\u00e9<\/p>\n<ol start=\"3\">\n<li><strong> Demander \u00e0 recevoir votre dipl\u00f4me ou attestation par courrier en Recommand\u00e9 Accus\u00e9 de R\u00e9ception.<\/strong><br \/>Dans ce cas, vous devez faire parvenir au service Examens et Diplomation :<br \/>\u2013 La copie de votre pi\u00e8ce d\u2019identit\u00e9 (carte d\u2019identit\u00e9 ou passeport);<br \/>\u2013 Le\u00a0formulaire de \u00ab\u00a0<strong>consentement ancien \u00e9tudiant<\/strong>\u00bb compl\u00e9t\u00e9<br \/>\u2013 Une enveloppe <strong>affranchie<\/strong> en recommand\u00e9 avec accus\u00e9 de r\u00e9ception (tarif R1) ou une \u00ab\u00a0lettre suivie\u00a0\u00bb d\u00fbment libell\u00e9e \u00e0 votre adresse pour l\u2019envoi du document demand\u00e9;<\/li>\n<\/ol>\n<p><u>Aucun relev\u00e9 de notes ou certificat d\u2019\u00e9tudes ne peut \u00eatre adress\u00e9 par mail.<\/u><\/p>\n<p>[\/et_pb_text][\/et_pb_column][et_pb_column type=\u00a0\u00bb1_4&Prime;][et_pb_text admin_label=\u00a0\u00bbCoordonn\u00e9es\u00a0\u00bb _builder_version=\u00a0\u00bb3.22.1&Prime; background_color=\u00a0\u00bb#8a1538&Prime; z_index_tablet=\u00a0\u00bb500&Prime; custom_margin=\u00a0\u00bb||\u00a0\u00bb custom_padding=\u00a0\u00bb7px|12px||12px||true\u00a0\u00bb text_font=\u00a0\u00bb||||||||\u00a0\u00bb link_font=\u00a0\u00bb||||on||||\u00a0\u00bb text_text_shadow_horizontal_length=\u00a0\u00bbtext_text_shadow_style,%91object Object%93&Prime; text_text_shadow_vertical_length=\u00a0\u00bbtext_text_shadow_style,%91object Object%93&Prime; text_text_shadow_blur_strength=\u00a0\u00bbtext_text_shadow_style,%91object Object%93&Prime; link_text_shadow_horizontal_length=\u00a0\u00bblink_text_shadow_style,%91object Object%93&Prime; link_text_shadow_vertical_length=\u00a0\u00bblink_text_shadow_style,%91object Object%93&Prime; link_text_shadow_blur_strength=\u00a0\u00bblink_text_shadow_style,%91object Object%93&Prime; ul_text_shadow_horizontal_length=\u00a0\u00bbul_text_shadow_style,%91object Object%93&Prime; ul_text_shadow_vertical_length=\u00a0\u00bbul_text_shadow_style,%91object Object%93&Prime; ul_text_shadow_blur_strength=\u00a0\u00bbul_text_shadow_style,%91object Object%93&Prime; ol_text_shadow_horizontal_length=\u00a0\u00bbol_text_shadow_style,%91object Object%93&Prime; ol_text_shadow_vertical_length=\u00a0\u00bbol_text_shadow_style,%91object Object%93&Prime; ol_text_shadow_blur_strength=\u00a0\u00bbol_text_shadow_style,%91object Object%93&Prime; quote_text_shadow_horizontal_length=\u00a0\u00bbquote_text_shadow_style,%91object Object%93&Prime; quote_text_shadow_vertical_length=\u00a0\u00bbquote_text_shadow_style,%91object Object%93&Prime; quote_text_shadow_blur_strength=\u00a0\u00bbquote_text_shadow_style,%91object Object%93&Prime; header_text_shadow_horizontal_length=\u00a0\u00bbheader_text_shadow_style,%91object Object%93&Prime; header_text_shadow_vertical_length=\u00a0\u00bbheader_text_shadow_style,%91object Object%93&Prime; header_text_shadow_blur_strength=\u00a0\u00bbheader_text_shadow_style,%91object Object%93&Prime; header_2_text_shadow_horizontal_length=\u00a0\u00bbheader_2_text_shadow_style,%91object Object%93&Prime; header_2_text_shadow_vertical_length=\u00a0\u00bbheader_2_text_shadow_style,%91object Object%93&Prime; header_2_text_shadow_blur_strength=\u00a0\u00bbheader_2_text_shadow_style,%91object Object%93&Prime; header_3_text_shadow_horizontal_length=\u00a0\u00bbheader_3_text_shadow_style,%91object Object%93&Prime; header_3_text_shadow_vertical_length=\u00a0\u00bbheader_3_text_shadow_style,%91object Object%93&Prime; header_3_text_shadow_blur_strength=\u00a0\u00bbheader_3_text_shadow_style,%91object Object%93&Prime; header_4_text_shadow_horizontal_length=\u00a0\u00bbheader_4_text_shadow_style,%91object Object%93&Prime; header_4_text_shadow_vertical_length=\u00a0\u00bbheader_4_text_shadow_style,%91object Object%93&Prime; header_4_text_shadow_blur_strength=\u00a0\u00bbheader_4_text_shadow_style,%91object Object%93&Prime; header_5_text_shadow_horizontal_length=\u00a0\u00bbheader_5_text_shadow_style,%91object Object%93&Prime; header_5_text_shadow_vertical_length=\u00a0\u00bbheader_5_text_shadow_style,%91object Object%93&Prime; header_5_text_shadow_blur_strength=\u00a0\u00bbheader_5_text_shadow_style,%91object Object%93&Prime; header_6_text_shadow_horizontal_length=\u00a0\u00bbheader_6_text_shadow_style,%91object Object%93&Prime; header_6_text_shadow_vertical_length=\u00a0\u00bbheader_6_text_shadow_style,%91object Object%93&Prime; header_6_text_shadow_blur_strength=\u00a0\u00bbheader_6_text_shadow_style,%91object Object%93&Prime;]<\/p>\n<div class=\"et_pb_module et_pb_text et_pb_text_1 et_pb_bg_layout_dark et_pb_text_align_left\">\n<div class=\"et_pb_text_inner\">\n<h4>Coordonn\u00e9es<\/h4>\n<h5><strong>Service de la scolarit\u00e9<\/strong><\/h5>\n<p><strong><u>Service de la scolarit\u00e9 site <\/u><\/strong><strong><u>de Montrouge\u00a0: <\/u><\/strong><\/p>\n<p>Lundi, mardi et jeudi de 9h30 \u00e0 12h30 et de 14h \u00e0 16h<\/p>\n<p>Fermeture le mercredi toute la journ\u00e9e, vendredi apr\u00e8s-midi et 1<sup>er<\/sup> jeudi du mois<\/p>\n<p>Le service de la scolarit\u00e9 sera ferm\u00e9 \u00e0 partir de 12h le mardi 12 novembre<\/p>\n<p><strong><u>Service de la scolarit\u00e9 site Garanci\u00e8re\u00a0: <\/u><\/strong><\/p>\n<p class=\"x_MsoListParagraph\">Lundi, mardi et mercredi de 9h30 \u00e0 12h30 et de 14h \u00e0 16h<\/p>\n<p class=\"x_MsoListParagraph\">Fermeture jeudi matin, vendredi toute la journ\u00e9e et 1<sup>er<\/sup>\u00a0jeudi du mois<\/p>\n<p>Le service de la scolarit\u00e9 sera ferm\u00e9 \u00e0 partir de 12h le mardi 12 novembre<\/p>\n<\/div>\n<\/div>\n<div class=\"et_pb_module et_pb_text et_pb_text_2 et_pb_bg_layout_dark et_pb_text_align_left\">\n<div class=\"et_pb_text_inner\">\n<h4>Documents utiles<\/h4>\n<h5><strong><a href=\"https:\/\/wordpress-test.app.u-pariscite.fr\/odontologie\/wp-content\/uploads\/sites\/36\/2023\/12\/Formulaire-demande-de-dipl\u00f4me.pdf\">Formulaire demande de dipl\u00f4me<\/a><\/strong><\/h5>\n<h5><strong><a href=\"https:\/\/wordpress-test.app.u-pariscite.fr\/odontologie\/wp-content\/uploads\/sites\/36\/2023\/03\/UPC-Odonto-Procuration.pdf\">Procuration<\/a><\/strong><\/h5>\n<h5><a href=\"https:\/\/wordpress-test.app.u-pariscite.fr\/odontologie\/wp-content\/uploads\/sites\/36\/2024\/09\/Formulaire-Consentement-anciens-\u00e9tudiants.pdf\"><strong>Formulaire demande de releve de notes<\/strong><\/a><\/h5>\n<\/div>\n<\/div>\n<p>[\/et_pb_text][\/et_pb_column][\/et_pb_row][\/et_pb_section][et_pb_section bb_built=\u00a0\u00bb1&Prime; _builder_version=\u00a0\u00bb3.22&Prime; custom_padding=\u00a0\u00bb0px||0px|\u00a0\u00bb prev_background_color=\u00a0\u00bb#000000&Prime;][et_pb_row _builder_version=\u00a0\u00bb3.22&Prime;][et_pb_column type=\u00a0\u00bb4_4&Prime;][et_pb_text admin_label=\u00a0\u00bb\u00c0 lire aussi\u00a0\u00bb _builder_version=\u00a0\u00bb3.21&Prime;]<\/p>\n<h2><span class=\"st\">\u00c0<\/span> lire aussi<\/h2>\n<p>[\/et_pb_text][et_pb_blog posts_number=\u00a0\u00bb4&Prime; include_categories=\u00a0\u00bb13&Prime; show_author=\u00a0\u00bboff\u00a0\u00bb show_date=\u00a0\u00bboff\u00a0\u00bb show_pagination=\u00a0\u00bboff\u00a0\u00bb module_id=\u00a0\u00bbpage_type_blog\u00a0\u00bb _builder_version=\u00a0\u00bb3.21&Prime; header_level=\u00a0\u00bbh4&Prime; border_width_bottom_fullwidth=\u00a0\u00bb1px\u00a0\u00bb border_color_bottom_fullwidth=\u00a0\u00bbrgba(51,51,51,0.18)\u00a0\u00bb custom_padding=\u00a0\u00bb||50px|\u00a0\u00bb]<\/p>\n<p>[\/et_pb_blog][\/et_pb_column][\/et_pb_row][\/et_pb_section]<\/p>\n","protected":false},"excerpt":{"rendered":"<p>L\u2019UFR d\u2019Odontologie Paris Cit\u00e9 adapte ses proc\u00e9dures pour continuer \u00e0 d\u00e9livrer les dipl\u00f4mes ou les attestations (si les dipl\u00f4mes n\u2019ont pas \u00e9t\u00e9 \u00e9dit\u00e9s) aux \u00e9tudiants. \u00a9 Universit\u00e9 Paris Cit\u00e9 Apr\u00e8s avoir v\u00e9rifi\u00e9 la disponibilit\u00e9 de votre dipl\u00f4me ou attestation (nom du dipl\u00f4me ou attestation + ann\u00e9e d\u2019obtention) aupr\u00e8s du service de la diplomation, vous pouvez&hellip; <a class=\"continue\" href=\"https:\/\/wordpress-test.app.u-pariscite.fr\/odontologie\/attestations-et-diplomes\/\">Lire la suite<span> Attestations et dipl\u00f4mes<\/span><\/a><\/p>\n","protected":false},"author":396,"featured_media":0,"parent":0,"menu_order":0,"comment_status":"closed","ping_status":"closed","template":"","meta":{"_et_pb_use_builder":"on","_et_pb_old_content":"","_et_gb_content_width":"","footnotes":""},"class_list":["post-22730","page","type-page","status-publish","hentry"],"_links":{"self":[{"href":"https:\/\/wordpress-test.app.u-pariscite.fr\/odontologie\/wp-json\/wp\/v2\/pages\/22730","targetHints":{"allow":["GET"]}}],"collection":[{"href":"https:\/\/wordpress-test.app.u-pariscite.fr\/odontologie\/wp-json\/wp\/v2\/pages"}],"about":[{"href":"https:\/\/wordpress-test.app.u-pariscite.fr\/odontologie\/wp-json\/wp\/v2\/types\/page"}],"author":[{"embeddable":true,"href":"https:\/\/wordpress-test.app.u-pariscite.fr\/odontologie\/wp-json\/wp\/v2\/users\/396"}],"replies":[{"embeddable":true,"href":"https:\/\/wordpress-test.app.u-pariscite.fr\/odontologie\/wp-json\/wp\/v2\/comments?post=22730"}],"version-history":[{"count":47,"href":"https:\/\/wordpress-test.app.u-pariscite.fr\/odontologie\/wp-json\/wp\/v2\/pages\/22730\/revisions"}],"predecessor-version":[{"id":23695,"href":"https:\/\/wordpress-test.app.u-pariscite.fr\/odontologie\/wp-json\/wp\/v2\/pages\/22730\/revisions\/23695"}],"wp:attachment":[{"href":"https:\/\/wordpress-test.app.u-pariscite.fr\/odontologie\/wp-json\/wp\/v2\/media?parent=22730"}],"curies":[{"name":"wp","href":"https:\/\/api.w.org\/{rel}","templated":true}]}}