{"id":22603,"date":"2022-03-07T13:35:09","date_gmt":"2022-03-07T12:35:09","guid":{"rendered":"https:\/\/wordpress-test.app.u-pariscite.fr\/odontologie\/?page_id=22603"},"modified":"2024-01-19T10:43:21","modified_gmt":"2024-01-19T09:43:21","slug":"diplome-detat-de-docteur-en-chirurgie-dentaire","status":"publish","type":"page","link":"https:\/\/wordpress-test.app.u-pariscite.fr\/odontologie\/diplome-detat-de-docteur-en-chirurgie-dentaire\/","title":{"rendered":"Dipl\u00f4me d\u2019\u00c9tat de Docteur en Chirurgie Dentaire"},"content":{"rendered":"<p>[et_pb_section bb_built=\u00a0\u00bb1&Prime; _builder_version=\u00a0\u00bb3.22&Prime; next_background_color=\u00a0\u00bb#000000&Prime;][et_pb_row _builder_version=\u00a0\u00bb3.22&Prime; background_size=\u00a0\u00bbinitial\u00a0\u00bb background_position=\u00a0\u00bbtop_left\u00a0\u00bb background_repeat=\u00a0\u00bbrepeat\u00a0\u00bb][et_pb_column type=\u00a0\u00bb4_4&Prime;][et_pb_post_title admin_label=\u00a0\u00bbTitre de la page\u00a0\u00bb meta=\u00a0\u00bboff\u00a0\u00bb featured_image=\u00a0\u00bboff\u00a0\u00bb _builder_version=\u00a0\u00bb3.19.11&Prime;]<\/p>\n<p>[\/et_pb_post_title][\/et_pb_column][\/et_pb_row][et_pb_row _builder_version=\u00a0\u00bb3.22&Prime; background_size=\u00a0\u00bbinitial\u00a0\u00bb background_position=\u00a0\u00bbtop_left\u00a0\u00bb background_repeat=\u00a0\u00bbrepeat\u00a0\u00bb][et_pb_column type=\u00a0\u00bb3_4&Prime;][et_pb_text admin_label=\u00a0\u00bbIntro\u00a0\u00bb module_id=\u00a0\u00bbintro\u00a0\u00bb _builder_version=\u00a0\u00bb3.22.1&Prime; z_index_tablet=\u00a0\u00bb500&Prime;]<\/p>\n<p>Les enseignements de la chirurgie dentaire sont dispens\u00e9s en vue de l\u2019exercice professionnel, de l\u2019enseignement et de la recherche en odontologie.<\/p>\n<p>[\/et_pb_text][\/et_pb_column][et_pb_column type=\u00a0\u00bb1_4&Prime;][\/et_pb_column][\/et_pb_row][et_pb_row module_id=\u00a0\u00bbimage-page-type\u00a0\u00bb _builder_version=\u00a0\u00bb3.22&Prime;][et_pb_column type=\u00a0\u00bb3_4&Prime;][et_pb_image admin_label=\u00a0\u00bbImage 1920 x 1080&Prime; src=\u00a0\u00bbhttps:\/\/wordpress-test.app.u-pariscite.fr\/odontologie\/wp-content\/uploads\/sites\/36\/2022\/03\/diplome-d\u00e9tat-de-chirurgie-dentaire.jpg\u00a0\u00bb module_id=\u00a0\u00bbimage-page\u00a0\u00bb _builder_version=\u00a0\u00bb3.22.1&Prime; z_index_tablet=\u00a0\u00bb500&Prime;]<\/p>\n<p>[\/et_pb_image][\/et_pb_column][et_pb_column type=\u00a0\u00bb1_4&Prime;][et_pb_text admin_label=\u00a0\u00bbL\u00e9gende image\u00a0\u00bb module_id=\u00a0\u00bbtexte-image\u00a0\u00bb _builder_version=\u00a0\u00bb3.22.1&Prime; custom_margin=\u00a0\u00bb|-15px||\u00a0\u00bb z_index_tablet=\u00a0\u00bb500&Prime;]<\/p>\n<p>[\/et_pb_text][\/et_pb_column][\/et_pb_row][et_pb_row _builder_version=\u00a0\u00bb3.22.1&Prime; background_size=\u00a0\u00bbinitial\u00a0\u00bb background_position=\u00a0\u00bbtop_left\u00a0\u00bb background_repeat=\u00a0\u00bbrepeat\u00a0\u00bb][et_pb_column type=\u00a0\u00bb4_4&Prime;][et_pb_text admin_label=\u00a0\u00bbCopyright\u00a0\u00bb module_id=\u00a0\u00bblegende\u00a0\u00bb _builder_version=\u00a0\u00bb3.22.1&Prime; z_index_tablet=\u00a0\u00bb500&Prime;]<\/p>\n<p>[\/et_pb_text][\/et_pb_column][\/et_pb_row][\/et_pb_section][et_pb_section bb_built=\u00a0\u00bb1&Prime; _builder_version=\u00a0\u00bb3.22.1&Prime; custom_margin=\u00a0\u00bb40px||50px\u00a0\u00bb prev_background_color=\u00a0\u00bb#000000&Prime; next_background_color=\u00a0\u00bb#000000&Prime;][et_pb_row _builder_version=\u00a0\u00bb3.22&Prime; background_size=\u00a0\u00bbinitial\u00a0\u00bb background_position=\u00a0\u00bbtop_left\u00a0\u00bb background_repeat=\u00a0\u00bbrepeat\u00a0\u00bb][et_pb_column type=\u00a0\u00bb3_4&Prime;][et_pb_text _builder_version=\u00a0\u00bb3.22.1&Prime; z_index_tablet=\u00a0\u00bb500&Prime;]<\/p>\n<p>Le Docteur en Chirurgie Dentaire est le sp\u00e9cialiste qui soigne les maladies des dents, de la bouche et des maxillaires.<\/p>\n<p>Durant son cursus, l&rsquo;\u00e9tudiant acquiert :<\/p>\n<ul class=\"disc\">\n<li>des connaissances g\u00e9n\u00e9rales sur les patients, les diff\u00e9rentes pathologies qu\u2019il peuvent pr\u00e9senter et plus particuli\u00e8rement celles concernant la sph\u00e8re oro-faciale,<\/li>\n<li>une formation \u00e0 la fois th\u00e9orique et pratique dans des domaines aussi vari\u00e9s que le diagnostic, la pr\u00e9vention ou le traitement des infections buccales,<\/li>\n<li>des connaissances sp\u00e9cifiques qui lui permettront de s&rsquo;orienter s\u2019il le souhaite vers des formations compl\u00e9mentaires voire vers une carri\u00e8re d&rsquo;enseignant chercheur.<\/li>\n<\/ul>\n<p>[\/et_pb_text][et_pb_toggle admin_label=\u00a0\u00bbDFSG02&Prime; title=\u00a0\u00bbDFSG02&Prime; _builder_version=\u00a0\u00bb3.22.1&Prime; z_index_tablet=\u00a0\u00bb500&Prime; text_shadow_horizontal_length=\u00a0\u00bbtext_shadow_style,%91object Object%93&Prime; text_shadow_vertical_length=\u00a0\u00bbtext_shadow_style,%91object Object%93&Prime; text_shadow_blur_strength=\u00a0\u00bbtext_shadow_style,%91object Object%93&Prime; title_text_shadow_horizontal_length=\u00a0\u00bbtitle_text_shadow_style,%91object Object%93&Prime; title_text_shadow_vertical_length=\u00a0\u00bbtitle_text_shadow_style,%91object Object%93&Prime; title_text_shadow_blur_strength=\u00a0\u00bbtitle_text_shadow_style,%91object Object%93&Prime; body_text_shadow_horizontal_length=\u00a0\u00bbbody_text_shadow_style,%91object Object%93&Prime; body_text_shadow_vertical_length=\u00a0\u00bbbody_text_shadow_style,%91object Object%93&Prime; body_text_shadow_blur_strength=\u00a0\u00bbbody_text_shadow_style,%91object Object%93&Prime;]<\/p>\n<p>La 2\u00e8me ann\u00e9e des \u00e9tudes de chirurgie dentaire est organis\u00e9e en 2 semestres:<br \/>Le semestre 1 (S1) comprend 5 UE<br \/>Le semestre 2 (S2) comprend 7 UE<\/p>\n<p>Le 1er semestre constitue une introduction \u00e0 la profession de chirurgien dentiste et \u00e0 la connaissance de l\u2019\u00e9cosyst\u00e8me buccal.<\/p>\n<p>Le 2\u00e8me semestre s\u2019articule autour de la pr\u00e9vention des maladies inflammatoires et infectieuses de la cavit\u00e9 buccale, avec pour premier mod\u00e8le la gingivite. Les \u00e9tudiants effectuent un stage d\u2019observation dans l\u2019un des six services hospitaliers afin d\u2019y acqu\u00e9rir, au contact des patients, leurs premi\u00e8res comp\u00e9tences cliniques d\u00e8s ce 2\u00e8me semestre.<\/p>\n<p>[\/et_pb_toggle][et_pb_toggle admin_label=\u00a0\u00bbDFGS03&Prime; title=\u00a0\u00bbDFGS03&Prime; _builder_version=\u00a0\u00bb3.22.1&Prime; z_index_tablet=\u00a0\u00bb500&Prime; text_shadow_horizontal_length=\u00a0\u00bbtext_shadow_style,%91object Object%93&Prime; text_shadow_vertical_length=\u00a0\u00bbtext_shadow_style,%91object Object%93&Prime; text_shadow_blur_strength=\u00a0\u00bbtext_shadow_style,%91object Object%93&Prime; title_text_shadow_horizontal_length=\u00a0\u00bbtitle_text_shadow_style,%91object Object%93&Prime; title_text_shadow_vertical_length=\u00a0\u00bbtitle_text_shadow_style,%91object Object%93&Prime; title_text_shadow_blur_strength=\u00a0\u00bbtitle_text_shadow_style,%91object Object%93&Prime; body_text_shadow_horizontal_length=\u00a0\u00bbbody_text_shadow_style,%91object Object%93&Prime; body_text_shadow_vertical_length=\u00a0\u00bbbody_text_shadow_style,%91object Object%93&Prime; body_text_shadow_blur_strength=\u00a0\u00bbbody_text_shadow_style,%91object Object%93&Prime;]<\/p>\n<p>La 3\u00e8me ann\u00e9e des \u00e9tudes de chirurgie dentaire est organis\u00e9e en 2 semestres:<br \/>Le semestre 3 (S3) comprend 3 UE<br \/>Le semestre 4 (S4) comprend 4 UE<\/p>\n<p>Au cours du semestre 3 et du semestre 4, les \u00e9tudiants devront effectuer sous la responsabilit\u00e9 d\u2019un tuteur, un stage de participation aux fonctions hospitali\u00e8res dans les services d\u2019odontologie (stage pr\u00e9clinique).<\/p>\n<p>[\/et_pb_toggle][et_pb_toggle admin_label=\u00a0\u00bbDFAS01&Prime; title=\u00a0\u00bbDFAS01&Prime; _builder_version=\u00a0\u00bb3.22.1&Prime; z_index_tablet=\u00a0\u00bb500&Prime; text_shadow_horizontal_length=\u00a0\u00bbtext_shadow_style,%91object Object%93&Prime; text_shadow_vertical_length=\u00a0\u00bbtext_shadow_style,%91object Object%93&Prime; text_shadow_blur_strength=\u00a0\u00bbtext_shadow_style,%91object Object%93&Prime; title_text_shadow_horizontal_length=\u00a0\u00bbtitle_text_shadow_style,%91object Object%93&Prime; title_text_shadow_vertical_length=\u00a0\u00bbtitle_text_shadow_style,%91object Object%93&Prime; title_text_shadow_blur_strength=\u00a0\u00bbtitle_text_shadow_style,%91object Object%93&Prime; body_text_shadow_horizontal_length=\u00a0\u00bbbody_text_shadow_style,%91object Object%93&Prime; body_text_shadow_vertical_length=\u00a0\u00bbbody_text_shadow_style,%91object Object%93&Prime; body_text_shadow_blur_strength=\u00a0\u00bbbody_text_shadow_style,%91object Object%93&Prime;]<\/p>\n<p>La 4\u00e8me ann\u00e9e des \u00e9tudes de chirurgie dentaire est organis\u00e9e en 2 semestres:<br \/>Le semestre 5 (S5) comprend 4 UE<br \/>Le semestre 6 (S6) comprend 5 UE<\/p>\n<p>Dans le cadre de leur statut d\u2019\u00e9tudiants hospitaliers, les \u00e9tudiants de DFAS01 doivent accomplir au cours du S5 et du S6<br \/>un stage de participation aux fonctions hospitali\u00e8res dans les services d\u2019odontologie (Stage clinique).<\/p>\n<p>[\/et_pb_toggle][et_pb_toggle admin_label=\u00a0\u00bbDFAS02&Prime; title=\u00a0\u00bbDFAS02&Prime; _builder_version=\u00a0\u00bb3.22.1&Prime; z_index_tablet=\u00a0\u00bb500&Prime;]<\/p>\n<p>La 5\u00e8me ann\u00e9e des \u00e9tudes de chirurgie dentaire est organis\u00e9e en 2 semestres:<br \/>Le semestre 7 (S7) comprend 4 UE<br \/>Le semestre 8 (S8) comprend 4 UE<\/p>\n<p>L\u2019essentiel des activit\u00e9s des \u00e9tudiants de 5\u00e8me ann\u00e9e sont des missions de soins en services d\u2019odontologie. Un certain nombre d\u2019actes sont \u00e0 r\u00e9aliser (bilan dentaire, extraction, radio, empreinte, proth\u00e8se\u2026).<\/p>\n<p>Au cours de la DFASO2, ils doivent \u00e9galement obtenir le\u00a0<strong>Certificat de Synth\u00e8se Clinique et Th\u00e9rapeutique (CSCT)<\/strong>\u00a0ainsi que\u00a0<strong>l\u2019Attestation de Formation aux Gestes et Soins d\u2019Urgences (AFGSU)<\/strong>\u00a0afin de valider leur deuxi\u00e8me cycle.<\/p>\n<p>[\/et_pb_toggle][et_pb_toggle admin_label=\u00a0\u00bbTCE01&Prime; title=\u00a0\u00bbTCE01&Prime; _builder_version=\u00a0\u00bb3.22.1&Prime; z_index_tablet=\u00a0\u00bb500&Prime;]<\/p>\n<p>L\u2019enseignement de TCE01 comprend des enseignements th\u00e9oriques, cliniques et hospitaliers dont l\u2019ensemble est d\u2019une dur\u00e9e d\u2019au moins 850 heures. Les enseignements th\u00e9oriques sont regroup\u00e9s selon 3 axes :<\/p>\n<ul>\n<li>professionnel<\/li>\n<li>multidisciplinaire<\/li>\n<li>approfondissement<\/li>\n<\/ul>\n<p>Les 6\u00e8me ann\u00e9e renforcent leurs comp\u00e9tences et effectuent des stages hospitaliers hors des services d\u2019odontologie et des stages chez des praticiens.<\/p>\n<p>L\u2019axe approfondissement correspond aux enseignements compl\u00e9mentaires obligatoires (ECO).<br \/>Les enseignements cliniques et hospitaliers ( 5 demi journ\u00e9es hebdomadaires)<br \/>L\u2019arr\u00eat\u00e9 du 20 mai 1999 pr\u00e9cise \u00ab qu\u2019un quart des enseignements cliniques est consacr\u00e9 \u00e0 des actions de pr\u00e9vention d\u2019int\u00e9r\u00eat g\u00e9n\u00e9ral, notamment dans les services de m\u00e9decine pr\u00e9ventive universitaire et\/ou de sant\u00e9 publique. \u00bb<\/p>\n<p>L\u2019AFR (Attestation de Formation \u00e0 la Radioprotection) valid\u00e9e au cours du DFGSO2 et DFGSO3 est d\u00e9livr\u00e9e \u00e0 l\u2019occasion de la remise de l\u2019attestation de r\u00e9ussite au TCEO1.<\/p>\n<p>Par ailleurs , l\u2019\u00e9tudiant peut soutenir sa th\u00e8se au cours de cette sixi\u00e8me ann\u00e9e. (S10)<\/p>\n<p>Le dipl\u00f4me d\u2019\u00e9tat de Docteur en chirurgie dentaire est d\u00e9livr\u00e9 \u00e0 l\u2019issue de la soutenance de la th\u00e8se d\u2019exercice et de la validation de la sixi\u00e8me et derni\u00e8re ann\u00e9e.<\/p>\n<p>[\/et_pb_toggle][et_pb_button admin_label=\u00a0\u00bbbouton &#8211; ajouter le lien vers la page\u00a0\u00bb button_url=\u00a0\u00bbhttps:\/\/odf.wordpress-test.app.u-pariscite.fr\/fr\/offre-de-formation\/diplome-d-etat-DE\/sciences-technologies-sante-STS\/diplome-d-etat-de-docteur-en-chirurgie-dentaire-K621IVVG.html?search-keywords=diplome,d%27%C3%A9tat,de,chirurgie,dentaire\u00a0\u00bb button_text=\u00a0\u00bbEn savoir +\u00a0\u00bb button_alignment=\u00a0\u00bbleft\u00a0\u00bb _builder_version=\u00a0\u00bb3.22.1&Prime; custom_button=\u00a0\u00bbon\u00a0\u00bb button_text_color=\u00a0\u00bb#ffffff\u00a0\u00bb button_bg_color=\u00a0\u00bb#8a1538&Prime; button_border_width=\u00a0\u00bb2&Prime; button_border_color=\u00a0\u00bb#8a1538&Prime; button_border_radius=\u00a0\u00bb26&Prime; button_icon=\u00a0\u00bb%%20%%\u00a0\u00bb button_icon_color=\u00a0\u00bb#ffffff\u00a0\u00bb button_on_hover=\u00a0\u00bboff\u00a0\u00bb background_layout=\u00a0\u00bbdark\u00a0\u00bb custom_margin=\u00a0\u00bb42px||\u00a0\u00bb z_index_tablet=\u00a0\u00bb500&Prime; custom_css_after=\u00a0\u00bbmargin-left: 0!important;\u00a0\u00bb saved_tabs=\u00a0\u00bball\u00a0\u00bb background_layout__hover_enabled=\u00a0\u00bbon\u00a0\u00bb background_layout__hover=\u00a0\u00bblight\u00a0\u00bb button_bg_color__hover_enabled=\u00a0\u00bbon\u00a0\u00bb button_bg_color__hover=\u00a0\u00bb#ffffff\u00a0\u00bb button_icon_color__hover_enabled=\u00a0\u00bbon\u00a0\u00bb button_icon_color__hover=\u00a0\u00bb#aa004f\u00a0\u00bb button_text_color__hover_enabled=\u00a0\u00bbon\u00a0\u00bb button_text_color__hover=\u00a0\u00bb#aa004f\u00a0\u00bb custom_css_after__hover_enabled=\u00a0\u00bbon\u00a0\u00bb custom_css_after__hover=\u00a0\u00bbmargin-left: 0!important;\u00a0\u00bb]<\/p>\n<p>[\/et_pb_button][\/et_pb_column][et_pb_column type=\u00a0\u00bb1_4&Prime;][\/et_pb_column][\/et_pb_row][\/et_pb_section][et_pb_section bb_built=\u00a0\u00bb1&Prime; _builder_version=\u00a0\u00bb3.22&Prime; custom_padding=\u00a0\u00bb0px||0px|\u00a0\u00bb prev_background_color=\u00a0\u00bb#000000&Prime;][et_pb_row _builder_version=\u00a0\u00bb3.22&Prime;][et_pb_column type=\u00a0\u00bb4_4&Prime;][et_pb_text admin_label=\u00a0\u00bb\u00c0 lire aussi\u00a0\u00bb _builder_version=\u00a0\u00bb3.21&Prime;]<\/p>\n<h2><span class=\"st\">\u00c0<\/span> lire aussi<\/h2>\n<p>[\/et_pb_text][et_pb_blog posts_number=\u00a0\u00bb4&Prime; include_categories=\u00a0\u00bb13&Prime; show_author=\u00a0\u00bboff\u00a0\u00bb show_date=\u00a0\u00bboff\u00a0\u00bb show_pagination=\u00a0\u00bboff\u00a0\u00bb module_id=\u00a0\u00bbpage_type_blog\u00a0\u00bb _builder_version=\u00a0\u00bb3.21&Prime; header_level=\u00a0\u00bbh4&Prime; border_width_bottom_fullwidth=\u00a0\u00bb1px\u00a0\u00bb border_color_bottom_fullwidth=\u00a0\u00bbrgba(51,51,51,0.18)\u00a0\u00bb custom_padding=\u00a0\u00bb||50px|\u00a0\u00bb]<\/p>\n<p>[\/et_pb_blog][\/et_pb_column][\/et_pb_row][\/et_pb_section]<\/p>\n","protected":false},"excerpt":{"rendered":"<p>Les enseignements de la chirurgie dentaire sont dispens\u00e9s en vue de l\u2019exercice professionnel, de l\u2019enseignement et de la recherche en odontologie. Le Docteur en Chirurgie Dentaire est le sp\u00e9cialiste qui soigne les maladies des dents, de la bouche et des maxillaires. Durant son cursus, l&rsquo;\u00e9tudiant acquiert : des connaissances g\u00e9n\u00e9rales sur les patients, les diff\u00e9rentes&hellip; <a class=\"continue\" href=\"https:\/\/wordpress-test.app.u-pariscite.fr\/odontologie\/diplome-detat-de-docteur-en-chirurgie-dentaire\/\">Lire la suite<span> Dipl\u00f4me d\u2019\u00c9tat de Docteur en Chirurgie Dentaire<\/span><\/a><\/p>\n","protected":false},"author":396,"featured_media":0,"parent":0,"menu_order":0,"comment_status":"closed","ping_status":"closed","template":"","meta":{"_et_pb_use_builder":"on","_et_pb_old_content":"","_et_gb_content_width":"","footnotes":""},"class_list":["post-22603","page","type-page","status-publish","hentry"],"_links":{"self":[{"href":"https:\/\/wordpress-test.app.u-pariscite.fr\/odontologie\/wp-json\/wp\/v2\/pages\/22603","targetHints":{"allow":["GET"]}}],"collection":[{"href":"https:\/\/wordpress-test.app.u-pariscite.fr\/odontologie\/wp-json\/wp\/v2\/pages"}],"about":[{"href":"https:\/\/wordpress-test.app.u-pariscite.fr\/odontologie\/wp-json\/wp\/v2\/types\/page"}],"author":[{"embeddable":true,"href":"https:\/\/wordpress-test.app.u-pariscite.fr\/odontologie\/wp-json\/wp\/v2\/users\/396"}],"replies":[{"embeddable":true,"href":"https:\/\/wordpress-test.app.u-pariscite.fr\/odontologie\/wp-json\/wp\/v2\/comments?post=22603"}],"version-history":[{"count":15,"href":"https:\/\/wordpress-test.app.u-pariscite.fr\/odontologie\/wp-json\/wp\/v2\/pages\/22603\/revisions"}],"predecessor-version":[{"id":23409,"href":"https:\/\/wordpress-test.app.u-pariscite.fr\/odontologie\/wp-json\/wp\/v2\/pages\/22603\/revisions\/23409"}],"wp:attachment":[{"href":"https:\/\/wordpress-test.app.u-pariscite.fr\/odontologie\/wp-json\/wp\/v2\/media?parent=22603"}],"curies":[{"name":"wp","href":"https:\/\/api.w.org\/{rel}","templated":true}]}}