{"id":22385,"date":"2020-11-27T16:59:34","date_gmt":"2020-11-27T15:59:34","guid":{"rendered":"https:\/\/wordpress-test.app.u-pariscite.fr\/odontologie\/?page_id=22385"},"modified":"2022-03-21T09:57:17","modified_gmt":"2022-03-21T08:57:17","slug":"these-dexercice","status":"publish","type":"page","link":"https:\/\/wordpress-test.app.u-pariscite.fr\/odontologie\/formation-initiale\/these-dexercice\/","title":{"rendered":"Th\u00e8se d&rsquo;exercice"},"content":{"rendered":"<p>[et_pb_section fb_built=\u00a0\u00bb1&Prime; _builder_version=\u00a0\u00bb3.22&Prime;][et_pb_row _builder_version=\u00a0\u00bb3.22&Prime; background_size=\u00a0\u00bbinitial\u00a0\u00bb background_position=\u00a0\u00bbtop_left\u00a0\u00bb background_repeat=\u00a0\u00bbrepeat\u00a0\u00bb][et_pb_column type=\u00a0\u00bb4_4&Prime; _builder_version=\u00a0\u00bb3.0.47&Prime;][et_pb_post_title meta=\u00a0\u00bboff\u00a0\u00bb featured_image=\u00a0\u00bboff\u00a0\u00bb admin_label=\u00a0\u00bbTitre de la page\u00a0\u00bb _builder_version=\u00a0\u00bb3.19.11&Prime;][\/et_pb_post_title][\/et_pb_column][\/et_pb_row][et_pb_row _builder_version=\u00a0\u00bb3.22&Prime; background_size=\u00a0\u00bbinitial\u00a0\u00bb background_position=\u00a0\u00bbtop_left\u00a0\u00bb background_repeat=\u00a0\u00bbrepeat\u00a0\u00bb][et_pb_column type=\u00a0\u00bb3_4&Prime; _builder_version=\u00a0\u00bb3.0.47&Prime;][et_pb_text admin_label=\u00a0\u00bbIntro\u00a0\u00bb module_id=\u00a0\u00bbintro\u00a0\u00bb _builder_version=\u00a0\u00bb3.22.1&Prime; z_index_tablet=\u00a0\u00bb500&Prime;]<\/p>\n<div class=\"et_pb_module et_pb_text et_pb_text_0 et_pb_bg_layout_light et_pb_text_align_left\">\n<div class=\"et_pb_text_inner\">\n<p>Avec la situation sanitaire, les sites d\u2019Universit\u00e9 Paris Cit\u00e9, dont l\u2019UFR d\u2019Odontologie Montrouge, sont ferm\u00e9s au public.<\/p>\n<p>L\u2019UFR d\u2019Odontologie adapte ses proc\u00e9dures pour que les \u00e9tudiants puissent continuer \u00e0 soutenir leurs th\u00e8ses \u00e0 distance.<strong><br \/><\/strong><\/p>\n<p class=\"defaultxmltemplate-header-2\">Vous trouverez sur le <a href=\"https:\/\/u-paris.libguides.com\/odontologie\/preparer\" target=\"_blank\" rel=\"noopener noreferrer\">site internet de la Biblioth\u00e8que Universitaire<\/a> \u00a0toutes les recommandations et informations utiles concernant la r\u00e9daction, la pr\u00e9sentation et la soutenance de votre th\u00e8se. L\u2019ensemble des documents mentionn\u00e9s dans le texte ci-dessous sont \u00e9galement t\u00e9l\u00e9chargeables sur le <a href=\"https:\/\/u-paris.libguides.com\/odontologie\/preparer\" target=\"_blank\" rel=\"noopener noreferrer\">site la BU<\/a>.<\/p>\n<\/div>\n<\/div>\n<p>[\/et_pb_text][\/et_pb_column][et_pb_column type=\u00a0\u00bb1_4&Prime; _builder_version=\u00a0\u00bb3.0.47&Prime;][\/et_pb_column][\/et_pb_row][et_pb_row module_id=\u00a0\u00bbimage-page-type\u00a0\u00bb _builder_version=\u00a0\u00bb3.22&Prime;][et_pb_column type=\u00a0\u00bb3_4&Prime; _builder_version=\u00a0\u00bb3.0.47&Prime;][et_pb_image src=\u00a0\u00bbhttps:\/\/wordpress-test.app.u-pariscite.fr\/odontologie\/wp-content\/uploads\/sites\/36\/2022\/03\/cours-de-langues.jpg\u00a0\u00bb admin_label=\u00a0\u00bbImage 1920 x 1080&Prime; module_id=\u00a0\u00bbimage-page\u00a0\u00bb _builder_version=\u00a0\u00bb3.22.1&Prime; z_index_tablet=\u00a0\u00bb500&Prime;][\/et_pb_image][\/et_pb_column][et_pb_column type=\u00a0\u00bb1_4&Prime; _builder_version=\u00a0\u00bb3.0.47&Prime;][et_pb_text admin_label=\u00a0\u00bbL\u00e9gende image\u00a0\u00bb module_id=\u00a0\u00bbtexte-image\u00a0\u00bb _builder_version=\u00a0\u00bb3.22.1&Prime; custom_margin=\u00a0\u00bb|-15px||\u00a0\u00bb z_index_tablet=\u00a0\u00bb500&Prime;][\/et_pb_text][\/et_pb_column][\/et_pb_row][et_pb_row _builder_version=\u00a0\u00bb3.22&Prime; background_size=\u00a0\u00bbinitial\u00a0\u00bb background_position=\u00a0\u00bbtop_left\u00a0\u00bb background_repeat=\u00a0\u00bbrepeat\u00a0\u00bb][et_pb_column type=\u00a0\u00bb4_4&Prime; _builder_version=\u00a0\u00bb3.0.47&Prime;][et_pb_text admin_label=\u00a0\u00bbCopyright\u00a0\u00bb module_id=\u00a0\u00bblegende\u00a0\u00bb _builder_version=\u00a0\u00bb3.22.1&Prime; z_index_tablet=\u00a0\u00bb500&Prime;][\/et_pb_text][\/et_pb_column][\/et_pb_row][\/et_pb_section][et_pb_section fb_built=\u00a0\u00bb1&Prime; _builder_version=\u00a0\u00bb3.22.1&Prime; custom_margin=\u00a0\u00bb40px||50px\u00a0\u00bb][et_pb_row _builder_version=\u00a0\u00bb3.22.1&Prime; z_index_tablet=\u00a0\u00bb500&Prime; admin_label=\u00a0\u00bbLigne\u00a0\u00bb][et_pb_column type=\u00a0\u00bb3_4&Prime; _builder_version=\u00a0\u00bb3.0.47&Prime;][et_pb_toggle title=\u00a0\u00bbProposition de sujet de th\u00e8se\u00a0\u00bb admin_label=\u00a0\u00bbProposition de sujet de th\u00e8se\u00a0\u00bb _builder_version=\u00a0\u00bb3.22.1&Prime; z_index_tablet=\u00a0\u00bb500&Prime;]<\/p>\n<div class=\"et_pb_toggle_content clearfix\">\n<p>La proposition de sujet de th\u00e8se doit \u00eatre transmise par mail <a href=\"mailto:scolarite-odonto@parisdescartes.fr\" target=\"_blank\" rel=\"noopener noreferrer\">au service de la scolarit\u00e9 <\/a>et tous les champs doivent \u00eatre d\u00fbment remplis (date comprise).<\/p>\n<p>Ce formulaire doit \u00eatre accompagn\u00e9 de son r\u00e9sum\u00e9 de 15 \u00e0 20 lignes.<\/p>\n<p>Celui-ci sera transmis par nos soins au doyen pour signature.<\/p>\n<p>Sans retour de notre part sous 10 jours maximum votre proposition de sujet est valid\u00e9e. (Il en va de m\u00eame pour la proposition de jury)<\/p>\n<\/div>\n<p>[\/et_pb_toggle][et_pb_toggle title=\u00a0\u00bbProposition de jury \u00a0\u00bb admin_label=\u00a0\u00bbProposition de jury \u00a0\u00bb _builder_version=\u00a0\u00bb3.22.1&Prime; z_index_tablet=\u00a0\u00bb500&Prime;]<\/p>\n<div class=\"et_pb_toggle_content clearfix\">\n<p><a href=\"https:\/\/u-paris.libguides.com\/odontologie\/preparer\" target=\"_blank\" rel=\"noopener noreferrer\">Consultez la charte des th\u00e8ses sur le site de la BU<\/a> afin de respecter la composition de votre jury.<\/p>\n<p>Elle doit \u00eatre envoy\u00e9e par mail \u00e0 <a href=\"mailto:scolarite-odonto@parisdescartes.fr\" target=\"_blank\" rel=\"noopener noreferrer\">la scolarit\u00e9 <\/a>dument compl\u00e9t\u00e9e en indiquant de fa\u00e7on correcte les grades des membres (PU-PH, MCU-PH, AHU, MCU associ\u00e9(\u00e9), Professeur \u00e9m\u00e9rite) ainsi que les services d\u2019odontologie auxquels ils sont rattach\u00e9s.<\/p>\n<p>En parall\u00e8le prenez contact avec <a href=\"mailto:bumontrouge.dbm@listes.wordpress-test.app.u-pariscite.fr\" target=\"_blank\" rel=\"noopener noreferrer\">la BU<\/a> afin de convenir de rendez-vous \u00ab\u00a0d\u00e9mat\u00e9rialis\u00e9s\u00a0\u00bb pour les points de contr\u00f4le.<\/p>\n<\/div>\n<p>[\/et_pb_toggle][et_pb_toggle title=\u00a0\u00bbEnvoi de votre exemplaire de th\u00e8se\u00a0\u00bb admin_label=\u00a0\u00bbEnvoi de votre exemplaire de th\u00e8se\u00a0\u00bb _builder_version=\u00a0\u00bb3.22.1&Prime; z_index_tablet=\u00a0\u00bb500&Prime;]<\/p>\n<div class=\"et_pb_toggle_content clearfix\">\n<p>Celui-ci doit \u00eatre exp\u00e9di\u00e9 par voie postale, reli\u00e9, page visa ins\u00e9r\u00e9e et sign\u00e9e par votre directeur de th\u00e8se, avant votre soutenance.<\/p>\n<p>Veuillez par ailleurs noter que la page visa vous sera \u00e9galement demand\u00e9e de fa\u00e7on d\u00e9mat\u00e9rialis\u00e9e par le service de la BU.<\/p>\n<p>La r\u00e9ception de l\u2019exemplaire de th\u00e8se par la scolarit\u00e9 conditionne la d\u00e9livrance de votre attestation de r\u00e9ussite.<\/p>\n<\/div>\n<p>[\/et_pb_toggle][et_pb_toggle title=\u00a0\u00bbDate et soutenance de th\u00e8se\u00a0\u00bb admin_label=\u00a0\u00bbDate et soutenance de th\u00e8se\u00a0\u00bb _builder_version=\u00a0\u00bb3.22.1&Prime; z_index_tablet=\u00a0\u00bb500&Prime;]<\/p>\n<div class=\"et_pb_toggle_content clearfix\">\n<p>Convenez d\u2019une date de soutenance avec les membres de votre jury et pr\u00e9venez la scolarit\u00e9 au minimum 15 jours \u00e0 l\u2019avance afin que celle-ci puisse \u00e9tablir les documents \u00e0 destination du pr\u00e9sident du jury.<\/p>\n<p>C\u2019est \u00e0 vous de convoquer votre jury et de cr\u00e9er une r\u00e9union en visio. (<a href=\"https:\/\/wordpress-test.app.u-pariscite.fr\/zoom-universite-de-paris\/\" target=\"_blank\" rel=\"noopener noreferrer\">via le logiciel zoom par exemple<\/a>)<\/p>\n<\/div>\n<p>[\/et_pb_toggle][et_pb_toggle title=\u00a0\u00bbA l\u2019issue de la soutenance\u00a0\u00bb admin_label=\u00a0\u00bbA l\u2019issue de la soutenance\u00a0\u00bb _builder_version=\u00a0\u00bb3.22.1&Prime; z_index_tablet=\u00a0\u00bb500&Prime;]<\/p>\n<p>Vous pourrez demander au service de la scolarit\u00e9 une attestation de r\u00e9ussite au dipl\u00f4me d\u2019\u00e9tat de chirurgien-dentiste, \u00e0 la condition d\u2019avoir d\u00e9j\u00e0 valid\u00e9 votre TCEO1 ou vos trois\/quatre ann\u00e9es d\u2019internat.<\/p>\n<p>[\/et_pb_toggle][\/et_pb_column][et_pb_column type=\u00a0\u00bb1_4&Prime; _builder_version=\u00a0\u00bb3.0.47&Prime;][\/et_pb_column][\/et_pb_row][\/et_pb_section][et_pb_section fb_built=\u00a0\u00bb1&Prime; _builder_version=\u00a0\u00bb3.22&Prime; custom_padding=\u00a0\u00bb0px||0px|\u00a0\u00bb][et_pb_row _builder_version=\u00a0\u00bb3.22&Prime;][et_pb_column type=\u00a0\u00bb4_4&Prime; _builder_version=\u00a0\u00bb3.0.47&Prime;][et_pb_text admin_label=\u00a0\u00bb\u00c0 lire aussi\u00a0\u00bb _builder_version=\u00a0\u00bb3.21&Prime;]<\/p>\n<h2><span class=\"st\">\u00c0<\/span> lire aussi<\/h2>\n<p>[\/et_pb_text][et_pb_blog posts_number=\u00a0\u00bb4&Prime; include_categories=\u00a0\u00bb1&Prime; show_author=\u00a0\u00bboff\u00a0\u00bb show_date=\u00a0\u00bboff\u00a0\u00bb show_pagination=\u00a0\u00bboff\u00a0\u00bb module_id=\u00a0\u00bbpage_type_blog\u00a0\u00bb _builder_version=\u00a0\u00bb3.22.1&Prime; header_level=\u00a0\u00bbh4&Prime; border_width_bottom_fullwidth=\u00a0\u00bb1px\u00a0\u00bb border_color_bottom_fullwidth=\u00a0\u00bbrgba(51,51,51,0.18)\u00a0\u00bb custom_padding=\u00a0\u00bb||50px|\u00a0\u00bb z_index_tablet=\u00a0\u00bb500&Prime;][\/et_pb_blog][\/et_pb_column][\/et_pb_row][\/et_pb_section]<\/p>\n","protected":false},"excerpt":{"rendered":"<p>Avec la situation sanitaire, les sites d\u2019Universit\u00e9 Paris Cit\u00e9, dont l\u2019UFR d\u2019Odontologie Montrouge, sont ferm\u00e9s au public.L\u2019UFR d\u2019Odontologie adapte ses proc\u00e9dures pour que les \u00e9tudiants puissent continuer \u00e0 soutenir leurs th\u00e8ses \u00e0 distance.Vous trouverez sur le site internet de la Biblioth\u00e8que Universitaire \u00a0toutes les recommandations et informations utiles concernant la r\u00e9daction, la pr\u00e9sentation et la&hellip; <a class=\"continue\" href=\"https:\/\/wordpress-test.app.u-pariscite.fr\/odontologie\/formation-initiale\/these-dexercice\/\">Lire la suite<span> Th\u00e8se d&rsquo;exercice<\/span><\/a><\/p>\n","protected":false},"author":35,"featured_media":0,"parent":121,"menu_order":0,"comment_status":"closed","ping_status":"closed","template":"","meta":{"_et_pb_use_builder":"on","_et_pb_old_content":"","_et_gb_content_width":"","footnotes":""},"class_list":["post-22385","page","type-page","status-publish","hentry"],"_links":{"self":[{"href":"https:\/\/wordpress-test.app.u-pariscite.fr\/odontologie\/wp-json\/wp\/v2\/pages\/22385","targetHints":{"allow":["GET"]}}],"collection":[{"href":"https:\/\/wordpress-test.app.u-pariscite.fr\/odontologie\/wp-json\/wp\/v2\/pages"}],"about":[{"href":"https:\/\/wordpress-test.app.u-pariscite.fr\/odontologie\/wp-json\/wp\/v2\/types\/page"}],"author":[{"embeddable":true,"href":"https:\/\/wordpress-test.app.u-pariscite.fr\/odontologie\/wp-json\/wp\/v2\/users\/35"}],"replies":[{"embeddable":true,"href":"https:\/\/wordpress-test.app.u-pariscite.fr\/odontologie\/wp-json\/wp\/v2\/comments?post=22385"}],"version-history":[{"count":13,"href":"https:\/\/wordpress-test.app.u-pariscite.fr\/odontologie\/wp-json\/wp\/v2\/pages\/22385\/revisions"}],"predecessor-version":[{"id":22939,"href":"https:\/\/wordpress-test.app.u-pariscite.fr\/odontologie\/wp-json\/wp\/v2\/pages\/22385\/revisions\/22939"}],"up":[{"embeddable":true,"href":"https:\/\/wordpress-test.app.u-pariscite.fr\/odontologie\/wp-json\/wp\/v2\/pages\/121"}],"wp:attachment":[{"href":"https:\/\/wordpress-test.app.u-pariscite.fr\/odontologie\/wp-json\/wp\/v2\/media?parent=22385"}],"curies":[{"name":"wp","href":"https:\/\/api.w.org\/{rel}","templated":true}]}}