{"id":128,"date":"2020-11-27T13:10:31","date_gmt":"2020-11-27T12:10:31","guid":{"rendered":"https:\/\/wordpress-test.app.u-pariscite.fr\/odontologie\/?page_id=128"},"modified":"2023-02-07T14:48:44","modified_gmt":"2023-02-07T13:48:44","slug":"laboratoires-ur-4462","status":"publish","type":"page","link":"https:\/\/wordpress-test.app.u-pariscite.fr\/odontologie\/laboratoires\/laboratoires-ur-4462\/","title":{"rendered":"Laboratoires UR 4462 Biomat\u00e9riaux Innovants et Interfaces"},"content":{"rendered":"<p>[et_pb_section bb_built=\u00a0\u00bb1&Prime; _builder_version=\u00a0\u00bb3.22&Prime; next_background_color=\u00a0\u00bb#000000&Prime;][et_pb_row _builder_version=\u00a0\u00bb3.22&Prime; background_size=\u00a0\u00bbinitial\u00a0\u00bb background_position=\u00a0\u00bbtop_left\u00a0\u00bb background_repeat=\u00a0\u00bbrepeat\u00a0\u00bb][et_pb_column type=\u00a0\u00bb4_4&Prime;][et_pb_post_title admin_label=\u00a0\u00bbTitre de la page\u00a0\u00bb meta=\u00a0\u00bboff\u00a0\u00bb featured_image=\u00a0\u00bboff\u00a0\u00bb _builder_version=\u00a0\u00bb3.19.11&Prime;]<\/p>\n<p><\/p>\n<p>[\/et_pb_post_title][\/et_pb_column][\/et_pb_row][et_pb_row _builder_version=\u00a0\u00bb3.22&Prime; background_size=\u00a0\u00bbinitial\u00a0\u00bb background_position=\u00a0\u00bbtop_left\u00a0\u00bb background_repeat=\u00a0\u00bbrepeat\u00a0\u00bb][et_pb_column type=\u00a0\u00bb3_4&Prime;][et_pb_text admin_label=\u00a0\u00bbIntro\u00a0\u00bb module_id=\u00a0\u00bbintro\u00a0\u00bb _builder_version=\u00a0\u00bb3.22.1&Prime; z_index_tablet=\u00a0\u00bb500&Prime;]<\/p>\n<p>Le 1er janvier 2010,l\u2019URB2i a \u00e9t\u00e9 cr\u00e9\u00e9e au sein de l\u2019UFR d\u2019Odontologie d&rsquo;Universit\u00e9 Paris Cit\u00e9 pour soutenir la recherche universitaire dans le domaine des biomat\u00e9riaux dentaires.<\/p>\n<p>[\/et_pb_text][\/et_pb_column][et_pb_column type=\u00a0\u00bb1_4&Prime;][\/et_pb_column][\/et_pb_row][et_pb_row module_id=\u00a0\u00bbimage-page-type\u00a0\u00bb _builder_version=\u00a0\u00bb3.22&Prime;][et_pb_column type=\u00a0\u00bb3_4&Prime;][et_pb_image admin_label=\u00a0\u00bbImage 1920 x 1080&Prime; src=\u00a0\u00bbhttps:\/\/wordpress-test.app.u-pariscite.fr\/odontologie\/wp-content\/uploads\/sites\/36\/2022\/03\/laboratoire2.jpg\u00a0\u00bb module_id=\u00a0\u00bbimage-page\u00a0\u00bb _builder_version=\u00a0\u00bb3.22.1&Prime; z_index_tablet=\u00a0\u00bb500&Prime;]<\/p>\n<p><\/p>\n<p>[\/et_pb_image][\/et_pb_column][et_pb_column type=\u00a0\u00bb1_4&Prime;][et_pb_text admin_label=\u00a0\u00bbL\u00e9gende image\u00a0\u00bb module_id=\u00a0\u00bbtexte-image\u00a0\u00bb _builder_version=\u00a0\u00bb3.22.1&Prime; custom_margin=\u00a0\u00bb|-15px||\u00a0\u00bb z_index_tablet=\u00a0\u00bb500&Prime;]<\/p>\n<p><\/p>\n<p>[\/et_pb_text][\/et_pb_column][\/et_pb_row][et_pb_row _builder_version=\u00a0\u00bb3.22&Prime; background_size=\u00a0\u00bbinitial\u00a0\u00bb background_position=\u00a0\u00bbtop_left\u00a0\u00bb background_repeat=\u00a0\u00bbrepeat\u00a0\u00bb][et_pb_column type=\u00a0\u00bb4_4&Prime;][et_pb_text admin_label=\u00a0\u00bbCopyright\u00a0\u00bb module_id=\u00a0\u00bblegende\u00a0\u00bb _builder_version=\u00a0\u00bb3.22.1&Prime; z_index_tablet=\u00a0\u00bb500&Prime;]<\/p>\n<p><\/p>\n<p>[\/et_pb_text][\/et_pb_column][\/et_pb_row][et_pb_row _builder_version=\u00a0\u00bb3.22.1&Prime; background_size=\u00a0\u00bbinitial\u00a0\u00bb background_position=\u00a0\u00bbtop_left\u00a0\u00bb background_repeat=\u00a0\u00bbrepeat\u00a0\u00bb custom_margin=\u00a0\u00bb40px||50px\u00a0\u00bb][et_pb_column type=\u00a0\u00bb3_4&Prime;][et_pb_text module_id=\u00a0\u00bbcontenu\u00a0\u00bb _builder_version=\u00a0\u00bb3.22.1&Prime; z_index_tablet=\u00a0\u00bb500&Prime; custom_margin=\u00a0\u00bb0px|||||\u00a0\u00bb]<\/p>\n<p>Aujourd\u2019hui l\u2019Unit\u00e9 de Recherche Biomat\u00e9riaux Innovants et Interfaces (URB2i) intervient tout au long du cycle de vie des biomat\u00e9riaux dentaires. L\u2019URB2i est pr\u00e9sente depuis l\u2019\u00e9laboration, la caract\u00e9risation, la mise en forme, l\u2019assemblage, jusqu\u2019\u00e0 la tenue en service des biomat\u00e9riaux dentaires. Elle se donne ainsi pour mission principale de participer \u00e0 la recherche fondamentale, appliqu\u00e9e et clinique dans le domaine de l\u2019\u00e9laboration, la mise en \u0153uvre, la mise en forme et l\u2019\u00e9valuation de biomat\u00e9riaux dentaires innovants, ainsi que les m\u00e9thodes et techniques associ\u00e9es.<\/p>\n<p>Les travaux de l\u2019unit\u00e9 s\u2019articulent donc autour de<strong> 2 axes de recherche :<\/strong><\/p>\n<ul>\n<li>L\u2019ing\u00e9nierie proth\u00e9tique et tissulaire<\/li>\n<li>La biocompatibilit\u00e9<\/li>\n<\/ul>\n<p>Ces activit\u00e9s de recherche de l\u2019unit\u00e9 s\u2019ins\u00e8rent dans le programme HCERES (Haut Conseil de l\u2019\u00e9valuation de la recherche et de l\u2019enseignement sup\u00e9rieur) :<\/p>\n<ul>\n<li>SVE : Biologie, m\u00e9decine, sant\u00e9<\/li>\n<li>SVE5 : Physiologie, Physiopathologie, Cardiologie, Pharmacologie, Endocrinologie, Cancer, Technologies M\u00e9dicales<\/li>\n<li>SVE6 : Sant\u00e9 Publique, \u00c9pid\u00e9miologie, Recherche Clinique<\/li>\n<li>ST : Sciences et technologies<\/li>\n<li>ST5 : Sciences pour l\u2019ing\u00e9nieur<\/li>\n<li>ST4 : Chimie<\/li>\n<\/ul>\n<p>L\u2019URB2I est sous la tutelle d&rsquo;Universit\u00e9 Paris Cit\u00e9\u00a0 et de l\u2019Universit\u00e9 Paris 13.<\/p>\n<p>[\/et_pb_text][\/et_pb_column][et_pb_column type=\u00a0\u00bb1_4&Prime;][et_pb_text admin_label=\u00a0\u00bbCoordonn\u00e9es\u00a0\u00bb _builder_version=\u00a0\u00bb3.22.1&Prime; z_index_tablet=\u00a0\u00bb500&Prime; custom_margin=\u00a0\u00bb8px|||||\u00a0\u00bb background_color=\u00a0\u00bb#f2f2f2&Prime; custom_padding=\u00a0\u00bb1px||5px|10px\u00a0\u00bb text_font=\u00a0\u00bb||||||||\u00a0\u00bb link_font=\u00a0\u00bb||||on||||\u00a0\u00bb link_text_color=\u00a0\u00bb#8a1538&Prime; text_text_shadow_horizontal_length=\u00a0\u00bbtext_text_shadow_style,%91object Object%93&Prime; text_text_shadow_vertical_length=\u00a0\u00bbtext_text_shadow_style,%91object Object%93&Prime; text_text_shadow_blur_strength=\u00a0\u00bbtext_text_shadow_style,%91object Object%93&Prime; link_text_shadow_horizontal_length=\u00a0\u00bblink_text_shadow_style,%91object Object%93&Prime; link_text_shadow_vertical_length=\u00a0\u00bblink_text_shadow_style,%91object Object%93&Prime; link_text_shadow_blur_strength=\u00a0\u00bblink_text_shadow_style,%91object Object%93&Prime; ul_text_shadow_horizontal_length=\u00a0\u00bbul_text_shadow_style,%91object Object%93&Prime; ul_text_shadow_vertical_length=\u00a0\u00bbul_text_shadow_style,%91object Object%93&Prime; ul_text_shadow_blur_strength=\u00a0\u00bbul_text_shadow_style,%91object Object%93&Prime; ol_text_shadow_horizontal_length=\u00a0\u00bbol_text_shadow_style,%91object Object%93&Prime; ol_text_shadow_vertical_length=\u00a0\u00bbol_text_shadow_style,%91object Object%93&Prime; ol_text_shadow_blur_strength=\u00a0\u00bbol_text_shadow_style,%91object Object%93&Prime; quote_text_shadow_horizontal_length=\u00a0\u00bbquote_text_shadow_style,%91object Object%93&Prime; quote_text_shadow_vertical_length=\u00a0\u00bbquote_text_shadow_style,%91object Object%93&Prime; quote_text_shadow_blur_strength=\u00a0\u00bbquote_text_shadow_style,%91object Object%93&Prime; header_text_shadow_horizontal_length=\u00a0\u00bbheader_text_shadow_style,%91object Object%93&Prime; header_text_shadow_vertical_length=\u00a0\u00bbheader_text_shadow_style,%91object Object%93&Prime; header_text_shadow_blur_strength=\u00a0\u00bbheader_text_shadow_style,%91object Object%93&Prime; header_2_text_shadow_horizontal_length=\u00a0\u00bbheader_2_text_shadow_style,%91object Object%93&Prime; header_2_text_shadow_vertical_length=\u00a0\u00bbheader_2_text_shadow_style,%91object Object%93&Prime; header_2_text_shadow_blur_strength=\u00a0\u00bbheader_2_text_shadow_style,%91object Object%93&Prime; header_3_text_shadow_horizontal_length=\u00a0\u00bbheader_3_text_shadow_style,%91object Object%93&Prime; header_3_text_shadow_vertical_length=\u00a0\u00bbheader_3_text_shadow_style,%91object Object%93&Prime; header_3_text_shadow_blur_strength=\u00a0\u00bbheader_3_text_shadow_style,%91object Object%93&Prime; header_4_text_shadow_horizontal_length=\u00a0\u00bbheader_4_text_shadow_style,%91object Object%93&Prime; header_4_text_shadow_vertical_length=\u00a0\u00bbheader_4_text_shadow_style,%91object Object%93&Prime; header_4_text_shadow_blur_strength=\u00a0\u00bbheader_4_text_shadow_style,%91object Object%93&Prime; header_5_text_shadow_horizontal_length=\u00a0\u00bbheader_5_text_shadow_style,%91object Object%93&Prime; header_5_text_shadow_vertical_length=\u00a0\u00bbheader_5_text_shadow_style,%91object Object%93&Prime; header_5_text_shadow_blur_strength=\u00a0\u00bbheader_5_text_shadow_style,%91object Object%93&Prime; header_6_text_shadow_horizontal_length=\u00a0\u00bbheader_6_text_shadow_style,%91object Object%93&Prime; header_6_text_shadow_vertical_length=\u00a0\u00bbheader_6_text_shadow_style,%91object Object%93&Prime; header_6_text_shadow_blur_strength=\u00a0\u00bbheader_6_text_shadow_style,%91object Object%93&Prime;]<\/p>\n<h4>Coordonn\u00e9es<\/h4>\n<h5><strong>Laboratoire UR 4462 Biomat\u00e9riaux Innovants et Interfaces<\/strong><br \/>1 rue Maurice Arnoux<br \/>92120 Montrouge<\/h5>\n<h5>Directeur: <strong>Docteur Jean Pierre ATTAL<\/strong><br \/>Directeur adjoint: <strong>Docteur Laurent TAPIE<\/strong><\/h5>\n<h5>Secr\u00e9tariat :<a href=\"mailto:valentine.orgueil@wordpress-test.app.u-pariscite.fr\"> <strong>Valentine Orgueil<\/strong><\/a><br \/>T\u00e9l\u00e9phone : +33 1 58 07 67 25<\/h5>\n<p>[\/et_pb_text][\/et_pb_column][\/et_pb_row][\/et_pb_section][et_pb_section bb_built=\u00a0\u00bb1&Prime; _builder_version=\u00a0\u00bb3.22&Prime; custom_padding=\u00a0\u00bb0px||0px|\u00a0\u00bb prev_background_color=\u00a0\u00bb#000000&Prime;][et_pb_row _builder_version=\u00a0\u00bb3.22&Prime;][et_pb_column type=\u00a0\u00bb4_4&Prime;][et_pb_text admin_label=\u00a0\u00bb\u00c0 lire aussi\u00a0\u00bb _builder_version=\u00a0\u00bb3.21&Prime;]<\/p>\n<h2><span class=\"st\">\u00c0<\/span> lire aussi<\/h2>\n<p>[\/et_pb_text][et_pb_blog posts_number=\u00a0\u00bb4&Prime; include_categories=\u00a0\u00bb1&Prime; show_author=\u00a0\u00bboff\u00a0\u00bb show_date=\u00a0\u00bboff\u00a0\u00bb show_pagination=\u00a0\u00bboff\u00a0\u00bb module_id=\u00a0\u00bbpage_type_blog\u00a0\u00bb _builder_version=\u00a0\u00bb3.22.1&Prime; header_level=\u00a0\u00bbh4&Prime; border_width_bottom_fullwidth=\u00a0\u00bb1px\u00a0\u00bb border_color_bottom_fullwidth=\u00a0\u00bbrgba(51,51,51,0.18)\u00a0\u00bb custom_padding=\u00a0\u00bb||50px|\u00a0\u00bb z_index_tablet=\u00a0\u00bb500&Prime;]<\/p>\n<p><\/p>\n<p>[\/et_pb_blog][\/et_pb_column][\/et_pb_row][\/et_pb_section]<\/p>\n","protected":false},"excerpt":{"rendered":"<p>Le 1er janvier 2010,l\u2019URB2i a \u00e9t\u00e9 cr\u00e9\u00e9e au sein de l\u2019UFR d\u2019Odontologie d&rsquo;Universit\u00e9 Paris Cit\u00e9 pour soutenir la recherche universitaire dans le domaine des biomat\u00e9riaux dentaires. Aujourd\u2019hui l\u2019Unit\u00e9 de Recherche Biomat\u00e9riaux Innovants et Interfaces (URB2i) intervient tout au long du cycle de vie des biomat\u00e9riaux dentaires. L\u2019URB2i est pr\u00e9sente depuis l\u2019\u00e9laboration, la caract\u00e9risation, la mise&hellip; <a class=\"continue\" href=\"https:\/\/wordpress-test.app.u-pariscite.fr\/odontologie\/laboratoires\/laboratoires-ur-4462\/\">Lire la suite<span> Laboratoires UR 4462 Biomat\u00e9riaux Innovants et Interfaces<\/span><\/a><\/p>\n","protected":false},"author":35,"featured_media":0,"parent":130,"menu_order":0,"comment_status":"closed","ping_status":"closed","template":"","meta":{"_et_pb_use_builder":"on","_et_pb_old_content":"","_et_gb_content_width":"","footnotes":""},"class_list":["post-128","page","type-page","status-publish","hentry"],"_links":{"self":[{"href":"https:\/\/wordpress-test.app.u-pariscite.fr\/odontologie\/wp-json\/wp\/v2\/pages\/128","targetHints":{"allow":["GET"]}}],"collection":[{"href":"https:\/\/wordpress-test.app.u-pariscite.fr\/odontologie\/wp-json\/wp\/v2\/pages"}],"about":[{"href":"https:\/\/wordpress-test.app.u-pariscite.fr\/odontologie\/wp-json\/wp\/v2\/types\/page"}],"author":[{"embeddable":true,"href":"https:\/\/wordpress-test.app.u-pariscite.fr\/odontologie\/wp-json\/wp\/v2\/users\/35"}],"replies":[{"embeddable":true,"href":"https:\/\/wordpress-test.app.u-pariscite.fr\/odontologie\/wp-json\/wp\/v2\/comments?post=128"}],"version-history":[{"count":13,"href":"https:\/\/wordpress-test.app.u-pariscite.fr\/odontologie\/wp-json\/wp\/v2\/pages\/128\/revisions"}],"predecessor-version":[{"id":23284,"href":"https:\/\/wordpress-test.app.u-pariscite.fr\/odontologie\/wp-json\/wp\/v2\/pages\/128\/revisions\/23284"}],"up":[{"embeddable":true,"href":"https:\/\/wordpress-test.app.u-pariscite.fr\/odontologie\/wp-json\/wp\/v2\/pages\/130"}],"wp:attachment":[{"href":"https:\/\/wordpress-test.app.u-pariscite.fr\/odontologie\/wp-json\/wp\/v2\/media?parent=128"}],"curies":[{"name":"wp","href":"https:\/\/api.w.org\/{rel}","templated":true}]}}