{"id":9376,"date":"2020-08-31T13:39:11","date_gmt":"2020-08-31T11:39:11","guid":{"rendered":"https:\/\/wordpress-test.app.u-pariscite.fr\/medecine\/?page_id=9376"},"modified":"2024-11-29T16:46:26","modified_gmt":"2024-11-29T15:46:26","slug":"dfasm2","status":"publish","type":"page","link":"https:\/\/wordpress-test.app.u-pariscite.fr\/medecine\/formation-initiale\/dfasm2\/","title":{"rendered":"DFASM2"},"content":{"rendered":"<p>[et_pb_section bb_built=\u00a0\u00bb1&Prime; _builder_version=\u00a0\u00bb3.22&Prime; next_background_color=\u00a0\u00bb#000000&Prime;][et_pb_row _builder_version=\u00a0\u00bb3.22&Prime; background_size=\u00a0\u00bbinitial\u00a0\u00bb background_position=\u00a0\u00bbtop_left\u00a0\u00bb background_repeat=\u00a0\u00bbrepeat\u00a0\u00bb][et_pb_column type=\u00a0\u00bb4_4&Prime;][et_pb_post_title admin_label=\u00a0\u00bbTitre de la page\u00a0\u00bb meta=\u00a0\u00bboff\u00a0\u00bb featured_image=\u00a0\u00bboff\u00a0\u00bb _builder_version=\u00a0\u00bb3.19.11&Prime;]<\/p>\n<p>[\/et_pb_post_title][\/et_pb_column][\/et_pb_row][et_pb_row _builder_version=\u00a0\u00bb3.22&Prime; background_size=\u00a0\u00bbinitial\u00a0\u00bb background_position=\u00a0\u00bbtop_left\u00a0\u00bb background_repeat=\u00a0\u00bbrepeat\u00a0\u00bb][et_pb_column type=\u00a0\u00bb3_4&Prime;][et_pb_toggle admin_label=\u00a0\u00bbProgramme et r\u00e8glement\u00a0\u00bb title=\u00a0\u00bbProgramme et r\u00e8glement\u00a0\u00bb _builder_version=\u00a0\u00bb3.22.1&Prime; z_index_tablet=\u00a0\u00bb500&Prime; text_shadow_horizontal_length=\u00a0\u00bbtext_shadow_style,%91object Object%93&Prime; text_shadow_vertical_length=\u00a0\u00bbtext_shadow_style,%91object Object%93&Prime; text_shadow_blur_strength=\u00a0\u00bbtext_shadow_style,%91object Object%93&Prime; title_text_shadow_horizontal_length=\u00a0\u00bbtitle_text_shadow_style,%91object Object%93&Prime; title_text_shadow_vertical_length=\u00a0\u00bbtitle_text_shadow_style,%91object Object%93&Prime; title_text_shadow_blur_strength=\u00a0\u00bbtitle_text_shadow_style,%91object Object%93&Prime; body_text_shadow_horizontal_length=\u00a0\u00bbbody_text_shadow_style,%91object Object%93&Prime; body_text_shadow_vertical_length=\u00a0\u00bbbody_text_shadow_style,%91object Object%93&Prime; body_text_shadow_blur_strength=\u00a0\u00bbbody_text_shadow_style,%91object Object%93&Prime;]<\/p>\n<h4>Programme \/ Organisation \/ Modalit\u00e9s de contr\u00f4le de connaissances<\/h4>\n<p><strong><a href=\"https:\/\/wordpress-test.app.u-pariscite.fr\/medecine\/wp-content\/uploads\/sites\/24\/2024\/09\/RDE-DFASM2-sign\u00e9.pdf\" target=\"_blank\" rel=\"noopener noreferrer\">R\u00e8glement des \u00e9tudes DFASM2 \u2013 2024-2025 (version valid\u00e9e sign\u00e9e)<\/a><\/strong><\/p>\n<p>[\/et_pb_toggle][et_pb_toggle admin_label=\u00a0\u00bbCalendrier  2024-2025&Prime; title=\u00a0\u00bbCalendrier  2024-2025&Prime; _builder_version=\u00a0\u00bb3.22.1&Prime; z_index_tablet=\u00a0\u00bb500&Prime; text_shadow_horizontal_length=\u00a0\u00bbtext_shadow_style,%91object Object%93&Prime; text_shadow_vertical_length=\u00a0\u00bbtext_shadow_style,%91object Object%93&Prime; text_shadow_blur_strength=\u00a0\u00bbtext_shadow_style,%91object Object%93&Prime; title_text_shadow_horizontal_length=\u00a0\u00bbtitle_text_shadow_style,%91object Object%93&Prime; title_text_shadow_vertical_length=\u00a0\u00bbtitle_text_shadow_style,%91object Object%93&Prime; title_text_shadow_blur_strength=\u00a0\u00bbtitle_text_shadow_style,%91object Object%93&Prime; body_text_shadow_horizontal_length=\u00a0\u00bbbody_text_shadow_style,%91object Object%93&Prime; body_text_shadow_vertical_length=\u00a0\u00bbbody_text_shadow_style,%91object Object%93&Prime; body_text_shadow_blur_strength=\u00a0\u00bbbody_text_shadow_style,%91object Object%93&Prime;]<\/p>\n<div>\n<h4>Calendrier pr\u00e9visionnel 2024-2025 (les dates indiqu\u00e9es sont susceptibles de modifications)<\/h4>\n<\/div>\n<p>&nbsp;<\/p>\n<ul>\n<li><strong>Webinaire de Pr\u00e9-rentr\u00e9e DFASM2 le 03 septembre 2024 \u00e0 14h en distanciel par zoom<br \/><\/strong>\n<p><strong>Lien : <a href=\"https:\/\/u-paris.zoom.us\/j\/82166888433?pwd=ekk0eDVRTytxUytXSmw0MTAwRWVBdz09\" target=\"_blank\" rel=\"noopener noreferrer\">https:\/\/u-paris.zoom.us\/j\/82166888433?pwd=ekk0eDVRTytxUytXSmw0MTAwRWVBdz09<\/a><\/strong><br \/><strong>Code secret<\/strong> :<\/p>\n<p><strong><br \/>Les enregistrements DFASM2 seront disponible sur Moodle<\/strong><\/p>\n<\/li>\n<\/ul>\n<p>&nbsp;<\/p>\n<p><strong>\u00a0<\/strong><strong>Veuillez cliquer sur le lien ci-dessous afin de rejoindre le webinaire<\/strong><strong>\u00a0: <\/strong><\/p>\n<p><strong>lien \u00e0 venir<\/strong><\/p>\n<p><strong>Code secret\u00a0:<br \/><\/strong><strong>N\u00ba du webinaire : <br \/><\/strong><\/p>\n<div><a href=\"https:\/\/wordpress-test.app.u-pariscite.fr\/medecine\/medecine\/\">Retrouvez l&rsquo;enregistrement dans le menu d\u00e9roulant des enregistrement de webinaires<\/a><\/div>\n<div>\u00a0<\/div>\n<div>ECOS entrainement sur Zoom : le 6 septembre 2024<\/div>\n<div>\u00a0<\/div>\n<ul>\n<li><strong>\u00a0Rentr\u00e9e le 9 septembre 2024<br \/><\/strong><\/li>\n<\/ul>\n<h4><strong><br \/>Trimestre 1<\/strong><\/h4>\n<div>\u00a0<\/div>\n<div>\n<div>\uf0a7 Choix UE LIBRE (MOA) : 16 et 17 septembre 2024<\/div>\n<div>\uf0a7 1er cours d&rsquo;UE Libre MOA le 02 octobre 2024<\/div>\n<div>\u00a0<\/div>\n<\/div>\n<ul>\n<li>Stage 1 :<\/li>\n<\/ul>\n<div>\uf0a7 Campagne de choix : 29 ao\u00fbt <strong>\u00e0 midi<\/strong> au 02 septembre \u00e0 midi<\/div>\n<div>\uf0a7 P\u00e9riode Stage 1 : du lundi 9 septembre au dimanche 24 novembre 2024<\/div>\n<div>\u00a0<\/div>\n<ul>\n<li>Examen de 1er trimestre<\/li>\n<\/ul>\n<div>\uf0a7 R\u00e9visions du 7 au 14 novembre 2024<\/div>\n<div>\uf0a7 Examens le 15 et du 18 au 22 novembre 2024<\/div>\n<div>\u00a0<\/div>\n<div>\n<p>EDNp\u00a0 : du mercredi 04 au jeudi 05 septembre 2024 en distanciel<\/p>\n<\/div>\n<div>\n<h4><strong><br \/>Trimestre 2<\/strong><\/h4>\n<ul>\n<li>Stage 2 :<\/li>\n<\/ul>\n<\/div>\n<div>\uf0a7 P\u00e9riode du stage 2 : du lundi 25 novembre 2024 au dimanche 23 f\u00e9vrier 2025<\/div>\n<div>\n<p>EDN Ile de France : 9 et 10 d\u00e9cembre 2024 (en distanciel)<\/p>\n<\/div>\n<ul>\n<li>\n<p>CCC1 sous format ECOS : le 11 d\u00e9cembre 2024 (au titre du DFASM1 2023-2024 pour les \u00e9tudiants admis en DFASM2 en 2024-2025)<\/p>\n<\/li>\n<\/ul>\n<p><strong>Examens de 2nd trimestre :<\/strong><\/p>\n<ul>\n<li>\u00a0R\u00e9visions du 6 au 13 f\u00e9vrier 2025<\/li>\n<li>\u00a0Examens le 14 f\u00e9vrier et 17 au 21 f\u00e9vrier 2025<\/li>\n<\/ul>\n<div>\n<div>\u00a0<\/div>\n<h4><strong>Trimestre 3<\/strong><\/h4>\n<ul>\n<li>Stage 3 :<\/li>\n<\/ul>\n<\/div>\n<div>\uf0a7 P\u00e9riode du stage 3 : du lundi 24 f\u00e9vrier au dimanche 18 mai 2025<\/div>\n<div>\u00a0<\/div>\n<div>EDN Ile de France (hybride) : 30 mars et 01 avril 2025 ( \u00e0 confirmer)<\/div>\n<div>\u00a0<\/div>\n<div>\u00a0<\/div>\n<div><strong>Examen de 3\u00e8me trimestre :\u00a0<\/strong><\/div>\n<div>\n<div>\uf0a7 R\u00e9visions du 2 au 8 mai 2025<\/div>\n<div>\uf0a7 Examens du 9 mai au 16 mai 2025 (UE hors &#8211; p\u00f4les et LCA le 9 mai 2025)<\/div>\n<h4>\u00a0<\/h4>\n<h4>Trimestre 4<\/h4>\n<\/div>\n<div>\n<div>\n<ul>\n<li>\u00a0Stage 4 :<strong><br \/><\/strong><\/li>\n<\/ul>\n<\/div>\n<div>\uf0a7 Campagne de choix : dates \u00e0 d\u00e9terminer<\/div>\n<div>\uf0a7 P\u00e9riode du stage 4 : du lundi 19 mai au dimanche 13 juillet 2025<\/div>\n<\/div>\n<ul>\n<li>\n<p>CCC2 sous format E.C.O.S : le 27 Mai 2025<\/p>\n<\/li>\n<li><strong>Examens Session 2 (rattrapages) : 30 juin au 04 juillet 2025<br \/><\/strong><\/li>\n<\/ul>\n<p>EDN pr\u00e9paratoire en pr\u00e9sentiel : dates \u00e0 venir<\/p>\n<p>[\/et_pb_toggle][et_pb_toggle admin_label=\u00a0\u00bbStages\u00a0\u00bb title=\u00a0\u00bbStages\u00a0\u00bb _builder_version=\u00a0\u00bb3.22.1&Prime; z_index_tablet=\u00a0\u00bb500&Prime; text_shadow_horizontal_length=\u00a0\u00bbtext_shadow_style,%91object Object%93&Prime; text_shadow_vertical_length=\u00a0\u00bbtext_shadow_style,%91object Object%93&Prime; text_shadow_blur_strength=\u00a0\u00bbtext_shadow_style,%91object Object%93&Prime; title_text_shadow_horizontal_length=\u00a0\u00bbtitle_text_shadow_style,%91object Object%93&Prime; title_text_shadow_vertical_length=\u00a0\u00bbtitle_text_shadow_style,%91object Object%93&Prime; title_text_shadow_blur_strength=\u00a0\u00bbtitle_text_shadow_style,%91object Object%93&Prime; body_text_shadow_horizontal_length=\u00a0\u00bbbody_text_shadow_style,%91object Object%93&Prime; body_text_shadow_vertical_length=\u00a0\u00bbbody_text_shadow_style,%91object Object%93&Prime; body_text_shadow_blur_strength=\u00a0\u00bbbody_text_shadow_style,%91object Object%93&Prime;]<\/p>\n<p><a href=\"https:\/\/wordpress-test.app.u-pariscite.fr\/medecine\/wp-content\/uploads\/sites\/24\/2024\/09\/Charte-des-stages-et-gardes-2024-2025-A1-A2-A3-PDF.pdf\" target=\"_blank\" rel=\"noopener noreferrer\"><strong><a href=\"https:\/\/wordpress-test.app.u-pariscite.fr\/medecine\/wp-content\/uploads\/sites\/24\/2024\/11\/Charte-des-stages-et-gardes-2024-2025-modifi\u00e9.pdf\" target=\"_blank\" rel=\"noopener noreferrer\">Charte des Stages et gardes &#8211; 2024-2025<\/a><\/strong><\/a><\/p>\n<p>[\/et_pb_toggle][et_pb_toggle admin_label=\u00a0\u00bbMobilit\u00e9s internationales \u00a0\u00bb title=\u00a0\u00bbMobilit\u00e9s internationales \u00a0\u00bb _builder_version=\u00a0\u00bb3.22.1&Prime; z_index_tablet=\u00a0\u00bb500&Prime; text_shadow_horizontal_length=\u00a0\u00bbtext_shadow_style,%91object Object%93&Prime; text_shadow_vertical_length=\u00a0\u00bbtext_shadow_style,%91object Object%93&Prime; text_shadow_blur_strength=\u00a0\u00bbtext_shadow_style,%91object Object%93&Prime; title_text_shadow_horizontal_length=\u00a0\u00bbtitle_text_shadow_style,%91object Object%93&Prime; title_text_shadow_vertical_length=\u00a0\u00bbtitle_text_shadow_style,%91object Object%93&Prime; title_text_shadow_blur_strength=\u00a0\u00bbtitle_text_shadow_style,%91object Object%93&Prime; body_text_shadow_horizontal_length=\u00a0\u00bbbody_text_shadow_style,%91object Object%93&Prime; body_text_shadow_vertical_length=\u00a0\u00bbbody_text_shadow_style,%91object Object%93&Prime; body_text_shadow_blur_strength=\u00a0\u00bbbody_text_shadow_style,%91object Object%93&Prime;]<\/p>\n<p>A chaque ann\u00e9e de votre cursus, le Bureau des Relations Internationales (BRI) de l&rsquo;UFR vous offre des opportunit\u00e9s de mobilit\u00e9s internationales.\u00a0<\/p>\n<p><a href=\"https:\/\/wordpress-test.app.u-pariscite.fr\/medecine\/partir-a-linternational\/\" target=\"_blank\" rel=\"noopener noreferrer\"><strong>Consultez notre page \u00a0\u00bb Partir \u00e0 l&rsquo;international \u00ab\u00a0<\/strong><\/a><\/p>\n<p>[\/et_pb_toggle][\/et_pb_column][et_pb_column type=\u00a0\u00bb1_4&Prime;][et_pb_text _builder_version=\u00a0\u00bb3.22.1&Prime; background_color=\u00a0\u00bb#8a1538&Prime; background_layout=\u00a0\u00bbdark\u00a0\u00bb custom_margin=\u00a0\u00bb43px|||\u00a0\u00bb custom_padding=\u00a0\u00bb17px||7px|15px|false\u00a0\u00bb z_index_tablet=\u00a0\u00bb500&Prime;]<\/p>\n<h5 style=\"text-align: center\"><a href=\"https:\/\/wordpress-test.app.u-pariscite.fr\/medecine\/sites-et-contacts\/\"><strong>Contact scolarit\u00e9<\/strong><\/a><\/h5>\n<p>[\/et_pb_text][et_pb_text _builder_version=\u00a0\u00bb3.22.1&Prime; background_color=\u00a0\u00bb#8a1538&Prime; background_layout=\u00a0\u00bbdark\u00a0\u00bb custom_margin=\u00a0\u00bb20px|||\u00a0\u00bb custom_padding=\u00a0\u00bb17px||7px|15px|false\u00a0\u00bb z_index_tablet=\u00a0\u00bb500&Prime;]<\/p>\n<h5 style=\"text-align: center\"><strong><a href=\"https:\/\/wordpress-test.app.u-pariscite.fr\/medecine\/les-outils-etudiants\/\">Vos outils \u00e9tudiants<\/a><\/strong><\/h5>\n<p>[\/et_pb_text][et_pb_text _builder_version=\u00a0\u00bb3.22.1&Prime; background_color=\u00a0\u00bb#8a1538&Prime; background_layout=\u00a0\u00bbdark\u00a0\u00bb custom_margin=\u00a0\u00bb20px|||\u00a0\u00bb custom_padding=\u00a0\u00bb17px||7px|15px|false\u00a0\u00bb z_index_tablet=\u00a0\u00bb500&Prime; text_text_shadow_horizontal_length=\u00a0\u00bbtext_text_shadow_style,%91object Object%93&Prime; text_text_shadow_vertical_length=\u00a0\u00bbtext_text_shadow_style,%91object Object%93&Prime; text_text_shadow_blur_strength=\u00a0\u00bbtext_text_shadow_style,%91object Object%93&Prime; link_text_shadow_horizontal_length=\u00a0\u00bblink_text_shadow_style,%91object Object%93&Prime; link_text_shadow_vertical_length=\u00a0\u00bblink_text_shadow_style,%91object Object%93&Prime; link_text_shadow_blur_strength=\u00a0\u00bblink_text_shadow_style,%91object Object%93&Prime; ul_text_shadow_horizontal_length=\u00a0\u00bbul_text_shadow_style,%91object Object%93&Prime; ul_text_shadow_vertical_length=\u00a0\u00bbul_text_shadow_style,%91object Object%93&Prime; ul_text_shadow_blur_strength=\u00a0\u00bbul_text_shadow_style,%91object Object%93&Prime; ol_text_shadow_horizontal_length=\u00a0\u00bbol_text_shadow_style,%91object Object%93&Prime; ol_text_shadow_vertical_length=\u00a0\u00bbol_text_shadow_style,%91object Object%93&Prime; ol_text_shadow_blur_strength=\u00a0\u00bbol_text_shadow_style,%91object Object%93&Prime; quote_text_shadow_horizontal_length=\u00a0\u00bbquote_text_shadow_style,%91object Object%93&Prime; quote_text_shadow_vertical_length=\u00a0\u00bbquote_text_shadow_style,%91object Object%93&Prime; quote_text_shadow_blur_strength=\u00a0\u00bbquote_text_shadow_style,%91object Object%93&Prime; header_text_shadow_horizontal_length=\u00a0\u00bbheader_text_shadow_style,%91object Object%93&Prime; header_text_shadow_vertical_length=\u00a0\u00bbheader_text_shadow_style,%91object Object%93&Prime; header_text_shadow_blur_strength=\u00a0\u00bbheader_text_shadow_style,%91object Object%93&Prime; header_2_text_shadow_horizontal_length=\u00a0\u00bbheader_2_text_shadow_style,%91object Object%93&Prime; header_2_text_shadow_vertical_length=\u00a0\u00bbheader_2_text_shadow_style,%91object Object%93&Prime; header_2_text_shadow_blur_strength=\u00a0\u00bbheader_2_text_shadow_style,%91object Object%93&Prime; header_3_text_shadow_horizontal_length=\u00a0\u00bbheader_3_text_shadow_style,%91object Object%93&Prime; header_3_text_shadow_vertical_length=\u00a0\u00bbheader_3_text_shadow_style,%91object Object%93&Prime; header_3_text_shadow_blur_strength=\u00a0\u00bbheader_3_text_shadow_style,%91object Object%93&Prime; header_4_text_shadow_horizontal_length=\u00a0\u00bbheader_4_text_shadow_style,%91object Object%93&Prime; header_4_text_shadow_vertical_length=\u00a0\u00bbheader_4_text_shadow_style,%91object Object%93&Prime; header_4_text_shadow_blur_strength=\u00a0\u00bbheader_4_text_shadow_style,%91object Object%93&Prime; header_5_text_shadow_horizontal_length=\u00a0\u00bbheader_5_text_shadow_style,%91object Object%93&Prime; header_5_text_shadow_vertical_length=\u00a0\u00bbheader_5_text_shadow_style,%91object Object%93&Prime; header_5_text_shadow_blur_strength=\u00a0\u00bbheader_5_text_shadow_style,%91object Object%93&Prime; header_6_text_shadow_horizontal_length=\u00a0\u00bbheader_6_text_shadow_style,%91object Object%93&Prime; header_6_text_shadow_vertical_length=\u00a0\u00bbheader_6_text_shadow_style,%91object Object%93&Prime; header_6_text_shadow_blur_strength=\u00a0\u00bbheader_6_text_shadow_style,%91object Object%93&Prime;]<\/p>\n<h5 style=\"text-align: center\"><strong><a href=\"https:\/\/wordpress-test.app.u-pariscite.fr\/medecine\/vos-demarches\/\">Vos d\u00e9marches<\/a><\/strong><\/h5>\n<p>[\/et_pb_text][\/et_pb_column][\/et_pb_row][\/et_pb_section][et_pb_section bb_built=\u00a0\u00bb1&Prime; _builder_version=\u00a0\u00bb3.22.1&Prime; inner_width_tablet=\u00a0\u00bb50px\u00a0\u00bb inner_max_width_tablet=\u00a0\u00bb50px\u00a0\u00bb custom_padding=\u00a0\u00bb30px||0px|\u00a0\u00bb z_index_tablet=\u00a0\u00bb500&Prime; prev_background_color=\u00a0\u00bb#000000&Prime;][et_pb_row _builder_version=\u00a0\u00bb3.22&Prime;][et_pb_column type=\u00a0\u00bb4_4&Prime;][et_pb_text admin_label=\u00a0\u00bb\u00c0 lire aussi\u00a0\u00bb _builder_version=\u00a0\u00bb3.21&Prime;]<\/p>\n<h2><span class=\"st\">\u00c0<\/span> lire aussi<\/h2>\n<p>[\/et_pb_text][et_pb_blog posts_number=\u00a0\u00bb4&Prime; include_categories=\u00a0\u00bb13&Prime; show_author=\u00a0\u00bboff\u00a0\u00bb show_date=\u00a0\u00bboff\u00a0\u00bb show_pagination=\u00a0\u00bboff\u00a0\u00bb module_id=\u00a0\u00bbpage_type_blog\u00a0\u00bb _builder_version=\u00a0\u00bb3.21&Prime; header_level=\u00a0\u00bbh4&Prime; border_width_bottom_fullwidth=\u00a0\u00bb1px\u00a0\u00bb border_color_bottom_fullwidth=\u00a0\u00bbrgba(51,51,51,0.18)\u00a0\u00bb custom_padding=\u00a0\u00bb||50px|\u00a0\u00bb]<\/p>\n<p>[\/et_pb_blog][\/et_pb_column][\/et_pb_row][\/et_pb_section]<\/p>\n","protected":false},"excerpt":{"rendered":"<p>Programme \/ Organisation \/ Modalit\u00e9s de contr\u00f4le de connaissances R\u00e8glement des \u00e9tudes DFASM2 \u2013 2024-2025 (version valid\u00e9e sign\u00e9e) Calendrier pr\u00e9visionnel 2024-2025 (les dates indiqu\u00e9es sont susceptibles de modifications) &nbsp; Webinaire de Pr\u00e9-rentr\u00e9e DFASM2 le 03 septembre 2024 \u00e0 14h en distanciel par zoom Lien : https:\/\/u-paris.zoom.us\/j\/82166888433?pwd=ekk0eDVRTytxUytXSmw0MTAwRWVBdz09Code secret : Les enregistrements DFASM2 seront disponible sur Moodle&hellip; <a class=\"continue\" href=\"https:\/\/wordpress-test.app.u-pariscite.fr\/medecine\/formation-initiale\/dfasm2\/\">Lire la suite<span> DFASM2<\/span><\/a><\/p>\n","protected":false},"author":35,"featured_media":0,"parent":9409,"menu_order":0,"comment_status":"closed","ping_status":"closed","template":"","meta":{"_et_pb_use_builder":"on","_et_pb_old_content":"","_et_gb_content_width":"","footnotes":""},"class_list":["post-9376","page","type-page","status-publish","hentry"],"_links":{"self":[{"href":"https:\/\/wordpress-test.app.u-pariscite.fr\/medecine\/wp-json\/wp\/v2\/pages\/9376","targetHints":{"allow":["GET"]}}],"collection":[{"href":"https:\/\/wordpress-test.app.u-pariscite.fr\/medecine\/wp-json\/wp\/v2\/pages"}],"about":[{"href":"https:\/\/wordpress-test.app.u-pariscite.fr\/medecine\/wp-json\/wp\/v2\/types\/page"}],"author":[{"embeddable":true,"href":"https:\/\/wordpress-test.app.u-pariscite.fr\/medecine\/wp-json\/wp\/v2\/users\/35"}],"replies":[{"embeddable":true,"href":"https:\/\/wordpress-test.app.u-pariscite.fr\/medecine\/wp-json\/wp\/v2\/comments?post=9376"}],"version-history":[{"count":119,"href":"https:\/\/wordpress-test.app.u-pariscite.fr\/medecine\/wp-json\/wp\/v2\/pages\/9376\/revisions"}],"predecessor-version":[{"id":29589,"href":"https:\/\/wordpress-test.app.u-pariscite.fr\/medecine\/wp-json\/wp\/v2\/pages\/9376\/revisions\/29589"}],"up":[{"embeddable":true,"href":"https:\/\/wordpress-test.app.u-pariscite.fr\/medecine\/wp-json\/wp\/v2\/pages\/9409"}],"wp:attachment":[{"href":"https:\/\/wordpress-test.app.u-pariscite.fr\/medecine\/wp-json\/wp\/v2\/media?parent=9376"}],"curies":[{"name":"wp","href":"https:\/\/api.w.org\/{rel}","templated":true}]}}