{"id":29438,"date":"2024-09-27T11:55:12","date_gmt":"2024-09-27T09:55:12","guid":{"rendered":"https:\/\/wordpress-test.app.u-pariscite.fr\/medecine\/?page_id=29438"},"modified":"2024-09-27T12:57:36","modified_gmt":"2024-09-27T10:57:36","slug":"taxe-dapprentissage","status":"publish","type":"page","link":"https:\/\/wordpress-test.app.u-pariscite.fr\/medecine\/taxe-dapprentissage\/","title":{"rendered":"Taxe d\u2019apprentissage"},"content":{"rendered":"<p>[et_pb_section bb_built=\u00a0\u00bb1&Prime; next_background_color=\u00a0\u00bb#000000&Prime; inner_width=\u00a0\u00bbauto\u00a0\u00bb inner_max_width=\u00a0\u00bbnone\u00a0\u00bb][et_pb_row][et_pb_column type=\u00a0\u00bb4_4&Prime;][et_pb_post_title admin_label=\u00a0\u00bbTitre de la page\u00a0\u00bb _builder_version=\u00a0\u00bb3.22.1&Prime; meta=\u00a0\u00bboff\u00a0\u00bb featured_image=\u00a0\u00bboff\u00a0\u00bb text_shadow_horizontal_length=\u00a0\u00bbtext_shadow_style,%91object Object%93&Prime; text_shadow_vertical_length=\u00a0\u00bbtext_shadow_style,%91object Object%93&Prime; text_shadow_blur_strength=\u00a0\u00bbtext_shadow_style,%91object Object%93&Prime; title_text_shadow_horizontal_length=\u00a0\u00bbtitle_text_shadow_style,%91object Object%93&Prime; title_text_shadow_vertical_length=\u00a0\u00bbtitle_text_shadow_style,%91object Object%93&Prime; title_text_shadow_blur_strength=\u00a0\u00bbtitle_text_shadow_style,%91object Object%93&Prime; meta_text_shadow_horizontal_length=\u00a0\u00bbmeta_text_shadow_style,%91object Object%93&Prime; meta_text_shadow_vertical_length=\u00a0\u00bbmeta_text_shadow_style,%91object Object%93&Prime; meta_text_shadow_blur_strength=\u00a0\u00bbmeta_text_shadow_style,%91object Object%93&Prime; z_index_tablet=\u00a0\u00bb500&Prime; \/][\/et_pb_column][\/et_pb_row][et_pb_row][et_pb_column type=\u00a0\u00bb3_4&Prime;][et_pb_image admin_label=\u00a0\u00bbImage 1920 x 1080&Prime; _builder_version=\u00a0\u00bb3.22.1&Prime; src=\u00a0\u00bbhttps:\/\/wordpress-test.app.u-pariscite.fr\/medecine\/wp-content\/uploads\/sites\/24\/2024\/09\/TA.png\u00a0\u00bb module_id=\u00a0\u00bbimage-page\u00a0\u00bb z_index_tablet=\u00a0\u00bb500&Prime; \/][\/et_pb_column][et_pb_column type=\u00a0\u00bb1_4&Prime;][et_pb_text admin_label=\u00a0\u00bbTexte image\u00a0\u00bb _builder_version=\u00a0\u00bb3.22.1&Prime; module_id=\u00a0\u00bbtexte-image\u00a0\u00bb custom_margin=\u00a0\u00bb|-15px||\u00a0\u00bb text_text_shadow_horizontal_length=\u00a0\u00bbtext_text_shadow_style,%91object Object%93&Prime; text_text_shadow_vertical_length=\u00a0\u00bbtext_text_shadow_style,%91object Object%93&Prime; text_text_shadow_blur_strength=\u00a0\u00bbtext_text_shadow_style,%91object Object%93&Prime; link_text_shadow_horizontal_length=\u00a0\u00bblink_text_shadow_style,%91object Object%93&Prime; link_text_shadow_vertical_length=\u00a0\u00bblink_text_shadow_style,%91object Object%93&Prime; link_text_shadow_blur_strength=\u00a0\u00bblink_text_shadow_style,%91object Object%93&Prime; ul_text_shadow_horizontal_length=\u00a0\u00bbul_text_shadow_style,%91object Object%93&Prime; ul_text_shadow_vertical_length=\u00a0\u00bbul_text_shadow_style,%91object Object%93&Prime; ul_text_shadow_blur_strength=\u00a0\u00bbul_text_shadow_style,%91object Object%93&Prime; ol_text_shadow_horizontal_length=\u00a0\u00bbol_text_shadow_style,%91object Object%93&Prime; ol_text_shadow_vertical_length=\u00a0\u00bbol_text_shadow_style,%91object Object%93&Prime; ol_text_shadow_blur_strength=\u00a0\u00bbol_text_shadow_style,%91object Object%93&Prime; quote_text_shadow_horizontal_length=\u00a0\u00bbquote_text_shadow_style,%91object Object%93&Prime; quote_text_shadow_vertical_length=\u00a0\u00bbquote_text_shadow_style,%91object Object%93&Prime; quote_text_shadow_blur_strength=\u00a0\u00bbquote_text_shadow_style,%91object Object%93&Prime; header_text_shadow_horizontal_length=\u00a0\u00bbheader_text_shadow_style,%91object Object%93&Prime; header_text_shadow_vertical_length=\u00a0\u00bbheader_text_shadow_style,%91object Object%93&Prime; header_text_shadow_blur_strength=\u00a0\u00bbheader_text_shadow_style,%91object Object%93&Prime; header_2_text_shadow_horizontal_length=\u00a0\u00bbheader_2_text_shadow_style,%91object Object%93&Prime; header_2_text_shadow_vertical_length=\u00a0\u00bbheader_2_text_shadow_style,%91object Object%93&Prime; header_2_text_shadow_blur_strength=\u00a0\u00bbheader_2_text_shadow_style,%91object Object%93&Prime; header_3_text_shadow_horizontal_length=\u00a0\u00bbheader_3_text_shadow_style,%91object Object%93&Prime; header_3_text_shadow_vertical_length=\u00a0\u00bbheader_3_text_shadow_style,%91object Object%93&Prime; header_3_text_shadow_blur_strength=\u00a0\u00bbheader_3_text_shadow_style,%91object Object%93&Prime; header_4_text_shadow_horizontal_length=\u00a0\u00bbheader_4_text_shadow_style,%91object Object%93&Prime; header_4_text_shadow_vertical_length=\u00a0\u00bbheader_4_text_shadow_style,%91object Object%93&Prime; header_4_text_shadow_blur_strength=\u00a0\u00bbheader_4_text_shadow_style,%91object Object%93&Prime; header_5_text_shadow_horizontal_length=\u00a0\u00bbheader_5_text_shadow_style,%91object Object%93&Prime; header_5_text_shadow_vertical_length=\u00a0\u00bbheader_5_text_shadow_style,%91object Object%93&Prime; header_5_text_shadow_blur_strength=\u00a0\u00bbheader_5_text_shadow_style,%91object Object%93&Prime; header_6_text_shadow_horizontal_length=\u00a0\u00bbheader_6_text_shadow_style,%91object Object%93&Prime; header_6_text_shadow_vertical_length=\u00a0\u00bbheader_6_text_shadow_style,%91object Object%93&Prime; header_6_text_shadow_blur_strength=\u00a0\u00bbheader_6_text_shadow_style,%91object Object%93&Prime; z_index_tablet=\u00a0\u00bb500&Prime; \/][\/et_pb_column][\/et_pb_row][et_pb_row][et_pb_column type=\u00a0\u00bb3_4&Prime;][et_pb_text _builder_version=\u00a0\u00bb3.22.1&Prime; module_id=\u00a0\u00bbcontenu\u00a0\u00bb text_text_shadow_horizontal_length=\u00a0\u00bbtext_text_shadow_style,%91object Object%93&Prime; text_text_shadow_vertical_length=\u00a0\u00bbtext_text_shadow_style,%91object Object%93&Prime; text_text_shadow_blur_strength=\u00a0\u00bbtext_text_shadow_style,%91object Object%93&Prime; link_text_shadow_horizontal_length=\u00a0\u00bblink_text_shadow_style,%91object Object%93&Prime; link_text_shadow_vertical_length=\u00a0\u00bblink_text_shadow_style,%91object Object%93&Prime; link_text_shadow_blur_strength=\u00a0\u00bblink_text_shadow_style,%91object Object%93&Prime; ul_text_shadow_horizontal_length=\u00a0\u00bbul_text_shadow_style,%91object Object%93&Prime; ul_text_shadow_vertical_length=\u00a0\u00bbul_text_shadow_style,%91object Object%93&Prime; ul_text_shadow_blur_strength=\u00a0\u00bbul_text_shadow_style,%91object Object%93&Prime; ol_text_shadow_horizontal_length=\u00a0\u00bbol_text_shadow_style,%91object Object%93&Prime; ol_text_shadow_vertical_length=\u00a0\u00bbol_text_shadow_style,%91object Object%93&Prime; ol_text_shadow_blur_strength=\u00a0\u00bbol_text_shadow_style,%91object Object%93&Prime; quote_text_shadow_horizontal_length=\u00a0\u00bbquote_text_shadow_style,%91object Object%93&Prime; quote_text_shadow_vertical_length=\u00a0\u00bbquote_text_shadow_style,%91object Object%93&Prime; quote_text_shadow_blur_strength=\u00a0\u00bbquote_text_shadow_style,%91object Object%93&Prime; header_text_shadow_horizontal_length=\u00a0\u00bbheader_text_shadow_style,%91object Object%93&Prime; header_text_shadow_vertical_length=\u00a0\u00bbheader_text_shadow_style,%91object Object%93&Prime; header_text_shadow_blur_strength=\u00a0\u00bbheader_text_shadow_style,%91object Object%93&Prime; header_2_text_shadow_horizontal_length=\u00a0\u00bbheader_2_text_shadow_style,%91object Object%93&Prime; header_2_text_shadow_vertical_length=\u00a0\u00bbheader_2_text_shadow_style,%91object Object%93&Prime; header_2_text_shadow_blur_strength=\u00a0\u00bbheader_2_text_shadow_style,%91object Object%93&Prime; header_3_text_shadow_horizontal_length=\u00a0\u00bbheader_3_text_shadow_style,%91object Object%93&Prime; header_3_text_shadow_vertical_length=\u00a0\u00bbheader_3_text_shadow_style,%91object Object%93&Prime; header_3_text_shadow_blur_strength=\u00a0\u00bbheader_3_text_shadow_style,%91object Object%93&Prime; header_4_text_shadow_horizontal_length=\u00a0\u00bbheader_4_text_shadow_style,%91object Object%93&Prime; header_4_text_shadow_vertical_length=\u00a0\u00bbheader_4_text_shadow_style,%91object Object%93&Prime; header_4_text_shadow_blur_strength=\u00a0\u00bbheader_4_text_shadow_style,%91object Object%93&Prime; header_5_text_shadow_horizontal_length=\u00a0\u00bbheader_5_text_shadow_style,%91object Object%93&Prime; header_5_text_shadow_vertical_length=\u00a0\u00bbheader_5_text_shadow_style,%91object Object%93&Prime; header_5_text_shadow_blur_strength=\u00a0\u00bbheader_5_text_shadow_style,%91object Object%93&Prime; header_6_text_shadow_horizontal_length=\u00a0\u00bbheader_6_text_shadow_style,%91object Object%93&Prime; header_6_text_shadow_vertical_length=\u00a0\u00bbheader_6_text_shadow_style,%91object Object%93&Prime; header_6_text_shadow_blur_strength=\u00a0\u00bbheader_6_text_shadow_style,%91object Object%93&Prime; z_index_tablet=\u00a0\u00bb500&Prime;]<\/p>\n<div class=\"page\" title=\"Page 1\">\n<div class=\"layoutArea\">\n<div class=\"column\">\n<p>Aujourd\u2019hui, vous pouvez donner les moyens \u00e0 l\u2019UFR de M\u00e9decine, d\u2019am\u00e9liorer la prise en charges des patients au sein de nos h\u00f4pitaux universitaires, de participer \u00e0 la recherche m\u00e9dicale et scientifique d\u2019excellence dans nos 34 Instituts et centres de recherche et, proposer des innovations p\u00e9dagogiques \u00e0 nos \u00e9tudiants.<\/p>\n<p><strong>Gr\u00e2ce \u00e0 votre taxe d\u2019apprentissage,<\/strong><\/p>\n<ul>\n<li>Vous financez les travaux pratiques,<\/li>\n<li>Vous \u00e9quipez les salles de formation,<\/li>\n<li>Vous soutenez les projets p\u00e9dagogiques.<\/li>\n<\/ul>\n<p><strong>Gr\u00e2ce \u00e0 vous,<\/strong><\/p>\n<ul>\n<li>Nous formons 25\u00a0000 \u00e9tudiants chaque ann\u00e9e,<\/li>\n<li>Nous dipl\u00f4mons 600 m\u00e9decins chaque ann\u00e9e.<\/li>\n<\/ul>\n<p>\u00a0<\/p>\n<p><strong>Comment affecter votre solde de taxe d\u2019apprentissage<\/strong><br \/><strong>\u00e0 l\u2019UFR de M\u00e9decine d\u2019Universit\u00e9 Paris Cit\u00e9 ?<\/strong><\/p>\n<h4>1. Versez votre solde \u00e0 l\u2019<a href=\"https:\/\/entreprendre.service-public.fr\/vosdroits\/F22574\" target=\"_blank\" rel=\"noopener noreferrer\">URSSAF<\/a><\/h4>\n<p>D\u00e9clarez et payez votre solde de taxe d\u2019apprentissage 2023 sur la DSN 2024 (exigible du 6 ou 15 mai 2024)<\/p>\n<p>\u00a0<\/p>\n<h4>2. Choisissez l\u2019universit\u00e9 Paris Cit\u00e9 comme b\u00e9n\u00e9ficiaire via la plateforme <a href=\"https:\/\/www.soltea.gouv.fr\/\" target=\"_blank\" rel=\"noopener noreferrer\">SOLT\u00e9A*<\/a><\/h4>\n<ul>\n<li>\u00c0 partir du 27 mai 2024, connectez-vous \u00e0 votre espace s\u00e9curis\u00e9 sur la plateforme\u00a0<a href=\"https:\/\/www.soltea.gouv.fr\/\" target=\"_blank\" rel=\"noopener noreferrer\">SOLT\u00e9A<\/a><\/li>\n<li>Trouvez\u00a0<strong>Universit\u00e9 Paris Cit\u00e9 <\/strong>par sa d\u00e9nomination ou\u00a0son num\u00e9ro de\u00a0<strong>Siret : 130 025 737 00011<\/strong><\/li>\n<\/ul>\n<p>Consultez la<strong> <a href=\"https:\/\/wordpress-test.app.u-pariscite.fr\/medecine\/wp-content\/uploads\/sites\/24\/2024\/09\/Liste-formations-\u00e9ligibles-m\u00e9decine.pdf\" target=\"_blank\" rel=\"noopener noreferrer\">liste de nos formations \u00e9ligibles <\/a><\/strong>au solde de la taxe d\u2019apprentissage.<\/p>\n<ul>\n<li>Affectez tout ou une partie de votre solde de taxe d\u2019apprentissage \u00e0 la formation de votre choix<strong>*<\/strong><br \/><em>La caisse des d\u00e9p\u00f4ts versera \u00e0 l\u2019universit\u00e9 Paris Cit\u00e9 les montants collect\u00e9s.<\/em><\/li>\n<\/ul>\n<p>\u00a0<\/p>\n<h4>3. Suivez l\u2019\u00e9tat de vos versements directement sur votre espace s\u00e9curis\u00e9 <a href=\"https:\/\/www.soltea.education.gouv.fr\/espace-public\/\" target=\"_blank\" rel=\"noopener noreferrer\">SOLT\u00c9A<\/a><strong><br \/><\/strong><\/h4>\n<h6>\u00a0<\/h6>\n<h4><strong>Toutes nos formations \u00e9ligibles \u00e0 la taxe d\u2019apprentissage :<\/strong><\/h4>\n<p><strong>Les Licences<\/strong>\u00a0:<\/p>\n<ul>\n<li>Dipl\u00f4me d\u2019\u00c9tat Certificat de capacit\u00e9 d&rsquo;orthoptiste<\/li>\n<li>Dipl\u00f4me d&rsquo;\u00c9tat de p\u00e9dicure-podologue<\/li>\n<li>Dipl\u00f4me d\u2019\u00c9tat d\u2019audio proth\u00e9siste<\/li>\n<li>Dipl\u00f4me d&rsquo;\u00c9tat d&rsquo;infirmier ou infirmi\u00e8re<\/li>\n<li>Sciences pour la sant\u00e9 Sciences infirmi\u00e8res<\/li>\n<\/ul>\n<p>\u00a0<\/p>\n<p><strong>Les Masters\u00a0: <\/strong><\/p>\n<ul>\n<li>Dipl\u00f4me d&rsquo;\u00c9tat d\u2019Infirmer en pratique avanc\u00e9e<\/li>\n<li>Dipl\u00f4me d&rsquo;\u00c9tat d&rsquo;infirmier anesth\u00e9siste<\/li>\n<li>Dipl\u00f4me d\u2019\u00c9tat d\u2019Infirmier Bloc op\u00e9ratoire<\/li>\n<li>Dipl\u00f4me d\u2019\u00c9tat de Masseur-kin\u00e9sith\u00e9rapeute<\/li>\n<li>Dipl\u00f4me d\u2019\u00c9tat de Sage-femme<\/li>\n<li>Biologie int\u00e9grative et physiologie Epith\u00e9liums : structures d\u2019interfaces (ESI)<\/li>\n<li>Biologie int\u00e9grative et physiologie Biologie, physiologie, pharmacologie de la respiration et du sommeil (B2PRS)<\/li>\n<li>Biologie int\u00e9grative et physiologie Biologie vasculaire, arth\u00e9roscl\u00e9rose, thrombose, h\u00e9mostase (BIVATH)<\/li>\n<li>Biologie-Sant\u00e9 Biologie, Physiopathologie, Pharmacologie du C\u0153ur et de la Circulation<\/li>\n<li>Biologie-Sant\u00e9 Mechanichal Engeneering for Clinician &#8211; MECENCLI<\/li>\n<li>\u00c9thique Conseiller en g\u00e9n\u00e9tique<\/li>\n<li>\u00c9thique M\u00e9decine l\u00e9gale et criminalistique<\/li>\n<li>\u00c9thique Recherche \u00e9thique et bio\u00e9thique<\/li>\n<li>Sant\u00e9 Anomalies cong\u00e9nitales<\/li>\n<li>Sant\u00e9 Physiologie f\u0153tale et d\u00e9pistage<\/li>\n<li>Sant\u00e9 publique Analyse et management des \u00e9tablissements de sant\u00e9<\/li>\n<li>Sant\u00e9 publique Donn\u00e9es massives en sant\u00e9<\/li>\n<li>Sant\u00e9 publique \u00c9valuation et d\u00e9cision en sant\u00e9<\/li>\n<li>Sant\u00e9 publique \u00c9pid\u00e9miologie en population et pr\u00e9vention (EPIPOP)<\/li>\n<li>Sant\u00e9 publique Informatique biom\u00e9dicale<\/li>\n<li>Sant\u00e9 publique Sant\u00e9 et politiques publiques<\/li>\n<li>Sant\u00e9 publique Statistique, mod\u00e9lisation et sciences des donn\u00e9es en sant\u00e9<\/li>\n<li>Sant\u00e9 publique Recherche comparative de l\u2019efficacit\u00e9 \/ Comparative Effectiveness Research<\/li>\n<li>Sciences du m\u00e9dicament et des produits de sant\u00e9 Bioentrepreneurs<\/li>\n<\/ul>\n<p><strong>Merci de soutenir l\u2019UFR de M\u00e9decine\u00a0!<\/strong><\/p>\n<\/div>\n<\/div>\n<\/div>\n<p>[\/et_pb_text][\/et_pb_column][et_pb_column type=\u00a0\u00bb1_4&Prime;][\/et_pb_column][\/et_pb_row][\/et_pb_section][et_pb_section bb_built=\u00a0\u00bb1&Prime; specialty=\u00a0\u00bboff\u00a0\u00bb _builder_version=\u00a0\u00bb3.21&Prime; custom_padding=\u00a0\u00bb0px||0px|\u00a0\u00bb prev_background_color=\u00a0\u00bb#000000&Prime; inner_width=\u00a0\u00bbauto\u00a0\u00bb inner_max_width=\u00a0\u00bbnone\u00a0\u00bb][et_pb_row _builder_version=\u00a0\u00bb3.19.11&Prime; width=\u00a0\u00bb80%\u00a0\u00bb max_width=\u00a0\u00bb1080px\u00a0\u00bb][et_pb_column type=\u00a0\u00bb4_4&Prime;][et_pb_text admin_label=\u00a0\u00bb\u00c0 lire aussi\u00a0\u00bb _builder_version=\u00a0\u00bb3.21&Prime;]<\/p>\n<h2><span class=\"st\">\u00c0<\/span> lire aussi<\/h2>\n<p>[\/et_pb_text][et_pb_blog _builder_version=\u00a0\u00bb3.21&Prime; posts_number=\u00a0\u00bb4&Prime; include_categories=\u00a0\u00bb13&Prime; show_author=\u00a0\u00bboff\u00a0\u00bb show_date=\u00a0\u00bboff\u00a0\u00bb show_pagination=\u00a0\u00bboff\u00a0\u00bb border_width_bottom_fullwidth=\u00a0\u00bb1px\u00a0\u00bb border_color_bottom_fullwidth=\u00a0\u00bbrgba(51,51,51,0.18)\u00a0\u00bb custom_padding=\u00a0\u00bb||50px|\u00a0\u00bb module_id=\u00a0\u00bbpage_type_blog\u00a0\u00bb header_level=\u00a0\u00bbh4&Prime; \/][\/et_pb_column][\/et_pb_row][\/et_pb_section]<\/p>\n","protected":false},"excerpt":{"rendered":"<div class=\"et_pb_row et_pb_row_0 et_pb_row_empty\"><\/div>\n<div class=\"et_pb_row et_pb_row_1 et_pb_row_empty\"><\/div>\n<div class=\"et_pb_row et_pb_row_2 et_pb_row_empty\"><\/div>\n<p> Aujourd\u2019hui, vous pouvez donner les moyens \u00e0 l\u2019UFR de M\u00e9decine, d\u2019am\u00e9liorer la prise en charges des patients au sein de nos h\u00f4pitaux universitaires, de participer \u00e0 la recherche m\u00e9dicale et scientifique d\u2019excellence dans nos 34 Instituts et centres de recherche et, proposer des innovations p\u00e9dagogiques \u00e0 nos \u00e9tudiants.Gr\u00e2ce \u00e0 votre taxe d\u2019apprentissage,Vous financez les&hellip; <a class=\"continue\" href=\"https:\/\/wordpress-test.app.u-pariscite.fr\/medecine\/taxe-dapprentissage\/\">Lire la suite<span> Taxe d\u2019apprentissage<\/span><\/a><\/p>\n","protected":false},"author":234,"featured_media":0,"parent":0,"menu_order":0,"comment_status":"closed","ping_status":"closed","template":"","meta":{"_et_pb_use_builder":"on","_et_pb_old_content":"","_et_gb_content_width":"","footnotes":""},"class_list":["post-29438","page","type-page","status-publish","hentry"],"_links":{"self":[{"href":"https:\/\/wordpress-test.app.u-pariscite.fr\/medecine\/wp-json\/wp\/v2\/pages\/29438","targetHints":{"allow":["GET"]}}],"collection":[{"href":"https:\/\/wordpress-test.app.u-pariscite.fr\/medecine\/wp-json\/wp\/v2\/pages"}],"about":[{"href":"https:\/\/wordpress-test.app.u-pariscite.fr\/medecine\/wp-json\/wp\/v2\/types\/page"}],"author":[{"embeddable":true,"href":"https:\/\/wordpress-test.app.u-pariscite.fr\/medecine\/wp-json\/wp\/v2\/users\/234"}],"replies":[{"embeddable":true,"href":"https:\/\/wordpress-test.app.u-pariscite.fr\/medecine\/wp-json\/wp\/v2\/comments?post=29438"}],"version-history":[{"count":3,"href":"https:\/\/wordpress-test.app.u-pariscite.fr\/medecine\/wp-json\/wp\/v2\/pages\/29438\/revisions"}],"predecessor-version":[{"id":29446,"href":"https:\/\/wordpress-test.app.u-pariscite.fr\/medecine\/wp-json\/wp\/v2\/pages\/29438\/revisions\/29446"}],"wp:attachment":[{"href":"https:\/\/wordpress-test.app.u-pariscite.fr\/medecine\/wp-json\/wp\/v2\/media?parent=29438"}],"curies":[{"name":"wp","href":"https:\/\/api.w.org\/{rel}","templated":true}]}}