{"id":25199,"date":"2021-06-10T20:03:53","date_gmt":"2021-06-10T18:03:53","guid":{"rendered":"https:\/\/wordpress-test.app.u-pariscite.fr\/medecine\/?page_id=25199"},"modified":"2024-06-24T16:30:06","modified_gmt":"2024-06-24T14:30:06","slug":"inscription-administrative-ufr-de-medecine-de-paris-par-laissez-passer-individuel","status":"publish","type":"page","link":"https:\/\/wordpress-test.app.u-pariscite.fr\/medecine\/inscription-administrative-ufr-de-medecine-de-paris-par-laissez-passer-individuel\/","title":{"rendered":"Inscription administrative UFR de M\u00e9decine de Paris par laissez-passer individuel"},"content":{"rendered":"<p>[et_pb_section bb_built=\u00a0\u00bb1&Prime; inner_width=\u00a0\u00bbauto\u00a0\u00bb inner_max_width=\u00a0\u00bbnone\u00a0\u00bb][et_pb_row][et_pb_column type=\u00a0\u00bb4_4&Prime;][et_pb_post_title admin_label=\u00a0\u00bbTitre de la page\u00a0\u00bb _builder_version=\u00a0\u00bb3.22.1&Prime; meta=\u00a0\u00bboff\u00a0\u00bb featured_image=\u00a0\u00bboff\u00a0\u00bb text_shadow_horizontal_length=\u00a0\u00bbtext_shadow_style,%91object Object%93&Prime; text_shadow_vertical_length=\u00a0\u00bbtext_shadow_style,%91object Object%93&Prime; text_shadow_blur_strength=\u00a0\u00bbtext_shadow_style,%91object Object%93&Prime; title_text_shadow_horizontal_length=\u00a0\u00bbtitle_text_shadow_style,%91object Object%93&Prime; title_text_shadow_vertical_length=\u00a0\u00bbtitle_text_shadow_style,%91object Object%93&Prime; title_text_shadow_blur_strength=\u00a0\u00bbtitle_text_shadow_style,%91object Object%93&Prime; meta_text_shadow_horizontal_length=\u00a0\u00bbmeta_text_shadow_style,%91object Object%93&Prime; meta_text_shadow_vertical_length=\u00a0\u00bbmeta_text_shadow_style,%91object Object%93&Prime; meta_text_shadow_blur_strength=\u00a0\u00bbmeta_text_shadow_style,%91object Object%93&Prime; z_index_tablet=\u00a0\u00bb500&Prime; \/][et_pb_text _builder_version=\u00a0\u00bb3.22.1&Prime; text_text_shadow_horizontal_length=\u00a0\u00bbtext_text_shadow_style,%91object Object%93&Prime; text_text_shadow_vertical_length=\u00a0\u00bbtext_text_shadow_style,%91object Object%93&Prime; text_text_shadow_blur_strength=\u00a0\u00bbtext_text_shadow_style,%91object Object%93&Prime; link_text_shadow_horizontal_length=\u00a0\u00bblink_text_shadow_style,%91object Object%93&Prime; link_text_shadow_vertical_length=\u00a0\u00bblink_text_shadow_style,%91object Object%93&Prime; link_text_shadow_blur_strength=\u00a0\u00bblink_text_shadow_style,%91object Object%93&Prime; ul_text_shadow_horizontal_length=\u00a0\u00bbul_text_shadow_style,%91object Object%93&Prime; ul_text_shadow_vertical_length=\u00a0\u00bbul_text_shadow_style,%91object Object%93&Prime; ul_text_shadow_blur_strength=\u00a0\u00bbul_text_shadow_style,%91object Object%93&Prime; ol_text_shadow_horizontal_length=\u00a0\u00bbol_text_shadow_style,%91object Object%93&Prime; ol_text_shadow_vertical_length=\u00a0\u00bbol_text_shadow_style,%91object Object%93&Prime; ol_text_shadow_blur_strength=\u00a0\u00bbol_text_shadow_style,%91object Object%93&Prime; quote_text_shadow_horizontal_length=\u00a0\u00bbquote_text_shadow_style,%91object Object%93&Prime; quote_text_shadow_vertical_length=\u00a0\u00bbquote_text_shadow_style,%91object Object%93&Prime; quote_text_shadow_blur_strength=\u00a0\u00bbquote_text_shadow_style,%91object Object%93&Prime; header_text_shadow_horizontal_length=\u00a0\u00bbheader_text_shadow_style,%91object Object%93&Prime; header_text_shadow_vertical_length=\u00a0\u00bbheader_text_shadow_style,%91object Object%93&Prime; header_text_shadow_blur_strength=\u00a0\u00bbheader_text_shadow_style,%91object Object%93&Prime; header_2_text_shadow_horizontal_length=\u00a0\u00bbheader_2_text_shadow_style,%91object Object%93&Prime; header_2_text_shadow_vertical_length=\u00a0\u00bbheader_2_text_shadow_style,%91object Object%93&Prime; header_2_text_shadow_blur_strength=\u00a0\u00bbheader_2_text_shadow_style,%91object Object%93&Prime; header_3_text_shadow_horizontal_length=\u00a0\u00bbheader_3_text_shadow_style,%91object Object%93&Prime; header_3_text_shadow_vertical_length=\u00a0\u00bbheader_3_text_shadow_style,%91object Object%93&Prime; header_3_text_shadow_blur_strength=\u00a0\u00bbheader_3_text_shadow_style,%91object Object%93&Prime; header_4_text_shadow_horizontal_length=\u00a0\u00bbheader_4_text_shadow_style,%91object Object%93&Prime; header_4_text_shadow_vertical_length=\u00a0\u00bbheader_4_text_shadow_style,%91object Object%93&Prime; header_4_text_shadow_blur_strength=\u00a0\u00bbheader_4_text_shadow_style,%91object Object%93&Prime; header_5_text_shadow_horizontal_length=\u00a0\u00bbheader_5_text_shadow_style,%91object Object%93&Prime; header_5_text_shadow_vertical_length=\u00a0\u00bbheader_5_text_shadow_style,%91object Object%93&Prime; header_5_text_shadow_blur_strength=\u00a0\u00bbheader_5_text_shadow_style,%91object Object%93&Prime; header_6_text_shadow_horizontal_length=\u00a0\u00bbheader_6_text_shadow_style,%91object Object%93&Prime; header_6_text_shadow_vertical_length=\u00a0\u00bbheader_6_text_shadow_style,%91object Object%93&Prime; header_6_text_shadow_blur_strength=\u00a0\u00bbheader_6_text_shadow_style,%91object Object%93&Prime; z_index_tablet=\u00a0\u00bb500&Prime;]<\/p>\n<h4 class=\"niveau3\"><span style=\"color: #800000\"><strong>\u00c9TAPE 1 :\u00a0 \u00a0PAIEMENT DE LA CVEC<\/strong><\/span><\/h4>\n<p>Acquittez-vous de la Contribution Vie Etudiante et de Campus (CVEC) d\u2019un montant de 103\u20ac, par paiement en ligne \u00e0 l&rsquo;adresse <a class=\"ext extlink\" href=\"http:\/\/cvec.etudiant.gouv.fr\/\" target=\"_blank\" rel=\"noopener noreferrer\"><strong>http:\/\/cvec.etudiant.gouv.fr\/<\/strong><\/a>\u00a0ou au bureau de Poste de votre choix. Vous obtiendrez alors une attestation individuelle sur laquelle figurera un code obligatoire pour vous inscrire.<\/p>\n<p><strong><span style=\"text-decoration: underline\">ATTENTION: Les \u00e9tudiants dont le financement est pris en charge par un employeur ou un organisme (statut de Formation Professionnelle)<\/span><\/strong>, n\u2019ont pas \u00e0 s\u2019acquitter de la CVEC.<\/p>\n<h4 class=\"niveau3\"><strong><span style=\"color: #800000\">\u00c9TAPE 2 :\u00a0 \u00a0INSCRIPTION EN LIGNE PAR LAISSEZ-PASSER ENVOY\u00c9 PAR MAIL<\/span><\/strong><\/h4>\n<p>Vous recevez un courrier \u00e9lectronique sur votre adresse de messagerie personnelle contenant un identifiant personnel (\u00e0 ne pas diffuser).<\/p>\n<p>&gt; Une fois le message contenant votre identifiant re\u00e7u sur votre messagerie personnelle, \u00a0munissez vous du code d\u00e9livr\u00e9 apr\u00e8s avoir r\u00e9gl\u00e9 la CVEC (ou le code d&rsquo;exon\u00e9ration) rendez vous sur\u00a0<strong><a href=\"https:\/\/primo.app.wordpress-test.app.u-pariscite.fr\/primo\">&#8211; IA PRIMO &#8211;<\/a>\u00a0 (si vous n&rsquo;avez jamais \u00e9t\u00e9 pr\u00e9c\u00e9demment inscrit \u00e0 l&rsquo;Universit\u00e9 Paris Cit\u00e9, ou \u00e0 celle de Paris 5 Descartes ou Paris 7 Diderot) ou <\/strong>sur<strong><a href=\"https:\/\/reins.app.wordpress-test.app.u-pariscite.fr\/reins\"> &#8211; IA REINS &#8211;<\/a>\u00a0(si vous avez d\u00e9j\u00e0 \u00e9t\u00e9 inscrit \u00e0 l&rsquo;Universit\u00e9 Paris Cit\u00e9 ou de Paris 5 Descartes ou Paris 7 Diderot)<\/strong>. Si vous avez un doute, le lien de la plateforme \u00e0 utiliser se trouve dans le mail de laissez-passer que vous avez re\u00e7u sur votre messagerie \u00e9lectronique.<\/p>\n<ul>\n<li>Saisissez vos informations et v\u00e9rifiez vos donn\u00e9es personnelles pr\u00e9-renseign\u00e9es<\/li>\n<\/ul>\n<p>Veillez \u00e0 indiquer votre adresse postale valide. C&rsquo;est \u00e0 cette adresse que vous seront envoy\u00e9s votre certificat de scolarit\u00e9 et l&rsquo;autocollant de l&rsquo;ann\u00e9e<\/p>\n<ul>\n<li>Proc\u00e9dez au paiement en ligne. Le paiement en ligne est enti\u00e8rement s\u00e9curis\u00e9.<\/li>\n<\/ul>\n<p>Veillez \u00e9galement \u00e0 la validit\u00e9 de votre adresse e-mail qui vous permettra de recevoir le justificatif de paiement.<\/p>\n<p>Une liste de pi\u00e8ces \u00e0 fournir s\u2019affiche alors.<\/p>\n<p>D\u00e9posez vos pi\u00e8ces justificatives en ligne \u00e0 l\u2019adresse suivante :<strong>\u00a0 <a href=\"https:\/\/pjweb.app.wordpress-test.app.u-pariscite.fr\/pjweb\">&#8211; PJ WEB &#8211;<\/a><\/strong><\/p>\n<p>Une fois vos pi\u00e8ces v\u00e9rifi\u00e9es par le service des Inscriptions,\u00a0 votre carte \u00e9tudiant, votre certificat de scolarit\u00e9 et l\u2019autocollant de l&rsquo;ann\u00e9e en cours (\u00e0 coller obligatoirement sur votre carte \u00e9tudiant pour avoir acc\u00e8s aux b\u00e2timents de l\u2019U.F.R. de M\u00e9decine et de l\u2019Universit\u00e9) vous seront alors envoy\u00e9s par courrier postal \u00e0 votre domicile.<\/p>\n<p><strong>En cas de difficult\u00e9<\/strong>\u00a0pour vous inscrire, d\u00e9poser vos pi\u00e8ces ou payer en ligne, vous pouvez joindre le\u00a0<a href=\"https:\/\/wordpress-test.app.u-pariscite.fr\/centre-de-contact\/\"><strong>CENTRE DE CONTACT <\/strong><\/a><\/p>\n<p><strong>IMPORTANT :<\/strong><\/p>\n<p>Dans la suite de votre inscription en ligne, veillez \u00e0 activer votre compte <strong>ENT Universit\u00e9 Paris Cit\u00e9<\/strong> \u00a0<a href=\"https:\/\/wordpress-test.app.u-pariscite.fr\/activation-de-votre-compte-universite-de-paris\/\"><strong>Proc\u00e9dure d\u2019activation ENT <\/strong><\/a><\/p>\n<p>Celui-ci vous donnera acc\u00e8s \u00e0 l&rsquo;adresse \u00e9lectronique universitaire sur laquelle l&rsquo;ensemble des informations vous seront par la suite communiqu\u00e9es, aux cours en ligne sur Moodle, aux inscriptions p\u00e9dagogiques aux enseignements \u00e0 choix et autres fonctionnalit\u00e9s.<\/p>\n<p>[\/et_pb_text][\/et_pb_column][\/et_pb_row][\/et_pb_section]<\/p>\n","protected":false},"excerpt":{"rendered":"<div class=\"et_pb_row et_pb_row_0 et_pb_row_empty\"><\/div>\n<p> \u00c9TAPE 1 :\u00a0 \u00a0PAIEMENT DE LA CVECAcquittez-vous de la Contribution Vie Etudiante et de Campus (CVEC) d\u2019un montant de 103\u20ac, par paiement en ligne \u00e0 l&rsquo;adresse http:\/\/cvec.etudiant.gouv.fr\/\u00a0ou au bureau de Poste de votre choix. Vous obtiendrez alors une attestation individuelle sur laquelle figurera un code obligatoire pour vous inscrire.ATTENTION: Les \u00e9tudiants dont le financement&hellip; <a class=\"continue\" href=\"https:\/\/wordpress-test.app.u-pariscite.fr\/medecine\/inscription-administrative-ufr-de-medecine-de-paris-par-laissez-passer-individuel\/\">Lire la suite<span> Inscription administrative UFR de M\u00e9decine de Paris par laissez-passer individuel<\/span><\/a><\/p>\n","protected":false},"author":223,"featured_media":0,"parent":0,"menu_order":0,"comment_status":"closed","ping_status":"closed","template":"","meta":{"_et_pb_use_builder":"on","_et_pb_old_content":"","_et_gb_content_width":"","footnotes":""},"class_list":["post-25199","page","type-page","status-publish","hentry"],"_links":{"self":[{"href":"https:\/\/wordpress-test.app.u-pariscite.fr\/medecine\/wp-json\/wp\/v2\/pages\/25199","targetHints":{"allow":["GET"]}}],"collection":[{"href":"https:\/\/wordpress-test.app.u-pariscite.fr\/medecine\/wp-json\/wp\/v2\/pages"}],"about":[{"href":"https:\/\/wordpress-test.app.u-pariscite.fr\/medecine\/wp-json\/wp\/v2\/types\/page"}],"author":[{"embeddable":true,"href":"https:\/\/wordpress-test.app.u-pariscite.fr\/medecine\/wp-json\/wp\/v2\/users\/223"}],"replies":[{"embeddable":true,"href":"https:\/\/wordpress-test.app.u-pariscite.fr\/medecine\/wp-json\/wp\/v2\/comments?post=25199"}],"version-history":[{"count":14,"href":"https:\/\/wordpress-test.app.u-pariscite.fr\/medecine\/wp-json\/wp\/v2\/pages\/25199\/revisions"}],"predecessor-version":[{"id":29086,"href":"https:\/\/wordpress-test.app.u-pariscite.fr\/medecine\/wp-json\/wp\/v2\/pages\/25199\/revisions\/29086"}],"wp:attachment":[{"href":"https:\/\/wordpress-test.app.u-pariscite.fr\/medecine\/wp-json\/wp\/v2\/media?parent=25199"}],"curies":[{"name":"wp","href":"https:\/\/api.w.org\/{rel}","templated":true}]}}