{"id":24630,"date":"2021-04-13T16:06:16","date_gmt":"2021-04-13T14:06:16","guid":{"rendered":"https:\/\/wordpress-test.app.u-pariscite.fr\/medecine\/?page_id=24630"},"modified":"2023-03-17T16:10:44","modified_gmt":"2023-03-17T15:10:44","slug":"transferts-sortants","status":"publish","type":"page","link":"https:\/\/wordpress-test.app.u-pariscite.fr\/medecine\/transferts-sortants\/","title":{"rendered":"Transferts sortants"},"content":{"rendered":"<p>[et_pb_section bb_built=\u00a0\u00bb1&Prime; next_background_color=\u00a0\u00bb#000000&Prime; inner_width=\u00a0\u00bbauto\u00a0\u00bb inner_max_width=\u00a0\u00bbnone\u00a0\u00bb][et_pb_row][et_pb_column type=\u00a0\u00bb3_4&Prime;][et_pb_text _builder_version=\u00a0\u00bb3.22.1&Prime; module_id=\u00a0\u00bbcontenu\u00a0\u00bb text_text_shadow_horizontal_length=\u00a0\u00bbtext_text_shadow_style,%91object Object%93&Prime; text_text_shadow_vertical_length=\u00a0\u00bbtext_text_shadow_style,%91object Object%93&Prime; text_text_shadow_blur_strength=\u00a0\u00bbtext_text_shadow_style,%91object Object%93&Prime; link_text_shadow_horizontal_length=\u00a0\u00bblink_text_shadow_style,%91object Object%93&Prime; link_text_shadow_vertical_length=\u00a0\u00bblink_text_shadow_style,%91object Object%93&Prime; link_text_shadow_blur_strength=\u00a0\u00bblink_text_shadow_style,%91object Object%93&Prime; ul_text_shadow_horizontal_length=\u00a0\u00bbul_text_shadow_style,%91object Object%93&Prime; ul_text_shadow_vertical_length=\u00a0\u00bbul_text_shadow_style,%91object Object%93&Prime; ul_text_shadow_blur_strength=\u00a0\u00bbul_text_shadow_style,%91object Object%93&Prime; ol_text_shadow_horizontal_length=\u00a0\u00bbol_text_shadow_style,%91object Object%93&Prime; ol_text_shadow_vertical_length=\u00a0\u00bbol_text_shadow_style,%91object Object%93&Prime; ol_text_shadow_blur_strength=\u00a0\u00bbol_text_shadow_style,%91object Object%93&Prime; quote_text_shadow_horizontal_length=\u00a0\u00bbquote_text_shadow_style,%91object Object%93&Prime; quote_text_shadow_vertical_length=\u00a0\u00bbquote_text_shadow_style,%91object Object%93&Prime; quote_text_shadow_blur_strength=\u00a0\u00bbquote_text_shadow_style,%91object Object%93&Prime; header_text_shadow_horizontal_length=\u00a0\u00bbheader_text_shadow_style,%91object Object%93&Prime; header_text_shadow_vertical_length=\u00a0\u00bbheader_text_shadow_style,%91object Object%93&Prime; header_text_shadow_blur_strength=\u00a0\u00bbheader_text_shadow_style,%91object Object%93&Prime; header_2_text_shadow_horizontal_length=\u00a0\u00bbheader_2_text_shadow_style,%91object Object%93&Prime; header_2_text_shadow_vertical_length=\u00a0\u00bbheader_2_text_shadow_style,%91object Object%93&Prime; header_2_text_shadow_blur_strength=\u00a0\u00bbheader_2_text_shadow_style,%91object Object%93&Prime; header_3_text_shadow_horizontal_length=\u00a0\u00bbheader_3_text_shadow_style,%91object Object%93&Prime; header_3_text_shadow_vertical_length=\u00a0\u00bbheader_3_text_shadow_style,%91object Object%93&Prime; header_3_text_shadow_blur_strength=\u00a0\u00bbheader_3_text_shadow_style,%91object Object%93&Prime; header_4_text_shadow_horizontal_length=\u00a0\u00bbheader_4_text_shadow_style,%91object Object%93&Prime; header_4_text_shadow_vertical_length=\u00a0\u00bbheader_4_text_shadow_style,%91object Object%93&Prime; header_4_text_shadow_blur_strength=\u00a0\u00bbheader_4_text_shadow_style,%91object Object%93&Prime; header_5_text_shadow_horizontal_length=\u00a0\u00bbheader_5_text_shadow_style,%91object Object%93&Prime; header_5_text_shadow_vertical_length=\u00a0\u00bbheader_5_text_shadow_style,%91object Object%93&Prime; header_5_text_shadow_blur_strength=\u00a0\u00bbheader_5_text_shadow_style,%91object Object%93&Prime; header_6_text_shadow_horizontal_length=\u00a0\u00bbheader_6_text_shadow_style,%91object Object%93&Prime; header_6_text_shadow_vertical_length=\u00a0\u00bbheader_6_text_shadow_style,%91object Object%93&Prime; header_6_text_shadow_blur_strength=\u00a0\u00bbheader_6_text_shadow_style,%91object Object%93&Prime; z_index_tablet=\u00a0\u00bb500&Prime;]<\/p>\n<h1>Demande de d\u00e9part de l&rsquo;UFR de m\u00e9decine Universit\u00e9 Paris Cit\u00e9 pour int\u00e9grer un DFGSM2, DFGSM3, DFASM1, DFASM2 et DFASM3<\/h1>\n<p>Ce dispositif concerne tous les \u00e9tudiants inscrits \u00e0 l&rsquo;UFR de m\u00e9decine en 1er cycle\u00a0(hors PASS\/L.AS) et 2e cycle. Pour poursuivre votre formation dans une autre universit\u00e9, vous pouvez utiliser\u00a0<\/p>\n<ol>\n<li><a href=\"https:\/\/wordpress-test.app.u-pariscite.fr\/medecine\/wp-content\/uploads\/sites\/24\/2023\/03\/2023-01-25-formulaire-demande-de-transfert-DEPART-de-lUFR-de-medecine-UPC-1.pdf\" target=\"_blank\" rel=\"noopener noreferrer\">T\u00e9l\u00e9chargez le formulaire de demande de transfert sortant\u00a0<\/a><\/li>\n<li>Compl\u00e9tez les informations et transmettez le \u00a0\u00e0\u00a0<span style=\"color: black\"><a href=\"mailto:transfert.medecine@wordpress-test.app.u-pariscite.fr\"><strong>transfert.medecine@wordpress-test.app.u-pariscite.fr<\/strong><\/a> accompagn\u00e9 d&rsquo;une lettre de motivation<\/span><\/li>\n<li><span style=\"color: black\">Une copie du\u00a0formulaire sign\u00e9 vous sera retourn\u00e9e sur votre adresse e-mail pour transmission \u00e0 l&rsquo;universit\u00e9 d&rsquo;accueil.\u00a0<\/span><\/li>\n<li>Transmettez ce formulaire \u00e0 l&rsquo;universit\u00e9 d&rsquo;accueil pour acceptation et signature, qui apr\u00e8s validation doit nous l&rsquo;envoyer \u00e0 <span style=\"color: black\"><a href=\"mailto:transfert.medecine@wordpress-test.app.u-pariscite.fr\"><strong>transfert.medecine@wordpress-test.app.u-pariscite.fr<\/strong><\/a><strong> \u00a0<\/strong><\/span><\/li>\n<\/ol>\n<h1>Demande de d\u00e9part de l&rsquo;UFR de m\u00e9decine Universit\u00e9 Paris Cit\u00e9 pour effectuer sa sp\u00e9cialit\u00e9 d&rsquo;internat (D.E.S.) dans une autre universit\u00e9, apr\u00e8s le DFASM3<\/h1>\n<p><span style=\"color: black\">Merci de remplir le<strong>\u00a0<\/strong><\/span><span style=\"color: black\"><a href=\"https:\/\/wordpress-test.app.u-pariscite.fr\/medecine\/wp-content\/uploads\/sites\/24\/2022\/10\/formulaire-demande-de-transfert-DEPARTS-D.E.S-de-lUFR-de-medecine-UPCit\u00e9.pdf\"><strong>formulaire sp\u00e9cifique demande de transfert &#8211; DEPART D.E.S<\/strong>\u00a0<\/a>et de contacter votre gestionnaire DFASM3 : <\/span><\/p>\n<ul>\n<li><span style=\"color: black\">Pour les \u00e9tudiants Paris Centre :\u00a0<a href=\"mailto:thomas.godde@wordpress-test.app.u-pariscite.fr\">thomas.godde@wordpress-test.app.u-pariscite.fr<\/a> &#8211; 01.53.10.46.41 <\/span><\/li>\n<li><span style=\"color: black\">Pour les \u00e9tudiants Paris Nord :\u00a0<a href=\"mailto:julie.ledoux@wordpress-test.app.u-pariscite.fr\">julie.ledoux@wordpress-test.app.u-pariscite.fr<\/a><\/span><span style=\"color: black\"> &#8211; 01.57.27.86.20<\/span><\/li>\n<\/ul>\n<p><strong><span style=\"color: #000000\">Une fois le formulaire r\u00e9ceptionn\u00e9 et sign\u00e9 par l&rsquo;universit\u00e9\u00a0d&rsquo;accueil,\u00a0l&rsquo;UFR transmet\u00a0le formulaire sign\u00e9\u00a0et le dossier universitaire \u00e0 l&rsquo;universit\u00e9 d&rsquo;accueil.<\/span><\/strong><\/p>\n<p><span style=\"color: black\">Les dossiers universitaires seront remis directement aux \u00e9tablissements d&rsquo;accueil et non aux \u00e9tudiants.<\/span><\/p>\n<p>[\/et_pb_text][\/et_pb_column][et_pb_column type=\u00a0\u00bb1_4&Prime;][\/et_pb_column][\/et_pb_row][\/et_pb_section][et_pb_section bb_built=\u00a0\u00bb1&Prime; specialty=\u00a0\u00bboff\u00a0\u00bb _builder_version=\u00a0\u00bb3.21&Prime; custom_padding=\u00a0\u00bb0px||0px|\u00a0\u00bb prev_background_color=\u00a0\u00bb#000000&Prime; inner_width=\u00a0\u00bbauto\u00a0\u00bb inner_max_width=\u00a0\u00bbnone\u00a0\u00bb][et_pb_row _builder_version=\u00a0\u00bb3.19.11&Prime; width=\u00a0\u00bb80%\u00a0\u00bb max_width=\u00a0\u00bb1080px\u00a0\u00bb][et_pb_column type=\u00a0\u00bb4_4&Prime;][et_pb_text admin_label=\u00a0\u00bb\u00c0 lire aussi\u00a0\u00bb _builder_version=\u00a0\u00bb3.21&Prime;]<\/p>\n<h2><span class=\"st\">\u00c0<\/span> lire aussi<\/h2>\n<p>[\/et_pb_text][et_pb_blog _builder_version=\u00a0\u00bb3.21&Prime; posts_number=\u00a0\u00bb4&Prime; include_categories=\u00a0\u00bb13&Prime; show_author=\u00a0\u00bboff\u00a0\u00bb show_date=\u00a0\u00bboff\u00a0\u00bb show_pagination=\u00a0\u00bboff\u00a0\u00bb border_width_bottom_fullwidth=\u00a0\u00bb1px\u00a0\u00bb border_color_bottom_fullwidth=\u00a0\u00bbrgba(51,51,51,0.18)\u00a0\u00bb custom_padding=\u00a0\u00bb||50px|\u00a0\u00bb module_id=\u00a0\u00bbpage_type_blog\u00a0\u00bb header_level=\u00a0\u00bbh4&Prime; \/][\/et_pb_column][\/et_pb_row][\/et_pb_section]<\/p>\n","protected":false},"excerpt":{"rendered":"<div class=\"et_pb_row et_pb_row_0 et_pb_row_empty\"><\/div>\n<p> Demande de d\u00e9part de l&rsquo;UFR de m\u00e9decine Universit\u00e9 Paris Cit\u00e9 pour int\u00e9grer un DFGSM2, DFGSM3, DFASM1, DFASM2 et DFASM3Ce dispositif concerne tous les \u00e9tudiants inscrits \u00e0 l&rsquo;UFR de m\u00e9decine en 1er cycle\u00a0(hors PASS\/L.AS) et 2e cycle. Pour poursuivre votre formation dans une autre universit\u00e9, vous pouvez utiliser\u00a0T\u00e9l\u00e9chargez le formulaire de demande de transfert sortant\u00a0Compl\u00e9tez&hellip; <a class=\"continue\" href=\"https:\/\/wordpress-test.app.u-pariscite.fr\/medecine\/transferts-sortants\/\">Lire la suite<span> Transferts sortants<\/span><\/a><\/p>\n","protected":false},"author":234,"featured_media":0,"parent":0,"menu_order":0,"comment_status":"closed","ping_status":"closed","template":"","meta":{"_et_pb_use_builder":"on","_et_pb_old_content":"<h3><span style=\"color: #000000;\"><strong>DEMANDE DE TRANSFERT D\u00c9PART DE L'UFR DE MEDECINE UNIVERSITE DE PARIS VERS UNE AUTRE UNIVERSIT\u00c9<\/strong><\/span><\/h3><p><span style=\"color: #000000;\"><strong>1 - Utilisez le formulaire de l'UFR de M\u00e9decine - Universit\u00e9 Paris Cit\u00e9 ou utilisez celui de l'universit\u00e9 d'accueil : <a href=\"https:\/\/wordpress-test.app.u-pariscite.fr\/medecine\/wp-content\/uploads\/sites\/24\/2021\/04\/formulaire-demande-de-transfert-DEPART-de-lUFR-de-medecine-UP.pdf\">formulaire demande de transfert <\/a><\/strong><\/span><\/p><p><strong style=\"color: #000000;\">Un formulaire est r\u00e9serv\u00e9 pour les DFASM3 \u00e9tant sp\u00e9cialis\u00e9s dans une autre universit\u00e9 pour leur troisi\u00e8me cycle : <a href=\"https:\/\/wordpress-test.app.u-pariscite.fr\/medecine\/wp-content\/uploads\/sites\/24\/2021\/04\/2-formulaire-demande-de-transfert-DEPARTS-D.E.S-de-lUFR-de-medecine-UP.pdf\">formulaire demande de transfert\u00a0<\/a><\/strong><\/p><p><span style=\"color: #000000;\">Le choix du formulaire peut vous \u00eatre impos\u00e9 par l'universit\u00e9 d'accueil. Si vous utilisez le formulaire de cette derni\u00e8re, ne compl\u00e9tez pas celui de l\u2019Universit\u00e9 Paris Cit\u00e9.<\/span><\/p><p><span style=\"color: #000000;\"><strong>2 - Compl\u00e9tez int\u00e9gralement le formulaire soigneusement et lisiblement puis datez\/signez-le au point 4 :<\/strong><\/span><\/p><p><span style=\"color: #000000;\">Ne remplissez pas les espaces relatifs aux signatures des 2 universit\u00e9s.<\/span><\/p><p><span style=\"color: #000000;\"><strong>3 - Faites-le signer par l'UFR de M\u00e9decine Universit\u00e9 Paris Cit\u00e9 :<\/strong><\/span><\/p><p><span style=\"color: #000000;\">Transmettez le formulaire, ainsi qu'une copie recto\/verso de votre pi\u00e8ce d'identit\u00e9 <strong><u>en versions num\u00e9riques<\/u> <\/strong>\u00e0 l'adresse suivante: <strong><span style=\"color: #8a1538;\"><a style=\"color: #8a1538;\" href=\"mailto:estelle.deckers@wordpress-test.app.u-pariscite.fr\">estelle.deckers@wordpress-test.app.u-pariscite.fr<\/a><\/span><\/strong><\/span><\/p><p><span style=\"color: #000000;\">Une copie du\u00a0formulaire sign\u00e9 vous sera retourn\u00e9 sign\u00e9 sur votre adresse de messagerie \u00e9lectronique.<\/span><\/p><p><span style=\"color: #000000;\"><strong>4 - Transmettez ce formulaire \u00e0 l'universit\u00e9 d'accueil pour acceptation et signature <\/strong><\/span><\/p><p><span style=\"color: #000000;\"><b>ATTENTION\u00a0<\/b>: conservez une copie de ce formulaire d\u00fbment sign\u00e9.<\/span><\/p><p><span style=\"color: #000000;\">Merci d'indiquer \u00e0 l'Universit\u00e9 d'accueil de retourner le formulaire sign\u00e9<\/span> <span style=\"color: #000000;\">par voie \u00e9lectronique<\/span> <span style=\"color: #000000;\">\u00e0<\/span> <a href=\"mailto:estelle.deckers@wordpress-test.app.u-pariscite.fr%20(link%20sends%20e-mail)\"><strong>estelle.deckers@wordpress-test.app.u-pariscite.fr<\/strong> <\/a><span style=\"color: #000000;\"> et NON par courrier postal.<\/span><\/p><p><span style=\"color: #000000;\"><strong>5 - A r\u00e9ception <u>dans nos services<\/u>\u00a0du formulaire valid\u00e9 et sign\u00e9 par l'universit\u00e9 d'accueil,\u00a0le cabinet de Direction\u00a0transmet\u00a0le formulaire sign\u00e9\u00a0et le dossier universitaire \u00e0 l'universit\u00e9 d'accueil.<\/strong><\/span><\/p><p><span style=\"color: #000000;\">Les dossiers universitaires seront remis directement aux \u00e9tablissements d'accueil et non aux \u00e9tudiants.<\/span><\/p>","_et_gb_content_width":"","footnotes":""},"class_list":["post-24630","page","type-page","status-publish","hentry"],"_links":{"self":[{"href":"https:\/\/wordpress-test.app.u-pariscite.fr\/medecine\/wp-json\/wp\/v2\/pages\/24630","targetHints":{"allow":["GET"]}}],"collection":[{"href":"https:\/\/wordpress-test.app.u-pariscite.fr\/medecine\/wp-json\/wp\/v2\/pages"}],"about":[{"href":"https:\/\/wordpress-test.app.u-pariscite.fr\/medecine\/wp-json\/wp\/v2\/types\/page"}],"author":[{"embeddable":true,"href":"https:\/\/wordpress-test.app.u-pariscite.fr\/medecine\/wp-json\/wp\/v2\/users\/234"}],"replies":[{"embeddable":true,"href":"https:\/\/wordpress-test.app.u-pariscite.fr\/medecine\/wp-json\/wp\/v2\/comments?post=24630"}],"version-history":[{"count":31,"href":"https:\/\/wordpress-test.app.u-pariscite.fr\/medecine\/wp-json\/wp\/v2\/pages\/24630\/revisions"}],"predecessor-version":[{"id":27134,"href":"https:\/\/wordpress-test.app.u-pariscite.fr\/medecine\/wp-json\/wp\/v2\/pages\/24630\/revisions\/27134"}],"wp:attachment":[{"href":"https:\/\/wordpress-test.app.u-pariscite.fr\/medecine\/wp-json\/wp\/v2\/media?parent=24630"}],"curies":[{"name":"wp","href":"https:\/\/api.w.org\/{rel}","templated":true}]}}