{"id":24620,"date":"2021-04-13T14:50:42","date_gmt":"2021-04-13T12:50:42","guid":{"rendered":"https:\/\/wordpress-test.app.u-pariscite.fr\/medecine\/?page_id=24620"},"modified":"2024-01-23T10:51:41","modified_gmt":"2024-01-23T09:51:41","slug":"transferts-entrants","status":"publish","type":"page","link":"https:\/\/wordpress-test.app.u-pariscite.fr\/medecine\/transferts-entrants\/","title":{"rendered":"Transferts entrants"},"content":{"rendered":"<p>[et_pb_section bb_built=\u00a0\u00bb1&Prime; next_background_color=\u00a0\u00bb#000000&Prime; inner_width=\u00a0\u00bbauto\u00a0\u00bb inner_max_width=\u00a0\u00bbnone\u00a0\u00bb][et_pb_row][et_pb_column type=\u00a0\u00bb4_4&Prime;][et_pb_post_title admin_label=\u00a0\u00bbTransferts entrants\u00a0\u00bb _builder_version=\u00a0\u00bb3.22.1&Prime; meta=\u00a0\u00bboff\u00a0\u00bb featured_image=\u00a0\u00bboff\u00a0\u00bb text_shadow_horizontal_length=\u00a0\u00bbtext_shadow_style,%91object Object%93&Prime; text_shadow_vertical_length=\u00a0\u00bbtext_shadow_style,%91object Object%93&Prime; text_shadow_blur_strength=\u00a0\u00bbtext_shadow_style,%91object Object%93&Prime; title_text_shadow_horizontal_length=\u00a0\u00bbtitle_text_shadow_style,%91object Object%93&Prime; title_text_shadow_vertical_length=\u00a0\u00bbtitle_text_shadow_style,%91object Object%93&Prime; title_text_shadow_blur_strength=\u00a0\u00bbtitle_text_shadow_style,%91object Object%93&Prime; meta_text_shadow_horizontal_length=\u00a0\u00bbmeta_text_shadow_style,%91object Object%93&Prime; meta_text_shadow_vertical_length=\u00a0\u00bbmeta_text_shadow_style,%91object Object%93&Prime; meta_text_shadow_blur_strength=\u00a0\u00bbmeta_text_shadow_style,%91object Object%93&Prime; z_index_tablet=\u00a0\u00bb500&Prime; \/][\/et_pb_column][\/et_pb_row][et_pb_row][et_pb_column type=\u00a0\u00bb3_4&Prime;][et_pb_text _builder_version=\u00a0\u00bb3.22.1&Prime; module_id=\u00a0\u00bbcontenu\u00a0\u00bb text_text_shadow_horizontal_length=\u00a0\u00bbtext_text_shadow_style,%91object Object%93&Prime; text_text_shadow_vertical_length=\u00a0\u00bbtext_text_shadow_style,%91object Object%93&Prime; text_text_shadow_blur_strength=\u00a0\u00bbtext_text_shadow_style,%91object Object%93&Prime; link_text_shadow_horizontal_length=\u00a0\u00bblink_text_shadow_style,%91object Object%93&Prime; link_text_shadow_vertical_length=\u00a0\u00bblink_text_shadow_style,%91object Object%93&Prime; link_text_shadow_blur_strength=\u00a0\u00bblink_text_shadow_style,%91object Object%93&Prime; ul_text_shadow_horizontal_length=\u00a0\u00bbul_text_shadow_style,%91object Object%93&Prime; ul_text_shadow_vertical_length=\u00a0\u00bbul_text_shadow_style,%91object Object%93&Prime; ul_text_shadow_blur_strength=\u00a0\u00bbul_text_shadow_style,%91object Object%93&Prime; ol_text_shadow_horizontal_length=\u00a0\u00bbol_text_shadow_style,%91object Object%93&Prime; ol_text_shadow_vertical_length=\u00a0\u00bbol_text_shadow_style,%91object Object%93&Prime; ol_text_shadow_blur_strength=\u00a0\u00bbol_text_shadow_style,%91object Object%93&Prime; quote_text_shadow_horizontal_length=\u00a0\u00bbquote_text_shadow_style,%91object Object%93&Prime; quote_text_shadow_vertical_length=\u00a0\u00bbquote_text_shadow_style,%91object Object%93&Prime; quote_text_shadow_blur_strength=\u00a0\u00bbquote_text_shadow_style,%91object Object%93&Prime; header_text_shadow_horizontal_length=\u00a0\u00bbheader_text_shadow_style,%91object Object%93&Prime; header_text_shadow_vertical_length=\u00a0\u00bbheader_text_shadow_style,%91object Object%93&Prime; header_text_shadow_blur_strength=\u00a0\u00bbheader_text_shadow_style,%91object Object%93&Prime; header_2_text_shadow_horizontal_length=\u00a0\u00bbheader_2_text_shadow_style,%91object Object%93&Prime; header_2_text_shadow_vertical_length=\u00a0\u00bbheader_2_text_shadow_style,%91object Object%93&Prime; header_2_text_shadow_blur_strength=\u00a0\u00bbheader_2_text_shadow_style,%91object Object%93&Prime; header_3_text_shadow_horizontal_length=\u00a0\u00bbheader_3_text_shadow_style,%91object Object%93&Prime; header_3_text_shadow_vertical_length=\u00a0\u00bbheader_3_text_shadow_style,%91object Object%93&Prime; header_3_text_shadow_blur_strength=\u00a0\u00bbheader_3_text_shadow_style,%91object Object%93&Prime; header_4_text_shadow_horizontal_length=\u00a0\u00bbheader_4_text_shadow_style,%91object Object%93&Prime; header_4_text_shadow_vertical_length=\u00a0\u00bbheader_4_text_shadow_style,%91object Object%93&Prime; header_4_text_shadow_blur_strength=\u00a0\u00bbheader_4_text_shadow_style,%91object Object%93&Prime; header_5_text_shadow_horizontal_length=\u00a0\u00bbheader_5_text_shadow_style,%91object Object%93&Prime; header_5_text_shadow_vertical_length=\u00a0\u00bbheader_5_text_shadow_style,%91object Object%93&Prime; header_5_text_shadow_blur_strength=\u00a0\u00bbheader_5_text_shadow_style,%91object Object%93&Prime; header_6_text_shadow_horizontal_length=\u00a0\u00bbheader_6_text_shadow_style,%91object Object%93&Prime; header_6_text_shadow_vertical_length=\u00a0\u00bbheader_6_text_shadow_style,%91object Object%93&Prime; header_6_text_shadow_blur_strength=\u00a0\u00bbheader_6_text_shadow_style,%91object Object%93&Prime; z_index_tablet=\u00a0\u00bb500&Prime;]<\/p>\n<h1>Demande d&rsquo;arriv\u00e9e d&rsquo;une autre universit\u00e9 vers l&rsquo;UFR de m\u00e9decine d&rsquo;Universit\u00e9 Paris Cit\u00e9<\/h1>\n<p>Vous \u00eates d\u00e9j\u00e0 \u00e9tudiant en m\u00e9decine dans une universit\u00e9 fran\u00e7aise ou d&rsquo;un pays de l&rsquo;Union Europ\u00e9enne et vous souhaitez continuer vos \u00e9tudes \u00e0 l\u2019UFR de m\u00e9decine &#8211; Universit\u00e9 Paris Cit\u00e9\u00a0:<\/p>\n<p><strong><em>Attention : Aucun transfert n&rsquo;est possible en DFGSM2 et DFGSM3<\/em><\/strong><\/p>\n<p>Un dossier de demande peut \u00eatre d\u00e9pos\u00e9 pour les niveaux suivants :<\/p>\n<ul>\n<li>DFASM1<\/li>\n<li>DFASM2<\/li>\n<li>DFASM3<\/li>\n<\/ul>\n<p>Le dossier de candidature doit comporter :<\/p>\n<ul>\n<li><a href=\"https:\/\/wordpress-test.app.u-pariscite.fr\/medecine\/wp-content\/uploads\/sites\/24\/2023\/03\/2023-01-25-formulaire-demande-de-transfert-ACCUEIL-\u00e0-lUFR-de-medecine-UPC-1.pdf\" target=\"_blank\" rel=\"noopener noreferrer\">Le formulaire de l&rsquo;UFR de M\u00e9decine &#8211; Universit\u00e9 Paris Cit\u00e9<\/a><br \/>Ce formulaire doit \u00eatre compl\u00e9t\u00e9 par l&rsquo;\u00e9tudiant et sign\u00e9 par le directeur de l&rsquo;UFR actuelle\u00a0<\/li>\n<li>Lettre de motivation<\/li>\n<li>Curriculum vitae<\/li>\n<li>Relev\u00e9s de notes depuis le baccalaur\u00e9at<\/li>\n<li>Justificatifs de la demande (certificats m\u00e9dicaux, situation familiale, double dipl\u00f4me \u2026)<\/li>\n<\/ul>\n<p>Le dossier peut \u00eatre envoy\u00e9 du <strong>2 avril au<\/strong>\u00a0<strong>jusqu\u2019au 28 juin 2024 au plus tard,<\/strong>\u00a0par e-mail \u00e0\u00a0:<strong>\u00a0<\/strong><a href=\"mailto:transfert.medecine@wordpress-test.app.u-pariscite.fr\" target=\"_blank\" rel=\"noopener noreferrer\"><strong>transfert.medecine@wordpress-test.app.u-pariscite.fr<\/strong><\/a><\/p>\n<p><b>Tout dossier r\u00e9ceptionn\u00e9 apr\u00e8s le 28 <\/b><b>juin 2024 ne sera pas \u00e9tudi\u00e9. <\/b><\/p>\n<p>\u00a0<\/p>\n<p>[\/et_pb_text][\/et_pb_column][et_pb_column type=\u00a0\u00bb1_4&Prime;][\/et_pb_column][\/et_pb_row][\/et_pb_section][et_pb_section bb_built=\u00a0\u00bb1&Prime; specialty=\u00a0\u00bboff\u00a0\u00bb _builder_version=\u00a0\u00bb3.21&Prime; custom_padding=\u00a0\u00bb0px||0px|\u00a0\u00bb prev_background_color=\u00a0\u00bb#000000&Prime; inner_width=\u00a0\u00bbauto\u00a0\u00bb inner_max_width=\u00a0\u00bbnone\u00a0\u00bb][et_pb_row _builder_version=\u00a0\u00bb3.19.11&Prime; width=\u00a0\u00bb80%\u00a0\u00bb max_width=\u00a0\u00bb1080px\u00a0\u00bb][et_pb_column type=\u00a0\u00bb4_4&Prime;][et_pb_text admin_label=\u00a0\u00bb\u00c0 lire aussi\u00a0\u00bb _builder_version=\u00a0\u00bb3.21&Prime;]<\/p>\n<h2><span class=\"st\">\u00c0<\/span> lire aussi<\/h2>\n<p>[\/et_pb_text][et_pb_blog _builder_version=\u00a0\u00bb3.21&Prime; posts_number=\u00a0\u00bb4&Prime; include_categories=\u00a0\u00bb13&Prime; show_author=\u00a0\u00bboff\u00a0\u00bb show_date=\u00a0\u00bboff\u00a0\u00bb show_pagination=\u00a0\u00bboff\u00a0\u00bb border_width_bottom_fullwidth=\u00a0\u00bb1px\u00a0\u00bb border_color_bottom_fullwidth=\u00a0\u00bbrgba(51,51,51,0.18)\u00a0\u00bb custom_padding=\u00a0\u00bb||50px|\u00a0\u00bb module_id=\u00a0\u00bbpage_type_blog\u00a0\u00bb header_level=\u00a0\u00bbh4&Prime; \/][\/et_pb_column][\/et_pb_row][\/et_pb_section]<\/p>\n","protected":false},"excerpt":{"rendered":"<div class=\"et_pb_row et_pb_row_0 et_pb_row_empty\"><\/div>\n<div class=\"et_pb_row et_pb_row_1 et_pb_row_empty\"><\/div>\n<p> Demande d&rsquo;arriv\u00e9e d&rsquo;une autre universit\u00e9 vers l&rsquo;UFR de m\u00e9decine d&rsquo;Universit\u00e9 Paris Cit\u00e9Vous \u00eates d\u00e9j\u00e0 \u00e9tudiant en m\u00e9decine dans une universit\u00e9 fran\u00e7aise ou d&rsquo;un pays de l&rsquo;Union Europ\u00e9enne et vous souhaitez continuer vos \u00e9tudes \u00e0 l\u2019UFR de m\u00e9decine &#8211; Universit\u00e9 Paris Cit\u00e9\u00a0:Attention : Aucun transfert n&rsquo;est possible en DFGSM2 et DFGSM3Un dossier de demande peut&hellip; <a class=\"continue\" href=\"https:\/\/wordpress-test.app.u-pariscite.fr\/medecine\/transferts-entrants\/\">Lire la suite<span> Transferts entrants<\/span><\/a><\/p>\n","protected":false},"author":234,"featured_media":0,"parent":0,"menu_order":0,"comment_status":"closed","ping_status":"closed","template":"","meta":{"_et_pb_use_builder":"on","_et_pb_old_content":"<h2><strong>DEMANDE DE TRANSFERT ARRIV\u00c9E D'UNE AUTRE UNIVERSIT\u00c9 VERS L'UFR DE MEDECINE - <\/strong><strong>UNIVERSITE DE PARIS<\/strong><\/h2><p>Vous \u00eates d\u00e9j\u00e0 \u00e9tudiant en m\u00e9decine et vous souhaitez continuer vos \u00e9tudes \u00e0 l\u2019UFR de m\u00e9decine - Universit\u00e9 Paris Cit\u00e9\u00a0 :<\/p><p><strong><u>ATTENTION<\/u><\/strong><u> : Aucun transfert n\u2019est possible en DFGSM2 et en DFGSM3.<\/u><\/p><p>Certains dossiers sont accept\u00e9s pour les niveaux suivants :<\/p><ul><li>DFASM1<\/li><li>DFASM2<\/li><li>DFASM3<\/li><\/ul><p>A cela, deux conditions pr\u00e9alables :<\/p><ul><li>Avoir l\u2019accord \u00e9crit du doyen de son UFR d\u2019origine<\/li><li>Avoir valid\u00e9 l\u2019int\u00e9gralit\u00e9 de son ann\u00e9e \u00e0 la premi\u00e8re session dans son UFR d\u2019origine<\/li><\/ul><p>Le dossier de candidature doit comporter :<\/p><ul><li>le formulaire de l'UFR de M\u00e9decine - Universit\u00e9 Paris Cit\u00e9 ou utilisez celui de l'universit\u00e9 d'accueil :\u00a0<strong><a href=\"https:\/\/wordpress-test.app.u-pariscite.fr\/medecine\/wp-content\/uploads\/sites\/24\/2021\/04\/formulaire-demande-de-transfert-ACCUEIL-\u00e0-lUFR-de-medecine-UP.pdf\">formulaire demande de transfert<\/a><\/strong><\/li><li>Lettre de motivation<\/li><li>Curriculum vitae<\/li><li>Relev\u00e9s de notes depuis le concours d\u2019entr\u00e9e en m\u00e9decine<\/li><li>Accord \u00e9crit du doyen de l\u2019UFR d\u2019origine<\/li><li>Justificatifs de la demande (certificats m\u00e9dicaux, situation familiale, \u2026)<\/li><li>Le dossier doit \u00eatre envoy\u00e9 <strong>avant le 1 mai 2021<\/strong> de mani\u00e8re <strong>num\u00e9ris\u00e9e<\/strong> \u00e0 l'adresse suivante: <strong><a href=\"mailto:estelle.deckers@wordpress-test.app.u-pariscite.fr%20(link%20sends%20e-mail)\">estelle.deckers@wordpress-test.app.u-pariscite.fr\u00a0<\/a><\/strong><\/li><\/ul><p>\u00a0<\/p><p>\u00a0<\/p><p>\u00a0<\/p><p>\u00a0<\/p>","_et_gb_content_width":"","footnotes":""},"class_list":["post-24620","page","type-page","status-publish","hentry"],"_links":{"self":[{"href":"https:\/\/wordpress-test.app.u-pariscite.fr\/medecine\/wp-json\/wp\/v2\/pages\/24620","targetHints":{"allow":["GET"]}}],"collection":[{"href":"https:\/\/wordpress-test.app.u-pariscite.fr\/medecine\/wp-json\/wp\/v2\/pages"}],"about":[{"href":"https:\/\/wordpress-test.app.u-pariscite.fr\/medecine\/wp-json\/wp\/v2\/types\/page"}],"author":[{"embeddable":true,"href":"https:\/\/wordpress-test.app.u-pariscite.fr\/medecine\/wp-json\/wp\/v2\/users\/234"}],"replies":[{"embeddable":true,"href":"https:\/\/wordpress-test.app.u-pariscite.fr\/medecine\/wp-json\/wp\/v2\/comments?post=24620"}],"version-history":[{"count":29,"href":"https:\/\/wordpress-test.app.u-pariscite.fr\/medecine\/wp-json\/wp\/v2\/pages\/24620\/revisions"}],"predecessor-version":[{"id":28711,"href":"https:\/\/wordpress-test.app.u-pariscite.fr\/medecine\/wp-json\/wp\/v2\/pages\/24620\/revisions\/28711"}],"wp:attachment":[{"href":"https:\/\/wordpress-test.app.u-pariscite.fr\/medecine\/wp-json\/wp\/v2\/media?parent=24620"}],"curies":[{"name":"wp","href":"https:\/\/api.w.org\/{rel}","templated":true}]}}