{"id":24149,"date":"2021-02-18T19:52:10","date_gmt":"2021-02-18T18:52:10","guid":{"rendered":"https:\/\/wordpress-test.app.u-pariscite.fr\/medecine\/?page_id=24149"},"modified":"2023-06-08T16:22:50","modified_gmt":"2023-06-08T14:22:50","slug":"aides-psychologiques","status":"publish","type":"page","link":"https:\/\/wordpress-test.app.u-pariscite.fr\/medecine\/aides-psychologiques\/","title":{"rendered":"Aides psychologiques"},"content":{"rendered":"<p>[et_pb_section bb_built=\u00a0\u00bb1&Prime; next_background_color=\u00a0\u00bb#000000&Prime; inner_width=\u00a0\u00bbauto\u00a0\u00bb inner_max_width=\u00a0\u00bbnone\u00a0\u00bb][et_pb_row][et_pb_column type=\u00a0\u00bb4_4&Prime;][et_pb_post_title admin_label=\u00a0\u00bbTitre de la page\u00a0\u00bb _builder_version=\u00a0\u00bb3.19.11&Prime; meta=\u00a0\u00bboff\u00a0\u00bb featured_image=\u00a0\u00bboff\u00a0\u00bb \/][\/et_pb_column][\/et_pb_row][et_pb_row][et_pb_column type=\u00a0\u00bb3_4&Prime;][et_pb_text admin_label=\u00a0\u00bbIntro\u00a0\u00bb _builder_version=\u00a0\u00bb3.22.1&Prime; module_id=\u00a0\u00bbintro\u00a0\u00bb text_text_shadow_horizontal_length=\u00a0\u00bbtext_text_shadow_style,%91object Object%93&Prime; text_text_shadow_vertical_length=\u00a0\u00bbtext_text_shadow_style,%91object Object%93&Prime; text_text_shadow_blur_strength=\u00a0\u00bbtext_text_shadow_style,%91object Object%93&Prime; link_text_shadow_horizontal_length=\u00a0\u00bblink_text_shadow_style,%91object Object%93&Prime; link_text_shadow_vertical_length=\u00a0\u00bblink_text_shadow_style,%91object Object%93&Prime; link_text_shadow_blur_strength=\u00a0\u00bblink_text_shadow_style,%91object Object%93&Prime; ul_text_shadow_horizontal_length=\u00a0\u00bbul_text_shadow_style,%91object Object%93&Prime; ul_text_shadow_vertical_length=\u00a0\u00bbul_text_shadow_style,%91object Object%93&Prime; ul_text_shadow_blur_strength=\u00a0\u00bbul_text_shadow_style,%91object Object%93&Prime; ol_text_shadow_horizontal_length=\u00a0\u00bbol_text_shadow_style,%91object Object%93&Prime; ol_text_shadow_vertical_length=\u00a0\u00bbol_text_shadow_style,%91object Object%93&Prime; ol_text_shadow_blur_strength=\u00a0\u00bbol_text_shadow_style,%91object Object%93&Prime; quote_text_shadow_horizontal_length=\u00a0\u00bbquote_text_shadow_style,%91object Object%93&Prime; quote_text_shadow_vertical_length=\u00a0\u00bbquote_text_shadow_style,%91object Object%93&Prime; quote_text_shadow_blur_strength=\u00a0\u00bbquote_text_shadow_style,%91object Object%93&Prime; header_text_shadow_horizontal_length=\u00a0\u00bbheader_text_shadow_style,%91object Object%93&Prime; header_text_shadow_vertical_length=\u00a0\u00bbheader_text_shadow_style,%91object Object%93&Prime; header_text_shadow_blur_strength=\u00a0\u00bbheader_text_shadow_style,%91object Object%93&Prime; header_2_text_shadow_horizontal_length=\u00a0\u00bbheader_2_text_shadow_style,%91object Object%93&Prime; header_2_text_shadow_vertical_length=\u00a0\u00bbheader_2_text_shadow_style,%91object Object%93&Prime; header_2_text_shadow_blur_strength=\u00a0\u00bbheader_2_text_shadow_style,%91object Object%93&Prime; header_3_text_shadow_horizontal_length=\u00a0\u00bbheader_3_text_shadow_style,%91object Object%93&Prime; header_3_text_shadow_vertical_length=\u00a0\u00bbheader_3_text_shadow_style,%91object Object%93&Prime; header_3_text_shadow_blur_strength=\u00a0\u00bbheader_3_text_shadow_style,%91object Object%93&Prime; header_4_text_shadow_horizontal_length=\u00a0\u00bbheader_4_text_shadow_style,%91object Object%93&Prime; header_4_text_shadow_vertical_length=\u00a0\u00bbheader_4_text_shadow_style,%91object Object%93&Prime; header_4_text_shadow_blur_strength=\u00a0\u00bbheader_4_text_shadow_style,%91object Object%93&Prime; header_5_text_shadow_horizontal_length=\u00a0\u00bbheader_5_text_shadow_style,%91object Object%93&Prime; header_5_text_shadow_vertical_length=\u00a0\u00bbheader_5_text_shadow_style,%91object Object%93&Prime; header_5_text_shadow_blur_strength=\u00a0\u00bbheader_5_text_shadow_style,%91object Object%93&Prime; header_6_text_shadow_horizontal_length=\u00a0\u00bbheader_6_text_shadow_style,%91object Object%93&Prime; header_6_text_shadow_vertical_length=\u00a0\u00bbheader_6_text_shadow_style,%91object Object%93&Prime; header_6_text_shadow_blur_strength=\u00a0\u00bbheader_6_text_shadow_style,%91object Object%93&Prime; z_index_tablet=\u00a0\u00bb500&Prime;]<\/p>\n<div class=\"page\" title=\"Page 1\">\n<div class=\"layoutArea\">\n<div class=\"column\">\n<p>Retrouvez sur cette page les aides psychologiques d\u00e9di\u00e9es aux \u00e9tudiants de l&rsquo;UFR, aux \u00e9tudiants UP ainsi que les structures d&rsquo;aide ext\u00e9rieures.\u00a0<\/p>\n<\/div>\n<\/div>\n<\/div>\n<p>[\/et_pb_text][\/et_pb_column][et_pb_column type=\u00a0\u00bb1_4&Prime;][\/et_pb_column][\/et_pb_row][et_pb_row _builder_version=\u00a0\u00bb3.19.11&Prime; module_id=\u00a0\u00bbimage-page-type\u00a0\u00bb width=\u00a0\u00bb80%\u00a0\u00bb max_width=\u00a0\u00bb1080px\u00a0\u00bb][et_pb_column type=\u00a0\u00bb3_4&Prime;][et_pb_image admin_label=\u00a0\u00bbImage 1920 x 1080&Prime; _builder_version=\u00a0\u00bb3.22.1&Prime; src=\u00a0\u00bbhttps:\/\/wordpress-test.app.u-pariscite.fr\/medecine\/wp-content\/uploads\/sites\/24\/2020\/12\/stock-image-206249520-m-2015-1.jpg\u00a0\u00bb module_id=\u00a0\u00bbimage-page\u00a0\u00bb z_index_tablet=\u00a0\u00bb500&Prime; \/][\/et_pb_column][et_pb_column type=\u00a0\u00bb1_4&Prime;][et_pb_text admin_label=\u00a0\u00bbTexte image\u00a0\u00bb _builder_version=\u00a0\u00bb3.22.1&Prime; module_id=\u00a0\u00bbtexte-image\u00a0\u00bb custom_margin=\u00a0\u00bb|-15px||\u00a0\u00bb text_text_shadow_horizontal_length=\u00a0\u00bbtext_text_shadow_style,%91object Object%93&Prime; text_text_shadow_vertical_length=\u00a0\u00bbtext_text_shadow_style,%91object Object%93&Prime; text_text_shadow_blur_strength=\u00a0\u00bbtext_text_shadow_style,%91object Object%93&Prime; link_text_shadow_horizontal_length=\u00a0\u00bblink_text_shadow_style,%91object Object%93&Prime; link_text_shadow_vertical_length=\u00a0\u00bblink_text_shadow_style,%91object Object%93&Prime; link_text_shadow_blur_strength=\u00a0\u00bblink_text_shadow_style,%91object Object%93&Prime; ul_text_shadow_horizontal_length=\u00a0\u00bbul_text_shadow_style,%91object Object%93&Prime; ul_text_shadow_vertical_length=\u00a0\u00bbul_text_shadow_style,%91object Object%93&Prime; ul_text_shadow_blur_strength=\u00a0\u00bbul_text_shadow_style,%91object Object%93&Prime; ol_text_shadow_horizontal_length=\u00a0\u00bbol_text_shadow_style,%91object Object%93&Prime; ol_text_shadow_vertical_length=\u00a0\u00bbol_text_shadow_style,%91object Object%93&Prime; ol_text_shadow_blur_strength=\u00a0\u00bbol_text_shadow_style,%91object Object%93&Prime; quote_text_shadow_horizontal_length=\u00a0\u00bbquote_text_shadow_style,%91object Object%93&Prime; quote_text_shadow_vertical_length=\u00a0\u00bbquote_text_shadow_style,%91object Object%93&Prime; quote_text_shadow_blur_strength=\u00a0\u00bbquote_text_shadow_style,%91object Object%93&Prime; header_text_shadow_horizontal_length=\u00a0\u00bbheader_text_shadow_style,%91object Object%93&Prime; header_text_shadow_vertical_length=\u00a0\u00bbheader_text_shadow_style,%91object Object%93&Prime; header_text_shadow_blur_strength=\u00a0\u00bbheader_text_shadow_style,%91object Object%93&Prime; header_2_text_shadow_horizontal_length=\u00a0\u00bbheader_2_text_shadow_style,%91object Object%93&Prime; header_2_text_shadow_vertical_length=\u00a0\u00bbheader_2_text_shadow_style,%91object Object%93&Prime; header_2_text_shadow_blur_strength=\u00a0\u00bbheader_2_text_shadow_style,%91object Object%93&Prime; header_3_text_shadow_horizontal_length=\u00a0\u00bbheader_3_text_shadow_style,%91object Object%93&Prime; header_3_text_shadow_vertical_length=\u00a0\u00bbheader_3_text_shadow_style,%91object Object%93&Prime; header_3_text_shadow_blur_strength=\u00a0\u00bbheader_3_text_shadow_style,%91object Object%93&Prime; header_4_text_shadow_horizontal_length=\u00a0\u00bbheader_4_text_shadow_style,%91object Object%93&Prime; header_4_text_shadow_vertical_length=\u00a0\u00bbheader_4_text_shadow_style,%91object Object%93&Prime; header_4_text_shadow_blur_strength=\u00a0\u00bbheader_4_text_shadow_style,%91object Object%93&Prime; header_5_text_shadow_horizontal_length=\u00a0\u00bbheader_5_text_shadow_style,%91object Object%93&Prime; header_5_text_shadow_vertical_length=\u00a0\u00bbheader_5_text_shadow_style,%91object Object%93&Prime; header_5_text_shadow_blur_strength=\u00a0\u00bbheader_5_text_shadow_style,%91object Object%93&Prime; header_6_text_shadow_horizontal_length=\u00a0\u00bbheader_6_text_shadow_style,%91object Object%93&Prime; header_6_text_shadow_vertical_length=\u00a0\u00bbheader_6_text_shadow_style,%91object Object%93&Prime; header_6_text_shadow_blur_strength=\u00a0\u00bbheader_6_text_shadow_style,%91object Object%93&Prime; z_index_tablet=\u00a0\u00bb500&Prime; \/][\/et_pb_column][\/et_pb_row][et_pb_row][et_pb_column type=\u00a0\u00bb3_4&Prime;][et_pb_toggle admin_label=\u00a0\u00bbDispositif d\u00e9di\u00e9 aux \u00e9tudiants de l&rsquo;UFR \u00a0\u00bb _builder_version=\u00a0\u00bb3.22.1&Prime; title=\u00a0\u00bbDispositif d\u00e9di\u00e9 aux \u00e9tudiants de l&rsquo;UFR \u00a0\u00bb text_shadow_horizontal_length=\u00a0\u00bbtext_shadow_style,%91object Object%93&Prime; text_shadow_vertical_length=\u00a0\u00bbtext_shadow_style,%91object Object%93&Prime; text_shadow_blur_strength=\u00a0\u00bbtext_shadow_style,%91object Object%93&Prime; title_text_shadow_horizontal_length=\u00a0\u00bbtitle_text_shadow_style,%91object Object%93&Prime; title_text_shadow_vertical_length=\u00a0\u00bbtitle_text_shadow_style,%91object Object%93&Prime; title_text_shadow_blur_strength=\u00a0\u00bbtitle_text_shadow_style,%91object Object%93&Prime; body_text_shadow_horizontal_length=\u00a0\u00bbbody_text_shadow_style,%91object Object%93&Prime; body_text_shadow_vertical_length=\u00a0\u00bbbody_text_shadow_style,%91object Object%93&Prime; body_text_shadow_blur_strength=\u00a0\u00bbbody_text_shadow_style,%91object Object%93&Prime; z_index_tablet=\u00a0\u00bb500&Prime; disabled=\u00a0\u00bbon\u00a0\u00bb disabled_on=\u00a0\u00bbon|on|on\u00a0\u00bb]<\/p>\n<h3><span style=\"color: #000000\">Le PPOP et le dispositif DIADE fusionnent.<\/span><\/h3>\n<p>Ils proposent des consultations de pr\u00e9vention secondaire en sant\u00e9 mentale au sein de l\u2019UFR pour les \u00e9tudiants qui rencontrent des difficult\u00e9s dans leurs \u00e9tudes, dans leurs stages ou dans leur vie personnelle, qui se sentent stress\u00e9s ou d\u00e9pass\u00e9s, et qui ne savent pas \u00e0 qui en parler.<\/p>\n<p>Il s\u2019agit d\u2019un temps d\u2019\u00e9coute, gratuit et confidentiel, soumis au secret m\u00e9dical, avec un psychiatre qui envisagera avec l\u2019\u00e9tudiant ce dont il a besoin, pourra l\u2019accompagner et l\u2019encourager \u00e0 mettre en place des solutions \u00e0 ses difficult\u00e9s, ou l\u2019orientera vers le bon interlocuteur \u00e0 l\u2019ext\u00e9rieur de la facult\u00e9 si des soins sont n\u00e9cessaires.<\/p>\n<p>Il ne s\u2019agit pas d\u2019un suivi psychiatrique ou psychoth\u00e9rapeutique au sein de la facult\u00e9.<\/p>\n<p>Les psychiatres consultants sont aussi disponibles pour \u00e9couter quiconque (\u00e9tudiant ou enseignant) qui s\u2019inqui\u00e8te pour un autre \u00e9tudiant et qui ne sait pas comment s\u2019y prendre pour l\u2019aider \u00e0 trouver de l\u2019aide. Nous avons pens\u00e9 ce dispositif \u00ab\u00a0aider \u00e0 se faire aider\u00a0\u00bb avec le plus haut niveau de respect de celui dont on s\u2019inqui\u00e8te, de ses libert\u00e9s individuelles et du secret m\u00e9dical.<\/p>\n<p><strong>Les consultations sont assur\u00e9es sur deux sites :<\/strong><\/p>\n<ul>\n<li><strong>Site Cochin, 24 rue du Faubourg St-Jacques, 75014 Paris<\/strong>\n<ul>\n<li>Le site initial du P\u00f4le de Pr\u00e9vention et d\u2019Orientation Psychologique (PPOP)<\/li>\n<li>Prise de rendez-vous obligatoire par mail : <strong><a href=\"mailto:psy.ppop.medecine@wordpress-test.app.u-pariscite.fr\" target=\"_blank\" rel=\"noopener noreferrer\">psy.ppop.medecine@wordpress-test.app.u-pariscite.fr<\/a>\u00a0<\/strong><\/li>\n<li>Consultations assur\u00e9es par la Dre Christelle Hourantier<\/li>\n<\/ul>\n<\/li>\n<\/ul>\n<ul>\n<li><strong>Site Villemin, 10 avenue de Verdun, 75010 Paris &#8211; salle 1.3, sans RDV 1 mardi par mois de 9H30 \u00e0 18H<br \/><\/strong>\n<ul>\n<li>Le site initial du Dispositif d\u2019Accueil et d\u2019\u00c9coute des \u00e9tudiants (DIADE)<\/li>\n<li>Prise de rendez-vous obligatoire par mail.<\/li>\n<\/ul>\n<\/li>\n<\/ul>\n<p>Consultations assur\u00e9es en alternance par les psychiatres du SUPADO du CH d\u2019Argenteuil.<br \/><span style=\"color: #800000\"><strong><br \/>Permanences DIADE 2021-2022<br \/><\/strong><\/span>Mardi 16 novembre 2021 : Marie Valentin <br \/>Mardi 14 d\u00e9cembre 2021 : Thomas Huppert <br \/>Mardi 11 janvier 2022 : Jordan Sibeoni <br \/>Mardi 15 f\u00e9vrier 2022 : L\u00e9a Grau <br \/>Mardi 15 mars 2022 : L\u00e9a Grau <br \/>Mardi 12 avril 2022 : Jordan Sibeoni <br \/>Mardi 17 mai 2022 : Elise Jean <br \/>Mardi 14 juin 2022 : Elise Jean<\/p>\n<p>Les rencontres durent environ 45 min, et pourront se r\u00e9p\u00e9ter tant que le psychiatre et l\u2019\u00e9tudiant le pense n\u00e9cessaire.<\/p>\n<p>Pour nous contacter : <strong><a href=\"mailto:psy.ppop.medecine@wordpress-test.app.u-pariscite.fr\" target=\"_blank\" rel=\"noopener noreferrer\">psy.ppop.medecine@wordpress-test.app.u-pariscite.fr<\/a> <\/strong><\/p>\n<p><strong>PS : n\u2019h\u00e9sitez pas \u00e0 nous contacter m\u00eame si vous pensez que cela n\u2019en vaut pas la peine, nous pr\u00e9f\u00e9rons vous recevoir \u00ab\u00a0pour rien\u00a0\u00bb que vous voir apr\u00e8s que vos difficult\u00e9s n\u2019aient eu des cons\u00e9quences sur votre vie ou votre parcours.<\/strong><\/p>\n<p>[\/et_pb_toggle][et_pb_toggle admin_label=\u00a0\u00bbDispositif d\u00e9di\u00e9 aux \u00e9tudiants en sant\u00e9 : PPOPSUP\u00a0\u00bb _builder_version=\u00a0\u00bb3.22.1&Prime; title=\u00a0\u00bbDispositif d\u00e9di\u00e9 aux \u00e9tudiants en sant\u00e9 : PPOPSUP\u00a0\u00bb text_shadow_horizontal_length=\u00a0\u00bbtext_shadow_style,%91object Object%93&Prime; text_shadow_vertical_length=\u00a0\u00bbtext_shadow_style,%91object Object%93&Prime; text_shadow_blur_strength=\u00a0\u00bbtext_shadow_style,%91object Object%93&Prime; title_text_shadow_horizontal_length=\u00a0\u00bbtitle_text_shadow_style,%91object Object%93&Prime; title_text_shadow_vertical_length=\u00a0\u00bbtitle_text_shadow_style,%91object Object%93&Prime; title_text_shadow_blur_strength=\u00a0\u00bbtitle_text_shadow_style,%91object Object%93&Prime; body_text_shadow_horizontal_length=\u00a0\u00bbbody_text_shadow_style,%91object Object%93&Prime; body_text_shadow_vertical_length=\u00a0\u00bbbody_text_shadow_style,%91object Object%93&Prime; body_text_shadow_blur_strength=\u00a0\u00bbbody_text_shadow_style,%91object Object%93&Prime; z_index_tablet=\u00a0\u00bb500&Prime;]<\/p>\n<p>La Facult\u00e9 de Sant\u00e9 met \u00e0 disposition des \u00e9tudiantes et \u00e9tudiants\u00a0des consultations d\u2019accompagnement psychologique destin\u00e9es \u00e0 apporter \u00e9coute et soutien dans le cadre des \u00e9tudes de sant\u00e9, le PPOPSUP.<\/p>\n<p>Ces s\u00e9ances, assur\u00e9es par des professionnelles et professionnels de la sant\u00e9 mentale, sont gratuites, confidentielles et accueillent les \u00e9tudiantes et \u00e9tudiants sur les lieux d\u2019\u00e9tude.<br \/>Elles s\u2019adressent aux \u00e9tudiantes et \u00e9tudiants en sant\u00e9 qui en ressentiraient le besoin ou \u00e0 toute personne (\u00e9tudiante, \u00e9tudiant, enseignante, enseignant, personnel administratif) qui souhaiterait aider une \u00e9tudiante ou un \u00e9tudiant en difficult\u00e9.<\/p>\n<blockquote>\n<p><a href=\"https:\/\/wordpress-test.app.u-pariscite.fr\/sante\/pole-de-prevention-et-dorientation-psychologique-pour-les-etudiants-en-sante-duniversite-paris-cite\/\">Comment consulter ?\u00a0<\/a><\/p>\n<\/blockquote>\n<p>[\/et_pb_toggle][et_pb_toggle admin_label=\u00a0\u00bbDispositifs d\u00e9di\u00e9s \u00e0 l&rsquo;ensemble des \u00e9tudiants d&rsquo;Universit\u00e9 Paris Cit\u00e9 \u00a0\u00bb _builder_version=\u00a0\u00bb3.22.1&Prime; title=\u00a0\u00bbDispositifs d\u00e9di\u00e9s \u00e0 l&rsquo;ensemble des \u00e9tudiants d&rsquo;Universit\u00e9 Paris Cit\u00e9 \u00a0\u00bb text_shadow_horizontal_length=\u00a0\u00bbtext_shadow_style,%91object Object%93&Prime; text_shadow_vertical_length=\u00a0\u00bbtext_shadow_style,%91object Object%93&Prime; text_shadow_blur_strength=\u00a0\u00bbtext_shadow_style,%91object Object%93&Prime; title_text_shadow_horizontal_length=\u00a0\u00bbtitle_text_shadow_style,%91object Object%93&Prime; title_text_shadow_vertical_length=\u00a0\u00bbtitle_text_shadow_style,%91object Object%93&Prime; title_text_shadow_blur_strength=\u00a0\u00bbtitle_text_shadow_style,%91object Object%93&Prime; body_text_shadow_horizontal_length=\u00a0\u00bbbody_text_shadow_style,%91object Object%93&Prime; body_text_shadow_vertical_length=\u00a0\u00bbbody_text_shadow_style,%91object Object%93&Prime; body_text_shadow_blur_strength=\u00a0\u00bbbody_text_shadow_style,%91object Object%93&Prime; z_index_tablet=\u00a0\u00bb500&Prime;]<\/p>\n<h3>SSU &#8211; Service de sant\u00e9 universitaire<\/h3>\n<p>Parce que les \u00e9tudes peuvent engendrer stress et inqui\u00e9tudes, parce que vous devez faire face \u00e0 une situation personnelle compliqu\u00e9e, parce que vous avez des questions et\/ou vous avez \u00ab\u00a0juste\u00a0\u00bb envie de parler et d\u2019\u00eatre \u00e9cout\u00e9\u2026<br \/>Plusieurs psychologues sont \u00e0 votre \u00e9coute sur diff\u00e9rents sites d&rsquo;Universit\u00e9 Paris Cit\u00e9 pour des consultations d\u2019aide, d\u2019\u00e9coute et de suivi psychologique. Des m\u00e9decins psychiatres sont \u00e9galement \u00e0 votre \u00e9coute au sein de notre centre de sant\u00e9.<\/p>\n<p><a href=\"https:\/\/wordpress-test.app.u-pariscite.fr\/service-sante\/aide-psychologique\/\" target=\"_blank\" rel=\"noopener noreferrer\"><strong>Consultez la page \u00ab\u00a0Aide psychologique\u00a0\u00bb<\/strong><\/a><\/p>\n<p style=\"margin: 0cm;margin-bottom: .0001pt;text-align: justify\"><span style=\"font-family: 'Arial',sans-serif;color: black\">Des aides locales et nationales permettent aux \u00e9tudiants d\u2019<\/span><span style=\"font-family: 'Arial',sans-serif\"><a href=\"https:\/\/www.crous-paris.fr\/social-et-accompagnement\/soutien-et-ecoute\/accompagnement-psychologique\/\" target=\"_blank\" rel=\"noopener noreferrer\"><strong>avoir un soutien psychologique<\/strong><\/a><span style=\"color: black\"> par des professionnels de sant\u00e9 sur le campus, par des \u00e9tudiants volontaires, ou encore en permettant de consulter un psychologue avec jusqu\u2019\u00e0 8 s\u00e9ances gratuites.\u00a0<\/span><\/span><\/p>\n<p style=\"margin: 0cm;margin-bottom: .0001pt;text-align: justify\"><span style=\"font-family: 'Arial',sans-serif;color: black\">Les \u00e9tudiants peuvent aussi choisir une mutuelle qui couvre plus de s\u00e9ances, g\u00e9n\u00e9ralement jusqu\u2019\u00e0 20 par ann\u00e9e civile. On rappellera que les \u00e9tudiants sont libres de <\/span><span style=\"font-family: 'Arial',sans-serif\"><a href=\"https:\/\/goodassur.com\/mutuelle-sante\/choisir\" target=\"_blank\" rel=\"noopener noreferrer\"><strong>choisir leur mutuelle<\/strong><\/a><span style=\"color: black\"> selon les garanties qu\u2019ils souhaitent avoir, et peuvent la r\u00e9silier apr\u00e8s un an de contrat en envoyant une simple <\/span><strong><a href=\"https:\/\/lacliniquejuridique.fr\/consommation\/lettre-de-resiliation\" target=\"_blank\" rel=\"noopener noreferrer\">lettre de r\u00e9siliation<\/a><\/strong><span style=\"color: black\"><strong>.<\/strong>\u00a0<\/span><\/span><\/p>\n<p>[\/et_pb_toggle][et_pb_toggle admin_label=\u00a0\u00bbStructure ext\u00e9rieure \u00e0 Universit\u00e9 Paris Cit\u00e9\u00a0\u00bb _builder_version=\u00a0\u00bb3.22.1&Prime; title=\u00a0\u00bbStructure ext\u00e9rieure \u00e0 Universit\u00e9 Paris Cit\u00e9\u00a0\u00bb text_shadow_horizontal_length=\u00a0\u00bbtext_shadow_style,%91object Object%93&Prime; text_shadow_vertical_length=\u00a0\u00bbtext_shadow_style,%91object Object%93&Prime; text_shadow_blur_strength=\u00a0\u00bbtext_shadow_style,%91object Object%93&Prime; title_text_shadow_horizontal_length=\u00a0\u00bbtitle_text_shadow_style,%91object Object%93&Prime; title_text_shadow_vertical_length=\u00a0\u00bbtitle_text_shadow_style,%91object Object%93&Prime; title_text_shadow_blur_strength=\u00a0\u00bbtitle_text_shadow_style,%91object Object%93&Prime; body_text_shadow_horizontal_length=\u00a0\u00bbbody_text_shadow_style,%91object Object%93&Prime; body_text_shadow_vertical_length=\u00a0\u00bbbody_text_shadow_style,%91object Object%93&Prime; body_text_shadow_blur_strength=\u00a0\u00bbbody_text_shadow_style,%91object Object%93&Prime; z_index_tablet=\u00a0\u00bb500&Prime;]<\/p>\n<h3>Le BAPU &#8211; Bureau d\u2019aide psychologique universitaire<\/h3>\n<p><span style=\"color: #666666;font-size: 14px\">Le BAPU est un centre de consultation pour les \u00e9tudiants qui souhaitent une\u00a0aide psychologique.\u00a0<\/span><span style=\"color: #666666;font-size: 14px\">L\u2019\u00e9quipe de chaque BAPU est compos\u00e9e de psychiatres et psychologues (qui sont g\u00e9n\u00e9ralement aussi psychanalystes), d\u2019un assistant social et de personnel administratif.<\/span><\/p>\n<p>Les premi\u00e8res consultations, entretiens d\u2019accueil, permettent de pr\u00e9ciser la demande de l\u2019\u00e9tudiant.\u00a0Pour pouvoir consulter au BAPU, vous devez avoir une carte d\u2019\u00e9tudiant et \u00eatre affili\u00e9 \u00e0 la S\u00e9curit\u00e9 sociale. Selon vos besoins, vous pouvez venir de mani\u00e8re ponctuelle pour quelques consultations (50 % des jeunes accueillis viennent moins de 3 mois) ou vous engager dans une psychoth\u00e9rapie de type analytique, plus longue.<\/p>\n<p>Retrouvez les informations sur le Bureau d&rsquo;Aide Psychologique Universitaire (BAPU) &#8211; structure ext\u00e9rieure.<br \/>&gt;&gt;<a href=\"http:\/\/ageparis.org\/bureaux-daide-psychologique-universitaire-bapu\/\" target=\"_blank\" rel=\"noopener noreferrer\">Consultez la page<\/a>\u00a0<\/p>\n<p>[\/et_pb_toggle][et_pb_toggle admin_label=\u00a0\u00bbAnnuaire complet des dispositifs pour l&rsquo;ensemble des \u00e9tudiants\u00a0\u00bb _builder_version=\u00a0\u00bb3.22.1&Prime; title=\u00a0\u00bbAnnuaire complet des dispositifs pour l&rsquo;ensemble des \u00e9tudiants\u00a0\u00bb text_shadow_horizontal_length=\u00a0\u00bbtext_shadow_style,%91object Object%93&Prime; text_shadow_vertical_length=\u00a0\u00bbtext_shadow_style,%91object Object%93&Prime; text_shadow_blur_strength=\u00a0\u00bbtext_shadow_style,%91object Object%93&Prime; title_text_shadow_horizontal_length=\u00a0\u00bbtitle_text_shadow_style,%91object Object%93&Prime; title_text_shadow_vertical_length=\u00a0\u00bbtitle_text_shadow_style,%91object Object%93&Prime; title_text_shadow_blur_strength=\u00a0\u00bbtitle_text_shadow_style,%91object Object%93&Prime; body_text_shadow_horizontal_length=\u00a0\u00bbbody_text_shadow_style,%91object Object%93&Prime; body_text_shadow_vertical_length=\u00a0\u00bbbody_text_shadow_style,%91object Object%93&Prime; body_text_shadow_blur_strength=\u00a0\u00bbbody_text_shadow_style,%91object Object%93&Prime; z_index_tablet=\u00a0\u00bb500&Prime;]<\/p>\n<p>Un coup de blues ? Des probl\u00e8mes de sommeil, de stress ? Des id\u00e9es noires, des pens\u00e9es suicidaires ? Voici les contacts et infos utiles afin de b\u00e9n\u00e9ficier d\u2019une aide psychologique pendant vos \u00e9tudes.<\/p>\n<p>&gt;&gt;<a href=\"https:\/\/wordpress-test.app.u-pariscite.fr\/besoin-dune-aide-psychologique\/?fbclid=IwAR0XNpuL74FWAyS903TOGikJHLBovVqS-rCrmSg7rh6rbBcR6i8WxsYOVXY\" target=\"_blank\" rel=\"noopener noreferrer\">Consultez la page<\/a><\/p>\n<p>[\/et_pb_toggle][\/et_pb_column][et_pb_column type=\u00a0\u00bb1_4&Prime;][\/et_pb_column][\/et_pb_row][\/et_pb_section][et_pb_section bb_built=\u00a0\u00bb1&Prime; specialty=\u00a0\u00bboff\u00a0\u00bb _builder_version=\u00a0\u00bb3.21&Prime; custom_padding=\u00a0\u00bb0px||0px|\u00a0\u00bb prev_background_color=\u00a0\u00bb#000000&Prime; inner_width=\u00a0\u00bbauto\u00a0\u00bb inner_max_width=\u00a0\u00bbnone\u00a0\u00bb][et_pb_row _builder_version=\u00a0\u00bb3.19.11&Prime; width=\u00a0\u00bb80%\u00a0\u00bb max_width=\u00a0\u00bb1080px\u00a0\u00bb][et_pb_column type=\u00a0\u00bb4_4&Prime;][et_pb_text admin_label=\u00a0\u00bb\u00c0 lire aussi\u00a0\u00bb _builder_version=\u00a0\u00bb3.21&Prime;]<\/p>\n<h2><span class=\"st\">\u00c0<\/span> lire aussi<\/h2>\n<p>[\/et_pb_text][et_pb_blog _builder_version=\u00a0\u00bb3.21&Prime; posts_number=\u00a0\u00bb4&Prime; include_categories=\u00a0\u00bb13&Prime; show_author=\u00a0\u00bboff\u00a0\u00bb show_date=\u00a0\u00bboff\u00a0\u00bb show_pagination=\u00a0\u00bboff\u00a0\u00bb border_width_bottom_fullwidth=\u00a0\u00bb1px\u00a0\u00bb border_color_bottom_fullwidth=\u00a0\u00bbrgba(51,51,51,0.18)\u00a0\u00bb custom_padding=\u00a0\u00bb||50px|\u00a0\u00bb module_id=\u00a0\u00bbpage_type_blog\u00a0\u00bb header_level=\u00a0\u00bbh4&Prime; \/][\/et_pb_column][\/et_pb_row][\/et_pb_section]<\/p>\n","protected":false},"excerpt":{"rendered":"<div class=\"et_pb_row et_pb_row_0 et_pb_row_empty\"><\/div>\n<div class=\"et_pb_row et_pb_row_1 et_pb_row_empty\"><\/div>\n<p> Retrouvez sur cette page les aides psychologiques d\u00e9di\u00e9es aux \u00e9tudiants de l&rsquo;UFR, aux \u00e9tudiants UP ainsi que les structures d&rsquo;aide ext\u00e9rieures.\u00a0 <\/p>\n<div class=\"et_pb_row et_pb_row_2 et_pb_row_empty\"><\/div>\n<p> Le PPOP et le dispositif DIADE fusionnent. Ils proposent des consultations de pr\u00e9vention secondaire en sant\u00e9 mentale au sein de l\u2019UFR pour les \u00e9tudiants qui rencontrent des difficult\u00e9s dans leurs \u00e9tudes, dans&hellip; <a class=\"continue\" href=\"https:\/\/wordpress-test.app.u-pariscite.fr\/medecine\/aides-psychologiques\/\">Lire la suite<span> Aides psychologiques<\/span><\/a><\/p>\n","protected":false},"author":113,"featured_media":0,"parent":0,"menu_order":0,"comment_status":"closed","ping_status":"closed","template":"","meta":{"_et_pb_use_builder":"on","_et_pb_old_content":"","_et_gb_content_width":"","footnotes":""},"class_list":["post-24149","page","type-page","status-publish","hentry"],"_links":{"self":[{"href":"https:\/\/wordpress-test.app.u-pariscite.fr\/medecine\/wp-json\/wp\/v2\/pages\/24149","targetHints":{"allow":["GET"]}}],"collection":[{"href":"https:\/\/wordpress-test.app.u-pariscite.fr\/medecine\/wp-json\/wp\/v2\/pages"}],"about":[{"href":"https:\/\/wordpress-test.app.u-pariscite.fr\/medecine\/wp-json\/wp\/v2\/types\/page"}],"author":[{"embeddable":true,"href":"https:\/\/wordpress-test.app.u-pariscite.fr\/medecine\/wp-json\/wp\/v2\/users\/113"}],"replies":[{"embeddable":true,"href":"https:\/\/wordpress-test.app.u-pariscite.fr\/medecine\/wp-json\/wp\/v2\/comments?post=24149"}],"version-history":[{"count":26,"href":"https:\/\/wordpress-test.app.u-pariscite.fr\/medecine\/wp-json\/wp\/v2\/pages\/24149\/revisions"}],"predecessor-version":[{"id":27573,"href":"https:\/\/wordpress-test.app.u-pariscite.fr\/medecine\/wp-json\/wp\/v2\/pages\/24149\/revisions\/27573"}],"wp:attachment":[{"href":"https:\/\/wordpress-test.app.u-pariscite.fr\/medecine\/wp-json\/wp\/v2\/media?parent=24149"}],"curies":[{"name":"wp","href":"https:\/\/api.w.org\/{rel}","templated":true}]}}