{"id":24119,"date":"2021-02-18T14:42:47","date_gmt":"2021-02-18T13:42:47","guid":{"rendered":"https:\/\/wordpress-test.app.u-pariscite.fr\/medecine\/?page_id=24119"},"modified":"2022-10-20T14:48:31","modified_gmt":"2022-10-20T12:48:31","slug":"services-de-formation-continue-joignables-par-appels-vocaux","status":"publish","type":"page","link":"https:\/\/wordpress-test.app.u-pariscite.fr\/medecine\/services-de-formation-continue-joignables-par-appels-vocaux\/","title":{"rendered":"Annuaire des services de Formation Continue M\u00e9decine"},"content":{"rendered":"<p>[et_pb_section bb_built=\u00a0\u00bb1&Prime; next_background_color=\u00a0\u00bb#000000&Prime; inner_width=\u00a0\u00bbauto\u00a0\u00bb inner_max_width=\u00a0\u00bbnone\u00a0\u00bb][et_pb_row][et_pb_column type=\u00a0\u00bb4_4&Prime;][et_pb_post_title admin_label=\u00a0\u00bbTitre de la page\u00a0\u00bb _builder_version=\u00a0\u00bb3.22.1&Prime; meta=\u00a0\u00bboff\u00a0\u00bb featured_image=\u00a0\u00bboff\u00a0\u00bb \/][\/et_pb_column][\/et_pb_row][et_pb_row][et_pb_column type=\u00a0\u00bb3_4&Prime;][et_pb_text _builder_version=\u00a0\u00bb3.22.1&Prime; module_id=\u00a0\u00bbcontenu\u00a0\u00bb text_text_shadow_horizontal_length=\u00a0\u00bbtext_text_shadow_style,%91object Object%93&Prime; text_text_shadow_vertical_length=\u00a0\u00bbtext_text_shadow_style,%91object Object%93&Prime; text_text_shadow_blur_strength=\u00a0\u00bbtext_text_shadow_style,%91object Object%93&Prime; link_text_shadow_horizontal_length=\u00a0\u00bblink_text_shadow_style,%91object Object%93&Prime; link_text_shadow_vertical_length=\u00a0\u00bblink_text_shadow_style,%91object Object%93&Prime; link_text_shadow_blur_strength=\u00a0\u00bblink_text_shadow_style,%91object Object%93&Prime; ul_text_shadow_horizontal_length=\u00a0\u00bbul_text_shadow_style,%91object Object%93&Prime; ul_text_shadow_vertical_length=\u00a0\u00bbul_text_shadow_style,%91object Object%93&Prime; ul_text_shadow_blur_strength=\u00a0\u00bbul_text_shadow_style,%91object Object%93&Prime; ol_text_shadow_horizontal_length=\u00a0\u00bbol_text_shadow_style,%91object Object%93&Prime; ol_text_shadow_vertical_length=\u00a0\u00bbol_text_shadow_style,%91object Object%93&Prime; ol_text_shadow_blur_strength=\u00a0\u00bbol_text_shadow_style,%91object Object%93&Prime; quote_text_shadow_horizontal_length=\u00a0\u00bbquote_text_shadow_style,%91object Object%93&Prime; quote_text_shadow_vertical_length=\u00a0\u00bbquote_text_shadow_style,%91object Object%93&Prime; quote_text_shadow_blur_strength=\u00a0\u00bbquote_text_shadow_style,%91object Object%93&Prime; header_text_shadow_horizontal_length=\u00a0\u00bbheader_text_shadow_style,%91object Object%93&Prime; header_text_shadow_vertical_length=\u00a0\u00bbheader_text_shadow_style,%91object Object%93&Prime; header_text_shadow_blur_strength=\u00a0\u00bbheader_text_shadow_style,%91object Object%93&Prime; header_2_text_shadow_horizontal_length=\u00a0\u00bbheader_2_text_shadow_style,%91object Object%93&Prime; header_2_text_shadow_vertical_length=\u00a0\u00bbheader_2_text_shadow_style,%91object Object%93&Prime; header_2_text_shadow_blur_strength=\u00a0\u00bbheader_2_text_shadow_style,%91object Object%93&Prime; header_3_text_shadow_horizontal_length=\u00a0\u00bbheader_3_text_shadow_style,%91object Object%93&Prime; header_3_text_shadow_vertical_length=\u00a0\u00bbheader_3_text_shadow_style,%91object Object%93&Prime; header_3_text_shadow_blur_strength=\u00a0\u00bbheader_3_text_shadow_style,%91object Object%93&Prime; header_4_text_shadow_horizontal_length=\u00a0\u00bbheader_4_text_shadow_style,%91object Object%93&Prime; header_4_text_shadow_vertical_length=\u00a0\u00bbheader_4_text_shadow_style,%91object Object%93&Prime; header_4_text_shadow_blur_strength=\u00a0\u00bbheader_4_text_shadow_style,%91object Object%93&Prime; header_5_text_shadow_horizontal_length=\u00a0\u00bbheader_5_text_shadow_style,%91object Object%93&Prime; header_5_text_shadow_vertical_length=\u00a0\u00bbheader_5_text_shadow_style,%91object Object%93&Prime; header_5_text_shadow_blur_strength=\u00a0\u00bbheader_5_text_shadow_style,%91object Object%93&Prime; header_6_text_shadow_horizontal_length=\u00a0\u00bbheader_6_text_shadow_style,%91object Object%93&Prime; header_6_text_shadow_vertical_length=\u00a0\u00bbheader_6_text_shadow_style,%91object Object%93&Prime; header_6_text_shadow_blur_strength=\u00a0\u00bbheader_6_text_shadow_style,%91object Object%93&Prime; z_index_tablet=\u00a0\u00bb500&Prime;]<\/p>\n<div class=\"table-responsive\">\n<table class=\"table table-bordered table-striped table-hover\">\n<tbody>\n<tr>\n<td><strong>SERVICE<\/strong><\/td>\n<td><strong>GESTIONNAIRE<\/strong><\/td>\n<td><strong>Num\u00e9ro de t\u00e9l\u00e9phone<\/strong><\/td>\n<td><strong>Adresse \u00e9lectronique<\/strong><\/td>\n<td>\u00a0<\/td>\n<td>\u00a0<\/td>\n<\/tr>\n<tr>\n<td colspan=\"1\" rowspan=\"6\">\n<p>Bureau des Formations Compl\u00e9mentaires de Cochin (Formations ex-Paris 5 Descartes)<\/p>\n<p>\u00a0<\/p>\n<\/td>\n<td>Chantal BELLEMARE LEPEL<\/td>\n<td>01.44.41.22.17<\/td>\n<td>chantal.bellemare@wordpress-test.app.u-pariscite.fr<\/td>\n<td>\u00a0<\/td>\n<td>\u00a0<\/td>\n<\/tr>\n<tr>\n<td>Gladys COGNAT<\/td>\n<td>01.44.41.22.14<\/td>\n<td>gladys.cognat@wordpress-test.app.u-pariscite.fr<\/td>\n<td>\u00a0<\/td>\n<td>\u00a0<\/td>\n<\/tr>\n<tr>\n<td>C\u00e9lian MAROT<\/td>\n<td>01.44.41.22.19<\/td>\n<td>celian.marot@wordpress-test.app.u-pariscite.fr<\/td>\n<td>\u00a0<\/td>\n<td>\u00a0<\/td>\n<\/tr>\n<tr>\n<td>Jasmine OUELMAHDI<\/td>\n<td>01.44.41.22.14<\/td>\n<td>jasmine.ouelmahdi@wordpress-test.app.u-pariscite.fr<\/td>\n<td>\u00a0<\/td>\n<td>\u00a0<\/td>\n<\/tr>\n<tr>\n<td>Laetitia OSSOU<\/td>\n<td>01.44.41.22.13<\/td>\n<td>laetitia.ossou@wordpress-test.app.u-pariscite.fr<\/td>\n<td>\u00a0<\/td>\n<td>\u00a0<\/td>\n<\/tr>\n<tr>\n<td>Nicole BAHI<\/td>\n<td>01.44.41.22.12<\/td>\n<td>nicole.bahi@wordpress-test.app.u-pariscite.fr<\/td>\n<td>\u00a0<\/td>\n<td>\u00a0<\/td>\n<\/tr>\n<tr>\n<td colspan=\"1\" rowspan=\"5\">\n<p>Bureau de la Formation Continue de Bichat (Formations ex-Paris 7 Diderot)<\/p>\n<p>\u00a0<\/p>\n<p>\u00a0<\/p>\n<p>\u00a0<\/p>\n<\/td>\n<td>BARLOY Fr\u00e9d\u00e9rique<\/td>\n<td>01.57.27.86.36<\/td>\n<td>frederique.barloy@wordpress-test.app.u-pariscite.fr<\/td>\n<td>\u00a0<\/td>\n<td>\u00a0<\/td>\n<\/tr>\n<tr>\n<td>DOUGLAS Jessy<\/td>\n<td>01.57.27.74.01<\/td>\n<td>jessy.douglas@wordpress-test.app.u-pariscite.fr<\/td>\n<td>\u00a0<\/td>\n<td>\u00a0<\/td>\n<\/tr>\n<tr>\n<td>GEROMEGNACE Jihann<\/td>\n<td>01.57.27.74.08<\/td>\n<td>jihann.geromegnace@wordpress-test.app.u-pariscite.fr<\/td>\n<td>\u00a0<\/td>\n<td>\u00a0<\/td>\n<\/tr>\n<tr>\n<td>MURY Luise<\/td>\n<td>01.57.27.85.12<\/td>\n<td>luise.mury@wordpress-test.app.u-pariscite.fr<\/td>\n<td>\u00a0<\/td>\n<td>\u00a0<\/td>\n<\/tr>\n<tr>\n<td>MAATI Dabhia<\/td>\n<td>01.57.27.74.37<\/td>\n<td>dabhia.maati@wordpress-test.app.u-pariscite.fr<\/td>\n<td>\u00a0<\/td>\n<td>\u00a0<\/td>\n<\/tr>\n<\/tbody>\n<\/table>\n<\/div>\n<p>\u00a0<\/p>\n<p>[\/et_pb_text][\/et_pb_column][et_pb_column type=\u00a0\u00bb1_4&Prime;][\/et_pb_column][\/et_pb_row][\/et_pb_section][et_pb_section bb_built=\u00a0\u00bb1&Prime; specialty=\u00a0\u00bboff\u00a0\u00bb _builder_version=\u00a0\u00bb3.21&Prime; custom_padding=\u00a0\u00bb0px||0px|\u00a0\u00bb prev_background_color=\u00a0\u00bb#000000&Prime; inner_width=\u00a0\u00bbauto\u00a0\u00bb inner_max_width=\u00a0\u00bbnone\u00a0\u00bb][et_pb_row _builder_version=\u00a0\u00bb3.19.11&Prime; width=\u00a0\u00bb80%\u00a0\u00bb max_width=\u00a0\u00bb1080px\u00a0\u00bb][et_pb_column type=\u00a0\u00bb4_4&Prime;][et_pb_text admin_label=\u00a0\u00bb\u00c0 lire aussi\u00a0\u00bb _builder_version=\u00a0\u00bb3.21&Prime;]<\/p>\n<h2><span class=\"st\">\u00c0<\/span> lire aussi<\/h2>\n<p>[\/et_pb_text][et_pb_blog _builder_version=\u00a0\u00bb3.21&Prime; posts_number=\u00a0\u00bb4&Prime; include_categories=\u00a0\u00bb13&Prime; show_author=\u00a0\u00bboff\u00a0\u00bb show_date=\u00a0\u00bboff\u00a0\u00bb show_pagination=\u00a0\u00bboff\u00a0\u00bb border_width_bottom_fullwidth=\u00a0\u00bb1px\u00a0\u00bb border_color_bottom_fullwidth=\u00a0\u00bbrgba(51,51,51,0.18)\u00a0\u00bb custom_padding=\u00a0\u00bb||50px|\u00a0\u00bb module_id=\u00a0\u00bbpage_type_blog\u00a0\u00bb header_level=\u00a0\u00bbh4&Prime; \/][\/et_pb_column][\/et_pb_row][\/et_pb_section]<\/p>\n","protected":false},"excerpt":{"rendered":"<div class=\"et_pb_row et_pb_row_0 et_pb_row_empty\"><\/div>\n<div class=\"et_pb_row et_pb_row_1 et_pb_row_empty\"><\/div>\n<p> SERVICEGESTIONNAIRENum\u00e9ro de t\u00e9l\u00e9phoneAdresse \u00e9lectronique\u00a0\u00a0Bureau des Formations Compl\u00e9mentaires de Cochin (Formations ex-Paris 5 Descartes)\u00a0Chantal BELLEMARE LEPEL01.44.41.22.17chantal.bellemare@wordpress-test.app.u-pariscite.fr\u00a0\u00a0Gladys COGNAT01.44.41.22.14gladys.cognat@wordpress-test.app.u-pariscite.fr\u00a0\u00a0C\u00e9lian MAROT01.44.41.22.19celian.marot@wordpress-test.app.u-pariscite.fr\u00a0\u00a0Jasmine OUELMAHDI01.44.41.22.14jasmine.ouelmahdi@wordpress-test.app.u-pariscite.fr\u00a0\u00a0Laetitia OSSOU01.44.41.22.13laetitia.ossou@wordpress-test.app.u-pariscite.fr\u00a0\u00a0Nicole BAHI01.44.41.22.12nicole.bahi@wordpress-test.app.u-pariscite.fr\u00a0\u00a0Bureau de la Formation Continue de Bichat (Formations ex-Paris 7 Diderot)\u00a0\u00a0\u00a0BARLOY Fr\u00e9d\u00e9rique01.57.27.86.36frederique.barloy@wordpress-test.app.u-pariscite.fr\u00a0\u00a0DOUGLAS Jessy01.57.27.74.01jessy.douglas@wordpress-test.app.u-pariscite.fr\u00a0\u00a0GEROMEGNACE Jihann01.57.27.74.08jihann.geromegnace@wordpress-test.app.u-pariscite.fr\u00a0\u00a0MURY Luise01.57.27.85.12luise.mury@wordpress-test.app.u-pariscite.fr\u00a0\u00a0MAATI Dabhia01.57.27.74.37dabhia.maati@wordpress-test.app.u-pariscite.fr\u00a0\u00a0\u00a0 \u00c0 lire aussi<\/p>\n","protected":false},"author":113,"featured_media":0,"parent":0,"menu_order":0,"comment_status":"closed","ping_status":"closed","template":"","meta":{"_et_pb_use_builder":"on","_et_pb_old_content":"","_et_gb_content_width":"","footnotes":""},"class_list":["post-24119","page","type-page","status-publish","hentry"],"_links":{"self":[{"href":"https:\/\/wordpress-test.app.u-pariscite.fr\/medecine\/wp-json\/wp\/v2\/pages\/24119","targetHints":{"allow":["GET"]}}],"collection":[{"href":"https:\/\/wordpress-test.app.u-pariscite.fr\/medecine\/wp-json\/wp\/v2\/pages"}],"about":[{"href":"https:\/\/wordpress-test.app.u-pariscite.fr\/medecine\/wp-json\/wp\/v2\/types\/page"}],"author":[{"embeddable":true,"href":"https:\/\/wordpress-test.app.u-pariscite.fr\/medecine\/wp-json\/wp\/v2\/users\/113"}],"replies":[{"embeddable":true,"href":"https:\/\/wordpress-test.app.u-pariscite.fr\/medecine\/wp-json\/wp\/v2\/comments?post=24119"}],"version-history":[{"count":6,"href":"https:\/\/wordpress-test.app.u-pariscite.fr\/medecine\/wp-json\/wp\/v2\/pages\/24119\/revisions"}],"predecessor-version":[{"id":26787,"href":"https:\/\/wordpress-test.app.u-pariscite.fr\/medecine\/wp-json\/wp\/v2\/pages\/24119\/revisions\/26787"}],"wp:attachment":[{"href":"https:\/\/wordpress-test.app.u-pariscite.fr\/medecine\/wp-json\/wp\/v2\/media?parent=24119"}],"curies":[{"name":"wp","href":"https:\/\/api.w.org\/{rel}","templated":true}]}}