{"id":24033,"date":"2021-02-16T21:31:23","date_gmt":"2021-02-16T20:31:23","guid":{"rendered":"https:\/\/wordpress-test.app.u-pariscite.fr\/medecine\/?page_id=24033"},"modified":"2023-06-26T14:07:22","modified_gmt":"2023-06-26T12:07:22","slug":"inscriptions-maieutique","status":"publish","type":"page","link":"https:\/\/wordpress-test.app.u-pariscite.fr\/medecine\/inscriptions-maieutique\/","title":{"rendered":"Inscriptions Ma\u00efeutique"},"content":{"rendered":"<p>[et_pb_section bb_built=\u00a0\u00bb1&Prime; next_background_color=\u00a0\u00bb#000000&Prime; inner_width=\u00a0\u00bbauto\u00a0\u00bb inner_max_width=\u00a0\u00bbnone\u00a0\u00bb][et_pb_row][et_pb_column type=\u00a0\u00bb4_4&Prime;][et_pb_post_title admin_label=\u00a0\u00bbTitre de la page\u00a0\u00bb _builder_version=\u00a0\u00bb3.19.11&Prime; meta=\u00a0\u00bboff\u00a0\u00bb featured_image=\u00a0\u00bboff\u00a0\u00bb \/][\/et_pb_column][\/et_pb_row][et_pb_row][et_pb_column type=\u00a0\u00bb3_4&Prime;][et_pb_toggle admin_label=\u00a0\u00bb1\u00e8re inscription en DFGSMa2 pour les \u00e9tudiants de Paris 13 et admis via LAS Universit\u00e9 Paris Cit\u00e9\u00a0\u00bb _builder_version=\u00a0\u00bb3.22.1&Prime; title=\u00a0\u00bb1\u00e8re inscription en DFGSMa2 pour les \u00e9tudiants de Paris 13 et admis via LAS Universit\u00e9 Paris Cit\u00e9\u00a0\u00bb text_shadow_horizontal_length=\u00a0\u00bbtext_shadow_style,%91object Object%93&Prime; text_shadow_vertical_length=\u00a0\u00bbtext_shadow_style,%91object Object%93&Prime; text_shadow_blur_strength=\u00a0\u00bbtext_shadow_style,%91object Object%93&Prime; title_text_shadow_horizontal_length=\u00a0\u00bbtitle_text_shadow_style,%91object Object%93&Prime; title_text_shadow_vertical_length=\u00a0\u00bbtitle_text_shadow_style,%91object Object%93&Prime; title_text_shadow_blur_strength=\u00a0\u00bbtitle_text_shadow_style,%91object Object%93&Prime; body_text_shadow_horizontal_length=\u00a0\u00bbbody_text_shadow_style,%91object Object%93&Prime; body_text_shadow_vertical_length=\u00a0\u00bbbody_text_shadow_style,%91object Object%93&Prime; body_text_shadow_blur_strength=\u00a0\u00bbbody_text_shadow_style,%91object Object%93&Prime; z_index_tablet=\u00a0\u00bb500&Prime;]<\/p>\n<p>Dates d\u2019ouverture et de fermeture des inscriptions <span style=\"color: #800000\"><strong>10\/07 au 21\/07 puis du 01\/09 au 11\/09 2023<\/strong><\/span><\/p>\n<p>\u00a0<a href=\"https:\/\/wordpress-test.app.u-pariscite.fr\/medecine\/etudiants-inscrits-a-luniversite-de-paris-en-2020-2021-admis-a-passer-en-annee-superieure-ou-a-redoubler-en-2021-2022\/\"><strong><span style=\"text-decoration: underline\">&gt;<\/span> Suivez ce lien pour conna\u00eetre les modalit\u00e9s d&rsquo;inscription<\/strong><\/a><\/p>\n<p>[\/et_pb_toggle][et_pb_toggle admin_label=\u00a0\u00bb1\u00e8re inscription en DFGSMa2 pour les \u00e9tudiants admis via PASS Universit\u00e9 Paris Cit\u00e9\u00a0\u00bb _builder_version=\u00a0\u00bb3.22.1&Prime; title=\u00a0\u00bb1\u00e8re inscription en DFGSMa2 pour les \u00e9tudiants admis via PASS Universit\u00e9 Paris Cit\u00e9\u00a0\u00bb text_shadow_horizontal_length=\u00a0\u00bbtext_shadow_style,%91object Object%93&Prime; text_shadow_vertical_length=\u00a0\u00bbtext_shadow_style,%91object Object%93&Prime; text_shadow_blur_strength=\u00a0\u00bbtext_shadow_style,%91object Object%93&Prime; title_text_shadow_horizontal_length=\u00a0\u00bbtitle_text_shadow_style,%91object Object%93&Prime; title_text_shadow_vertical_length=\u00a0\u00bbtitle_text_shadow_style,%91object Object%93&Prime; title_text_shadow_blur_strength=\u00a0\u00bbtitle_text_shadow_style,%91object Object%93&Prime; body_text_shadow_horizontal_length=\u00a0\u00bbbody_text_shadow_style,%91object Object%93&Prime; body_text_shadow_vertical_length=\u00a0\u00bbbody_text_shadow_style,%91object Object%93&Prime; body_text_shadow_blur_strength=\u00a0\u00bbbody_text_shadow_style,%91object Object%93&Prime; z_index_tablet=\u00a0\u00bb500&Prime;]<\/p>\n<p>Dates d\u2019ouverture et de fermeture des inscriptions <span style=\"color: #800000\"><strong>10\/07 au 21\/07 puis du 01\/09 au 11\/09 2023<\/strong><\/span><\/p>\n<p><a href=\"https:\/\/wordpress-test.app.u-pariscite.fr\/medecine\/etudiants-inscrits-a-luniversite-de-paris-en-2020-2021-admis-a-passer-en-annee-superieure-ou-a-redoubler-en-2021-2022\/\"><strong><span style=\"text-decoration: underline\">&gt;<\/span> Suivez ce lien pour conna\u00eetre les modalit\u00e9s d&rsquo;inscription<\/strong><\/a><\/p>\n<p>[\/et_pb_toggle][et_pb_toggle admin_label=\u00a0\u00bbR\u00e9inscription (passage en ann\u00e9e sup\u00e9rieure et redoublement) en DFGSMa3, DFASMa1, DFASMa2, DFASMa3&Prime; _builder_version=\u00a0\u00bb3.22.1&Prime; title=\u00a0\u00bbR\u00e9inscription (passage en ann\u00e9e sup\u00e9rieure et redoublement) en DFGSMa3, DFASMa1, DFASMa2, DFASMa3&Prime; text_shadow_horizontal_length=\u00a0\u00bbtext_shadow_style,%91object Object%93&Prime; text_shadow_vertical_length=\u00a0\u00bbtext_shadow_style,%91object Object%93&Prime; text_shadow_blur_strength=\u00a0\u00bbtext_shadow_style,%91object Object%93&Prime; title_text_shadow_horizontal_length=\u00a0\u00bbtitle_text_shadow_style,%91object Object%93&Prime; title_text_shadow_vertical_length=\u00a0\u00bbtitle_text_shadow_style,%91object Object%93&Prime; title_text_shadow_blur_strength=\u00a0\u00bbtitle_text_shadow_style,%91object Object%93&Prime; body_text_shadow_horizontal_length=\u00a0\u00bbbody_text_shadow_style,%91object Object%93&Prime; body_text_shadow_vertical_length=\u00a0\u00bbbody_text_shadow_style,%91object Object%93&Prime; body_text_shadow_blur_strength=\u00a0\u00bbbody_text_shadow_style,%91object Object%93&Prime; z_index_tablet=\u00a0\u00bb500&Prime;]<\/p>\n<p>Dates d\u2019ouverture et de fermeture des inscriptions :<span style=\"color: #800000\"> <strong>01\/09 au 11\/09 2023<\/strong><\/span><\/p>\n<p><a href=\"https:\/\/wordpress-test.app.u-pariscite.fr\/medecine\/etudiants-inscrits-a-luniversite-de-paris-en-2020-2021-admis-a-passer-en-annee-superieure-ou-a-redoubler-en-2021-2022\/\"><strong><span style=\"text-decoration: underline\">&gt;<\/span> Suivez ce lien pour conna\u00eetre les modalit\u00e9s d&rsquo;inscription<\/strong><\/a><\/p>\n<p>[\/et_pb_toggle][\/et_pb_column][et_pb_column type=\u00a0\u00bb1_4&Prime;][\/et_pb_column][\/et_pb_row][\/et_pb_section][et_pb_section bb_built=\u00a0\u00bb1&Prime; specialty=\u00a0\u00bboff\u00a0\u00bb _builder_version=\u00a0\u00bb3.21&Prime; custom_padding=\u00a0\u00bb0px||0px|\u00a0\u00bb prev_background_color=\u00a0\u00bb#000000&Prime; inner_width=\u00a0\u00bbauto\u00a0\u00bb inner_max_width=\u00a0\u00bbnone\u00a0\u00bb][et_pb_row _builder_version=\u00a0\u00bb3.19.11&Prime; width=\u00a0\u00bb80%\u00a0\u00bb max_width=\u00a0\u00bb1080px\u00a0\u00bb][et_pb_column type=\u00a0\u00bb4_4&Prime;][et_pb_text admin_label=\u00a0\u00bb\u00c0 lire aussi\u00a0\u00bb _builder_version=\u00a0\u00bb3.21&Prime;]<\/p>\n<h2><span class=\"st\">\u00c0<\/span> lire aussi<\/h2>\n<p>[\/et_pb_text][et_pb_blog _builder_version=\u00a0\u00bb3.21&Prime; posts_number=\u00a0\u00bb4&Prime; include_categories=\u00a0\u00bb13&Prime; show_author=\u00a0\u00bboff\u00a0\u00bb show_date=\u00a0\u00bboff\u00a0\u00bb show_pagination=\u00a0\u00bboff\u00a0\u00bb border_width_bottom_fullwidth=\u00a0\u00bb1px\u00a0\u00bb border_color_bottom_fullwidth=\u00a0\u00bbrgba(51,51,51,0.18)\u00a0\u00bb custom_padding=\u00a0\u00bb||50px|\u00a0\u00bb module_id=\u00a0\u00bbpage_type_blog\u00a0\u00bb header_level=\u00a0\u00bbh4&Prime; \/][\/et_pb_column][\/et_pb_row][\/et_pb_section]<\/p>\n","protected":false},"excerpt":{"rendered":"<div class=\"et_pb_row et_pb_row_0 et_pb_row_empty\"><\/div>\n<div class=\"et_pb_row et_pb_row_1 et_pb_row_empty\"><\/div>\n<p> Dates d\u2019ouverture et de fermeture des inscriptions 10\/07 au 21\/07 puis du 01\/09 au 11\/09 2023 \u00a0&gt; Suivez ce lien pour conna\u00eetre les modalit\u00e9s d&rsquo;inscription Dates d\u2019ouverture et de fermeture des inscriptions 10\/07 au 21\/07 puis du 01\/09 au 11\/09 2023 &gt; Suivez ce lien pour conna\u00eetre les modalit\u00e9s d&rsquo;inscription Dates d\u2019ouverture et de&hellip; <a class=\"continue\" href=\"https:\/\/wordpress-test.app.u-pariscite.fr\/medecine\/inscriptions-maieutique\/\">Lire la suite<span> Inscriptions Ma\u00efeutique<\/span><\/a><\/p>\n","protected":false},"author":113,"featured_media":0,"parent":0,"menu_order":0,"comment_status":"closed","ping_status":"closed","template":"","meta":{"_et_pb_use_builder":"on","_et_pb_old_content":"","_et_gb_content_width":"","footnotes":""},"class_list":["post-24033","page","type-page","status-publish","hentry"],"_links":{"self":[{"href":"https:\/\/wordpress-test.app.u-pariscite.fr\/medecine\/wp-json\/wp\/v2\/pages\/24033","targetHints":{"allow":["GET"]}}],"collection":[{"href":"https:\/\/wordpress-test.app.u-pariscite.fr\/medecine\/wp-json\/wp\/v2\/pages"}],"about":[{"href":"https:\/\/wordpress-test.app.u-pariscite.fr\/medecine\/wp-json\/wp\/v2\/types\/page"}],"author":[{"embeddable":true,"href":"https:\/\/wordpress-test.app.u-pariscite.fr\/medecine\/wp-json\/wp\/v2\/users\/113"}],"replies":[{"embeddable":true,"href":"https:\/\/wordpress-test.app.u-pariscite.fr\/medecine\/wp-json\/wp\/v2\/comments?post=24033"}],"version-history":[{"count":16,"href":"https:\/\/wordpress-test.app.u-pariscite.fr\/medecine\/wp-json\/wp\/v2\/pages\/24033\/revisions"}],"predecessor-version":[{"id":27616,"href":"https:\/\/wordpress-test.app.u-pariscite.fr\/medecine\/wp-json\/wp\/v2\/pages\/24033\/revisions\/27616"}],"wp:attachment":[{"href":"https:\/\/wordpress-test.app.u-pariscite.fr\/medecine\/wp-json\/wp\/v2\/media?parent=24033"}],"curies":[{"name":"wp","href":"https:\/\/api.w.org\/{rel}","templated":true}]}}