{"id":24029,"date":"2021-02-16T21:26:43","date_gmt":"2021-02-16T20:26:43","guid":{"rendered":"https:\/\/wordpress-test.app.u-pariscite.fr\/medecine\/?page_id=24029"},"modified":"2023-06-12T16:51:59","modified_gmt":"2023-06-12T14:51:59","slug":"capacites","status":"publish","type":"page","link":"https:\/\/wordpress-test.app.u-pariscite.fr\/medecine\/capacites\/","title":{"rendered":"Inscriptions Capacit\u00e9s"},"content":{"rendered":"<p>[et_pb_section bb_built=\u00a0\u00bb1&Prime; next_background_color=\u00a0\u00bb#000000&Prime; inner_width=\u00a0\u00bbauto\u00a0\u00bb inner_max_width=\u00a0\u00bbnone\u00a0\u00bb][et_pb_row][et_pb_column type=\u00a0\u00bb4_4&Prime;][et_pb_post_title admin_label=\u00a0\u00bbTitre de la page\u00a0\u00bb _builder_version=\u00a0\u00bb3.19.11&Prime; meta=\u00a0\u00bboff\u00a0\u00bb featured_image=\u00a0\u00bboff\u00a0\u00bb \/][\/et_pb_column][\/et_pb_row][et_pb_row][et_pb_column type=\u00a0\u00bb3_4&Prime;][et_pb_toggle admin_label=\u00a0\u00bbExamen probatoire de Capacit\u00e9\u00a0\u00bb _builder_version=\u00a0\u00bb3.22.1&Prime; title=\u00a0\u00bbExamen probatoire de Capacit\u00e9\u00a0\u00bb text_shadow_horizontal_length=\u00a0\u00bbtext_shadow_style,%91object Object%93&Prime; text_shadow_vertical_length=\u00a0\u00bbtext_shadow_style,%91object Object%93&Prime; text_shadow_blur_strength=\u00a0\u00bbtext_shadow_style,%91object Object%93&Prime; title_text_shadow_horizontal_length=\u00a0\u00bbtitle_text_shadow_style,%91object Object%93&Prime; title_text_shadow_vertical_length=\u00a0\u00bbtitle_text_shadow_style,%91object Object%93&Prime; title_text_shadow_blur_strength=\u00a0\u00bbtitle_text_shadow_style,%91object Object%93&Prime; body_text_shadow_horizontal_length=\u00a0\u00bbbody_text_shadow_style,%91object Object%93&Prime; body_text_shadow_vertical_length=\u00a0\u00bbbody_text_shadow_style,%91object Object%93&Prime; body_text_shadow_blur_strength=\u00a0\u00bbbody_text_shadow_style,%91object Object%93&Prime; z_index_tablet=\u00a0\u00bb500&Prime;]<\/p>\n<h4><strong><span style=\"color: #333333\">Dates d\u2019ouverture et fermeture des inscriptions:<\/span> <span style=\"color: #8a1538\">du 10 au 21 juillet puis du 22 ao\u00fbt au 22 septembre 2023<\/span><\/strong><\/h4>\n<h4 class=\"niveau3\"><strong>\u00c9TAPE 1 :\u00a0 \u00a0RENSEIGNEMENTS ET D\u00c9P\u00d4T EN LIGNE PR\u00c9ALABLE<\/strong><\/h4>\n<p>Afin que nous puissions vous g\u00e9n\u00e9rer un laissez-passer vous permettant de vous inscrire par la suite en ligne, vous devez au pr\u00e9alable remplir un formulaire et d\u00e9poser pi\u00e8ces demand\u00e9es:<br \/>Pour remplir le formulaire et d\u00e9poser vos pi\u00e8ces: <strong><a href=\"https:\/\/sondage.app.wordpress-test.app.u-pariscite.fr\/499161?newtest=Y&amp;lang=fr\" target=\"_blank\" rel=\"noopener noreferrer\">https:\/\/sondage.app.wordpress-test.app.u-pariscite.fr\/499161?newtest=Y&amp;lang=fr<\/a><\/strong><\/p>\n<h4 class=\"niveau3\"><strong>\u00c9TAPE 2 :\u00a0 \u00a0INSCRIPTION EN LIGNE PAR LAISSEZ-PASSER ENVOY\u00c9 PAR MAIL<\/strong><\/h4>\n<p>Une fois vos informations et pi\u00e8ces re\u00e7ues par nos services (un d\u00e9lai de traitement et de v\u00e9rification est n\u00e9cessaire), vous recevez un courrier \u00e9lectronique sur votre adresse de messagerie personnelle vous informant de la possibilit\u00e9 de\u00a0vous inscrire en ligne.<\/p>\n<p>Puis, pour vous inscrire en ligne:<\/p>\n<p>&gt; Si vous n&rsquo;avez jamais \u00e9t\u00e9 inscrit \u00e0 l&rsquo;Universit\u00e9 Paris Descartes ou Paris Diderot, munissez-vous de l&rsquo;identifiant qui vous a \u00e9t\u00e9 envoy\u00e9 et rendez vous sur <a href=\"https:\/\/primo.app.wordpress-test.app.u-pariscite.fr\/primo\"><strong>_IA PRIMO (cliquez ici)_<\/strong><\/a><\/p>\n<p>&gt; Si vous avez d\u00e9j\u00e0\u00a0\u00e9t\u00e9 inscrit \u00e0 l&rsquo;Universit\u00e9 Paris Descartes ou Paris Diderot, munissez-vous de votre n\u00b0 \u00e9tudiant\u00a0et\u00a0rendez vous sur <a href=\"https:\/\/reins.app.wordpress-test.app.u-pariscite.fr\/reins\"><strong>_IA REINS\u00a0(cliquez ici)_<\/strong><\/a><\/p>\n<p>Saisissez vos informations et v\u00e9rifiez vos donn\u00e9es personnelles pr\u00e9-renseign\u00e9es<\/p>\n<p>Veillez \u00e0 indiquer votre adresse postale valide. C&rsquo;est \u00e0 cette adresse que vous seront envoy\u00e9s votre certificat de scolarit\u00e9 et l&rsquo;autocollant de l&rsquo;ann\u00e9e.<\/p>\n<p>Veillez \u00e9galement \u00e0 la validit\u00e9 de votre adresse e-mail qui vous permettra de recevoir le justificatif de paiement.<\/p>\n<p>Une liste de pi\u00e8ces \u00e0 fournir s\u2019affiche alors.<\/p>\n<p>D\u00e9posez vos pi\u00e8ces justificatives en ligne \u00e0 l\u2019adresse suivante\u00a0:<strong>\u00a0 <a href=\"https:\/\/pjweb.app.wordpress-test.app.u-pariscite.fr\/pjweb\">_PJ WEB (cliquez ici)_<\/a><\/strong><\/p>\n<p>Une fois vos pi\u00e8ces v\u00e9rifi\u00e9es par le service des Inscriptions,\u00a0 votre carte \u00e9tudiant, votre certificat de scolarit\u00e9 et l\u2019autocollant 2022-2023 (\u00e0 coller obligatoirement sur votre carte \u00e9tudiant pour avoir acc\u00e8s aux b\u00e2timents de l\u2019U.F.R. de M\u00e9decine et de l\u2019Universit\u00e9) vous seront alors envoy\u00e9s par courrier postal \u00e0 votre domicile.<\/p>\n<p><strong>En cas de difficult\u00e9<\/strong>\u00a0pour vous inscrire, d\u00e9poser vos pi\u00e8ces ou payer en ligne, vous pouvez joindre le\u00a0<a href=\"https:\/\/wordpress-test.app.u-pariscite.fr\/centre-de-contact\/\"><strong>CENTRE DE CONTACT (Cliquez ICI)<\/strong><\/a><\/p>\n<p><strong>IMPORTANT:<\/strong><\/p>\n<p>Dans la suite de votre inscription en ligne, veillez \u00e0 activer votre compte <strong>ENT Universit\u00e9 Paris Cit\u00e9<\/strong> \u00a0<a href=\"https:\/\/wordpress-test.app.u-pariscite.fr\/activation-de-votre-compte-universite-de-paris\/\"><strong>Proc\u00e9dure d\u2019activation ENT &#8211; Cliquez ici<\/strong><\/a><\/p>\n<p>Celui-ci vous donnera acc\u00e8s \u00e0 l&rsquo;adresse \u00e9lectronique universitaire sur laquelle l&rsquo;ensemble des informations vous seront par la suite communiqu\u00e9es, aux cours en ligne sur Moodle, aux inscriptions p\u00e9dagogiques aux enseignements \u00e0 choix et autres fonctionnalit\u00e9s<\/p>\n<p>[\/et_pb_toggle][et_pb_toggle admin_label=\u00a0\u00bbInscription en 1\u00e8re ann\u00e9e de Capacit\u00e9\u00a0\u00bb _builder_version=\u00a0\u00bb3.22.1&Prime; title=\u00a0\u00bbInscription en 1\u00e8re ann\u00e9e de Capacit\u00e9\u00a0\u00bb text_shadow_horizontal_length=\u00a0\u00bbtext_shadow_style,%91object Object%93&Prime; text_shadow_vertical_length=\u00a0\u00bbtext_shadow_style,%91object Object%93&Prime; text_shadow_blur_strength=\u00a0\u00bbtext_shadow_style,%91object Object%93&Prime; title_text_shadow_horizontal_length=\u00a0\u00bbtitle_text_shadow_style,%91object Object%93&Prime; title_text_shadow_vertical_length=\u00a0\u00bbtitle_text_shadow_style,%91object Object%93&Prime; title_text_shadow_blur_strength=\u00a0\u00bbtitle_text_shadow_style,%91object Object%93&Prime; body_text_shadow_horizontal_length=\u00a0\u00bbbody_text_shadow_style,%91object Object%93&Prime; body_text_shadow_vertical_length=\u00a0\u00bbbody_text_shadow_style,%91object Object%93&Prime; body_text_shadow_blur_strength=\u00a0\u00bbbody_text_shadow_style,%91object Object%93&Prime; z_index_tablet=\u00a0\u00bb500&Prime;]<\/p>\n<h4><strong>Dates d\u2019ouverture et fermeture des inscriptions: <span style=\"color: #8a1538\">du 4 septembre au 13 octobre 2023<\/span><\/strong><\/h4>\n<h4 class=\"niveau3\"><span style=\"color: #333333\"><strong>\u00c9TAPE 1 :\u00a0 \u00a0RENSEIGNEMENTS ET D\u00c9P\u00d4T EN LIGNE PR\u00c9ALABLE<\/strong><\/span><\/h4>\n<p>Afin que nous puissions vous g\u00e9n\u00e9rer un laissez-passer vous permettant de vous inscrire par la suite en ligne, vous devez au pr\u00e9alable remplir un formulaire \u00e9galement en ligne et d\u00e9poser les pi\u00e8ces demand\u00e9es sur :<strong><a href=\"https:\/\/sondage.app.wordpress-test.app.u-pariscite.fr\/169389?newtest=Y&amp;lang=fr\" target=\"_blank\" rel=\"noopener noreferrer\"> https:\/\/sondage.app.wordpress-test.app.u-pariscite.fr\/169389?newtest=Y&amp;lang=fr<\/a><\/strong><\/p>\n<h4 class=\"niveau3\"><span style=\"color: #333333\"><strong>\u00c9TAPE 2 :\u00a0 \u00a0INSCRIPTION EN LIGNE PAR LAISSEZ-PASSER ENVOY\u00c9 PAR MAIL<\/strong><\/span><\/h4>\n<p>Une fois vos informations\u00a0re\u00e7ues par nos services (un d\u00e9lai de traitement et de v\u00e9rification est n\u00e9cessaire), vous recevez un courrier \u00e9lectronique sur votre adresse de messagerie personnelle vous informant de la possibilit\u00e9 de\u00a0vous inscrire en ligne.<\/p>\n<p>Puis, pour vous inscrire en ligne:<\/p>\n<p>&gt; Si vous n&rsquo;avez jamais \u00e9t\u00e9 inscrit \u00e0 l&rsquo;Universit\u00e9 Paris Descartes ou Paris Diderot, munissez-vous de l&rsquo;identifiant qui vous a \u00e9t\u00e9 envoy\u00e9 et rendez vous sur <a href=\"https:\/\/primo.app.wordpress-test.app.u-pariscite.fr\/primo\"><strong>_IA PRIMO (cliquez ici)_<\/strong><\/a><\/p>\n<p>&gt; Si vous avez d\u00e9j\u00e0\u00a0\u00e9t\u00e9 inscrit \u00e0 l&rsquo;Universit\u00e9 Paris Descartes ou Paris Diderot, munissez-vous de votre n\u00b0 \u00e9tudiant\u00a0et\u00a0rendez vous sur <a href=\"https:\/\/reins.app.wordpress-test.app.u-pariscite.fr\/reins\"><strong>_IA REINS\u00a0(cliquez ici)_<\/strong><\/a><\/p>\n<p>&gt; Saisissez vos informations et v\u00e9rifiez vos donn\u00e9es personnelles pr\u00e9-renseign\u00e9es<\/p>\n<p>Veillez \u00e0 indiquer votre adresse postale valide. C&rsquo;est \u00e0 cette adresse que vous seront envoy\u00e9s votre certificat de scolarit\u00e9 et l&rsquo;autocollant de l&rsquo;ann\u00e9e.<\/p>\n<p>Veillez \u00e9galement \u00e0 la validit\u00e9 de votre adresse e-mail qui vous permettra de recevoir le justificatif de paiement.<\/p>\n<p>Une liste de pi\u00e8ces \u00e0 fournir s\u2019affiche alors.<\/p>\n<p>D\u00e9posez vos pi\u00e8ces justificatives en ligne \u00e0 l\u2019adresse suivante :<strong>\u00a0 <a href=\"https:\/\/pjweb.app.wordpress-test.app.u-pariscite.fr\/pjweb\">_PJ WEB (cliquez ici)_<\/a><\/strong><\/p>\n<p>Une fois vos pi\u00e8ces v\u00e9rifi\u00e9es par le service des Inscriptions,\u00a0 votre carte \u00e9tudiant, votre certificat de scolarit\u00e9 et l\u2019autocollant 2022-2023 (\u00e0 coller obligatoirement sur votre carte \u00e9tudiant pour avoir acc\u00e8s aux b\u00e2timents de l\u2019U.F.R. de M\u00e9decine et de l\u2019Universit\u00e9) vous seront alors envoy\u00e9s par courrier postal \u00e0 votre domicile.<\/p>\n<p><strong>En cas de difficult\u00e9<\/strong>\u00a0pour vous inscrire, d\u00e9poser vos pi\u00e8ces ou payer en ligne, vous pouvez joindre le\u00a0<a href=\"https:\/\/wordpress-test.app.u-pariscite.fr\/centre-de-contact\/\"><strong>CENTRE DE CONTACT (Cliquez ICI)<\/strong><\/a><\/p>\n<p><strong>IMPORTANT:<\/strong><\/p>\n<p>Dans la suite de votre inscription en ligne, veillez \u00e0 activer votre compte <strong>ENT Universit\u00e9 Paris Cit\u00e9<\/strong> \u00a0<a href=\"https:\/\/wordpress-test.app.u-pariscite.fr\/activation-de-votre-compte-universite-de-paris\/\"><strong>Proc\u00e9dure d\u2019activation ENT &#8211; Cliquez ici<\/strong><\/a><\/p>\n<p>Celui-ci vous donnera acc\u00e8s \u00e0 l&rsquo;adresse \u00e9lectronique universitaire sur laquelle l&rsquo;ensemble des informations vous seront par la suite communiqu\u00e9es, aux cours en ligne sur Moodle, aux inscriptions p\u00e9dagogiques aux enseignements \u00e0 choix et autres fonctionnalit\u00e9s.<\/p>\n<p>[\/et_pb_toggle][et_pb_toggle admin_label=\u00a0\u00bbR\u00e9inscription en Capacit\u00e9 (redoublement ou passage en 2\u00e8me ann\u00e9e)\u00a0\u00bb _builder_version=\u00a0\u00bb3.22.1&Prime; title=\u00a0\u00bbR\u00e9inscription en Capacit\u00e9 (redoublement ou passage en 2\u00e8me ann\u00e9e)\u00a0\u00bb text_shadow_horizontal_length=\u00a0\u00bbtext_shadow_style,%91object Object%93&Prime; text_shadow_vertical_length=\u00a0\u00bbtext_shadow_style,%91object Object%93&Prime; text_shadow_blur_strength=\u00a0\u00bbtext_shadow_style,%91object Object%93&Prime; title_text_shadow_horizontal_length=\u00a0\u00bbtitle_text_shadow_style,%91object Object%93&Prime; title_text_shadow_vertical_length=\u00a0\u00bbtitle_text_shadow_style,%91object Object%93&Prime; title_text_shadow_blur_strength=\u00a0\u00bbtitle_text_shadow_style,%91object Object%93&Prime; body_text_shadow_horizontal_length=\u00a0\u00bbbody_text_shadow_style,%91object Object%93&Prime; body_text_shadow_vertical_length=\u00a0\u00bbbody_text_shadow_style,%91object Object%93&Prime; body_text_shadow_blur_strength=\u00a0\u00bbbody_text_shadow_style,%91object Object%93&Prime; z_index_tablet=\u00a0\u00bb500&Prime;]<\/p>\n<h4><span style=\"color: #800000\"><strong><span style=\"color: #333333\">Dates d\u2019ouverture et fermeture des inscriptions:<\/span> <span style=\"color: #8a1538\">du 4 septembre au 13 octobre 2023<\/span><\/strong><\/span><\/h4>\n<h4 class=\"niveau3\"><strong><span style=\"color: #333333\">\u00c9TAPE 1 :\u00a0 \u00a0RENSEIGNEMENTS ET D\u00c9P\u00d4T EN LIGNE PR\u00c9ALABLE<\/span><\/strong><\/h4>\n<p>Afin que nous puissions vous g\u00e9n\u00e9rer un laissez-passer vous permettant de vous inscrire par la suite en ligne, vous devez au pr\u00e9alable remplir un formulaire \u00e9galement en ligne sur : <a href=\"https:\/\/sondage.app.wordpress-test.app.u-pariscite.fr\/265729?newtest=Y&amp;lang=fr\" target=\"_blank\" rel=\"noopener noreferrer\"><strong>https:\/\/sondage.app.wordpress-test.app.u-pariscite.fr\/499161?newtest=Y&amp;lang=fr<\/strong><\/a><\/p>\n<h4 class=\"niveau3\"><strong><span style=\"color: #333333\">\u00c9TAPE 2 :\u00a0 \u00a0INSCRIPTION EN LIGNE PAR LAISSEZ-PASSER ENVOY\u00c9 PAR MAIL<\/span><\/strong><\/h4>\n<p>Une fois vos informations\u00a0re\u00e7ues par nos services (un d\u00e9lai de traitement et de v\u00e9rification est n\u00e9cessaire), vous recevez un courrier \u00e9lectronique sur votre adresse de messagerie personnelle vous informant de la possibilit\u00e9 de\u00a0vous inscrire en ligne.<\/p>\n<p>Puis, pour vous inscrire en ligne\u00a0munissez-vous de votre n\u00b0 \u00e9tudiant\u00a0et\u00a0rendez vous sur <a href=\"https:\/\/reins.app.wordpress-test.app.u-pariscite.fr\/reins\"><strong>_IA REINS\u00a0(cliquez ici)_<\/strong><\/a><\/p>\n<p>Saisissez vos informations et v\u00e9rifiez vos donn\u00e9es personnelles pr\u00e9-renseign\u00e9es<\/p>\n<p>Veillez \u00e0 indiquer votre adresse postale valide. C&rsquo;est \u00e0 cette adresse que vous seront envoy\u00e9s votre certificat de scolarit\u00e9 et l&rsquo;autocollant de l&rsquo;ann\u00e9e.<\/p>\n<p>Veillez \u00e9galement \u00e0 la validit\u00e9 de votre adresse e-mail qui vous permettra de recevoir le justificatif de paiement.<\/p>\n<p>Une liste de pi\u00e8ces \u00e0 fournir s\u2019affiche alors.<\/p>\n<p>&gt; D\u00e9posez vos pi\u00e8ces justificatives en ligne \u00e0 l\u2019adresse suivante\u00a0:<strong>\u00a0 <a href=\"https:\/\/pjweb.app.wordpress-test.app.u-pariscite.fr\/pjweb\">_PJ WEB (cliquez ici)_<\/a><\/strong><\/p>\n<p>Une fois vos pi\u00e8ces v\u00e9rifi\u00e9es par le service des Inscriptions,\u00a0 votre carte \u00e9tudiant, votre certificat de scolarit\u00e9 et l\u2019autocollant 2022-2023 (\u00e0 coller obligatoirement sur votre carte \u00e9tudiant pour avoir acc\u00e8s aux b\u00e2timents de l\u2019U.F.R. de M\u00e9decine et de l\u2019Universit\u00e9) vous seront alors envoy\u00e9s par courrier postal \u00e0 votre domicile.<\/p>\n<p><strong>En cas de difficult\u00e9<\/strong>\u00a0pour vous inscrire, d\u00e9poser vos pi\u00e8ces ou payer en ligne, vous pouvez joindre le\u00a0<a href=\"https:\/\/wordpress-test.app.u-pariscite.fr\/centre-de-contact\/\"><strong>CENTRE DE CONTACT (Cliquez ICI)<\/strong><\/a><\/p>\n<p><strong>IMPORTANT:<\/strong><\/p>\n<p>Dans la suite de votre inscription en ligne, veillez \u00e0 activer votre compte <strong>ENT Universit\u00e9 Paris Cit\u00e9<\/strong> \u00a0<a href=\"https:\/\/wordpress-test.app.u-pariscite.fr\/activation-de-votre-compte-universite-de-paris\/\"><strong>Proc\u00e9dure d\u2019activation ENT &#8211; Cliquez ici<\/strong><\/a><\/p>\n<p>Celui-ci vous donnera acc\u00e8s \u00e0 l&rsquo;adresse \u00e9lectronique universitaire sur laquelle l&rsquo;ensemble des informations vous seront par la suite communiqu\u00e9es, aux cours en ligne sur Moodle, aux inscriptions p\u00e9dagogiques aux enseignements \u00e0 choix et autres fonctionnalit\u00e9s.<\/p>\n<p>[\/et_pb_toggle][\/et_pb_column][et_pb_column type=\u00a0\u00bb1_4&Prime;][\/et_pb_column][\/et_pb_row][\/et_pb_section][et_pb_section bb_built=\u00a0\u00bb1&Prime; specialty=\u00a0\u00bboff\u00a0\u00bb _builder_version=\u00a0\u00bb3.21&Prime; custom_padding=\u00a0\u00bb0px||0px|\u00a0\u00bb prev_background_color=\u00a0\u00bb#000000&Prime; inner_width=\u00a0\u00bbauto\u00a0\u00bb inner_max_width=\u00a0\u00bbnone\u00a0\u00bb][et_pb_row _builder_version=\u00a0\u00bb3.19.11&Prime; width=\u00a0\u00bb80%\u00a0\u00bb max_width=\u00a0\u00bb1080px\u00a0\u00bb][et_pb_column type=\u00a0\u00bb4_4&Prime;][et_pb_text admin_label=\u00a0\u00bb\u00c0 lire aussi\u00a0\u00bb _builder_version=\u00a0\u00bb3.21&Prime;]<\/p>\n<h2><span class=\"st\">\u00c0<\/span> lire aussi<\/h2>\n<p>[\/et_pb_text][et_pb_blog _builder_version=\u00a0\u00bb3.21&Prime; posts_number=\u00a0\u00bb4&Prime; include_categories=\u00a0\u00bb13&Prime; show_author=\u00a0\u00bboff\u00a0\u00bb show_date=\u00a0\u00bboff\u00a0\u00bb show_pagination=\u00a0\u00bboff\u00a0\u00bb border_width_bottom_fullwidth=\u00a0\u00bb1px\u00a0\u00bb border_color_bottom_fullwidth=\u00a0\u00bbrgba(51,51,51,0.18)\u00a0\u00bb custom_padding=\u00a0\u00bb||50px|\u00a0\u00bb module_id=\u00a0\u00bbpage_type_blog\u00a0\u00bb header_level=\u00a0\u00bbh4&Prime; \/][\/et_pb_column][\/et_pb_row][\/et_pb_section]<\/p>\n","protected":false},"excerpt":{"rendered":"<div class=\"et_pb_row et_pb_row_0 et_pb_row_empty\"><\/div>\n<div class=\"et_pb_row et_pb_row_1 et_pb_row_empty\"><\/div>\n<p> Dates d\u2019ouverture et fermeture des inscriptions: du 10 au 21 juillet puis du 22 ao\u00fbt au 22 septembre 2023 \u00c9TAPE 1 :\u00a0 \u00a0RENSEIGNEMENTS ET D\u00c9P\u00d4T EN LIGNE PR\u00c9ALABLE Afin que nous puissions vous g\u00e9n\u00e9rer un laissez-passer vous permettant de vous inscrire par la suite en ligne, vous devez au pr\u00e9alable remplir un formulaire et&hellip; <a class=\"continue\" href=\"https:\/\/wordpress-test.app.u-pariscite.fr\/medecine\/capacites\/\">Lire la suite<span> Inscriptions Capacit\u00e9s<\/span><\/a><\/p>\n","protected":false},"author":113,"featured_media":0,"parent":0,"menu_order":0,"comment_status":"closed","ping_status":"closed","template":"","meta":{"_et_pb_use_builder":"on","_et_pb_old_content":"","_et_gb_content_width":"","footnotes":""},"class_list":["post-24029","page","type-page","status-publish","hentry"],"_links":{"self":[{"href":"https:\/\/wordpress-test.app.u-pariscite.fr\/medecine\/wp-json\/wp\/v2\/pages\/24029","targetHints":{"allow":["GET"]}}],"collection":[{"href":"https:\/\/wordpress-test.app.u-pariscite.fr\/medecine\/wp-json\/wp\/v2\/pages"}],"about":[{"href":"https:\/\/wordpress-test.app.u-pariscite.fr\/medecine\/wp-json\/wp\/v2\/types\/page"}],"author":[{"embeddable":true,"href":"https:\/\/wordpress-test.app.u-pariscite.fr\/medecine\/wp-json\/wp\/v2\/users\/113"}],"replies":[{"embeddable":true,"href":"https:\/\/wordpress-test.app.u-pariscite.fr\/medecine\/wp-json\/wp\/v2\/comments?post=24029"}],"version-history":[{"count":25,"href":"https:\/\/wordpress-test.app.u-pariscite.fr\/medecine\/wp-json\/wp\/v2\/pages\/24029\/revisions"}],"predecessor-version":[{"id":27586,"href":"https:\/\/wordpress-test.app.u-pariscite.fr\/medecine\/wp-json\/wp\/v2\/pages\/24029\/revisions\/27586"}],"wp:attachment":[{"href":"https:\/\/wordpress-test.app.u-pariscite.fr\/medecine\/wp-json\/wp\/v2\/media?parent=24029"}],"curies":[{"name":"wp","href":"https:\/\/api.w.org\/{rel}","templated":true}]}}