{"id":24021,"date":"2021-02-16T21:19:59","date_gmt":"2021-02-16T20:19:59","guid":{"rendered":"https:\/\/wordpress-test.app.u-pariscite.fr\/medecine\/?page_id=24021"},"modified":"2024-06-24T16:02:02","modified_gmt":"2024-06-24T14:02:02","slug":"masters","status":"publish","type":"page","link":"https:\/\/wordpress-test.app.u-pariscite.fr\/medecine\/masters\/","title":{"rendered":"Masters"},"content":{"rendered":"<p>[et_pb_section bb_built=\u00a0\u00bb1&Prime; next_background_color=\u00a0\u00bb#000000&Prime; inner_width=\u00a0\u00bbauto\u00a0\u00bb inner_max_width=\u00a0\u00bbnone\u00a0\u00bb][et_pb_row][et_pb_column type=\u00a0\u00bb4_4&Prime;][et_pb_post_title admin_label=\u00a0\u00bbTitre de la page\u00a0\u00bb _builder_version=\u00a0\u00bb3.19.11&Prime; meta=\u00a0\u00bboff\u00a0\u00bb featured_image=\u00a0\u00bboff\u00a0\u00bb \/][\/et_pb_column][\/et_pb_row][et_pb_row][et_pb_column type=\u00a0\u00bb3_4&Prime;][et_pb_toggle admin_label=\u00a0\u00bbCandidat M1 admis \u00e0 s&rsquo;inscrire via l&rsquo;application Mon Master\u00a0\u00bb _builder_version=\u00a0\u00bb3.22.1&Prime; title=\u00a0\u00bbCandidat M1 admis \u00e0 s&rsquo;inscrire via l&rsquo;application Mon Master\u00a0\u00bb text_shadow_horizontal_length=\u00a0\u00bbtext_shadow_style,%91object Object%93&Prime; text_shadow_vertical_length=\u00a0\u00bbtext_shadow_style,%91object Object%93&Prime; text_shadow_blur_strength=\u00a0\u00bbtext_shadow_style,%91object Object%93&Prime; title_text_shadow_horizontal_length=\u00a0\u00bbtitle_text_shadow_style,%91object Object%93&Prime; title_text_shadow_vertical_length=\u00a0\u00bbtitle_text_shadow_style,%91object Object%93&Prime; title_text_shadow_blur_strength=\u00a0\u00bbtitle_text_shadow_style,%91object Object%93&Prime; body_text_shadow_horizontal_length=\u00a0\u00bbbody_text_shadow_style,%91object Object%93&Prime; body_text_shadow_vertical_length=\u00a0\u00bbbody_text_shadow_style,%91object Object%93&Prime; body_text_shadow_blur_strength=\u00a0\u00bbbody_text_shadow_style,%91object Object%93&Prime; z_index_tablet=\u00a0\u00bb500&Prime;]<\/p>\n<p><strong><span style=\"color: #333333\">Dates d\u2019ouvertures et fermeture des inscriptions:\u00a0<\/span><span style=\"color: #800000\">du 7 au 25 juillet puis du 22 ao\u00fbt au 13 septembre 2024<\/span><\/strong><\/p>\n<p>Les \u00e9tudiants admis sur Mon Master recevront fin ao\u00fbt-d\u00e9but septembre un mail de la part du service Masters afin qu\u2019ils remplissent un formulaire d\u2019informations compl\u00e9mentaires permettant leur inscription en ligne. Une fois ce message re\u00e7u et le formulaire compl\u00e9t\u00e9 par vous-m\u00eame, vous pourrez suivre les modalit\u00e9s du lien suivant :<strong>\u00a0<\/strong> <a href=\"https:\/\/wordpress-test.app.u-pariscite.fr\/medecine\/inscription-administrative-ufr-de-medecine-de-paris-par-laissez-passer-individuel\/\" target=\"_blank\" rel=\"noopener noreferrer\"><strong>Suivez ce lien pour conna\u00eetre les modalit\u00e9s d\u2019inscription<\/strong><\/a><\/p>\n<p>[\/et_pb_toggle][et_pb_toggle admin_label=\u00a0\u00bbCandidat M2 admis \u00e0 s&rsquo;inscrire via eCandidat\u00a0\u00bb _builder_version=\u00a0\u00bb3.22.1&Prime; title=\u00a0\u00bbCandidat M2 admis \u00e0 s&rsquo;inscrire via eCandidat\u00a0\u00bb text_shadow_horizontal_length=\u00a0\u00bbtext_shadow_style,%91object Object%93&Prime; text_shadow_vertical_length=\u00a0\u00bbtext_shadow_style,%91object Object%93&Prime; text_shadow_blur_strength=\u00a0\u00bbtext_shadow_style,%91object Object%93&Prime; title_text_shadow_horizontal_length=\u00a0\u00bbtitle_text_shadow_style,%91object Object%93&Prime; title_text_shadow_vertical_length=\u00a0\u00bbtitle_text_shadow_style,%91object Object%93&Prime; title_text_shadow_blur_strength=\u00a0\u00bbtitle_text_shadow_style,%91object Object%93&Prime; body_text_shadow_horizontal_length=\u00a0\u00bbbody_text_shadow_style,%91object Object%93&Prime; body_text_shadow_vertical_length=\u00a0\u00bbbody_text_shadow_style,%91object Object%93&Prime; body_text_shadow_blur_strength=\u00a0\u00bbbody_text_shadow_style,%91object Object%93&Prime; z_index_tablet=\u00a0\u00bb500&Prime;]<\/p>\n<p><span style=\"color: #800000\"><strong><span style=\"color: #333333\">Dates d\u2019ouvertures et fermeture des inscriptions:<\/span>\u00a0du 7 juillet au 25 juillet puis du 22 ao\u00fbt au 30 septembre 2024<\/strong><\/span><\/p>\n<p>[ATTENTION: La proc\u00e9dure d&rsquo;inscription \u00e9nonc\u00e9e ci-dessous ne s&rsquo;applique qu&rsquo;aux \u00e9tudiants ayant candidat\u00e9 sous le statut de formation initiale. Les \u00e9tudiants s&rsquo;\u00e9tant d\u00e9clar\u00e9 en <em>Formation Professionnelle<\/em> doivent prendre contact le <em>Service de la Formation Tout au Long de la Vie<\/em> <strong><a href=\"mailto:formation-continue.defi@wordpress-test.app.u-pariscite.fr\" target=\"_blank\" rel=\"noopener noreferrer\">formation-continue.defi@wordpress-test.app.u-pariscite.fr<\/a><\/strong><br \/>Si vous avez obtenu un avis favorable sur eCandidat et que vous avez confirm\u00e9 votre acceptation, veuillez suivre les \u00e9tapes suivantes:<\/p>\n<h4 class=\"niveau3\">\u00c9TAPE 1 :\u00a0\u00a0 PAIEMENT DE LA CVEC<\/h4>\n<p>Acquittez-vous de la Contribution Vie \u00c9tudiante et de Campus (CVEC) d\u2019un montant de <strong>103\u20ac,<\/strong> par paiement en ligne \u00e0 l\u2019adresse : <strong><a href=\"https:\/\/cvec.etudiant.gouv.fr\/\" target=\"_blank\" rel=\"noopener noreferrer\">https:\/\/cvec.etudiant.gouv.fr\/ <\/a><\/strong>ou au bureau de Poste de votre choix. Vous obtiendrez alors une attestation d\u2019acquittement ou d\u2019exon\u00e9ration individuelle sur laquelle figurera un code obligatoire pour vous inscrire.<\/p>\n<h4>\u00c9TAPE 2 : INSCRIPTION EN LIGNE<\/h4>\n<p>Connectez-vous \u00e0\u00a0<a href=\"https:\/\/primo.app.wordpress-test.app.u-pariscite.fr\/primo\"><strong>_IA PRIMO (cliquez ici)_<\/strong><\/a><br \/>(Attention : si vous avez d\u00e9j\u00e0 \u00e9t\u00e9 inscrit \u00e0 l&rsquo;Universit\u00e9 Paris Cit\u00e9 OU \u00e0 Paris Diderot OU \u00e0 Paris Descartes les ann\u00e9es pr\u00e9c\u00e9dentes, veuillez vous connecter \u00e0<strong>\u00a0<a href=\"https:\/\/reins.app.wordpress-test.app.u-pariscite.fr\/reins\">IAR\u00e9ins\u00a0(cliquez ici)<\/a>\u00a0*<\/strong>)<\/p>\n<p>Utilisez votre num\u00e9ro eCandidat<\/p>\n<p>Munissez vous du code figurant sur votre attestation de CVEC<\/p>\n<p>Saisissez vos donn\u00e9es personnelles<\/p>\n<p>Aidez-vous de la notice suivante pour renseigner\u00a0votre CSP (cat\u00e9gorie socio-professionnelle) et celles de chacun de vos parents: <a href=\"https:\/\/wordpress-test.app.u-pariscite.fr\/medecine\/wp-content\/uploads\/sites\/24\/2021\/02\/def_csp_pdf_20170224_0.pdf\" target=\"_blank\" rel=\"noopener noreferrer\"><strong>T\u00e9l\u00e9chargez<\/strong><\/a><\/p>\n<p>Veillez \u00e9galement \u00e0 la validit\u00e9 de votre adresse e-mail qui vous permettra de recevoir le justificatif de paiement.<\/p>\n<p>Effectuer le paiement des droits d\u2019inscriptions en ligne par Carte Bancaire (Paiement s\u00e9curis\u00e9).<\/p>\n<p>Une liste de pi\u00e8ces \u00e0 fournir s\u2019affiche alors. Notez le num\u00e9ro \u00c9tudiant qui vous a \u00e9t\u00e9 attribu\u00e9.<\/p>\n<h4>\u00c9TAPE suppl\u00e9mentaire si 1\u00e8re inscription \u00e0 UPCit\u00e9 : ACTIVER VOTRE COMPTE universit\u00e9 PARIS CITE<\/h4>\n<blockquote>\n<p>L\u2019activation du compte n\u2019est possible qu\u2019\u00e0 r\u00e9ception d\u2019un mail vous invitant \u00e0 proc\u00e9der \u00e0 l\u2019activation de votre compte. Ce mail est envoy\u00e9 dans les 48h suivant votre inscription administrative.<\/p>\n<\/blockquote>\n<p><a href=\"https:\/\/wordpress-test.app.u-pariscite.fr\/activation-de-votre-compte-universite-de-paris\/\"><strong>Retrouver la proc\u00e9dure d&rsquo;activation en ligne<\/strong><\/a><\/p>\n<h4>\u00c9TAPE 3 : D\u00c9POSEZ VOS PI\u00c8CES JUSTIFICATIVES<\/h4>\n<p>D\u00e9posez vos pi\u00e8ces justificatives en ligne \u00e0 l\u2019adresse suivante :<strong><a href=\"https:\/\/pjweb.app.wordpress-test.app.u-pariscite.fr\/pjweb\">https:\/\/pjweb.app.wordpress-test.app.u-pariscite.fr\/pjweb<\/a><\/strong><\/p>\n<p>Une fois vos pi\u00e8ces v\u00e9rifi\u00e9es par nos services, votre carte \u00e9tudiant, vos certificats de scolarit\u00e9 et l\u2019autocollant 2023-2024 (\u00e0 coller obligatoirement sur votre carte \u00e9tudiant pour avoir acc\u00e8s aux b\u00e2timents de l\u2019U.F.R. de M\u00e9decine et de l\u2019Universit\u00e9) vous seront alors envoy\u00e9s par courrier postal \u00e0 votre domicile.<\/p>\n<h4>\u00c9TAPE 4 : TELECHARGEZ VOTRE CERTIFICAT DE SCOLARIT\u00c9 ET LA QUITTANCE DE PAIEMENT<\/h4>\n<p>Une fois votre inscription r\u00e9gl\u00e9e et votre compte Universit\u00e9 Paris Cit\u00e9 activ\u00e9, t\u00e9l\u00e9chargez vos certificats de scolarit\u00e9 et la quittance de paiement sur l\u2019application <a href=\"https:\/\/wordpress-test.app.u-pariscite.fr\/mon-dossier-web-lapplication-pour-suivre-sa-scolarite\/\"><strong>Mon Dossier Web<\/strong><\/a>.<\/p>\n<p><strong>En cas de difficult\u00e9<\/strong>\u00a0pour vous inscrire, d\u00e9poser vos pi\u00e8ces ou payer en ligne, vous pouvez joindre le <strong><a href=\"https:\/\/wordpress-test.app.u-pariscite.fr\/centre-de-contact\/\">CENTRE DE CONTACT (Cliquez ICI<\/a>)<\/strong><\/p>\n<p><strong>* Si vous avez pr\u00e9c\u00e9demment \u00e9t\u00e9 inscrit \u00e0 Paris Diderot ou Paris Descartes, <\/strong>votre compte <strong>ENT Universit\u00e9 Paris Cit\u00e9<\/strong> doit avoir \u00e9t\u00e9 activ\u00e9 \u2013\u00a0<a href=\"https:\/\/wordpress-test.app.u-pariscite.fr\/activation-de-votre-compte-universite-de-paris\/\"><strong>Proc\u00e9dure d\u2019activation ENT &#8211; Cliquez ici<\/strong><\/a><\/p>\n<p>[\/et_pb_toggle][et_pb_toggle admin_label=\u00a0\u00bbCandidats admis aux Masters hors eCandidat\u00a0\u00bb _builder_version=\u00a0\u00bb3.22.1&Prime; title=\u00a0\u00bbCandidats admis \u00e0 des Masters hors eCandidat\u00a0\u00bb text_shadow_horizontal_length=\u00a0\u00bbtext_shadow_style,%91object Object%93&Prime; text_shadow_vertical_length=\u00a0\u00bbtext_shadow_style,%91object Object%93&Prime; text_shadow_blur_strength=\u00a0\u00bbtext_shadow_style,%91object Object%93&Prime; title_text_shadow_horizontal_length=\u00a0\u00bbtitle_text_shadow_style,%91object Object%93&Prime; title_text_shadow_vertical_length=\u00a0\u00bbtitle_text_shadow_style,%91object Object%93&Prime; title_text_shadow_blur_strength=\u00a0\u00bbtitle_text_shadow_style,%91object Object%93&Prime; body_text_shadow_horizontal_length=\u00a0\u00bbbody_text_shadow_style,%91object Object%93&Prime; body_text_shadow_vertical_length=\u00a0\u00bbbody_text_shadow_style,%91object Object%93&Prime; body_text_shadow_blur_strength=\u00a0\u00bbbody_text_shadow_style,%91object Object%93&Prime; z_index_tablet=\u00a0\u00bb500&Prime;]<\/p>\n<p>La proc\u00e9dure d&rsquo;inscription suivante est valable pour les Masters:<\/p>\n<ul>\n<li>M2 Biologie-sant\u00e9 &#8211; Mechanical Engeneering<\/li>\n<li>M2 Comparative Effectiveness Research<\/li>\n<li>M1 Sant\u00e9 Publique &#8211; Parcours et Politiques Publiques<\/li>\n<\/ul>\n<p><strong><span style=\"color: #333333\">Dates d&rsquo;ouvertures et fermeture des inscriptions: <\/span><span style=\"color: #800000\">du 22 ao\u00fbt au 13 septembre 2024<\/span><br \/><\/strong><\/p>\n<p><a href=\"https:\/\/wordpress-test.app.u-pariscite.fr\/medecine\/inscription-administrative-ufr-de-medecine-de-paris-par-laissez-passer-individuel\/\"><strong>Suivez ce lien pour conna\u00eetre les modalit\u00e9s d&rsquo;inscription<\/strong><\/a><\/p>\n<p>[\/et_pb_toggle][et_pb_toggle admin_label=\u00a0\u00bbCandidats admis \u00e0 s&rsquo;inscrire via Etudes en France\u00a0\u00bb _builder_version=\u00a0\u00bb3.22.1&Prime; title=\u00a0\u00bbCandidats admis \u00e0 s&rsquo;inscrire via Etudes en France\u00a0\u00bb text_shadow_horizontal_length=\u00a0\u00bbtext_shadow_style,%91object Object%93&Prime; text_shadow_vertical_length=\u00a0\u00bbtext_shadow_style,%91object Object%93&Prime; text_shadow_blur_strength=\u00a0\u00bbtext_shadow_style,%91object Object%93&Prime; title_text_shadow_horizontal_length=\u00a0\u00bbtitle_text_shadow_style,%91object Object%93&Prime; title_text_shadow_vertical_length=\u00a0\u00bbtitle_text_shadow_style,%91object Object%93&Prime; title_text_shadow_blur_strength=\u00a0\u00bbtitle_text_shadow_style,%91object Object%93&Prime; body_text_shadow_horizontal_length=\u00a0\u00bbbody_text_shadow_style,%91object Object%93&Prime; body_text_shadow_vertical_length=\u00a0\u00bbbody_text_shadow_style,%91object Object%93&Prime; body_text_shadow_blur_strength=\u00a0\u00bbbody_text_shadow_style,%91object Object%93&Prime; z_index_tablet=\u00a0\u00bb500&Prime;]<\/p>\n<p><strong><span style=\"color: #333333\">Dates d\u2019ouvertures et fermeture des inscriptions:\u00a0<\/span><span style=\"color: #800000\">du 22 ao\u00fbt au 13 septembre 2024<\/span><\/strong><\/p>\n<p>Les \u00e9tudiants admis sur \u00c9tudes en France recevront fin ao\u00fbt-d\u00e9but septembre un mail de la part du service Masters afin qu\u2019ils remplissent un formulaire d\u2019informations compl\u00e9mentaires permettant leur inscription en ligne. Une fois ce message re\u00e7u et le formulaire compl\u00e9t\u00e9 par vous-m\u00eame, vous pourrez suivre les modalit\u00e9s du lien suivant:<\/p>\n<p><a href=\"https:\/\/wordpress-test.app.u-pariscite.fr\/medecine\/inscription-administrative-ufr-de-medecine-de-paris-par-laissez-passer-individuel\/\" target=\"_blank\" rel=\"noopener noreferrer\"><strong>Suivez ce lien pour conna\u00eetre les modalit\u00e9s d&rsquo;inscription<\/strong><\/a><\/p>\n<p>[\/et_pb_toggle][\/et_pb_column][et_pb_column type=\u00a0\u00bb1_4&Prime;][\/et_pb_column][\/et_pb_row][\/et_pb_section][et_pb_section bb_built=\u00a0\u00bb1&Prime; specialty=\u00a0\u00bboff\u00a0\u00bb _builder_version=\u00a0\u00bb3.21&Prime; custom_padding=\u00a0\u00bb0px||0px|\u00a0\u00bb prev_background_color=\u00a0\u00bb#000000&Prime; inner_width=\u00a0\u00bbauto\u00a0\u00bb inner_max_width=\u00a0\u00bbnone\u00a0\u00bb][et_pb_row _builder_version=\u00a0\u00bb3.19.11&Prime; width=\u00a0\u00bb80%\u00a0\u00bb max_width=\u00a0\u00bb1080px\u00a0\u00bb][et_pb_column type=\u00a0\u00bb4_4&Prime;][et_pb_text admin_label=\u00a0\u00bb\u00c0 lire aussi\u00a0\u00bb _builder_version=\u00a0\u00bb3.21&Prime;]<\/p>\n<h2><span class=\"st\">\u00c0<\/span> lire aussi<\/h2>\n<p>[\/et_pb_text][et_pb_blog _builder_version=\u00a0\u00bb3.21&Prime; posts_number=\u00a0\u00bb4&Prime; include_categories=\u00a0\u00bb13&Prime; show_author=\u00a0\u00bboff\u00a0\u00bb show_date=\u00a0\u00bboff\u00a0\u00bb show_pagination=\u00a0\u00bboff\u00a0\u00bb border_width_bottom_fullwidth=\u00a0\u00bb1px\u00a0\u00bb border_color_bottom_fullwidth=\u00a0\u00bbrgba(51,51,51,0.18)\u00a0\u00bb custom_padding=\u00a0\u00bb||50px|\u00a0\u00bb module_id=\u00a0\u00bbpage_type_blog\u00a0\u00bb header_level=\u00a0\u00bbh4&Prime; \/][\/et_pb_column][\/et_pb_row][\/et_pb_section]<\/p>\n","protected":false},"excerpt":{"rendered":"<div class=\"et_pb_row et_pb_row_0 et_pb_row_empty\"><\/div>\n<div class=\"et_pb_row et_pb_row_1 et_pb_row_empty\"><\/div>\n<p> Dates d\u2019ouvertures et fermeture des inscriptions:\u00a0du 7 au 25 juillet puis du 22 ao\u00fbt au 13 septembre 2024 Les \u00e9tudiants admis sur Mon Master recevront fin ao\u00fbt-d\u00e9but septembre un mail de la part du service Masters afin qu\u2019ils remplissent un formulaire d\u2019informations compl\u00e9mentaires permettant leur inscription en ligne. Une fois ce message re\u00e7u et&hellip; <a class=\"continue\" href=\"https:\/\/wordpress-test.app.u-pariscite.fr\/medecine\/masters\/\">Lire la suite<span> Masters<\/span><\/a><\/p>\n","protected":false},"author":113,"featured_media":0,"parent":0,"menu_order":0,"comment_status":"closed","ping_status":"closed","template":"","meta":{"_et_pb_use_builder":"on","_et_pb_old_content":"","_et_gb_content_width":"","footnotes":""},"class_list":["post-24021","page","type-page","status-publish","hentry"],"_links":{"self":[{"href":"https:\/\/wordpress-test.app.u-pariscite.fr\/medecine\/wp-json\/wp\/v2\/pages\/24021","targetHints":{"allow":["GET"]}}],"collection":[{"href":"https:\/\/wordpress-test.app.u-pariscite.fr\/medecine\/wp-json\/wp\/v2\/pages"}],"about":[{"href":"https:\/\/wordpress-test.app.u-pariscite.fr\/medecine\/wp-json\/wp\/v2\/types\/page"}],"author":[{"embeddable":true,"href":"https:\/\/wordpress-test.app.u-pariscite.fr\/medecine\/wp-json\/wp\/v2\/users\/113"}],"replies":[{"embeddable":true,"href":"https:\/\/wordpress-test.app.u-pariscite.fr\/medecine\/wp-json\/wp\/v2\/comments?post=24021"}],"version-history":[{"count":29,"href":"https:\/\/wordpress-test.app.u-pariscite.fr\/medecine\/wp-json\/wp\/v2\/pages\/24021\/revisions"}],"predecessor-version":[{"id":29066,"href":"https:\/\/wordpress-test.app.u-pariscite.fr\/medecine\/wp-json\/wp\/v2\/pages\/24021\/revisions\/29066"}],"wp:attachment":[{"href":"https:\/\/wordpress-test.app.u-pariscite.fr\/medecine\/wp-json\/wp\/v2\/media?parent=24021"}],"curies":[{"name":"wp","href":"https:\/\/api.w.org\/{rel}","templated":true}]}}