{"id":23838,"date":"2021-02-11T16:42:52","date_gmt":"2021-02-11T15:42:52","guid":{"rendered":"https:\/\/wordpress-test.app.u-pariscite.fr\/medecine\/?page_id=23838"},"modified":"2024-03-01T16:49:09","modified_gmt":"2024-03-01T15:49:09","slug":"inscriptions-filieres-paramedicales","status":"publish","type":"page","link":"https:\/\/wordpress-test.app.u-pariscite.fr\/medecine\/inscriptions-filieres-paramedicales\/","title":{"rendered":"candidatures fili\u00e8res param\u00e9dicales"},"content":{"rendered":"<p>[et_pb_section bb_built=\u00a0\u00bb1&Prime; _builder_version=\u00a0\u00bb3.22&Prime; next_background_color=\u00a0\u00bb#000000&Prime;][et_pb_row _builder_version=\u00a0\u00bb3.22&Prime; background_size=\u00a0\u00bbinitial\u00a0\u00bb background_position=\u00a0\u00bbtop_left\u00a0\u00bb background_repeat=\u00a0\u00bbrepeat\u00a0\u00bb][et_pb_column type=\u00a0\u00bb4_4&Prime;][et_pb_post_title admin_label=\u00a0\u00bbTitre de la page\u00a0\u00bb meta=\u00a0\u00bboff\u00a0\u00bb featured_image=\u00a0\u00bboff\u00a0\u00bb _builder_version=\u00a0\u00bb3.19.11&Prime;]<\/p>\n<p>[\/et_pb_post_title][\/et_pb_column][\/et_pb_row][et_pb_row _builder_version=\u00a0\u00bb3.22&Prime; background_size=\u00a0\u00bbinitial\u00a0\u00bb background_position=\u00a0\u00bbtop_left\u00a0\u00bb background_repeat=\u00a0\u00bbrepeat\u00a0\u00bb][et_pb_column type=\u00a0\u00bb3_4&Prime;][et_pb_text admin_label=\u00a0\u00bbIntro\u00a0\u00bb module_id=\u00a0\u00bbintro\u00a0\u00bb _builder_version=\u00a0\u00bb3.22.1&Prime; z_index_tablet=\u00a0\u00bb500&Prime; text_text_shadow_horizontal_length=\u00a0\u00bbtext_text_shadow_style,%91object Object%93&Prime; text_text_shadow_vertical_length=\u00a0\u00bbtext_text_shadow_style,%91object Object%93&Prime; text_text_shadow_blur_strength=\u00a0\u00bbtext_text_shadow_style,%91object Object%93&Prime; link_text_shadow_horizontal_length=\u00a0\u00bblink_text_shadow_style,%91object Object%93&Prime; link_text_shadow_vertical_length=\u00a0\u00bblink_text_shadow_style,%91object Object%93&Prime; link_text_shadow_blur_strength=\u00a0\u00bblink_text_shadow_style,%91object Object%93&Prime; ul_text_shadow_horizontal_length=\u00a0\u00bbul_text_shadow_style,%91object Object%93&Prime; ul_text_shadow_vertical_length=\u00a0\u00bbul_text_shadow_style,%91object Object%93&Prime; ul_text_shadow_blur_strength=\u00a0\u00bbul_text_shadow_style,%91object Object%93&Prime; ol_text_shadow_horizontal_length=\u00a0\u00bbol_text_shadow_style,%91object Object%93&Prime; ol_text_shadow_vertical_length=\u00a0\u00bbol_text_shadow_style,%91object Object%93&Prime; ol_text_shadow_blur_strength=\u00a0\u00bbol_text_shadow_style,%91object Object%93&Prime; quote_text_shadow_horizontal_length=\u00a0\u00bbquote_text_shadow_style,%91object Object%93&Prime; quote_text_shadow_vertical_length=\u00a0\u00bbquote_text_shadow_style,%91object Object%93&Prime; quote_text_shadow_blur_strength=\u00a0\u00bbquote_text_shadow_style,%91object Object%93&Prime; header_text_shadow_horizontal_length=\u00a0\u00bbheader_text_shadow_style,%91object Object%93&Prime; header_text_shadow_vertical_length=\u00a0\u00bbheader_text_shadow_style,%91object Object%93&Prime; header_text_shadow_blur_strength=\u00a0\u00bbheader_text_shadow_style,%91object Object%93&Prime; header_2_text_shadow_horizontal_length=\u00a0\u00bbheader_2_text_shadow_style,%91object Object%93&Prime; header_2_text_shadow_vertical_length=\u00a0\u00bbheader_2_text_shadow_style,%91object Object%93&Prime; header_2_text_shadow_blur_strength=\u00a0\u00bbheader_2_text_shadow_style,%91object Object%93&Prime; header_3_text_shadow_horizontal_length=\u00a0\u00bbheader_3_text_shadow_style,%91object Object%93&Prime; header_3_text_shadow_vertical_length=\u00a0\u00bbheader_3_text_shadow_style,%91object Object%93&Prime; header_3_text_shadow_blur_strength=\u00a0\u00bbheader_3_text_shadow_style,%91object Object%93&Prime; header_4_text_shadow_horizontal_length=\u00a0\u00bbheader_4_text_shadow_style,%91object Object%93&Prime; header_4_text_shadow_vertical_length=\u00a0\u00bbheader_4_text_shadow_style,%91object Object%93&Prime; header_4_text_shadow_blur_strength=\u00a0\u00bbheader_4_text_shadow_style,%91object Object%93&Prime; header_5_text_shadow_horizontal_length=\u00a0\u00bbheader_5_text_shadow_style,%91object Object%93&Prime; header_5_text_shadow_vertical_length=\u00a0\u00bbheader_5_text_shadow_style,%91object Object%93&Prime; header_5_text_shadow_blur_strength=\u00a0\u00bbheader_5_text_shadow_style,%91object Object%93&Prime; header_6_text_shadow_horizontal_length=\u00a0\u00bbheader_6_text_shadow_style,%91object Object%93&Prime; header_6_text_shadow_vertical_length=\u00a0\u00bbheader_6_text_shadow_style,%91object Object%93&Prime; header_6_text_shadow_blur_strength=\u00a0\u00bbheader_6_text_shadow_style,%91object Object%93&Prime;]<\/p>\n<div class=\"page\" title=\"Page 1\">\n<div class=\"layoutArea\">\n<div class=\"column\">\n<p>Retrouvez ici toutes les modalit\u00e9s pour les inscriptions en fili\u00e8res param\u00e9dicales, Soins infirmiers, Kin\u00e9sith\u00e9rapie, Podologie-P\u00e9dicurie et Orthoptie et Dipl\u00f4me d&rsquo;\u00e9tat d&rsquo;audioproth\u00e9siste. <\/p>\n<\/div>\n<\/div>\n<\/div>\n<p>[\/et_pb_text][\/et_pb_column][et_pb_column type=\u00a0\u00bb1_4&Prime;][\/et_pb_column][\/et_pb_row][et_pb_row _builder_version=\u00a0\u00bb3.22.1&Prime; background_size=\u00a0\u00bbinitial\u00a0\u00bb background_position=\u00a0\u00bbtop_left\u00a0\u00bb background_repeat=\u00a0\u00bbrepeat\u00a0\u00bb custom_margin=\u00a0\u00bb35px||\u00a0\u00bb][et_pb_column type=\u00a0\u00bb3_4&Prime;][et_pb_toggle admin_label=\u00a0\u00bbSoins infirmiers (IFSI) \u00a0\u00bb title=\u00a0\u00bbSoins Infirmiers (IFSI)\/ Infirmier Pratiques Avanc\u00e9es (IPA) \/ Infirmier Anesth\u00e9siste (IADE) \/ Infirmier  de Bloc Op\u00e9ratoire (IBODE)\u00a0\u00bb _builder_version=\u00a0\u00bb3.22.1&Prime; z_index_tablet=\u00a0\u00bb500&Prime; text_shadow_horizontal_length=\u00a0\u00bbtext_shadow_style,%91object Object%93&Prime; text_shadow_vertical_length=\u00a0\u00bbtext_shadow_style,%91object Object%93&Prime; text_shadow_blur_strength=\u00a0\u00bbtext_shadow_style,%91object Object%93&Prime; title_text_shadow_horizontal_length=\u00a0\u00bbtitle_text_shadow_style,%91object Object%93&Prime; title_text_shadow_vertical_length=\u00a0\u00bbtitle_text_shadow_style,%91object Object%93&Prime; title_text_shadow_blur_strength=\u00a0\u00bbtitle_text_shadow_style,%91object Object%93&Prime; body_text_shadow_horizontal_length=\u00a0\u00bbbody_text_shadow_style,%91object Object%93&Prime; body_text_shadow_vertical_length=\u00a0\u00bbbody_text_shadow_style,%91object Object%93&Prime; body_text_shadow_blur_strength=\u00a0\u00bbbody_text_shadow_style,%91object Object%93&Prime;]<\/p>\n<h3>Dipl\u00f4me d\u2019\u00c9tat en Soins Infirmiers<\/h3>\n<p>Pour conna\u00eetre l&rsquo;ensemble des instituts conventionn\u00e9s avec l&rsquo;UFR de M\u00e9decine Universit\u00e9 Paris Cit\u00e9 et conna\u00eetre le programme de la formation:<a href=\"https:\/\/odf.wordpress-test.app.u-pariscite.fr\/fr\/offre-de-formation\/diplome-d-etat-DE\/sciences-technologies-sante-STS\/diplome-d-etat-d-infirmier-K3IHKUEY.html?search-keywords=IFSI\">\u00a0Acc\u00e9der \u00e0 la fiche de l&rsquo;offre de formation<\/a><\/p>\n<p>Pour candidater: <a href=\"https:\/\/www.parcoursup.fr\/\" target=\"_blank\" rel=\"noopener noreferrer\">Acc\u00e9der \u00e0 Parcoursup\u00a0<\/a><\/p>\n<p>Inscriptions Parcoursup : du <strong>17 Janvier au 14 Mars 2024<\/strong><\/p>\n<h3>Dipl\u00f4me d\u2019\u00c9tat d&rsquo;Infirmier en Pratique Avanc\u00e9e &#8211; ann\u00e9e 1 et 2 (I.P.A.)<\/h3>\n<h4>Dipl\u00f4me IPA Ann\u00e9e 1<\/h4>\n<p>Date de d\u00e9but de candidature : <strong>11 Mars 2024<\/strong><br \/>Fin de candidature: <strong>7 Juin 2024<\/strong><\/p>\n<h4>Dipl\u00f4me IPA Ann\u00e9e 2<\/h4>\n<p>Date de d\u00e9but de candidature : <strong>15 Mars 2024<\/strong><br \/>Fin de candidature:<strong> 7 Juin 2024<\/strong><\/p>\n<p>Isabelle CAMBRESY<br \/><a href=\"mailto:isabelle.cambresy@wordpress-test.app.u-pariscite.fr\">isabelle.cambresy@wordpress-test.app.u-pariscite.fr<\/a> <br \/><strong>01 57 27 86 24<\/strong><br \/><a href=\"https:\/\/odf.wordpress-test.app.u-pariscite.fr\/fr\/offre-de-formation\/diplome-d-etat-DE\/sciences-technologies-sante-STS\/diplome-d-etat-d-infirmier-en-pratique-avancee-K6HO1FJF.html?search-keywords=infirmier\" target=\"_blank\" rel=\"noopener noreferrer\">T\u00e9l\u00e9charger la fiche de l&rsquo;offre de formation\u00a0<\/a><br \/>Pour candidater: <a href=\"https:\/\/ecandidat.app.wordpress-test.app.u-pariscite.fr\/sante1\/\" target=\"_blank\" rel=\"noopener noreferrer\">Acc\u00e9der \u00e0 eCandidat\u00a0<\/a><\/p>\n<h3>Dipl\u00f4me d\u2019\u00c9tat d&rsquo;infirmier Anesth\u00e9siste\u00a0<\/h3>\n<p>Deux voies :<\/p>\n<ul>\n<li>concours avec une \u00e9preuve d&rsquo;admissibilit\u00e9 \u00e9crite et une \u00e9preuve d&rsquo;admission orale &#8211; quota de 100 places par an<\/li>\n<li>\u00eatre IDE et d\u00e9tenteur d&rsquo;un master ou \u00eatre sage-femme : s\u00e9lection sur dossier et entretien oral &#8211; 5% du quota des places<\/li>\n<\/ul>\n<p><a href=\"https:\/\/odf.wordpress-test.app.u-pariscite.fr\/fr\/offre-de-formation\/diplome-d-etat-DE\/sciences-technologies-sante-STS\/diplome-d-etat-d-infirmier-anesthesiste-K74NFQZI.html\" target=\"_blank\" rel=\"noopener noreferrer\">Acc\u00e9der \u00e0 la fiche de l&rsquo;offre de formation\u00a0<\/a><br \/><a href=\"https:\/\/concours.aphp.fr\/\" target=\"_blank\" rel=\"noopener noreferrer\">Modalit\u00e9s de candidature<\/a><\/p>\n<h3>Dipl\u00f4me d\u2019\u00c9tat d&rsquo;infirmier de bloc op\u00e9ratoire<\/h3>\n<p>L&rsquo;admission en formation se fait sur dossier et entretien pour les titulaires du DE d&rsquo;infirmier.\u00a0<\/p>\n<p>Par d\u00e9rogation, peuvent \u00eatre admis en formation dans la limite de cinq pour cent de la capacit\u00e9 d&rsquo;accueil de l&rsquo;\u00e9cole :<\/p>\n<ul>\n<li>\u00a0les titulaires du dipl\u00f4me d\u2019\u00c9tat de sage-femme;<\/li>\n<li>les \u00e9tudiants ayant valid\u00e9 la troisi\u00e8me ann\u00e9e du deuxi\u00e8me cycle des \u00e9tudes m\u00e9dicales;<\/li>\n<li>les titulaires d&rsquo;un dipl\u00f4me d&rsquo;\u00c9tat d&rsquo;infirmier et d&rsquo;un dipl\u00f4me reconnu au grade de master\u00a0 <\/li>\n<\/ul>\n<p>[\/et_pb_toggle][et_pb_toggle admin_label=\u00a0\u00bbKin\u00e9sith\u00e9rapie\u00a0\u00bb title=\u00a0\u00bbKin\u00e9sith\u00e9rapie\u00a0\u00bb _builder_version=\u00a0\u00bb3.22.1&Prime; z_index_tablet=\u00a0\u00bb500&Prime;]<\/p>\n<p>Deux p\u00e9riodes de candidature :<\/p>\n<p><strong>Premi\u00e8re p\u00e9riode en post BAC<\/strong>\u00a0: via la plateforme parcours sup, pour <em>l\u2019acc\u00e8s \u00e0 l\u2019ann\u00e9e de Licence<\/em> qui assure la s\u00e9lection en vue de l\u2019entr\u00e9e en formation en IFMK.<\/p>\n<p>Chaque IFMK dispose de voies d\u2019acc\u00e8s qui lui sont sp\u00e9cifiques (universit\u00e9s et fili\u00e8res) et consultables sur son site web. Le candidat, qui souhaite int\u00e9grer un IFMK de son choix, doit donc se renseigner au pr\u00e9alable sur les fili\u00e8res propos\u00e9es par les universit\u00e9s partenaires de cet IFMK, de fa\u00e7on \u00e0 candidater \u00e0 une premi\u00e8re ann\u00e9e de licence (PASS\u00a0; L.AS\u00a0; STAPS\u00a0; SCIENCES), tel que pr\u00e9vu par les conventionnements entre l\u2019universit\u00e9 et l\u2019IFMK.<\/p>\n<p><strong>Seconde p\u00e9riode \u00e0 l\u2019issue de la <em>L1 valid\u00e9e<\/em><\/strong>\u00a0: via l\u2019universit\u00e9, le candidat fait le choix d\u2019int\u00e9grer un des IFMK partenaires de l\u2019universit\u00e9 de sa L1, en fonction de son <em>rang de classement<\/em>. Les IFMK partenaires sont indiqu\u00e9s sur le site de chacune des universit\u00e9s.<\/p>\n<p><a href=\"https:\/\/odf.wordpress-test.app.u-pariscite.fr\/fr\/offre-de-formation\/diplome-d-etat-DE\/sciences-technologies-sante-STS\/diplome-d-etat-de-masseur-kinesitherapeute-K74LV1T5.html\">T\u00e9l\u00e9charger la fiche de l&rsquo;Offre de formation\u00a0<\/a><\/p>\n<p>[\/et_pb_toggle][et_pb_toggle admin_label=\u00a0\u00bbPodologie &#8211; P\u00e9dicurie\u00a0\u00bb title=\u00a0\u00bbPodologie &#8211; P\u00e9dicurie\u00a0\u00bb _builder_version=\u00a0\u00bb3.22.1&Prime; z_index_tablet=\u00a0\u00bb500&Prime;]<\/p>\n<p>Les candidats doivent\u00a0:<\/p>\n<ul class=\"disc\">\n<li>\u00eatre \u00e2g\u00e9s de dix-sept ans au moins au 31 d\u00e9cembre de l\u2019ann\u00e9e d\u2019entr\u00e9e en formation<\/li>\n<li>\u00eatre titulaire du baccalaur\u00e9at<\/li>\n<li>s\u2019inscrire sur la plateforme de pr\u00e9inscription PARCOURSUP.<\/li>\n<\/ul>\n<p>L\u2019admission s\u2019effectue sur dossier.<\/p>\n<p><a href=\"https:\/\/odf.wordpress-test.app.u-pariscite.fr\/fr\/offre-de-formation\/diplome-d-etat-DE\/sciences-technologies-sante-STS\/diplome-d-etat-de-pedicure-podologue-K75YWCLD.html?search-keywords=podologue\">T\u00e9l\u00e9charger la fiche de l&rsquo;Offre de formation\u00a0<\/a><br \/><a href=\"https:\/\/www.parcoursup.fr\/\" target=\"_blank\" rel=\"noopener noreferrer\">Acc\u00e9der \u00e0 Parcoursup\u00a0<\/a><\/p>\n<p>[\/et_pb_toggle][et_pb_toggle admin_label=\u00a0\u00bbOrthoptie\u00a0\u00bb title=\u00a0\u00bbOrthoptie\u00a0\u00bb _builder_version=\u00a0\u00bb3.22.1&Prime; z_index_tablet=\u00a0\u00bb500&Prime;]<\/p>\n<p>Admission par Parcoursup depuis le 1<sup>er<\/sup> Janvier 2020.<\/p>\n<ul class=\"disc\">\n<li><strong><em>1\u00e8rer phase\u00a0: <\/em><\/strong>\u00c9tude du dossier\u00a0: Analyse du parcours\u00a0: bulletins de notes obtenues au lyc\u00e9e et appr\u00e9ciations, notes du baccalaur\u00e9at et mention. Analyse du parcours professionnel si reconversion professionnelle. \u00c9valuation de la motivation du candidat par analyse du projet de formation motiv\u00e9 et des diff\u00e9rents moyens mis en \u0153uvre pour se renseigner sur la formation et la profession d\u2019orthoptiste.<\/li>\n<li><strong><em>2<sup>e<\/sup> phase\u00a0:<\/em><\/strong> Entretien Oral de motivation apr\u00e8s admission \u00e0 la premi\u00e8re phase<\/li>\n<\/ul>\n<p><strong><br \/>Candidater sur la plateforme\u00a0<a class=\"simple\" href=\"https:\/\/www.parcoursup.fr\/\" target=\"_blank\" rel=\"noopener noreferrer\">Parcoursup<\/a>.<\/strong><\/p>\n<p>Sur Parcoursup saisir dans la barre de recherche saisir ORTHOPTIE puis trouver l\u2019onglet : \u00ab Unit\u00e9 de formation et de recherche facult\u00e9 de m\u00e9decine &#8211; Universit\u00e9 Paris Cit\u00e9 (Paris 6e Arrondissement &#8211; 75) Certificat de capacit\u00e9 d&rsquo;Orthoptiste \u00bb.<\/p>\n<p><a href=\"https:\/\/odf.wordpress-test.app.u-pariscite.fr\/fr\/offre-de-formation\/diplome-d-etat-DE\/sciences-technologies-sante-STS\/certificat-de-capacite-d-orthoptie-K621EAIC.html\">Acc\u00e9der \u00e0 la fiche de l&rsquo;offre de formation\u00a0<\/a><\/p>\n<p>[\/et_pb_toggle][et_pb_toggle admin_label=\u00a0\u00bbDipl\u00f4me d&rsquo;\u00e9tat d&rsquo;audioproth\u00e9siste\u00a0\u00bb _builder_version=\u00a0\u00bb3.22.1&Prime; title=\u00a0\u00bbDipl\u00f4me d&rsquo;\u00e9tat d&rsquo;audioproth\u00e9siste\u00a0\u00bb text_shadow_horizontal_length=\u00a0\u00bbtext_shadow_style,%91object Object%93&Prime; text_shadow_vertical_length=\u00a0\u00bbtext_shadow_style,%91object Object%93&Prime; text_shadow_blur_strength=\u00a0\u00bbtext_shadow_style,%91object Object%93&Prime; title_text_shadow_horizontal_length=\u00a0\u00bbtitle_text_shadow_style,%91object Object%93&Prime; title_text_shadow_vertical_length=\u00a0\u00bbtitle_text_shadow_style,%91object Object%93&Prime; title_text_shadow_blur_strength=\u00a0\u00bbtitle_text_shadow_style,%91object Object%93&Prime; body_text_shadow_horizontal_length=\u00a0\u00bbbody_text_shadow_style,%91object Object%93&Prime; body_text_shadow_vertical_length=\u00a0\u00bbbody_text_shadow_style,%91object Object%93&Prime; body_text_shadow_blur_strength=\u00a0\u00bbbody_text_shadow_style,%91object Object%93&Prime; z_index_tablet=\u00a0\u00bb500&Prime;]<\/p>\n<p>Admission par Parcoursup depuis le 1<sup>er<\/sup> Janvier 2020.<\/p>\n<ul>\n<li><strong>1\u00e8re phase : <\/strong>\u00c9tude du dossier\u00a0: Analyse du parcours\u00a0: bulletins de notes obtenues au lyc\u00e9e et appr\u00e9ciations, notes du baccalaur\u00e9at et mention. Analyse du parcours professionnel si reconversion professionnelle. \u00c9valuation de la motivation du candidat par analyse du projet de formation motiv\u00e9 et des diff\u00e9rents moyens mis en \u0153uvre pour se renseigner sur la formation et la profession d\u2019orthoptiste.<\/li>\n<li><strong>2<sup>\u00e8me<\/sup> phase\u00a0:<\/strong> Entretien Oral de motivation apr\u00e8s admission \u00e0 la premi\u00e8re phase<\/li>\n<\/ul>\n<p><strong>Candidater sur la plateforme\u00a0<a href=\"https:\/\/www.parcoursup.fr\/\" target=\"_blank\" rel=\"noopener noreferrer\">Parcoursup\u00a0<\/a><\/strong><\/p>\n<p>[\/et_pb_toggle][\/et_pb_column][et_pb_column type=\u00a0\u00bb1_4&Prime;][et_pb_text admin_label=\u00a0\u00bbcontacts\u00a0\u00bb _builder_version=\u00a0\u00bb3.22.1&Prime; z_index_tablet=\u00a0\u00bb500&Prime; text_text_shadow_horizontal_length=\u00a0\u00bbtext_text_shadow_style,%91object Object%93&Prime; text_text_shadow_vertical_length=\u00a0\u00bbtext_text_shadow_style,%91object Object%93&Prime; text_text_shadow_blur_strength=\u00a0\u00bbtext_text_shadow_style,%91object Object%93&Prime; link_text_shadow_horizontal_length=\u00a0\u00bblink_text_shadow_style,%91object Object%93&Prime; link_text_shadow_vertical_length=\u00a0\u00bblink_text_shadow_style,%91object Object%93&Prime; link_text_shadow_blur_strength=\u00a0\u00bblink_text_shadow_style,%91object Object%93&Prime; ul_text_shadow_horizontal_length=\u00a0\u00bbul_text_shadow_style,%91object Object%93&Prime; ul_text_shadow_vertical_length=\u00a0\u00bbul_text_shadow_style,%91object Object%93&Prime; ul_text_shadow_blur_strength=\u00a0\u00bbul_text_shadow_style,%91object Object%93&Prime; ol_text_shadow_horizontal_length=\u00a0\u00bbol_text_shadow_style,%91object Object%93&Prime; ol_text_shadow_vertical_length=\u00a0\u00bbol_text_shadow_style,%91object Object%93&Prime; ol_text_shadow_blur_strength=\u00a0\u00bbol_text_shadow_style,%91object Object%93&Prime; quote_text_shadow_horizontal_length=\u00a0\u00bbquote_text_shadow_style,%91object Object%93&Prime; quote_text_shadow_vertical_length=\u00a0\u00bbquote_text_shadow_style,%91object Object%93&Prime; quote_text_shadow_blur_strength=\u00a0\u00bbquote_text_shadow_style,%91object Object%93&Prime; header_text_shadow_horizontal_length=\u00a0\u00bbheader_text_shadow_style,%91object Object%93&Prime; header_text_shadow_vertical_length=\u00a0\u00bbheader_text_shadow_style,%91object Object%93&Prime; header_text_shadow_blur_strength=\u00a0\u00bbheader_text_shadow_style,%91object Object%93&Prime; header_2_text_shadow_horizontal_length=\u00a0\u00bbheader_2_text_shadow_style,%91object Object%93&Prime; header_2_text_shadow_vertical_length=\u00a0\u00bbheader_2_text_shadow_style,%91object Object%93&Prime; header_2_text_shadow_blur_strength=\u00a0\u00bbheader_2_text_shadow_style,%91object Object%93&Prime; header_3_text_shadow_horizontal_length=\u00a0\u00bbheader_3_text_shadow_style,%91object Object%93&Prime; header_3_text_shadow_vertical_length=\u00a0\u00bbheader_3_text_shadow_style,%91object Object%93&Prime; header_3_text_shadow_blur_strength=\u00a0\u00bbheader_3_text_shadow_style,%91object Object%93&Prime; header_4_text_shadow_horizontal_length=\u00a0\u00bbheader_4_text_shadow_style,%91object Object%93&Prime; header_4_text_shadow_vertical_length=\u00a0\u00bbheader_4_text_shadow_style,%91object Object%93&Prime; header_4_text_shadow_blur_strength=\u00a0\u00bbheader_4_text_shadow_style,%91object Object%93&Prime; header_5_text_shadow_horizontal_length=\u00a0\u00bbheader_5_text_shadow_style,%91object Object%93&Prime; header_5_text_shadow_vertical_length=\u00a0\u00bbheader_5_text_shadow_style,%91object Object%93&Prime; header_5_text_shadow_blur_strength=\u00a0\u00bbheader_5_text_shadow_style,%91object Object%93&Prime; header_6_text_shadow_horizontal_length=\u00a0\u00bbheader_6_text_shadow_style,%91object Object%93&Prime; header_6_text_shadow_vertical_length=\u00a0\u00bbheader_6_text_shadow_style,%91object Object%93&Prime; header_6_text_shadow_blur_strength=\u00a0\u00bbheader_6_text_shadow_style,%91object Object%93&Prime;]<\/p>\n<h4><span style=\"text-decoration: underline\"><strong>Contacts :<\/strong><\/span><\/h4>\n<p><strong>IFSI <br \/><\/strong>Gestionnaire IFSI <br \/>Morgane Christanval <br \/><a href=\"mailto:morgane.christanval@wordpress-test.app.u-pariscite.fr\" target=\"_blank\" rel=\"noopener noreferrer\">morgane.christanval@wordpress-test.app.u-pariscite.fr<\/a><br \/><strong>01 57 27 85 23<\/strong><\/p>\n<p><strong><br \/>IPA <br \/><\/strong>Gestionnaire master IPA <br \/>Isabelle Cambresy <br \/><a href=\"mailto:isabelle.cambresy@wordpress-test.app.u-pariscite.fr\" target=\"_blank\" rel=\"noopener noreferrer\">isabelle.cambresy@wordpress-test.app.u-pariscite.fr<\/a><br \/><strong>01 57 27 86 24<\/strong><\/p>\n<p><strong>\u00a0<\/strong><\/p>\n<p>&nbsp;<\/p>\n<p><strong>Licence Parcours Sciences Infirmi\u00e8res \/ Gestion de conventions de stage <\/strong><br \/>Karma Lhamu<br \/><a href=\"mailto:isabelle.cambresy@wordpress-test.app.u-pariscite.fr\">karma.lhamu@wordpress-test.app.u-pariscite.fr<\/a><strong><br \/>01 57 27 86 32<\/strong><\/p>\n<p><strong>\u00a0<\/strong><\/p>\n<p>&nbsp;<\/p>\n<p><strong>Orthoptie\/IFPP\/IFMK\/IADE\/audioproth\u00e9sistes\/IBODE<br \/><\/strong>Eugenie Nemba<strong><br \/><\/strong><a href=\"mailto:eugenie.nemba@wordpress-test.app.u-pariscite.fr\" target=\"_blank\" rel=\"noopener noreferrer\">eugenie.nemba@wordpress-test.app.u-pariscite.fr<\/a><br \/><strong>01 57 27 85 24<\/strong><\/p>\n<p>&nbsp;<\/p>\n<p>[\/et_pb_text][\/et_pb_column][\/et_pb_row][\/et_pb_section][et_pb_section bb_built=\u00a0\u00bb1&Prime; _builder_version=\u00a0\u00bb3.22&Prime; custom_padding=\u00a0\u00bb0px||0px|\u00a0\u00bb prev_background_color=\u00a0\u00bb#000000&Prime;][et_pb_row _builder_version=\u00a0\u00bb3.22.1&Prime; custom_margin=\u00a0\u00bb23px||\u00a0\u00bb][et_pb_column type=\u00a0\u00bb4_4&Prime;][et_pb_text admin_label=\u00a0\u00bb\u00c0 lire aussi\u00a0\u00bb _builder_version=\u00a0\u00bb3.21&Prime;]<\/p>\n<h2><span class=\"st\">\u00c0<\/span> lire aussi<\/h2>\n<p>[\/et_pb_text][et_pb_blog posts_number=\u00a0\u00bb4&Prime; include_categories=\u00a0\u00bb13&Prime; show_author=\u00a0\u00bboff\u00a0\u00bb show_date=\u00a0\u00bboff\u00a0\u00bb show_pagination=\u00a0\u00bboff\u00a0\u00bb module_id=\u00a0\u00bbpage_type_blog\u00a0\u00bb _builder_version=\u00a0\u00bb3.21&Prime; header_level=\u00a0\u00bbh4&Prime; border_width_bottom_fullwidth=\u00a0\u00bb1px\u00a0\u00bb border_color_bottom_fullwidth=\u00a0\u00bbrgba(51,51,51,0.18)\u00a0\u00bb custom_padding=\u00a0\u00bb||50px|\u00a0\u00bb]<\/p>\n<p>[\/et_pb_blog][\/et_pb_column][\/et_pb_row][\/et_pb_section]<\/p>\n","protected":false},"excerpt":{"rendered":"<p>Retrouvez ici toutes les modalit\u00e9s pour les inscriptions en fili\u00e8res param\u00e9dicales, Soins infirmiers, Kin\u00e9sith\u00e9rapie, Podologie-P\u00e9dicurie et Orthoptie et Dipl\u00f4me d&rsquo;\u00e9tat d&rsquo;audioproth\u00e9siste. Dipl\u00f4me d\u2019\u00c9tat en Soins InfirmiersPour conna\u00eetre l&rsquo;ensemble des instituts conventionn\u00e9s avec l&rsquo;UFR de M\u00e9decine Universit\u00e9 Paris Cit\u00e9 et conna\u00eetre le programme de la formation:\u00a0Acc\u00e9der \u00e0 la fiche de l&rsquo;offre de formationPour candidater: Acc\u00e9der \u00e0&hellip; <a class=\"continue\" href=\"https:\/\/wordpress-test.app.u-pariscite.fr\/medecine\/inscriptions-filieres-paramedicales\/\">Lire la suite<span> candidatures fili\u00e8res param\u00e9dicales<\/span><\/a><\/p>\n","protected":false},"author":113,"featured_media":0,"parent":0,"menu_order":0,"comment_status":"closed","ping_status":"closed","template":"","meta":{"_et_pb_use_builder":"on","_et_pb_old_content":"","_et_gb_content_width":"","footnotes":""},"class_list":["post-23838","page","type-page","status-publish","hentry"],"_links":{"self":[{"href":"https:\/\/wordpress-test.app.u-pariscite.fr\/medecine\/wp-json\/wp\/v2\/pages\/23838","targetHints":{"allow":["GET"]}}],"collection":[{"href":"https:\/\/wordpress-test.app.u-pariscite.fr\/medecine\/wp-json\/wp\/v2\/pages"}],"about":[{"href":"https:\/\/wordpress-test.app.u-pariscite.fr\/medecine\/wp-json\/wp\/v2\/types\/page"}],"author":[{"embeddable":true,"href":"https:\/\/wordpress-test.app.u-pariscite.fr\/medecine\/wp-json\/wp\/v2\/users\/113"}],"replies":[{"embeddable":true,"href":"https:\/\/wordpress-test.app.u-pariscite.fr\/medecine\/wp-json\/wp\/v2\/comments?post=23838"}],"version-history":[{"count":30,"href":"https:\/\/wordpress-test.app.u-pariscite.fr\/medecine\/wp-json\/wp\/v2\/pages\/23838\/revisions"}],"predecessor-version":[{"id":28889,"href":"https:\/\/wordpress-test.app.u-pariscite.fr\/medecine\/wp-json\/wp\/v2\/pages\/23838\/revisions\/28889"}],"wp:attachment":[{"href":"https:\/\/wordpress-test.app.u-pariscite.fr\/medecine\/wp-json\/wp\/v2\/media?parent=23838"}],"curies":[{"name":"wp","href":"https:\/\/api.w.org\/{rel}","templated":true}]}}