{"id":23713,"date":"2021-02-01T11:46:58","date_gmt":"2021-02-01T10:46:58","guid":{"rendered":"https:\/\/wordpress-test.app.u-pariscite.fr\/medecine\/?page_id=23713"},"modified":"2021-02-16T09:41:33","modified_gmt":"2021-02-16T08:41:33","slug":"commission-elections-des-representant-e-s-des-etudiant-e-s","status":"publish","type":"page","link":"https:\/\/wordpress-test.app.u-pariscite.fr\/medecine\/commission-elections-des-representant-e-s-des-etudiant-e-s\/","title":{"rendered":"[Commissions] \u00c9lections des repr\u00e9sentant.e.s des \u00e9tudiant.e.s"},"content":{"rendered":"<p>[et_pb_section bb_built=\u00a0\u00bb1&Prime; next_background_color=\u00a0\u00bb#000000&Prime; inner_width=\u00a0\u00bbauto\u00a0\u00bb inner_max_width=\u00a0\u00bbnone\u00a0\u00bb][et_pb_row][et_pb_column type=\u00a0\u00bb3_4&Prime;][et_pb_post_title _builder_version=\u00a0\u00bb3.22.1&Prime; text_shadow_horizontal_length=\u00a0\u00bbtext_shadow_style,%91object Object%93&Prime; text_shadow_vertical_length=\u00a0\u00bbtext_shadow_style,%91object Object%93&Prime; text_shadow_blur_strength=\u00a0\u00bbtext_shadow_style,%91object Object%93&Prime; title_text_shadow_horizontal_length=\u00a0\u00bbtitle_text_shadow_style,%91object Object%93&Prime; title_text_shadow_vertical_length=\u00a0\u00bbtitle_text_shadow_style,%91object Object%93&Prime; title_text_shadow_blur_strength=\u00a0\u00bbtitle_text_shadow_style,%91object Object%93&Prime; meta_text_shadow_horizontal_length=\u00a0\u00bbmeta_text_shadow_style,%91object Object%93&Prime; meta_text_shadow_vertical_length=\u00a0\u00bbmeta_text_shadow_style,%91object Object%93&Prime; meta_text_shadow_blur_strength=\u00a0\u00bbmeta_text_shadow_style,%91object Object%93&Prime; z_index_tablet=\u00a0\u00bb500&Prime; meta=\u00a0\u00bboff\u00a0\u00bb \/][et_pb_text admin_label=\u00a0\u00bbIntro\u00a0\u00bb _builder_version=\u00a0\u00bb3.22.1&Prime; module_id=\u00a0\u00bbintro\u00a0\u00bb text_text_shadow_horizontal_length=\u00a0\u00bbtext_text_shadow_style,%91object Object%93&Prime; text_text_shadow_vertical_length=\u00a0\u00bbtext_text_shadow_style,%91object Object%93&Prime; text_text_shadow_blur_strength=\u00a0\u00bbtext_text_shadow_style,%91object Object%93&Prime; link_text_shadow_horizontal_length=\u00a0\u00bblink_text_shadow_style,%91object Object%93&Prime; link_text_shadow_vertical_length=\u00a0\u00bblink_text_shadow_style,%91object Object%93&Prime; link_text_shadow_blur_strength=\u00a0\u00bblink_text_shadow_style,%91object Object%93&Prime; ul_text_shadow_horizontal_length=\u00a0\u00bbul_text_shadow_style,%91object Object%93&Prime; ul_text_shadow_vertical_length=\u00a0\u00bbul_text_shadow_style,%91object Object%93&Prime; ul_text_shadow_blur_strength=\u00a0\u00bbul_text_shadow_style,%91object Object%93&Prime; ol_text_shadow_horizontal_length=\u00a0\u00bbol_text_shadow_style,%91object Object%93&Prime; ol_text_shadow_vertical_length=\u00a0\u00bbol_text_shadow_style,%91object Object%93&Prime; ol_text_shadow_blur_strength=\u00a0\u00bbol_text_shadow_style,%91object Object%93&Prime; quote_text_shadow_horizontal_length=\u00a0\u00bbquote_text_shadow_style,%91object Object%93&Prime; quote_text_shadow_vertical_length=\u00a0\u00bbquote_text_shadow_style,%91object Object%93&Prime; quote_text_shadow_blur_strength=\u00a0\u00bbquote_text_shadow_style,%91object Object%93&Prime; header_text_shadow_horizontal_length=\u00a0\u00bbheader_text_shadow_style,%91object Object%93&Prime; header_text_shadow_vertical_length=\u00a0\u00bbheader_text_shadow_style,%91object Object%93&Prime; header_text_shadow_blur_strength=\u00a0\u00bbheader_text_shadow_style,%91object Object%93&Prime; header_2_text_shadow_horizontal_length=\u00a0\u00bbheader_2_text_shadow_style,%91object Object%93&Prime; header_2_text_shadow_vertical_length=\u00a0\u00bbheader_2_text_shadow_style,%91object Object%93&Prime; header_2_text_shadow_blur_strength=\u00a0\u00bbheader_2_text_shadow_style,%91object Object%93&Prime; header_3_text_shadow_horizontal_length=\u00a0\u00bbheader_3_text_shadow_style,%91object Object%93&Prime; header_3_text_shadow_vertical_length=\u00a0\u00bbheader_3_text_shadow_style,%91object Object%93&Prime; header_3_text_shadow_blur_strength=\u00a0\u00bbheader_3_text_shadow_style,%91object Object%93&Prime; header_4_text_shadow_horizontal_length=\u00a0\u00bbheader_4_text_shadow_style,%91object Object%93&Prime; header_4_text_shadow_vertical_length=\u00a0\u00bbheader_4_text_shadow_style,%91object Object%93&Prime; header_4_text_shadow_blur_strength=\u00a0\u00bbheader_4_text_shadow_style,%91object Object%93&Prime; header_5_text_shadow_horizontal_length=\u00a0\u00bbheader_5_text_shadow_style,%91object Object%93&Prime; header_5_text_shadow_vertical_length=\u00a0\u00bbheader_5_text_shadow_style,%91object Object%93&Prime; header_5_text_shadow_blur_strength=\u00a0\u00bbheader_5_text_shadow_style,%91object Object%93&Prime; header_6_text_shadow_horizontal_length=\u00a0\u00bbheader_6_text_shadow_style,%91object Object%93&Prime; header_6_text_shadow_vertical_length=\u00a0\u00bbheader_6_text_shadow_style,%91object Object%93&Prime; header_6_text_shadow_blur_strength=\u00a0\u00bbheader_6_text_shadow_style,%91object Object%93&Prime; z_index_tablet=\u00a0\u00bb500&Prime;]<\/p>\n<div class=\"page\" title=\"Page 1\">\n<div class=\"layoutArea\">\n<div class=\"column\">\n<p>Les \u00e9tudiant.e.s de l\u2019UFR de m\u00e9decine d\u2019Universit\u00e9 Paris Cit\u00e9 sont appel\u00e9s \u00e0 \u00e9lire leurs repr\u00e9sentant.e.s au Conseil de gestion de la composante.<\/p>\n<\/div>\n<\/div>\n<\/div>\n<p>[\/et_pb_text][\/et_pb_column][et_pb_column type=\u00a0\u00bb1_4&Prime;][\/et_pb_column][\/et_pb_row][et_pb_row _builder_version=\u00a0\u00bb3.19.11&Prime; module_id=\u00a0\u00bbimage-page-type\u00a0\u00bb width=\u00a0\u00bb80%\u00a0\u00bb max_width=\u00a0\u00bb1080px\u00a0\u00bb][et_pb_column type=\u00a0\u00bb3_4&Prime;][et_pb_image admin_label=\u00a0\u00bbImage 1920 x 1080&Prime; _builder_version=\u00a0\u00bb3.22.1&Prime; src=\u00a0\u00bbhttps:\/\/wordpress-test.app.u-pariscite.fr\/medecine\/wp-content\/uploads\/sites\/24\/2020\/12\/stock-image-153605616-m-2015.jpg\u00a0\u00bb module_id=\u00a0\u00bbimage-page\u00a0\u00bb z_index_tablet=\u00a0\u00bb500&Prime; \/][\/et_pb_column][et_pb_column type=\u00a0\u00bb1_4&Prime;][et_pb_text admin_label=\u00a0\u00bbTexte image\u00a0\u00bb _builder_version=\u00a0\u00bb3.22.1&Prime; module_id=\u00a0\u00bbtexte-image\u00a0\u00bb custom_margin=\u00a0\u00bb|-15px||\u00a0\u00bb text_text_shadow_horizontal_length=\u00a0\u00bbtext_text_shadow_style,%91object Object%93&Prime; text_text_shadow_vertical_length=\u00a0\u00bbtext_text_shadow_style,%91object Object%93&Prime; text_text_shadow_blur_strength=\u00a0\u00bbtext_text_shadow_style,%91object Object%93&Prime; link_text_shadow_horizontal_length=\u00a0\u00bblink_text_shadow_style,%91object Object%93&Prime; link_text_shadow_vertical_length=\u00a0\u00bblink_text_shadow_style,%91object Object%93&Prime; link_text_shadow_blur_strength=\u00a0\u00bblink_text_shadow_style,%91object Object%93&Prime; ul_text_shadow_horizontal_length=\u00a0\u00bbul_text_shadow_style,%91object Object%93&Prime; ul_text_shadow_vertical_length=\u00a0\u00bbul_text_shadow_style,%91object Object%93&Prime; ul_text_shadow_blur_strength=\u00a0\u00bbul_text_shadow_style,%91object Object%93&Prime; ol_text_shadow_horizontal_length=\u00a0\u00bbol_text_shadow_style,%91object Object%93&Prime; ol_text_shadow_vertical_length=\u00a0\u00bbol_text_shadow_style,%91object Object%93&Prime; ol_text_shadow_blur_strength=\u00a0\u00bbol_text_shadow_style,%91object Object%93&Prime; quote_text_shadow_horizontal_length=\u00a0\u00bbquote_text_shadow_style,%91object Object%93&Prime; quote_text_shadow_vertical_length=\u00a0\u00bbquote_text_shadow_style,%91object Object%93&Prime; quote_text_shadow_blur_strength=\u00a0\u00bbquote_text_shadow_style,%91object Object%93&Prime; header_text_shadow_horizontal_length=\u00a0\u00bbheader_text_shadow_style,%91object Object%93&Prime; header_text_shadow_vertical_length=\u00a0\u00bbheader_text_shadow_style,%91object Object%93&Prime; header_text_shadow_blur_strength=\u00a0\u00bbheader_text_shadow_style,%91object Object%93&Prime; header_2_text_shadow_horizontal_length=\u00a0\u00bbheader_2_text_shadow_style,%91object Object%93&Prime; header_2_text_shadow_vertical_length=\u00a0\u00bbheader_2_text_shadow_style,%91object Object%93&Prime; header_2_text_shadow_blur_strength=\u00a0\u00bbheader_2_text_shadow_style,%91object Object%93&Prime; header_3_text_shadow_horizontal_length=\u00a0\u00bbheader_3_text_shadow_style,%91object Object%93&Prime; header_3_text_shadow_vertical_length=\u00a0\u00bbheader_3_text_shadow_style,%91object Object%93&Prime; header_3_text_shadow_blur_strength=\u00a0\u00bbheader_3_text_shadow_style,%91object Object%93&Prime; header_4_text_shadow_horizontal_length=\u00a0\u00bbheader_4_text_shadow_style,%91object Object%93&Prime; header_4_text_shadow_vertical_length=\u00a0\u00bbheader_4_text_shadow_style,%91object Object%93&Prime; header_4_text_shadow_blur_strength=\u00a0\u00bbheader_4_text_shadow_style,%91object Object%93&Prime; header_5_text_shadow_horizontal_length=\u00a0\u00bbheader_5_text_shadow_style,%91object Object%93&Prime; header_5_text_shadow_vertical_length=\u00a0\u00bbheader_5_text_shadow_style,%91object Object%93&Prime; header_5_text_shadow_blur_strength=\u00a0\u00bbheader_5_text_shadow_style,%91object Object%93&Prime; header_6_text_shadow_horizontal_length=\u00a0\u00bbheader_6_text_shadow_style,%91object Object%93&Prime; header_6_text_shadow_vertical_length=\u00a0\u00bbheader_6_text_shadow_style,%91object Object%93&Prime; header_6_text_shadow_blur_strength=\u00a0\u00bbheader_6_text_shadow_style,%91object Object%93&Prime; z_index_tablet=\u00a0\u00bb500&Prime; \/][\/et_pb_column][\/et_pb_row][et_pb_row][et_pb_column type=\u00a0\u00bb3_4&Prime;][et_pb_text _builder_version=\u00a0\u00bb3.22.1&Prime; module_id=\u00a0\u00bbcontenu\u00a0\u00bb text_text_shadow_horizontal_length=\u00a0\u00bbtext_text_shadow_style,%91object Object%93&Prime; text_text_shadow_vertical_length=\u00a0\u00bbtext_text_shadow_style,%91object Object%93&Prime; text_text_shadow_blur_strength=\u00a0\u00bbtext_text_shadow_style,%91object Object%93&Prime; link_text_shadow_horizontal_length=\u00a0\u00bblink_text_shadow_style,%91object Object%93&Prime; link_text_shadow_vertical_length=\u00a0\u00bblink_text_shadow_style,%91object Object%93&Prime; link_text_shadow_blur_strength=\u00a0\u00bblink_text_shadow_style,%91object Object%93&Prime; ul_text_shadow_horizontal_length=\u00a0\u00bbul_text_shadow_style,%91object Object%93&Prime; ul_text_shadow_vertical_length=\u00a0\u00bbul_text_shadow_style,%91object Object%93&Prime; ul_text_shadow_blur_strength=\u00a0\u00bbul_text_shadow_style,%91object Object%93&Prime; ol_text_shadow_horizontal_length=\u00a0\u00bbol_text_shadow_style,%91object Object%93&Prime; ol_text_shadow_vertical_length=\u00a0\u00bbol_text_shadow_style,%91object Object%93&Prime; ol_text_shadow_blur_strength=\u00a0\u00bbol_text_shadow_style,%91object Object%93&Prime; quote_text_shadow_horizontal_length=\u00a0\u00bbquote_text_shadow_style,%91object Object%93&Prime; quote_text_shadow_vertical_length=\u00a0\u00bbquote_text_shadow_style,%91object Object%93&Prime; quote_text_shadow_blur_strength=\u00a0\u00bbquote_text_shadow_style,%91object Object%93&Prime; header_text_shadow_horizontal_length=\u00a0\u00bbheader_text_shadow_style,%91object Object%93&Prime; header_text_shadow_vertical_length=\u00a0\u00bbheader_text_shadow_style,%91object Object%93&Prime; header_text_shadow_blur_strength=\u00a0\u00bbheader_text_shadow_style,%91object Object%93&Prime; header_2_text_shadow_horizontal_length=\u00a0\u00bbheader_2_text_shadow_style,%91object Object%93&Prime; header_2_text_shadow_vertical_length=\u00a0\u00bbheader_2_text_shadow_style,%91object Object%93&Prime; header_2_text_shadow_blur_strength=\u00a0\u00bbheader_2_text_shadow_style,%91object Object%93&Prime; header_3_text_shadow_horizontal_length=\u00a0\u00bbheader_3_text_shadow_style,%91object Object%93&Prime; header_3_text_shadow_vertical_length=\u00a0\u00bbheader_3_text_shadow_style,%91object Object%93&Prime; header_3_text_shadow_blur_strength=\u00a0\u00bbheader_3_text_shadow_style,%91object Object%93&Prime; header_4_text_shadow_horizontal_length=\u00a0\u00bbheader_4_text_shadow_style,%91object Object%93&Prime; header_4_text_shadow_vertical_length=\u00a0\u00bbheader_4_text_shadow_style,%91object Object%93&Prime; header_4_text_shadow_blur_strength=\u00a0\u00bbheader_4_text_shadow_style,%91object Object%93&Prime; header_5_text_shadow_horizontal_length=\u00a0\u00bbheader_5_text_shadow_style,%91object Object%93&Prime; header_5_text_shadow_vertical_length=\u00a0\u00bbheader_5_text_shadow_style,%91object Object%93&Prime; header_5_text_shadow_blur_strength=\u00a0\u00bbheader_5_text_shadow_style,%91object Object%93&Prime; header_6_text_shadow_horizontal_length=\u00a0\u00bbheader_6_text_shadow_style,%91object Object%93&Prime; header_6_text_shadow_vertical_length=\u00a0\u00bbheader_6_text_shadow_style,%91object Object%93&Prime; header_6_text_shadow_blur_strength=\u00a0\u00bbheader_6_text_shadow_style,%91object Object%93&Prime; z_index_tablet=\u00a0\u00bb500&Prime;]<\/p>\n<div class=\"page\" title=\"Page 1\">\n<div class=\"layoutArea\">\n<div class=\"column\"><strong style=\"color: #333333;font-size: 22px\">Listes \u00e9lectorales\u00a0<\/strong><\/div>\n<\/div>\n<\/div>\n<blockquote>\n<p><strong>Vous \u00eates invit\u00e9s \u00e0 v\u00e9rifier votre inscription sur les listes \u00e9lectorales initiales.<\/strong><\/p>\n<p>Elles sont disponibles \u00e0 la consultation \u00e0 l\u2019accueil des sites suivants de l\u2019UFR : Bichat, Cochin, Cordeliers, Necker, Saint-Louis (IRSL) et Villemin.<\/p>\n<p><strong>Commission Scientifique :\u00a0<\/strong><\/p>\n<ul>\n<li>Coll\u00e8ge \u00e9tudiant.e.s &#8211; doctorant.e.s<\/li>\n<\/ul>\n<p><strong>Commission P\u00e9dagogique :<\/strong><\/p>\n<ul>\n<li>Coll\u00e8ge \u00e9tudiant.e.s<\/li>\n<\/ul>\n<\/blockquote>\n<p><strong>Vous ne figurez pas sur les listes \u00e9lectorales ou vous avez constat\u00e9 une erreur vous concernant ?<\/strong><\/p>\n<ul>\n<li>V\u00e9rifiez que vous remplissez toutes les conditions pour \u00eatre \u00e9lecteur en vous reportant aux <a href=\"https:\/\/cloud.parisdescartes.fr\/index.php\/s\/yLL23fEPnAtNJNH\" target=\"_blank\" rel=\"noopener noreferrer\">d\u00e9cisions de l\u2019administrateur provisoire de l\u2019UFR relatives \u00e0 l\u2019\u00e9lection des repr\u00e9sentant.e.s des \u00e9tudiant.e.s aux Commissions Scientifique et P\u00e9dagogique de l\u2019UFR de m\u00e9decine\u00a0d\u2019Universit\u00e9 Paris Cit\u00e9 qui pr\u00e9cise les diff\u00e9rents coll\u00e8ges \u00e9lectoraux.<\/a><\/li>\n<li>Si vous remplissez les conditions et que vous ne figurez pas sur les listes, demandez votre inscription en remplissant le formulaire ci-dessous et renvoyez-le avec les pi\u00e8ces justificatives \u00e0 <a href=\"mailto:mathias.guerin@wordpress-test.app.u-pariscite.fr\" target=\"_blank\" rel=\"noopener noreferrer\">mathias.guerin@wordpress-test.app.u-pariscite.fr<\/a><br \/><a href=\"https:\/\/wordpress-test.app.u-pariscite.fr\/medecine\/wp-content\/uploads\/sites\/24\/2021\/02\/Inscription-Rectification-Etudiants-CS-et-CP.doc\" target=\"_blank\" rel=\"noopener noreferrer\">Formulaire de demande d\u2019inscription ou de rectification sur les listes \u00e9lectorales <\/a><\/li>\n<\/ul>\n<blockquote>\n<p><strong>A NOTER<\/strong><\/p>\n<p>Les doctorants contractuels avec activit\u00e9 d\u2019enseignement peuvent demander leur inscription sur les listes des personnels, s\u2019ils remplissent les conditions n\u00e9cessaires.<\/p>\n<\/blockquote>\n<h4>\u00a0<\/h4>\n<h3><strong>Candidatures<\/strong><\/h3>\n<p>Tout \u00e9lecteur r\u00e9guli\u00e8rement inscrit sur la liste \u00e9lectorale d\u2019un coll\u00e8ge donn\u00e9 des Commissions P\u00e9dagogique et Scientifique de l\u2019UFR de m\u00e9decine est \u00e9ligible dans ce coll\u00e8ge, sous r\u00e9serve du respect des r\u00e8gles de d\u00e9p\u00f4t de candidature et d\u2019in\u00e9ligibilit\u00e9 pr\u00e9vues dans les statuts d\u2019Universit\u00e9 Paris Cit\u00e9 et dans <a href=\"https:\/\/cloud.parisdescartes.fr\/index.php\/s\/yLL23fEPnAtNJNH\" target=\"_blank\" rel=\"noopener noreferrer\">aux d\u00e9cisions de l\u2019administrateur provisoire de l\u2019UFR relatives \u00e0 l\u2019\u00e9lection des repr\u00e9sentant.e.s des \u00e9tudiant.e.s aux Commissions Scientifique et P\u00e9dagogique de l\u2019UFR de m\u00e9decine.\u00a0<\/a><\/p>\n<ul>\n<li><a href=\"https:\/\/wordpress-test.app.u-pariscite.fr\/medecine\/wp-content\/uploads\/sites\/24\/2021\/02\/Cand.liste-Etudiants-CP.doc\" target=\"_blank\" rel=\"noopener noreferrer\">Formulaire de d\u00e9claration de candidature de liste pour les repr\u00e9sentant.e.s des \u00e9tudiant.e.s &#8211; Commission P\u00e9dagogique\u00a0<\/a><\/li>\n<li><a href=\"https:\/\/wordpress-test.app.u-pariscite.fr\/medecine\/wp-content\/uploads\/sites\/24\/2021\/02\/Cand.ind_.-Etudiants_CP.doc\" target=\"_blank\" rel=\"noopener noreferrer\">Formulaire de d\u00e9claration de candidature individuelle pour les repr\u00e9sentant.e.s des \u00e9tudiant.e.s\u00a0&#8211; Commission P\u00e9dagogique<\/a><\/li>\n<li><a href=\"https:\/\/wordpress-test.app.u-pariscite.fr\/medecine\/wp-content\/uploads\/sites\/24\/2021\/02\/Cand.liste-Etudiants-CS.doc\" target=\"_blank\" rel=\"noopener noreferrer\">Formulaire de d\u00e9claration de candidature liste pour les repr\u00e9sentant.e.s des \u00e9tudiant.e.s &#8211; Conseil Scientifique\u00a0<\/a><\/li>\n<li><a href=\"https:\/\/wordpress-test.app.u-pariscite.fr\/medecine\/wp-content\/uploads\/sites\/24\/2021\/02\/Cand.ind_.-Etudiants_CS.doc\" target=\"_blank\" rel=\"noopener noreferrer\">Formulaire de d\u00e9claration de candidature individuelle pour les repr\u00e9sentant.e.s des \u00e9tudiant.e.s\u00a0&#8211; Commission Scientifique<\/a><\/li>\n<li><a href=\"https:\/\/wordpress-test.app.u-pariscite.fr\/medecine\/wp-content\/uploads\/sites\/24\/2021\/02\/TrameBV-CP-ETUDIANTS.docx\" target=\"_blank\" rel=\"noopener noreferrer\">Maquette du Bulletin de vote &#8211; Commission P\u00e9dagogique<\/a><\/li>\n<li><a href=\"https:\/\/wordpress-test.app.u-pariscite.fr\/medecine\/wp-content\/uploads\/sites\/24\/2021\/02\/TrameBV-CS-ETUDIANTS.docx\" target=\"_blank\" rel=\"noopener noreferrer\">Maquette du Bulletin de vote &#8211; Commission Scientifique<\/a><\/li>\n<\/ul>\n<p>\u00a0<\/p>\n<h3>Listes candidates\u00a0<\/h3>\n<p><a href=\"https:\/\/wordpress-test.app.u-pariscite.fr\/medecine\/wp-content\/uploads\/sites\/24\/2021\/02\/d\u00e9cision-recevabilit\u00e9-candidatures-CS-et-CP.pdf\" target=\"_blank\" rel=\"noopener noreferrer\">\u00a0Prendre connaissances des candidatures aux Commissions Scientifique et P\u00e9dagogique.\u00a0<\/a><\/p>\n<p>[\/et_pb_text][\/et_pb_column][et_pb_column type=\u00a0\u00bb1_4&Prime;][\/et_pb_column][\/et_pb_row][\/et_pb_section][et_pb_section bb_built=\u00a0\u00bb1&Prime; specialty=\u00a0\u00bboff\u00a0\u00bb _builder_version=\u00a0\u00bb3.21&Prime; custom_padding=\u00a0\u00bb0px||0px|\u00a0\u00bb prev_background_color=\u00a0\u00bb#000000&Prime; inner_width=\u00a0\u00bbauto\u00a0\u00bb inner_max_width=\u00a0\u00bbnone\u00a0\u00bb][et_pb_row _builder_version=\u00a0\u00bb3.19.11&Prime; width=\u00a0\u00bb80%\u00a0\u00bb max_width=\u00a0\u00bb1080px\u00a0\u00bb][et_pb_column type=\u00a0\u00bb4_4&Prime;][et_pb_text admin_label=\u00a0\u00bb\u00c0 lire aussi\u00a0\u00bb _builder_version=\u00a0\u00bb3.21&Prime;]<\/p>\n<h2><span class=\"st\">\u00c0<\/span> lire aussi<\/h2>\n<p>[\/et_pb_text][et_pb_blog _builder_version=\u00a0\u00bb3.21&Prime; posts_number=\u00a0\u00bb4&Prime; include_categories=\u00a0\u00bb13&Prime; show_author=\u00a0\u00bboff\u00a0\u00bb show_date=\u00a0\u00bboff\u00a0\u00bb show_pagination=\u00a0\u00bboff\u00a0\u00bb border_width_bottom_fullwidth=\u00a0\u00bb1px\u00a0\u00bb border_color_bottom_fullwidth=\u00a0\u00bbrgba(51,51,51,0.18)\u00a0\u00bb custom_padding=\u00a0\u00bb||50px|\u00a0\u00bb module_id=\u00a0\u00bbpage_type_blog\u00a0\u00bb header_level=\u00a0\u00bbh4&Prime; \/][\/et_pb_column][\/et_pb_row][\/et_pb_section]<\/p>\n","protected":false},"excerpt":{"rendered":"<div class=\"et_pb_row et_pb_row_0 et_pb_row_empty\"><\/div>\n<p> Les \u00e9tudiant.e.s de l\u2019UFR de m\u00e9decine d\u2019Universit\u00e9 Paris Cit\u00e9 sont appel\u00e9s \u00e0 \u00e9lire leurs repr\u00e9sentant.e.s au Conseil de gestion de la composante. <\/p>\n<div class=\"et_pb_row et_pb_row_1 et_pb_row_empty\"><\/div>\n<p> Listes \u00e9lectorales\u00a0Vous \u00eates invit\u00e9s \u00e0 v\u00e9rifier votre inscription sur les listes \u00e9lectorales initiales.Elles sont disponibles \u00e0 la consultation \u00e0 l\u2019accueil des sites suivants de l\u2019UFR : Bichat, Cochin, Cordeliers, Necker, Saint-Louis&hellip; <a class=\"continue\" href=\"https:\/\/wordpress-test.app.u-pariscite.fr\/medecine\/commission-elections-des-representant-e-s-des-etudiant-e-s\/\">Lire la suite<span> [Commissions] \u00c9lections des repr\u00e9sentant.e.s des \u00e9tudiant.e.s<\/span><\/a><\/p>\n","protected":false},"author":113,"featured_media":0,"parent":0,"menu_order":0,"comment_status":"closed","ping_status":"closed","template":"","meta":{"_et_pb_use_builder":"on","_et_pb_old_content":"","_et_gb_content_width":"","footnotes":""},"class_list":["post-23713","page","type-page","status-publish","hentry"],"_links":{"self":[{"href":"https:\/\/wordpress-test.app.u-pariscite.fr\/medecine\/wp-json\/wp\/v2\/pages\/23713","targetHints":{"allow":["GET"]}}],"collection":[{"href":"https:\/\/wordpress-test.app.u-pariscite.fr\/medecine\/wp-json\/wp\/v2\/pages"}],"about":[{"href":"https:\/\/wordpress-test.app.u-pariscite.fr\/medecine\/wp-json\/wp\/v2\/types\/page"}],"author":[{"embeddable":true,"href":"https:\/\/wordpress-test.app.u-pariscite.fr\/medecine\/wp-json\/wp\/v2\/users\/113"}],"replies":[{"embeddable":true,"href":"https:\/\/wordpress-test.app.u-pariscite.fr\/medecine\/wp-json\/wp\/v2\/comments?post=23713"}],"version-history":[{"count":16,"href":"https:\/\/wordpress-test.app.u-pariscite.fr\/medecine\/wp-json\/wp\/v2\/pages\/23713\/revisions"}],"predecessor-version":[{"id":23930,"href":"https:\/\/wordpress-test.app.u-pariscite.fr\/medecine\/wp-json\/wp\/v2\/pages\/23713\/revisions\/23930"}],"wp:attachment":[{"href":"https:\/\/wordpress-test.app.u-pariscite.fr\/medecine\/wp-json\/wp\/v2\/media?parent=23713"}],"curies":[{"name":"wp","href":"https:\/\/api.w.org\/{rel}","templated":true}]}}