{"id":22312,"date":"2020-11-09T15:06:05","date_gmt":"2020-11-09T14:06:05","guid":{"rendered":"https:\/\/wordpress-test.app.u-pariscite.fr\/medecine\/?page_id=22312"},"modified":"2024-01-29T10:13:49","modified_gmt":"2024-01-29T09:13:49","slug":"stages-ete-dfasm1-dfasm2","status":"publish","type":"page","link":"https:\/\/wordpress-test.app.u-pariscite.fr\/medecine\/stages-ete-dfasm1-dfasm2\/","title":{"rendered":"Stages d&rsquo;\u00e9t\u00e9 en DFASM1 \/ DFASM2"},"content":{"rendered":"<p>[et_pb_section bb_built=\u00a0\u00bb1&Prime; _builder_version=\u00a0\u00bb3.22&Prime; next_background_color=\u00a0\u00bb#000000&Prime;][et_pb_row _builder_version=\u00a0\u00bb3.22&Prime; background_size=\u00a0\u00bbinitial\u00a0\u00bb background_position=\u00a0\u00bbtop_left\u00a0\u00bb background_repeat=\u00a0\u00bbrepeat\u00a0\u00bb][et_pb_column type=\u00a0\u00bb4_4&Prime;][et_pb_post_title admin_label=\u00a0\u00bbTitre de la page\u00a0\u00bb meta=\u00a0\u00bboff\u00a0\u00bb featured_image=\u00a0\u00bboff\u00a0\u00bb _builder_version=\u00a0\u00bb3.19.11&Prime;]<\/p>\n<p>[\/et_pb_post_title][\/et_pb_column][\/et_pb_row][et_pb_row _builder_version=\u00a0\u00bb3.22&Prime; background_size=\u00a0\u00bbinitial\u00a0\u00bb background_position=\u00a0\u00bbtop_left\u00a0\u00bb background_repeat=\u00a0\u00bbrepeat\u00a0\u00bb][et_pb_column type=\u00a0\u00bb3_4&Prime;][et_pb_text admin_label=\u00a0\u00bbIntro\u00a0\u00bb module_id=\u00a0\u00bbintro\u00a0\u00bb _builder_version=\u00a0\u00bb3.22.1&Prime; z_index_tablet=\u00a0\u00bb500&Prime; text_text_shadow_horizontal_length=\u00a0\u00bbtext_text_shadow_style,%91object Object%93&Prime; text_text_shadow_vertical_length=\u00a0\u00bbtext_text_shadow_style,%91object Object%93&Prime; text_text_shadow_blur_strength=\u00a0\u00bbtext_text_shadow_style,%91object Object%93&Prime; link_text_shadow_horizontal_length=\u00a0\u00bblink_text_shadow_style,%91object Object%93&Prime; link_text_shadow_vertical_length=\u00a0\u00bblink_text_shadow_style,%91object Object%93&Prime; link_text_shadow_blur_strength=\u00a0\u00bblink_text_shadow_style,%91object Object%93&Prime; ul_text_shadow_horizontal_length=\u00a0\u00bbul_text_shadow_style,%91object Object%93&Prime; ul_text_shadow_vertical_length=\u00a0\u00bbul_text_shadow_style,%91object Object%93&Prime; ul_text_shadow_blur_strength=\u00a0\u00bbul_text_shadow_style,%91object Object%93&Prime; ol_text_shadow_horizontal_length=\u00a0\u00bbol_text_shadow_style,%91object Object%93&Prime; ol_text_shadow_vertical_length=\u00a0\u00bbol_text_shadow_style,%91object Object%93&Prime; ol_text_shadow_blur_strength=\u00a0\u00bbol_text_shadow_style,%91object Object%93&Prime; quote_text_shadow_horizontal_length=\u00a0\u00bbquote_text_shadow_style,%91object Object%93&Prime; quote_text_shadow_vertical_length=\u00a0\u00bbquote_text_shadow_style,%91object Object%93&Prime; quote_text_shadow_blur_strength=\u00a0\u00bbquote_text_shadow_style,%91object Object%93&Prime; header_text_shadow_horizontal_length=\u00a0\u00bbheader_text_shadow_style,%91object Object%93&Prime; header_text_shadow_vertical_length=\u00a0\u00bbheader_text_shadow_style,%91object Object%93&Prime; header_text_shadow_blur_strength=\u00a0\u00bbheader_text_shadow_style,%91object Object%93&Prime; header_2_text_shadow_horizontal_length=\u00a0\u00bbheader_2_text_shadow_style,%91object Object%93&Prime; header_2_text_shadow_vertical_length=\u00a0\u00bbheader_2_text_shadow_style,%91object Object%93&Prime; header_2_text_shadow_blur_strength=\u00a0\u00bbheader_2_text_shadow_style,%91object Object%93&Prime; header_3_text_shadow_horizontal_length=\u00a0\u00bbheader_3_text_shadow_style,%91object Object%93&Prime; header_3_text_shadow_vertical_length=\u00a0\u00bbheader_3_text_shadow_style,%91object Object%93&Prime; header_3_text_shadow_blur_strength=\u00a0\u00bbheader_3_text_shadow_style,%91object Object%93&Prime; header_4_text_shadow_horizontal_length=\u00a0\u00bbheader_4_text_shadow_style,%91object Object%93&Prime; header_4_text_shadow_vertical_length=\u00a0\u00bbheader_4_text_shadow_style,%91object Object%93&Prime; header_4_text_shadow_blur_strength=\u00a0\u00bbheader_4_text_shadow_style,%91object Object%93&Prime; header_5_text_shadow_horizontal_length=\u00a0\u00bbheader_5_text_shadow_style,%91object Object%93&Prime; header_5_text_shadow_vertical_length=\u00a0\u00bbheader_5_text_shadow_style,%91object Object%93&Prime; header_5_text_shadow_blur_strength=\u00a0\u00bbheader_5_text_shadow_style,%91object Object%93&Prime; header_6_text_shadow_horizontal_length=\u00a0\u00bbheader_6_text_shadow_style,%91object Object%93&Prime; header_6_text_shadow_vertical_length=\u00a0\u00bbheader_6_text_shadow_style,%91object Object%93&Prime; header_6_text_shadow_blur_strength=\u00a0\u00bbheader_6_text_shadow_style,%91object Object%93&Prime;]<\/p>\n<p>Les \u00e9tudiants de DFASM1 et DFASM2 ont la possibilit\u00e9 de partir en stage hospitalier \u00e0 l\u2019\u00e9tranger durant les mois de juillet et ao\u00fbt, pour une dur\u00e9e de 6 semaines minimum \u00e0 temps plein ou de 8 semaines \u00e0 mi-temps. Il remplace le stage de quatri\u00e8me trimestre \u00e0 Paris et permet, \u00e0 ce titre, de valider des ECTS. Il peut \u00eatre choisi dans toute sp\u00e9cialit\u00e9 du 2\u00e8me cycle des \u00e9tudes m\u00e9dicales.<\/p>\n<p>[\/et_pb_text][\/et_pb_column][et_pb_column type=\u00a0\u00bb1_4&Prime;][\/et_pb_column][\/et_pb_row][et_pb_row module_id=\u00a0\u00bbimage-page-type\u00a0\u00bb _builder_version=\u00a0\u00bb3.22&Prime;][et_pb_column type=\u00a0\u00bb3_4&Prime;][et_pb_image admin_label=\u00a0\u00bbImage 1920 x 1080&Prime; src=\u00a0\u00bbhttps:\/\/wordpress-test.app.u-pariscite.fr\/medecine\/wp-content\/uploads\/sites\/24\/2020\/12\/stock-image-52587103-m-2015-1.jpg\u00a0\u00bb module_id=\u00a0\u00bbimage-page\u00a0\u00bb _builder_version=\u00a0\u00bb3.22.1&Prime; z_index_tablet=\u00a0\u00bb500&Prime;]<\/p>\n<p>[\/et_pb_image][\/et_pb_column][et_pb_column type=\u00a0\u00bb1_4&Prime;][et_pb_text admin_label=\u00a0\u00bbTexte image\u00a0\u00bb module_id=\u00a0\u00bbtexte-image\u00a0\u00bb _builder_version=\u00a0\u00bb3.22.1&Prime; custom_margin=\u00a0\u00bb|-15px||\u00a0\u00bb z_index_tablet=\u00a0\u00bb500&Prime;]<\/p>\n<p>[\/et_pb_text][\/et_pb_column][\/et_pb_row][et_pb_row _builder_version=\u00a0\u00bb3.22&Prime; background_size=\u00a0\u00bbinitial\u00a0\u00bb background_position=\u00a0\u00bbtop_left\u00a0\u00bb background_repeat=\u00a0\u00bbrepeat\u00a0\u00bb][et_pb_column type=\u00a0\u00bb4_4&Prime;][et_pb_text admin_label=\u00a0\u00bbl\u00e9gende\u00a0\u00bb module_id=\u00a0\u00bblegende\u00a0\u00bb _builder_version=\u00a0\u00bb3.22.1&Prime; z_index_tablet=\u00a0\u00bb500&Prime;]<\/p>\n<p>[\/et_pb_text][\/et_pb_column][\/et_pb_row][et_pb_row _builder_version=\u00a0\u00bb3.22.1&Prime; background_size=\u00a0\u00bbinitial\u00a0\u00bb background_position=\u00a0\u00bbtop_left\u00a0\u00bb background_repeat=\u00a0\u00bbrepeat\u00a0\u00bb custom_margin=\u00a0\u00bb30px||\u00a0\u00bb][et_pb_column type=\u00a0\u00bb3_4&Prime;][et_pb_toggle admin_label=\u00a0\u00bbStages partenaires\u00a0\u00bb title=\u00a0\u00bbStages partenaires\u00a0\u00bb _builder_version=\u00a0\u00bb3.22.1&Prime; z_index_tablet=\u00a0\u00bb500&Prime; text_shadow_horizontal_length=\u00a0\u00bbtext_shadow_style,%91object Object%93&Prime; text_shadow_vertical_length=\u00a0\u00bbtext_shadow_style,%91object Object%93&Prime; text_shadow_blur_strength=\u00a0\u00bbtext_shadow_style,%91object Object%93&Prime; title_text_shadow_horizontal_length=\u00a0\u00bbtitle_text_shadow_style,%91object Object%93&Prime; title_text_shadow_vertical_length=\u00a0\u00bbtitle_text_shadow_style,%91object Object%93&Prime; title_text_shadow_blur_strength=\u00a0\u00bbtitle_text_shadow_style,%91object Object%93&Prime; body_text_shadow_horizontal_length=\u00a0\u00bbbody_text_shadow_style,%91object Object%93&Prime; body_text_shadow_vertical_length=\u00a0\u00bbbody_text_shadow_style,%91object Object%93&Prime; body_text_shadow_blur_strength=\u00a0\u00bbbody_text_shadow_style,%91object Object%93&Prime;]<\/p>\n<p>D\u2019une dur\u00e9e de 6 semaines \u00e0 temps plein, ces stages partenaires ont lieu dans des h\u00f4pitaux avec lesquels l\u2019UFR de m\u00e9decine a un accord de partenariat. Le nombre de places est limit\u00e9, ils sont donc s\u00e9lectifs et soumis \u00e0 un entretien pr\u00e9alable.<\/p>\n<p>&nbsp;<\/p>\n<h4>Universit\u00e9s partenaires<\/h4>\n<p>&nbsp;<\/p>\n<ul>\n<li>Argentine \u2013 Mendoza\u00a0: Mendoza University<\/li>\n<li>Argentine \u2013 Buenos Aires\u00a0: Universidad de Buenos Aires<\/li>\n<li>Australie \u2013 Sydney\u00a0: The University of Sydney<\/li>\n<li>Canada \u2013 Ottawa\u00a0: University of Ottawa<\/li>\n<li>Canada \u2013 Montr\u00e9al\u00a0: Universit\u00e9 de Montr\u00e9al<\/li>\n<li>Chili \u2013 Santiago\u00a0: Universidad de Chile<\/li>\n<li>Chine \u2013 Shanghai\u00a0: Shanghai Jiao Tong University<\/li>\n<li>\u00c9tats-Unis \u2013\u00a0New York : Albert Einstein College of Medicine<\/li>\n<li>\u00c9tats-Unis \u2013 Tampa\u00a0: University of South Florida<\/li>\n<li>Inde \u2013 Pondich\u00e9ry\u00a0: Jawaharlal Institute of Postgraduate Medical Education and Research<\/li>\n<li>Irlande \u2013 Cork\u00a0: University College Cork<\/li>\n<li>Irlande \u2013 Dublin\u00a0: University College Dublin<\/li>\n<li>Japon \u2013 Yokohama\u00a0: Yokohama City University<\/li>\n<li>Liban \u2013 Beyrouth\u00a0: Universit\u00e9 Saint-Joseph<\/li>\n<li>P\u00e9rou \u2013 Lima\u00a0: Institut National de Sant\u00e9 des Enfants<\/li>\n<li>Royaume-Uni \u2013 Londres\u00a0: Queen Mary University of London<\/li>\n<li>Singapour: National University of Singapore<\/li>\n<li>Tunisie \u2013 Tunis\u00a0: Universit\u00e9 de Tunis &#8211; El Manar<\/li>\n<\/ul>\n<p>&nbsp;<\/p>\n<p>Retrouvez plus de d\u00e9tails sur la page Moodle d\u00e9di\u00e9e\u00a0 : <strong><a href=\"https:\/\/moodle.wordpress-test.app.u-pariscite.fr\/mod\/page\/view.php?id=907918\" target=\"_blank\" rel=\"noopener noreferrer\">https:\/\/moodle.wordpress-test.app.u-pariscite.fr\/mod\/page\/view.php?id=907918<\/a><\/strong><\/p>\n<p>[\/et_pb_toggle][et_pb_toggle admin_label=\u00a0\u00bbstages non partenaires\u00a0\u00bb title=\u00a0\u00bbStages non-partenaires\u00a0\u00bb _builder_version=\u00a0\u00bb3.22.1&Prime; z_index_tablet=\u00a0\u00bb500&Prime; text_shadow_horizontal_length=\u00a0\u00bbtext_shadow_style,%91object Object%93&Prime; text_shadow_vertical_length=\u00a0\u00bbtext_shadow_style,%91object Object%93&Prime; text_shadow_blur_strength=\u00a0\u00bbtext_shadow_style,%91object Object%93&Prime; title_text_shadow_horizontal_length=\u00a0\u00bbtitle_text_shadow_style,%91object Object%93&Prime; title_text_shadow_vertical_length=\u00a0\u00bbtitle_text_shadow_style,%91object Object%93&Prime; title_text_shadow_blur_strength=\u00a0\u00bbtitle_text_shadow_style,%91object Object%93&Prime; body_text_shadow_horizontal_length=\u00a0\u00bbbody_text_shadow_style,%91object Object%93&Prime; body_text_shadow_vertical_length=\u00a0\u00bbbody_text_shadow_style,%91object Object%93&Prime; body_text_shadow_blur_strength=\u00a0\u00bbbody_text_shadow_style,%91object Object%93&Prime;]<\/p>\n<p>D\u2019une dur\u00e9e de 6 semaines minimum \u00e0 temps plein ou de 8 semaines \u00e0 mi-temps, ces stages non-partenaires ont lieu au sein d\u2019une structure hospitali\u00e8re ayant l\u2019habitude de recevoir des \u00e9tudiants ou d\u2019un h\u00f4pital universitaire dans un pays au choix de l\u2019\u00e9tudiant.<\/p>\n<p>Les \u00e9tudiants effectuent les d\u00e9marches directement aupr\u00e8s des structures qui les int\u00e9ressent. Les structures de sant\u00e9 priv\u00e9es et les stages itin\u00e9rants (\u00e9quipes mobiles, dispensaires de brousse, etc.) sont \u00e0 \u00e9viter, sauf cas exceptionnel, soumis \u00e0 l\u2019approbation de l\u2019Inter-commission stage et gardes et relations internationales. Toute demande de stage dans une structure se situant dans les zones de couleurs orange et rouge sur le site du MEAE (Minist\u00e8re de l\u2019Europe et des Affaires \u00c9trang\u00e8res) sera syst\u00e9matiquement refus\u00e9e.<\/p>\n<p>Il est recommand\u00e9 de consulter ce site avant d\u2019entamer toute proc\u00e9dure :<strong><a href=\"https:\/\/www.diplomatie.gouv.fr\/fr\/conseils-aux-voyageurs\/conseils-par-pays-destination\/\" target=\"_blank\" rel=\"noopener noreferrer\"> https:\/\/www.diplomatie.gouv.fr\/fr\/conseils-aux-voyageurs\/conseils-par-pays-destination\/<\/a><\/strong><\/p>\n<p>Important : les stages en Corse et dans les DOM et les TOM ne sont autoris\u00e9s que pour les DFASM3. Le Bureau des Relations Internationales ne g\u00e8re pas ces demandes. Pour plus d\u2019informations, contacter : <a href=\"mailto:stages.dfasm.pc.medecine@wordpress-test.app.u-pariscite.fr\" target=\"_blank\" rel=\"noopener noreferrer\"><strong>stages.dfasm.pc.medecine@wordpress-test.app.u-pariscite.fr<\/strong><\/a><\/p>\n<p>Retrouvez plus de d\u00e9tails sur la page Moodle d\u00e9di\u00e9e :\u00a0<strong><a href=\"https:\/\/moodle.wordpress-test.app.u-pariscite.fr\/mod\/page\/view.php?id=907918\" target=\"_blank\" rel=\"noopener noreferrer\">https:\/\/moodle.wordpress-test.app.u-pariscite.fr\/mod\/page\/view.php?id=907918<\/a> <\/strong><\/p>\n<p>[\/et_pb_toggle][et_pb_toggle admin_label=\u00a0\u00bbInformations\u00a0\u00bb _builder_version=\u00a0\u00bb3.22.1&Prime; title=\u00a0\u00bbInformations\u00a0\u00bb text_shadow_horizontal_length=\u00a0\u00bbtext_shadow_style,%91object Object%93&Prime; text_shadow_vertical_length=\u00a0\u00bbtext_shadow_style,%91object Object%93&Prime; text_shadow_blur_strength=\u00a0\u00bbtext_shadow_style,%91object Object%93&Prime; title_text_shadow_horizontal_length=\u00a0\u00bbtitle_text_shadow_style,%91object Object%93&Prime; title_text_shadow_vertical_length=\u00a0\u00bbtitle_text_shadow_style,%91object Object%93&Prime; title_text_shadow_blur_strength=\u00a0\u00bbtitle_text_shadow_style,%91object Object%93&Prime; body_text_shadow_horizontal_length=\u00a0\u00bbbody_text_shadow_style,%91object Object%93&Prime; body_text_shadow_vertical_length=\u00a0\u00bbbody_text_shadow_style,%91object Object%93&Prime; body_text_shadow_blur_strength=\u00a0\u00bbbody_text_shadow_style,%91object Object%93&Prime; z_index_tablet=\u00a0\u00bb500&Prime;]<\/p>\n<p>&#8211; R\u00e9union d\u2019information\u00a0: d\u00e9but septembre<\/p>\n<p>&#8211; Candidatures \u00ab Stages partenaires \u00bb pour DFASM1 et DFASM2 : courant novembre<\/p>\n<p>&#8211; Entretiens \u00ab Stages partenaires \u00bb pour DFASM1 et DFASM2 : courant d\u00e9cembre<\/p>\n<p>&#8211; Candidatures \u00ab Stages non-partenaires \u00bb DFASM1 et DFASM2 : octobre \u00e0 f\u00e9vrier<\/p>\n<p>&#8211; Inter-commission stages et gardes et relations internationales : fin f\u00e9vrier<\/p>\n<p><strong>Pour conna\u00eetre les dates exactes ainsi que les modalit\u00e9s, nous vous invitons \u00e0 consulter le Moodle : <a href=\"https:\/\/moodle.wordpress-test.app.u-pariscite.fr\/mod\/page\/view.php?id=907918\" target=\"_blank\" rel=\"noopener noreferrer\">https:\/\/moodle.wordpress-test.app.u-pariscite.fr\/mod\/page\/view.php?id=907918<\/a><br \/><\/strong><\/p>\n<p>[\/et_pb_toggle][et_pb_toggle admin_label=\u00a0\u00bbT\u00e9moignages\u00a0\u00bb _builder_version=\u00a0\u00bb3.22.1&Prime; title=\u00a0\u00bbT\u00e9moignages\u00a0\u00bb text_shadow_horizontal_length=\u00a0\u00bbtext_shadow_style,%91object Object%93&Prime; text_shadow_vertical_length=\u00a0\u00bbtext_shadow_style,%91object Object%93&Prime; text_shadow_blur_strength=\u00a0\u00bbtext_shadow_style,%91object Object%93&Prime; title_text_shadow_horizontal_length=\u00a0\u00bbtitle_text_shadow_style,%91object Object%93&Prime; title_text_shadow_vertical_length=\u00a0\u00bbtitle_text_shadow_style,%91object Object%93&Prime; title_text_shadow_blur_strength=\u00a0\u00bbtitle_text_shadow_style,%91object Object%93&Prime; body_text_shadow_horizontal_length=\u00a0\u00bbbody_text_shadow_style,%91object Object%93&Prime; body_text_shadow_vertical_length=\u00a0\u00bbbody_text_shadow_style,%91object Object%93&Prime; body_text_shadow_blur_strength=\u00a0\u00bbbody_text_shadow_style,%91object Object%93&Prime; z_index_tablet=\u00a0\u00bb500&Prime;]<\/p>\n<p>Vous h\u00e9sitez \u00e0 partir ? Laissez-vous convaincre gr\u00e2ce aux t\u00e9moignages d\u2019\u00e9tudiants ! Plus d\u2019informations sur le Moodle d\u00e9di\u00e9 : <strong><a href=\"https:\/\/moodle.wordpress-test.app.u-pariscite.fr\/course\/view.php?id=12099#section-7\" target=\"_blank\" rel=\"noopener noreferrer\">https:\/\/moodle.wordpress-test.app.u-pariscite.fr\/course\/view.php?id=12099#section-7<\/a><\/strong><\/p>\n<p>[\/et_pb_toggle][et_pb_toggle admin_label=\u00a0\u00bbcontact\u00a0\u00bb _builder_version=\u00a0\u00bb3.22.1&Prime; title=\u00a0\u00bbContact\u00a0\u00bb text_shadow_horizontal_length=\u00a0\u00bbtext_shadow_style,%91object Object%93&Prime; text_shadow_vertical_length=\u00a0\u00bbtext_shadow_style,%91object Object%93&Prime; text_shadow_blur_strength=\u00a0\u00bbtext_shadow_style,%91object Object%93&Prime; title_text_shadow_horizontal_length=\u00a0\u00bbtitle_text_shadow_style,%91object Object%93&Prime; title_text_shadow_vertical_length=\u00a0\u00bbtitle_text_shadow_style,%91object Object%93&Prime; title_text_shadow_blur_strength=\u00a0\u00bbtitle_text_shadow_style,%91object Object%93&Prime; body_text_shadow_horizontal_length=\u00a0\u00bbbody_text_shadow_style,%91object Object%93&Prime; body_text_shadow_vertical_length=\u00a0\u00bbbody_text_shadow_style,%91object Object%93&Prime; body_text_shadow_blur_strength=\u00a0\u00bbbody_text_shadow_style,%91object Object%93&Prime; z_index_tablet=\u00a0\u00bb500&Prime;]<\/p>\n<p>Le Bureau des relations internationales (BRI) du l&rsquo;UFR de m\u00e9decine vous accompagne dans vos d\u00e9marches.<\/p>\n<p>E-mail :<strong> <a href=\"mailto:mobilite.international.medecine@wordpress-test.app.u-pariscite.fr\" target=\"_blank\" rel=\"noopener noreferrer\">mobilite.international.medecine@wordpress-test.app.u-pariscite.fr<\/a><\/strong><\/p>\n<h5>T\u00e9l\u00e9phone :<\/h5>\n<p>01 53 10 46 58<br \/>01 53 10 46 34<br \/>01 53 10 47 26<\/p>\n<h5>Adresse :<\/h5>\n<p>Site des Cordeliers, 1<sup>er<\/sup> \u00e9tage \u2013 aile A, 15 rue de l\u2019\u00c9cole de m\u00e9decine, 75006 Paris.<br \/>M\u00e9tro : Od\u00e9on<\/p>\n<h5>Horaires d\u2019ouverture :<\/h5>\n<p>Du lundi au vendredi de 9h30 \u00e0 12h00 et de 13h30 \u00e0 16h00<\/p>\n<p>&nbsp;<\/p>\n<p>[\/et_pb_toggle][\/et_pb_column][et_pb_column type=\u00a0\u00bb1_4&Prime;][\/et_pb_column][\/et_pb_row][\/et_pb_section][et_pb_section bb_built=\u00a0\u00bb1&Prime; _builder_version=\u00a0\u00bb3.22&Prime; custom_padding=\u00a0\u00bb0px||0px|\u00a0\u00bb prev_background_color=\u00a0\u00bb#000000&Prime;][et_pb_row _builder_version=\u00a0\u00bb3.22&Prime;][et_pb_column type=\u00a0\u00bb4_4&Prime;][et_pb_text admin_label=\u00a0\u00bb\u00c0 lire aussi\u00a0\u00bb _builder_version=\u00a0\u00bb3.21&Prime;]<\/p>\n<h2><span class=\"st\">\u00c0<\/span> lire aussi<\/h2>\n<p>[\/et_pb_text][et_pb_blog posts_number=\u00a0\u00bb4&Prime; include_categories=\u00a0\u00bb13&Prime; show_author=\u00a0\u00bboff\u00a0\u00bb show_date=\u00a0\u00bboff\u00a0\u00bb show_pagination=\u00a0\u00bboff\u00a0\u00bb module_id=\u00a0\u00bbpage_type_blog\u00a0\u00bb _builder_version=\u00a0\u00bb3.21&Prime; header_level=\u00a0\u00bbh4&Prime; border_width_bottom_fullwidth=\u00a0\u00bb1px\u00a0\u00bb border_color_bottom_fullwidth=\u00a0\u00bbrgba(51,51,51,0.18)\u00a0\u00bb custom_padding=\u00a0\u00bb||50px|\u00a0\u00bb]<\/p>\n<p>[\/et_pb_blog][\/et_pb_column][\/et_pb_row][\/et_pb_section]<\/p>\n","protected":false},"excerpt":{"rendered":"<p>Les \u00e9tudiants de DFASM1 et DFASM2 ont la possibilit\u00e9 de partir en stage hospitalier \u00e0 l\u2019\u00e9tranger durant les mois de juillet et ao\u00fbt, pour une dur\u00e9e de 6 semaines minimum \u00e0 temps plein ou de 8 semaines \u00e0 mi-temps. Il remplace le stage de quatri\u00e8me trimestre \u00e0 Paris et permet, \u00e0 ce titre, de valider&hellip; <a class=\"continue\" href=\"https:\/\/wordpress-test.app.u-pariscite.fr\/medecine\/stages-ete-dfasm1-dfasm2\/\">Lire la suite<span> Stages d&rsquo;\u00e9t\u00e9 en DFASM1 \/ DFASM2<\/span><\/a><\/p>\n","protected":false},"author":113,"featured_media":0,"parent":0,"menu_order":0,"comment_status":"closed","ping_status":"closed","template":"","meta":{"_et_pb_use_builder":"on","_et_pb_old_content":"","_et_gb_content_width":"","footnotes":""},"class_list":["post-22312","page","type-page","status-publish","hentry"],"_links":{"self":[{"href":"https:\/\/wordpress-test.app.u-pariscite.fr\/medecine\/wp-json\/wp\/v2\/pages\/22312","targetHints":{"allow":["GET"]}}],"collection":[{"href":"https:\/\/wordpress-test.app.u-pariscite.fr\/medecine\/wp-json\/wp\/v2\/pages"}],"about":[{"href":"https:\/\/wordpress-test.app.u-pariscite.fr\/medecine\/wp-json\/wp\/v2\/types\/page"}],"author":[{"embeddable":true,"href":"https:\/\/wordpress-test.app.u-pariscite.fr\/medecine\/wp-json\/wp\/v2\/users\/113"}],"replies":[{"embeddable":true,"href":"https:\/\/wordpress-test.app.u-pariscite.fr\/medecine\/wp-json\/wp\/v2\/comments?post=22312"}],"version-history":[{"count":108,"href":"https:\/\/wordpress-test.app.u-pariscite.fr\/medecine\/wp-json\/wp\/v2\/pages\/22312\/revisions"}],"predecessor-version":[{"id":28734,"href":"https:\/\/wordpress-test.app.u-pariscite.fr\/medecine\/wp-json\/wp\/v2\/pages\/22312\/revisions\/28734"}],"wp:attachment":[{"href":"https:\/\/wordpress-test.app.u-pariscite.fr\/medecine\/wp-json\/wp\/v2\/media?parent=22312"}],"curies":[{"name":"wp","href":"https:\/\/api.w.org\/{rel}","templated":true}]}}