{"id":22291,"date":"2020-11-06T08:26:22","date_gmt":"2020-11-06T07:26:22","guid":{"rendered":"https:\/\/wordpress-test.app.u-pariscite.fr\/medecine\/?page_id=22291"},"modified":"2021-03-22T18:09:12","modified_gmt":"2021-03-22T17:09:12","slug":"charte-ethique-deontologique","status":"publish","type":"page","link":"https:\/\/wordpress-test.app.u-pariscite.fr\/medecine\/charte-ethique-deontologique\/","title":{"rendered":"Charte \u00e9thique &amp; d\u00e9ontologique"},"content":{"rendered":"<p>[et_pb_section bb_built=\u00a0\u00bb1&Prime; disabled_on=\u00a0\u00bboff|off|off\u00a0\u00bb _builder_version=\u00a0\u00bb3.22.1&Prime; z_index_tablet=\u00a0\u00bb500&Prime; next_background_color=\u00a0\u00bb#000000&Prime;][et_pb_row _builder_version=\u00a0\u00bb3.22&Prime; background_size=\u00a0\u00bbinitial\u00a0\u00bb background_position=\u00a0\u00bbtop_left\u00a0\u00bb background_repeat=\u00a0\u00bbrepeat\u00a0\u00bb][et_pb_column type=\u00a0\u00bb3_4&Prime;][et_pb_text admin_label=\u00a0\u00bbTitre\u00a0\u00bb _builder_version=\u00a0\u00bb3.22.1&Prime; z_index_tablet=\u00a0\u00bb500&Prime;]<\/p>\n<h1>Charte \u00e9thique &amp; d\u00e9ontologique<\/h1>\n<p>[\/et_pb_text][\/et_pb_column][et_pb_column type=\u00a0\u00bb1_4&Prime;][\/et_pb_column][\/et_pb_row][\/et_pb_section][et_pb_section bb_built=\u00a0\u00bb1&Prime; disabled_on=\u00a0\u00bboff|off|off\u00a0\u00bb module_id=\u00a0\u00bbalignement\u00a0\u00bb _builder_version=\u00a0\u00bb3.22.1&Prime; inner_width_tablet=\u00a0\u00bb50px\u00a0\u00bb inner_max_width_tablet=\u00a0\u00bb50px\u00a0\u00bb z_index_tablet=\u00a0\u00bb500&Prime; prev_background_color=\u00a0\u00bb#000000&Prime; next_background_color=\u00a0\u00bb#000000&Prime;][et_pb_row _builder_version=\u00a0\u00bb3.22&Prime; background_size=\u00a0\u00bbinitial\u00a0\u00bb background_position=\u00a0\u00bbtop_left\u00a0\u00bb background_repeat=\u00a0\u00bbrepeat\u00a0\u00bb][et_pb_column type=\u00a0\u00bb1_2&Prime;][et_pb_blurb admin_label=\u00a0\u00bbCharte\u00a0\u00bb _builder_version=\u00a0\u00bb3.22.1&Prime; header_level=\u00a0\u00bbh3&Prime; header_text_color=\u00a0\u00bb#ffffff\u00a0\u00bb background_color=\u00a0\u00bb#8a1538&Prime; custom_padding=\u00a0\u00bb15px||15px||true\u00a0\u00bb z_index_tablet=\u00a0\u00bb500&Prime; link_option_url=\u00a0\u00bbhttps:\/\/conferencedesdoyensdemedecine.org\/ethique-et-deontologie\/\u00a0\u00bb]<\/p>\n<h3 style=\"text-align: center;margin-right: 0\"><span style=\"color: #ffffff\">T\u00e9l\u00e9charger la charte \u00e9thique<\/span><\/h3>\n<p>[\/et_pb_blurb][\/et_pb_column][et_pb_column type=\u00a0\u00bb1_2&Prime;][et_pb_blurb _builder_version=\u00a0\u00bb3.22.1&Prime; header_level=\u00a0\u00bbh3&Prime; header_text_color=\u00a0\u00bb#ffffff\u00a0\u00bb background_color=\u00a0\u00bb#8a1538&Prime; custom_padding=\u00a0\u00bb15px||15px||true\u00a0\u00bb z_index_tablet=\u00a0\u00bb500&Prime; link_option_url=\u00a0\u00bbhttps:\/\/wordpress-test.app.u-pariscite.fr\/medecine\/wp-content\/uploads\/sites\/24\/2021\/03\/Charte-\u00e9thique-et-d\u00e9ontologique-2-colonnes-2.pdf\u00a0\u00bb text_shadow_horizontal_length=\u00a0\u00bbtext_shadow_style,%91object Object%93&Prime; text_shadow_vertical_length=\u00a0\u00bbtext_shadow_style,%91object Object%93&Prime; text_shadow_blur_strength=\u00a0\u00bbtext_shadow_style,%91object Object%93&Prime; header_text_shadow_horizontal_length=\u00a0\u00bbheader_text_shadow_style,%91object Object%93&Prime; header_text_shadow_vertical_length=\u00a0\u00bbheader_text_shadow_style,%91object Object%93&Prime; header_text_shadow_blur_strength=\u00a0\u00bbheader_text_shadow_style,%91object Object%93&Prime; body_text_shadow_horizontal_length=\u00a0\u00bbbody_text_shadow_style,%91object Object%93&Prime; body_text_shadow_vertical_length=\u00a0\u00bbbody_text_shadow_style,%91object Object%93&Prime; body_text_shadow_blur_strength=\u00a0\u00bbbody_text_shadow_style,%91object Object%93&Prime;]<\/p>\n<h3 style=\"text-align: center;margin-right: 0\"><a href=\"https:\/\/wordpress-test.app.u-pariscite.fr\/medecine\/wp-content\/uploads\/sites\/24\/2021\/03\/Charte-\u00e9thique-et-d\u00e9ontologique-2-colonnes-2.pdf\" target=\"_blank\" rel=\"noopener noreferrer\"><span style=\"color: #ffffff\">T\u00e9l\u00e9charger le r\u00e9sum\u00e9 de la charte \u00e9thique<\/span><\/a><\/h3>\n<p>[\/et_pb_blurb][\/et_pb_column][\/et_pb_row][\/et_pb_section][et_pb_section bb_built=\u00a0\u00bb1&Prime; disabled_on=\u00a0\u00bbon|on|on\u00a0\u00bb _builder_version=\u00a0\u00bb3.22.1&Prime; z_index_tablet=\u00a0\u00bb500&Prime; disabled=\u00a0\u00bbon\u00a0\u00bb prev_background_color=\u00a0\u00bb#000000&Prime; next_background_color=\u00a0\u00bb#000000&Prime;][et_pb_row _builder_version=\u00a0\u00bb3.22&Prime; background_size=\u00a0\u00bbinitial\u00a0\u00bb background_position=\u00a0\u00bbtop_left\u00a0\u00bb background_repeat=\u00a0\u00bbrepeat\u00a0\u00bb][et_pb_column type=\u00a0\u00bb1_2&Prime;][et_pb_button admin_label=\u00a0\u00bbBouton Toute l\u2019actualit\u00e9\u00a0\u00bb button_url=\u00a0\u00bbhttps:\/\/conferencedesdoyensdemedecine.org\/ethique-et-deontologie\/\u00a0\u00bb button_text=\u00a0\u00bbT\u00e9l\u00e9chargez la charte\u00a0\u00bb button_alignment=\u00a0\u00bbleft\u00a0\u00bb _builder_version=\u00a0\u00bb3.22.1&Prime; custom_button=\u00a0\u00bbon\u00a0\u00bb button_text_color=\u00a0\u00bb#ffffff\u00a0\u00bb button_bg_color=\u00a0\u00bb#8a1538&Prime; button_border_width=\u00a0\u00bb2px\u00a0\u00bb button_border_color=\u00a0\u00bb#8a1538&Prime; button_border_radius=\u00a0\u00bb26&Prime; button_icon=\u00a0\u00bb%%20%%\u00a0\u00bb button_icon_color=\u00a0\u00bb#ffffff\u00a0\u00bb button_on_hover=\u00a0\u00bboff\u00a0\u00bb background_layout=\u00a0\u00bbdark\u00a0\u00bb custom_margin=\u00a0\u00bb60px|||\u00a0\u00bb z_index_tablet=\u00a0\u00bb500&Prime; custom_css_after=\u00a0\u00bbmargin-left: 0!important;||\u00a0\u00bb saved_tabs=\u00a0\u00bball\u00a0\u00bb background_layout__hover_enabled=\u00a0\u00bbon\u00a0\u00bb background_layout__hover=\u00a0\u00bblight\u00a0\u00bb button_bg_color__hover_enabled=\u00a0\u00bbon\u00a0\u00bb button_bg_color__hover=\u00a0\u00bb#ffffff\u00a0\u00bb button_icon_color__hover_enabled=\u00a0\u00bbon\u00a0\u00bb button_icon_color__hover=\u00a0\u00bb#8a1538&Prime; button_text_color__hover_enabled=\u00a0\u00bbon\u00a0\u00bb button_text_color__hover=\u00a0\u00bb#8a1538&Prime; custom_css_after__hover_enabled=\u00a0\u00bbon\u00a0\u00bb custom_css_after__hover=\u00a0\u00bbmargin-left: 0!important;\u00a0\u00bb button_border_color__hover_enabled=\u00a0\u00bbon\u00a0\u00bb]<\/p>\n<p>[\/et_pb_button][\/et_pb_column][et_pb_column type=\u00a0\u00bb1_2&Prime;][et_pb_cta title=\u00a0\u00bbR\u00e9sum\u00e9 de la charte PDF\u00a0\u00bb button_url=\u00a0\u00bbhttps:\/\/wordpress-test.app.u-pariscite.fr\/medecine\/wp-content\/uploads\/sites\/24\/2021\/03\/Charte-\u00e9thique-et-d\u00e9ontologique-2-colonnes.pdf\u00a0\u00bb button_text=\u00a0\u00bbT\u00e9l\u00e9chargez le r\u00e9sum\u00e9 de la charte PDF\u00a0\u00bb _builder_version=\u00a0\u00bb3.22.1&Prime; z_index_tablet=\u00a0\u00bb500&Prime;]<\/p>\n<p><a href=\"https:\/\/wordpress-test.app.u-pariscite.fr\/medecine\/wp-content\/uploads\/sites\/24\/2021\/03\/Charte-\u00e9thique-et-d\u00e9ontologique-2-colonnes.pdf\">Charte \u00e9thique et d\u00e9ontologique 2 colonnes<\/a><\/p>\n<p>[\/et_pb_cta][\/et_pb_column][\/et_pb_row][\/et_pb_section][et_pb_section bb_built=\u00a0\u00bb1&Prime; _builder_version=\u00a0\u00bb3.22&Prime; prev_background_color=\u00a0\u00bb#000000&Prime; next_background_color=\u00a0\u00bb#000000&Prime;][et_pb_row _builder_version=\u00a0\u00bb3.22&Prime; background_size=\u00a0\u00bbinitial\u00a0\u00bb background_position=\u00a0\u00bbtop_left\u00a0\u00bb background_repeat=\u00a0\u00bbrepeat\u00a0\u00bb][et_pb_column type=\u00a0\u00bb4_4&Prime;][et_pb_text module_id=\u00a0\u00bbcontenu\u00a0\u00bb _builder_version=\u00a0\u00bb3.22.1&Prime; z_index_tablet=\u00a0\u00bb500&Prime; text_text_shadow_horizontal_length=\u00a0\u00bbtext_text_shadow_style,%91object Object%93&Prime; text_text_shadow_vertical_length=\u00a0\u00bbtext_text_shadow_style,%91object Object%93&Prime; text_text_shadow_blur_strength=\u00a0\u00bbtext_text_shadow_style,%91object Object%93&Prime; link_text_shadow_horizontal_length=\u00a0\u00bblink_text_shadow_style,%91object Object%93&Prime; link_text_shadow_vertical_length=\u00a0\u00bblink_text_shadow_style,%91object Object%93&Prime; link_text_shadow_blur_strength=\u00a0\u00bblink_text_shadow_style,%91object Object%93&Prime; ul_text_shadow_horizontal_length=\u00a0\u00bbul_text_shadow_style,%91object Object%93&Prime; ul_text_shadow_vertical_length=\u00a0\u00bbul_text_shadow_style,%91object Object%93&Prime; ul_text_shadow_blur_strength=\u00a0\u00bbul_text_shadow_style,%91object Object%93&Prime; ol_text_shadow_horizontal_length=\u00a0\u00bbol_text_shadow_style,%91object Object%93&Prime; ol_text_shadow_vertical_length=\u00a0\u00bbol_text_shadow_style,%91object Object%93&Prime; ol_text_shadow_blur_strength=\u00a0\u00bbol_text_shadow_style,%91object Object%93&Prime; quote_text_shadow_horizontal_length=\u00a0\u00bbquote_text_shadow_style,%91object Object%93&Prime; quote_text_shadow_vertical_length=\u00a0\u00bbquote_text_shadow_style,%91object Object%93&Prime; quote_text_shadow_blur_strength=\u00a0\u00bbquote_text_shadow_style,%91object Object%93&Prime; header_text_shadow_horizontal_length=\u00a0\u00bbheader_text_shadow_style,%91object Object%93&Prime; header_text_shadow_vertical_length=\u00a0\u00bbheader_text_shadow_style,%91object Object%93&Prime; header_text_shadow_blur_strength=\u00a0\u00bbheader_text_shadow_style,%91object Object%93&Prime; header_2_text_shadow_horizontal_length=\u00a0\u00bbheader_2_text_shadow_style,%91object Object%93&Prime; header_2_text_shadow_vertical_length=\u00a0\u00bbheader_2_text_shadow_style,%91object Object%93&Prime; header_2_text_shadow_blur_strength=\u00a0\u00bbheader_2_text_shadow_style,%91object Object%93&Prime; header_3_text_shadow_horizontal_length=\u00a0\u00bbheader_3_text_shadow_style,%91object Object%93&Prime; header_3_text_shadow_vertical_length=\u00a0\u00bbheader_3_text_shadow_style,%91object Object%93&Prime; header_3_text_shadow_blur_strength=\u00a0\u00bbheader_3_text_shadow_style,%91object Object%93&Prime; header_4_text_shadow_horizontal_length=\u00a0\u00bbheader_4_text_shadow_style,%91object Object%93&Prime; header_4_text_shadow_vertical_length=\u00a0\u00bbheader_4_text_shadow_style,%91object Object%93&Prime; header_4_text_shadow_blur_strength=\u00a0\u00bbheader_4_text_shadow_style,%91object Object%93&Prime; header_5_text_shadow_horizontal_length=\u00a0\u00bbheader_5_text_shadow_style,%91object Object%93&Prime; header_5_text_shadow_vertical_length=\u00a0\u00bbheader_5_text_shadow_style,%91object Object%93&Prime; header_5_text_shadow_blur_strength=\u00a0\u00bbheader_5_text_shadow_style,%91object Object%93&Prime; header_6_text_shadow_horizontal_length=\u00a0\u00bbheader_6_text_shadow_style,%91object Object%93&Prime; header_6_text_shadow_vertical_length=\u00a0\u00bbheader_6_text_shadow_style,%91object Object%93&Prime; header_6_text_shadow_blur_strength=\u00a0\u00bbheader_6_text_shadow_style,%91object Object%93&Prime;]<\/p>\n<div class=\"page\" title=\"Page 3\">\n<div class=\"section\">\n<div class=\"layoutArea\">\n<div class=\"column\">\n<p>Les Conf\u00e9rences nationales des Doyens de facult\u00e9s de m\u00e9decine et des Doyens de facult\u00e9s d\u2019odontologie ont d\u00e9cid\u00e9 de r\u00e9diger une charte \u00e9thique et d\u00e9ontologique afin de formaliser et d\u2019homog\u00e9n\u00e9iser leurs pratiques dans ce domaine. Cette charte r\u00e9pond \u00e0 une exigence \u00e9thique, notamment en regard de l\u2019int\u00e9grit\u00e9 scientifique et professionnelle, des liens d\u2019int\u00e9r\u00eats, et de l\u2019attente soci\u00e9tale.<\/p>\n<h4>R\u00e9sum\u00e9 de la charte\u00a0<\/h4>\n<\/div>\n<\/div>\n<\/div>\n<\/div>\n<p><span class=\"Apple-converted-space\">\u00a0<\/span><i>L\u2019ind\u00e9pendance de la formation m\u00e9dicale \u00e0 l\u2019\u00e9gard des int\u00e9r\u00eats particuliers est un enjeu de sant\u00e9 publique. Les \u00e9tudiants b\u00e9n\u00e9ficient d\u2019un encadrement institutionnel et acad\u00e9mique qui doit leur garantir cette ind\u00e9pendance.<span class=\"Apple-converted-space\">\u00a0<\/span><\/i><\/p>\n<p><b>Les Facult\u00e9s s\u2019engagent sur l\u2019int\u00e9grit\u00e9 scientifique<span class=\"Apple-converted-space\">\u00a0<\/span><\/b><\/p>\n<p>Elles s\u2019engagent \u00e0 respecter les propositions de mise en oeuvre de la charte nationale de d\u00e9ontologie des m\u00e9tiers de la recherche (cf. rapport du Professeur Corvol [2016]).<span class=\"Apple-converted-space\">\u00a0<\/span><\/p>\n<p><b>Les Facult\u00e9s s\u2019engagent sur la d\u00e9ontologie<span class=\"Apple-converted-space\">\u00a0<\/span><\/b><\/p>\n<p>Les Facult\u00e9s s\u2019engagent \u00e0 respecter et faire respecter les r\u00e8gles d\u00e9ontologiques et d\u2019int\u00e9grit\u00e9 pr\u00e9conis\u00e9es par l\u2019ensemble des ordres des professions qui les composent. Les Facult\u00e9s s\u2019inscrivent dans le cadre g\u00e9n\u00e9ral de la promotion de l\u2019\u00e9galit\u00e9 hommes-femmes et de la lutte contre les discriminations de toute nature, et de l\u2019accessibilit\u00e9 du handicap.<span class=\"Apple-converted-space\">\u00a0<\/span><\/p>\n<p><b>Formation \u00e9thique et d\u00e9ontologique pour une conduite responsable<span class=\"Apple-converted-space\">\u00a0<\/span><\/b><\/p>\n<p>Les enseignements obligatoires d\u2019\u00e9thique et de d\u00e9ontologie sont renforc\u00e9s au sein des Facult\u00e9s.<span class=\"Apple-converted-space\">\u00a0<\/span><\/p>\n<p><b>Transparence et d\u00e9claration des liens d\u2019int\u00e9r\u00eats<span class=\"Apple-converted-space\">\u00a0<\/span><\/b><\/p>\n<p>Les enseignants doivent communiquer aux \u00e9tudiants leurs liens d\u2019int\u00e9r\u00eats en pr\u00e9ambule aux enseignements qu\u2019ils d\u00e9livrent, quelle que soit leur nature (\u00e9crite, orale, en ligne).<span class=\"Apple-converted-space\">\u00a0<\/span><\/p>\n<p><b>Avantages et cadeaux<span class=\"Apple-converted-space\">\u00a0<\/span><\/b><\/p>\n<p>Les cadeaux, m\u00eame de faible valeur, financ\u00e9s par l\u2019industrie ne sont pas autoris\u00e9s.<span class=\"Apple-converted-space\">\u00a0<\/span><\/p>\n<p><span class=\"Apple-converted-space\">\u00a0<\/span><b>Les bonnes pratiques p\u00e9dagogiques dans les relations avec les industries de sant\u00e9<span class=\"Apple-converted-space\">\u00a0<\/span><\/b><\/p>\n<p>Les produits de sant\u00e9 cit\u00e9s dans le cadre des enseignements le sont obligatoirement en d\u00e9nomination commune internationale (DCI), sans faire de promotion. De m\u00eame pour les dispositifs m\u00e9dicaux. Les \u00e9tudiants ont le droit d\u2019exercer un devoir de r\u00e9serve lorsqu\u2019ils se trouvent en situation d\u2019influence. Ils peuvent s\u2019exprimer en toute libert\u00e9 sans s\u2019exposer \u00e0 des griefs ou des sanctions de la part de leurs sup\u00e9rieurs hi\u00e9rarchiques.<span class=\"Apple-converted-space\">\u00a0<\/span><\/p>\n<p><b>Liens avec les partenaires du soin<span class=\"Apple-converted-space\">\u00a0<\/span><\/b><\/p>\n<p>L\u2019exposition au risque de conflit d\u2019int\u00e9r\u00eats dans les secteurs de soins doit \u00eatre pr\u00e9venue. Les repr\u00e9sentants des industries pharmaceutiques et des produits de sant\u00e9 ne sont pas autoris\u00e9s \u00e0 rencontrer les personnels universitaires dans les zones de soins ou en pr\u00e9sence d\u2019\u00e9tudiants. Cela implique qu\u2019ils ne peuvent pas y organiser des expos\u00e9s en pr\u00e9sence des \u00e9tudiants*<\/p>\n<p><span class=\"Apple-converted-space\">*Cette phrase d\u2019explication a \u00e9t\u00e9 rajout\u00e9e par notre UFR\u00a0<\/span><\/p>\n<p><b>Non-respect de la charte<span class=\"Apple-converted-space\">\u00a0<\/span><\/b><\/p>\n<p>La pr\u00e9sente Charte est opposable \u00e0 tous les acteurs au sein des Facult\u00e9s, quel que soit leur grade, statut, ou niveau hi\u00e9rarchique.<span class=\"Apple-converted-space\">\u00a0<\/span><\/p>\n<p>Face \u00e0 une suspicion document\u00e9e de conduite r\u00e9pr\u00e9hensible, les enseignants-chercheurs et les \u00e9tudiants sont invit\u00e9s \u00e0 se rapprocher du pr\u00e9sident de la commission de d\u00e9ontologie.<\/p>\n<p><strong>Pour toute question : <a href=\"mailto:deontologie.medecine@wordpress-test.app.u-pariscite.fr\" target=\"_blank\" rel=\"noopener noreferrer\"><span style=\"font-family: Calibri,sans-serif;font-size: small\">deontologie.medecine@wordpress-test.app.u-pariscite.fr<\/span><\/a><\/strong><\/p>\n<p>[\/et_pb_text][\/et_pb_column][\/et_pb_row][\/et_pb_section][et_pb_section bb_built=\u00a0\u00bb1&Prime; _builder_version=\u00a0\u00bb3.22&Prime; custom_padding=\u00a0\u00bb0px||0px|\u00a0\u00bb prev_background_color=\u00a0\u00bb#000000&Prime;][et_pb_row _builder_version=\u00a0\u00bb3.22&Prime;][et_pb_column type=\u00a0\u00bb4_4&Prime;][et_pb_text admin_label=\u00a0\u00bb\u00c0 lire aussi\u00a0\u00bb _builder_version=\u00a0\u00bb3.21&Prime;]<\/p>\n<h2><span class=\"st\">\u00c0<\/span> lire aussi<\/h2>\n<p>[\/et_pb_text][et_pb_blog posts_number=\u00a0\u00bb4&Prime; include_categories=\u00a0\u00bb13&Prime; show_author=\u00a0\u00bboff\u00a0\u00bb show_date=\u00a0\u00bboff\u00a0\u00bb show_pagination=\u00a0\u00bboff\u00a0\u00bb module_id=\u00a0\u00bbpage_type_blog\u00a0\u00bb _builder_version=\u00a0\u00bb3.21&Prime; header_level=\u00a0\u00bbh4&Prime; border_width_bottom_fullwidth=\u00a0\u00bb1px\u00a0\u00bb border_color_bottom_fullwidth=\u00a0\u00bbrgba(51,51,51,0.18)\u00a0\u00bb custom_padding=\u00a0\u00bb||50px|\u00a0\u00bb]<\/p>\n<p>[\/et_pb_blog][\/et_pb_column][\/et_pb_row][\/et_pb_section]<\/p>\n","protected":false},"excerpt":{"rendered":"<p>Charte \u00e9thique &amp; d\u00e9ontologique T\u00e9l\u00e9charger la charte \u00e9thique T\u00e9l\u00e9charger le r\u00e9sum\u00e9 de la charte \u00e9thique Charte \u00e9thique et d\u00e9ontologique 2 colonnes Les Conf\u00e9rences nationales des Doyens de facult\u00e9s de m\u00e9decine et des Doyens de facult\u00e9s d\u2019odontologie ont d\u00e9cid\u00e9 de r\u00e9diger une charte \u00e9thique et d\u00e9ontologique afin de formaliser et d\u2019homog\u00e9n\u00e9iser leurs pratiques dans ce domaine.&hellip; <a class=\"continue\" href=\"https:\/\/wordpress-test.app.u-pariscite.fr\/medecine\/charte-ethique-deontologique\/\">Lire la suite<span> Charte \u00e9thique &amp; d\u00e9ontologique<\/span><\/a><\/p>\n","protected":false},"author":113,"featured_media":0,"parent":0,"menu_order":0,"comment_status":"closed","ping_status":"closed","template":"","meta":{"_et_pb_use_builder":"on","_et_pb_old_content":"","_et_gb_content_width":"","footnotes":""},"class_list":["post-22291","page","type-page","status-publish","hentry"],"_links":{"self":[{"href":"https:\/\/wordpress-test.app.u-pariscite.fr\/medecine\/wp-json\/wp\/v2\/pages\/22291","targetHints":{"allow":["GET"]}}],"collection":[{"href":"https:\/\/wordpress-test.app.u-pariscite.fr\/medecine\/wp-json\/wp\/v2\/pages"}],"about":[{"href":"https:\/\/wordpress-test.app.u-pariscite.fr\/medecine\/wp-json\/wp\/v2\/types\/page"}],"author":[{"embeddable":true,"href":"https:\/\/wordpress-test.app.u-pariscite.fr\/medecine\/wp-json\/wp\/v2\/users\/113"}],"replies":[{"embeddable":true,"href":"https:\/\/wordpress-test.app.u-pariscite.fr\/medecine\/wp-json\/wp\/v2\/comments?post=22291"}],"version-history":[{"count":26,"href":"https:\/\/wordpress-test.app.u-pariscite.fr\/medecine\/wp-json\/wp\/v2\/pages\/22291\/revisions"}],"predecessor-version":[{"id":24493,"href":"https:\/\/wordpress-test.app.u-pariscite.fr\/medecine\/wp-json\/wp\/v2\/pages\/22291\/revisions\/24493"}],"wp:attachment":[{"href":"https:\/\/wordpress-test.app.u-pariscite.fr\/medecine\/wp-json\/wp\/v2\/media?parent=22291"}],"curies":[{"name":"wp","href":"https:\/\/api.w.org\/{rel}","templated":true}]}}