{"id":791,"date":"2021-08-26T19:10:43","date_gmt":"2021-08-26T17:10:43","guid":{"rendered":"https:\/\/wordpress-test.app.u-pariscite.fr\/linguistique\/?page_id=791"},"modified":"2022-02-21T12:29:51","modified_gmt":"2022-02-21T11:29:51","slug":"seminaires-de-lecole-doctorale-ed-132","status":"publish","type":"page","link":"https:\/\/wordpress-test.app.u-pariscite.fr\/linguistique\/seminaires-de-lecole-doctorale-ed-132\/","title":{"rendered":"S\u00e9minaires de l&rsquo;\u00e9cole doctorale (ED 132)"},"content":{"rendered":"<p>[et_pb_section bb_built=\u00a0\u00bb1&Prime; inner_width=\u00a0\u00bbauto\u00a0\u00bb inner_max_width=\u00a0\u00bbnone\u00a0\u00bb next_background_color=\u00a0\u00bb#000000&Prime;][et_pb_row][et_pb_column type=\u00a0\u00bb4_4&Prime;][et_pb_post_title admin_label=\u00a0\u00bbTitre de la page\u00a0\u00bb _builder_version=\u00a0\u00bb3.19.11&Prime; meta=\u00a0\u00bboff\u00a0\u00bb featured_image=\u00a0\u00bboff\u00a0\u00bb \/][\/et_pb_column][\/et_pb_row][et_pb_row][et_pb_column type=\u00a0\u00bb3_4&Prime;][et_pb_text _builder_version=\u00a0\u00bb3.22.1&Prime; text_text_shadow_horizontal_length=\u00a0\u00bbtext_text_shadow_style,%91object Object%93&Prime; text_text_shadow_vertical_length=\u00a0\u00bbtext_text_shadow_style,%91object Object%93&Prime; text_text_shadow_blur_strength=\u00a0\u00bbtext_text_shadow_style,%91object Object%93&Prime; link_text_shadow_horizontal_length=\u00a0\u00bblink_text_shadow_style,%91object Object%93&Prime; link_text_shadow_vertical_length=\u00a0\u00bblink_text_shadow_style,%91object Object%93&Prime; link_text_shadow_blur_strength=\u00a0\u00bblink_text_shadow_style,%91object Object%93&Prime; ul_text_shadow_horizontal_length=\u00a0\u00bbul_text_shadow_style,%91object Object%93&Prime; ul_text_shadow_vertical_length=\u00a0\u00bbul_text_shadow_style,%91object Object%93&Prime; ul_text_shadow_blur_strength=\u00a0\u00bbul_text_shadow_style,%91object Object%93&Prime; ol_text_shadow_horizontal_length=\u00a0\u00bbol_text_shadow_style,%91object Object%93&Prime; ol_text_shadow_vertical_length=\u00a0\u00bbol_text_shadow_style,%91object Object%93&Prime; ol_text_shadow_blur_strength=\u00a0\u00bbol_text_shadow_style,%91object Object%93&Prime; quote_text_shadow_horizontal_length=\u00a0\u00bbquote_text_shadow_style,%91object Object%93&Prime; quote_text_shadow_vertical_length=\u00a0\u00bbquote_text_shadow_style,%91object Object%93&Prime; quote_text_shadow_blur_strength=\u00a0\u00bbquote_text_shadow_style,%91object Object%93&Prime; header_text_shadow_horizontal_length=\u00a0\u00bbheader_text_shadow_style,%91object Object%93&Prime; header_text_shadow_vertical_length=\u00a0\u00bbheader_text_shadow_style,%91object Object%93&Prime; header_text_shadow_blur_strength=\u00a0\u00bbheader_text_shadow_style,%91object Object%93&Prime; header_2_text_shadow_horizontal_length=\u00a0\u00bbheader_2_text_shadow_style,%91object Object%93&Prime; header_2_text_shadow_vertical_length=\u00a0\u00bbheader_2_text_shadow_style,%91object Object%93&Prime; header_2_text_shadow_blur_strength=\u00a0\u00bbheader_2_text_shadow_style,%91object Object%93&Prime; header_3_text_shadow_horizontal_length=\u00a0\u00bbheader_3_text_shadow_style,%91object Object%93&Prime; header_3_text_shadow_vertical_length=\u00a0\u00bbheader_3_text_shadow_style,%91object Object%93&Prime; header_3_text_shadow_blur_strength=\u00a0\u00bbheader_3_text_shadow_style,%91object Object%93&Prime; header_4_text_shadow_horizontal_length=\u00a0\u00bbheader_4_text_shadow_style,%91object Object%93&Prime; header_4_text_shadow_vertical_length=\u00a0\u00bbheader_4_text_shadow_style,%91object Object%93&Prime; header_4_text_shadow_blur_strength=\u00a0\u00bbheader_4_text_shadow_style,%91object Object%93&Prime; header_5_text_shadow_horizontal_length=\u00a0\u00bbheader_5_text_shadow_style,%91object Object%93&Prime; header_5_text_shadow_vertical_length=\u00a0\u00bbheader_5_text_shadow_style,%91object Object%93&Prime; header_5_text_shadow_blur_strength=\u00a0\u00bbheader_5_text_shadow_style,%91object Object%93&Prime; header_6_text_shadow_horizontal_length=\u00a0\u00bbheader_6_text_shadow_style,%91object Object%93&Prime; header_6_text_shadow_vertical_length=\u00a0\u00bbheader_6_text_shadow_style,%91object Object%93&Prime; header_6_text_shadow_blur_strength=\u00a0\u00bbheader_6_text_shadow_style,%91object Object%93&Prime; z_index_tablet=\u00a0\u00bb500&Prime;]<\/p>\n<ul>\n<li>Lectures en linguistique exp\u00e9rimentale (Anne Abeill\u00e9 et Barbara Hemforth)\n<ul>\n<li><a href=\"http:\/\/www.llf.cnrs.fr\/node\/6061\" target=\"_blank\" rel=\"noopener noreferrer\">Programme 2021<\/a><\/li>\n<li><a href=\"http:\/\/www.llf.cnrs.fr\/node\/6489\" target=\"_blank\" rel=\"noopener noreferrer\">Programme 2020<\/a><\/li>\n<li><a href=\"http:\/\/www.llf.cnrs.fr\/node\/6254\" target=\"_blank\" rel=\"noopener noreferrer\">Programme 2019<\/a><\/li>\n<\/ul>\n<\/li>\n<li><a href=\"http:\/\/www.linguist.univ-paris-diderot.fr\/~bcrabbe\/seminaire.html\" target=\"_blank\" rel=\"noopener noreferrer\">Lectures en linguistique informatique<\/a> (Beno\u00eet Crabb\u00e9)<\/li>\n<li><em><a class=\"urlextern\" title=\"https:\/\/www.linguist.univ-paris-diderot.fr\/cours_master\/nnn\" href=\"https:\/\/www.linguist.univ-paris-diderot.fr\/cours_master\/nnn\" target=\"_blank\" rel=\"nofollow noopener noreferrer\">Morphologie avanc\u00e9e<\/a><\/em> (Olivier Bonami)<\/li>\n<li><em><a class=\"urlextern\" title=\"https:\/\/www.linguist.univ-paris-diderot.fr\/cours_master\/mmm\" href=\"https:\/\/www.linguist.univ-paris-diderot.fr\/cours_master\/mmm\" target=\"_blank\" rel=\"nofollow noopener noreferrer\">Phonologie exp\u00e9rimentale<\/a><\/em> (Hiyon Yoo, Justine Mertz, Hannah King, Ioana Chitoran)<\/li>\n<li><em>Les relatives et structures apparent\u00e9es<\/em> (Caterina Donati)<\/li>\n<li><em><a class=\"urlextern\" title=\"https:\/\/www.linguist.univ-paris-diderot.fr\/cours_master\/qqq\" href=\"https:\/\/www.linguist.univ-paris-diderot.fr\/cours_master\/qqq\" target=\"_blank\" rel=\"nofollow noopener noreferrer\">S\u00e9mantique avanc\u00e9e<\/a><\/em> (Lucia Tovena)<\/li>\n<li><a href=\"https:\/\/www.linguist.univ-paris-diderot.fr\/cours_master\/ppp\" target=\"_blank\" rel=\"noopener noreferrer\"><em>Syntaxe exp\u00e9rimentale avanc\u00e9e<\/em><\/a> (Anne Abeill\u00e9)<\/li>\n<li><a href=\"https:\/\/www.linguist.univ-paris-diderot.fr\/cours_master\/ooo\" target=\"_blank\" rel=\"noopener noreferrer\"><em>Syntaxe th\u00e9orique avanc\u00e9e<\/em><\/a> (Caterina Donati)<\/li>\n<li><a href=\"https:\/\/www.linguist.univ-paris-diderot.fr\/cours_master\/aac\" target=\"_blank\" rel=\"noopener noreferrer\"><em>Temps, aspect, mode<\/em><\/a> (Claire Saillard)<\/li>\n<\/ul>\n<p>[\/et_pb_text][\/et_pb_column][et_pb_column type=\u00a0\u00bb1_4&Prime;][\/et_pb_column][\/et_pb_row][\/et_pb_section][et_pb_section bb_built=\u00a0\u00bb1&Prime; specialty=\u00a0\u00bboff\u00a0\u00bb _builder_version=\u00a0\u00bb3.21&Prime; custom_padding=\u00a0\u00bb0px||0px|\u00a0\u00bb prev_background_color=\u00a0\u00bb#000000&Prime; inner_width=\u00a0\u00bbauto\u00a0\u00bb inner_max_width=\u00a0\u00bbnone\u00a0\u00bb][et_pb_row _builder_version=\u00a0\u00bb3.19.11&Prime; width=\u00a0\u00bb80%\u00a0\u00bb max_width=\u00a0\u00bb1080px\u00a0\u00bb][et_pb_column type=\u00a0\u00bb4_4&Prime;][et_pb_text admin_label=\u00a0\u00bb\u00c0 lire aussi\u00a0\u00bb _builder_version=\u00a0\u00bb3.21&Prime;]<\/p>\n<h2><span class=\"st\">\u00c0<\/span> lire aussi<\/h2>\n<p>[\/et_pb_text][et_pb_blog _builder_version=\u00a0\u00bb3.21&Prime; posts_number=\u00a0\u00bb4&Prime; include_categories=\u00a0\u00bb13&Prime; show_author=\u00a0\u00bboff\u00a0\u00bb show_date=\u00a0\u00bboff\u00a0\u00bb show_pagination=\u00a0\u00bboff\u00a0\u00bb border_width_bottom_fullwidth=\u00a0\u00bb1px\u00a0\u00bb border_color_bottom_fullwidth=\u00a0\u00bbrgba(51,51,51,0.18)\u00a0\u00bb custom_padding=\u00a0\u00bb||50px|\u00a0\u00bb module_id=\u00a0\u00bbpage_type_blog\u00a0\u00bb header_level=\u00a0\u00bbh4&Prime; \/][\/et_pb_column][\/et_pb_row][\/et_pb_section]<\/p>\n","protected":false},"excerpt":{"rendered":"<div class=\"et_pb_row et_pb_row_0 et_pb_row_empty\"><\/div>\n<div class=\"et_pb_row et_pb_row_1 et_pb_row_empty\"><\/div>\n<p> Lectures en linguistique exp\u00e9rimentale (Anne Abeill\u00e9 et Barbara Hemforth) Programme 2021 Programme 2020 Programme 2019 Lectures en linguistique informatique (Beno\u00eet Crabb\u00e9) Morphologie avanc\u00e9e (Olivier Bonami) Phonologie exp\u00e9rimentale (Hiyon Yoo, Justine Mertz, Hannah King, Ioana Chitoran) Les relatives et structures apparent\u00e9es (Caterina Donati) S\u00e9mantique avanc\u00e9e (Lucia Tovena) Syntaxe exp\u00e9rimentale avanc\u00e9e (Anne Abeill\u00e9) Syntaxe th\u00e9orique avanc\u00e9e&hellip; <a class=\"continue\" href=\"https:\/\/wordpress-test.app.u-pariscite.fr\/linguistique\/seminaires-de-lecole-doctorale-ed-132\/\">Lire la suite<span> S\u00e9minaires de l&rsquo;\u00e9cole doctorale (ED 132)<\/span><\/a><\/p>\n","protected":false},"author":320,"featured_media":0,"parent":0,"menu_order":0,"comment_status":"closed","ping_status":"closed","template":"","meta":{"_et_pb_use_builder":"on","_et_pb_old_content":"","_et_gb_content_width":"","footnotes":""},"class_list":["post-791","page","type-page","status-publish","hentry"],"_links":{"self":[{"href":"https:\/\/wordpress-test.app.u-pariscite.fr\/linguistique\/wp-json\/wp\/v2\/pages\/791","targetHints":{"allow":["GET"]}}],"collection":[{"href":"https:\/\/wordpress-test.app.u-pariscite.fr\/linguistique\/wp-json\/wp\/v2\/pages"}],"about":[{"href":"https:\/\/wordpress-test.app.u-pariscite.fr\/linguistique\/wp-json\/wp\/v2\/types\/page"}],"author":[{"embeddable":true,"href":"https:\/\/wordpress-test.app.u-pariscite.fr\/linguistique\/wp-json\/wp\/v2\/users\/320"}],"replies":[{"embeddable":true,"href":"https:\/\/wordpress-test.app.u-pariscite.fr\/linguistique\/wp-json\/wp\/v2\/comments?post=791"}],"version-history":[{"count":7,"href":"https:\/\/wordpress-test.app.u-pariscite.fr\/linguistique\/wp-json\/wp\/v2\/pages\/791\/revisions"}],"predecessor-version":[{"id":2188,"href":"https:\/\/wordpress-test.app.u-pariscite.fr\/linguistique\/wp-json\/wp\/v2\/pages\/791\/revisions\/2188"}],"wp:attachment":[{"href":"https:\/\/wordpress-test.app.u-pariscite.fr\/linguistique\/wp-json\/wp\/v2\/media?parent=791"}],"curies":[{"name":"wp","href":"https:\/\/api.w.org\/{rel}","templated":true}]}}