{"id":321,"date":"2021-07-06T19:09:01","date_gmt":"2021-07-06T17:09:01","guid":{"rendered":"https:\/\/wordpress-test.app.u-pariscite.fr\/linguistique\/?page_id=321"},"modified":"2024-09-05T11:54:52","modified_gmt":"2024-09-05T09:54:52","slug":"procedure-pour-effectuer-un-stage","status":"publish","type":"page","link":"https:\/\/wordpress-test.app.u-pariscite.fr\/linguistique\/procedure-pour-effectuer-un-stage\/","title":{"rendered":"Proc\u00e9dure pour effectuer un stage"},"content":{"rendered":"<p>[et_pb_section bb_built=\u00a0\u00bb1&Prime; next_background_color=\u00a0\u00bb#000000&Prime; inner_width=\u00a0\u00bbauto\u00a0\u00bb inner_max_width=\u00a0\u00bbnone\u00a0\u00bb][et_pb_row][et_pb_column type=\u00a0\u00bb4_4&Prime;][et_pb_post_title admin_label=\u00a0\u00bbTitre de la page\u00a0\u00bb _builder_version=\u00a0\u00bb3.19.11&Prime; meta=\u00a0\u00bboff\u00a0\u00bb featured_image=\u00a0\u00bboff\u00a0\u00bb \/][\/et_pb_column][\/et_pb_row][et_pb_row][et_pb_column type=\u00a0\u00bb3_4&Prime;][et_pb_text admin_label=\u00a0\u00bbIntro\u00a0\u00bb _builder_version=\u00a0\u00bb3.22.1&Prime; module_id=\u00a0\u00bbintro\u00a0\u00bb text_text_shadow_horizontal_length=\u00a0\u00bbtext_text_shadow_style,%91object Object%93&Prime; text_text_shadow_vertical_length=\u00a0\u00bbtext_text_shadow_style,%91object Object%93&Prime; text_text_shadow_blur_strength=\u00a0\u00bbtext_text_shadow_style,%91object Object%93&Prime; link_text_shadow_horizontal_length=\u00a0\u00bblink_text_shadow_style,%91object Object%93&Prime; link_text_shadow_vertical_length=\u00a0\u00bblink_text_shadow_style,%91object Object%93&Prime; link_text_shadow_blur_strength=\u00a0\u00bblink_text_shadow_style,%91object Object%93&Prime; ul_text_shadow_horizontal_length=\u00a0\u00bbul_text_shadow_style,%91object Object%93&Prime; ul_text_shadow_vertical_length=\u00a0\u00bbul_text_shadow_style,%91object Object%93&Prime; ul_text_shadow_blur_strength=\u00a0\u00bbul_text_shadow_style,%91object Object%93&Prime; ol_text_shadow_horizontal_length=\u00a0\u00bbol_text_shadow_style,%91object Object%93&Prime; ol_text_shadow_vertical_length=\u00a0\u00bbol_text_shadow_style,%91object Object%93&Prime; ol_text_shadow_blur_strength=\u00a0\u00bbol_text_shadow_style,%91object Object%93&Prime; quote_text_shadow_horizontal_length=\u00a0\u00bbquote_text_shadow_style,%91object Object%93&Prime; quote_text_shadow_vertical_length=\u00a0\u00bbquote_text_shadow_style,%91object Object%93&Prime; quote_text_shadow_blur_strength=\u00a0\u00bbquote_text_shadow_style,%91object Object%93&Prime; header_text_shadow_horizontal_length=\u00a0\u00bbheader_text_shadow_style,%91object Object%93&Prime; header_text_shadow_vertical_length=\u00a0\u00bbheader_text_shadow_style,%91object Object%93&Prime; header_text_shadow_blur_strength=\u00a0\u00bbheader_text_shadow_style,%91object Object%93&Prime; header_2_text_shadow_horizontal_length=\u00a0\u00bbheader_2_text_shadow_style,%91object Object%93&Prime; header_2_text_shadow_vertical_length=\u00a0\u00bbheader_2_text_shadow_style,%91object Object%93&Prime; header_2_text_shadow_blur_strength=\u00a0\u00bbheader_2_text_shadow_style,%91object Object%93&Prime; header_3_text_shadow_horizontal_length=\u00a0\u00bbheader_3_text_shadow_style,%91object Object%93&Prime; header_3_text_shadow_vertical_length=\u00a0\u00bbheader_3_text_shadow_style,%91object Object%93&Prime; header_3_text_shadow_blur_strength=\u00a0\u00bbheader_3_text_shadow_style,%91object Object%93&Prime; header_4_text_shadow_horizontal_length=\u00a0\u00bbheader_4_text_shadow_style,%91object Object%93&Prime; header_4_text_shadow_vertical_length=\u00a0\u00bbheader_4_text_shadow_style,%91object Object%93&Prime; header_4_text_shadow_blur_strength=\u00a0\u00bbheader_4_text_shadow_style,%91object Object%93&Prime; header_5_text_shadow_horizontal_length=\u00a0\u00bbheader_5_text_shadow_style,%91object Object%93&Prime; header_5_text_shadow_vertical_length=\u00a0\u00bbheader_5_text_shadow_style,%91object Object%93&Prime; header_5_text_shadow_blur_strength=\u00a0\u00bbheader_5_text_shadow_style,%91object Object%93&Prime; header_6_text_shadow_horizontal_length=\u00a0\u00bbheader_6_text_shadow_style,%91object Object%93&Prime; header_6_text_shadow_vertical_length=\u00a0\u00bbheader_6_text_shadow_style,%91object Object%93&Prime; header_6_text_shadow_blur_strength=\u00a0\u00bbheader_6_text_shadow_style,%91object Object%93&Prime; z_index_tablet=\u00a0\u00bb500&Prime;]<\/p>\n<div class=\"page\" title=\"Page 1\">\n<div class=\"layoutArea\">\n<div class=\"column\">\n<p>Les \u00e9tudiants inscrits en Licence 3 et Master 1 ont, dans toutes les sp\u00e9cialit\u00e9s (Bi-Licence incluse), un <strong>stage obligatoire<\/strong>, dont la dur\u00e9e d\u00e9pend du niveau et du parcours (cf. <a href=\"https:\/\/wordpress-test.app.u-pariscite.fr\/linguistique\/modalites-stage\" rel=\"noopener noreferrer\">modalit\u00e9s par niveau et par parcours<\/a>).<\/p>\n<p>Les stages peuvent se faire de fa\u00e7on \u00ab\u00a0perl\u00e9e\u00a0\u00bb (un jour par semaine ou \u00e0 temps partiel). Tout stage de <strong>44 jours\/308 heures<\/strong> (cons\u00e9cutifs ou non) est <strong>obligatoirement r\u00e9mun\u00e9r\u00e9<\/strong>. Le nombre d\u2019heures de stage ne peut exce\u0301der <strong>924h<\/strong> par anne\u0301e universitaire.<\/p>\n<p>Informations suppl\u00e9mentaires sur vos droits et obligations en stage:\u00a0 <a href=\"https:\/\/wordpress-test.app.u-pariscite.fr\/stage-droits-et-obligations\/\" rel=\"noopener noreferrer\">droits et obligations des stages<\/a>.<\/p>\n<p>Pour toute question g\u00e9n\u00e9rale concernant le stage, veuillez contacter <a href=\"mailto:stage@wordpress-test.app.u-pariscite.fr\">stage@wordpress-test.app.u-pariscite.fr<\/a><\/p>\n<\/div>\n<\/div>\n<\/div>\n<p>[\/et_pb_text][\/et_pb_column][et_pb_column type=\u00a0\u00bb1_4&Prime;][\/et_pb_column][\/et_pb_row][et_pb_row][et_pb_column type=\u00a0\u00bb3_4&Prime;][et_pb_toggle _builder_version=\u00a0\u00bb3.22.1&Prime; title=\u00a0\u00bbTrouver un stage\u00a0\u00bb text_shadow_horizontal_length=\u00a0\u00bbtext_shadow_style,%91object Object%93&Prime; text_shadow_vertical_length=\u00a0\u00bbtext_shadow_style,%91object Object%93&Prime; text_shadow_blur_strength=\u00a0\u00bbtext_shadow_style,%91object Object%93&Prime; title_text_shadow_horizontal_length=\u00a0\u00bbtitle_text_shadow_style,%91object Object%93&Prime; title_text_shadow_vertical_length=\u00a0\u00bbtitle_text_shadow_style,%91object Object%93&Prime; title_text_shadow_blur_strength=\u00a0\u00bbtitle_text_shadow_style,%91object Object%93&Prime; body_text_shadow_horizontal_length=\u00a0\u00bbbody_text_shadow_style,%91object Object%93&Prime; body_text_shadow_vertical_length=\u00a0\u00bbbody_text_shadow_style,%91object Object%93&Prime; body_text_shadow_blur_strength=\u00a0\u00bbbody_text_shadow_style,%91object Object%93&Prime; z_index_tablet=\u00a0\u00bb500&Prime;]<\/p>\n<p>Pensez \u00e0 aller rencontrer les charg\u00e9s d&rsquo;orientation et d&rsquo;insertion professionnelle du <a href=\"https:\/\/wordpress-test.app.u-pariscite.fr\/orientation-et-insertion\/\" rel=\"noopener noreferrer\">P\u00f4le de l&rsquo;Orientation et de la Professionnalisation<\/a>\u00a0qui peuvent r\u00e9pondre \u00e0 vos questions, vous orienter pour trouver un stage ou vous aider avec les formalit\u00e9s administratives.<\/p>\n<p>Le choix du stage se fait en accord avec votre responsable p\u00e9dagogique de l&rsquo;ann\u00e9e, qui est l&rsquo;<strong><em>enseignant-r\u00e9f\u00e9rent<\/em><\/strong>.<\/p>\n<p>La recherche du stage est de la responsabilit\u00e9 des \u00e9tudiant.e.s, qui doivent effectuer une recherche active en contactant directement les entreprises, les \u00e9coles et les chercheurs et enseignants-chercheurs.<\/p>\n<p>Vous trouverez sur cette page les quelques stages offerts \u00e0 l&rsquo;UFR de Linguistique : \u00a0<strong><a href=\"https:\/\/wordpress-test.app.u-pariscite.fr\/linguistique\/offres-de-stage\/\" target=\"_blank\" rel=\"noopener noreferrer\">liste d&rsquo;offres de stages<\/a><\/strong>. Vous pouvez \u00e9galement contacter directement les enseignant.e.s de votre cursus.<\/p>\n<p>[\/et_pb_toggle][et_pb_toggle _builder_version=\u00a0\u00bb3.22.1&Prime; title=\u00a0\u00bbProc\u00e9dure pour \u00e9tablir la convention de stage\u00a0\u00bb text_shadow_horizontal_length=\u00a0\u00bbtext_shadow_style,%91object Object%93&Prime; text_shadow_vertical_length=\u00a0\u00bbtext_shadow_style,%91object Object%93&Prime; text_shadow_blur_strength=\u00a0\u00bbtext_shadow_style,%91object Object%93&Prime; title_text_shadow_horizontal_length=\u00a0\u00bbtitle_text_shadow_style,%91object Object%93&Prime; title_text_shadow_vertical_length=\u00a0\u00bbtitle_text_shadow_style,%91object Object%93&Prime; title_text_shadow_blur_strength=\u00a0\u00bbtitle_text_shadow_style,%91object Object%93&Prime; body_text_shadow_horizontal_length=\u00a0\u00bbbody_text_shadow_style,%91object Object%93&Prime; body_text_shadow_vertical_length=\u00a0\u00bbbody_text_shadow_style,%91object Object%93&Prime; body_text_shadow_blur_strength=\u00a0\u00bbbody_text_shadow_style,%91object Object%93&Prime; z_index_tablet=\u00a0\u00bb500&Prime;]<\/p>\n<ol>\n<li>Remplissez la convention via l&rsquo;application\u00a0<a href=\"https:\/\/pstage.app.wordpress-test.app.u-pariscite.fr\/esup-pstage\/stylesheets\/stage\/welcome.xhtml\" target=\"_blank\" rel=\"noopener noreferrer\">Pstage<\/a>.\n<ul>\n<li><a href=\"https:\/\/pstage.app.wordpress-test.app.u-pariscite.fr\/esup-pstage\/media\/docs\/FICHE_Aide_saisie_convention_PStage.docx\" target=\"_blank\" rel=\"noopener noreferrer\">Fiche pratique des informations n\u00e9cessaires pour compl\u00e9ter la convention de stage sur PStage<\/a><\/li>\n<li><a href=\"https:\/\/pstage.app.wordpress-test.app.u-pariscite.fr\/esup-pstage\/media\/docs\/Guide_etudiant_PStage.pdf\" target=\"_blank\" rel=\"noopener noreferrer\">Guide d&rsquo;utilisation de Pstage<\/a><\/li>\n<li>Pour comptabiliser le nombre d\u2019heures de pre\u0301sence d\u2019un stage :\n<ol>\n<li>Saisissez les dates de de\u0301but et de fin de stage sur le tableau du site : <a href=\"http:\/\/www.joursouvres.fr\/\">http:\/\/www.joursouvres.fr\/<\/a><\/li>\n<li>Si votre stage est a\u0300 temps plein : nombre de jours ouvre\u0301s*7= re\u0301sultat en nombre d\u2019heures a\u0300 temps plein<\/li>\n<li>Si votre stage est a\u0300 temps partiel : (re\u0301sultat a\u0300 temps plein\/35)*nombre d\u2019heures par semaine a\u0300 temps partiel = re\u0301sultat en nombre d\u2019heures a\u0300 temps partiel<br \/>Par exemple : votre stage de\u0301bute le 3 octobre 2016 et finit le 2 fe\u0301vrier 2017. Il est a\u0300 temps partiel, soit 20 heures hebdomadaires :<br \/>87 jours ouvre\u0301s* 7 heures = 609 heures a\u0300 temps plein<br \/>(609\/35)*20 = 348 heures a\u0300 temps partiel de 20 heures par semaine.<\/li>\n<\/ol>\n<\/li>\n<\/ul>\n<\/li>\n<li>Avant de commencer le circuit des signatures, envoyez un mail \u00e0 la scolarit\u00e9 (<a href=\"mailto:saida.brinis@wordpress-test.app.u-pariscite.fr\">saida.brinis@wordpress-test.app.u-pariscite.fr<\/a>) pour l&rsquo;en informer avant de commencer le circuit des signatures, qui v\u00e9rifiera sa conformit\u00e9.\u00a0<\/li>\n<li>Une fois les informations remplies et conformes sur Pstage, t\u00e9l\u00e9chargez la convention au format pdf, <strong>datez-l\u00e0<\/strong>, et faites-la signer, dans cet ordre :\n<ol>\n<li>par vous-m\u00eame<\/li>\n<li>par votre enseignant r\u00e9f\u00e9rent (le responsable p\u00e9dagogique de votre ann\u00e9e \/ parcours)<\/li>\n<li>dans l&rsquo;organisme d&rsquo;accueil du stage: par votre tuteur et par le repr\u00e9sentant l\u00e9gal de l&rsquo;organisme\n<div class=\"section\">\n<div class=\"layoutArea\">\n<div class=\"column\">\n<p>NB: Cas particulier d&rsquo;un stage dans un laboratoire de l&rsquo;universit\u00e9 : l&rsquo;organisme d&rsquo;accueil dans ce cas est l&rsquo;universit\u00e9 Paris Cit\u00e9, et le repr\u00e9sentant signataire est le.la directeur.ice du laboratoire. Donc par exemple pour un stage \u00e0 LLF, c\u2019est M. Olivier Bonami qui signe en tant que repr\u00e9sentant l\u00e9gal de l\u2019organisme d\u2019accueil. Mme. Sophie Lemp\u00e9ri\u00e8re (<a href=\"mailto:slemperi@linguist.univ-paris-diderot.fr\">slemperi@linguist.univ-paris-diderot.fr<\/a>), la gestionnaire financi\u00e8re du LLF est votre l\u2019interlocutrice concernant les pi\u00e8ces justificatives n\u00e9cessaires au paiement des gratifications de stage au sein de ce laboratoire.<br \/>Les informations \u00e0 saisir dans la convention sont dans ce cas:<br \/><strong>Nom<\/strong> : UNIVERSITE PARIS CITE<br \/><strong>Adresse<\/strong> : 85 boulevard Saint Germain 75006 PARIS FRANCE<br \/><strong>N\u00b0 Siret\/UAI<\/strong> : 13002573700011<br \/><strong>Repre\u0301sente\u0301 par (nom du repre\u0301sentant de l&rsquo;organisme d&rsquo;accueil ou du signataire par de\u0301le\u0301gation de la convention) :<\/strong><br \/>Mr BONAMI Olivier<br \/><strong>Qualite\u0301 du repre\u0301sentant<\/strong> : directeur du laboratoire<br \/><strong>Nom du service\/laboratoire dans lequel le stage sera effectue\u0301<\/strong> : LABORATOIRE DE LINGUISTIQUE FORMELLE<br \/>Te\u0301l : 01 57 27 82 49 Me\u0301l :<br \/><strong>Lieu du stage (si diffe\u0301rent de l&rsquo;adresse de l&rsquo;organisme)<\/strong> : Olympe de gouges 8, rue Albert Einstein 75013 PARIS FRANCE<\/p>\n<\/div>\n<\/div>\n<\/div>\n<\/li>\n<\/ol>\n<\/li>\n<li>Envoyez la version sign\u00e9e \u00e0 la scolarit\u00e9 (<a href=\"mailto:saida.brinis@wordpress-test.app.u-pariscite.fr\">saida.brinis@wordpress-test.app.u-pariscite.fr<\/a>), ainsi que votre <strong>attestation de s\u00e9curit\u00e9 sociale<\/strong> et <strong>attestation de responsabilit\u00e9 civile<\/strong> (avec la mention \u201ccouvert pour toute la dur\u00e9e du stage\u201d)<\/li>\n<li>Le bureau scolarit\u00e9 de l&rsquo;UFRL fait signer la convention par le.la directeur.ice de l&rsquo;UFRL (repr\u00e9sentant signataire de la convention par d\u00e9l\u00e9gation), puis la valide sur l&rsquo;application Pstage, et vous renvoie l&rsquo;envoie.<\/li>\n<li>Et enfin, envoyez la convention signe\u0301e par toutes les parties a\u0300 votre organisme d\u2019accueil.<\/li>\n<\/ol>\n<p><strong>Le stage ne peut pas commencer avant que toutes les parties n&rsquo;aient sign\u00e9. Il faut pr\u00e9voir un d\u00e9lai suffisant pour obtenir<\/strong> <strong>les signatures de l&#8217;employeur et de l&rsquo;enseignant r\u00e9f\u00e9rent.<br \/><\/strong><\/p>\n<p><strong>L\u2019attestation de s\u00e9curit\u00e9 sociale en France ainsi que l\u2019attestation de responsabilit\u00e9 civile couvrant vos activit\u00e9s pendant le stage sont \u00e9galement obligatoires pour commencer votre stage. <\/strong><\/p>\n<p>Vous trouverez plus d\u2019informations sur la protection sociale ici\u00a0: <a href=\"https:\/\/wordpress-test.app.u-pariscite.fr\/service-sante\/protection-sociale\/\">https:\/\/wordpress-test.app.u-pariscite.fr\/service-sante\/protection-sociale\/<\/a><\/p>\n<p>Vous venez d\u2019un pays \u00e9tranger\u00a0? Trouvez comment vous souscrire \u00e0 la s\u00e9curit\u00e9 sociale fran\u00e7aise\u00a0: <a href=\"https:\/\/www.ameli.fr\/paris\/assure\/droits-demarches\/etudes-stages\/etudiant\/vous-venez-etudier-en-france\">https:\/\/www.ameli.fr\/paris\/assure\/droits-demarches\/etudes-stages\/etudiant\/vous-venez-etudier-en-france<\/a><\/p>\n<p>Pour toute question compl\u00e9mentaire, veuillez contacter <a href=\"mailto:stage@wordpress-test.app.u-pariscite.fr\">stage@wordpress-test.app.u-pariscite.fr<\/a><\/p>\n<p><strong>\u00a0<\/strong><\/p>\n<p>[\/et_pb_toggle][et_pb_toggle _builder_version=\u00a0\u00bb3.22.1&Prime; title=\u00a0\u00bbValidation du stage\u00a0\u00bb text_shadow_horizontal_length=\u00a0\u00bbtext_shadow_style,%91object Object%93&Prime; text_shadow_vertical_length=\u00a0\u00bbtext_shadow_style,%91object Object%93&Prime; text_shadow_blur_strength=\u00a0\u00bbtext_shadow_style,%91object Object%93&Prime; title_text_shadow_horizontal_length=\u00a0\u00bbtitle_text_shadow_style,%91object Object%93&Prime; title_text_shadow_vertical_length=\u00a0\u00bbtitle_text_shadow_style,%91object Object%93&Prime; title_text_shadow_blur_strength=\u00a0\u00bbtitle_text_shadow_style,%91object Object%93&Prime; body_text_shadow_horizontal_length=\u00a0\u00bbbody_text_shadow_style,%91object Object%93&Prime; body_text_shadow_vertical_length=\u00a0\u00bbbody_text_shadow_style,%91object Object%93&Prime; body_text_shadow_blur_strength=\u00a0\u00bbbody_text_shadow_style,%91object Object%93&Prime; z_index_tablet=\u00a0\u00bb500&Prime;]<\/p>\n<p>Pour la plupart des formations de l&rsquo;UFRL, le stage n&rsquo;est pas not\u00e9 mais doit \u00eatre valid\u00e9, en faisant remplir\u00a0 <a href=\"https:\/\/cloud.parisdescartes.fr\/index.php\/s\/fFYAsk42szxs8Yg\">ce formulaire<\/a>\u00a0 par votre encadrant.e de stage, \u00e0 faire parvenir au service de scolarit\u00e9.<br \/>Voir cependant les <a href=\"https:\/\/wordpress-test.app.u-pariscite.fr\/linguistique\/modalites-stage\" rel=\"noopener noreferrer\">modalit\u00e9s propres \u00e0 chaque niveau et parcours<\/a>.<\/p>\n<p>[\/et_pb_toggle][\/et_pb_column][et_pb_column type=\u00a0\u00bb1_4&Prime;][\/et_pb_column][\/et_pb_row][et_pb_row][\/et_pb_row][\/et_pb_section][et_pb_section bb_built=\u00a0\u00bb1&Prime; specialty=\u00a0\u00bboff\u00a0\u00bb _builder_version=\u00a0\u00bb3.21&Prime; custom_padding=\u00a0\u00bb0px||0px|\u00a0\u00bb prev_background_color=\u00a0\u00bb#000000&Prime; inner_width=\u00a0\u00bbauto\u00a0\u00bb inner_max_width=\u00a0\u00bbnone\u00a0\u00bb][et_pb_row _builder_version=\u00a0\u00bb3.19.11&Prime; width=\u00a0\u00bb80%\u00a0\u00bb max_width=\u00a0\u00bb1080px\u00a0\u00bb][et_pb_column type=\u00a0\u00bb4_4&Prime;][et_pb_text admin_label=\u00a0\u00bb\u00c0 lire aussi\u00a0\u00bb _builder_version=\u00a0\u00bb3.21&Prime;]<\/p>\n<h2><span class=\"st\">\u00c0<\/span> lire aussi<\/h2>\n<p>[\/et_pb_text][et_pb_blog _builder_version=\u00a0\u00bb3.21&Prime; posts_number=\u00a0\u00bb4&Prime; include_categories=\u00a0\u00bb13&Prime; show_author=\u00a0\u00bboff\u00a0\u00bb show_date=\u00a0\u00bboff\u00a0\u00bb show_pagination=\u00a0\u00bboff\u00a0\u00bb border_width_bottom_fullwidth=\u00a0\u00bb1px\u00a0\u00bb border_color_bottom_fullwidth=\u00a0\u00bbrgba(51,51,51,0.18)\u00a0\u00bb custom_padding=\u00a0\u00bb||50px|\u00a0\u00bb module_id=\u00a0\u00bbpage_type_blog\u00a0\u00bb header_level=\u00a0\u00bbh4&Prime; \/][\/et_pb_column][\/et_pb_row][\/et_pb_section]<\/p>\n","protected":false},"excerpt":{"rendered":"<div class=\"et_pb_row et_pb_row_0 et_pb_row_empty\"><\/div>\n<div class=\"et_pb_row et_pb_row_1 et_pb_row_empty\"><\/div>\n<p> Les \u00e9tudiants inscrits en Licence 3 et Master 1 ont, dans toutes les sp\u00e9cialit\u00e9s (Bi-Licence incluse), un stage obligatoire, dont la dur\u00e9e d\u00e9pend du niveau et du parcours (cf. modalit\u00e9s par niveau et par parcours).Les stages peuvent se faire de fa\u00e7on \u00ab\u00a0perl\u00e9e\u00a0\u00bb (un jour par semaine ou \u00e0 temps partiel). Tout stage de 44&hellip; <a class=\"continue\" href=\"https:\/\/wordpress-test.app.u-pariscite.fr\/linguistique\/procedure-pour-effectuer-un-stage\/\">Lire la suite<span> Proc\u00e9dure pour effectuer un stage<\/span><\/a><\/p>\n","protected":false},"author":323,"featured_media":0,"parent":0,"menu_order":0,"comment_status":"closed","ping_status":"closed","template":"","meta":{"_et_pb_use_builder":"on","_et_pb_old_content":"","_et_gb_content_width":"","footnotes":""},"class_list":["post-321","page","type-page","status-publish","hentry"],"_links":{"self":[{"href":"https:\/\/wordpress-test.app.u-pariscite.fr\/linguistique\/wp-json\/wp\/v2\/pages\/321","targetHints":{"allow":["GET"]}}],"collection":[{"href":"https:\/\/wordpress-test.app.u-pariscite.fr\/linguistique\/wp-json\/wp\/v2\/pages"}],"about":[{"href":"https:\/\/wordpress-test.app.u-pariscite.fr\/linguistique\/wp-json\/wp\/v2\/types\/page"}],"author":[{"embeddable":true,"href":"https:\/\/wordpress-test.app.u-pariscite.fr\/linguistique\/wp-json\/wp\/v2\/users\/323"}],"replies":[{"embeddable":true,"href":"https:\/\/wordpress-test.app.u-pariscite.fr\/linguistique\/wp-json\/wp\/v2\/comments?post=321"}],"version-history":[{"count":32,"href":"https:\/\/wordpress-test.app.u-pariscite.fr\/linguistique\/wp-json\/wp\/v2\/pages\/321\/revisions"}],"predecessor-version":[{"id":2991,"href":"https:\/\/wordpress-test.app.u-pariscite.fr\/linguistique\/wp-json\/wp\/v2\/pages\/321\/revisions\/2991"}],"wp:attachment":[{"href":"https:\/\/wordpress-test.app.u-pariscite.fr\/linguistique\/wp-json\/wp\/v2\/media?parent=321"}],"curies":[{"name":"wp","href":"https:\/\/api.w.org\/{rel}","templated":true}]}}