{"id":1830,"date":"2021-09-14T10:44:17","date_gmt":"2021-09-14T08:44:17","guid":{"rendered":"https:\/\/wordpress-test.app.u-pariscite.fr\/linguistique\/?page_id=1830"},"modified":"2022-02-21T12:15:57","modified_gmt":"2022-02-21T11:15:57","slug":"doctoral-school-in-language-sciences-ed-622","status":"publish","type":"page","link":"https:\/\/wordpress-test.app.u-pariscite.fr\/linguistique\/en\/doctoral-school-in-language-sciences-ed-622\/","title":{"rendered":"Doctoral school in Language Sciences (ED 622)"},"content":{"rendered":"<p>[et_pb_section bb_built=\u00a0\u00bb1&Prime; inner_width=\u00a0\u00bbauto\u00a0\u00bb inner_max_width=\u00a0\u00bbnone\u00a0\u00bb][et_pb_row][et_pb_column type=\u00a0\u00bb4_4&Prime;][et_pb_post_title admin_label=\u00a0\u00bbTitre de la page\u00a0\u00bb _builder_version=\u00a0\u00bb3.19.11&Prime; meta=\u00a0\u00bboff\u00a0\u00bb featured_image=\u00a0\u00bboff\u00a0\u00bb \/][\/et_pb_column][\/et_pb_row][et_pb_row][et_pb_column type=\u00a0\u00bb3_4&Prime;][et_pb_text admin_label=\u00a0\u00bbIntro\u00a0\u00bb _builder_version=\u00a0\u00bb3.22.1&Prime; module_id=\u00a0\u00bbintro\u00a0\u00bb text_text_shadow_horizontal_length=\u00a0\u00bbtext_text_shadow_style,%91object Object%93&Prime; text_text_shadow_vertical_length=\u00a0\u00bbtext_text_shadow_style,%91object Object%93&Prime; text_text_shadow_blur_strength=\u00a0\u00bbtext_text_shadow_style,%91object Object%93&Prime; link_text_shadow_horizontal_length=\u00a0\u00bblink_text_shadow_style,%91object Object%93&Prime; link_text_shadow_vertical_length=\u00a0\u00bblink_text_shadow_style,%91object Object%93&Prime; link_text_shadow_blur_strength=\u00a0\u00bblink_text_shadow_style,%91object Object%93&Prime; ul_text_shadow_horizontal_length=\u00a0\u00bbul_text_shadow_style,%91object Object%93&Prime; ul_text_shadow_vertical_length=\u00a0\u00bbul_text_shadow_style,%91object Object%93&Prime; ul_text_shadow_blur_strength=\u00a0\u00bbul_text_shadow_style,%91object Object%93&Prime; ol_text_shadow_horizontal_length=\u00a0\u00bbol_text_shadow_style,%91object Object%93&Prime; ol_text_shadow_vertical_length=\u00a0\u00bbol_text_shadow_style,%91object Object%93&Prime; ol_text_shadow_blur_strength=\u00a0\u00bbol_text_shadow_style,%91object Object%93&Prime; quote_text_shadow_horizontal_length=\u00a0\u00bbquote_text_shadow_style,%91object Object%93&Prime; quote_text_shadow_vertical_length=\u00a0\u00bbquote_text_shadow_style,%91object Object%93&Prime; quote_text_shadow_blur_strength=\u00a0\u00bbquote_text_shadow_style,%91object Object%93&Prime; header_text_shadow_horizontal_length=\u00a0\u00bbheader_text_shadow_style,%91object Object%93&Prime; header_text_shadow_vertical_length=\u00a0\u00bbheader_text_shadow_style,%91object Object%93&Prime; header_text_shadow_blur_strength=\u00a0\u00bbheader_text_shadow_style,%91object Object%93&Prime; header_2_text_shadow_horizontal_length=\u00a0\u00bbheader_2_text_shadow_style,%91object Object%93&Prime; header_2_text_shadow_vertical_length=\u00a0\u00bbheader_2_text_shadow_style,%91object Object%93&Prime; header_2_text_shadow_blur_strength=\u00a0\u00bbheader_2_text_shadow_style,%91object Object%93&Prime; header_3_text_shadow_horizontal_length=\u00a0\u00bbheader_3_text_shadow_style,%91object Object%93&Prime; header_3_text_shadow_vertical_length=\u00a0\u00bbheader_3_text_shadow_style,%91object Object%93&Prime; header_3_text_shadow_blur_strength=\u00a0\u00bbheader_3_text_shadow_style,%91object Object%93&Prime; header_4_text_shadow_horizontal_length=\u00a0\u00bbheader_4_text_shadow_style,%91object Object%93&Prime; header_4_text_shadow_vertical_length=\u00a0\u00bbheader_4_text_shadow_style,%91object Object%93&Prime; header_4_text_shadow_blur_strength=\u00a0\u00bbheader_4_text_shadow_style,%91object Object%93&Prime; header_5_text_shadow_horizontal_length=\u00a0\u00bbheader_5_text_shadow_style,%91object Object%93&Prime; header_5_text_shadow_vertical_length=\u00a0\u00bbheader_5_text_shadow_style,%91object Object%93&Prime; header_5_text_shadow_blur_strength=\u00a0\u00bbheader_5_text_shadow_style,%91object Object%93&Prime; header_6_text_shadow_horizontal_length=\u00a0\u00bbheader_6_text_shadow_style,%91object Object%93&Prime; header_6_text_shadow_vertical_length=\u00a0\u00bbheader_6_text_shadow_style,%91object Object%93&Prime; header_6_text_shadow_blur_strength=\u00a0\u00bbheader_6_text_shadow_style,%91object Object%93&Prime; z_index_tablet=\u00a0\u00bb500&Prime;]<\/p>\n<div class=\"page\" title=\"Page 1\">\n<div class=\"layoutArea\">\n<div class=\"column\">\n<div class=\"et_pb_column et_pb_column_4_4 et_pb_column_1 et_pb_css_mix_blend_mode_passthrough et-last-child\">\n<div class=\"et_pb_module et_pb_text et_pb_text_0 et_pb_bg_layout_light et_pb_text_align_left\">\n<div class=\"et_pb_text_inner\">\n<div class=\"et_pb_column et_pb_column_4_4 et_pb_column_1 et_pb_css_mix_blend_mode_passthrough et-last-child\">\n<div class=\"et_pb_module et_pb_text et_pb_text_0 et_pb_bg_layout_light et_pb_text_align_left\">\n<div class=\"et_pb_text_inner\">\n<div class=\"et_pb_module et_pb_text et_pb_text_0 et_pb_bg_layout_light et_pb_text_align_left\">\n<div class=\"et_pb_text_inner\">\n<p><a class=\"wikilink1\" title=\"lien\" href=\"https:\/\/wordpress-test.app.u-pariscite.fr\/linguistique\/en\/emergence-covid-2\/\">SANT\u00c9 \u2013 AIDES \u2013 Covid-19<\/a><\/p>\n<p><a class=\"wikilink1\" title=\"mooc\" href=\"https:\/\/wordpress-test.app.u-pariscite.fr\/linguistique\/?page_id=874&amp;preview=true\">MOOCs pour le confinement (et au-del\u00e0\u2026.)<\/a><\/p>\n<\/div>\n<\/div>\n<\/div>\n<\/div>\n<\/div>\n<\/div>\n<\/div>\n<\/div>\n<\/div>\n<\/div>\n<\/div>\n<p>[\/et_pb_text][\/et_pb_column][et_pb_column type=\u00a0\u00bb1_4&Prime;][\/et_pb_column][\/et_pb_row][et_pb_row _builder_version=\u00a0\u00bb3.19.11&Prime; module_id=\u00a0\u00bbimage-page-type\u00a0\u00bb width=\u00a0\u00bb80%\u00a0\u00bb max_width=\u00a0\u00bb1080px\u00a0\u00bb][et_pb_column type=\u00a0\u00bb3_4&Prime;][et_pb_image admin_label=\u00a0\u00bbImage 1920 x 1080&Prime; _builder_version=\u00a0\u00bb3.22.1&Prime; src=\u00a0\u00bbhttps:\/\/wordpress-test.app.u-pariscite.fr\/linguistique\/wp-content\/uploads\/sites\/44\/2021\/09\/masterLinguistique.jpg\u00a0\u00bb module_id=\u00a0\u00bbimage-page\u00a0\u00bb z_index_tablet=\u00a0\u00bb500&Prime; \/][\/et_pb_column][et_pb_column type=\u00a0\u00bb1_4&Prime;][et_pb_text admin_label=\u00a0\u00bbL\u00e9gende image\u00a0\u00bb _builder_version=\u00a0\u00bb3.22.1&Prime; module_id=\u00a0\u00bbtexte-image\u00a0\u00bb custom_margin=\u00a0\u00bb|-15px||\u00a0\u00bb text_text_shadow_horizontal_length=\u00a0\u00bbtext_text_shadow_style,%91object Object%93&Prime; text_text_shadow_vertical_length=\u00a0\u00bbtext_text_shadow_style,%91object Object%93&Prime; text_text_shadow_blur_strength=\u00a0\u00bbtext_text_shadow_style,%91object Object%93&Prime; link_text_shadow_horizontal_length=\u00a0\u00bblink_text_shadow_style,%91object Object%93&Prime; link_text_shadow_vertical_length=\u00a0\u00bblink_text_shadow_style,%91object Object%93&Prime; link_text_shadow_blur_strength=\u00a0\u00bblink_text_shadow_style,%91object Object%93&Prime; ul_text_shadow_horizontal_length=\u00a0\u00bbul_text_shadow_style,%91object Object%93&Prime; ul_text_shadow_vertical_length=\u00a0\u00bbul_text_shadow_style,%91object Object%93&Prime; ul_text_shadow_blur_strength=\u00a0\u00bbul_text_shadow_style,%91object Object%93&Prime; ol_text_shadow_horizontal_length=\u00a0\u00bbol_text_shadow_style,%91object Object%93&Prime; ol_text_shadow_vertical_length=\u00a0\u00bbol_text_shadow_style,%91object Object%93&Prime; ol_text_shadow_blur_strength=\u00a0\u00bbol_text_shadow_style,%91object Object%93&Prime; quote_text_shadow_horizontal_length=\u00a0\u00bbquote_text_shadow_style,%91object Object%93&Prime; quote_text_shadow_vertical_length=\u00a0\u00bbquote_text_shadow_style,%91object Object%93&Prime; quote_text_shadow_blur_strength=\u00a0\u00bbquote_text_shadow_style,%91object Object%93&Prime; header_text_shadow_horizontal_length=\u00a0\u00bbheader_text_shadow_style,%91object Object%93&Prime; header_text_shadow_vertical_length=\u00a0\u00bbheader_text_shadow_style,%91object Object%93&Prime; header_text_shadow_blur_strength=\u00a0\u00bbheader_text_shadow_style,%91object Object%93&Prime; header_2_text_shadow_horizontal_length=\u00a0\u00bbheader_2_text_shadow_style,%91object Object%93&Prime; header_2_text_shadow_vertical_length=\u00a0\u00bbheader_2_text_shadow_style,%91object Object%93&Prime; header_2_text_shadow_blur_strength=\u00a0\u00bbheader_2_text_shadow_style,%91object Object%93&Prime; header_3_text_shadow_horizontal_length=\u00a0\u00bbheader_3_text_shadow_style,%91object Object%93&Prime; header_3_text_shadow_vertical_length=\u00a0\u00bbheader_3_text_shadow_style,%91object Object%93&Prime; header_3_text_shadow_blur_strength=\u00a0\u00bbheader_3_text_shadow_style,%91object Object%93&Prime; header_4_text_shadow_horizontal_length=\u00a0\u00bbheader_4_text_shadow_style,%91object Object%93&Prime; header_4_text_shadow_vertical_length=\u00a0\u00bbheader_4_text_shadow_style,%91object Object%93&Prime; header_4_text_shadow_blur_strength=\u00a0\u00bbheader_4_text_shadow_style,%91object Object%93&Prime; header_5_text_shadow_horizontal_length=\u00a0\u00bbheader_5_text_shadow_style,%91object Object%93&Prime; header_5_text_shadow_vertical_length=\u00a0\u00bbheader_5_text_shadow_style,%91object Object%93&Prime; header_5_text_shadow_blur_strength=\u00a0\u00bbheader_5_text_shadow_style,%91object Object%93&Prime; header_6_text_shadow_horizontal_length=\u00a0\u00bbheader_6_text_shadow_style,%91object Object%93&Prime; header_6_text_shadow_vertical_length=\u00a0\u00bbheader_6_text_shadow_style,%91object Object%93&Prime; header_6_text_shadow_blur_strength=\u00a0\u00bbheader_6_text_shadow_style,%91object Object%93&Prime; z_index_tablet=\u00a0\u00bb500&Prime; \/][\/et_pb_column][\/et_pb_row][et_pb_row][et_pb_column type=\u00a0\u00bb4_4&Prime;][et_pb_text admin_label=\u00a0\u00bbCopyright\u00a0\u00bb _builder_version=\u00a0\u00bb3.22.1&Prime; module_id=\u00a0\u00bblegende\u00a0\u00bb text_text_shadow_horizontal_length=\u00a0\u00bbtext_text_shadow_style,%91object Object%93&Prime; text_text_shadow_vertical_length=\u00a0\u00bbtext_text_shadow_style,%91object Object%93&Prime; text_text_shadow_blur_strength=\u00a0\u00bbtext_text_shadow_style,%91object Object%93&Prime; link_text_shadow_horizontal_length=\u00a0\u00bblink_text_shadow_style,%91object Object%93&Prime; link_text_shadow_vertical_length=\u00a0\u00bblink_text_shadow_style,%91object Object%93&Prime; link_text_shadow_blur_strength=\u00a0\u00bblink_text_shadow_style,%91object Object%93&Prime; ul_text_shadow_horizontal_length=\u00a0\u00bbul_text_shadow_style,%91object Object%93&Prime; ul_text_shadow_vertical_length=\u00a0\u00bbul_text_shadow_style,%91object Object%93&Prime; ul_text_shadow_blur_strength=\u00a0\u00bbul_text_shadow_style,%91object Object%93&Prime; ol_text_shadow_horizontal_length=\u00a0\u00bbol_text_shadow_style,%91object Object%93&Prime; ol_text_shadow_vertical_length=\u00a0\u00bbol_text_shadow_style,%91object Object%93&Prime; ol_text_shadow_blur_strength=\u00a0\u00bbol_text_shadow_style,%91object Object%93&Prime; quote_text_shadow_horizontal_length=\u00a0\u00bbquote_text_shadow_style,%91object Object%93&Prime; quote_text_shadow_vertical_length=\u00a0\u00bbquote_text_shadow_style,%91object Object%93&Prime; quote_text_shadow_blur_strength=\u00a0\u00bbquote_text_shadow_style,%91object Object%93&Prime; header_text_shadow_horizontal_length=\u00a0\u00bbheader_text_shadow_style,%91object Object%93&Prime; header_text_shadow_vertical_length=\u00a0\u00bbheader_text_shadow_style,%91object Object%93&Prime; header_text_shadow_blur_strength=\u00a0\u00bbheader_text_shadow_style,%91object Object%93&Prime; header_2_text_shadow_horizontal_length=\u00a0\u00bbheader_2_text_shadow_style,%91object Object%93&Prime; header_2_text_shadow_vertical_length=\u00a0\u00bbheader_2_text_shadow_style,%91object Object%93&Prime; header_2_text_shadow_blur_strength=\u00a0\u00bbheader_2_text_shadow_style,%91object Object%93&Prime; header_3_text_shadow_horizontal_length=\u00a0\u00bbheader_3_text_shadow_style,%91object Object%93&Prime; header_3_text_shadow_vertical_length=\u00a0\u00bbheader_3_text_shadow_style,%91object Object%93&Prime; header_3_text_shadow_blur_strength=\u00a0\u00bbheader_3_text_shadow_style,%91object Object%93&Prime; header_4_text_shadow_horizontal_length=\u00a0\u00bbheader_4_text_shadow_style,%91object Object%93&Prime; header_4_text_shadow_vertical_length=\u00a0\u00bbheader_4_text_shadow_style,%91object Object%93&Prime; header_4_text_shadow_blur_strength=\u00a0\u00bbheader_4_text_shadow_style,%91object Object%93&Prime; header_5_text_shadow_horizontal_length=\u00a0\u00bbheader_5_text_shadow_style,%91object Object%93&Prime; header_5_text_shadow_vertical_length=\u00a0\u00bbheader_5_text_shadow_style,%91object Object%93&Prime; header_5_text_shadow_blur_strength=\u00a0\u00bbheader_5_text_shadow_style,%91object Object%93&Prime; header_6_text_shadow_horizontal_length=\u00a0\u00bbheader_6_text_shadow_style,%91object Object%93&Prime; header_6_text_shadow_vertical_length=\u00a0\u00bbheader_6_text_shadow_style,%91object Object%93&Prime; header_6_text_shadow_blur_strength=\u00a0\u00bbheader_6_text_shadow_style,%91object Object%93&Prime; z_index_tablet=\u00a0\u00bb500&Prime;]<\/p>\n<div class=\"page\" title=\"Page 1\">\n<div class=\"layoutArea\">\n<div class=\"column\">\n<p>\u00a9 Universit\u00e9 Paris Cit\u00e9<\/p>\n<\/div>\n<\/div>\n<\/div>\n<p>[\/et_pb_text][\/et_pb_column][\/et_pb_row][et_pb_row][et_pb_column type=\u00a0\u00bb3_4&Prime;][et_pb_text _builder_version=\u00a0\u00bb3.22.1&Prime; module_id=\u00a0\u00bbcontenu\u00a0\u00bb text_text_shadow_horizontal_length=\u00a0\u00bbtext_text_shadow_style,%91object Object%93&Prime; text_text_shadow_vertical_length=\u00a0\u00bbtext_text_shadow_style,%91object Object%93&Prime; text_text_shadow_blur_strength=\u00a0\u00bbtext_text_shadow_style,%91object Object%93&Prime; link_text_shadow_horizontal_length=\u00a0\u00bblink_text_shadow_style,%91object Object%93&Prime; link_text_shadow_vertical_length=\u00a0\u00bblink_text_shadow_style,%91object Object%93&Prime; link_text_shadow_blur_strength=\u00a0\u00bblink_text_shadow_style,%91object Object%93&Prime; ul_text_shadow_horizontal_length=\u00a0\u00bbul_text_shadow_style,%91object Object%93&Prime; ul_text_shadow_vertical_length=\u00a0\u00bbul_text_shadow_style,%91object Object%93&Prime; ul_text_shadow_blur_strength=\u00a0\u00bbul_text_shadow_style,%91object Object%93&Prime; ol_text_shadow_horizontal_length=\u00a0\u00bbol_text_shadow_style,%91object Object%93&Prime; ol_text_shadow_vertical_length=\u00a0\u00bbol_text_shadow_style,%91object Object%93&Prime; ol_text_shadow_blur_strength=\u00a0\u00bbol_text_shadow_style,%91object Object%93&Prime; quote_text_shadow_horizontal_length=\u00a0\u00bbquote_text_shadow_style,%91object Object%93&Prime; quote_text_shadow_vertical_length=\u00a0\u00bbquote_text_shadow_style,%91object Object%93&Prime; quote_text_shadow_blur_strength=\u00a0\u00bbquote_text_shadow_style,%91object Object%93&Prime; header_text_shadow_horizontal_length=\u00a0\u00bbheader_text_shadow_style,%91object Object%93&Prime; header_text_shadow_vertical_length=\u00a0\u00bbheader_text_shadow_style,%91object Object%93&Prime; header_text_shadow_blur_strength=\u00a0\u00bbheader_text_shadow_style,%91object Object%93&Prime; header_2_text_shadow_horizontal_length=\u00a0\u00bbheader_2_text_shadow_style,%91object Object%93&Prime; header_2_text_shadow_vertical_length=\u00a0\u00bbheader_2_text_shadow_style,%91object Object%93&Prime; header_2_text_shadow_blur_strength=\u00a0\u00bbheader_2_text_shadow_style,%91object Object%93&Prime; header_3_text_shadow_horizontal_length=\u00a0\u00bbheader_3_text_shadow_style,%91object Object%93&Prime; header_3_text_shadow_vertical_length=\u00a0\u00bbheader_3_text_shadow_style,%91object Object%93&Prime; header_3_text_shadow_blur_strength=\u00a0\u00bbheader_3_text_shadow_style,%91object Object%93&Prime; header_4_text_shadow_horizontal_length=\u00a0\u00bbheader_4_text_shadow_style,%91object Object%93&Prime; header_4_text_shadow_vertical_length=\u00a0\u00bbheader_4_text_shadow_style,%91object Object%93&Prime; header_4_text_shadow_blur_strength=\u00a0\u00bbheader_4_text_shadow_style,%91object Object%93&Prime; header_5_text_shadow_horizontal_length=\u00a0\u00bbheader_5_text_shadow_style,%91object Object%93&Prime; header_5_text_shadow_vertical_length=\u00a0\u00bbheader_5_text_shadow_style,%91object Object%93&Prime; header_5_text_shadow_blur_strength=\u00a0\u00bbheader_5_text_shadow_style,%91object Object%93&Prime; header_6_text_shadow_horizontal_length=\u00a0\u00bbheader_6_text_shadow_style,%91object Object%93&Prime; header_6_text_shadow_vertical_length=\u00a0\u00bbheader_6_text_shadow_style,%91object Object%93&Prime; header_6_text_shadow_blur_strength=\u00a0\u00bbheader_6_text_shadow_style,%91object Object%93&Prime; z_index_tablet=\u00a0\u00bb500&Prime;]<\/p>\n<h3 id=\"informations_generales_pour_la_composante_universite_de_paris\" class=\"sectionedit2\">General information for the component \u201cUniversit\u00e9 Paris Cit\u00e9\u201d<\/h3>\n<div class=\"level2\">\n<p>The doctoral school in Language Sciences relies on several education units and on the research carried out in different research teams. \u00a0<\/p>\n<h4>Education units :<\/h4>\n<ul>\n<li class=\"level1\">\n<div class=\"li\"><a class=\"urlextern\" title=\"https:\/\/etudesanglophones.univ-paris-diderot.fr\/\" href=\"https:\/\/etudesanglophones.univ-paris-diderot.fr\/\" target=\"_blank\" rel=\"nofollow noopener noreferrer\">UFR \u00c9tudes Anglophones<\/a><\/div>\n<\/li>\n<li class=\"level1\">\n<div class=\"li\"><a href=\"https:\/\/wordpress-test.app.u-pariscite.fr\/eila\/\" target=\"_blank\" rel=\"noopener noreferrer\">UFR d\u2019\u00c9tudes Interculturelles de Langues Appliqu\u00e9es<\/a> (EILA)<\/div>\n<\/li>\n<li class=\"level1\">\n<div class=\"li\"><a class=\"urlextern\" title=\"http:\/\/www.linguist.univ-paris-diderot.fr\" href=\"http:\/\/www.linguist.univ-paris-diderot.fr\/\" target=\"_blank\" rel=\"nofollow noopener noreferrer\">UFR Linguistique<\/a><\/div>\n<\/li>\n<li class=\"level1\">\n<div class=\"li\"><a class=\"urlextern\" title=\"https:\/\/www.shs.parisdescartes.fr\/masters\/master-sciences-du-langage\/\" href=\"https:\/\/www.shs.parisdescartes.fr\/masters\/master-sciences-du-langage\/\" target=\"_blank\" rel=\"nofollow noopener noreferrer\">D\u00e9partement Sciences du Langage<\/a><\/div>\n<\/li>\n<\/ul>\n<h4>\u00a0<\/h4>\n<h4 class=\"li\">Research teams :<\/h4>\n<ul>\n<li class=\"level1\">\n<div class=\"li\"><a class=\"urlextern\" title=\"http:\/\/www.clillac-arp.univ-paris-diderot.fr\" href=\"http:\/\/www.clillac-arp.univ-paris-diderot.fr\/\" target=\"_blank\" rel=\"nofollow noopener noreferrer\">Centre de Linguistique Inter-langues, de Lexicologie, de Linguistique Anglaise et de Corpus et Atelier de Recherche sur la Parole (CLILLAC-ARP, EA 3967)<\/a><\/div>\n<\/li>\n<li class=\"level1\">\n<div class=\"li\"><a class=\"urlextern\" title=\"http:\/\/htl.linguist.univ-paris-diderot.fr\" href=\"http:\/\/htl.linguist.univ-paris-diderot.fr\/\" target=\"_blank\" rel=\"nofollow noopener noreferrer\">Laboratoire d\u2019Histoire des Th\u00e9ories Linguistiques (HTL, UMR 7597)<\/a><\/div>\n<\/li>\n<li class=\"level1\">\n<div class=\"li\"><a class=\"urlextern\" title=\"http:\/\/www.llf.cnrs.fr\" href=\"http:\/\/www.llf.cnrs.fr\/\" target=\"_blank\" rel=\"nofollow noopener noreferrer\">Laboratoire de Linguistique Formelle (LLF, UMR 7110)<\/a><\/div>\n<\/li>\n<li class=\"level1\">\n<div class=\"li\"><a class=\"urlextern\" title=\"https:\/\/www.shs.parisdescartes.fr\/laboratoires\/ceped\/\" href=\"https:\/\/www.shs.parisdescartes.fr\/laboratoires\/ceped\/\" target=\"_blank\" rel=\"nofollow noopener noreferrer\">Centre population et d\u00e9veloppement (CEPED, UMR 196)<\/a><\/div>\n<\/li>\n<li class=\"level1\">\n<div class=\"li\"><a class=\"urlextern\" title=\"http:\/\/www.cerlis.eu\/\" href=\"http:\/\/www.cerlis.eu\/\" target=\"_blank\" rel=\"nofollow noopener noreferrer\">Centre de recherche sur les liens sociaux (CERLIS, UMR 8070)<\/a><\/div>\n<\/li>\n<li class=\"level1\">\n<div class=\"li\"><a class=\"urlextern\" title=\"http:\/\/eda.recherche.parisdescartes.fr\/\" href=\"http:\/\/eda.recherche.parisdescartes.fr\/\" target=\"_blank\" rel=\"nofollow noopener noreferrer\">Laboratoire de recherches en \u00e9ducation (EDA, EA 4071)<\/a><\/div>\n<\/li>\n<li class=\"level1\">\n<div class=\"li\"><a class=\"urlextern\" title=\"http:\/\/philosophieparisdescartes.fr\/\" href=\"http:\/\/philosophieparisdescartes.fr\/\" target=\"_blank\" rel=\"nofollow noopener noreferrer\">Centre de philosophie, d\u2019\u00e9pist\u00e9mologie et de politique (PHIL\u00e9POL, EA 7538)<\/a><\/div>\n<\/li>\n<\/ul>\n<h4>Doctoral degrees :<\/h4>\n<ul>\n<li><strong>PhD in Linguistics<\/strong>\u00a0: Theoretical, descriptive, and experimental linguistics (phonetics, phonology, morphology, syntax, semantics, pragmatics); Computational linguistics; Linguistic typology, language diversity; History and epistemology of language sciences; French as a second language.<\/li>\n<li><strong>PhD in English linguistics<\/strong><\/li>\n<li><strong>PhD in Translation sciences<\/strong> : Natural Language Processing; translation sciences\u00a0<\/li>\n<li><strong>PhD in Language\u00a0Sciences\u00a0<\/strong><\/li>\n<\/ul>\n<h4 id=\"objectifs_de_la_formation\" class=\"sectionedit3\">Training goals :<\/h4>\n<p>The goal of the doctoral school in Language Sciences is to train linguists who are capable of describing and analysing a wide variety of language phenomena in a wide variety of languages, using different theoretical frameworks and experimental approaches. In addition to research training, future PhDs from ED 622 are oriented towards applied fields (language industries, speech technologies, language teaching, language rehabilitation and others).<\/p>\n<p>Half of the graduates will be teachers or researchers in languages or linguistics, and half will be professionals working in the field of new communication technologies or the language industries, or in the distribution or creation of oral or written language resources.<\/p>\n<h4>Seminars :<\/h4>\n<ul>\n<li class=\"level1\">\n<div class=\"li\"><a href=\"https:\/\/wordpress-test.app.u-pariscite.fr\/linguistique\/?page_id=791&amp;preview=true\" target=\"_blank\" rel=\"noopener noreferrer\">S\u00e9minaires de l\u2019\u00c9cole Doctorale \u201cSciences du Langage\u201d (ED 132)<\/a><\/div>\n<\/li>\n<li><a href=\"http:\/\/www.llf.cnrs.fr\/seminaire-doctoral-sfl-llf\" target=\"_blank\" rel=\"noopener noreferrer\">S\u00e9minaire des doctorant.e.s SFL-LLF<\/a><\/li>\n<li><a href=\"http:\/\/www.llf.cnrs.fr\/fr\/MorDev\" target=\"_blank\" rel=\"noopener noreferrer\">S\u00e9minaires MorDev (LLF)<\/a>\u00a0\u00a0<\/li>\n<li class=\"level1\">\n<div class=\"li\"><a href=\"http:\/\/www.inalco.fr\/recherche\/plidam\/seminaires\" target=\"_blank\" rel=\"noopener noreferrer\">S\u00e9minaire doctoral <em>PLIDAM, Inalco<\/em><\/a><\/div>\n<\/li>\n<li class=\"level1\">\n<div class=\"li\">Coll\u00e8ge de France: <a class=\"urlextern\" title=\"https:\/\/www.college-de-france.fr\/site\/formation-doctorants\/index.htm\" href=\"https:\/\/www.college-de-france.fr\/site\/formation-doctorants\/index.htm\" target=\"_blank\" rel=\"nofollow noopener noreferrer\">Accueil Ecoles doctorales<\/a><\/div>\n<\/li>\n<\/ul>\n<h4 class=\"li\">Access :<\/h4>\n<div class=\"level2\">\n<p><strong>\u201cOlympe de Gouges\u201d building, 8 Place Paul Ricoeur, 75013 Paris<\/strong><br \/><strong>Offices 523 and 525<\/strong><br \/><a class=\"urlextern\" title=\"https:\/\/goo.gl\/maps\/gLs5QEaMATVAtcaT7\" href=\"https:\/\/goo.gl\/maps\/gLs5QEaMATVAtcaT7\" target=\"_blank\" rel=\"nofollow noopener noreferrer\">Plan<\/a><\/p>\n<p>The nearer stations are : Biblioth\u00e8que Fran\u00e7ois Mitterrand (M\u00e9tro ligne 14; RER C), Avenue de France (tram T3; Bus 89).<\/p>\n<\/div>\n<\/div>\n<p>[\/et_pb_text][\/et_pb_column][et_pb_column type=\u00a0\u00bb1_4&Prime;][\/et_pb_column][\/et_pb_row][\/et_pb_section]<\/p>\n","protected":false},"excerpt":{"rendered":"<div class=\"et_pb_row et_pb_row_0 et_pb_row_empty\"><\/div>\n<div class=\"et_pb_row et_pb_row_1 et_pb_row_empty\"><\/div>\n<p> SANT\u00c9 \u2013 AIDES \u2013 Covid-19 MOOCs pour le confinement (et au-del\u00e0\u2026.) <\/p>\n<div class=\"et_pb_row et_pb_row_2 et_pb_row_empty\"><\/div>\n<p> \u00a9 Universit\u00e9 Paris Cit\u00e9 <\/p>\n<div class=\"et_pb_row et_pb_row_3 et_pb_row_empty\"><\/div>\n<p> General information for the component \u201cUniversit\u00e9 Paris Cit\u00e9\u201d The doctoral school in Language Sciences relies on several education units and on the research carried out in different research teams. \u00a0 Education units : UFR \u00c9tudes Anglophones UFR&hellip; <a class=\"continue\" href=\"https:\/\/wordpress-test.app.u-pariscite.fr\/linguistique\/en\/doctoral-school-in-language-sciences-ed-622\/\">Lire la suite<span> Doctoral school in Language Sciences (ED 622)<\/span><\/a><\/p>\n","protected":false},"author":320,"featured_media":0,"parent":0,"menu_order":0,"comment_status":"closed","ping_status":"closed","template":"","meta":{"_et_pb_use_builder":"on","_et_pb_old_content":"","_et_gb_content_width":"","footnotes":""},"class_list":["post-1830","page","type-page","status-publish","hentry"],"_links":{"self":[{"href":"https:\/\/wordpress-test.app.u-pariscite.fr\/linguistique\/wp-json\/wp\/v2\/pages\/1830","targetHints":{"allow":["GET"]}}],"collection":[{"href":"https:\/\/wordpress-test.app.u-pariscite.fr\/linguistique\/wp-json\/wp\/v2\/pages"}],"about":[{"href":"https:\/\/wordpress-test.app.u-pariscite.fr\/linguistique\/wp-json\/wp\/v2\/types\/page"}],"author":[{"embeddable":true,"href":"https:\/\/wordpress-test.app.u-pariscite.fr\/linguistique\/wp-json\/wp\/v2\/users\/320"}],"replies":[{"embeddable":true,"href":"https:\/\/wordpress-test.app.u-pariscite.fr\/linguistique\/wp-json\/wp\/v2\/comments?post=1830"}],"version-history":[{"count":3,"href":"https:\/\/wordpress-test.app.u-pariscite.fr\/linguistique\/wp-json\/wp\/v2\/pages\/1830\/revisions"}],"predecessor-version":[{"id":2165,"href":"https:\/\/wordpress-test.app.u-pariscite.fr\/linguistique\/wp-json\/wp\/v2\/pages\/1830\/revisions\/2165"}],"wp:attachment":[{"href":"https:\/\/wordpress-test.app.u-pariscite.fr\/linguistique\/wp-json\/wp\/v2\/media?parent=1830"}],"curies":[{"name":"wp","href":"https:\/\/api.w.org\/{rel}","templated":true}]}}