{"id":1309,"date":"2021-09-01T19:07:05","date_gmt":"2021-09-01T17:07:05","guid":{"rendered":"https:\/\/wordpress-test.app.u-pariscite.fr\/linguistique\/?page_id=1309"},"modified":"2022-02-21T12:21:19","modified_gmt":"2022-02-21T11:21:19","slug":"internship-conditions-by-speciality","status":"publish","type":"page","link":"https:\/\/wordpress-test.app.u-pariscite.fr\/linguistique\/en\/internship-conditions-by-speciality\/","title":{"rendered":"Internship conditions by speciality"},"content":{"rendered":"<p>[et_pb_section bb_built=\u00a0\u00bb1&Prime; inner_width=\u00a0\u00bbauto\u00a0\u00bb inner_max_width=\u00a0\u00bbnone\u00a0\u00bb][et_pb_row][et_pb_column type=\u00a0\u00bb4_4&Prime;][et_pb_post_title _builder_version=\u00a0\u00bb3.22.1&Prime; meta=\u00a0\u00bboff\u00a0\u00bb featured_image=\u00a0\u00bboff\u00a0\u00bb text_shadow_horizontal_length=\u00a0\u00bbtext_shadow_style,%91object Object%93&Prime; text_shadow_vertical_length=\u00a0\u00bbtext_shadow_style,%91object Object%93&Prime; text_shadow_blur_strength=\u00a0\u00bbtext_shadow_style,%91object Object%93&Prime; title_text_shadow_horizontal_length=\u00a0\u00bbtitle_text_shadow_style,%91object Object%93&Prime; title_text_shadow_vertical_length=\u00a0\u00bbtitle_text_shadow_style,%91object Object%93&Prime; title_text_shadow_blur_strength=\u00a0\u00bbtitle_text_shadow_style,%91object Object%93&Prime; meta_text_shadow_horizontal_length=\u00a0\u00bbmeta_text_shadow_style,%91object Object%93&Prime; meta_text_shadow_vertical_length=\u00a0\u00bbmeta_text_shadow_style,%91object Object%93&Prime; meta_text_shadow_blur_strength=\u00a0\u00bbmeta_text_shadow_style,%91object Object%93&Prime; z_index_tablet=\u00a0\u00bb500&Prime; \/][\/et_pb_column][\/et_pb_row][et_pb_row][et_pb_column type=\u00a0\u00bb3_4&Prime;][et_pb_text _builder_version=\u00a0\u00bb3.22.1&Prime; text_text_shadow_horizontal_length=\u00a0\u00bbtext_text_shadow_style,%91object Object%93&Prime; text_text_shadow_vertical_length=\u00a0\u00bbtext_text_shadow_style,%91object Object%93&Prime; text_text_shadow_blur_strength=\u00a0\u00bbtext_text_shadow_style,%91object Object%93&Prime; link_text_shadow_horizontal_length=\u00a0\u00bblink_text_shadow_style,%91object Object%93&Prime; link_text_shadow_vertical_length=\u00a0\u00bblink_text_shadow_style,%91object Object%93&Prime; link_text_shadow_blur_strength=\u00a0\u00bblink_text_shadow_style,%91object Object%93&Prime; ul_text_shadow_horizontal_length=\u00a0\u00bbul_text_shadow_style,%91object Object%93&Prime; ul_text_shadow_vertical_length=\u00a0\u00bbul_text_shadow_style,%91object Object%93&Prime; ul_text_shadow_blur_strength=\u00a0\u00bbul_text_shadow_style,%91object Object%93&Prime; ol_text_shadow_horizontal_length=\u00a0\u00bbol_text_shadow_style,%91object Object%93&Prime; ol_text_shadow_vertical_length=\u00a0\u00bbol_text_shadow_style,%91object Object%93&Prime; ol_text_shadow_blur_strength=\u00a0\u00bbol_text_shadow_style,%91object Object%93&Prime; quote_text_shadow_horizontal_length=\u00a0\u00bbquote_text_shadow_style,%91object Object%93&Prime; quote_text_shadow_vertical_length=\u00a0\u00bbquote_text_shadow_style,%91object Object%93&Prime; quote_text_shadow_blur_strength=\u00a0\u00bbquote_text_shadow_style,%91object Object%93&Prime; header_text_shadow_horizontal_length=\u00a0\u00bbheader_text_shadow_style,%91object Object%93&Prime; header_text_shadow_vertical_length=\u00a0\u00bbheader_text_shadow_style,%91object Object%93&Prime; header_text_shadow_blur_strength=\u00a0\u00bbheader_text_shadow_style,%91object Object%93&Prime; header_2_text_shadow_horizontal_length=\u00a0\u00bbheader_2_text_shadow_style,%91object Object%93&Prime; header_2_text_shadow_vertical_length=\u00a0\u00bbheader_2_text_shadow_style,%91object Object%93&Prime; header_2_text_shadow_blur_strength=\u00a0\u00bbheader_2_text_shadow_style,%91object Object%93&Prime; header_3_text_shadow_horizontal_length=\u00a0\u00bbheader_3_text_shadow_style,%91object Object%93&Prime; header_3_text_shadow_vertical_length=\u00a0\u00bbheader_3_text_shadow_style,%91object Object%93&Prime; header_3_text_shadow_blur_strength=\u00a0\u00bbheader_3_text_shadow_style,%91object Object%93&Prime; header_4_text_shadow_horizontal_length=\u00a0\u00bbheader_4_text_shadow_style,%91object Object%93&Prime; header_4_text_shadow_vertical_length=\u00a0\u00bbheader_4_text_shadow_style,%91object Object%93&Prime; header_4_text_shadow_blur_strength=\u00a0\u00bbheader_4_text_shadow_style,%91object Object%93&Prime; header_5_text_shadow_horizontal_length=\u00a0\u00bbheader_5_text_shadow_style,%91object Object%93&Prime; header_5_text_shadow_vertical_length=\u00a0\u00bbheader_5_text_shadow_style,%91object Object%93&Prime; header_5_text_shadow_blur_strength=\u00a0\u00bbheader_5_text_shadow_style,%91object Object%93&Prime; header_6_text_shadow_horizontal_length=\u00a0\u00bbheader_6_text_shadow_style,%91object Object%93&Prime; header_6_text_shadow_vertical_length=\u00a0\u00bbheader_6_text_shadow_style,%91object Object%93&Prime; header_6_text_shadow_blur_strength=\u00a0\u00bbheader_6_text_shadow_style,%91object Object%93&Prime; z_index_tablet=\u00a0\u00bb500&Prime;]<\/p>\n<p><strong>You will find in this page the information concerning the modalities of internship, by level and by speciality.<\/strong><\/p>\n<h2>Bachelor&rsquo;s level (Licence 3)<\/h2>\n<h3>Computational Linguistics<\/h3>\n<p>Mandatory internship of at least 35 hours (1 week full-time). The internship is not graded, but it must be validated. To do so, the internship tutor must send this form or this form to the School office, with a copy to the head of the L3 LI program.<\/p>\n<h3>Theoretical and Experimental Linguistics<\/h3>\n<p>Mandatory internship of at least 70 hours (2 weeks full-time). The internship is not graded, but it must be validated. To do this, you must send:<\/p>\n<ul>\n<li>a 1-2 page report to the L3 LTE supervisor (Lisa Brunetti, lisa.brunetti@wordpress-test.app.u-pariscite.fr)<\/li>\n<li>this form or this form, filled in by the tutor, to the school department, with a copy to the L3 LTE supervisor.<\/li>\n<\/ul>\n<h3>Linguistics and French as a Foreign Language<\/h3>\n<ul>\n<li>Mandatory internship of at least 35 hours (1 week full-time).<\/li>\n<li>The FLE internship is an observation internship that must be prepared.<\/li>\n<li>Validation: see the L3 FLE supervisor (Carla Soares Jesel, carla.soaresjesel@wordpress-test.app.u-pariscite.fr)<\/li>\n<\/ul>\n<h3>Bi-licence Lettres\/Sciences du Langage<\/h3>\n<ul>\n<li>for students who have chosen the <em>parcours<\/em> <em>FLE<\/em> : follow the instructions of the parcours \u00ab\u00a0Linguistics and French as a Foreign Language\u00a0\u00bb above;<\/li>\n<li>for students\u00a0who have chosen the <em>parcours\u00a0<\/em><em>Linguistique :<\/em>\n<ul>\n<li>Mandatory internship of at least 35 hours (1 week full-time). The internship is not graded, but it must be validated. To do so, you must send:<\/li>\n<li>a 1-2 page report to the person in charge of the &lsquo;Language sciences&rsquo; block of the <em>bilicence\u00a0<\/em>(Lisa Brunetti, lisa.brunetti@wordpress-test.app.u-pariscite.fr);<\/li>\n<li>this form or this form, filled in by the tutor, to the person in charge of \u00a0the &lsquo;Language sciences&rsquo; block.<\/li>\n<\/ul>\n<\/li>\n<\/ul>\n<p>NB: the deadline for sending the form is August 31, but the L3 cannot be validated until the internship form has been returned. In practice, if your internship takes place during the summer, you can ask for the validation of the form by your supervisor a little before the end of the internship.<\/p>\n<h2>Master level (M1)<\/h2>\n<h3>Computational linguistics<\/h3>\n<ul>\n<li>Minimum duration: the equivalent of one month full-time (22 days, 154 hours).<\/li>\n<li>Even if it is not a legal obligation, unpaid M1 LI internships will not be accepted by the teaching staff.<\/li>\n<li>Validation: the mandatory internship is not graded, but it must be validated. To do so, the internship supervisor must send this form or this form to the school office before August 31.<\/li>\n<\/ul>\n<h3>Theoretical and Experimental Linguistics<\/h3>\n<ul>\n<li>Minimum duration: 70 hours, i.e. 2 weeks full-time.<\/li>\n<li>The internship is usually unpaid, but there are exceptions.<\/li>\n<li>The internship can last longer if employers offer it.<\/li>\n<li>The choice of internship is made in agreement with the person in charge of the year&rsquo;s pedagogy, who also signs the agreement (teacher-referent).<\/li>\n<li>The mandatory internship is not graded, but it must be validated. To do so, a 2-page report must be sent to the year&rsquo;s director, and the internship supervisor must send this form to the school office before August 31.<\/li>\n<\/ul>\n<h3>Linguistics Applied to the Didactics of the FLE<\/h3>\n<ul>\n<li>Minimum duration: 60 hours of observation, or any combination deemed equivalent by the person in charge of the year&rsquo;s pedagogy.<\/li>\n<li>The internship is usually unpaid, but there are exceptions.<\/li>\n<li>The internship may last longer if employers offer it.<\/li>\n<li>The internship can be carried out in a \u00ab\u00a0pearl\u00a0\u00bb way (for example 1 day per week), or in an intensive way (during the spring vacations).<\/li>\n<li>The choice of the internship is made in agreement with the pedagogical director of the year, who also signs the convention (teacher-referent).<\/li>\n<\/ul>\n<p>[\/et_pb_text][\/et_pb_column][et_pb_column type=\u00a0\u00bb1_4&Prime;][\/et_pb_column][\/et_pb_row][\/et_pb_section]<\/p>\n","protected":false},"excerpt":{"rendered":"<div class=\"et_pb_row et_pb_row_0 et_pb_row_empty\"><\/div>\n<div class=\"et_pb_row et_pb_row_1 et_pb_row_empty\"><\/div>\n<p> You will find in this page the information concerning the modalities of internship, by level and by speciality. Bachelor&rsquo;s level (Licence 3) Computational Linguistics Mandatory internship of at least 35 hours (1 week full-time). The internship is not graded, but it must be validated. To do so, the internship tutor must send this form&hellip; <a class=\"continue\" href=\"https:\/\/wordpress-test.app.u-pariscite.fr\/linguistique\/en\/internship-conditions-by-speciality\/\">Lire la suite<span> Internship conditions by speciality<\/span><\/a><\/p>\n","protected":false},"author":318,"featured_media":0,"parent":0,"menu_order":0,"comment_status":"closed","ping_status":"closed","template":"","meta":{"_et_pb_use_builder":"on","_et_pb_old_content":"<h2 id=\"niveau_licence_l3\" class=\"sectionedit2\"><strong>Vous trouverez\u00a0dans cette\u00a0page les informations concernant les modalit\u00e9s de stage, par niveau et par sp\u00e9cialit\u00e9. <\/strong><\/h2><h2 class=\"sectionedit2\"><strong>Niveau Licence (L3)<\/strong><\/h2><h3 id=\"linguistique_informatique\" class=\"sectionedit3\">Linguistique Informatique<\/h3><div class=\"level3\"><p>Stage obligatoire d'une dur\u00e9e d'au moins 35h (1 semaine \u00e0 temps plein). Le stage n'est pas not\u00e9, mais il doit \u00eatre valid\u00e9. Pour cela, il faut que le tuteur\/tutrice du stage envoie <a class=\"media mediafile mf_pdf\" title=\"formulaire-evaluationstage-2021.pdf (658.2 KB)\" href=\"http:\/\/www.linguist.univ-paris-diderot.fr\/_media\/formulaire-evaluationstage-2021.pdf\">ce formulaire<\/a> ou <a class=\"media mediafile mf_docx\" title=\"formulaire-evaluationstage-2021.docx (528 KB)\" href=\"http:\/\/www.linguist.univ-paris-diderot.fr\/_media\/formulaire-evaluationstage-2021.docx\">cette fiche<\/a> au service de scolarit\u00e9, avec le ou la responsable de la L3 LI en copie.<\/p><\/div><h3 id=\"linguistique_theorique_et_experimentale\" class=\"sectionedit4\">Linguistique Th\u00e9orique et Exp\u00e9rimentale<\/h3><div class=\"level3\"><p>Stage obligatoire d'une dur\u00e9e d'au moins 70h (2 semaines \u00e0 temps plein). Le stage n'est pas not\u00e9, mais il doit \u00eatre valid\u00e9. Pour cela, il faut envoyer<\/p><ul><li class=\"level1\"><div class=\"li\">un compte rendu de 1-2 pages au\/\u00e0 la responsable de la L3 LTE;<\/div><\/li><li class=\"level3\"><div class=\"li\"><a class=\"media mediafile mf_pdf\" title=\"formulaire-evaluationstage-2021.pdf (658.2 KB)\" href=\"http:\/\/www.linguist.univ-paris-diderot.fr\/_media\/formulaire-evaluationstage-2021.pdf\">ce formulaire<\/a> ou <a class=\"media mediafile mf_docx\" title=\"formulaire-evaluationstage-2021.docx (528 KB)\" href=\"http:\/\/www.linguist.univ-paris-diderot.fr\/_media\/formulaire-evaluationstage-2021.docx\">cette fiche<\/a>, remplis par le tuteur\/tutrice, au service de scolarit\u00e9, avec le ou la responsable de la L3 LTE en copie.<\/div><\/li><\/ul><\/div><h3 id=\"francais_langue_etrangere\" class=\"sectionedit5\">Fran\u00e7ais Langue Etrang\u00e8re<\/h3><div class=\"level3\"><ul><li class=\"level1\"><div class=\"li\">Stage obligatoire d'une dur\u00e9e d'au moins 35h (1 semaine \u00e0 temps plein).<\/div><\/li><li class=\"level1\"><div class=\"li\">Le stage de FLE est un stage d'observation qui doit faire l'objet d'une pr\u00e9paration.<\/div><\/li><li class=\"level1\"><div class=\"li\">Validation: <em>voir avec le <a class=\"wikilink1\" title=\"ufr:contacts\" href=\"http:\/\/www.linguist.univ-paris-diderot.fr\/ufr\/contacts\">responsable p\u00e9dagogique de l'ann\u00e9e<\/a><\/em><\/div><\/li><\/ul><\/div><h3 id=\"bi-licence_lettressciences_du_langage\" class=\"sectionedit6\">Bi-licence Lettres\/Sciences du Langage<\/h3><div class=\"level3\"><ul><li class=\"level1\"><div class=\"li\">Stage obligatoire d'une dur\u00e9e d'moins 35h (1 semaine \u00e0 temps plein). Le stage n'est pas not\u00e9, mais il doit \u00eatre valid\u00e9. Pour cela,<\/div><ul><li class=\"level3\"><div class=\"li\">il faut envoyer un compte rendu de 1-2 pages \u00e0 la responsable du bloc Sciences du langage de la bi-licence (Lisa Brunetti, lisa.brunetti@wordpress-test.app.u-pariscite.fr);<\/div><\/li><li class=\"level3\"><div class=\"li\">le tuteur\/tutrice du stage doit envoyer <a class=\"media mediafile mf_pdf\" title=\"formulaire-evaluationstage-2021.pdf (658.2 KB)\" href=\"http:\/\/www.linguist.univ-paris-diderot.fr\/_media\/formulaire-evaluationstage-2021.pdf\">ce formulaire<\/a> ou <a class=\"media mediafile mf_docx\" title=\"formulaire-evaluationstage-2021.docx (528 KB)\" href=\"http:\/\/www.linguist.univ-paris-diderot.fr\/_media\/formulaire-evaluationstage-2021.docx\">cette fiche<\/a> \u00e0 la responsable du bloc Sciences du langage de la bi-licence.<\/div><\/li><\/ul><\/li><\/ul><p>NB: la date limite d'envoi est le 31 ao\u00fbt, mais la L3 ne peut pas \u00eatre valid\u00e9e tant que la fiche de stage n'a pas \u00e9t\u00e9 renvoy\u00e9e. En pratique, si votre stage a lieu l'\u00e9t\u00e9, vous pouvez demander la validation de la fiche par votre encadrant un peu avant la fin du stage.<\/p><hr \/><\/div><h2 id=\"niveau_master_m1\" class=\"sectionedit7\">Niveau Master (M1)<\/h2><div class=\"level2\">\u00a0<\/div><h3 id=\"linguistique_informatique1\" class=\"sectionedit8\">Linguistique Informatique<\/h3><div class=\"level3\"><ul><li class=\"level1\"><div class=\"li\">Dur\u00e9e minimale : l'\u00e9quivalent d'un mois \u00e0 temps plein (22 jours, 154h).<\/div><\/li><li class=\"level1\"><div class=\"li\">M\u00eame si \u00e7a n'est pas une obligation l\u00e9gale, les stages de M1 LI non r\u00e9mun\u00e9r\u00e9s ne seront pas accept\u00e9s par l'\u00e9quipe p\u00e9dagogique.<\/div><\/li><li class=\"level1\"><div class=\"li\">Validation: le stage obligatoire n'est pas not\u00e9, mais il doit \u00eatre valid\u00e9. Pour cela, il faut que l'encadrant du stage envoie <a class=\"media mediafile mf_pdf\" title=\"formulaire-evaluationstage-2021.pdf (658.2 KB)\" href=\"http:\/\/www.linguist.univ-paris-diderot.fr\/_media\/formulaire-evaluationstage-2021.pdf\">ce formulaire<\/a> ou <a class=\"media mediafile mf_docx\" title=\"formulaire-evaluationstage-2021.docx (528 KB)\" href=\"http:\/\/www.linguist.univ-paris-diderot.fr\/_media\/formulaire-evaluationstage-2021.docx\">cette fiche<\/a> au service de scolarit\u00e9, avant le 31 ao\u00fbt.<\/div><\/li><\/ul><\/div><h3 id=\"linguistique_theorique_et_experimentale1\" class=\"sectionedit9\">Linguistique Th\u00e9orique et Exp\u00e9rimentale<\/h3><div class=\"level3\"><ul><li class=\"level1\"><div class=\"li\">Dur\u00e9e minimale : 70h, c'est-\u00e0-dire 2 semaines \u00e0 temps plein.<\/div><\/li><li class=\"level1\"><div class=\"li\">Stage non r\u00e9mun\u00e9r\u00e9 le plus souvent, mais il y a des exceptions.<\/div><\/li><li class=\"level1\"><div class=\"li\">Le stage peut durer plus longtemps si les employeurs le proposent.<\/div><\/li><li class=\"level1\"><div class=\"li\">Le choix du stage se fait en accord avec le <a class=\"wikilink1\" title=\"ufr:contacts\" href=\"http:\/\/www.linguist.univ-paris-diderot.fr\/ufr\/contacts\">responsable p\u00e9dagogique de l'ann\u00e9e<\/a>, qui signe aussi la convention (<em>enseignant-r\u00e9f\u00e9rent<\/em>).<\/div><\/li><li class=\"level1\"><div class=\"li\">Le stage obligatoire n'est pas not\u00e9, mais il doit \u00eatre valid\u00e9. Pour cela,il faut envoyer un rapport de 2 pages au responsable d'ann\u00e9e, et il faut que l'encadrant du stage envoie <a class=\"media mediafile mf_pdf\" title=\"formulaire-evaluationstage-2021.pdf (658.2 KB)\" href=\"http:\/\/www.linguist.univ-paris-diderot.fr\/_media\/formulaire-evaluationstage-2021.pdf\">ce formulaire<\/a>ou <a class=\"media mediafile mf_docx\" title=\"formulaire-evaluationstage-2021.docx (528 KB)\" href=\"http:\/\/www.linguist.univ-paris-diderot.fr\/_media\/formulaire-evaluationstage-2021.docx\">cette fiche<\/a> au service de scolarit\u00e9, avant le 31 ao\u00fbt.<\/div><\/li><\/ul><\/div><h3 id=\"linguistique_appliquee_a_la_didactique_du_fle\" class=\"sectionedit10\">Linguistique Appliqu\u00e9e \u00e0 la Didactique du FLE<\/h3><div class=\"level3\"><ul><li class=\"level1\"><div class=\"li\">Dur\u00e9e minimale : 60h d'observation, ou toute combinaison jug\u00e9e \u00e9quivalente par la responsable p\u00e9dagogique de l'ann\u00e9e.<\/div><\/li><li class=\"level1\"><div class=\"li\">Stage non r\u00e9mun\u00e9r\u00e9 le plus souvent, mais il y a des exceptions.<\/div><\/li><li class=\"level1\"><div class=\"li\">Le stage peut durer plus longtemps si les employeurs le proposent.<\/div><\/li><li class=\"level1\"><div class=\"li\">Le stage peut s'effectuer de fa\u00e7on \u201cperl\u00e9e\u201d (par exemple 1 jour par semaine), ou de fa\u00e7on intensive (pendant les vacances de printemps).<\/div><\/li><li class=\"level1\"><div class=\"li\">Le choix du stage se fait en accord avec le <a class=\"wikilink1\" title=\"ufr:contacts\" href=\"http:\/\/www.linguist.univ-paris-diderot.fr\/ufr\/contacts\">responsable p\u00e9dagogique de l'ann\u00e9e<\/a>, qui signe aussi la convention (<em>enseignant-r\u00e9f\u00e9rent<\/em>).<\/div><\/li><\/ul><\/div>","_et_gb_content_width":"","footnotes":""},"class_list":["post-1309","page","type-page","status-publish","hentry"],"_links":{"self":[{"href":"https:\/\/wordpress-test.app.u-pariscite.fr\/linguistique\/wp-json\/wp\/v2\/pages\/1309","targetHints":{"allow":["GET"]}}],"collection":[{"href":"https:\/\/wordpress-test.app.u-pariscite.fr\/linguistique\/wp-json\/wp\/v2\/pages"}],"about":[{"href":"https:\/\/wordpress-test.app.u-pariscite.fr\/linguistique\/wp-json\/wp\/v2\/types\/page"}],"author":[{"embeddable":true,"href":"https:\/\/wordpress-test.app.u-pariscite.fr\/linguistique\/wp-json\/wp\/v2\/users\/318"}],"replies":[{"embeddable":true,"href":"https:\/\/wordpress-test.app.u-pariscite.fr\/linguistique\/wp-json\/wp\/v2\/comments?post=1309"}],"version-history":[{"count":8,"href":"https:\/\/wordpress-test.app.u-pariscite.fr\/linguistique\/wp-json\/wp\/v2\/pages\/1309\/revisions"}],"predecessor-version":[{"id":2172,"href":"https:\/\/wordpress-test.app.u-pariscite.fr\/linguistique\/wp-json\/wp\/v2\/pages\/1309\/revisions\/2172"}],"wp:attachment":[{"href":"https:\/\/wordpress-test.app.u-pariscite.fr\/linguistique\/wp-json\/wp\/v2\/media?parent=1309"}],"curies":[{"name":"wp","href":"https:\/\/api.w.org\/{rel}","templated":true}]}}