{"id":1301,"date":"2021-09-01T18:23:15","date_gmt":"2021-09-01T16:23:15","guid":{"rendered":"https:\/\/wordpress-test.app.u-pariscite.fr\/linguistique\/?page_id=1301"},"modified":"2024-05-23T13:41:22","modified_gmt":"2024-05-23T11:41:22","slug":"internship-procedure","status":"publish","type":"page","link":"https:\/\/wordpress-test.app.u-pariscite.fr\/linguistique\/en\/internship-procedure\/","title":{"rendered":"Internship procedure"},"content":{"rendered":"<p>[et_pb_section bb_built=\u00a0\u00bb1&Prime; inner_width=\u00a0\u00bbauto\u00a0\u00bb inner_max_width=\u00a0\u00bbnone\u00a0\u00bb][et_pb_row][et_pb_column type=\u00a0\u00bb4_4&Prime;][et_pb_post_title admin_label=\u00a0\u00bbTitre de la page\u00a0\u00bb _builder_version=\u00a0\u00bb3.22.1&Prime; meta=\u00a0\u00bboff\u00a0\u00bb featured_image=\u00a0\u00bboff\u00a0\u00bb \/][\/et_pb_column][\/et_pb_row][et_pb_row][et_pb_column type=\u00a0\u00bb3_4&Prime;][et_pb_text admin_label=\u00a0\u00bbIntro\u00a0\u00bb _builder_version=\u00a0\u00bb3.22.1&Prime; module_id=\u00a0\u00bbintro\u00a0\u00bb text_text_shadow_horizontal_length=\u00a0\u00bbtext_text_shadow_style,%91object Object%93&Prime; text_text_shadow_vertical_length=\u00a0\u00bbtext_text_shadow_style,%91object Object%93&Prime; text_text_shadow_blur_strength=\u00a0\u00bbtext_text_shadow_style,%91object Object%93&Prime; link_text_shadow_horizontal_length=\u00a0\u00bblink_text_shadow_style,%91object Object%93&Prime; link_text_shadow_vertical_length=\u00a0\u00bblink_text_shadow_style,%91object Object%93&Prime; link_text_shadow_blur_strength=\u00a0\u00bblink_text_shadow_style,%91object Object%93&Prime; ul_text_shadow_horizontal_length=\u00a0\u00bbul_text_shadow_style,%91object Object%93&Prime; ul_text_shadow_vertical_length=\u00a0\u00bbul_text_shadow_style,%91object Object%93&Prime; ul_text_shadow_blur_strength=\u00a0\u00bbul_text_shadow_style,%91object Object%93&Prime; ol_text_shadow_horizontal_length=\u00a0\u00bbol_text_shadow_style,%91object Object%93&Prime; ol_text_shadow_vertical_length=\u00a0\u00bbol_text_shadow_style,%91object Object%93&Prime; ol_text_shadow_blur_strength=\u00a0\u00bbol_text_shadow_style,%91object Object%93&Prime; quote_text_shadow_horizontal_length=\u00a0\u00bbquote_text_shadow_style,%91object Object%93&Prime; quote_text_shadow_vertical_length=\u00a0\u00bbquote_text_shadow_style,%91object Object%93&Prime; quote_text_shadow_blur_strength=\u00a0\u00bbquote_text_shadow_style,%91object Object%93&Prime; header_text_shadow_horizontal_length=\u00a0\u00bbheader_text_shadow_style,%91object Object%93&Prime; header_text_shadow_vertical_length=\u00a0\u00bbheader_text_shadow_style,%91object Object%93&Prime; header_text_shadow_blur_strength=\u00a0\u00bbheader_text_shadow_style,%91object Object%93&Prime; header_2_text_shadow_horizontal_length=\u00a0\u00bbheader_2_text_shadow_style,%91object Object%93&Prime; header_2_text_shadow_vertical_length=\u00a0\u00bbheader_2_text_shadow_style,%91object Object%93&Prime; header_2_text_shadow_blur_strength=\u00a0\u00bbheader_2_text_shadow_style,%91object Object%93&Prime; header_3_text_shadow_horizontal_length=\u00a0\u00bbheader_3_text_shadow_style,%91object Object%93&Prime; header_3_text_shadow_vertical_length=\u00a0\u00bbheader_3_text_shadow_style,%91object Object%93&Prime; header_3_text_shadow_blur_strength=\u00a0\u00bbheader_3_text_shadow_style,%91object Object%93&Prime; header_4_text_shadow_horizontal_length=\u00a0\u00bbheader_4_text_shadow_style,%91object Object%93&Prime; header_4_text_shadow_vertical_length=\u00a0\u00bbheader_4_text_shadow_style,%91object Object%93&Prime; header_4_text_shadow_blur_strength=\u00a0\u00bbheader_4_text_shadow_style,%91object Object%93&Prime; header_5_text_shadow_horizontal_length=\u00a0\u00bbheader_5_text_shadow_style,%91object Object%93&Prime; header_5_text_shadow_vertical_length=\u00a0\u00bbheader_5_text_shadow_style,%91object Object%93&Prime; header_5_text_shadow_blur_strength=\u00a0\u00bbheader_5_text_shadow_style,%91object Object%93&Prime; header_6_text_shadow_horizontal_length=\u00a0\u00bbheader_6_text_shadow_style,%91object Object%93&Prime; header_6_text_shadow_vertical_length=\u00a0\u00bbheader_6_text_shadow_style,%91object Object%93&Prime; header_6_text_shadow_blur_strength=\u00a0\u00bbheader_6_text_shadow_style,%91object Object%93&Prime; z_index_tablet=\u00a0\u00bb500&Prime;]<\/p>\n<div class=\"page\" title=\"Page 1\">\n<div class=\"layoutArea\">\n<div class=\"column\">Students enrolled in Licence 3 and Master have a mandatory internship in all specialties (including Bi-Licence). The number of hours of internship to be completed depends on the year and the student&rsquo;s specialty. Internships can be done on a \u00ab\u00a0one day per week\u00a0\u00bb basis or part-time. All internships of 45 days or more (consecutive or not) must be paid.<\/div>\n<\/div>\n<\/div>\n<p>[\/et_pb_text][\/et_pb_column][et_pb_column type=\u00a0\u00bb1_4&Prime;][\/et_pb_column][\/et_pb_row][et_pb_row][et_pb_column type=\u00a0\u00bb4_4&Prime;][et_pb_text _builder_version=\u00a0\u00bb3.22.1&Prime; text_text_shadow_horizontal_length=\u00a0\u00bbtext_text_shadow_style,%91object Object%93&Prime; text_text_shadow_vertical_length=\u00a0\u00bbtext_text_shadow_style,%91object Object%93&Prime; text_text_shadow_blur_strength=\u00a0\u00bbtext_text_shadow_style,%91object Object%93&Prime; link_text_shadow_horizontal_length=\u00a0\u00bblink_text_shadow_style,%91object Object%93&Prime; link_text_shadow_vertical_length=\u00a0\u00bblink_text_shadow_style,%91object Object%93&Prime; link_text_shadow_blur_strength=\u00a0\u00bblink_text_shadow_style,%91object Object%93&Prime; ul_text_shadow_horizontal_length=\u00a0\u00bbul_text_shadow_style,%91object Object%93&Prime; ul_text_shadow_vertical_length=\u00a0\u00bbul_text_shadow_style,%91object Object%93&Prime; ul_text_shadow_blur_strength=\u00a0\u00bbul_text_shadow_style,%91object Object%93&Prime; ol_text_shadow_horizontal_length=\u00a0\u00bbol_text_shadow_style,%91object Object%93&Prime; ol_text_shadow_vertical_length=\u00a0\u00bbol_text_shadow_style,%91object Object%93&Prime; ol_text_shadow_blur_strength=\u00a0\u00bbol_text_shadow_style,%91object Object%93&Prime; quote_text_shadow_horizontal_length=\u00a0\u00bbquote_text_shadow_style,%91object Object%93&Prime; quote_text_shadow_vertical_length=\u00a0\u00bbquote_text_shadow_style,%91object Object%93&Prime; quote_text_shadow_blur_strength=\u00a0\u00bbquote_text_shadow_style,%91object Object%93&Prime; header_text_shadow_horizontal_length=\u00a0\u00bbheader_text_shadow_style,%91object Object%93&Prime; header_text_shadow_vertical_length=\u00a0\u00bbheader_text_shadow_style,%91object Object%93&Prime; header_text_shadow_blur_strength=\u00a0\u00bbheader_text_shadow_style,%91object Object%93&Prime; header_2_text_shadow_horizontal_length=\u00a0\u00bbheader_2_text_shadow_style,%91object Object%93&Prime; header_2_text_shadow_vertical_length=\u00a0\u00bbheader_2_text_shadow_style,%91object Object%93&Prime; header_2_text_shadow_blur_strength=\u00a0\u00bbheader_2_text_shadow_style,%91object Object%93&Prime; header_3_text_shadow_horizontal_length=\u00a0\u00bbheader_3_text_shadow_style,%91object Object%93&Prime; header_3_text_shadow_vertical_length=\u00a0\u00bbheader_3_text_shadow_style,%91object Object%93&Prime; header_3_text_shadow_blur_strength=\u00a0\u00bbheader_3_text_shadow_style,%91object Object%93&Prime; header_4_text_shadow_horizontal_length=\u00a0\u00bbheader_4_text_shadow_style,%91object Object%93&Prime; header_4_text_shadow_vertical_length=\u00a0\u00bbheader_4_text_shadow_style,%91object Object%93&Prime; header_4_text_shadow_blur_strength=\u00a0\u00bbheader_4_text_shadow_style,%91object Object%93&Prime; header_5_text_shadow_horizontal_length=\u00a0\u00bbheader_5_text_shadow_style,%91object Object%93&Prime; header_5_text_shadow_vertical_length=\u00a0\u00bbheader_5_text_shadow_style,%91object Object%93&Prime; header_5_text_shadow_blur_strength=\u00a0\u00bbheader_5_text_shadow_style,%91object Object%93&Prime; header_6_text_shadow_horizontal_length=\u00a0\u00bbheader_6_text_shadow_style,%91object Object%93&Prime; header_6_text_shadow_vertical_length=\u00a0\u00bbheader_6_text_shadow_style,%91object Object%93&Prime; header_6_text_shadow_blur_strength=\u00a0\u00bbheader_6_text_shadow_style,%91object Object%93&Prime; z_index_tablet=\u00a0\u00bb500&Prime;]<\/p>\n<h3>General information on internships for students of Universit\u00e9 Paris Cit\u00e9<\/h3>\n<p>See the <a href=\"https:\/\/wordpress-test.app.u-pariscite.fr\/en\/doing-an-internship\/\">general information page on internships at UPCit\u00e9<\/a>.<\/p>\n<p>You will find the specific modalities according to the year and the specialty concerned by following this link: <a href=\"https:\/\/wordpress-test.app.u-pariscite.fr\/linguistique\/internship-conditions-by-speciality\/\">specific modalities.<\/a><\/p>\n<p>You can find additional information on your rights and obligations by clicking on this link: <a href=\"https:\/\/wordpress-test.app.u-pariscite.fr\/stage-droits-et-obligations\/\">rights and obligations of internships<\/a>.<\/p>\n<h3>Finding an intership<\/h3>\n<p>Think about meeting the people in charge of orientation and professional integration at the P\u00f4le de l&rsquo;Orientation et de la Professionnalisation who can answer your questions, guide you in finding an internship or help you with the administrative formalities.<\/p>\n<p>The choice of the internship is made in agreement with the person in charge of the year&rsquo;s pedagogical program, who is the teacher-referent <em>(enseignant-r\u00e9f\u00e9rent).<\/em><\/p>\n<p>The search for an internship is the responsibility of the students, who must actively seek out companies, schools, researchers and professors.<\/p>\n<p>You will find on this page the few internships offered at the UFR of Linguistics: <a href=\"https:\/\/wordpress-test.app.u-pariscite.fr\/linguistique\/offres-de-stage\/\">list of internship offers<\/a>.<\/p>\n<h3>Procedure:\u00a0<\/h3>\n<ul>\n<li>Fill in the internship agreement (\u00ab\u00a0convention de stage\u00a0\u00bb in French) using the <a href=\"https:\/\/pstage.app.wordpress-test.app.u-pariscite.fr\/esup-pstage\/stylesheets\/stage\/welcome.xhtml\" target=\"_blank\" rel=\"noopener noreferrer\">Pstage<\/a> application.<br \/><strong>Useful links:<\/strong>\n<ul>\n<li><a href=\"https:\/\/pstage.app.wordpress-test.app.u-pariscite.fr\/esup-pstage\/media\/docs\/FICHE_Aide_saisie_convention_PStage.docx\">Practical information sheet for completing the \u00ab\u00a0convention de stage\u00a0\u00bb on PStage<\/a><\/li>\n<li><a href=\"https:\/\/pstage.app.wordpress-test.app.u-pariscite.fr\/esup-pstage\/media\/docs\/Guide_etudiant_PStage.pdf\">Pstage user guide<\/a><\/li>\n<\/ul>\n<\/li>\n<li>To count the number of working hours of the whole internship :<br \/>Enter the start and end dates of the internship in the table on the website: http:\/\/www.joursouvres.fr\/\n<ul>\n<li>If your internship is full-time: number of working days*7= total number of hours.<\/li>\n<li>If your internship is part-time:\n<ul>\n<li>calculate the nb of hours if the internship were full time<\/li>\n<li>and multiply it to the ratio of hours worked per week. <\/li>\n<\/ul>\n<\/li>\n<li>For example: your internship begins on October 3, 2016 and ends on February 2, 2017, and you will work 20 hours per week:\n<ul>\n<li>87 working days* 7 hours = 609 full-time hours<\/li>\n<li>609 * (20\/35) = a total of 348 hours<\/li>\n<\/ul>\n<\/li>\n<\/ul>\n<\/li>\n<li>Before having the \u00ab\u00a0convention\u00a0\u00bb signed by the various signatories,\u00a0 send a draft version downloaded from Pstage to the UFRL administration office (Yushu.Zhang@univ-paris-diderot.fr), who will check its conformity. <br \/>Once it is approved by Mme Zhang, have it signed in that order:\n<ul>\n<li>Yourself<\/li>\n<li>Your \u00ab\u00a0enseignant r\u00e9f\u00e9rent\u00a0\u00bb (usually the professor in charge of your parcours)<\/li>\n<li>At the organisation hosting the internship: by your tutor and by the organisation&rsquo;s legal representative.<\/li>\n<li>NB: The signatures can be electronic, otherwise you need to print <strong>three exemplars<\/strong> and have them all signed.<\/li>\n<\/ul>\n<\/li>\n<li><strong>Special case of an internship in a research laboratory at UPCit\u00e9:<\/strong> the host organisation in this case is the Universit\u00e9 Paris Cit\u00e9, and the signing representative is the director of the laboratory. So, for example, for an internship at LLF:<br \/><strong>Name<\/strong> : UNIVERSITE PARIS CITE<br \/><strong>Address<\/strong> : 85 boulevard Saint Germain 75006 PARIS FRANCE<br \/><strong>N\u00b0 Siret\/UAI<\/strong> : 13002573700011<br \/><strong>Represented by<\/strong> (name of the representative of the host organisation or the person delegated to sign the agreement) :<br \/>Mr BONAMI Olivier<br \/><strong>Position of representative<\/strong>: laboratory director<br \/><strong>Name of the department\/laboratory where the work placement will be carried out<\/strong>: LABORATOIRE DE LINGUISTIQUE FORMELLE<br \/>Tel : 01 57 27 82 49 E-mail :<br \/><strong>Place of internship<\/strong> (if different from the organisation&rsquo;s address): Olympe de gouges 8, rue Albert Einstein 75013 PARIS FRANCE<\/li>\n<li>Send the signed version to the UFRL administration office, together with your social security certificate and civil liability certificate (stating \u00ab\u00a0covered for the duration of the internship\u00a0\u00bb).<br \/>The UFRL&rsquo;s Office will have the agreement signed by the UFRL Director (the delegated representative who signs the agreement), will validate the agreement on the Pstage application, and will return the validated, signed agreement to you.<\/li>\n<li>Finally, send the agreement, signed by all parties, to your host organisation.<\/li>\n<\/ul>\n<p><strong>The internship cannot begin until all the parties have signed. You need to allow sufficient time to obtain all the signatures.<\/strong><\/p>\n<p>[\/et_pb_text][\/et_pb_column][\/et_pb_row][\/et_pb_section]<\/p>\n","protected":false},"excerpt":{"rendered":"<div class=\"et_pb_row et_pb_row_0 et_pb_row_empty\"><\/div>\n<div class=\"et_pb_row et_pb_row_1 et_pb_row_empty\"><\/div>\n<p> Students enrolled in Licence 3 and Master have a mandatory internship in all specialties (including Bi-Licence). The number of hours of internship to be completed depends on the year and the student&rsquo;s specialty. Internships can be done on a \u00ab\u00a0one day per week\u00a0\u00bb basis or part-time. All internships of 45 days or more (consecutive&hellip; <a class=\"continue\" href=\"https:\/\/wordpress-test.app.u-pariscite.fr\/linguistique\/en\/internship-procedure\/\">Lire la suite<span> Internship procedure<\/span><\/a><\/p>\n","protected":false},"author":318,"featured_media":0,"parent":0,"menu_order":0,"comment_status":"closed","ping_status":"closed","template":"","meta":{"_et_pb_use_builder":"on","_et_pb_old_content":"<p>[et_pb_section bb_built=\"1\" next_background_color=\"#000000\" inner_width=\"auto\" inner_max_width=\"none\"][et_pb_row][et_pb_column type=\"4_4\"][et_pb_post_title admin_label=\"Titre de la page\" _builder_version=\"3.19.11\" meta=\"off\" featured_image=\"off\" \/][\/et_pb_column][\/et_pb_row][et_pb_row][et_pb_column type=\"3_4\"][et_pb_text admin_label=\"Intro\" _builder_version=\"3.22.1\" module_id=\"intro\" text_text_shadow_horizontal_length=\"text_text_shadow_style,%91object Object%93\" text_text_shadow_vertical_length=\"text_text_shadow_style,%91object Object%93\" text_text_shadow_blur_strength=\"text_text_shadow_style,%91object Object%93\" link_text_shadow_horizontal_length=\"link_text_shadow_style,%91object Object%93\" link_text_shadow_vertical_length=\"link_text_shadow_style,%91object Object%93\" link_text_shadow_blur_strength=\"link_text_shadow_style,%91object Object%93\" ul_text_shadow_horizontal_length=\"ul_text_shadow_style,%91object Object%93\" ul_text_shadow_vertical_length=\"ul_text_shadow_style,%91object Object%93\" ul_text_shadow_blur_strength=\"ul_text_shadow_style,%91object Object%93\" ol_text_shadow_horizontal_length=\"ol_text_shadow_style,%91object Object%93\" ol_text_shadow_vertical_length=\"ol_text_shadow_style,%91object Object%93\" ol_text_shadow_blur_strength=\"ol_text_shadow_style,%91object Object%93\" quote_text_shadow_horizontal_length=\"quote_text_shadow_style,%91object Object%93\" quote_text_shadow_vertical_length=\"quote_text_shadow_style,%91object Object%93\" quote_text_shadow_blur_strength=\"quote_text_shadow_style,%91object Object%93\" header_text_shadow_horizontal_length=\"header_text_shadow_style,%91object Object%93\" header_text_shadow_vertical_length=\"header_text_shadow_style,%91object Object%93\" header_text_shadow_blur_strength=\"header_text_shadow_style,%91object Object%93\" header_2_text_shadow_horizontal_length=\"header_2_text_shadow_style,%91object Object%93\" header_2_text_shadow_vertical_length=\"header_2_text_shadow_style,%91object Object%93\" header_2_text_shadow_blur_strength=\"header_2_text_shadow_style,%91object Object%93\" header_3_text_shadow_horizontal_length=\"header_3_text_shadow_style,%91object Object%93\" header_3_text_shadow_vertical_length=\"header_3_text_shadow_style,%91object Object%93\" header_3_text_shadow_blur_strength=\"header_3_text_shadow_style,%91object Object%93\" header_4_text_shadow_horizontal_length=\"header_4_text_shadow_style,%91object Object%93\" header_4_text_shadow_vertical_length=\"header_4_text_shadow_style,%91object Object%93\" header_4_text_shadow_blur_strength=\"header_4_text_shadow_style,%91object Object%93\" header_5_text_shadow_horizontal_length=\"header_5_text_shadow_style,%91object Object%93\" header_5_text_shadow_vertical_length=\"header_5_text_shadow_style,%91object Object%93\" header_5_text_shadow_blur_strength=\"header_5_text_shadow_style,%91object Object%93\" header_6_text_shadow_horizontal_length=\"header_6_text_shadow_style,%91object Object%93\" header_6_text_shadow_vertical_length=\"header_6_text_shadow_style,%91object Object%93\" header_6_text_shadow_blur_strength=\"header_6_text_shadow_style,%91object Object%93\" z_index_tablet=\"500\"]<\/p><div class=\"page\" title=\"Page 1\"><div class=\"layoutArea\"><div class=\"column\"><p>Les \u00e9tudiants inscrits en Licence 3 et Master 1 ont, dans toutes les sp\u00e9cialit\u00e9s (Bi-Licence incluse), un stage obligatoire. Le nombre d\u2019heures de stage \u00e0 effectuer d\u00e9pend de l\u2019ann\u00e9e et de la sp\u00e9cialit\u00e9 de l\u2019\u00e9tudiant. Les stages peuvent se faire de fa\u00e7on \u00ab\u00a0<strong>perl\u00e9e<\/strong>\u00a0\u00bb (un jour par semaine ou \u00e0 temps partiel). Tout stage de 45 jours (cons\u00e9cutifs ou non) est obligatoirement r\u00e9mun\u00e9r\u00e9.<\/p><\/div><\/div><\/div><p>[\/et_pb_text][\/et_pb_column][et_pb_column type=\"1_4\"][\/et_pb_column][\/et_pb_row][et_pb_row][et_pb_column type=\"4_4\"][et_pb_text _builder_version=\"3.22.1\" text_text_shadow_horizontal_length=\"text_text_shadow_style,%91object Object%93\" text_text_shadow_vertical_length=\"text_text_shadow_style,%91object Object%93\" text_text_shadow_blur_strength=\"text_text_shadow_style,%91object Object%93\" link_text_shadow_horizontal_length=\"link_text_shadow_style,%91object Object%93\" link_text_shadow_vertical_length=\"link_text_shadow_style,%91object Object%93\" link_text_shadow_blur_strength=\"link_text_shadow_style,%91object Object%93\" ul_text_shadow_horizontal_length=\"ul_text_shadow_style,%91object Object%93\" ul_text_shadow_vertical_length=\"ul_text_shadow_style,%91object Object%93\" ul_text_shadow_blur_strength=\"ul_text_shadow_style,%91object Object%93\" ol_text_shadow_horizontal_length=\"ol_text_shadow_style,%91object Object%93\" ol_text_shadow_vertical_length=\"ol_text_shadow_style,%91object Object%93\" ol_text_shadow_blur_strength=\"ol_text_shadow_style,%91object Object%93\" quote_text_shadow_horizontal_length=\"quote_text_shadow_style,%91object Object%93\" quote_text_shadow_vertical_length=\"quote_text_shadow_style,%91object Object%93\" quote_text_shadow_blur_strength=\"quote_text_shadow_style,%91object Object%93\" header_text_shadow_horizontal_length=\"header_text_shadow_style,%91object Object%93\" header_text_shadow_vertical_length=\"header_text_shadow_style,%91object Object%93\" header_text_shadow_blur_strength=\"header_text_shadow_style,%91object Object%93\" header_2_text_shadow_horizontal_length=\"header_2_text_shadow_style,%91object Object%93\" header_2_text_shadow_vertical_length=\"header_2_text_shadow_style,%91object Object%93\" header_2_text_shadow_blur_strength=\"header_2_text_shadow_style,%91object Object%93\" header_3_text_shadow_horizontal_length=\"header_3_text_shadow_style,%91object Object%93\" header_3_text_shadow_vertical_length=\"header_3_text_shadow_style,%91object Object%93\" header_3_text_shadow_blur_strength=\"header_3_text_shadow_style,%91object Object%93\" header_4_text_shadow_horizontal_length=\"header_4_text_shadow_style,%91object Object%93\" header_4_text_shadow_vertical_length=\"header_4_text_shadow_style,%91object Object%93\" header_4_text_shadow_blur_strength=\"header_4_text_shadow_style,%91object Object%93\" header_5_text_shadow_horizontal_length=\"header_5_text_shadow_style,%91object Object%93\" header_5_text_shadow_vertical_length=\"header_5_text_shadow_style,%91object Object%93\" header_5_text_shadow_blur_strength=\"header_5_text_shadow_style,%91object Object%93\" header_6_text_shadow_horizontal_length=\"header_6_text_shadow_style,%91object Object%93\" header_6_text_shadow_vertical_length=\"header_6_text_shadow_style,%91object Object%93\" header_6_text_shadow_blur_strength=\"header_6_text_shadow_style,%91object Object%93\" z_index_tablet=\"500\"]<\/p><p>Vous trouverez en suivant ce lien les modalit\u00e9s sp\u00e9cifiques selon l'ann\u00e9e et la sp\u00e9cialit\u00e9 concern\u00e9e : <a href=\"https:\/\/wordpress-test.app.u-pariscite.fr\/linguistique\/modalites-de-stage-par-formation\/\" target=\"_blank\" rel=\"noopener noreferrer\">modalit\u00e9s sp\u00e9cifiques.<\/a><\/p><p>Vous pouvez trouver des informations suppl\u00e9mentaires sur vos droits et obligations en cliquant sur ce lien : \u00a0<a href=\"https:\/\/wordpress-test.app.u-pariscite.fr\/stage-droits-et-obligations\/\" target=\"_blank\" rel=\"noopener noreferrer\">droits et obligations des stages<\/a>.<\/p><h4><strong>Trouver un stage<\/strong><\/h4><p>Pensez \u00e0 aller rencontrer les charg\u00e9s d'orientation et d'insertion professionnelle du <a href=\"https:\/\/wordpress-test.app.u-pariscite.fr\/orientation-et-insertion\/\" target=\"_blank\" rel=\"noopener noreferrer\">P\u00f4le de l'Orientation et de la Professionnalisation<\/a>\u00a0qui peuvent r\u00e9pondre \u00e0 vos questions, vous orienter pour trouver un stage ou vous aider avec les formalit\u00e9s administratives.<\/p><p>Le choix du stage se fait en accord avec le responsable p\u00e9dagogique de l'ann\u00e9e, qui est l'<em>enseignant-r\u00e9f\u00e9rent<\/em>.<\/p><p>La recherche du stage est de la responsabilit\u00e9 des \u00e9tudiants, qui doivent effectuer une recherche active en contactant directement les entreprises, les \u00e9coles et les chercheurs et enseignants-chercheurs.<\/p><p>Vous trouverez sur cette page les quelques stages offerts \u00e0 l'UFR de Linguistique : \u00a0<strong><a href=\"http:\/\/www.linguist.univ-paris-diderot.fr\/offres_stages\" target=\"_blank\" rel=\"noopener noreferrer\">liste d'offres de stages<\/a><\/strong>.<\/p><h4><strong>Proc\u00e9dure \u00e0 suivre :\u00a0<\/strong><\/h4><ul><li><a href=\"https:\/\/pstage.app.wordpress-test.app.u-pariscite.fr\/esup-pstage\/media\/docs\/PStage_Liste_Information_pour_Pstage_110121.docx\" target=\"_blank\" rel=\"noopener noreferrer\">Fiche pratique des informations n\u00e9cessaires pour compl\u00e9ter la convention de stage sur PStage<\/a><\/li><li><a href=\"https:\/\/pstage.app.wordpress-test.app.u-pariscite.fr\/esup-pstage\/media\/docs\/PSTAGE_GUIDE_ETUDIANTS_20202021_VF140121.pdf\" target=\"_blank\" rel=\"noopener noreferrer\">Guide d'utilisation de Pstage<\/a><\/li><\/ul><ol><li>Remplissez la convention via l'application\u00a0<a href=\"https:\/\/pstage.app.wordpress-test.app.u-pariscite.fr\/esup-pstage\/stylesheets\/stage\/welcome.xhtml\" target=\"_blank\" rel=\"noopener noreferrer\">Pstage<\/a>. <a href=\"https:\/\/auth.wordpress-test.app.u-pariscite.fr\/idp\/profile\/cas\/login?execution=e1s2\" target=\"_blank\" rel=\"noopener noreferrer\">Documents utiles<\/a> :<\/li><li>Envoyez un mail \u00e0 la scolarit\u00e9 (Marie-France Le Gall) pour l'en informer, qui v\u00e9rifiera sa conformit\u00e9<\/li><li>Une fois les informations remplies et conformes sur Pstage, t\u00e9l\u00e9chargez la convention au format pdf et faites-la signer par :<\/li><li>La version sign\u00e9e \u00e0 la scolarit\u00e9, ainsi que votre <strong>attestation de s\u00e9curit\u00e9 sociale<\/strong> et <strong>attestation de responsabilit\u00e9 civile<\/strong> (avec la mention \u201ccouvert pour toute la dur\u00e9e du stage\u201d)<\/li><li>Le bureau scolarit\u00e9 de l'UFRL fait signer par le directeur de l'UFRL (repr\u00e9sentant signataire de la convention par d\u00e9l\u00e9gation), valide la convention sur l'application Pstage, et envoie la convention valid\u00e9e sign\u00e9e \u00e0 l'\u00e9tudiant.<\/li><\/ol><ul><li>Vous-m\u00eame<\/li><li>Dans l'organisme d'accueil du stage: par votre tuteur et par le repr\u00e9sentant l\u00e9gal de l'organisme par votre enseignant r\u00e9f\u00e9rent<\/li><\/ul><p><strong>Le stage ne peut pas commencer avant que toutes les parties n'aient sign\u00e9. Il faut pr\u00e9voir un d\u00e9lai suffisant pour obtenir<\/strong> <strong>les signatures de l'employeur et de l'enseignant r\u00e9f\u00e9rent.<\/strong><\/p><p>[\/et_pb_text][\/et_pb_column][\/et_pb_row][\/et_pb_section][et_pb_section bb_built=\"1\" specialty=\"off\" _builder_version=\"3.21\" custom_padding=\"0px||0px|\" prev_background_color=\"#000000\" inner_width=\"auto\" inner_max_width=\"none\"][et_pb_row _builder_version=\"3.19.11\" width=\"80%\" max_width=\"1080px\"][et_pb_column type=\"4_4\"][et_pb_text admin_label=\"\u00c0 lire aussi\" _builder_version=\"3.21\"]<\/p><h2><span class=\"st\">\u00c0<\/span> lire aussi<\/h2><p>[\/et_pb_text][et_pb_blog _builder_version=\"3.21\" posts_number=\"4\" include_categories=\"13\" show_author=\"off\" show_date=\"off\" show_pagination=\"off\" border_width_bottom_fullwidth=\"1px\" border_color_bottom_fullwidth=\"rgba(51,51,51,0.18)\" custom_padding=\"||50px|\" module_id=\"page_type_blog\" header_level=\"h4\" \/][\/et_pb_column][\/et_pb_row][\/et_pb_section]<\/p>","_et_gb_content_width":"","footnotes":""},"class_list":["post-1301","page","type-page","status-publish","hentry"],"_links":{"self":[{"href":"https:\/\/wordpress-test.app.u-pariscite.fr\/linguistique\/wp-json\/wp\/v2\/pages\/1301","targetHints":{"allow":["GET"]}}],"collection":[{"href":"https:\/\/wordpress-test.app.u-pariscite.fr\/linguistique\/wp-json\/wp\/v2\/pages"}],"about":[{"href":"https:\/\/wordpress-test.app.u-pariscite.fr\/linguistique\/wp-json\/wp\/v2\/types\/page"}],"author":[{"embeddable":true,"href":"https:\/\/wordpress-test.app.u-pariscite.fr\/linguistique\/wp-json\/wp\/v2\/users\/318"}],"replies":[{"embeddable":true,"href":"https:\/\/wordpress-test.app.u-pariscite.fr\/linguistique\/wp-json\/wp\/v2\/comments?post=1301"}],"version-history":[{"count":11,"href":"https:\/\/wordpress-test.app.u-pariscite.fr\/linguistique\/wp-json\/wp\/v2\/pages\/1301\/revisions"}],"predecessor-version":[{"id":2797,"href":"https:\/\/wordpress-test.app.u-pariscite.fr\/linguistique\/wp-json\/wp\/v2\/pages\/1301\/revisions\/2797"}],"wp:attachment":[{"href":"https:\/\/wordpress-test.app.u-pariscite.fr\/linguistique\/wp-json\/wp\/v2\/media?parent=1301"}],"curies":[{"name":"wp","href":"https:\/\/api.w.org\/{rel}","templated":true}]}}