{"id":1084,"date":"2021-08-31T10:35:53","date_gmt":"2021-08-31T08:35:53","guid":{"rendered":"https:\/\/wordpress-test.app.u-pariscite.fr\/linguistique\/?page_id=1084"},"modified":"2023-08-24T10:16:47","modified_gmt":"2023-08-24T08:16:47","slug":"mcc-licence","status":"publish","type":"page","link":"https:\/\/wordpress-test.app.u-pariscite.fr\/linguistique\/mcc-licence\/","title":{"rendered":"R\u00e8gles de validation de la Licence Sciences du Langage"},"content":{"rendered":"<p>[et_pb_section bb_built=\u00a0\u00bb1&Prime; next_background_color=\u00a0\u00bb#000000&Prime; inner_width=\u00a0\u00bbauto\u00a0\u00bb inner_max_width=\u00a0\u00bbnone\u00a0\u00bb][et_pb_row][et_pb_column type=\u00a0\u00bb4_4&Prime;][et_pb_post_title admin_label=\u00a0\u00bbTitre de la page\u00a0\u00bb _builder_version=\u00a0\u00bb3.19.11&Prime; meta=\u00a0\u00bboff\u00a0\u00bb featured_image=\u00a0\u00bboff\u00a0\u00bb \/][\/et_pb_column][\/et_pb_row][et_pb_row][et_pb_column type=\u00a0\u00bb3_4&Prime;][et_pb_text _builder_version=\u00a0\u00bb3.22.1&Prime; module_id=\u00a0\u00bbcontenu\u00a0\u00bb text_text_shadow_horizontal_length=\u00a0\u00bbtext_text_shadow_style,%91object Object%93&Prime; text_text_shadow_vertical_length=\u00a0\u00bbtext_text_shadow_style,%91object Object%93&Prime; text_text_shadow_blur_strength=\u00a0\u00bbtext_text_shadow_style,%91object Object%93&Prime; link_text_shadow_horizontal_length=\u00a0\u00bblink_text_shadow_style,%91object Object%93&Prime; link_text_shadow_vertical_length=\u00a0\u00bblink_text_shadow_style,%91object Object%93&Prime; link_text_shadow_blur_strength=\u00a0\u00bblink_text_shadow_style,%91object Object%93&Prime; ul_text_shadow_horizontal_length=\u00a0\u00bbul_text_shadow_style,%91object Object%93&Prime; ul_text_shadow_vertical_length=\u00a0\u00bbul_text_shadow_style,%91object Object%93&Prime; ul_text_shadow_blur_strength=\u00a0\u00bbul_text_shadow_style,%91object Object%93&Prime; ol_text_shadow_horizontal_length=\u00a0\u00bbol_text_shadow_style,%91object Object%93&Prime; ol_text_shadow_vertical_length=\u00a0\u00bbol_text_shadow_style,%91object Object%93&Prime; ol_text_shadow_blur_strength=\u00a0\u00bbol_text_shadow_style,%91object Object%93&Prime; quote_text_shadow_horizontal_length=\u00a0\u00bbquote_text_shadow_style,%91object Object%93&Prime; quote_text_shadow_vertical_length=\u00a0\u00bbquote_text_shadow_style,%91object Object%93&Prime; quote_text_shadow_blur_strength=\u00a0\u00bbquote_text_shadow_style,%91object Object%93&Prime; header_text_shadow_horizontal_length=\u00a0\u00bbheader_text_shadow_style,%91object Object%93&Prime; header_text_shadow_vertical_length=\u00a0\u00bbheader_text_shadow_style,%91object Object%93&Prime; header_text_shadow_blur_strength=\u00a0\u00bbheader_text_shadow_style,%91object Object%93&Prime; header_2_text_shadow_horizontal_length=\u00a0\u00bbheader_2_text_shadow_style,%91object Object%93&Prime; header_2_text_shadow_vertical_length=\u00a0\u00bbheader_2_text_shadow_style,%91object Object%93&Prime; header_2_text_shadow_blur_strength=\u00a0\u00bbheader_2_text_shadow_style,%91object Object%93&Prime; header_3_text_shadow_horizontal_length=\u00a0\u00bbheader_3_text_shadow_style,%91object Object%93&Prime; header_3_text_shadow_vertical_length=\u00a0\u00bbheader_3_text_shadow_style,%91object Object%93&Prime; header_3_text_shadow_blur_strength=\u00a0\u00bbheader_3_text_shadow_style,%91object Object%93&Prime; header_4_text_shadow_horizontal_length=\u00a0\u00bbheader_4_text_shadow_style,%91object Object%93&Prime; header_4_text_shadow_vertical_length=\u00a0\u00bbheader_4_text_shadow_style,%91object Object%93&Prime; header_4_text_shadow_blur_strength=\u00a0\u00bbheader_4_text_shadow_style,%91object Object%93&Prime; header_5_text_shadow_horizontal_length=\u00a0\u00bbheader_5_text_shadow_style,%91object Object%93&Prime; header_5_text_shadow_vertical_length=\u00a0\u00bbheader_5_text_shadow_style,%91object Object%93&Prime; header_5_text_shadow_blur_strength=\u00a0\u00bbheader_5_text_shadow_style,%91object Object%93&Prime; header_6_text_shadow_horizontal_length=\u00a0\u00bbheader_6_text_shadow_style,%91object Object%93&Prime; header_6_text_shadow_vertical_length=\u00a0\u00bbheader_6_text_shadow_style,%91object Object%93&Prime; header_6_text_shadow_blur_strength=\u00a0\u00bbheader_6_text_shadow_style,%91object Object%93&Prime; z_index_tablet=\u00a0\u00bb500&Prime;]<\/p>\n<p>Voici les r\u00e8gles utilis\u00e9es pour la validation de la L3 Sciences du Langage, et le calcul de la note globale:<br \/>(Attention: les modalit\u00e9s de la bilicence Lettres\/Sciences du langage sont diff\u00e9rentes (voir sa brochure))<\/p>\n<ul>\n<li class=\"level1\">\n<div class=\"li\">La L3 comprend 2 semestres. Chaque semestre comprend des UE, chacune constitu\u00e9es d&rsquo;une ou plusieurs ECUE (= un cours)<\/div>\n<\/li>\n<li>Une ECUE est valid\u00e9e si la note obtenue est sup\u00e9rieure ou \u00e9gale \u00e0 10\/20<\/li>\n<li class=\"level1\">\n<div class=\"li\">\n<p>Les notes des ECUE d&rsquo;une m\u00eame UE se <strong>compensent<\/strong>: une UE peut \u00eatre valid\u00e9e m\u00eame si certains des cours qu&rsquo;elle contient ne le sont pas. Plus pr\u00e9cis\u00e9ment:<\/p>\n<ul>\n<li>Une UE est valid\u00e9e si la moyenne pond\u00e9r\u00e9e de ses ECUE est \u2265 10 , et si aucune de ces notes n&rsquo;est strictement inf\u00e9rieure \u00e0 <strong>5\/20<\/strong><\/li>\n<\/ul>\n<\/div>\n<\/li>\n<li class=\"level1\">\n<div class=\"li\">Il n&rsquo;y a<strong> aucune compensation entre les UE<\/strong>, chaque UE doit \u00eatre valid\u00e9e<\/div>\n<\/li>\n<li class=\"level1\">\n<div class=\"li\">Il n&rsquo;y a<strong> aucune compensation entre les semestres<\/strong>, chaque semestre doit \u00eatre valid\u00e9<\/div>\n<\/li>\n<li class=\"level1\">\n<div class=\"li\">La note globale de la L3 est la moyenne des 2 semestres<\/div>\n<\/li>\n<li class=\"level1\">\n<div class=\"li\">La note moyenne d&rsquo;une UE, ou d&rsquo;un semestre, est calcul\u00e9e avec les coefficients indiqu\u00e9s dans les structures de chaque parcours:<\/div>\n<ul>\n<li><a href=\"https:\/\/wordpress-test.app.u-pariscite.fr\/linguistique\/wp-content\/uploads\/sites\/44\/2021\/08\/L3-LI.pdf\">structure de la L3 LI<\/a><\/li>\n<li><a href=\"https:\/\/wordpress-test.app.u-pariscite.fr\/linguistique\/wp-content\/uploads\/sites\/44\/2021\/08\/L3-LTE.pdf\">structure de la L3 LTE<\/a><\/li>\n<li><a href=\"https:\/\/wordpress-test.app.u-pariscite.fr\/linguistique\/wp-content\/uploads\/sites\/44\/2021\/08\/L3-FLE.pdf\">structure de la L3 FLE<\/a><\/li>\n<li>voir \u00e9galement la <a href=\"https:\/\/cloud.parisdescartes.fr\/index.php\/s\/a98AAGribEMcytd\">brochure<\/a><\/li>\n<\/ul>\n<\/li>\n<li class=\"level1\">\n<div class=\"li\">La majorit\u00e9 des ECUE comportent une \u00ab\u00a0<strong>seconde chance<\/strong>\u00a0\u00bb (ou \u00ab\u00a02eme session\u00a0\u00bb)<\/div>\n<ul>\n<li class=\"level1\">\n<div class=\"li\"><strong>sauf<\/strong> les ECUE o\u00f9 est indiqu\u00e9 \u00ab\u00a0pas de 2nde chance\u00a0\u00bb dans le document officiel des <a href=\"https:\/\/cloud.parisdescartes.fr\/index.php\/s\/N4JA8AZqQRJnMQf\">modalit\u00e9s de contr\u00f4le des connaissances (MCC)<\/a><\/div>\n<\/li>\n<li><strong>Attention<\/strong>: Si une UE n&rsquo;a pas \u00e9t\u00e9 valid\u00e9e en 1ere session, alors pour les ECUE qu&rsquo;elle contient, les notes inf\u00e9rieures \u00e0 10\/20 <strong>ne sont pas report\u00e9es en 2eme session<\/strong>: l&rsquo;\u00e9tudiant.e doit passer la seconde chance ou bien sera consid\u00e9r\u00e9 comme absent (ABI)<\/li>\n<\/ul>\n<\/li>\n<li>Si la L3 n&rsquo;est pas valid\u00e9e, <strong>le redoublement est possible, sous r\u00e9serve d&rsquo;autorisation par le jury<\/strong>.\n<ul>\n<li>Pour un.e redoublant.e, les UE et ECUE valid\u00e9es sont conserv\u00e9es d&rsquo;une ann\u00e9e sur l&rsquo;autre.<\/li>\n<li>Mais attention, pour les ECUE qui n&rsquo;ont pas \u00e9t\u00e9 valid\u00e9es, ni compens\u00e9es au sein de leur UE, <strong>les notes ne sont pas conserv\u00e9es pour l&rsquo;ann\u00e9e suivante<\/strong><\/li>\n<li>Exemple:\n<ul>\n<li>au sein de l&rsquo;UE1, un \u00e9tudiant obtient 11 en phon\u00e9tique, 9 en syntaxe et 8 en s\u00e9mantique, en session 2 =&gt; l&rsquo;UE n&rsquo;est pas valid\u00e9e<\/li>\n<li>l&rsquo;ann\u00e9e suivante, si l&rsquo;\u00e9tudiant.e redouble, iel devra repasser syntaxe et s\u00e9mantique. Avoir par exemple 11 en syntaxe sera insuffisant pour compenser, car le 8 en s\u00e9mantique obtenu l&rsquo;ann\u00e9e pr\u00e9c\u00e9dente est perdu.<\/li>\n<\/ul>\n<\/li>\n<\/ul>\n<\/li>\n<\/ul>\n<p>[\/et_pb_text][\/et_pb_column][et_pb_column type=\u00a0\u00bb1_4&Prime;][\/et_pb_column][\/et_pb_row][\/et_pb_section][et_pb_section bb_built=\u00a0\u00bb1&Prime; specialty=\u00a0\u00bboff\u00a0\u00bb _builder_version=\u00a0\u00bb3.21&Prime; custom_padding=\u00a0\u00bb0px||0px|\u00a0\u00bb prev_background_color=\u00a0\u00bb#000000&Prime; inner_width=\u00a0\u00bbauto\u00a0\u00bb inner_max_width=\u00a0\u00bbnone\u00a0\u00bb][et_pb_row _builder_version=\u00a0\u00bb3.19.11&Prime; width=\u00a0\u00bb80%\u00a0\u00bb max_width=\u00a0\u00bb1080px\u00a0\u00bb][et_pb_column type=\u00a0\u00bb4_4&Prime;][et_pb_text admin_label=\u00a0\u00bb\u00c0 lire aussi\u00a0\u00bb _builder_version=\u00a0\u00bb3.21&Prime;]<\/p>\n<h2><span class=\"st\">\u00c0<\/span> lire aussi<\/h2>\n<p>[\/et_pb_text][et_pb_blog _builder_version=\u00a0\u00bb3.21&Prime; posts_number=\u00a0\u00bb4&Prime; include_categories=\u00a0\u00bb13&Prime; show_author=\u00a0\u00bboff\u00a0\u00bb show_date=\u00a0\u00bboff\u00a0\u00bb show_pagination=\u00a0\u00bboff\u00a0\u00bb border_width_bottom_fullwidth=\u00a0\u00bb1px\u00a0\u00bb border_color_bottom_fullwidth=\u00a0\u00bbrgba(51,51,51,0.18)\u00a0\u00bb custom_padding=\u00a0\u00bb||50px|\u00a0\u00bb module_id=\u00a0\u00bbpage_type_blog\u00a0\u00bb header_level=\u00a0\u00bbh4&Prime; \/][\/et_pb_column][\/et_pb_row][\/et_pb_section]<\/p>\n","protected":false},"excerpt":{"rendered":"<div class=\"et_pb_row et_pb_row_0 et_pb_row_empty\"><\/div>\n<div class=\"et_pb_row et_pb_row_1 et_pb_row_empty\"><\/div>\n<p> Voici les r\u00e8gles utilis\u00e9es pour la validation de la L3 Sciences du Langage, et le calcul de la note globale:(Attention: les modalit\u00e9s de la bilicence Lettres\/Sciences du langage sont diff\u00e9rentes (voir sa brochure))La L3 comprend 2 semestres. Chaque semestre comprend des UE, chacune constitu\u00e9es d&rsquo;une ou plusieurs ECUE (= un cours)Une ECUE est valid\u00e9e&hellip; <a class=\"continue\" href=\"https:\/\/wordpress-test.app.u-pariscite.fr\/linguistique\/mcc-licence\/\">Lire la suite<span> R\u00e8gles de validation de la Licence Sciences du Langage<\/span><\/a><\/p>\n","protected":false},"author":323,"featured_media":0,"parent":0,"menu_order":0,"comment_status":"closed","ping_status":"closed","template":"","meta":{"_et_pb_use_builder":"on","_et_pb_old_content":"","_et_gb_content_width":"","footnotes":""},"class_list":["post-1084","page","type-page","status-publish","hentry"],"_links":{"self":[{"href":"https:\/\/wordpress-test.app.u-pariscite.fr\/linguistique\/wp-json\/wp\/v2\/pages\/1084","targetHints":{"allow":["GET"]}}],"collection":[{"href":"https:\/\/wordpress-test.app.u-pariscite.fr\/linguistique\/wp-json\/wp\/v2\/pages"}],"about":[{"href":"https:\/\/wordpress-test.app.u-pariscite.fr\/linguistique\/wp-json\/wp\/v2\/types\/page"}],"author":[{"embeddable":true,"href":"https:\/\/wordpress-test.app.u-pariscite.fr\/linguistique\/wp-json\/wp\/v2\/users\/323"}],"replies":[{"embeddable":true,"href":"https:\/\/wordpress-test.app.u-pariscite.fr\/linguistique\/wp-json\/wp\/v2\/comments?post=1084"}],"version-history":[{"count":11,"href":"https:\/\/wordpress-test.app.u-pariscite.fr\/linguistique\/wp-json\/wp\/v2\/pages\/1084\/revisions"}],"predecessor-version":[{"id":2701,"href":"https:\/\/wordpress-test.app.u-pariscite.fr\/linguistique\/wp-json\/wp\/v2\/pages\/1084\/revisions\/2701"}],"wp:attachment":[{"href":"https:\/\/wordpress-test.app.u-pariscite.fr\/linguistique\/wp-json\/wp\/v2\/media?parent=1084"}],"curies":[{"name":"wp","href":"https:\/\/api.w.org\/{rel}","templated":true}]}}