{"id":1061,"date":"2021-08-31T09:15:57","date_gmt":"2021-08-31T07:15:57","guid":{"rendered":"https:\/\/wordpress-test.app.u-pariscite.fr\/linguistique\/?page_id=1061"},"modified":"2022-01-05T11:50:11","modified_gmt":"2022-01-05T10:50:11","slug":"documents-de-letudiants","status":"publish","type":"page","link":"https:\/\/wordpress-test.app.u-pariscite.fr\/linguistique\/documents-de-letudiants\/","title":{"rendered":"Documents de l&rsquo;\u00e9tudiant"},"content":{"rendered":"<p>[et_pb_section bb_built=\u00a0\u00bb1&Prime; next_background_color=\u00a0\u00bb#000000&Prime; inner_width=\u00a0\u00bbauto\u00a0\u00bb inner_max_width=\u00a0\u00bbnone\u00a0\u00bb][et_pb_row][et_pb_column type=\u00a0\u00bb4_4&Prime;][et_pb_post_title admin_label=\u00a0\u00bbTitre de la page\u00a0\u00bb _builder_version=\u00a0\u00bb3.19.11&Prime; meta=\u00a0\u00bboff\u00a0\u00bb featured_image=\u00a0\u00bboff\u00a0\u00bb \/][\/et_pb_column][\/et_pb_row][et_pb_row][et_pb_column type=\u00a0\u00bb3_4&Prime;][et_pb_text _builder_version=\u00a0\u00bb3.22.1&Prime; text_text_shadow_horizontal_length=\u00a0\u00bbtext_text_shadow_style,%91object Object%93&Prime; text_text_shadow_vertical_length=\u00a0\u00bbtext_text_shadow_style,%91object Object%93&Prime; text_text_shadow_blur_strength=\u00a0\u00bbtext_text_shadow_style,%91object Object%93&Prime; link_text_shadow_horizontal_length=\u00a0\u00bblink_text_shadow_style,%91object Object%93&Prime; link_text_shadow_vertical_length=\u00a0\u00bblink_text_shadow_style,%91object Object%93&Prime; link_text_shadow_blur_strength=\u00a0\u00bblink_text_shadow_style,%91object Object%93&Prime; ul_text_shadow_horizontal_length=\u00a0\u00bbul_text_shadow_style,%91object Object%93&Prime; ul_text_shadow_vertical_length=\u00a0\u00bbul_text_shadow_style,%91object Object%93&Prime; ul_text_shadow_blur_strength=\u00a0\u00bbul_text_shadow_style,%91object Object%93&Prime; ol_text_shadow_horizontal_length=\u00a0\u00bbol_text_shadow_style,%91object Object%93&Prime; ol_text_shadow_vertical_length=\u00a0\u00bbol_text_shadow_style,%91object Object%93&Prime; ol_text_shadow_blur_strength=\u00a0\u00bbol_text_shadow_style,%91object Object%93&Prime; quote_text_shadow_horizontal_length=\u00a0\u00bbquote_text_shadow_style,%91object Object%93&Prime; quote_text_shadow_vertical_length=\u00a0\u00bbquote_text_shadow_style,%91object Object%93&Prime; quote_text_shadow_blur_strength=\u00a0\u00bbquote_text_shadow_style,%91object Object%93&Prime; header_text_shadow_horizontal_length=\u00a0\u00bbheader_text_shadow_style,%91object Object%93&Prime; header_text_shadow_vertical_length=\u00a0\u00bbheader_text_shadow_style,%91object Object%93&Prime; header_text_shadow_blur_strength=\u00a0\u00bbheader_text_shadow_style,%91object Object%93&Prime; header_2_text_shadow_horizontal_length=\u00a0\u00bbheader_2_text_shadow_style,%91object Object%93&Prime; header_2_text_shadow_vertical_length=\u00a0\u00bbheader_2_text_shadow_style,%91object Object%93&Prime; header_2_text_shadow_blur_strength=\u00a0\u00bbheader_2_text_shadow_style,%91object Object%93&Prime; header_3_text_shadow_horizontal_length=\u00a0\u00bbheader_3_text_shadow_style,%91object Object%93&Prime; header_3_text_shadow_vertical_length=\u00a0\u00bbheader_3_text_shadow_style,%91object Object%93&Prime; header_3_text_shadow_blur_strength=\u00a0\u00bbheader_3_text_shadow_style,%91object Object%93&Prime; header_4_text_shadow_horizontal_length=\u00a0\u00bbheader_4_text_shadow_style,%91object Object%93&Prime; header_4_text_shadow_vertical_length=\u00a0\u00bbheader_4_text_shadow_style,%91object Object%93&Prime; header_4_text_shadow_blur_strength=\u00a0\u00bbheader_4_text_shadow_style,%91object Object%93&Prime; header_5_text_shadow_horizontal_length=\u00a0\u00bbheader_5_text_shadow_style,%91object Object%93&Prime; header_5_text_shadow_vertical_length=\u00a0\u00bbheader_5_text_shadow_style,%91object Object%93&Prime; header_5_text_shadow_blur_strength=\u00a0\u00bbheader_5_text_shadow_style,%91object Object%93&Prime; header_6_text_shadow_horizontal_length=\u00a0\u00bbheader_6_text_shadow_style,%91object Object%93&Prime; header_6_text_shadow_vertical_length=\u00a0\u00bbheader_6_text_shadow_style,%91object Object%93&Prime; header_6_text_shadow_blur_strength=\u00a0\u00bbheader_6_text_shadow_style,%91object Object%93&Prime; z_index_tablet=\u00a0\u00bb500&Prime;]<\/p>\n<div class=\"level2\">\u00a0<\/div>\n<h3 id=\"certificats_de_scolarite\" class=\"sectionedit2\">Certificats de scolarit\u00e9<\/h3>\n<div class=\"level3\">\n<p>Un certificat de scolarit\u00e9 est fourni avec la carte d&rsquo;\u00e9tudiant. S&rsquo;il vous faut des certificats suppl\u00e9mentaires, vous pourrez les \u00e9diter dans <strong><a class=\"urlextern\" title=\"https:\/\/wordpress-test.app.u-pariscite.fr\/mon-dossier-web-lapplication-pour-suivre-sa-scolarite\/\" href=\"https:\/\/wordpress-test.app.u-pariscite.fr\/mon-dossier-web-lapplication-pour-suivre-sa-scolarite\/\" target=\"_blank\" rel=\"nofollow noopener noreferrer\">MonDossierWeb<\/a>.<\/strong> Ils ne sont pas \u00e9dit\u00e9s par l&rsquo;UFR.<\/p>\n<\/div>\n<h3 id=\"attestations_d_assiduite\" class=\"sectionedit3\">Attestations d&rsquo;assiduit\u00e9<\/h3>\n<div class=\"level3\">\n<p>Les attestations d&rsquo;assiduit\u00e9 peuvent \u00eatre demand\u00e9es \u00e0 l&rsquo;<strong>enseignant responsable d&rsquo;ann\u00e9e<\/strong>. Elle sont faites uniquement pendant l&rsquo;ann\u00e9e en cours.<\/p>\n<\/div>\n<h3 id=\"releves_de_notes_de_l_annee_en_cours\" class=\"sectionedit4\">Relev\u00e9s de notes de l&rsquo;ann\u00e9e en cours<\/h3>\n<div class=\"level3\">\n<p>Les notes sont consultables en ligne sur <strong><a class=\"urlextern\" title=\"https:\/\/wordpress-test.app.u-pariscite.fr\/mon-dossier-web-lapplication-pour-suivre-sa-scolarite\/\" href=\"https:\/\/wordpress-test.app.u-pariscite.fr\/mon-dossier-web-lapplication-pour-suivre-sa-scolarite\/\" target=\"_blank\" rel=\"nofollow noopener noreferrer\">Mon Dossier Web<\/a> <\/strong>pendant l&rsquo;ann\u00e9e en cours. Il ne s&rsquo;agit pas un document officiel.<\/p>\n<p>Les relev\u00e9s de notes sont \u00e9dit\u00e9s et envoy\u00e9s par la scolarit\u00e9 de l&rsquo;UFR, une seule fois par session d&rsquo;examens, en fin d&rsquo;ann\u00e9e universitaire, apr\u00e8s les d\u00e9lib\u00e9rations des jurys de dipl\u00f4mes.<\/p>\n<\/div>\n<p>\u00a0<\/p>\n<p>Pensez \u00e0 indiquer tout changement d&rsquo;adresse (physique ou \u00e9lectronique) \u00e0 la scolarit\u00e9. Toute demande devra \u00eatre accompagn\u00e9e des renseignements suivants :<\/p>\n<ul>\n<li>\u00a0nom de famille (patronyme) et pr\u00e9nom(s)<\/li>\n<li>num\u00e9ro d&rsquo;\u00e9tudiant<\/li>\n<li>intitul\u00e9 du dipl\u00f4me et son ann\u00e9e universitaire d&rsquo;obtention<\/li>\n<\/ul>\n<p>\u00a0<\/p>\n<blockquote>\n<p>Conservez vos cartes d&rsquo;\u00e9tudiant car elles peuvent vous \u00eatre demand\u00e9es pour une inscription ult\u00e9rieure.<\/p>\n<\/blockquote>\n<p>[\/et_pb_text][\/et_pb_column][et_pb_column type=\u00a0\u00bb1_4&Prime;][\/et_pb_column][\/et_pb_row][\/et_pb_section][et_pb_section bb_built=\u00a0\u00bb1&Prime; specialty=\u00a0\u00bboff\u00a0\u00bb _builder_version=\u00a0\u00bb3.21&Prime; custom_padding=\u00a0\u00bb0px||0px|\u00a0\u00bb prev_background_color=\u00a0\u00bb#000000&Prime; inner_width=\u00a0\u00bbauto\u00a0\u00bb inner_max_width=\u00a0\u00bbnone\u00a0\u00bb][et_pb_row _builder_version=\u00a0\u00bb3.19.11&Prime; width=\u00a0\u00bb80%\u00a0\u00bb max_width=\u00a0\u00bb1080px\u00a0\u00bb][et_pb_column type=\u00a0\u00bb4_4&Prime;][et_pb_text admin_label=\u00a0\u00bb\u00c0 lire aussi\u00a0\u00bb _builder_version=\u00a0\u00bb3.21&Prime;]<\/p>\n<h2><span class=\"st\">\u00c0<\/span> lire aussi<\/h2>\n<p>[\/et_pb_text][et_pb_blog _builder_version=\u00a0\u00bb3.21&Prime; posts_number=\u00a0\u00bb4&Prime; include_categories=\u00a0\u00bb13&Prime; show_author=\u00a0\u00bboff\u00a0\u00bb show_date=\u00a0\u00bboff\u00a0\u00bb show_pagination=\u00a0\u00bboff\u00a0\u00bb border_width_bottom_fullwidth=\u00a0\u00bb1px\u00a0\u00bb border_color_bottom_fullwidth=\u00a0\u00bbrgba(51,51,51,0.18)\u00a0\u00bb custom_padding=\u00a0\u00bb||50px|\u00a0\u00bb module_id=\u00a0\u00bbpage_type_blog\u00a0\u00bb header_level=\u00a0\u00bbh4&Prime; \/][\/et_pb_column][\/et_pb_row][\/et_pb_section]<\/p>\n","protected":false},"excerpt":{"rendered":"<div class=\"et_pb_row et_pb_row_0 et_pb_row_empty\"><\/div>\n<div class=\"et_pb_row et_pb_row_1 et_pb_row_empty\"><\/div>\n<p> \u00a0Certificats de scolarit\u00e9Un certificat de scolarit\u00e9 est fourni avec la carte d&rsquo;\u00e9tudiant. S&rsquo;il vous faut des certificats suppl\u00e9mentaires, vous pourrez les \u00e9diter dans MonDossierWeb. Ils ne sont pas \u00e9dit\u00e9s par l&rsquo;UFR.Attestations d&rsquo;assiduit\u00e9Les attestations d&rsquo;assiduit\u00e9 peuvent \u00eatre demand\u00e9es \u00e0 l&rsquo;enseignant responsable d&rsquo;ann\u00e9e. Elle sont faites uniquement pendant l&rsquo;ann\u00e9e en cours.Relev\u00e9s de notes de l&rsquo;ann\u00e9e en&hellip; <a class=\"continue\" href=\"https:\/\/wordpress-test.app.u-pariscite.fr\/linguistique\/documents-de-letudiants\/\">Lire la suite<span> Documents de l&rsquo;\u00e9tudiant<\/span><\/a><\/p>\n","protected":false},"author":323,"featured_media":0,"parent":0,"menu_order":0,"comment_status":"closed","ping_status":"closed","template":"","meta":{"_et_pb_use_builder":"on","_et_pb_old_content":"","_et_gb_content_width":"","footnotes":""},"class_list":["post-1061","page","type-page","status-publish","hentry"],"_links":{"self":[{"href":"https:\/\/wordpress-test.app.u-pariscite.fr\/linguistique\/wp-json\/wp\/v2\/pages\/1061","targetHints":{"allow":["GET"]}}],"collection":[{"href":"https:\/\/wordpress-test.app.u-pariscite.fr\/linguistique\/wp-json\/wp\/v2\/pages"}],"about":[{"href":"https:\/\/wordpress-test.app.u-pariscite.fr\/linguistique\/wp-json\/wp\/v2\/types\/page"}],"author":[{"embeddable":true,"href":"https:\/\/wordpress-test.app.u-pariscite.fr\/linguistique\/wp-json\/wp\/v2\/users\/323"}],"replies":[{"embeddable":true,"href":"https:\/\/wordpress-test.app.u-pariscite.fr\/linguistique\/wp-json\/wp\/v2\/comments?post=1061"}],"version-history":[{"count":6,"href":"https:\/\/wordpress-test.app.u-pariscite.fr\/linguistique\/wp-json\/wp\/v2\/pages\/1061\/revisions"}],"predecessor-version":[{"id":2101,"href":"https:\/\/wordpress-test.app.u-pariscite.fr\/linguistique\/wp-json\/wp\/v2\/pages\/1061\/revisions\/2101"}],"wp:attachment":[{"href":"https:\/\/wordpress-test.app.u-pariscite.fr\/linguistique\/wp-json\/wp\/v2\/media?parent=1061"}],"curies":[{"name":"wp","href":"https:\/\/api.w.org\/{rel}","templated":true}]}}