{"id":497,"date":"2021-04-26T09:55:39","date_gmt":"2021-04-26T07:55:39","guid":{"rendered":"https:\/\/wordpress-test.app.u-pariscite.fr\/lcao\/?page_id=497"},"modified":"2022-10-10T16:13:53","modified_gmt":"2022-10-10T14:13:53","slug":"le-conseil-scientifique","status":"publish","type":"page","link":"https:\/\/wordpress-test.app.u-pariscite.fr\/lcao\/le-conseil-scientifique\/","title":{"rendered":"Le conseil scientifique"},"content":{"rendered":"<p>[et_pb_section bb_built=\u00a0\u00bb1&Prime; inner_width=\u00a0\u00bbauto\u00a0\u00bb inner_max_width=\u00a0\u00bbnone\u00a0\u00bb][et_pb_row][et_pb_column type=\u00a0\u00bb4_4&Prime;][et_pb_post_title admin_label=\u00a0\u00bbTitre de la page\u00a0\u00bb _builder_version=\u00a0\u00bb3.19.11&Prime; meta=\u00a0\u00bboff\u00a0\u00bb featured_image=\u00a0\u00bboff\u00a0\u00bb \/][\/et_pb_column][\/et_pb_row][et_pb_row][et_pb_column type=\u00a0\u00bb4_4&Prime;][\/et_pb_column][\/et_pb_row][et_pb_row][et_pb_column type=\u00a0\u00bb4_4&Prime;][et_pb_text admin_label=\u00a0\u00bbCopyright\u00a0\u00bb _builder_version=\u00a0\u00bb3.22.1&Prime; module_id=\u00a0\u00bblegende\u00a0\u00bb text_text_shadow_horizontal_length=\u00a0\u00bbtext_text_shadow_style,%91object Object%93&Prime; text_text_shadow_vertical_length=\u00a0\u00bbtext_text_shadow_style,%91object Object%93&Prime; text_text_shadow_blur_strength=\u00a0\u00bbtext_text_shadow_style,%91object Object%93&Prime; link_text_shadow_horizontal_length=\u00a0\u00bblink_text_shadow_style,%91object Object%93&Prime; link_text_shadow_vertical_length=\u00a0\u00bblink_text_shadow_style,%91object Object%93&Prime; link_text_shadow_blur_strength=\u00a0\u00bblink_text_shadow_style,%91object Object%93&Prime; ul_text_shadow_horizontal_length=\u00a0\u00bbul_text_shadow_style,%91object Object%93&Prime; ul_text_shadow_vertical_length=\u00a0\u00bbul_text_shadow_style,%91object Object%93&Prime; ul_text_shadow_blur_strength=\u00a0\u00bbul_text_shadow_style,%91object Object%93&Prime; ol_text_shadow_horizontal_length=\u00a0\u00bbol_text_shadow_style,%91object Object%93&Prime; ol_text_shadow_vertical_length=\u00a0\u00bbol_text_shadow_style,%91object Object%93&Prime; ol_text_shadow_blur_strength=\u00a0\u00bbol_text_shadow_style,%91object Object%93&Prime; quote_text_shadow_horizontal_length=\u00a0\u00bbquote_text_shadow_style,%91object Object%93&Prime; quote_text_shadow_vertical_length=\u00a0\u00bbquote_text_shadow_style,%91object Object%93&Prime; quote_text_shadow_blur_strength=\u00a0\u00bbquote_text_shadow_style,%91object Object%93&Prime; header_text_shadow_horizontal_length=\u00a0\u00bbheader_text_shadow_style,%91object Object%93&Prime; header_text_shadow_vertical_length=\u00a0\u00bbheader_text_shadow_style,%91object Object%93&Prime; header_text_shadow_blur_strength=\u00a0\u00bbheader_text_shadow_style,%91object Object%93&Prime; header_2_text_shadow_horizontal_length=\u00a0\u00bbheader_2_text_shadow_style,%91object Object%93&Prime; header_2_text_shadow_vertical_length=\u00a0\u00bbheader_2_text_shadow_style,%91object Object%93&Prime; header_2_text_shadow_blur_strength=\u00a0\u00bbheader_2_text_shadow_style,%91object Object%93&Prime; header_3_text_shadow_horizontal_length=\u00a0\u00bbheader_3_text_shadow_style,%91object Object%93&Prime; header_3_text_shadow_vertical_length=\u00a0\u00bbheader_3_text_shadow_style,%91object Object%93&Prime; header_3_text_shadow_blur_strength=\u00a0\u00bbheader_3_text_shadow_style,%91object Object%93&Prime; header_4_text_shadow_horizontal_length=\u00a0\u00bbheader_4_text_shadow_style,%91object Object%93&Prime; header_4_text_shadow_vertical_length=\u00a0\u00bbheader_4_text_shadow_style,%91object Object%93&Prime; header_4_text_shadow_blur_strength=\u00a0\u00bbheader_4_text_shadow_style,%91object Object%93&Prime; header_5_text_shadow_horizontal_length=\u00a0\u00bbheader_5_text_shadow_style,%91object Object%93&Prime; header_5_text_shadow_vertical_length=\u00a0\u00bbheader_5_text_shadow_style,%91object Object%93&Prime; header_5_text_shadow_blur_strength=\u00a0\u00bbheader_5_text_shadow_style,%91object Object%93&Prime; header_6_text_shadow_horizontal_length=\u00a0\u00bbheader_6_text_shadow_style,%91object Object%93&Prime; header_6_text_shadow_vertical_length=\u00a0\u00bbheader_6_text_shadow_style,%91object Object%93&Prime; header_6_text_shadow_blur_strength=\u00a0\u00bbheader_6_text_shadow_style,%91object Object%93&Prime; z_index_tablet=\u00a0\u00bb500&Prime; \/][\/et_pb_column][\/et_pb_row][et_pb_row][et_pb_column type=\u00a0\u00bb4_4&Prime;][et_pb_text _builder_version=\u00a0\u00bb3.22.1&Prime; module_id=\u00a0\u00bbcontenu\u00a0\u00bb text_text_shadow_horizontal_length=\u00a0\u00bbtext_text_shadow_style,%91object Object%93&Prime; text_text_shadow_vertical_length=\u00a0\u00bbtext_text_shadow_style,%91object Object%93&Prime; text_text_shadow_blur_strength=\u00a0\u00bbtext_text_shadow_style,%91object Object%93&Prime; link_text_shadow_horizontal_length=\u00a0\u00bblink_text_shadow_style,%91object Object%93&Prime; link_text_shadow_vertical_length=\u00a0\u00bblink_text_shadow_style,%91object Object%93&Prime; link_text_shadow_blur_strength=\u00a0\u00bblink_text_shadow_style,%91object Object%93&Prime; ul_text_shadow_horizontal_length=\u00a0\u00bbul_text_shadow_style,%91object Object%93&Prime; ul_text_shadow_vertical_length=\u00a0\u00bbul_text_shadow_style,%91object Object%93&Prime; ul_text_shadow_blur_strength=\u00a0\u00bbul_text_shadow_style,%91object Object%93&Prime; ol_text_shadow_horizontal_length=\u00a0\u00bbol_text_shadow_style,%91object Object%93&Prime; ol_text_shadow_vertical_length=\u00a0\u00bbol_text_shadow_style,%91object Object%93&Prime; ol_text_shadow_blur_strength=\u00a0\u00bbol_text_shadow_style,%91object Object%93&Prime; quote_text_shadow_horizontal_length=\u00a0\u00bbquote_text_shadow_style,%91object Object%93&Prime; quote_text_shadow_vertical_length=\u00a0\u00bbquote_text_shadow_style,%91object Object%93&Prime; quote_text_shadow_blur_strength=\u00a0\u00bbquote_text_shadow_style,%91object Object%93&Prime; header_text_shadow_horizontal_length=\u00a0\u00bbheader_text_shadow_style,%91object Object%93&Prime; header_text_shadow_vertical_length=\u00a0\u00bbheader_text_shadow_style,%91object Object%93&Prime; header_text_shadow_blur_strength=\u00a0\u00bbheader_text_shadow_style,%91object Object%93&Prime; header_2_text_shadow_horizontal_length=\u00a0\u00bbheader_2_text_shadow_style,%91object Object%93&Prime; header_2_text_shadow_vertical_length=\u00a0\u00bbheader_2_text_shadow_style,%91object Object%93&Prime; header_2_text_shadow_blur_strength=\u00a0\u00bbheader_2_text_shadow_style,%91object Object%93&Prime; header_3_text_shadow_horizontal_length=\u00a0\u00bbheader_3_text_shadow_style,%91object Object%93&Prime; header_3_text_shadow_vertical_length=\u00a0\u00bbheader_3_text_shadow_style,%91object Object%93&Prime; header_3_text_shadow_blur_strength=\u00a0\u00bbheader_3_text_shadow_style,%91object Object%93&Prime; header_4_text_shadow_horizontal_length=\u00a0\u00bbheader_4_text_shadow_style,%91object Object%93&Prime; header_4_text_shadow_vertical_length=\u00a0\u00bbheader_4_text_shadow_style,%91object Object%93&Prime; header_4_text_shadow_blur_strength=\u00a0\u00bbheader_4_text_shadow_style,%91object Object%93&Prime; header_5_text_shadow_horizontal_length=\u00a0\u00bbheader_5_text_shadow_style,%91object Object%93&Prime; header_5_text_shadow_vertical_length=\u00a0\u00bbheader_5_text_shadow_style,%91object Object%93&Prime; header_5_text_shadow_blur_strength=\u00a0\u00bbheader_5_text_shadow_style,%91object Object%93&Prime; header_6_text_shadow_horizontal_length=\u00a0\u00bbheader_6_text_shadow_style,%91object Object%93&Prime; header_6_text_shadow_vertical_length=\u00a0\u00bbheader_6_text_shadow_style,%91object Object%93&Prime; header_6_text_shadow_blur_strength=\u00a0\u00bbheader_6_text_shadow_style,%91object Object%93&Prime; z_index_tablet=\u00a0\u00bb500&Prime;]<\/p>\n<div class=\"page\" title=\"Page 1\">\n<div class=\"layoutArea\">\n<div class=\"column\">\n<p class=\"paragraphe\">Le <strong>Conseil Scientifique<\/strong> (CS) formule des propositions sur :<\/p>\n<ul>\n<li>la politique scientifique de l\u2019UFR<\/li>\n<li>la politique des \u00e9tudes doctorales<\/li>\n<li>les demandes d\u2019inscription \u00e0 l\u2019Habilitation \u00e0 Diriger des Recherches (HDR) et des directions de th\u00e8se \u00e0 titre individuel (ADT)<\/li>\n<li>les changements th\u00e9matiques ou les changements de rattachement \u00e0 une \u00e9quipe ou laboratoire<\/li>\n<li>les profils Recherche des postes (enseignants-chercheurs et BIATSS Recherche) mis au concours de recrutement dans l\u2019UFR ou demand\u00e9s \u00e0 la cr\u00e9ation<\/li>\n<li>les demandes de moyens (cr\u00e9dits de recherche, appels d\u2019offre, etc) qui seront soumis \u00e0 l\u2019Universit\u00e9<\/li>\n<li>l\u2019organisation de la valorisation des r\u00e9sultats scientifiques obtenus par les diff\u00e9rentes unit\u00e9s de recherche<\/li>\n<\/ul>\n<\/div>\n<\/div>\n<\/div>\n<p>&nbsp;<\/p>\n<h2>Composition du conseil scientifique (repr\u00e9sentants \u00e9lus) :<\/h2>\n<p>[\/et_pb_text][\/et_pb_column][\/et_pb_row][et_pb_row][et_pb_column type=\u00a0\u00bb4_4&Prime;][et_pb_divider _builder_version=\u00a0\u00bb3.22.1&Prime; z_index_tablet=\u00a0\u00bb500&Prime; color=\u00a0\u00bb#000000&Prime; \/][\/et_pb_column][\/et_pb_row][et_pb_row][et_pb_column type=\u00a0\u00bb4_4&Prime;][et_pb_tabs _builder_version=\u00a0\u00bb3.22.1&Prime; tab_text_shadow_horizontal_length=\u00a0\u00bbtab_text_shadow_style,%91object Object%93&Prime; tab_text_shadow_vertical_length=\u00a0\u00bbtab_text_shadow_style,%91object Object%93&Prime; tab_text_shadow_blur_strength=\u00a0\u00bbtab_text_shadow_style,%91object Object%93&Prime; body_text_shadow_horizontal_length=\u00a0\u00bbbody_text_shadow_style,%91object Object%93&Prime; body_text_shadow_vertical_length=\u00a0\u00bbbody_text_shadow_style,%91object Object%93&Prime; body_text_shadow_blur_strength=\u00a0\u00bbbody_text_shadow_style,%91object Object%93&Prime; z_index_tablet=\u00a0\u00bb500&Prime;][et_pb_tab _builder_version=\u00a0\u00bb3.22.1&Prime; title=\u00a0\u00bbColl\u00e8ge A\u00a0\u00bb link_option_url_new_window=\u00a0\u00bboff\u00a0\u00bb use_background_color_gradient=\u00a0\u00bboff\u00a0\u00bb background_color_gradient_start=\u00a0\u00bb#2b87da\u00a0\u00bb background_color_gradient_end=\u00a0\u00bb#29c4a9&Prime; background_color_gradient_type=\u00a0\u00bblinear\u00a0\u00bb background_color_gradient_direction=\u00a0\u00bb180deg\u00a0\u00bb background_color_gradient_direction_radial=\u00a0\u00bbcenter\u00a0\u00bb background_color_gradient_start_position=\u00a0\u00bb0%\u00a0\u00bb background_color_gradient_end_position=\u00a0\u00bb100%\u00a0\u00bb background_color_gradient_overlays_image=\u00a0\u00bboff\u00a0\u00bb parallax=\u00a0\u00bboff\u00a0\u00bb parallax_method=\u00a0\u00bbon\u00a0\u00bb background_size=\u00a0\u00bbcover\u00a0\u00bb background_position=\u00a0\u00bbcenter\u00a0\u00bb background_repeat=\u00a0\u00bbno-repeat\u00a0\u00bb background_blend=\u00a0\u00bbnormal\u00a0\u00bb allow_player_pause=\u00a0\u00bboff\u00a0\u00bb background_video_pause_outside_viewport=\u00a0\u00bbon\u00a0\u00bb tab_text_shadow_style=\u00a0\u00bbnone\u00a0\u00bb tab_text_shadow_horizontal_length=\u00a0\u00bbtab_text_shadow_style,%91object Object%93&Prime; tab_text_shadow_vertical_length=\u00a0\u00bbtab_text_shadow_style,%91object Object%93&Prime; tab_text_shadow_blur_strength=\u00a0\u00bbtab_text_shadow_style,%91object Object%93&Prime; body_text_shadow_style=\u00a0\u00bbnone\u00a0\u00bb body_text_shadow_horizontal_length=\u00a0\u00bbbody_text_shadow_style,%91object Object%93&Prime; body_text_shadow_vertical_length=\u00a0\u00bbbody_text_shadow_style,%91object Object%93&Prime; body_text_shadow_blur_strength=\u00a0\u00bbbody_text_shadow_style,%91object Object%93&Prime; hover_transition_duration=\u00a0\u00bb300ms\u00a0\u00bb hover_transition_delay=\u00a0\u00bb0ms\u00a0\u00bb hover_transition_speed_curve=\u00a0\u00bbease\u00a0\u00bb]<\/p>\n<blockquote>\n<p>St\u00e9phane FEUILLAS, PU, section d&rsquo;\u00e9tudes chinoises<\/p>\n<p>&nbsp;<\/p>\n<p>S\u00e9bastien BILLIOUD, PU, section d&rsquo;\u00e9tudes chinoises<\/p>\n<p>&nbsp;<\/p>\n<p>Yannick BRUNETON, PU, section d&rsquo;\u00e9tudes cor\u00e9ennes<\/p>\n<p>&nbsp;<\/p>\n<p>Annick HORIUCHI, PU, section d&rsquo;\u00e9tudes japonaises<\/p>\n<\/blockquote>\n<p>&nbsp;<\/p>\n<p>&nbsp;<\/p>\n<p>[\/et_pb_tab][et_pb_tab _builder_version=\u00a0\u00bb3.22.1&Prime; title=\u00a0\u00bbColl\u00e8ge B\u00a0\u00bb link_option_url_new_window=\u00a0\u00bboff\u00a0\u00bb use_background_color_gradient=\u00a0\u00bboff\u00a0\u00bb background_color_gradient_start=\u00a0\u00bb#2b87da\u00a0\u00bb background_color_gradient_end=\u00a0\u00bb#29c4a9&Prime; background_color_gradient_type=\u00a0\u00bblinear\u00a0\u00bb background_color_gradient_direction=\u00a0\u00bb180deg\u00a0\u00bb background_color_gradient_direction_radial=\u00a0\u00bbcenter\u00a0\u00bb background_color_gradient_start_position=\u00a0\u00bb0%\u00a0\u00bb background_color_gradient_end_position=\u00a0\u00bb100%\u00a0\u00bb background_color_gradient_overlays_image=\u00a0\u00bboff\u00a0\u00bb parallax=\u00a0\u00bboff\u00a0\u00bb parallax_method=\u00a0\u00bbon\u00a0\u00bb background_size=\u00a0\u00bbcover\u00a0\u00bb background_position=\u00a0\u00bbcenter\u00a0\u00bb background_repeat=\u00a0\u00bbno-repeat\u00a0\u00bb background_blend=\u00a0\u00bbnormal\u00a0\u00bb allow_player_pause=\u00a0\u00bboff\u00a0\u00bb background_video_pause_outside_viewport=\u00a0\u00bbon\u00a0\u00bb tab_text_shadow_style=\u00a0\u00bbnone\u00a0\u00bb tab_text_shadow_horizontal_length=\u00a0\u00bbtab_text_shadow_style,%91object Object%93&Prime; tab_text_shadow_vertical_length=\u00a0\u00bbtab_text_shadow_style,%91object Object%93&Prime; tab_text_shadow_blur_strength=\u00a0\u00bbtab_text_shadow_style,%91object Object%93&Prime; body_text_shadow_style=\u00a0\u00bbnone\u00a0\u00bb body_text_shadow_horizontal_length=\u00a0\u00bbbody_text_shadow_style,%91object Object%93&Prime; body_text_shadow_vertical_length=\u00a0\u00bbbody_text_shadow_style,%91object Object%93&Prime; body_text_shadow_blur_strength=\u00a0\u00bbbody_text_shadow_style,%91object Object%93&Prime; hover_transition_duration=\u00a0\u00bb300ms\u00a0\u00bb hover_transition_delay=\u00a0\u00bb0ms\u00a0\u00bb hover_transition_speed_curve=\u00a0\u00bbease\u00a0\u00bb]<\/p>\n<blockquote>\n<p>Marie GIBERT-FLUTRE, MCF, section d&rsquo;\u00e9tudes vietnamiennes<\/p>\n<p>&nbsp;<\/p>\n<p>Akiko NAKAJIMA, MCF, section d&rsquo;\u00e9tudes japonaises<\/p>\n<p>&nbsp;<\/p>\n<p>Pierre-Emmnuel ROUX, MCF, section d&rsquo;\u00e9tudes cor\u00e9ennes<\/p>\n<p>&nbsp;<\/p>\n<p>Florence ZHANG, MCF, section d&rsquo;\u00e9tudes chinoises<\/p>\n<\/blockquote>\n<p>[\/et_pb_tab][et_pb_tab _builder_version=\u00a0\u00bb3.22.1&Prime; title=\u00a0\u00bbBIATSS\u00a0\u00bb link_option_url_new_window=\u00a0\u00bboff\u00a0\u00bb use_background_color_gradient=\u00a0\u00bboff\u00a0\u00bb background_color_gradient_start=\u00a0\u00bb#2b87da\u00a0\u00bb background_color_gradient_end=\u00a0\u00bb#29c4a9&Prime; background_color_gradient_type=\u00a0\u00bblinear\u00a0\u00bb background_color_gradient_direction=\u00a0\u00bb180deg\u00a0\u00bb background_color_gradient_direction_radial=\u00a0\u00bbcenter\u00a0\u00bb background_color_gradient_start_position=\u00a0\u00bb0%\u00a0\u00bb background_color_gradient_end_position=\u00a0\u00bb100%\u00a0\u00bb background_color_gradient_overlays_image=\u00a0\u00bboff\u00a0\u00bb parallax=\u00a0\u00bboff\u00a0\u00bb parallax_method=\u00a0\u00bbon\u00a0\u00bb background_size=\u00a0\u00bbcover\u00a0\u00bb background_position=\u00a0\u00bbcenter\u00a0\u00bb background_repeat=\u00a0\u00bbno-repeat\u00a0\u00bb background_blend=\u00a0\u00bbnormal\u00a0\u00bb allow_player_pause=\u00a0\u00bboff\u00a0\u00bb background_video_pause_outside_viewport=\u00a0\u00bbon\u00a0\u00bb tab_text_shadow_style=\u00a0\u00bbnone\u00a0\u00bb tab_text_shadow_horizontal_length=\u00a0\u00bbtab_text_shadow_style,%91object Object%93&Prime; tab_text_shadow_vertical_length=\u00a0\u00bbtab_text_shadow_style,%91object Object%93&Prime; tab_text_shadow_blur_strength=\u00a0\u00bbtab_text_shadow_style,%91object Object%93&Prime; body_text_shadow_style=\u00a0\u00bbnone\u00a0\u00bb body_text_shadow_horizontal_length=\u00a0\u00bbbody_text_shadow_style,%91object Object%93&Prime; body_text_shadow_vertical_length=\u00a0\u00bbbody_text_shadow_style,%91object Object%93&Prime; body_text_shadow_blur_strength=\u00a0\u00bbbody_text_shadow_style,%91object Object%93&Prime; hover_transition_duration=\u00a0\u00bb300ms\u00a0\u00bb hover_transition_delay=\u00a0\u00bb0ms\u00a0\u00bb hover_transition_speed_curve=\u00a0\u00bbease\u00a0\u00bb]<\/p>\n<blockquote>\n<p>Fr\u00e9d\u00e9ric DEVIENNE, IGE<\/p>\n<\/blockquote>\n<p>&nbsp;<\/p>\n<p>[\/et_pb_tab][et_pb_tab _builder_version=\u00a0\u00bb3.22.1&Prime; title=\u00a0\u00bbEtudiant.e  \u00a0\u00bb link_option_url_new_window=\u00a0\u00bboff\u00a0\u00bb use_background_color_gradient=\u00a0\u00bboff\u00a0\u00bb background_color_gradient_start=\u00a0\u00bb#2b87da\u00a0\u00bb background_color_gradient_end=\u00a0\u00bb#29c4a9&Prime; background_color_gradient_type=\u00a0\u00bblinear\u00a0\u00bb background_color_gradient_direction=\u00a0\u00bb180deg\u00a0\u00bb background_color_gradient_direction_radial=\u00a0\u00bbcenter\u00a0\u00bb background_color_gradient_start_position=\u00a0\u00bb0%\u00a0\u00bb background_color_gradient_end_position=\u00a0\u00bb100%\u00a0\u00bb background_color_gradient_overlays_image=\u00a0\u00bboff\u00a0\u00bb parallax=\u00a0\u00bboff\u00a0\u00bb parallax_method=\u00a0\u00bbon\u00a0\u00bb background_size=\u00a0\u00bbcover\u00a0\u00bb background_position=\u00a0\u00bbcenter\u00a0\u00bb background_repeat=\u00a0\u00bbno-repeat\u00a0\u00bb background_blend=\u00a0\u00bbnormal\u00a0\u00bb allow_player_pause=\u00a0\u00bboff\u00a0\u00bb background_video_pause_outside_viewport=\u00a0\u00bbon\u00a0\u00bb tab_text_shadow_style=\u00a0\u00bbnone\u00a0\u00bb tab_text_shadow_horizontal_length=\u00a0\u00bbtab_text_shadow_style,%91object Object%93&Prime; tab_text_shadow_vertical_length=\u00a0\u00bbtab_text_shadow_style,%91object Object%93&Prime; tab_text_shadow_blur_strength=\u00a0\u00bbtab_text_shadow_style,%91object Object%93&Prime; body_text_shadow_style=\u00a0\u00bbnone\u00a0\u00bb body_text_shadow_horizontal_length=\u00a0\u00bbbody_text_shadow_style,%91object Object%93&Prime; body_text_shadow_vertical_length=\u00a0\u00bbbody_text_shadow_style,%91object Object%93&Prime; body_text_shadow_blur_strength=\u00a0\u00bbbody_text_shadow_style,%91object Object%93&Prime; hover_transition_duration=\u00a0\u00bb300ms\u00a0\u00bb hover_transition_delay=\u00a0\u00bb0ms\u00a0\u00bb hover_transition_speed_curve=\u00a0\u00bbease\u00a0\u00bb]<\/p>\n<blockquote>\n<p>Sarah Vallette d\u2019Osia, doctorante en \u00e9tudes japonaises<\/p>\n<\/blockquote>\n<p>&nbsp;<\/p>\n<p>[\/et_pb_tab][et_pb_tab _builder_version=\u00a0\u00bb3.22.1&Prime; title=\u00a0\u00bbMembres ext\u00e9rieurs\u00a0\u00bb link_option_url_new_window=\u00a0\u00bboff\u00a0\u00bb use_background_color_gradient=\u00a0\u00bboff\u00a0\u00bb background_color_gradient_start=\u00a0\u00bb#2b87da\u00a0\u00bb background_color_gradient_end=\u00a0\u00bb#29c4a9&Prime; background_color_gradient_type=\u00a0\u00bblinear\u00a0\u00bb background_color_gradient_direction=\u00a0\u00bb180deg\u00a0\u00bb background_color_gradient_direction_radial=\u00a0\u00bbcenter\u00a0\u00bb background_color_gradient_start_position=\u00a0\u00bb0%\u00a0\u00bb background_color_gradient_end_position=\u00a0\u00bb100%\u00a0\u00bb background_color_gradient_overlays_image=\u00a0\u00bboff\u00a0\u00bb parallax=\u00a0\u00bboff\u00a0\u00bb parallax_method=\u00a0\u00bbon\u00a0\u00bb background_size=\u00a0\u00bbcover\u00a0\u00bb background_position=\u00a0\u00bbcenter\u00a0\u00bb background_repeat=\u00a0\u00bbno-repeat\u00a0\u00bb background_blend=\u00a0\u00bbnormal\u00a0\u00bb allow_player_pause=\u00a0\u00bboff\u00a0\u00bb background_video_pause_outside_viewport=\u00a0\u00bbon\u00a0\u00bb tab_text_shadow_style=\u00a0\u00bbnone\u00a0\u00bb tab_text_shadow_horizontal_length=\u00a0\u00bbtab_text_shadow_style,%91object Object%93&Prime; tab_text_shadow_vertical_length=\u00a0\u00bbtab_text_shadow_style,%91object Object%93&Prime; tab_text_shadow_blur_strength=\u00a0\u00bbtab_text_shadow_style,%91object Object%93&Prime; body_text_shadow_style=\u00a0\u00bbnone\u00a0\u00bb body_text_shadow_horizontal_length=\u00a0\u00bbbody_text_shadow_style,%91object Object%93&Prime; body_text_shadow_vertical_length=\u00a0\u00bbbody_text_shadow_style,%91object Object%93&Prime; body_text_shadow_blur_strength=\u00a0\u00bbbody_text_shadow_style,%91object Object%93&Prime; hover_transition_duration=\u00a0\u00bb300ms\u00a0\u00bb hover_transition_delay=\u00a0\u00bb0ms\u00a0\u00bb hover_transition_speed_curve=\u00a0\u00bbease\u00a0\u00bb]<\/p>\n<blockquote>\n<p>Estelle BAUER, directrice de l&rsquo;IFRAE<\/p>\n<p>&nbsp;<\/p>\n<p>Sylvie HUREAU, directrice du CRCAO<\/p>\n<p>&nbsp;<\/p>\n<p>Val\u00e9rie GELEZEAU, directrice du CCJ<\/p>\n<p>&nbsp;<\/p>\n<p>Pierre MARSONE, directeur d&rsquo;\u00e9tudes (EPHE)<\/p>\n<p>&nbsp;<\/p>\n<p>Isabelle SANCHO, charg\u00e9e de recherches (CRC)<\/p>\n<\/blockquote>\n<p>[\/et_pb_tab][\/et_pb_tabs][\/et_pb_column][\/et_pb_row][\/et_pb_section]<\/p>\n","protected":false},"excerpt":{"rendered":"<div class=\"et_pb_row et_pb_row_0 et_pb_row_empty\"><\/div>\n<div class=\"et_pb_row et_pb_row_1 et_pb_row_empty\"><\/div>\n<div class=\"et_pb_row et_pb_row_2 et_pb_row_empty\"><\/div>\n<div class=\"et_pb_row et_pb_row_3 et_pb_row_empty\"><\/div>\n<p> Le Conseil Scientifique (CS) formule des propositions sur : la politique scientifique de l\u2019UFR la politique des \u00e9tudes doctorales les demandes d\u2019inscription \u00e0 l\u2019Habilitation \u00e0 Diriger des Recherches (HDR) et des directions de th\u00e8se \u00e0 titre individuel (ADT) les changements th\u00e9matiques ou les changements de rattachement \u00e0 une \u00e9quipe ou laboratoire les profils Recherche&hellip; <a class=\"continue\" href=\"https:\/\/wordpress-test.app.u-pariscite.fr\/lcao\/le-conseil-scientifique\/\">Lire la suite<span> Le conseil scientifique<\/span><\/a><\/p>\n","protected":false},"author":238,"featured_media":492,"parent":0,"menu_order":0,"comment_status":"closed","ping_status":"closed","template":"","meta":{"_et_pb_use_builder":"on","_et_pb_old_content":"","_et_gb_content_width":"","footnotes":""},"class_list":["post-497","page","type-page","status-publish","has-post-thumbnail","hentry"],"_links":{"self":[{"href":"https:\/\/wordpress-test.app.u-pariscite.fr\/lcao\/wp-json\/wp\/v2\/pages\/497","targetHints":{"allow":["GET"]}}],"collection":[{"href":"https:\/\/wordpress-test.app.u-pariscite.fr\/lcao\/wp-json\/wp\/v2\/pages"}],"about":[{"href":"https:\/\/wordpress-test.app.u-pariscite.fr\/lcao\/wp-json\/wp\/v2\/types\/page"}],"author":[{"embeddable":true,"href":"https:\/\/wordpress-test.app.u-pariscite.fr\/lcao\/wp-json\/wp\/v2\/users\/238"}],"replies":[{"embeddable":true,"href":"https:\/\/wordpress-test.app.u-pariscite.fr\/lcao\/wp-json\/wp\/v2\/comments?post=497"}],"version-history":[{"count":9,"href":"https:\/\/wordpress-test.app.u-pariscite.fr\/lcao\/wp-json\/wp\/v2\/pages\/497\/revisions"}],"predecessor-version":[{"id":26267,"href":"https:\/\/wordpress-test.app.u-pariscite.fr\/lcao\/wp-json\/wp\/v2\/pages\/497\/revisions\/26267"}],"wp:featuredmedia":[{"embeddable":true,"href":"https:\/\/wordpress-test.app.u-pariscite.fr\/lcao\/wp-json\/wp\/v2\/media\/492"}],"wp:attachment":[{"href":"https:\/\/wordpress-test.app.u-pariscite.fr\/lcao\/wp-json\/wp\/v2\/media?parent=497"}],"curies":[{"name":"wp","href":"https:\/\/api.w.org\/{rel}","templated":true}]}}