{"id":27293,"date":"2023-07-19T17:10:55","date_gmt":"2023-07-19T15:10:55","guid":{"rendered":"https:\/\/wordpress-test.app.u-pariscite.fr\/lcao\/?page_id=27293"},"modified":"2023-07-19T17:21:46","modified_gmt":"2023-07-19T15:21:46","slug":"research-and-travel-scholarship","status":"publish","type":"page","link":"https:\/\/wordpress-test.app.u-pariscite.fr\/lcao\/research-and-travel-scholarship\/","title":{"rendered":"Research and Travel Scholarship"},"content":{"rendered":"<p>[et_pb_section bb_built=\u00a0\u00bb1&Prime; next_background_color=\u00a0\u00bb#000000&Prime; inner_width=\u00a0\u00bbauto\u00a0\u00bb inner_max_width=\u00a0\u00bbnone\u00a0\u00bb][et_pb_row][et_pb_column type=\u00a0\u00bb4_4&Prime;][et_pb_post_title admin_label=\u00a0\u00bbTitre de la page\u00a0\u00bb _builder_version=\u00a0\u00bb3.19.11&Prime; meta=\u00a0\u00bboff\u00a0\u00bb featured_image=\u00a0\u00bboff\u00a0\u00bb \/][\/et_pb_column][\/et_pb_row][et_pb_row][et_pb_column type=\u00a0\u00bb4_4&Prime;][et_pb_testimonial admin_label=\u00a0\u00bbAymeric Mariette\u00a0\u00bb _builder_version=\u00a0\u00bb3.22.1&Prime; author=\u00a0\u00bbAymeric Mariette\u00a0\u00bb quote_icon_background_color=\u00a0\u00bb#f5f5f5&Prime; text_shadow_horizontal_length=\u00a0\u00bbtext_shadow_style,%91object Object%93&Prime; text_shadow_vertical_length=\u00a0\u00bbtext_shadow_style,%91object Object%93&Prime; text_shadow_blur_strength=\u00a0\u00bbtext_shadow_style,%91object Object%93&Prime; z_index_tablet=\u00a0\u00bb500&Prime; portrait_url=\u00a0\u00bbhttps:\/\/wordpress-test.app.u-pariscite.fr\/lcao\/wp-content\/uploads\/sites\/39\/2023\/07\/Mariette_GS.jpg\u00a0\u00bb]<\/p>\n<p>Pour son s\u00e9jour de terrain au Cambodge et en Malaisie dans le cadre du projet intitul\u00e9 Zones \u00e9conomiques sp\u00e9ciales et normes de travail \u00e0 l\u2019heure de la projection chinoise en Asie du Sud-Est.<\/p>\n<p>En premi\u00e8re ann\u00e9e de doctorat de l\u2019Universit\u00e9 Paris Cit\u00e9, je r\u00e9alise une th\u00e8se sur les zones \u00e9conomiques sp\u00e9ciales (ZES) mises en place par des acteurs chinois en Asie du Sud-Est, en prenant comme cas d\u2019\u00e9tudes les zones de Sihanoukville au Cambodge et celle de Kuantan en Malaisie. J\u2019ai b\u00e9n\u00e9fici\u00e9 du soutien financier de la Graduate School of East Asian Studies de l\u2019UFR LCAO pour r\u00e9aliser mes premi\u00e8res \u00e9tudes de terrain au Cambodge et en Malaisie, de mai \u00e0 octobre 2022. <a href=\"https:\/\/wordpress-test.app.u-pariscite.fr\/lcao\/wp-content\/uploads\/sites\/39\/2023\/07\/Mariette.-Te\u0301moignage.-Oct2022_rev.pdf\"><strong>Lire la suite<\/strong><\/a><\/p>\n<p>Page web\u00a0: <a href=\"https:\/\/www.cessma.org\/MARIETTE-Aymeric\">https:\/\/www.cessma.org\/MARIETTE-Aymeric<\/a><\/p>\n<p>[\/et_pb_testimonial][et_pb_testimonial admin_label=\u00a0\u00bbEtienne Marq\u00a0\u00bb _builder_version=\u00a0\u00bb3.22.1&Prime; author=\u00a0\u00bbEtienne Marq\u00a0\u00bb quote_icon_background_color=\u00a0\u00bb#f5f5f5&Prime; text_shadow_horizontal_length=\u00a0\u00bbtext_shadow_style,%91object Object%93&Prime; text_shadow_vertical_length=\u00a0\u00bbtext_shadow_style,%91object Object%93&Prime; text_shadow_blur_strength=\u00a0\u00bbtext_shadow_style,%91object Object%93&Prime; z_index_tablet=\u00a0\u00bb500&Prime; portrait_url=\u00a0\u00bbhttps:\/\/wordpress-test.app.u-pariscite.fr\/lcao\/wp-content\/uploads\/sites\/39\/2023\/07\/ME_GS.jpg\u00a0\u00bb]<\/p>\n<p>Pour son s\u00e9jour de recherche \u00e0 Vatican dans le cadre du projet intitul\u00e9 L\u2019\u00c9glise catholique face \u00e0 la nation japonaise (1889-1945).<\/p>\n<p>Gr\u00e2ce \u00e0 l\u2019aide apport\u00e9e par la Graduate School of East Asian Studies et l\u2019UFR LCAO, j\u2019ai pu mettre un premier pied dans la recherche doctorale en me rendant au Vatican, en plein c\u0153ur de Rome. Mes recherches de master portaient en effet sur l\u2019histoire du catholicisme au Japon aux XIXe et XXe si\u00e8cle, sujet que je prolonge dans ma th\u00e8se. Il \u00e9tait donc essentiel pour moi de pouvoir consulter les archives et la documentation disponibles dans les institutions du Saint-Si\u00e8ge, au c\u0153ur de mon sujet. Cette bourse de terrain a donc \u00e9t\u00e9 un apport pr\u00e9cieux dans mon parcours de jeune chercheur. <a href=\"https:\/\/wordpress-test.app.u-pariscite.fr\/lcao\/wp-content\/uploads\/sites\/39\/2023\/07\/Marq-oct-2022-relu-GG-002.pdf\"><strong>Lire la suite<\/strong><\/a><\/p>\n<p>Page web\u00a0: <a href=\"https:\/\/www.crcao.fr\/membre\/1474\/\">https:\/\/www.crcao.fr\/membre\/1474\/<\/a><\/p>\n<p>[\/et_pb_testimonial][et_pb_testimonial admin_label=\u00a0\u00bbTham Hoang Viet\u00a0\u00bb _builder_version=\u00a0\u00bb3.22.1&Prime; author=\u00a0\u00bbTham Hoang Viet\u00a0\u00bb quote_icon_background_color=\u00a0\u00bb#f5f5f5&Prime; text_shadow_horizontal_length=\u00a0\u00bbtext_shadow_style,%91object Object%93&Prime; text_shadow_vertical_length=\u00a0\u00bbtext_shadow_style,%91object Object%93&Prime; text_shadow_blur_strength=\u00a0\u00bbtext_shadow_style,%91object Object%93&Prime; z_index_tablet=\u00a0\u00bb500&Prime; portrait_url=\u00a0\u00bbhttps:\/\/wordpress-test.app.u-pariscite.fr\/lcao\/wp-content\/uploads\/sites\/39\/2023\/07\/TH_GS.jpg\u00a0\u00bb]<\/p>\n<p>Pour son s\u00e9jour de terrain au Vietnam dans le cadre du projet intitul\u00e9 Trajectoire historique et r\u00e9appropriations contemporaines du modernisme architectural au Sud du Vietnam : le cas du quartier de Thanh \u0110a, H\u00f4 Chi Minh Ville \u00bb AN \u00ab Tham Hoang Viet for his fieldwork in Vietnam as part of the project entitled Historical trajectory and contemporary reappropriations of architectural modernism in South Vietnam: a case study of Thanh \u0110a district, Ho Chi Minh City.<\/p>\n<p class=\"Standard\" style=\"text-align: justify;line-height: 150%\">En 2021\/2022, mon m\u00e9moire de Master 1 en \u00e9tudes vietnamiennes portait sur la trajectoire historique et les r\u00e9appropriations contemporaines du quartier atypique de par son architecture moderniste et de par sa planification contrastante avec la tr\u00e8s grande majorit\u00e9 des quartiers de la ville, de Thanh \u0110a \u00e0 H\u00f4 Chi Minh-Ville au Vietnam. Dans ce cadre, j&rsquo;ai pu b\u00e9n\u00e9ficier d\u2019une bourse pour r\u00e9aliser un travail de terrain \u00e0 H\u00f4 Chi Minh-Ville durant un mois \u00e0 l\u2019\u00e9t\u00e9 2022. <a href=\"https:\/\/wordpress-test.app.u-pariscite.fr\/lcao\/wp-content\/uploads\/sites\/39\/2023\/07\/THAM-te\u0301moignageViet-reluGG29nov2022-002.pdf\"><strong>Lire la suite<\/strong><\/a><\/p>\n<p>[\/et_pb_testimonial][\/et_pb_column][\/et_pb_row][\/et_pb_section][et_pb_section bb_built=\u00a0\u00bb1&Prime; specialty=\u00a0\u00bboff\u00a0\u00bb _builder_version=\u00a0\u00bb3.21&Prime; custom_padding=\u00a0\u00bb0px||0px|\u00a0\u00bb prev_background_color=\u00a0\u00bb#000000&Prime; inner_width=\u00a0\u00bbauto\u00a0\u00bb inner_max_width=\u00a0\u00bbnone\u00a0\u00bb][et_pb_row _builder_version=\u00a0\u00bb3.19.11&Prime; width=\u00a0\u00bb80%\u00a0\u00bb max_width=\u00a0\u00bb1080px\u00a0\u00bb][et_pb_column type=\u00a0\u00bb4_4&Prime;][et_pb_text admin_label=\u00a0\u00bb\u00c0 lire aussi\u00a0\u00bb _builder_version=\u00a0\u00bb3.21&Prime;]<\/p>\n<h2><span class=\"st\">\u00c0<\/span> lire aussi<\/h2>\n<p>[\/et_pb_text][et_pb_blog _builder_version=\u00a0\u00bb3.21&Prime; posts_number=\u00a0\u00bb4&Prime; include_categories=\u00a0\u00bb13&Prime; show_author=\u00a0\u00bboff\u00a0\u00bb show_date=\u00a0\u00bboff\u00a0\u00bb show_pagination=\u00a0\u00bboff\u00a0\u00bb border_width_bottom_fullwidth=\u00a0\u00bb1px\u00a0\u00bb border_color_bottom_fullwidth=\u00a0\u00bbrgba(51,51,51,0.18)\u00a0\u00bb custom_padding=\u00a0\u00bb||50px|\u00a0\u00bb module_id=\u00a0\u00bbpage_type_blog\u00a0\u00bb header_level=\u00a0\u00bbh4&Prime; \/][\/et_pb_column][\/et_pb_row][\/et_pb_section]<\/p>\n","protected":false},"excerpt":{"rendered":"<div class=\"et_pb_row et_pb_row_0 et_pb_row_empty\"><\/div>\n<div class=\"et_pb_row et_pb_row_1 et_pb_row_empty\"><\/div>\n<p> Pour son s\u00e9jour de terrain au Cambodge et en Malaisie dans le cadre du projet intitul\u00e9 Zones \u00e9conomiques sp\u00e9ciales et normes de travail \u00e0 l\u2019heure de la projection chinoise en Asie du Sud-Est.En premi\u00e8re ann\u00e9e de doctorat de l\u2019Universit\u00e9 Paris Cit\u00e9, je r\u00e9alise une th\u00e8se sur les zones \u00e9conomiques sp\u00e9ciales (ZES) mises en place&hellip; <a class=\"continue\" href=\"https:\/\/wordpress-test.app.u-pariscite.fr\/lcao\/research-and-travel-scholarship\/\">Lire la suite<span> Research and Travel Scholarship<\/span><\/a><\/p>\n","protected":false},"author":237,"featured_media":0,"parent":0,"menu_order":0,"comment_status":"closed","ping_status":"closed","template":"","meta":{"_et_pb_use_builder":"on","_et_pb_old_content":"","_et_gb_content_width":"","footnotes":""},"class_list":["post-27293","page","type-page","status-publish","hentry"],"_links":{"self":[{"href":"https:\/\/wordpress-test.app.u-pariscite.fr\/lcao\/wp-json\/wp\/v2\/pages\/27293","targetHints":{"allow":["GET"]}}],"collection":[{"href":"https:\/\/wordpress-test.app.u-pariscite.fr\/lcao\/wp-json\/wp\/v2\/pages"}],"about":[{"href":"https:\/\/wordpress-test.app.u-pariscite.fr\/lcao\/wp-json\/wp\/v2\/types\/page"}],"author":[{"embeddable":true,"href":"https:\/\/wordpress-test.app.u-pariscite.fr\/lcao\/wp-json\/wp\/v2\/users\/237"}],"replies":[{"embeddable":true,"href":"https:\/\/wordpress-test.app.u-pariscite.fr\/lcao\/wp-json\/wp\/v2\/comments?post=27293"}],"version-history":[{"count":15,"href":"https:\/\/wordpress-test.app.u-pariscite.fr\/lcao\/wp-json\/wp\/v2\/pages\/27293\/revisions"}],"predecessor-version":[{"id":27317,"href":"https:\/\/wordpress-test.app.u-pariscite.fr\/lcao\/wp-json\/wp\/v2\/pages\/27293\/revisions\/27317"}],"wp:attachment":[{"href":"https:\/\/wordpress-test.app.u-pariscite.fr\/lcao\/wp-json\/wp\/v2\/media?parent=27293"}],"curies":[{"name":"wp","href":"https:\/\/api.w.org\/{rel}","templated":true}]}}