{"id":25122,"date":"2022-01-19T09:44:23","date_gmt":"2022-01-19T08:44:23","guid":{"rendered":"https:\/\/wordpress-test.app.u-pariscite.fr\/lcao\/?page_id=25122"},"modified":"2022-01-19T09:44:23","modified_gmt":"2022-01-19T08:44:23","slug":"the-lcao-library","status":"publish","type":"page","link":"https:\/\/wordpress-test.app.u-pariscite.fr\/lcao\/en\/the-lcao-library\/","title":{"rendered":"The LCAO Library"},"content":{"rendered":"<p>[et_pb_section bb_built=\u00a0\u00bb1&Prime; inner_width=\u00a0\u00bbauto\u00a0\u00bb inner_max_width=\u00a0\u00bbnone\u00a0\u00bb][et_pb_row][et_pb_column type=\u00a0\u00bb4_4&Prime;][et_pb_post_title admin_label=\u00a0\u00bbTitre de la page\u00a0\u00bb _builder_version=\u00a0\u00bb3.19.11&Prime; meta=\u00a0\u00bboff\u00a0\u00bb featured_image=\u00a0\u00bboff\u00a0\u00bb \/][\/et_pb_column][\/et_pb_row][et_pb_row _builder_version=\u00a0\u00bb3.22.1&Prime; module_id=\u00a0\u00bbimage-page-type\u00a0\u00bb width_phone=\u00a0\u00bb50px\u00a0\u00bb max_width_phone=\u00a0\u00bb1280px\u00a0\u00bb z_index_tablet=\u00a0\u00bb500&Prime;][et_pb_column type=\u00a0\u00bb3_4&Prime;][et_pb_image _builder_version=\u00a0\u00bb3.22.1&Prime; z_index_tablet=\u00a0\u00bb500&Prime; src=\u00a0\u00bbhttps:\/\/wordpress-test.app.u-pariscite.fr\/lcao\/wp-content\/uploads\/sites\/39\/2021\/04\/img_bibliotheque_lcao.jpg\u00a0\u00bb force_fullwidth=\u00a0\u00bbon\u00a0\u00bb \/][\/et_pb_column][et_pb_column type=\u00a0\u00bb1_4&Prime;][et_pb_text _builder_version=\u00a0\u00bb3.22.1&Prime; text_text_shadow_horizontal_length=\u00a0\u00bbtext_text_shadow_style,%91object Object%93&Prime; text_text_shadow_vertical_length=\u00a0\u00bbtext_text_shadow_style,%91object Object%93&Prime; text_text_shadow_blur_strength=\u00a0\u00bbtext_text_shadow_style,%91object Object%93&Prime; link_text_shadow_horizontal_length=\u00a0\u00bblink_text_shadow_style,%91object Object%93&Prime; link_text_shadow_vertical_length=\u00a0\u00bblink_text_shadow_style,%91object Object%93&Prime; link_text_shadow_blur_strength=\u00a0\u00bblink_text_shadow_style,%91object Object%93&Prime; ul_text_shadow_horizontal_length=\u00a0\u00bbul_text_shadow_style,%91object Object%93&Prime; ul_text_shadow_vertical_length=\u00a0\u00bbul_text_shadow_style,%91object Object%93&Prime; ul_text_shadow_blur_strength=\u00a0\u00bbul_text_shadow_style,%91object Object%93&Prime; ol_text_shadow_horizontal_length=\u00a0\u00bbol_text_shadow_style,%91object Object%93&Prime; ol_text_shadow_vertical_length=\u00a0\u00bbol_text_shadow_style,%91object Object%93&Prime; ol_text_shadow_blur_strength=\u00a0\u00bbol_text_shadow_style,%91object Object%93&Prime; quote_text_shadow_horizontal_length=\u00a0\u00bbquote_text_shadow_style,%91object Object%93&Prime; quote_text_shadow_vertical_length=\u00a0\u00bbquote_text_shadow_style,%91object Object%93&Prime; quote_text_shadow_blur_strength=\u00a0\u00bbquote_text_shadow_style,%91object Object%93&Prime; header_text_shadow_horizontal_length=\u00a0\u00bbheader_text_shadow_style,%91object Object%93&Prime; header_text_shadow_vertical_length=\u00a0\u00bbheader_text_shadow_style,%91object Object%93&Prime; header_text_shadow_blur_strength=\u00a0\u00bbheader_text_shadow_style,%91object Object%93&Prime; header_2_text_shadow_horizontal_length=\u00a0\u00bbheader_2_text_shadow_style,%91object Object%93&Prime; header_2_text_shadow_vertical_length=\u00a0\u00bbheader_2_text_shadow_style,%91object Object%93&Prime; header_2_text_shadow_blur_strength=\u00a0\u00bbheader_2_text_shadow_style,%91object Object%93&Prime; header_3_text_shadow_horizontal_length=\u00a0\u00bbheader_3_text_shadow_style,%91object Object%93&Prime; header_3_text_shadow_vertical_length=\u00a0\u00bbheader_3_text_shadow_style,%91object Object%93&Prime; header_3_text_shadow_blur_strength=\u00a0\u00bbheader_3_text_shadow_style,%91object Object%93&Prime; header_4_text_shadow_horizontal_length=\u00a0\u00bbheader_4_text_shadow_style,%91object Object%93&Prime; header_4_text_shadow_vertical_length=\u00a0\u00bbheader_4_text_shadow_style,%91object Object%93&Prime; header_4_text_shadow_blur_strength=\u00a0\u00bbheader_4_text_shadow_style,%91object Object%93&Prime; header_5_text_shadow_horizontal_length=\u00a0\u00bbheader_5_text_shadow_style,%91object Object%93&Prime; header_5_text_shadow_vertical_length=\u00a0\u00bbheader_5_text_shadow_style,%91object Object%93&Prime; header_5_text_shadow_blur_strength=\u00a0\u00bbheader_5_text_shadow_style,%91object Object%93&Prime; header_6_text_shadow_horizontal_length=\u00a0\u00bbheader_6_text_shadow_style,%91object Object%93&Prime; header_6_text_shadow_vertical_length=\u00a0\u00bbheader_6_text_shadow_style,%91object Object%93&Prime; header_6_text_shadow_blur_strength=\u00a0\u00bbheader_6_text_shadow_style,%91object Object%93&Prime; z_index_tablet=\u00a0\u00bb500&Prime; \/][\/et_pb_column][\/et_pb_row][et_pb_row][et_pb_column type=\u00a0\u00bb4_4&Prime;][et_pb_text admin_label=\u00a0\u00bbCopyright\u00a0\u00bb _builder_version=\u00a0\u00bb3.22.1&Prime; module_id=\u00a0\u00bblegende\u00a0\u00bb text_text_shadow_horizontal_length=\u00a0\u00bbtext_text_shadow_style,%91object Object%93&Prime; text_text_shadow_vertical_length=\u00a0\u00bbtext_text_shadow_style,%91object Object%93&Prime; text_text_shadow_blur_strength=\u00a0\u00bbtext_text_shadow_style,%91object Object%93&Prime; link_text_shadow_horizontal_length=\u00a0\u00bblink_text_shadow_style,%91object Object%93&Prime; link_text_shadow_vertical_length=\u00a0\u00bblink_text_shadow_style,%91object Object%93&Prime; link_text_shadow_blur_strength=\u00a0\u00bblink_text_shadow_style,%91object Object%93&Prime; ul_text_shadow_horizontal_length=\u00a0\u00bbul_text_shadow_style,%91object Object%93&Prime; ul_text_shadow_vertical_length=\u00a0\u00bbul_text_shadow_style,%91object Object%93&Prime; ul_text_shadow_blur_strength=\u00a0\u00bbul_text_shadow_style,%91object Object%93&Prime; ol_text_shadow_horizontal_length=\u00a0\u00bbol_text_shadow_style,%91object Object%93&Prime; ol_text_shadow_vertical_length=\u00a0\u00bbol_text_shadow_style,%91object Object%93&Prime; ol_text_shadow_blur_strength=\u00a0\u00bbol_text_shadow_style,%91object Object%93&Prime; quote_text_shadow_horizontal_length=\u00a0\u00bbquote_text_shadow_style,%91object Object%93&Prime; quote_text_shadow_vertical_length=\u00a0\u00bbquote_text_shadow_style,%91object Object%93&Prime; quote_text_shadow_blur_strength=\u00a0\u00bbquote_text_shadow_style,%91object Object%93&Prime; header_text_shadow_horizontal_length=\u00a0\u00bbheader_text_shadow_style,%91object Object%93&Prime; header_text_shadow_vertical_length=\u00a0\u00bbheader_text_shadow_style,%91object Object%93&Prime; header_text_shadow_blur_strength=\u00a0\u00bbheader_text_shadow_style,%91object Object%93&Prime; header_2_text_shadow_horizontal_length=\u00a0\u00bbheader_2_text_shadow_style,%91object Object%93&Prime; header_2_text_shadow_vertical_length=\u00a0\u00bbheader_2_text_shadow_style,%91object Object%93&Prime; header_2_text_shadow_blur_strength=\u00a0\u00bbheader_2_text_shadow_style,%91object Object%93&Prime; header_3_text_shadow_horizontal_length=\u00a0\u00bbheader_3_text_shadow_style,%91object Object%93&Prime; header_3_text_shadow_vertical_length=\u00a0\u00bbheader_3_text_shadow_style,%91object Object%93&Prime; header_3_text_shadow_blur_strength=\u00a0\u00bbheader_3_text_shadow_style,%91object Object%93&Prime; header_4_text_shadow_horizontal_length=\u00a0\u00bbheader_4_text_shadow_style,%91object Object%93&Prime; header_4_text_shadow_vertical_length=\u00a0\u00bbheader_4_text_shadow_style,%91object Object%93&Prime; header_4_text_shadow_blur_strength=\u00a0\u00bbheader_4_text_shadow_style,%91object Object%93&Prime; header_5_text_shadow_horizontal_length=\u00a0\u00bbheader_5_text_shadow_style,%91object Object%93&Prime; header_5_text_shadow_vertical_length=\u00a0\u00bbheader_5_text_shadow_style,%91object Object%93&Prime; header_5_text_shadow_blur_strength=\u00a0\u00bbheader_5_text_shadow_style,%91object Object%93&Prime; header_6_text_shadow_horizontal_length=\u00a0\u00bbheader_6_text_shadow_style,%91object Object%93&Prime; header_6_text_shadow_vertical_length=\u00a0\u00bbheader_6_text_shadow_style,%91object Object%93&Prime; header_6_text_shadow_blur_strength=\u00a0\u00bbheader_6_text_shadow_style,%91object Object%93&Prime; z_index_tablet=\u00a0\u00bb500&Prime; \/][\/et_pb_column][\/et_pb_row][et_pb_row][et_pb_column type=\u00a0\u00bb3_4&Prime;][et_pb_text _builder_version=\u00a0\u00bb3.22.1&Prime; text_text_shadow_horizontal_length=\u00a0\u00bbtext_text_shadow_style,%91object Object%93&Prime; text_text_shadow_vertical_length=\u00a0\u00bbtext_text_shadow_style,%91object Object%93&Prime; text_text_shadow_blur_strength=\u00a0\u00bbtext_text_shadow_style,%91object Object%93&Prime; link_text_shadow_horizontal_length=\u00a0\u00bblink_text_shadow_style,%91object Object%93&Prime; link_text_shadow_vertical_length=\u00a0\u00bblink_text_shadow_style,%91object Object%93&Prime; link_text_shadow_blur_strength=\u00a0\u00bblink_text_shadow_style,%91object Object%93&Prime; ul_text_shadow_horizontal_length=\u00a0\u00bbul_text_shadow_style,%91object Object%93&Prime; ul_text_shadow_vertical_length=\u00a0\u00bbul_text_shadow_style,%91object Object%93&Prime; ul_text_shadow_blur_strength=\u00a0\u00bbul_text_shadow_style,%91object Object%93&Prime; ol_text_shadow_horizontal_length=\u00a0\u00bbol_text_shadow_style,%91object Object%93&Prime; ol_text_shadow_vertical_length=\u00a0\u00bbol_text_shadow_style,%91object Object%93&Prime; ol_text_shadow_blur_strength=\u00a0\u00bbol_text_shadow_style,%91object Object%93&Prime; quote_text_shadow_horizontal_length=\u00a0\u00bbquote_text_shadow_style,%91object Object%93&Prime; quote_text_shadow_vertical_length=\u00a0\u00bbquote_text_shadow_style,%91object Object%93&Prime; quote_text_shadow_blur_strength=\u00a0\u00bbquote_text_shadow_style,%91object Object%93&Prime; header_text_shadow_horizontal_length=\u00a0\u00bbheader_text_shadow_style,%91object Object%93&Prime; header_text_shadow_vertical_length=\u00a0\u00bbheader_text_shadow_style,%91object Object%93&Prime; header_text_shadow_blur_strength=\u00a0\u00bbheader_text_shadow_style,%91object Object%93&Prime; header_2_text_shadow_horizontal_length=\u00a0\u00bbheader_2_text_shadow_style,%91object Object%93&Prime; header_2_text_shadow_vertical_length=\u00a0\u00bbheader_2_text_shadow_style,%91object Object%93&Prime; header_2_text_shadow_blur_strength=\u00a0\u00bbheader_2_text_shadow_style,%91object Object%93&Prime; header_3_text_shadow_horizontal_length=\u00a0\u00bbheader_3_text_shadow_style,%91object Object%93&Prime; header_3_text_shadow_vertical_length=\u00a0\u00bbheader_3_text_shadow_style,%91object Object%93&Prime; header_3_text_shadow_blur_strength=\u00a0\u00bbheader_3_text_shadow_style,%91object Object%93&Prime; header_4_text_shadow_horizontal_length=\u00a0\u00bbheader_4_text_shadow_style,%91object Object%93&Prime; header_4_text_shadow_vertical_length=\u00a0\u00bbheader_4_text_shadow_style,%91object Object%93&Prime; header_4_text_shadow_blur_strength=\u00a0\u00bbheader_4_text_shadow_style,%91object Object%93&Prime; header_5_text_shadow_horizontal_length=\u00a0\u00bbheader_5_text_shadow_style,%91object Object%93&Prime; header_5_text_shadow_vertical_length=\u00a0\u00bbheader_5_text_shadow_style,%91object Object%93&Prime; header_5_text_shadow_blur_strength=\u00a0\u00bbheader_5_text_shadow_style,%91object Object%93&Prime; header_6_text_shadow_horizontal_length=\u00a0\u00bbheader_6_text_shadow_style,%91object Object%93&Prime; header_6_text_shadow_vertical_length=\u00a0\u00bbheader_6_text_shadow_style,%91object Object%93&Prime; header_6_text_shadow_blur_strength=\u00a0\u00bbheader_6_text_shadow_style,%91object Object%93&Prime; z_index_tablet=\u00a0\u00bb500&Prime;]<\/p>\n<h2>Access<\/h2>\n<blockquote>\n<p><strong>Universit\u00e9 Paris Cit\u00e9 Community<\/strong><\/p>\n<\/blockquote>\n<ul>\n<li>Unrestricted access to students, lecturers and staff of Universit\u00e9 Paris Cit\u00e9,<\/li>\n<li>Free, prioritized borrowing for students, lecturers and staff of the LCAO Department,<\/li>\n<li>Free borrowing under certain conditions for: some students from the EILA Department, students of life sciences, computer science and linguistics; staff from the Confucius Institute; and doctoral candidates and professors from laboratories managed by the University.<\/li>\n<\/ul>\n<blockquote>\n<p><strong>Other Users<\/strong><\/p>\n<\/blockquote>\n<ul>\n<li>Unrestricted access and free borrowing for doctoral candidates and professors from laboratories managed by the University, as well as students from INALCO (joint programs),<\/li>\n<li>Unrestricted access and free borrowing under certain conditions for specialists in east Asian languages and specific fields in the humanities and social sciences, in particular relating to the LCAO Department\u2019s own original collections.<\/li>\n<\/ul>\n<p>\u00a0<\/p>\n<h2>Services<\/h2>\n<ul>\n<li>Assistance with research on Asia. Send requests to\u00a0<a href=\"mailto:bibliotheque.lcao@univ-paris-diderot.fr\">bibliotheque.lcao@univ-paris-diderot.fr<\/a><\/li>\n<li>Accessing digital resources on Asia, both in person and <a href=\"https:\/\/u-paris.libguides.com\/etudesasiatiques\/bdd\">remotely<\/a><\/li>\n<li>Accessing specialized documentation about Asia from a <a href=\"http:\/\/lcao.agate-sigb.com\/rechercher\/recherche1.php\" target=\"_blank\" rel=\"noopener noreferrer\">dedicated catalogue<\/a> of over 80,000 resources<\/li>\n<li>Onsite access to <a href=\"https:\/\/lcao.wordpress-test.app.u-pariscite.fr\/la-recherche-lufr-lcao\/memoires-des-etudiants-ufr-lcao\">master\u2019s theses from the LCAO Department<\/a> (archives dating back to 1968)<\/li>\n<li>A reading room (capable of seating 80 people)<\/li>\n<li>A group study room<\/li>\n<li>Unrestricted access to 7 computers<\/li>\n<li><a href=\"https:\/\/wordpress-test.app.u-pariscite.fr\/bibliotheques\/se-connecter\/\" target=\"_blank\" rel=\"noopener noreferrer\"><strong>WiFi<\/strong><\/a> access throughout the library<\/li>\n<li>Free access to the binder machine. The library does not supply the binding equipment.<\/li>\n<\/ul>\n<h2>\u00a0<\/h2>\n<h2>Documentation in Chinese, Korean, Japanese, and Vietnamese<\/h2>\n<p>The LCAO Library\u2019s collections comprise nearly <strong>80,000 works written in Asian languages<\/strong> divided into four archives, as well as periodical collections, teaching materials (language textbooks, CDs, etc.), and language and cultural dictionaries.<\/p>\n<p>The <a href=\"https:\/\/lcao.wordpress-test.app.u-pariscite.fr\/bibliotheque-des-langues-et-civilisations-de-lasie-orientale\/fonds-documentaires\"><strong>specialized documentation of the library<\/strong><\/a> is determined based on the LCAO Department\u2019s course offerings and research.<br \/>Access to digital Asian resources is also available using the computers in the Library.<br \/>All references and necessary information can be found in the <a href=\"http:\/\/lcao.agate-sigb.com\/rechercher\/portail.php\"><strong>LCAO Library\u2019s catalogue<\/strong><\/a>.\u00a0<\/p>\n<p>\u00a0<\/p>\n<h2>Documentation on Asia in French and English at the Grands Moulins Library<\/h2>\n<p>Our users can also access Universit\u00e9 Paris Cit\u00e9\u2019 <a href=\"https:\/\/wordpress-test.app.u-pariscite.fr\/bibliotheques\/bu-grands-moulins\/\" target=\"_blank\" rel=\"noopener noreferrer\">Grands Moulins Library<\/a>, which is located on the ground floor of the same building as the LCAO Library. Documentation on east Asian countries is available in western languages such as French and English. Electronic resources in western languages can be accessed through <a href=\"https:\/\/wordpress-test.app.u-pariscite.fr\/bibliotheques\/ressources-numeriques\/\" target=\"_blank\" rel=\"noopener noreferrer\"><strong>Universit\u00e9 Paris Cit\u00e9\u2019 library portal.<\/strong><\/a><\/p>\n<p>\u00a0<\/p>\n<h2>\u00a0BULAC Archives<\/h2>\n<p>One of the Department\u2019s partner libraries is the <a href=\"https:\/\/www.bulac.fr\/\" target=\"_blank\" rel=\"noopener noreferrer\"><strong>University Library of Languages and Civilizations<\/strong><\/a> (BULAC), located near Universit\u00e9 Paris Cit\u00e9\u2019 campus at 65 rue des Grands Moulins, 75013 Paris. In addition to its<a href=\"https:\/\/koha.bulac.fr\/\" target=\"_blank\" rel=\"noopener noreferrer\"> catalogue<\/a> allowing users to access its extensive collections, BULAC offers a wide variety of <a href=\"https:\/\/www.bulac.fr\/les-collections-en-ligne\/selection-par-aire-geolinguistique\/\" target=\"_blank\" rel=\"noopener noreferrer\">digital resources<\/a>.<\/p>\n<p>\u00a0<\/p>\n<h2>Partner East Asian Libraries<\/h2>\n<p>In addition to being a member of the <a href=\"https:\/\/resap.hypotheses.org\/fonds-bibliotheques\" target=\"_blank\" rel=\"noopener noreferrer\">French Group of Asian Libraries<\/a> and the <a href=\"http:\/\/docasie.cnrs.fr\/\" target=\"_blank\" rel=\"noopener noreferrer\">DocAsie Network<\/a>, the LCAO Library partners with the following institutions:<\/p>\n<ul>\n<li>The <a href=\"https:\/\/www.college-de-france.fr\/site\/etudes-chinoises\/Presentation.htm\" target=\"_blank\" rel=\"noopener noreferrer\">Chinese<\/a>, <a href=\"https:\/\/www.college-de-france.fr\/site\/etudes-coreennes\/Presentation.htm\" target=\"_blank\" rel=\"noopener noreferrer\">Korean<\/a> and <a href=\"https:\/\/www.college-de-france.fr\/site\/etudes-japonaises\/Presentation.htm\" target=\"_blank\" rel=\"noopener noreferrer\">Japanese<\/a> Studies Libraries of <a href=\"https:\/\/www.college-de-france.fr\/site\/extreme-orient\/index.htm\" target=\"_blank\" rel=\"noopener noreferrer\">Coll\u00e8ge de France\u2019s Asian Unit<\/a>, whose collections are accessible via the <a href=\"http:\/\/omnia.college-de-france.fr\/primo_library\/libweb\/action\/search.do?&amp;vid=33PSL-CDF_V1\" target=\"_blank\" rel=\"noopener noreferrer\">Omnia<\/a> catalogue<\/li>\n<li>The <a href=\"https:\/\/www.efeo.fr\/base.php?code=259\" target=\"_blank\" rel=\"noopener noreferrer\">EFEO<\/a> Library at the Maison de l\u2019Asie \u2013 Paris<\/li>\n<li><a href=\"https:\/\/www.aibl.fr\/societe-asiatique\/bibliotheque-archives\/presentation-des-collections\/\" target=\"_blank\" rel=\"noopener noreferrer\">The Archives of the Asian Society<\/a><\/li>\n<li><a href=\"http:\/\/crlao.ehess.fr\/index.php?343\" target=\"_blank\" rel=\"noopener noreferrer\">The CRLAO Library <\/a>(Center for East Asian Linguistics)<\/li>\n<li>The <a href=\"https:\/\/www.bm-lyon.fr\/nos-blogs\/le-fonds-chinois\/\" target=\"_blank\" rel=\"noopener noreferrer\">Chinese Archives<\/a> of the <a href=\"https:\/\/catalogue.bm-lyon.fr\/accueil\" target=\"_blank\" rel=\"noopener noreferrer\">BM de Lyon Library<\/a><\/li>\n<\/ul>\n<div class=\"et_pb_toggle_content clearfix\">\u00a0<\/div>\n<p>[\/et_pb_text][\/et_pb_column][et_pb_column type=\u00a0\u00bb1_4&Prime;][\/et_pb_column][\/et_pb_row][\/et_pb_section]<\/p>\n","protected":false},"excerpt":{"rendered":"<div class=\"et_pb_row et_pb_row_0 et_pb_row_empty\"><\/div>\n<div class=\"et_pb_row et_pb_row_1 et_pb_row_empty\"><\/div>\n<div class=\"et_pb_row et_pb_row_2 et_pb_row_empty\"><\/div>\n<p> AccessUniversit\u00e9 Paris Cit\u00e9 CommunityUnrestricted access to students, lecturers and staff of Universit\u00e9 Paris Cit\u00e9,Free, prioritized borrowing for students, lecturers and staff of the LCAO Department,Free borrowing under certain conditions for: some students from the EILA Department, students of life sciences, computer science and linguistics; staff from the Confucius Institute; and doctoral candidates and professors&hellip; <a class=\"continue\" href=\"https:\/\/wordpress-test.app.u-pariscite.fr\/lcao\/en\/the-lcao-library\/\">Lire la suite<span> The LCAO Library<\/span><\/a><\/p>\n","protected":false},"author":248,"featured_media":0,"parent":0,"menu_order":0,"comment_status":"closed","ping_status":"closed","template":"","meta":{"_et_pb_use_builder":"on","_et_pb_old_content":"","_et_gb_content_width":"","footnotes":""},"class_list":["post-25122","page","type-page","status-publish","hentry"],"_links":{"self":[{"href":"https:\/\/wordpress-test.app.u-pariscite.fr\/lcao\/wp-json\/wp\/v2\/pages\/25122","targetHints":{"allow":["GET"]}}],"collection":[{"href":"https:\/\/wordpress-test.app.u-pariscite.fr\/lcao\/wp-json\/wp\/v2\/pages"}],"about":[{"href":"https:\/\/wordpress-test.app.u-pariscite.fr\/lcao\/wp-json\/wp\/v2\/types\/page"}],"author":[{"embeddable":true,"href":"https:\/\/wordpress-test.app.u-pariscite.fr\/lcao\/wp-json\/wp\/v2\/users\/248"}],"replies":[{"embeddable":true,"href":"https:\/\/wordpress-test.app.u-pariscite.fr\/lcao\/wp-json\/wp\/v2\/comments?post=25122"}],"version-history":[{"count":2,"href":"https:\/\/wordpress-test.app.u-pariscite.fr\/lcao\/wp-json\/wp\/v2\/pages\/25122\/revisions"}],"predecessor-version":[{"id":25124,"href":"https:\/\/wordpress-test.app.u-pariscite.fr\/lcao\/wp-json\/wp\/v2\/pages\/25122\/revisions\/25124"}],"wp:attachment":[{"href":"https:\/\/wordpress-test.app.u-pariscite.fr\/lcao\/wp-json\/wp\/v2\/media?parent=25122"}],"curies":[{"name":"wp","href":"https:\/\/api.w.org\/{rel}","templated":true}]}}