{"id":772,"date":"2020-02-20T15:00:54","date_gmt":"2020-02-20T14:00:54","guid":{"rendered":"https:\/\/wordpress-test.app.u-pariscite.fr\/lac\/?page_id=772"},"modified":"2022-02-21T12:36:43","modified_gmt":"2022-02-21T11:36:43","slug":"quest-ce-que-le-master-meef-second-degre-parcours-lettres-modernes","status":"publish","type":"page","link":"https:\/\/wordpress-test.app.u-pariscite.fr\/lac\/quest-ce-que-le-master-meef-second-degre-parcours-lettres-modernes\/","title":{"rendered":"Qu\u2019est-ce que le master MEEF second degr\u00e9, parcours lettres modernes ?"},"content":{"rendered":"<p>[et_pb_section bb_built=\u00a0\u00bb1&Prime; next_background_color=\u00a0\u00bb#000000&Prime; inner_width=\u00a0\u00bbauto\u00a0\u00bb inner_max_width=\u00a0\u00bbnone\u00a0\u00bb][et_pb_row _builder_version=\u00a0\u00bb3.21&Prime; width=\u00a0\u00bb80%\u00a0\u00bb max_width=\u00a0\u00bb1080px\u00a0\u00bb][et_pb_column type=\u00a0\u00bb4_4&Prime;][et_pb_post_title admin_label=\u00a0\u00bbTitre de la page\u00a0\u00bb _builder_version=\u00a0\u00bb3.19.11&Prime; meta=\u00a0\u00bboff\u00a0\u00bb featured_image=\u00a0\u00bboff\u00a0\u00bb \/][\/et_pb_column][\/et_pb_row][et_pb_row][et_pb_column type=\u00a0\u00bb3_4&Prime;][et_pb_text _builder_version=\u00a0\u00bb3.22.1&Prime; module_id=\u00a0\u00bbcontenu\u00a0\u00bb text_text_shadow_horizontal_length=\u00a0\u00bbtext_text_shadow_style,%91object Object%93&Prime; text_text_shadow_vertical_length=\u00a0\u00bbtext_text_shadow_style,%91object Object%93&Prime; text_text_shadow_blur_strength=\u00a0\u00bbtext_text_shadow_style,%91object Object%93&Prime; link_text_shadow_horizontal_length=\u00a0\u00bblink_text_shadow_style,%91object Object%93&Prime; link_text_shadow_vertical_length=\u00a0\u00bblink_text_shadow_style,%91object Object%93&Prime; link_text_shadow_blur_strength=\u00a0\u00bblink_text_shadow_style,%91object Object%93&Prime; ul_text_shadow_horizontal_length=\u00a0\u00bbul_text_shadow_style,%91object Object%93&Prime; ul_text_shadow_vertical_length=\u00a0\u00bbul_text_shadow_style,%91object Object%93&Prime; ul_text_shadow_blur_strength=\u00a0\u00bbul_text_shadow_style,%91object Object%93&Prime; ol_text_shadow_horizontal_length=\u00a0\u00bbol_text_shadow_style,%91object Object%93&Prime; ol_text_shadow_vertical_length=\u00a0\u00bbol_text_shadow_style,%91object Object%93&Prime; ol_text_shadow_blur_strength=\u00a0\u00bbol_text_shadow_style,%91object Object%93&Prime; quote_text_shadow_horizontal_length=\u00a0\u00bbquote_text_shadow_style,%91object Object%93&Prime; quote_text_shadow_vertical_length=\u00a0\u00bbquote_text_shadow_style,%91object Object%93&Prime; quote_text_shadow_blur_strength=\u00a0\u00bbquote_text_shadow_style,%91object Object%93&Prime; header_text_shadow_horizontal_length=\u00a0\u00bbheader_text_shadow_style,%91object Object%93&Prime; header_text_shadow_vertical_length=\u00a0\u00bbheader_text_shadow_style,%91object Object%93&Prime; header_text_shadow_blur_strength=\u00a0\u00bbheader_text_shadow_style,%91object Object%93&Prime; header_2_text_shadow_horizontal_length=\u00a0\u00bbheader_2_text_shadow_style,%91object Object%93&Prime; header_2_text_shadow_vertical_length=\u00a0\u00bbheader_2_text_shadow_style,%91object Object%93&Prime; header_2_text_shadow_blur_strength=\u00a0\u00bbheader_2_text_shadow_style,%91object Object%93&Prime; header_3_text_shadow_horizontal_length=\u00a0\u00bbheader_3_text_shadow_style,%91object Object%93&Prime; header_3_text_shadow_vertical_length=\u00a0\u00bbheader_3_text_shadow_style,%91object Object%93&Prime; header_3_text_shadow_blur_strength=\u00a0\u00bbheader_3_text_shadow_style,%91object Object%93&Prime; header_4_text_shadow_horizontal_length=\u00a0\u00bbheader_4_text_shadow_style,%91object Object%93&Prime; header_4_text_shadow_vertical_length=\u00a0\u00bbheader_4_text_shadow_style,%91object Object%93&Prime; header_4_text_shadow_blur_strength=\u00a0\u00bbheader_4_text_shadow_style,%91object Object%93&Prime; header_5_text_shadow_horizontal_length=\u00a0\u00bbheader_5_text_shadow_style,%91object Object%93&Prime; header_5_text_shadow_vertical_length=\u00a0\u00bbheader_5_text_shadow_style,%91object Object%93&Prime; header_5_text_shadow_blur_strength=\u00a0\u00bbheader_5_text_shadow_style,%91object Object%93&Prime; header_6_text_shadow_horizontal_length=\u00a0\u00bbheader_6_text_shadow_style,%91object Object%93&Prime; header_6_text_shadow_vertical_length=\u00a0\u00bbheader_6_text_shadow_style,%91object Object%93&Prime; header_6_text_shadow_blur_strength=\u00a0\u00bbheader_6_text_shadow_style,%91object Object%93&Prime; z_index_tablet=\u00a0\u00bb500&Prime; text_orientation=\u00a0\u00bbjustified\u00a0\u00bb]<\/p>\n<p style=\"text-align: justify\">Le master M\u00e9tiers de l\u2019enseignement, de l\u2019\u00e9ducation et de la formation (MEEF), second degr\u00e9, parcours lettres modernes, est un master professionnalisant qui s\u2019adresse aux \u00e9tudiant.e.s se destinant aux m\u00e9tiers de l\u2019enseignement et souhaitant pr\u00e9senter le Certificat d\u2019aptitude au professorat de l\u2019enseignement secondaire (CAPES) ou le Certificat d\u2019aptitude au professorat de l\u2019enseignement priv\u00e9 (CAFEP-CAPES) externe de lettres, option lettres modernes.<\/p>\n<p style=\"text-align: justify\">Il est pr\u00e9par\u00e9 \u00e0 l\u2019Universit\u00e9 Paris Cit\u00e9 en partenariat avec l\u2019Institut national sup\u00e9rieur du professorat et de l\u2019\u00e9ducation (INSP\u00c9) de Paris.<\/p>\n<p style=\"text-align: left\">Le master MEEF, second degr\u00e9, parcours lettres modernes vise trois objectifs :<\/p>\n<ol style=\"text-align: justify\">\n<li>offrir aux futur.e.s enseignant.e.s une formation disciplinaire solide ;<\/li>\n<li>pr\u00e9parer les \u00e9tudiant.e.s aux \u00e9preuves d\u2019admissibilit\u00e9 et d\u2019admission du CAPES de lettres, option lettres modernes ;<\/li>\n<li>permettre aux \u00e9tudiant.e.s l\u2019acquisition des comp\u00e9tences n\u00e9cessaires \u00e0 l\u2019exercice du m\u00e9tier d\u2019enseignant.<\/li>\n<\/ol>\n<p style=\"text-align: justify\">Le premier semestre de l\u2019ann\u00e9e de M1 est centr\u00e9 sur la ma\u00eetrise des savoirs fondamentaux des futur.e.s enseignant.e.s de langue et de litt\u00e9rature fran\u00e7aises. Le second semestre, ainsi que les deux semestres de l\u2019ann\u00e9e de M2, sont principalement consacr\u00e9s \u00e0 la pr\u00e9paration du CAPES.<br \/>Les deux ann\u00e9es de M1 et de M2 comportent des p\u00e9riodes de stages dans des \u00e9tablissements d\u2019enseignement secondaire : stages d\u2019observation et de pratique accompagn\u00e9e, puis stages en responsabilit\u00e9.<br \/>La partie disciplinaire de la pr\u00e9paration au CAPES est assur\u00e9e par les enseignant.e.s de l\u2019UFR LAC. L\u2019INSP\u00c9 de Paris compl\u00e8te la formation sur le versant professionnel et assure le suivi des stages.<\/p>\n<p style=\"text-align: left\">Les \u00e9tudiant.e.s non laur\u00e9at.e.s du concours b\u00e9n\u00e9ficient d\u2019une formation adapt\u00e9e.<\/p>\n<h3 class=\"niveau3\" style=\"text-align: justify\">Pourquoi s\u2019inscrire en master MEEF, second degr\u00e9, parcours lettres modernes \u00e0 l\u2019Universit\u00e9 Paris Diderot ?<\/h3>\n<p style=\"text-align: justify\">Ce choix est recommand\u00e9 aux \u00e9tudiant.e.s qui recherchent un petit groupe convivial et des relations faciles et fr\u00e9quentes avec les enseignants. Le travail \u00e0 fournir est important, mais il est toujours suivi, encadr\u00e9 et organis\u00e9 pour la r\u00e9ussite optimale des \u00e9tudiants.<br \/>L\u2019UFR LAC peut se pr\u00e9valoir d\u2019excellents r\u00e9sultats au CAPES de lettres, option lettres modernes depuis de nombreuses ann\u00e9es.<\/p>\n<p style=\"text-align: justify\">Les \u00e9tudiant.e.s de M1 ont la possibilit\u00e9 de choisir un s\u00e9minaire dans la liste des cours et s\u00e9minaires propos\u00e9s dans le cadre du master Recherche de l\u2019UFR LAC. Un s\u00e9minaire leur est aussi sp\u00e9cialement destin\u00e9.<\/p>\n<p><a href=\"https:\/\/wordpress-test.app.u-pariscite.fr\/lac\/wp-content\/uploads\/sites\/5\/2022\/01\/Brochure-MEEF-2021-2022.pdf\" rel=\"attachment wp-att-23192\">T\u00e9lechargez la Brochure MEEF 2021-2022<\/a><\/p>\n\n\t\t<style type=\"text\/css\">\n\t\t\t#gallery-1 {\n\t\t\t\tmargin: auto;\n\t\t\t}\n\t\t\t#gallery-1 .gallery-item {\n\t\t\t\tfloat: left;\n\t\t\t\tmargin-top: 10px;\n\t\t\t\ttext-align: center;\n\t\t\t\twidth: 25%;\n\t\t\t}\n\t\t\t#gallery-1 img {\n\t\t\t\tborder: 2px solid #cfcfcf;\n\t\t\t}\n\t\t\t#gallery-1 .gallery-caption {\n\t\t\t\tmargin-left: 0;\n\t\t\t}\n\t\t\t\/* see gallery_shortcode() in wp-includes\/media.php *\/\n\t\t<\/style>\n\t\t<div id='gallery-1' class='gallery galleryid-772 gallery-columns-4 gallery-size-thumbnail'><dl class='gallery-item'>\n\t\t\t<dt class='gallery-icon landscape'>\n\t\t\t\t<a href='https:\/\/wordpress-test.app.u-pariscite.fr\/lac\/quest-ce-que-le-master-meef-second-degre-parcours-lettres-modernes\/ufrlac-mastermeef_1_small\/'><img loading=\"lazy\" decoding=\"async\" width=\"150\" height=\"150\" src=\"https:\/\/wordpress-test.app.u-pariscite.fr\/lac\/wp-content\/uploads\/sites\/5\/2020\/02\/ufrlac-mastermeef_1_small-150x150.jpeg\" class=\"attachment-thumbnail size-thumbnail\" alt=\"\" srcset=\"https:\/\/wordpress-test.app.u-pariscite.fr\/lac\/wp-content\/uploads\/sites\/5\/2020\/02\/ufrlac-mastermeef_1_small-150x150.jpeg 150w, https:\/\/wordpress-test.app.u-pariscite.fr\/lac\/wp-content\/uploads\/sites\/5\/2020\/02\/ufrlac-mastermeef_1_small-300x300.jpeg 300w, https:\/\/wordpress-test.app.u-pariscite.fr\/lac\/wp-content\/uploads\/sites\/5\/2020\/02\/ufrlac-mastermeef_1_small.jpeg 450w\" sizes=\"(max-width: 150px) 100vw, 150px\" \/><\/a>\n\t\t\t<\/dt><\/dl><dl class='gallery-item'>\n\t\t\t<dt class='gallery-icon landscape'>\n\t\t\t\t<a href='https:\/\/wordpress-test.app.u-pariscite.fr\/lac\/quest-ce-que-le-master-meef-second-degre-parcours-lettres-modernes\/ufrlac-mastermeef_2_small\/'><img loading=\"lazy\" decoding=\"async\" width=\"150\" height=\"150\" src=\"https:\/\/wordpress-test.app.u-pariscite.fr\/lac\/wp-content\/uploads\/sites\/5\/2020\/02\/ufrlac-mastermeef_2_small-150x150.jpeg\" class=\"attachment-thumbnail size-thumbnail\" alt=\"\" srcset=\"https:\/\/wordpress-test.app.u-pariscite.fr\/lac\/wp-content\/uploads\/sites\/5\/2020\/02\/ufrlac-mastermeef_2_small-150x150.jpeg 150w, https:\/\/wordpress-test.app.u-pariscite.fr\/lac\/wp-content\/uploads\/sites\/5\/2020\/02\/ufrlac-mastermeef_2_small-300x300.jpeg 300w, https:\/\/wordpress-test.app.u-pariscite.fr\/lac\/wp-content\/uploads\/sites\/5\/2020\/02\/ufrlac-mastermeef_2_small.jpeg 450w\" sizes=\"(max-width: 150px) 100vw, 150px\" \/><\/a>\n\t\t\t<\/dt><\/dl><dl class='gallery-item'>\n\t\t\t<dt class='gallery-icon landscape'>\n\t\t\t\t<a href='https:\/\/wordpress-test.app.u-pariscite.fr\/lac\/quest-ce-que-le-master-meef-second-degre-parcours-lettres-modernes\/ufrlac-mastermeef_3\/'><img loading=\"lazy\" decoding=\"async\" width=\"150\" height=\"150\" src=\"https:\/\/wordpress-test.app.u-pariscite.fr\/lac\/wp-content\/uploads\/sites\/5\/2020\/02\/ufrlac-mastermeef_3-150x150.jpeg\" class=\"attachment-thumbnail size-thumbnail\" alt=\"\" srcset=\"https:\/\/wordpress-test.app.u-pariscite.fr\/lac\/wp-content\/uploads\/sites\/5\/2020\/02\/ufrlac-mastermeef_3-150x150.jpeg 150w, https:\/\/wordpress-test.app.u-pariscite.fr\/lac\/wp-content\/uploads\/sites\/5\/2020\/02\/ufrlac-mastermeef_3-300x300.jpeg 300w, https:\/\/wordpress-test.app.u-pariscite.fr\/lac\/wp-content\/uploads\/sites\/5\/2020\/02\/ufrlac-mastermeef_3.jpeg 450w\" sizes=\"(max-width: 150px) 100vw, 150px\" \/><\/a>\n\t\t\t<\/dt><\/dl><dl class='gallery-item'>\n\t\t\t<dt class='gallery-icon landscape'>\n\t\t\t\t<a href='https:\/\/wordpress-test.app.u-pariscite.fr\/lac\/quest-ce-que-le-master-meef-second-degre-parcours-lettres-modernes\/ufrlac-mastermeef_4_small\/'><img loading=\"lazy\" decoding=\"async\" width=\"150\" height=\"150\" src=\"https:\/\/wordpress-test.app.u-pariscite.fr\/lac\/wp-content\/uploads\/sites\/5\/2020\/02\/ufrlac-mastermeef_4_small-150x150.jpeg\" class=\"attachment-thumbnail size-thumbnail\" alt=\"\" srcset=\"https:\/\/wordpress-test.app.u-pariscite.fr\/lac\/wp-content\/uploads\/sites\/5\/2020\/02\/ufrlac-mastermeef_4_small-150x150.jpeg 150w, https:\/\/wordpress-test.app.u-pariscite.fr\/lac\/wp-content\/uploads\/sites\/5\/2020\/02\/ufrlac-mastermeef_4_small-300x300.jpeg 300w, https:\/\/wordpress-test.app.u-pariscite.fr\/lac\/wp-content\/uploads\/sites\/5\/2020\/02\/ufrlac-mastermeef_4_small.jpeg 450w\" sizes=\"(max-width: 150px) 100vw, 150px\" \/><\/a>\n\t\t\t<\/dt><\/dl><br style=\"clear: both\" \/>\n\t\t<\/div>\n\n<p>[\/et_pb_text][et_pb_divider _builder_version=\u00a0\u00bb3.22.1&Prime; z_index_tablet=\u00a0\u00bb500&Prime; \/][\/et_pb_column][et_pb_column type=\u00a0\u00bb1_4&Prime;][et_pb_text _builder_version=\u00a0\u00bb3.22.1&Prime; text_text_shadow_horizontal_length=\u00a0\u00bbtext_text_shadow_style,%91object Object%93&Prime; text_text_shadow_vertical_length=\u00a0\u00bbtext_text_shadow_style,%91object Object%93&Prime; text_text_shadow_blur_strength=\u00a0\u00bbtext_text_shadow_style,%91object Object%93&Prime; link_text_shadow_horizontal_length=\u00a0\u00bblink_text_shadow_style,%91object Object%93&Prime; link_text_shadow_vertical_length=\u00a0\u00bblink_text_shadow_style,%91object Object%93&Prime; link_text_shadow_blur_strength=\u00a0\u00bblink_text_shadow_style,%91object Object%93&Prime; ul_text_shadow_horizontal_length=\u00a0\u00bbul_text_shadow_style,%91object Object%93&Prime; ul_text_shadow_vertical_length=\u00a0\u00bbul_text_shadow_style,%91object Object%93&Prime; ul_text_shadow_blur_strength=\u00a0\u00bbul_text_shadow_style,%91object Object%93&Prime; ol_text_shadow_horizontal_length=\u00a0\u00bbol_text_shadow_style,%91object Object%93&Prime; ol_text_shadow_vertical_length=\u00a0\u00bbol_text_shadow_style,%91object Object%93&Prime; ol_text_shadow_blur_strength=\u00a0\u00bbol_text_shadow_style,%91object Object%93&Prime; quote_text_shadow_horizontal_length=\u00a0\u00bbquote_text_shadow_style,%91object Object%93&Prime; quote_text_shadow_vertical_length=\u00a0\u00bbquote_text_shadow_style,%91object Object%93&Prime; quote_text_shadow_blur_strength=\u00a0\u00bbquote_text_shadow_style,%91object Object%93&Prime; header_text_shadow_horizontal_length=\u00a0\u00bbheader_text_shadow_style,%91object Object%93&Prime; header_text_shadow_vertical_length=\u00a0\u00bbheader_text_shadow_style,%91object Object%93&Prime; header_text_shadow_blur_strength=\u00a0\u00bbheader_text_shadow_style,%91object Object%93&Prime; header_2_text_shadow_horizontal_length=\u00a0\u00bbheader_2_text_shadow_style,%91object Object%93&Prime; header_2_text_shadow_vertical_length=\u00a0\u00bbheader_2_text_shadow_style,%91object Object%93&Prime; header_2_text_shadow_blur_strength=\u00a0\u00bbheader_2_text_shadow_style,%91object Object%93&Prime; header_3_text_shadow_horizontal_length=\u00a0\u00bbheader_3_text_shadow_style,%91object Object%93&Prime; header_3_text_shadow_vertical_length=\u00a0\u00bbheader_3_text_shadow_style,%91object Object%93&Prime; header_3_text_shadow_blur_strength=\u00a0\u00bbheader_3_text_shadow_style,%91object Object%93&Prime; header_4_text_shadow_horizontal_length=\u00a0\u00bbheader_4_text_shadow_style,%91object Object%93&Prime; header_4_text_shadow_vertical_length=\u00a0\u00bbheader_4_text_shadow_style,%91object Object%93&Prime; header_4_text_shadow_blur_strength=\u00a0\u00bbheader_4_text_shadow_style,%91object Object%93&Prime; header_5_text_shadow_horizontal_length=\u00a0\u00bbheader_5_text_shadow_style,%91object Object%93&Prime; header_5_text_shadow_vertical_length=\u00a0\u00bbheader_5_text_shadow_style,%91object Object%93&Prime; header_5_text_shadow_blur_strength=\u00a0\u00bbheader_5_text_shadow_style,%91object Object%93&Prime; header_6_text_shadow_horizontal_length=\u00a0\u00bbheader_6_text_shadow_style,%91object Object%93&Prime; header_6_text_shadow_vertical_length=\u00a0\u00bbheader_6_text_shadow_style,%91object Object%93&Prime; header_6_text_shadow_blur_strength=\u00a0\u00bbheader_6_text_shadow_style,%91object Object%93&Prime; z_index_tablet=\u00a0\u00bb500&Prime;]<\/p>\n<p>&nbsp;<\/p>\n<p><a href=\"https:\/\/wordpress-test.app.u-pariscite.fr\/lac\/wp-content\/uploads\/sites\/5\/2022\/01\/Brochure-MEEF-2021-2022.pdf\" rel=\"attachment wp-att-23192\">T\u00e9lechargez la Brochure MEEF 2021-2022<\/a><\/p>\n<p>&nbsp;<\/p>\n<p><a href=\"https:\/\/odf.wordpress-test.app.u-pariscite.fr\/fr\/offre-de-formation\/master-XB\/arts-lettres-langues-ALL\/metiers-de-l-enseignement-de-l-education-et-de-la-formation-meef-2e-degre-arts-lettres-langues-K4E69XE1\/master-metiers-de-l-enseignement-de-l-education-et-de-la-formation-2nd-degre-parcours-lettres-modernes-JRXADMDK.html\">Consultez la fiche d\u00e9taill\u00e9e du master MEEF<\/a><\/p>\n<p>[\/et_pb_text][\/et_pb_column][\/et_pb_row][\/et_pb_section][et_pb_section bb_built=\u00a0\u00bb1&Prime; specialty=\u00a0\u00bboff\u00a0\u00bb prev_background_color=\u00a0\u00bb#000000&Prime; _builder_version=\u00a0\u00bb3.19.11&Prime; custom_padding=\u00a0\u00bb0px||0px|\u00a0\u00bb inner_width=\u00a0\u00bbauto\u00a0\u00bb inner_max_width=\u00a0\u00bbnone\u00a0\u00bb][et_pb_row _builder_version=\u00a0\u00bb3.19.11&Prime; width=\u00a0\u00bb80%\u00a0\u00bb max_width=\u00a0\u00bb1080px\u00a0\u00bb][et_pb_column type=\u00a0\u00bb4_4&Prime;][et_pb_text admin_label=\u00a0\u00bbArticles similaires\u00a0\u00bb _builder_version=\u00a0\u00bb3.22.1&Prime;]<\/p>\n<h2><span class=\"st\">\u00c0<\/span> lire aussi<\/h2>\n<p>[\/et_pb_text][et_pb_blog _builder_version=\u00a0\u00bb3.22.1&Prime; posts_number=\u00a0\u00bb4&Prime; include_categories=\u00a0\u00bb34,1&Prime; show_author=\u00a0\u00bboff\u00a0\u00bb show_date=\u00a0\u00bboff\u00a0\u00bb show_pagination=\u00a0\u00bboff\u00a0\u00bb border_width_bottom_fullwidth=\u00a0\u00bb1px\u00a0\u00bb border_color_bottom_fullwidth=\u00a0\u00bbrgba(51,51,51,0.18)\u00a0\u00bb custom_padding=\u00a0\u00bb||50px|\u00a0\u00bb module_id=\u00a0\u00bbpage_type_blog\u00a0\u00bb header_level=\u00a0\u00bbh4&Prime; text_shadow_horizontal_length=\u00a0\u00bbtext_shadow_style,%91object Object%93&Prime; text_shadow_vertical_length=\u00a0\u00bbtext_shadow_style,%91object Object%93&Prime; text_shadow_blur_strength=\u00a0\u00bbtext_shadow_style,%91object Object%93&Prime; header_text_shadow_horizontal_length=\u00a0\u00bbheader_text_shadow_style,%91object Object%93&Prime; header_text_shadow_vertical_length=\u00a0\u00bbheader_text_shadow_style,%91object Object%93&Prime; header_text_shadow_blur_strength=\u00a0\u00bbheader_text_shadow_style,%91object Object%93&Prime; body_text_shadow_horizontal_length=\u00a0\u00bbbody_text_shadow_style,%91object Object%93&Prime; body_text_shadow_vertical_length=\u00a0\u00bbbody_text_shadow_style,%91object Object%93&Prime; body_text_shadow_blur_strength=\u00a0\u00bbbody_text_shadow_style,%91object Object%93&Prime; meta_text_shadow_horizontal_length=\u00a0\u00bbmeta_text_shadow_style,%91object Object%93&Prime; meta_text_shadow_vertical_length=\u00a0\u00bbmeta_text_shadow_style,%91object Object%93&Prime; meta_text_shadow_blur_strength=\u00a0\u00bbmeta_text_shadow_style,%91object Object%93&Prime; pagination_text_shadow_horizontal_length=\u00a0\u00bbpagination_text_shadow_style,%91object Object%93&Prime; pagination_text_shadow_vertical_length=\u00a0\u00bbpagination_text_shadow_style,%91object Object%93&Prime; pagination_text_shadow_blur_strength=\u00a0\u00bbpagination_text_shadow_style,%91object Object%93&Prime; z_index_tablet=\u00a0\u00bb500&Prime; \/][\/et_pb_column][\/et_pb_row][\/et_pb_section]<\/p>\n","protected":false},"excerpt":{"rendered":"<div class=\"et_pb_row et_pb_row_0 et_pb_row_empty\"><\/div>\n<p> Le master M\u00e9tiers de l\u2019enseignement, de l\u2019\u00e9ducation et de la formation (MEEF), second degr\u00e9, parcours lettres modernes, est un master professionnalisant qui s\u2019adresse aux \u00e9tudiant.e.s se destinant aux m\u00e9tiers de l\u2019enseignement et souhaitant pr\u00e9senter le Certificat d\u2019aptitude au professorat de l\u2019enseignement secondaire (CAPES) ou le Certificat d\u2019aptitude au professorat de l\u2019enseignement priv\u00e9 (CAFEP-CAPES) externe&hellip; <a class=\"continue\" href=\"https:\/\/wordpress-test.app.u-pariscite.fr\/lac\/quest-ce-que-le-master-meef-second-degre-parcours-lettres-modernes\/\">Lire la suite<span> Qu\u2019est-ce que le master MEEF second degr\u00e9, parcours lettres modernes ?<\/span><\/a><\/p>\n","protected":false},"author":33,"featured_media":0,"parent":0,"menu_order":0,"comment_status":"closed","ping_status":"closed","template":"","meta":{"_et_pb_use_builder":"on","_et_pb_old_content":"","_et_gb_content_width":"","footnotes":""},"class_list":["post-772","page","type-page","status-publish","hentry"],"_links":{"self":[{"href":"https:\/\/wordpress-test.app.u-pariscite.fr\/lac\/wp-json\/wp\/v2\/pages\/772","targetHints":{"allow":["GET"]}}],"collection":[{"href":"https:\/\/wordpress-test.app.u-pariscite.fr\/lac\/wp-json\/wp\/v2\/pages"}],"about":[{"href":"https:\/\/wordpress-test.app.u-pariscite.fr\/lac\/wp-json\/wp\/v2\/types\/page"}],"author":[{"embeddable":true,"href":"https:\/\/wordpress-test.app.u-pariscite.fr\/lac\/wp-json\/wp\/v2\/users\/33"}],"replies":[{"embeddable":true,"href":"https:\/\/wordpress-test.app.u-pariscite.fr\/lac\/wp-json\/wp\/v2\/comments?post=772"}],"version-history":[{"count":19,"href":"https:\/\/wordpress-test.app.u-pariscite.fr\/lac\/wp-json\/wp\/v2\/pages\/772\/revisions"}],"predecessor-version":[{"id":23207,"href":"https:\/\/wordpress-test.app.u-pariscite.fr\/lac\/wp-json\/wp\/v2\/pages\/772\/revisions\/23207"}],"wp:attachment":[{"href":"https:\/\/wordpress-test.app.u-pariscite.fr\/lac\/wp-json\/wp\/v2\/media?parent=772"}],"curies":[{"name":"wp","href":"https:\/\/api.w.org\/{rel}","templated":true}]}}