{"id":586,"date":"2020-02-19T14:36:08","date_gmt":"2020-02-19T13:36:08","guid":{"rendered":"https:\/\/wordpress-test.app.u-pariscite.fr\/lac\/?page_id=586"},"modified":"2024-11-21T15:30:48","modified_gmt":"2024-11-21T14:30:48","slug":"atelier-master","status":"publish","type":"page","link":"https:\/\/wordpress-test.app.u-pariscite.fr\/lac\/atelier-master\/","title":{"rendered":"Atelier Master"},"content":{"rendered":"<p>[et_pb_section bb_built=\u00a0\u00bb1&Prime; next_background_color=\u00a0\u00bb#000000&Prime; inner_width=\u00a0\u00bbauto\u00a0\u00bb inner_max_width=\u00a0\u00bbnone\u00a0\u00bb][et_pb_row _builder_version=\u00a0\u00bb3.21&Prime; width=\u00a0\u00bb80%\u00a0\u00bb max_width=\u00a0\u00bb1080px\u00a0\u00bb][et_pb_column type=\u00a0\u00bb4_4&Prime;][et_pb_post_title admin_label=\u00a0\u00bbTitre de la page\u00a0\u00bb _builder_version=\u00a0\u00bb3.22.1&Prime; meta=\u00a0\u00bboff\u00a0\u00bb featured_image=\u00a0\u00bboff\u00a0\u00bb text_shadow_horizontal_length=\u00a0\u00bbtext_shadow_style,%91object Object%93&Prime; text_shadow_vertical_length=\u00a0\u00bbtext_shadow_style,%91object Object%93&Prime; text_shadow_blur_strength=\u00a0\u00bbtext_shadow_style,%91object Object%93&Prime; title_text_shadow_horizontal_length=\u00a0\u00bbtitle_text_shadow_style,%91object Object%93&Prime; title_text_shadow_vertical_length=\u00a0\u00bbtitle_text_shadow_style,%91object Object%93&Prime; title_text_shadow_blur_strength=\u00a0\u00bbtitle_text_shadow_style,%91object Object%93&Prime; meta_text_shadow_horizontal_length=\u00a0\u00bbmeta_text_shadow_style,%91object Object%93&Prime; meta_text_shadow_vertical_length=\u00a0\u00bbmeta_text_shadow_style,%91object Object%93&Prime; meta_text_shadow_blur_strength=\u00a0\u00bbmeta_text_shadow_style,%91object Object%93&Prime; z_index_tablet=\u00a0\u00bb500&Prime; \/][et_pb_text _builder_version=\u00a0\u00bb3.22.1&Prime; text_text_shadow_horizontal_length=\u00a0\u00bbtext_text_shadow_style,%91object Object%93&Prime; text_text_shadow_vertical_length=\u00a0\u00bbtext_text_shadow_style,%91object Object%93&Prime; text_text_shadow_blur_strength=\u00a0\u00bbtext_text_shadow_style,%91object Object%93&Prime; link_text_shadow_horizontal_length=\u00a0\u00bblink_text_shadow_style,%91object Object%93&Prime; link_text_shadow_vertical_length=\u00a0\u00bblink_text_shadow_style,%91object Object%93&Prime; link_text_shadow_blur_strength=\u00a0\u00bblink_text_shadow_style,%91object Object%93&Prime; ul_text_shadow_horizontal_length=\u00a0\u00bbul_text_shadow_style,%91object Object%93&Prime; ul_text_shadow_vertical_length=\u00a0\u00bbul_text_shadow_style,%91object Object%93&Prime; ul_text_shadow_blur_strength=\u00a0\u00bbul_text_shadow_style,%91object Object%93&Prime; ol_text_shadow_horizontal_length=\u00a0\u00bbol_text_shadow_style,%91object Object%93&Prime; ol_text_shadow_vertical_length=\u00a0\u00bbol_text_shadow_style,%91object Object%93&Prime; ol_text_shadow_blur_strength=\u00a0\u00bbol_text_shadow_style,%91object Object%93&Prime; quote_text_shadow_horizontal_length=\u00a0\u00bbquote_text_shadow_style,%91object Object%93&Prime; quote_text_shadow_vertical_length=\u00a0\u00bbquote_text_shadow_style,%91object Object%93&Prime; quote_text_shadow_blur_strength=\u00a0\u00bbquote_text_shadow_style,%91object Object%93&Prime; header_text_shadow_horizontal_length=\u00a0\u00bbheader_text_shadow_style,%91object Object%93&Prime; header_text_shadow_vertical_length=\u00a0\u00bbheader_text_shadow_style,%91object Object%93&Prime; header_text_shadow_blur_strength=\u00a0\u00bbheader_text_shadow_style,%91object Object%93&Prime; header_2_text_shadow_horizontal_length=\u00a0\u00bbheader_2_text_shadow_style,%91object Object%93&Prime; header_2_text_shadow_vertical_length=\u00a0\u00bbheader_2_text_shadow_style,%91object Object%93&Prime; header_2_text_shadow_blur_strength=\u00a0\u00bbheader_2_text_shadow_style,%91object Object%93&Prime; header_3_text_shadow_horizontal_length=\u00a0\u00bbheader_3_text_shadow_style,%91object Object%93&Prime; header_3_text_shadow_vertical_length=\u00a0\u00bbheader_3_text_shadow_style,%91object Object%93&Prime; header_3_text_shadow_blur_strength=\u00a0\u00bbheader_3_text_shadow_style,%91object Object%93&Prime; header_4_text_shadow_horizontal_length=\u00a0\u00bbheader_4_text_shadow_style,%91object Object%93&Prime; header_4_text_shadow_vertical_length=\u00a0\u00bbheader_4_text_shadow_style,%91object Object%93&Prime; header_4_text_shadow_blur_strength=\u00a0\u00bbheader_4_text_shadow_style,%91object Object%93&Prime; header_5_text_shadow_horizontal_length=\u00a0\u00bbheader_5_text_shadow_style,%91object Object%93&Prime; header_5_text_shadow_vertical_length=\u00a0\u00bbheader_5_text_shadow_style,%91object Object%93&Prime; header_5_text_shadow_blur_strength=\u00a0\u00bbheader_5_text_shadow_style,%91object Object%93&Prime; header_6_text_shadow_horizontal_length=\u00a0\u00bbheader_6_text_shadow_style,%91object Object%93&Prime; header_6_text_shadow_vertical_length=\u00a0\u00bbheader_6_text_shadow_style,%91object Object%93&Prime; header_6_text_shadow_blur_strength=\u00a0\u00bbheader_6_text_shadow_style,%91object Object%93&Prime; z_index_tablet=\u00a0\u00bb500&Prime;]<\/p>\n<div class=\"panel-pane pane-entity-field pane-node-title-field\">\n<div class=\"pane-content\">\n<div class=\"field field-name-title-field field-type-text field-label-hidden\">\n<div class=\"field-items\">\n<div class=\"field-item even\">\n<h3>Etudes cin\u00e9matographiques \/ Itin\u00e9raire Pratique de r\u00e9alisation<\/h3>\n<\/div>\n<p><strong>L&rsquo;itin\u00e9raire \u00ab Pratique de r\u00e9alisation \u00bb<\/strong> <strong>consiste en un atelier de r\u00e9alisation documentaire organis\u00e9 par les Ateliers Cin\u00e9ma. <\/strong><\/p>\n<p><strong>L\u2019Atelier se d\u00e9roule sur les deux semestres<\/strong> et s\u2019adresse en priorit\u00e9 aux \u00e9tudiants.es qui souhaitent mener une r\u00e9flexion sur la cr\u00e9ation cin\u00e9matographique<strong> en s\u2019impliquant dans la conception et la fabrication d&rsquo;un film documentaire<\/strong>. <strong>Le principe est le suivant<\/strong>\u00a0: un.e <strong>cin\u00e9aste <\/strong>propose \u00e0 un groupe de quinze \u00e9tudiants.es de s\u2019initier <strong>aux enjeux et pratiques du cin\u00e9ma documentaire,<\/strong> \u00e0 travers <strong>un travail de r\u00e9alisation cin\u00e9matographique personnel<\/strong>. <strong>Trois ou quatre projets de films<\/strong> <strong>seront choisis<\/strong> parmi ceux propos\u00e9s par chaque \u00e9tudiant.e <strong>pour \u00eatre d\u00e9velopp\u00e9s et r\u00e9alis\u00e9s.<\/strong><\/p>\n<p><a href=\"https:\/\/wordpress-test.app.u-pariscite.fr\/lac\/wp-content\/uploads\/sites\/5\/2024\/06\/Candidature-Atelier-Master-2024-2025-DEF.pdf\"><strong>L&rsquo;appel \u00e0 candidatures est d\u00e9sormais ouvert pour l&rsquo;ann\u00e9e 2024-2025 <\/strong><\/a><\/p>\n<h3><strong>Atelier de r\u00e9alisation documentaire<\/strong><\/h3>\n<h3><a href=\"https:\/\/wordpress-test.app.u-pariscite.fr\/lac\/ina-seghezzi\/\">dirig\u00e9 par Ina Seghezzi<\/a><\/h3>\n<div class=\"field-item even\">\n<h4><strong>1er et 2nd semestres 2024-2025<\/strong><\/h4>\n<h3><strong>La nuit<\/strong><\/h3>\n<p><a href=\"https:\/\/wordpress-test.app.u-pariscite.fr\/lac\/wp-content\/uploads\/sites\/5\/2024\/06\/MasterAtelier-Pratique-de-re\u0301alisation.pdf\"><strong>T\u00e9l\u00e9chargez la pr\u00e9sentation et le calendrier de l&rsquo;Atelier 2024-2025<\/strong><\/a><\/p>\n<h4>Calendrier de l&rsquo;atelier<\/h4>\n<\/div>\n<\/div>\n<\/div>\n<\/div>\n<\/div>\n<div class=\"panel-pane pane-entity-field pane-node-body\">\n<div class=\"pane-content\">\n<div class=\"field field-name-body field-type-text-with-summary field-label-hidden\">\n<div class=\"field-items\">\n<div class=\"field-item even\">\n<p>Chaque \u00e9tudiant.e devra proposer d\u00e8s la 1<sup>\u00e8re<\/sup> s\u00e9ance un projet de film en ad\u00e9quation avec la th\u00e9matique de l\u2019atelier.<\/p>\n<ul>\n<li>\n<p><strong>1<sup>\u00e8re<\/sup> s\u00e9ance : jeudi 26 septembre de 10h \u00e0 17h<\/strong>, en 679C : Rencontre autour des projets de films propos\u00e9s et de l\u2019approche de la th\u00e9matique. Projection d\u2019un film court.<\/p>\n<\/li>\n<li>\n<p><strong>2<sup>\u00e8me<\/sup> s\u00e9ance <\/strong>: <strong>jeudi 3 octobre de 9h \u00e0 18h<\/strong>, en 785C et 679C: Initiation technique prise de vue et prise de son encadr\u00e9e par Franck Moulin (9h-12h). Exercices \u00ab\u00a0tourn\u00e9-mont\u00e9\u00a0\u00bb et visionnages. Exercice \u00ab Le Plan Lumi\u00e8re\u00a0\u00bb.<\/p>\n<\/li>\n<li>\n<p><strong>3<sup>\u00e8me<\/sup> s\u00e9ance :<\/strong> <strong>jeudi 10 octobre de <\/strong><strong>10h \u00e0 17h<\/strong>, en 679 : Visionnages des \u00ab\u00a0Plans Lumi\u00e8re\u00a0\u00bb. Discussion sur les projets de films.<\/p>\n<\/li>\n<li>\n<p><strong>4<sup>\u00e8me<\/sup> s\u00e9ance\u00a0<\/strong>: <strong>jeudi 17 octobre <\/strong><strong>de 10h \u00e0 17h<\/strong>, en 679C : Annonce du choix des 4 films. Constitution des \u00e9quipes. Travail sur les projets de film. Proposition d\u2019exercices \u00e0 r\u00e9aliser par chaque \u00e9quipe pour la prochaine s\u00e9ance.<\/p>\n<\/li>\n<li>\n<p><strong>Du vendredi 18 au mercredi 23 octobre<\/strong>\u00a0: RDV \u00e0 d\u00e9finir avec Franck Moulin : les \u00e9tudiants tournent les exercices d\u00e9finis en fonction de la singularit\u00e9 de chaque projet.<\/p>\n<\/li>\n<li>\n<p><strong>5<sup>\u00e8me<\/sup> s\u00e9ance\u00a0<\/strong>: <strong>jeudi 24 octobre de 10h \u00e0 17h, <\/strong>en 679C: Visionnage des exercices film\u00e9s. Travail Poursuite du travail d\u2019\u00e9criture des films et pr\u00e9paration des rep\u00e9rages film\u00e9s.<\/p>\n<\/li>\n<li>\n<p><strong>6<sup>\u00e8me<\/sup> s\u00e9ance\u00a0<\/strong>: <strong>mardi 5 et mercredi 6 novembre de 10h \u00e0 17h<\/strong>, en 791C : Atelier prise de son avec l&rsquo;ing\u00e9nieur du son Gr\u00e9gory Le Ma\u00eetre.<\/p>\n<\/li>\n<li>\n<p><strong>7<sup>\u00e8me<\/sup> s\u00e9ance : jeudi 7 novembre de 10h \u00e0 17h : <\/strong>Pr\u00e9paration des rep\u00e9rages film\u00e9s<\/p>\n<\/li>\n<li>\n<p><strong>Entre le vendredi 8 et le mardi <\/strong><strong>12 novembre, <\/strong>en 785C : Les \u00e9tudiants partent avec du mat\u00e9riel de tournage pour des rep\u00e9rages film\u00e9s. RDV emprunt mat\u00e9riel \u00e0 d\u00e9finir avec Franck Moulin.<\/p>\n<\/li>\n<li>\n<p><strong>8<sup>\u00e8me<\/sup> s\u00e9ance\u00a0<\/strong>: <strong>jeudi 14 novembre de 10h \u00e0 17h, <\/strong>en 679C : Visionnage des rep\u00e9rages film\u00e9s.<\/p>\n<\/li>\n<li>\n<p><strong>9<sup>\u00e8me<\/sup> s\u00e9ance\u00a0<\/strong>: <strong>jeudi 21 novembre<\/strong> <strong>de 10h \u00e0 17h, <\/strong>en 679C : Poursuite du travail d\u2019\u00e9criture.<\/p>\n<\/li>\n<li>\n<p><strong>10<sup>\u00e8me<\/sup> s\u00e9ance\u00a0: jeudi 28 novembre de 10h \u00e0 17h<\/strong>, en 679C : Pr\u00e9paration des tournages.<\/p>\n<\/li>\n<li>\n<p><strong>Jeudi 5 et vendredi 6 d\u00e9cembre<\/strong>, en 785C : Rappel technique Image et Son\u00a0 et emprunt mat\u00e9riel : RDV par \u00e9quipe \u00e0 d\u00e9finir avec Franck Moulin.<\/p>\n<\/li>\n<li>\n<p><strong>Tournages 1<\/strong> : du samedi 7 au vendredi 13 d\u00e9cembre (retour mat\u00e9riel inclus).<\/p>\n<\/li>\n<li>\n<p><strong>D\u00e9rushage <\/strong>: du lundi 16 au vendredi 20 d\u00e9cembre, en 791C<\/p>\n<\/li>\n<li>\n<p><strong>1<sup>\u00e8re<\/sup> phase\u00a0Montage <\/strong>: du lundi 6 au jeudi 23 janvier, en 791C<\/p>\n<\/li>\n<li>\n<p>Lundi 13 janvier de 9h30 \u00e0 18h : RDV avec Ina Seghezzi<\/p>\n<\/li>\n<li>\n<p>Lundi 20 janvier de 9h30 \u00e0 18h : RDV avec Ina Seghezzi<\/p>\n<\/li>\n<li>\n<p><strong>Tournages 2<\/strong> : du vendredi 24 janvier au vendredi 31 janvier (emprunt et retour mat\u00e9riel inclus).<\/p>\n<\/li>\n<li>\n<p><strong>2<sup>\u00e8me<\/sup> phase\u00a0Montage <\/strong>: Du lundi 3 au vendredi 14 f\u00e9vrier (sauf le mercredi 7 f\u00e9vrier), en 785C. Et du lundi 10 au vendredi 14 mars, en 791C<\/p>\n<\/li>\n<li>\n<p>Lundi 3 f\u00e9vrier de 9h30 \u00e0 18h : RDV avec Ina Seghezzi<\/p>\n<\/li>\n<li>\n<p>Lundi 10 mars de 9h30 \u00e0 18h : RDV avec Ina Seghezzi<\/p>\n<\/li>\n<li>\n<p><strong>3<sup>\u00e8me<\/sup> phase Montage <\/strong>: du mercredi 16 au vendredi 25 avril, en 791C<\/p>\n<\/li>\n<li>\n<p>Mercredi 16 avril de 9h30 \u00e0 18h : Projections des montages<\/p>\n<\/li>\n<li>\n<p>Jeudi 24 avril de 9h30 \u00e0 18h : RDV avec Ina Seghezzi<\/p>\n<\/li>\n<li>\n<p><strong>Finitions Montage\u00a0<\/strong>: du lundi 28 avril au mercredi 7 mai, en 791C (fermeture le pont du 1<sup>er<\/sup>mai : jeudi 1er et vendredi 2 mai)<\/p>\n<\/li>\n<li>\n<p>Lundi 5 mai de 9h30 \u00e0 18h : RDV avec Ina Seghezzi<\/p>\n<\/li>\n<li>\n<p><strong>Mixages <\/strong>: du lundi 12 au lundi 26 mai, en 678C, 674C et 676C<\/p>\n<\/li>\n<li>\n<p><strong>Projection\u00a0<\/strong>: mercredi 28 mai, \u00e0 18h, en amphi 11<sup>E<\/sup><\/p>\n<\/li>\n<li>\n<p><strong>Bilan de l\u2019atelier<\/strong> : mercredi 4 juin \u00e0 18h<\/p>\n<\/li>\n<\/ul>\n<\/div>\n<\/div>\n<\/div>\n<\/div>\n<\/div>\n<p>[\/et_pb_text][\/et_pb_column][\/et_pb_row][\/et_pb_section][et_pb_section bb_built=\u00a0\u00bb1&Prime; specialty=\u00a0\u00bboff\u00a0\u00bb prev_background_color=\u00a0\u00bb#000000&Prime; _builder_version=\u00a0\u00bb3.19.11&Prime; custom_padding=\u00a0\u00bb0px||0px|\u00a0\u00bb inner_width=\u00a0\u00bbauto\u00a0\u00bb inner_max_width=\u00a0\u00bbnone\u00a0\u00bb][et_pb_row _builder_version=\u00a0\u00bb3.19.11&Prime; width=\u00a0\u00bb80%\u00a0\u00bb max_width=\u00a0\u00bb1080px\u00a0\u00bb][et_pb_column type=\u00a0\u00bb4_4&Prime;][et_pb_text admin_label=\u00a0\u00bbArticles similaires\u00a0\u00bb _builder_version=\u00a0\u00bb3.22.1&Prime;]<\/p>\n<h2><span class=\"st\">\u00c0<\/span> lire aussi<\/h2>\n<p>[\/et_pb_text][et_pb_blog _builder_version=\u00a0\u00bb3.22.1&Prime; posts_number=\u00a0\u00bb4&Prime; include_categories=\u00a0\u00bb1,39&Prime; show_author=\u00a0\u00bboff\u00a0\u00bb show_date=\u00a0\u00bboff\u00a0\u00bb show_pagination=\u00a0\u00bboff\u00a0\u00bb border_width_bottom_fullwidth=\u00a0\u00bb1px\u00a0\u00bb border_color_bottom_fullwidth=\u00a0\u00bbrgba(51,51,51,0.18)\u00a0\u00bb custom_padding=\u00a0\u00bb||50px|\u00a0\u00bb module_id=\u00a0\u00bbpage_type_blog\u00a0\u00bb header_level=\u00a0\u00bbh4&Prime; text_shadow_horizontal_length=\u00a0\u00bbtext_shadow_style,%91object Object%93&Prime; text_shadow_vertical_length=\u00a0\u00bbtext_shadow_style,%91object Object%93&Prime; text_shadow_blur_strength=\u00a0\u00bbtext_shadow_style,%91object Object%93&Prime; header_text_shadow_horizontal_length=\u00a0\u00bbheader_text_shadow_style,%91object Object%93&Prime; header_text_shadow_vertical_length=\u00a0\u00bbheader_text_shadow_style,%91object Object%93&Prime; header_text_shadow_blur_strength=\u00a0\u00bbheader_text_shadow_style,%91object Object%93&Prime; body_text_shadow_horizontal_length=\u00a0\u00bbbody_text_shadow_style,%91object Object%93&Prime; body_text_shadow_vertical_length=\u00a0\u00bbbody_text_shadow_style,%91object Object%93&Prime; body_text_shadow_blur_strength=\u00a0\u00bbbody_text_shadow_style,%91object Object%93&Prime; meta_text_shadow_horizontal_length=\u00a0\u00bbmeta_text_shadow_style,%91object Object%93&Prime; meta_text_shadow_vertical_length=\u00a0\u00bbmeta_text_shadow_style,%91object Object%93&Prime; meta_text_shadow_blur_strength=\u00a0\u00bbmeta_text_shadow_style,%91object Object%93&Prime; pagination_text_shadow_horizontal_length=\u00a0\u00bbpagination_text_shadow_style,%91object Object%93&Prime; pagination_text_shadow_vertical_length=\u00a0\u00bbpagination_text_shadow_style,%91object Object%93&Prime; pagination_text_shadow_blur_strength=\u00a0\u00bbpagination_text_shadow_style,%91object Object%93&Prime; z_index_tablet=\u00a0\u00bb500&Prime; \/][\/et_pb_column][\/et_pb_row][\/et_pb_section]<\/p>\n","protected":false},"excerpt":{"rendered":"<p>Etudes cin\u00e9matographiques \/ Itin\u00e9raire Pratique de r\u00e9alisationL&rsquo;itin\u00e9raire \u00ab Pratique de r\u00e9alisation \u00bb consiste en un atelier de r\u00e9alisation documentaire organis\u00e9 par les Ateliers Cin\u00e9ma. L\u2019Atelier se d\u00e9roule sur les deux semestres et s\u2019adresse en priorit\u00e9 aux \u00e9tudiants.es qui souhaitent mener une r\u00e9flexion sur la cr\u00e9ation cin\u00e9matographique en s\u2019impliquant dans la conception et la fabrication d&rsquo;un&hellip; <a class=\"continue\" href=\"https:\/\/wordpress-test.app.u-pariscite.fr\/lac\/atelier-master\/\">Lire la suite<span> Atelier Master<\/span><\/a><\/p>\n","protected":false},"author":33,"featured_media":0,"parent":0,"menu_order":0,"comment_status":"closed","ping_status":"closed","template":"","meta":{"_et_pb_use_builder":"on","_et_pb_old_content":"","_et_gb_content_width":"","footnotes":""},"class_list":["post-586","page","type-page","status-publish","hentry"],"_links":{"self":[{"href":"https:\/\/wordpress-test.app.u-pariscite.fr\/lac\/wp-json\/wp\/v2\/pages\/586","targetHints":{"allow":["GET"]}}],"collection":[{"href":"https:\/\/wordpress-test.app.u-pariscite.fr\/lac\/wp-json\/wp\/v2\/pages"}],"about":[{"href":"https:\/\/wordpress-test.app.u-pariscite.fr\/lac\/wp-json\/wp\/v2\/types\/page"}],"author":[{"embeddable":true,"href":"https:\/\/wordpress-test.app.u-pariscite.fr\/lac\/wp-json\/wp\/v2\/users\/33"}],"replies":[{"embeddable":true,"href":"https:\/\/wordpress-test.app.u-pariscite.fr\/lac\/wp-json\/wp\/v2\/comments?post=586"}],"version-history":[{"count":57,"href":"https:\/\/wordpress-test.app.u-pariscite.fr\/lac\/wp-json\/wp\/v2\/pages\/586\/revisions"}],"predecessor-version":[{"id":25577,"href":"https:\/\/wordpress-test.app.u-pariscite.fr\/lac\/wp-json\/wp\/v2\/pages\/586\/revisions\/25577"}],"wp:attachment":[{"href":"https:\/\/wordpress-test.app.u-pariscite.fr\/lac\/wp-json\/wp\/v2\/media?parent=586"}],"curies":[{"name":"wp","href":"https:\/\/api.w.org\/{rel}","templated":true}]}}